{"id":24347,"date":"2017-05-03T09:55:30","date_gmt":"2017-05-03T07:55:30","guid":{"rendered":"https:\/\/raspberrypi.dk\/?post_type=product&#038;p=24347\/"},"modified":"2026-04-01T09:57:17","modified_gmt":"2026-04-01T07:57:17","slug":"raspberry-pi-zero-w","status":"publish","type":"product","link":"https:\/\/raspberrypi.dk\/en\/product\/raspberry-pi-zero-w\/","title":{"rendered":"Raspberry Pi Zero W (Wireless)"},"content":{"rendered":"<p><span title=\"Raspberry Pi Zero W har samme specs som Pi Zero v1.3 med den store forskel, at den har WiFi og Bluetooth indbygget!\">Raspberry Pi Zero W has the same specs as Pi Zero v1.3 with the big difference that it has WiFi and Bluetooth built-in! <\/span><span title=\"Du f\u00e5r alts\u00e5 en genial lille, billig mini-computer, som kan v\u00e6re kernen i en lang r\u00e6kke elektronikprojekter.\">You&#8217;ll get a brilliant little, cheap mini-computer, which can be the core of a wide range of electronics projects. <\/span><span title=\"Med den tr\u00e5dl\u00f8se opkobling (WiFi og Bluetooth) samt god antenne i Raspberry Pi Zero W har du alle muligheder for en sp\u00e6ndende anvendelse, eksempelvis inden for IoT (Internet of Things). \">With wireless connection (WiFi and Bluetooth) and a good antenna in Raspberry Pi Zero W, you have all the possibilities for an exciting application, such as within IoT (Internet of Things).<\/span><\/p>\n<p><span title=\"Vi anbefaler kraftigt at tilk\u00f8be en af tilbeh\u00f8rspakkerne, som kan v\u00e6lges ovenfor, da de indeholder de n\u00f8dvendige adapters og stik til at komme i gang med Raspberry Pi Zero W. Indholdet af pakkerne er detaljeret nedenfor. \">We strongly recommend purchasing accessories that can be selected above as they contain the necessary adapters and connectors to get started with Raspberry Pi Zero.<\/span><\/p>\n<p><span title=\"Specs Raspberry Pi Zero W (Wireless) \u00a0\u00a0\u00a0\u00a0\"><strong>Specifications Raspberry Pi Zero W (Wireless)<\/strong><\/span><\/p>\n<ul>\n<li><span id=\"result_box\" class=\"\" lang=\"en\"><span title=\"1GHz, Single-core CPU \u00a0\u00a0\u00a0\u00a0\">1GHz, Single-core CPU<\/span><\/span><\/li>\n<li><span id=\"result_box\" class=\"\" lang=\"en\"><span title=\"512MB RAM \u00a0\u00a0\u00a0\u00a0\">512MB RAM<\/span><\/span><\/li>\n<li><span id=\"result_box\" class=\"\" lang=\"en\"><span title=\"Mini-HDMI port \u00a0\u00a0\u00a0\u00a0\">Mini HDMI port<\/span><\/span><\/li>\n<li><span id=\"result_box\" class=\"\" lang=\"en\"><span title=\"Micro-USB OTG port \u00a0\u00a0\u00a0\u00a0\">Micro USB OTG port<\/span><\/span><\/li>\n<li><span id=\"result_box\" class=\"\" lang=\"en\"><span title=\"Micro-USB power \u00a0\u00a0\u00a0\u00a0\">Micro USB power<\/span><\/span><\/li>\n<li><span id=\"result_box\" class=\"\" lang=\"en\"><span title=\"HAT-kompatibel 40-pin header \u00a0\u00a0\u00a0\u00a0\">HAT-compatible 40-pin header<\/span><\/span><\/li>\n<li><span id=\"result_box\" class=\"\" lang=\"en\"><span title=\"Composite video og reset headers \u00a0\u00a0\u00a0\u00a0\">Composite video and reset headers<\/span><\/span><\/li>\n<li><span id=\"result_box\" class=\"\" lang=\"en\"><span title=\"CSI Camera stik \u00a0\u00a0\u00a0\u00a0\">CSI Camera connector<\/span><\/span><\/li>\n<li><span id=\"result_box\" class=\"\" lang=\"en\"><span title=\"802.11 b\/g\/n wireless LAN \u00a0\u00a0\u00a0\u00a0\">802.11 b \/ g \/ n wireless LAN<\/span><\/span><\/li>\n<li><span id=\"result_box\" class=\"\" lang=\"en\"><span title=\"Bluetooth 4.1 \u00a0\u00a0\u00a0\u00a0\">Bluetooth 4.1<\/span><\/span><\/li>\n<li><span id=\"result_box\" class=\"\" lang=\"en\"><span title=\"Bluetooth Low Energy (BLE) \">Bluetooth Low Energy (BLE)<\/span><\/span><\/li>\n<\/ul>\n","protected":false},"excerpt":{"rendered":"<p><span id=\"result_box\" class=\"\" lang=\"da\"><span class=\"\">Select accessories below.<\/span><\/span><\/p>\n","protected":false},"featured_media":24348,"comment_status":"open","ping_status":"closed","template":"","meta":[],"product_brand":[],"product_cat":[454,455],"product_tag":[],"class_list":{"0":"post-24347","1":"product","2":"type-product","3":"status-publish","4":"has-post-thumbnail","6":"product_cat-raspberry-pi-boards","7":"product_cat-raspberry-pi-zero-and-accessories","9":"first","10":"instock","11":"featured","12":"taxable","13":"shipping-taxable","14":"purchasable","15":"product-type-composite"},"composite_virtual":false,"composite_layout":"single","composite_add_to_cart_form_location":"default","composite_editable_in_cart":false,"composite_sold_individually_context":"product","composite_shop_price_calc":"min_max","composite_components":[{"id":"1591888319","title":"Raspberry Pi Zero W","description":"","query_type":"product_ids","query_ids":[113855],"default_option_id":113855,"thumbnail_id":"","thumbnail_src":"","quantity_min":1,"quantity_max":1,"priced_individually":true,"shipped_individually":false,"optional":false,"discount":"","options_style":"dropdowns","pagination_style":"classic","display_prices":"absolute","show_sorting_options":false,"show_filtering_options":false,"attribute_filter_ids":[],"select_action":"view","product_title_visible":false,"product_descr_visible":false,"product_price_visible":false,"product_thumb_visible":true,"subtotal_visible_product":true,"subtotal_visible_cart":true,"subtotal_visible_orders":true},{"id":"1591888320","title":"Micro SD Card","description":"","query_type":"product_ids","query_ids":[232642,61218,232646,74873,196414,238618,60100,200392],"default_option_id":"","thumbnail_id":"","thumbnail_src":"","quantity_min":1,"quantity_max":1,"priced_individually":true,"shipped_individually":false,"optional":true,"discount":"","options_style":"dropdowns","pagination_style":"classic","display_prices":"absolute","show_sorting_options":false,"show_filtering_options":false,"attribute_filter_ids":[],"select_action":"view","product_title_visible":false,"product_descr_visible":false,"product_price_visible":false,"product_thumb_visible":true,"subtotal_visible_product":true,"subtotal_visible_cart":true,"subtotal_visible_orders":true},{"id":"1591888321","title":"Power Supply","description":"","query_type":"product_ids","query_ids":[142699,57037],"default_option_id":"","thumbnail_id":"","thumbnail_src":"","quantity_min":1,"quantity_max":1,"priced_individually":true,"shipped_individually":false,"optional":true,"discount":"","options_style":"dropdowns","pagination_style":"classic","display_prices":"absolute","show_sorting_options":false,"show_filtering_options":false,"attribute_filter_ids":[],"select_action":"view","product_title_visible":false,"product_descr_visible":false,"product_price_visible":false,"product_thumb_visible":true,"subtotal_visible_product":true,"subtotal_visible_cart":true,"subtotal_visible_orders":true},{"id":"1591888322","title":"Case","description":"","query_type":"product_ids","query_ids":[56872,24411,167670,113160,152836,152831,152850],"default_option_id":"","thumbnail_id":"","thumbnail_src":"","quantity_min":1,"quantity_max":1,"priced_individually":true,"shipped_individually":false,"optional":true,"discount":"","options_style":"dropdowns","pagination_style":"classic","display_prices":"absolute","show_sorting_options":false,"show_filtering_options":false,"attribute_filter_ids":[],"select_action":"view","product_title_visible":false,"product_descr_visible":false,"product_price_visible":false,"product_thumb_visible":true,"subtotal_visible_product":true,"subtotal_visible_cart":true,"subtotal_visible_orders":true},{"id":"1591888323","title":"Micro USB","description":"","query_type":"product_ids","query_ids":[80683,79353],"default_option_id":"","thumbnail_id":"","thumbnail_src":"","quantity_min":1,"quantity_max":1,"priced_individually":true,"shipped_individually":false,"optional":true,"discount":"","options_style":"dropdowns","pagination_style":"classic","display_prices":"absolute","show_sorting_options":false,"show_filtering_options":false,"attribute_filter_ids":[],"select_action":"view","product_title_visible":false,"product_descr_visible":false,"product_price_visible":false,"product_thumb_visible":true,"subtotal_visible_product":true,"subtotal_visible_cart":true,"subtotal_visible_orders":true},{"id":"1591888324","title":"Mini HDMI","description":"","query_type":"product_ids","query_ids":[60048,141744,31280],"default_option_id":"","thumbnail_id":"","thumbnail_src":"","quantity_min":1,"quantity_max":1,"priced_individually":true,"shipped_individually":false,"optional":true,"discount":"","options_style":"dropdowns","pagination_style":"classic","display_prices":"absolute","show_sorting_options":false,"show_filtering_options":false,"attribute_filter_ids":[],"select_action":"view","product_title_visible":false,"product_descr_visible":false,"product_price_visible":false,"product_thumb_visible":true,"subtotal_visible_product":true,"subtotal_visible_cart":true,"subtotal_visible_orders":true},{"id":"1591888326","title":"GPIO","description":"","query_type":"product_ids","query_ids":[24395],"default_option_id":"","thumbnail_id":"","thumbnail_src":"","quantity_min":1,"quantity_max":1,"priced_individually":true,"shipped_individually":false,"optional":true,"discount":"","options_style":"dropdowns","pagination_style":"classic","display_prices":"absolute","show_sorting_options":false,"show_filtering_options":false,"attribute_filter_ids":[],"select_action":"view","product_title_visible":false,"product_descr_visible":false,"product_price_visible":false,"product_thumb_visible":true,"subtotal_visible_product":true,"subtotal_visible_cart":true,"subtotal_visible_orders":true}],"composite_scenarios":[],"bundled_by":[],"bundle_stock_status":"instock","bundle_stock_quantity":null,"bundle_virtual":false,"bundle_layout":"","bundle_add_to_cart_form_location":"","bundle_editable_in_cart":false,"bundle_sold_individually_context":"","bundle_item_grouping":"","bundle_min_size":"","bundle_max_size":"","bundle_price":[],"bundled_items":[],"bundle_sell_ids":[],"yoast_head":"<!-- This site is optimized with the Yoast SEO plugin v27.1.1 - https:\/\/yoast.com\/product\/yoast-seo-wordpress\/ -->\n<title>Raspberry Pi Zero W (Wireless) \u2022 RaspberryPi.dk<\/title>\n<meta name=\"robots\" content=\"index, follow, max-snippet:-1, max-image-preview:large, max-video-preview:-1\" \/>\n<link rel=\"canonical\" href=\"https:\/\/raspberrypi.dk\/en\/product\/raspberry-pi-zero-w\/\" \/>\n<meta property=\"og:locale\" content=\"en_US\" \/>\n<meta property=\"og:type\" content=\"article\" \/>\n<meta property=\"og:title\" content=\"Raspberry Pi Zero W (Wireless) \u2022 RaspberryPi.dk\" \/>\n<meta property=\"og:description\" content=\"Select accessories below.\" \/>\n<meta property=\"og:url\" content=\"https:\/\/raspberrypi.dk\/en\/product\/raspberry-pi-zero-w\/\" \/>\n<meta property=\"og:site_name\" content=\"RaspberryPi.dk\" \/>\n<meta property=\"article:publisher\" content=\"https:\/\/facebook.com\/RaspberryPiDanmark\" \/>\n<meta property=\"article:modified_time\" content=\"2026-04-01T07:57:17+00:00\" \/>\n<meta property=\"og:image\" content=\"https:\/\/raspberrypi.dk\/wp-content\/uploads\/2017\/04\/raspberry-pi-zero-w-wireless.png\" \/>\n\t<meta property=\"og:image:width\" content=\"500\" \/>\n\t<meta property=\"og:image:height\" content=\"500\" \/>\n\t<meta property=\"og:image:type\" content=\"image\/png\" \/>\n<meta name=\"twitter:card\" content=\"summary_large_image\" \/>\n<meta name=\"twitter:site\" content=\"@raspberrypidk\" \/>\n<meta name=\"twitter:label1\" content=\"Est. reading time\" \/>\n\t<meta name=\"twitter:data1\" content=\"1 minute\" \/>\n<script type=\"application\/ld+json\" class=\"yoast-schema-graph\">{\"@context\":\"https:\/\/schema.org\",\"@graph\":[{\"@type\":\"WebPage\",\"@id\":\"https:\/\/raspberrypi.dk\/en\/product\/raspberry-pi-zero-w\/\",\"url\":\"https:\/\/raspberrypi.dk\/en\/product\/raspberry-pi-zero-w\/\",\"name\":\"Raspberry Pi Zero W (Wireless) \u2022 RaspberryPi.dk\",\"isPartOf\":{\"@id\":\"https:\/\/raspberrypi.dk\/en\/#website\"},\"primaryImageOfPage\":{\"@id\":\"https:\/\/raspberrypi.dk\/en\/product\/raspberry-pi-zero-w\/#primaryimage\"},\"image\":{\"@id\":\"https:\/\/raspberrypi.dk\/en\/product\/raspberry-pi-zero-w\/#primaryimage\"},\"thumbnailUrl\":\"https:\/\/raspberrypi.dk\/wp-content\/uploads\/2017\/04\/raspberry-pi-zero-w-wireless.png\",\"datePublished\":\"2017-05-03T07:55:30+00:00\",\"dateModified\":\"2026-04-01T07:57:17+00:00\",\"breadcrumb\":{\"@id\":\"https:\/\/raspberrypi.dk\/en\/product\/raspberry-pi-zero-w\/#breadcrumb\"},\"inLanguage\":\"en-US\",\"potentialAction\":[{\"@type\":\"ReadAction\",\"target\":[\"https:\/\/raspberrypi.dk\/en\/product\/raspberry-pi-zero-w\/\"]}]},{\"@type\":\"ImageObject\",\"inLanguage\":\"en-US\",\"@id\":\"https:\/\/raspberrypi.dk\/en\/product\/raspberry-pi-zero-w\/#primaryimage\",\"url\":\"https:\/\/raspberrypi.dk\/wp-content\/uploads\/2017\/04\/raspberry-pi-zero-w-wireless.png\",\"contentUrl\":\"https:\/\/raspberrypi.dk\/wp-content\/uploads\/2017\/04\/raspberry-pi-zero-w-wireless.png\",\"width\":500,\"height\":500,\"caption\":\"raspberry pi zero w (wireless)\"},{\"@type\":\"BreadcrumbList\",\"@id\":\"https:\/\/raspberrypi.dk\/en\/product\/raspberry-pi-zero-w\/#breadcrumb\",\"itemListElement\":[{\"@type\":\"ListItem\",\"position\":1,\"name\":\"Hjem\",\"item\":\"https:\/\/raspberrypi.dk\/en\/\"},{\"@type\":\"ListItem\",\"position\":2,\"name\":\"Shop\",\"item\":\"https:\/\/raspberrypi.dk\/en\/shop-2\/\"},{\"@type\":\"ListItem\",\"position\":3,\"name\":\"Raspberry Pi Zero W (Wireless)\"}]},{\"@type\":\"WebSite\",\"@id\":\"https:\/\/raspberrypi.dk\/en\/#website\",\"url\":\"https:\/\/raspberrypi.dk\/en\/\",\"name\":\"RaspberryPi.dk\",\"description\":\"Leading Raspberry Pi shop in the Nordic region!\",\"publisher\":{\"@id\":\"https:\/\/raspberrypi.dk\/en\/#organization\"},\"potentialAction\":[{\"@type\":\"SearchAction\",\"target\":{\"@type\":\"EntryPoint\",\"urlTemplate\":\"https:\/\/raspberrypi.dk\/en\/?s={search_term_string}\"},\"query-input\":{\"@type\":\"PropertyValueSpecification\",\"valueRequired\":true,\"valueName\":\"search_term_string\"}}],\"inLanguage\":\"en-US\"},{\"@type\":\"Organization\",\"@id\":\"https:\/\/raspberrypi.dk\/en\/#organization\",\"name\":\"RaspberryPi.dk\",\"url\":\"https:\/\/raspberrypi.dk\/en\/\",\"logo\":{\"@type\":\"ImageObject\",\"inLanguage\":\"en-US\",\"@id\":\"https:\/\/raspberrypi.dk\/en\/#\/schema\/logo\/image\/\",\"url\":\"https:\/\/raspberrypi.dk\/wp-content\/uploads\/2017\/05\/RaspberryPidk_logo-2.png\",\"contentUrl\":\"https:\/\/raspberrypi.dk\/wp-content\/uploads\/2017\/05\/RaspberryPidk_logo-2.png\",\"width\":470,\"height\":110,\"caption\":\"RaspberryPi.dk\"},\"image\":{\"@id\":\"https:\/\/raspberrypi.dk\/en\/#\/schema\/logo\/image\/\"},\"sameAs\":[\"https:\/\/facebook.com\/RaspberryPiDanmark\",\"https:\/\/x.com\/raspberrypidk\",\"https:\/\/instagram.com\/raspberrypi.dk\"]}]}<\/script>\n<!-- \/ Yoast SEO plugin. -->","yoast_head_json":{"title":"Raspberry Pi Zero W (Wireless) \u2022 RaspberryPi.dk","robots":{"index":"index","follow":"follow","max-snippet":"max-snippet:-1","max-image-preview":"max-image-preview:large","max-video-preview":"max-video-preview:-1"},"canonical":"https:\/\/raspberrypi.dk\/en\/product\/raspberry-pi-zero-w\/","og_locale":"en_US","og_type":"article","og_title":"Raspberry Pi Zero W (Wireless) \u2022 RaspberryPi.dk","og_description":"Select accessories below.","og_url":"https:\/\/raspberrypi.dk\/en\/product\/raspberry-pi-zero-w\/","og_site_name":"RaspberryPi.dk","article_publisher":"https:\/\/facebook.com\/RaspberryPiDanmark","article_modified_time":"2026-04-01T07:57:17+00:00","og_image":[{"width":500,"height":500,"url":"https:\/\/raspberrypi.dk\/wp-content\/uploads\/2017\/04\/raspberry-pi-zero-w-wireless.png","type":"image\/png"}],"twitter_card":"summary_large_image","twitter_site":"@raspberrypidk","twitter_misc":{"Est. reading time":"1 minute"},"schema":{"@context":"https:\/\/schema.org","@graph":[{"@type":"WebPage","@id":"https:\/\/raspberrypi.dk\/en\/product\/raspberry-pi-zero-w\/","url":"https:\/\/raspberrypi.dk\/en\/product\/raspberry-pi-zero-w\/","name":"Raspberry Pi Zero W (Wireless) \u2022 RaspberryPi.dk","isPartOf":{"@id":"https:\/\/raspberrypi.dk\/en\/#website"},"primaryImageOfPage":{"@id":"https:\/\/raspberrypi.dk\/en\/product\/raspberry-pi-zero-w\/#primaryimage"},"image":{"@id":"https:\/\/raspberrypi.dk\/en\/product\/raspberry-pi-zero-w\/#primaryimage"},"thumbnailUrl":"https:\/\/raspberrypi.dk\/wp-content\/uploads\/2017\/04\/raspberry-pi-zero-w-wireless.png","datePublished":"2017-05-03T07:55:30+00:00","dateModified":"2026-04-01T07:57:17+00:00","breadcrumb":{"@id":"https:\/\/raspberrypi.dk\/en\/product\/raspberry-pi-zero-w\/#breadcrumb"},"inLanguage":"en-US","potentialAction":[{"@type":"ReadAction","target":["https:\/\/raspberrypi.dk\/en\/product\/raspberry-pi-zero-w\/"]}]},{"@type":"ImageObject","inLanguage":"en-US","@id":"https:\/\/raspberrypi.dk\/en\/product\/raspberry-pi-zero-w\/#primaryimage","url":"https:\/\/raspberrypi.dk\/wp-content\/uploads\/2017\/04\/raspberry-pi-zero-w-wireless.png","contentUrl":"https:\/\/raspberrypi.dk\/wp-content\/uploads\/2017\/04\/raspberry-pi-zero-w-wireless.png","width":500,"height":500,"caption":"raspberry pi zero w (wireless)"},{"@type":"BreadcrumbList","@id":"https:\/\/raspberrypi.dk\/en\/product\/raspberry-pi-zero-w\/#breadcrumb","itemListElement":[{"@type":"ListItem","position":1,"name":"Hjem","item":"https:\/\/raspberrypi.dk\/en\/"},{"@type":"ListItem","position":2,"name":"Shop","item":"https:\/\/raspberrypi.dk\/en\/shop-2\/"},{"@type":"ListItem","position":3,"name":"Raspberry Pi Zero W (Wireless)"}]},{"@type":"WebSite","@id":"https:\/\/raspberrypi.dk\/en\/#website","url":"https:\/\/raspberrypi.dk\/en\/","name":"RaspberryPi.dk","description":"Leading Raspberry Pi shop in the Nordic region!","publisher":{"@id":"https:\/\/raspberrypi.dk\/en\/#organization"},"potentialAction":[{"@type":"SearchAction","target":{"@type":"EntryPoint","urlTemplate":"https:\/\/raspberrypi.dk\/en\/?s={search_term_string}"},"query-input":{"@type":"PropertyValueSpecification","valueRequired":true,"valueName":"search_term_string"}}],"inLanguage":"en-US"},{"@type":"Organization","@id":"https:\/\/raspberrypi.dk\/en\/#organization","name":"RaspberryPi.dk","url":"https:\/\/raspberrypi.dk\/en\/","logo":{"@type":"ImageObject","inLanguage":"en-US","@id":"https:\/\/raspberrypi.dk\/en\/#\/schema\/logo\/image\/","url":"https:\/\/raspberrypi.dk\/wp-content\/uploads\/2017\/05\/RaspberryPidk_logo-2.png","contentUrl":"https:\/\/raspberrypi.dk\/wp-content\/uploads\/2017\/05\/RaspberryPidk_logo-2.png","width":470,"height":110,"caption":"RaspberryPi.dk"},"image":{"@id":"https:\/\/raspberrypi.dk\/en\/#\/schema\/logo\/image\/"},"sameAs":["https:\/\/facebook.com\/RaspberryPiDanmark","https:\/\/x.com\/raspberrypidk","https:\/\/instagram.com\/raspberrypi.dk"]}]}},"_links":{"self":[{"href":"https:\/\/raspberrypi.dk\/en\/wp-json\/wp\/v2\/product\/24347","targetHints":{"allow":["GET"]}}],"collection":[{"href":"https:\/\/raspberrypi.dk\/en\/wp-json\/wp\/v2\/product"}],"about":[{"href":"https:\/\/raspberrypi.dk\/en\/wp-json\/wp\/v2\/types\/product"}],"replies":[{"embeddable":true,"href":"https:\/\/raspberrypi.dk\/en\/wp-json\/wp\/v2\/comments?post=24347"}],"wp:featuredmedia":[{"embeddable":true,"href":"https:\/\/raspberrypi.dk\/en\/wp-json\/wp\/v2\/media\/24348"}],"wp:attachment":[{"href":"https:\/\/raspberrypi.dk\/en\/wp-json\/wp\/v2\/media?parent=24347"}],"wp:term":[{"taxonomy":"product_brand","embeddable":true,"href":"https:\/\/raspberrypi.dk\/en\/wp-json\/wp\/v2\/product_brand?post=24347"},{"taxonomy":"product_cat","embeddable":true,"href":"https:\/\/raspberrypi.dk\/en\/wp-json\/wp\/v2\/product_cat?post=24347"},{"taxonomy":"product_tag","embeddable":true,"href":"https:\/\/raspberrypi.dk\/en\/wp-json\/wp\/v2\/product_tag?post=24347"}],"curies":[{"name":"wp","href":"https:\/\/api.w.org\/{rel}","templated":true}]}}