{"id":222574,"date":"2014-08-20T11:19:59","date_gmt":"2014-08-20T09:19:59","guid":{"rendered":"https:\/\/raspberrypi.dk\/b2b-myynti\/"},"modified":"2024-04-04T22:14:18","modified_gmt":"2024-04-04T20:14:18","slug":"b2b-myynti","status":"publish","type":"page","link":"https:\/\/raspberrypi.dk\/fi\/tietoa-meistae\/b2b-myynti\/","title":{"rendered":"B2B Myynti"},"content":{"rendered":"<p>Myymme my\u00f6s koko valikoimamme B2B-muodossa. Saat tilin ja voit maksaa luottokortilla tai laskulla. Ota meihin yhteytt\u00e4 alla olevan yhteydenottolomakkeen kautta ja kerro tarpeistasi, niin otamme sinuun yhteytt\u00e4 mahdollisimman pian! Olemme asiantuntijoita:<\/p>\n<ul>\n<li>Suunnittele sarjat tarpeisiisi<\/li>\n<li>Hanki Raspberry Pi -tuotteiden halvimmat hinnat<\/li>\n<li>P\u00e4ivit\u00e4 itsellesi viimeisimm\u00e4t toimitusajat<\/li>\n<li>Voit tilata ennakkoon tuotteita, joita ei ole varastossa<\/li>\n<\/ul>\n<p class=\"wpcf7-contact-form-not-found\"><strong>Virhe:<\/strong> Yhteydenottolomaketta ei l\u00f6ytynyt.<\/p>\n","protected":false},"excerpt":{"rendered":"<p>Myymme my\u00f6s koko valikoimamme B2B-muodossa. Saat tilin ja voit maksaa luottokortilla tai laskulla. Ota meihin yhteytt\u00e4 alla olevan yhteydenottolomakkeen kautta ja kerro tarpeistasi, niin otamme sinuun yhteytt\u00e4 mahdollisimman pian! Olemme asiantuntijoita: Suunnittele sarjat tarpeisiisi Hanki Raspberry Pi -tuotteiden halvimmat hinnat P\u00e4ivit\u00e4 itsellesi viimeisimm\u00e4t toimitusajat Voit tilata ennakkoon tuotteita, joita ei ole varastossa<\/p>\n","protected":false},"author":1,"featured_media":0,"parent":224864,"menu_order":0,"comment_status":"closed","ping_status":"closed","template":"","meta":{"footnotes":""},"class_list":["post-222574","page","type-page","status-publish","hentry"],"yoast_head":"<!-- This site is optimized with the Yoast SEO plugin v27.1.1 - https:\/\/yoast.com\/product\/yoast-seo-wordpress\/ -->\n<title>B2B Myynti \u2022 RaspberryPi.dk<\/title>\n<meta name=\"robots\" content=\"index, follow, max-snippet:-1, max-image-preview:large, max-video-preview:-1\" \/>\n<link rel=\"canonical\" href=\"https:\/\/raspberrypi.dk\/fi\/tietoa-meistae\/b2b-myynti\/\" \/>\n<meta property=\"og:locale\" content=\"fi_FI\" \/>\n<meta property=\"og:type\" content=\"article\" \/>\n<meta property=\"og:title\" content=\"B2B Myynti \u2022 RaspberryPi.dk\" \/>\n<meta property=\"og:description\" content=\"Myymme my\u00f6s koko valikoimamme B2B-muodossa. Saat tilin ja voit maksaa luottokortilla tai laskulla. Ota meihin yhteytt\u00e4 alla olevan yhteydenottolomakkeen kautta ja kerro tarpeistasi, niin otamme sinuun yhteytt\u00e4 mahdollisimman pian! Olemme asiantuntijoita: Suunnittele sarjat tarpeisiisi Hanki Raspberry Pi -tuotteiden halvimmat hinnat P\u00e4ivit\u00e4 itsellesi viimeisimm\u00e4t toimitusajat Voit tilata ennakkoon tuotteita, joita ei ole varastossa\" \/>\n<meta property=\"og:url\" content=\"https:\/\/raspberrypi.dk\/fi\/tietoa-meistae\/b2b-myynti\/\" \/>\n<meta property=\"og:site_name\" content=\"RaspberryPi.dk\" \/>\n<meta property=\"article:publisher\" content=\"https:\/\/facebook.com\/RaspberryPiDanmark\" \/>\n<meta property=\"article:modified_time\" content=\"2024-04-04T20:14:18+00:00\" \/>\n<meta property=\"og:image\" content=\"https:\/\/raspberrypi.dk\/wp-content\/uploads\/2017\/05\/RaspberryPidk-logo.png\" \/>\n\t<meta property=\"og:image:width\" content=\"300\" \/>\n\t<meta property=\"og:image:height\" content=\"300\" \/>\n\t<meta property=\"og:image:type\" content=\"image\/png\" \/>\n<meta name=\"twitter:card\" content=\"summary_large_image\" \/>\n<meta name=\"twitter:site\" content=\"@raspberrypidk\" \/>\n<script type=\"application\/ld+json\" class=\"yoast-schema-graph\">{\"@context\":\"https:\/\/schema.org\",\"@graph\":[{\"@type\":\"WebPage\",\"@id\":\"https:\/\/raspberrypi.dk\/fi\/tietoa-meistae\/b2b-myynti\/\",\"url\":\"https:\/\/raspberrypi.dk\/fi\/tietoa-meistae\/b2b-myynti\/\",\"name\":\"B2B Myynti \u2022 RaspberryPi.dk\",\"isPartOf\":{\"@id\":\"https:\/\/raspberrypi.dk\/fi\/#website\"},\"datePublished\":\"2014-08-20T09:19:59+00:00\",\"dateModified\":\"2024-04-04T20:14:18+00:00\",\"breadcrumb\":{\"@id\":\"https:\/\/raspberrypi.dk\/fi\/tietoa-meistae\/b2b-myynti\/#breadcrumb\"},\"inLanguage\":\"fi\",\"potentialAction\":[{\"@type\":\"ReadAction\",\"target\":[\"https:\/\/raspberrypi.dk\/fi\/tietoa-meistae\/b2b-myynti\/\"]}]},{\"@type\":\"BreadcrumbList\",\"@id\":\"https:\/\/raspberrypi.dk\/fi\/tietoa-meistae\/b2b-myynti\/#breadcrumb\",\"itemListElement\":[{\"@type\":\"ListItem\",\"position\":1,\"name\":\"Hjem\",\"item\":\"https:\/\/raspberrypi.dk\/fi\/raspberry-pi-verkkokauppa\/\"},{\"@type\":\"ListItem\",\"position\":2,\"name\":\"Tietoa Meist\u00e4\",\"item\":\"https:\/\/raspberrypi.dk\/fi\/tietoa-meistae\/\"},{\"@type\":\"ListItem\",\"position\":3,\"name\":\"B2B Myynti\"}]},{\"@type\":\"WebSite\",\"@id\":\"https:\/\/raspberrypi.dk\/fi\/#website\",\"url\":\"https:\/\/raspberrypi.dk\/fi\/\",\"name\":\"RaspberryPi.dk\",\"description\":\"Danmarks f\u00f8rende Raspberry Pi side!\",\"publisher\":{\"@id\":\"https:\/\/raspberrypi.dk\/fi\/#organization\"},\"potentialAction\":[{\"@type\":\"SearchAction\",\"target\":{\"@type\":\"EntryPoint\",\"urlTemplate\":\"https:\/\/raspberrypi.dk\/fi\/?s={search_term_string}\"},\"query-input\":{\"@type\":\"PropertyValueSpecification\",\"valueRequired\":true,\"valueName\":\"search_term_string\"}}],\"inLanguage\":\"fi\"},{\"@type\":\"Organization\",\"@id\":\"https:\/\/raspberrypi.dk\/fi\/#organization\",\"name\":\"RaspberryPi.dk\",\"url\":\"https:\/\/raspberrypi.dk\/fi\/\",\"logo\":{\"@type\":\"ImageObject\",\"inLanguage\":\"fi\",\"@id\":\"https:\/\/raspberrypi.dk\/fi\/#\/schema\/logo\/image\/\",\"url\":\"https:\/\/raspberrypi.dk\/wp-content\/uploads\/2017\/05\/RaspberryPidk_logo-2.png\",\"contentUrl\":\"https:\/\/raspberrypi.dk\/wp-content\/uploads\/2017\/05\/RaspberryPidk_logo-2.png\",\"width\":470,\"height\":110,\"caption\":\"RaspberryPi.dk\"},\"image\":{\"@id\":\"https:\/\/raspberrypi.dk\/fi\/#\/schema\/logo\/image\/\"},\"sameAs\":[\"https:\/\/facebook.com\/RaspberryPiDanmark\",\"https:\/\/x.com\/raspberrypidk\",\"https:\/\/instagram.com\/raspberrypi.dk\"]}]}<\/script>\n<!-- \/ Yoast SEO plugin. -->","yoast_head_json":{"title":"B2B Myynti \u2022 RaspberryPi.dk","robots":{"index":"index","follow":"follow","max-snippet":"max-snippet:-1","max-image-preview":"max-image-preview:large","max-video-preview":"max-video-preview:-1"},"canonical":"https:\/\/raspberrypi.dk\/fi\/tietoa-meistae\/b2b-myynti\/","og_locale":"fi_FI","og_type":"article","og_title":"B2B Myynti \u2022 RaspberryPi.dk","og_description":"Myymme my\u00f6s koko valikoimamme B2B-muodossa. Saat tilin ja voit maksaa luottokortilla tai laskulla. Ota meihin yhteytt\u00e4 alla olevan yhteydenottolomakkeen kautta ja kerro tarpeistasi, niin otamme sinuun yhteytt\u00e4 mahdollisimman pian! Olemme asiantuntijoita: Suunnittele sarjat tarpeisiisi Hanki Raspberry Pi -tuotteiden halvimmat hinnat P\u00e4ivit\u00e4 itsellesi viimeisimm\u00e4t toimitusajat Voit tilata ennakkoon tuotteita, joita ei ole varastossa","og_url":"https:\/\/raspberrypi.dk\/fi\/tietoa-meistae\/b2b-myynti\/","og_site_name":"RaspberryPi.dk","article_publisher":"https:\/\/facebook.com\/RaspberryPiDanmark","article_modified_time":"2024-04-04T20:14:18+00:00","og_image":[{"width":300,"height":300,"url":"https:\/\/raspberrypi.dk\/wp-content\/uploads\/2017\/05\/RaspberryPidk-logo.png","type":"image\/png"}],"twitter_card":"summary_large_image","twitter_site":"@raspberrypidk","schema":{"@context":"https:\/\/schema.org","@graph":[{"@type":"WebPage","@id":"https:\/\/raspberrypi.dk\/fi\/tietoa-meistae\/b2b-myynti\/","url":"https:\/\/raspberrypi.dk\/fi\/tietoa-meistae\/b2b-myynti\/","name":"B2B Myynti \u2022 RaspberryPi.dk","isPartOf":{"@id":"https:\/\/raspberrypi.dk\/fi\/#website"},"datePublished":"2014-08-20T09:19:59+00:00","dateModified":"2024-04-04T20:14:18+00:00","breadcrumb":{"@id":"https:\/\/raspberrypi.dk\/fi\/tietoa-meistae\/b2b-myynti\/#breadcrumb"},"inLanguage":"fi","potentialAction":[{"@type":"ReadAction","target":["https:\/\/raspberrypi.dk\/fi\/tietoa-meistae\/b2b-myynti\/"]}]},{"@type":"BreadcrumbList","@id":"https:\/\/raspberrypi.dk\/fi\/tietoa-meistae\/b2b-myynti\/#breadcrumb","itemListElement":[{"@type":"ListItem","position":1,"name":"Hjem","item":"https:\/\/raspberrypi.dk\/fi\/raspberry-pi-verkkokauppa\/"},{"@type":"ListItem","position":2,"name":"Tietoa Meist\u00e4","item":"https:\/\/raspberrypi.dk\/fi\/tietoa-meistae\/"},{"@type":"ListItem","position":3,"name":"B2B Myynti"}]},{"@type":"WebSite","@id":"https:\/\/raspberrypi.dk\/fi\/#website","url":"https:\/\/raspberrypi.dk\/fi\/","name":"RaspberryPi.dk","description":"Danmarks f\u00f8rende Raspberry Pi side!","publisher":{"@id":"https:\/\/raspberrypi.dk\/fi\/#organization"},"potentialAction":[{"@type":"SearchAction","target":{"@type":"EntryPoint","urlTemplate":"https:\/\/raspberrypi.dk\/fi\/?s={search_term_string}"},"query-input":{"@type":"PropertyValueSpecification","valueRequired":true,"valueName":"search_term_string"}}],"inLanguage":"fi"},{"@type":"Organization","@id":"https:\/\/raspberrypi.dk\/fi\/#organization","name":"RaspberryPi.dk","url":"https:\/\/raspberrypi.dk\/fi\/","logo":{"@type":"ImageObject","inLanguage":"fi","@id":"https:\/\/raspberrypi.dk\/fi\/#\/schema\/logo\/image\/","url":"https:\/\/raspberrypi.dk\/wp-content\/uploads\/2017\/05\/RaspberryPidk_logo-2.png","contentUrl":"https:\/\/raspberrypi.dk\/wp-content\/uploads\/2017\/05\/RaspberryPidk_logo-2.png","width":470,"height":110,"caption":"RaspberryPi.dk"},"image":{"@id":"https:\/\/raspberrypi.dk\/fi\/#\/schema\/logo\/image\/"},"sameAs":["https:\/\/facebook.com\/RaspberryPiDanmark","https:\/\/x.com\/raspberrypidk","https:\/\/instagram.com\/raspberrypi.dk"]}]}},"_links":{"self":[{"href":"https:\/\/raspberrypi.dk\/fi\/wp-json\/wp\/v2\/pages\/222574","targetHints":{"allow":["GET"]}}],"collection":[{"href":"https:\/\/raspberrypi.dk\/fi\/wp-json\/wp\/v2\/pages"}],"about":[{"href":"https:\/\/raspberrypi.dk\/fi\/wp-json\/wp\/v2\/types\/page"}],"author":[{"embeddable":true,"href":"https:\/\/raspberrypi.dk\/fi\/wp-json\/wp\/v2\/users\/1"}],"replies":[{"embeddable":true,"href":"https:\/\/raspberrypi.dk\/fi\/wp-json\/wp\/v2\/comments?post=222574"}],"version-history":[{"count":1,"href":"https:\/\/raspberrypi.dk\/fi\/wp-json\/wp\/v2\/pages\/222574\/revisions"}],"predecessor-version":[{"id":222577,"href":"https:\/\/raspberrypi.dk\/fi\/wp-json\/wp\/v2\/pages\/222574\/revisions\/222577"}],"up":[{"embeddable":true,"href":"https:\/\/raspberrypi.dk\/fi\/wp-json\/wp\/v2\/pages\/224864"}],"wp:attachment":[{"href":"https:\/\/raspberrypi.dk\/fi\/wp-json\/wp\/v2\/media?parent=222574"}],"curies":[{"name":"wp","href":"https:\/\/api.w.org\/{rel}","templated":true}]}}