{"id":224851,"date":"2012-10-17T22:01:52","date_gmt":"2012-10-17T20:01:52","guid":{"rendered":"https:\/\/raspberrypi.dk\/kaupankaeynnin-ehdot\/"},"modified":"2024-04-29T13:55:24","modified_gmt":"2024-04-29T11:55:24","slug":"kaupankaeynnin-ehdot","status":"publish","type":"page","link":"https:\/\/raspberrypi.dk\/fi\/kaupankaeynnin-ehdot\/","title":{"rendered":"Kaupank\u00e4ynnin ehdot"},"content":{"rendered":"<p><strong>Ehdot ja k\u00e4yt\u00e4nn\u00f6t<\/strong><\/p>\n<p>Seuraavat myynti- ja toimitusehdot koskevat kaikkia Jkollerup.dk ApS:n RaspberryPi.dk:n toimituksia. Ehtoja sovelletaan, jos ostajan ja RaspberryPi.dk:n v\u00e4lill\u00e4 ei ole muita kirjallisia sopimuksia. T\u00e4h\u00e4n Sopimukseen sovelletaan Tanskan lakeja ja sit\u00e4 tulkitaan niiden mukaisesti.<\/p>\n<p><strong>Dokumentaatio ja opastus<\/strong><\/p>\n<p>Jos tuotteelle on olemassa tuotekuvauksia ja k\u00e4ytt\u00f6ohjeita, ne toimitetaan RaspberryPi.dk:n toimituksen mukana. Jos haluat lis\u00e4tietoja tai neuvoja sivustoltamme, t\u00e4m\u00e4 on ohjeellinen lomake.<\/p>\n<p><strong>Toimitusaika ja kuljetus<\/strong><\/p>\n<p>RaspberryPi.dk:n tavaran toimituksen katsotaan tapahtuneen, kun asiakas on vastaanottanut tavaran. Kaikki tilaukset toimitetaan Posti kautta, ellei ostajan ja RaspberryPi.dk:n v\u00e4lill\u00e4 ole toisin sovittu. Tavarat l\u00e4hetet\u00e4\u00e4n 48 tunnin kuluessa tilauksen vastaanottamisesta, mutta viiv\u00e4styksi\u00e4 saattaa esiinty\u00e4. Ilmoitetut toimitusp\u00e4iv\u00e4t ovat suuntaa antavia, joten niit\u00e4 voidaan poiketa.<\/p>\n<p><strong>Tavaroiden riski<\/strong><\/p>\n<p>Myym\u00e4l\u00e4st\u00e4mme tilattujen tuotteiden riski siirtyy ostajalle 14 p\u00e4iv\u00e4n kuluttua vastaanottamisesta. Jos tuote on vaurioitunut tai huonontunut sen j\u00e4lkeen, kun ostaja on vastaanottanut sen, h\u00e4nell\u00e4 s\u00e4ilyy peruuttamisoikeus, mik\u00e4li vahinko tai huononeminen ei johdu h\u00e4nen puoleltaan huolimattomuudesta tai huolimattomuudesta. Muista s\u00e4ilytt\u00e4\u00e4 alkuper\u00e4inen pakkaus, sill\u00e4 tuotteesi tulee palauttaa alkuper\u00e4isess\u00e4 pakkauksessaan peruutusoikeutta k\u00e4ytt\u00e4ess\u00e4si. Sinun tulee itse vastata tuotteen palautuksesta aiheutuvista kustannuksista.<\/p>\n<p><strong>Valitus<\/strong><\/p>\n<p>RaspberryPi.dk:n toimittamissa tuotteissa\/tuotteissa esiintyviin virheisiin tai puutteisiin on vedottava 2 kuukauden kuluessa virheen havaitsemisesta. Velvollisuutenne on ilmoittaa ja pyynn\u00f6st\u00e4 n\u00e4ytt\u00e4\u00e4, miten virhe tai vika on. Jos l\u00f6yd\u00e4t virheen, ota yhteytt\u00e4 RaspberryPi.dk:hen. Periaatteessa voit valittaa vain virheist\u00e4, jotka ilmenev\u00e4t 2 vuoden sis\u00e4ll\u00e4 tuotteen vastaanottamisesta. Jos tuote palautetaan RaspberryPi.dk:lle, sinun on vastattava t\u00e4st\u00e4 aiheutuvista kustannuksista. Rajallisen kest\u00e4vyyden omaavien tuotteiden osalta valitustasi rajoittaa RaspberryPi.dk:n s\u00e4ilyvyys. Voit kuluttajana valita, tuleeko tuote korjata vai vaihtaa. Poikkeuksena t\u00e4h\u00e4n s\u00e4\u00e4nt\u00f6\u00f6n on, jos vaihto on mahdotonta tai aiheuttaa kohtuuttomia kustannuksia RaspberryPi.dk:lle.<\/p>\n<p><strong>Peruutus<\/strong><\/p>\n<p>Peruuttamisoikeus koskee VAIN yksityisi\u00e4 ostoksia, ei siis yrityst\u00e4. Ei peruuttamisoikeutta B2B-myynniss\u00e4. RaspberryPi.dk tarjoaa sinulle 14 p\u00e4iv\u00e4n peruutusajan, joka on voimassa tuotteen vastaanottamisesta. Jos kadut ostostasi, RaspberryPi.dk:lle on ilmoitettava asiasta 14 p\u00e4iv\u00e4n kuluessa tuotteen vastaanottamisesta. Sinun on palautettava tuote samassa kunnossa ja samassa m\u00e4\u00e4r\u00e4ss\u00e4 kuin se vastaanotettiin. T\u00e4m\u00e4 koskee my\u00f6s tuotteen pakkauksia ja tietolappuja. Mukaan lukien asianmukainen toimitus (Raspberry Pi -minitietokonetta ei l\u00e4hetet\u00e4 oikein kirjekuorissa tavallisena postil\u00e4hetyksen\u00e4!). Mik\u00e4li tuotetta ei palauteta olennaisesti samassa kunnossa ja m\u00e4\u00e4r\u00e4ss\u00e4 sek\u00e4 alkuper\u00e4ispakkauksessa, ostaja joutuu maksamaan tavaran arvonalentumisen. Sinun tulee itse vastata tuotteen palautuksesta aiheutuvista kustannuksista. Voit peruuttaa oston joko kielt\u00e4ytym\u00e4ll\u00e4 vastaanottamasta tuotetta, siirt\u00e4m\u00e4ll\u00e4 tuotteen postiin tai palauttamalla tuotteen ilmoitettuun osoitteeseen. Suosittelemme, ett\u00e4 l\u00e4het\u00e4t tuotteet meille l\u00e4hetystavalla, johon sis\u00e4ltyy seuranta\/vakuutus. Jos kadut koko ostostasi, maksamasi summa palautetaan kokonaisuudessaan.<\/p>\n<p><strong>Tietojen paljastaminen<\/strong><\/p>\n<p>Sopimukset (ostotilaukset) voidaan tehd\u00e4 tanskan tai englannin kielell\u00e4 ja niit\u00e4 s\u00e4ilytet\u00e4\u00e4n yrityksess\u00e4 5 vuotta kirjanpitolain mukaisesti. Sopimukseen ei ole mahdollista p\u00e4\u00e4st\u00e4 k\u00e4siksi my\u00f6hemmin verkkosivustomme kautta. Jos haluat saada uuden kopion sopimuksesta per. L\u00e4het\u00e4 s\u00e4hk\u00f6postia ja l\u00e4het\u00e4 sitten s\u00e4hk\u00f6posti osoitteeseen: info@raspberrypi.dk.<\/p>\n<p><strong>ALV ja tulli<\/strong><\/p>\n<p>Jos tilaat EU-maasta, Tanskan arvonlis\u00e4vero maksetaan, mutta tavaroiden vapaan liikkuvuuden s\u00e4\u00e4nn\u00f6kset eiv\u00e4t koske tullia. RaspberryPi.dk:st\u00e4 l\u00e4hetettyj\u00e4 tuotteita ei voida l\u00e4hett\u00e4\u00e4 lahjaksi EU:n ulkopuolisiin maihin paikallisten verojen ja maksujen v\u00e4ltt\u00e4miseksi. Jos tilaat EU:n ulkopuolelta, paikallisia veroja ja tullimaksuja ei v\u00e4ltt\u00e4m\u00e4tt\u00e4 veloiteta, mutta vastineeksi v\u00e4hennet\u00e4\u00e4n Tanskan ALV. Jos n\u00e4in on, rahtiyhti\u00f6 ottaa sinuun yhteytt\u00e4. Huomaathan, ett\u00e4 t\u00e4m\u00e4 voi viiv\u00e4stytt\u00e4\u00e4 toimitusta, koska tavarat s\u00e4ilytet\u00e4\u00e4n tullissa. Sinun vastuullasi on ottaa yhteytt\u00e4 rahtiyhti\u00f6\u00f6n ja maksaa aiheutuneet lis\u00e4kustannukset.<\/p>\n<p><strong>Hinta ja maksu<\/strong><\/p>\n<p>RaspberryPi.dk:ss\u00e4 voit maksaa luottokortilla, MobilePaylla tai pankkisiirrolla. Kaikki RaspberryPi.dk:n hinnat verkkosivulla https:\/\/raspberrypi.dk\/ on ilmoitettu ilman postikuluja \/ toimituskuluja. Kaikki hinnat on ilmoitettu joko euroina (EUR), Ruotsin kruunuina (SEK), Norjan kruunuina (NOK) tai Tanskan kruunuina (DKK).<\/p>\n","protected":false},"excerpt":{"rendered":"<p>Ehdot ja k\u00e4yt\u00e4nn\u00f6t Seuraavat myynti- ja toimitusehdot koskevat kaikkia Jkollerup.dk ApS:n RaspberryPi.dk:n toimituksia. Ehtoja sovelletaan, jos ostajan ja RaspberryPi.dk:n v\u00e4lill\u00e4 ei ole muita kirjallisia sopimuksia. T\u00e4h\u00e4n Sopimukseen sovelletaan Tanskan lakeja ja sit\u00e4 tulkitaan niiden mukaisesti. Dokumentaatio ja opastus Jos tuotteelle on olemassa tuotekuvauksia ja k\u00e4ytt\u00f6ohjeita, ne toimitetaan RaspberryPi.dk:n toimituksen mukana. Jos haluat lis\u00e4tietoja tai neuvoja [&hellip;]<\/p>\n","protected":false},"author":1,"featured_media":0,"parent":0,"menu_order":0,"comment_status":"closed","ping_status":"closed","template":"","meta":{"footnotes":""},"class_list":["post-224851","page","type-page","status-publish","hentry"],"yoast_head":"<!-- This site is optimized with the Yoast SEO plugin v27.1.1 - https:\/\/yoast.com\/product\/yoast-seo-wordpress\/ -->\n<title>Ehdot \u2022 RaspberryPi.dk<\/title>\n<meta name=\"description\" content=\"Kaupan ehdot verkkokauppa RaspberryPi.dk.\" \/>\n<meta name=\"robots\" content=\"index, follow, max-snippet:-1, max-image-preview:large, max-video-preview:-1\" \/>\n<link rel=\"canonical\" href=\"https:\/\/raspberrypi.dk\/fi\/kaupankaeynnin-ehdot\/\" \/>\n<meta property=\"og:locale\" content=\"fi_FI\" \/>\n<meta property=\"og:type\" content=\"article\" \/>\n<meta property=\"og:title\" content=\"Ehdot \u2022 RaspberryPi.dk\" \/>\n<meta property=\"og:description\" content=\"Kaupan ehdot verkkokauppa RaspberryPi.dk.\" \/>\n<meta property=\"og:url\" content=\"https:\/\/raspberrypi.dk\/fi\/kaupankaeynnin-ehdot\/\" \/>\n<meta property=\"og:site_name\" content=\"RaspberryPi.dk\" \/>\n<meta property=\"article:publisher\" content=\"https:\/\/facebook.com\/RaspberryPiDanmark\" \/>\n<meta property=\"article:modified_time\" content=\"2024-04-29T11:55:24+00:00\" \/>\n<meta property=\"og:image\" content=\"https:\/\/raspberrypi.dk\/wp-content\/uploads\/2017\/05\/RaspberryPidk-logo.png\" \/>\n\t<meta property=\"og:image:width\" content=\"300\" \/>\n\t<meta property=\"og:image:height\" content=\"300\" \/>\n\t<meta property=\"og:image:type\" content=\"image\/png\" \/>\n<meta name=\"twitter:card\" content=\"summary_large_image\" \/>\n<meta name=\"twitter:site\" content=\"@raspberrypidk\" \/>\n<meta name=\"twitter:label1\" content=\"Arvioitu lukuaika\" \/>\n\t<meta name=\"twitter:data1\" content=\"3 minuuttia\" \/>\n<script type=\"application\/ld+json\" class=\"yoast-schema-graph\">{\"@context\":\"https:\/\/schema.org\",\"@graph\":[{\"@type\":\"WebPage\",\"@id\":\"https:\/\/raspberrypi.dk\/fi\/kaupankaeynnin-ehdot\/\",\"url\":\"https:\/\/raspberrypi.dk\/fi\/kaupankaeynnin-ehdot\/\",\"name\":\"Ehdot \u2022 RaspberryPi.dk\",\"isPartOf\":{\"@id\":\"https:\/\/raspberrypi.dk\/fi\/#website\"},\"datePublished\":\"2012-10-17T20:01:52+00:00\",\"dateModified\":\"2024-04-29T11:55:24+00:00\",\"description\":\"Kaupan ehdot verkkokauppa RaspberryPi.dk.\",\"breadcrumb\":{\"@id\":\"https:\/\/raspberrypi.dk\/fi\/kaupankaeynnin-ehdot\/#breadcrumb\"},\"inLanguage\":\"fi\",\"potentialAction\":[{\"@type\":\"ReadAction\",\"target\":[\"https:\/\/raspberrypi.dk\/fi\/kaupankaeynnin-ehdot\/\"]}]},{\"@type\":\"BreadcrumbList\",\"@id\":\"https:\/\/raspberrypi.dk\/fi\/kaupankaeynnin-ehdot\/#breadcrumb\",\"itemListElement\":[{\"@type\":\"ListItem\",\"position\":1,\"name\":\"Hjem\",\"item\":\"https:\/\/raspberrypi.dk\/fi\/raspberry-pi-verkkokauppa\/\"},{\"@type\":\"ListItem\",\"position\":2,\"name\":\"Kaupank\u00e4ynnin ehdot\"}]},{\"@type\":\"WebSite\",\"@id\":\"https:\/\/raspberrypi.dk\/fi\/#website\",\"url\":\"https:\/\/raspberrypi.dk\/fi\/\",\"name\":\"RaspberryPi.dk\",\"description\":\"Danmarks f\u00f8rende Raspberry Pi side!\",\"publisher\":{\"@id\":\"https:\/\/raspberrypi.dk\/fi\/#organization\"},\"potentialAction\":[{\"@type\":\"SearchAction\",\"target\":{\"@type\":\"EntryPoint\",\"urlTemplate\":\"https:\/\/raspberrypi.dk\/fi\/?s={search_term_string}\"},\"query-input\":{\"@type\":\"PropertyValueSpecification\",\"valueRequired\":true,\"valueName\":\"search_term_string\"}}],\"inLanguage\":\"fi\"},{\"@type\":\"Organization\",\"@id\":\"https:\/\/raspberrypi.dk\/fi\/#organization\",\"name\":\"RaspberryPi.dk\",\"url\":\"https:\/\/raspberrypi.dk\/fi\/\",\"logo\":{\"@type\":\"ImageObject\",\"inLanguage\":\"fi\",\"@id\":\"https:\/\/raspberrypi.dk\/fi\/#\/schema\/logo\/image\/\",\"url\":\"https:\/\/raspberrypi.dk\/wp-content\/uploads\/2017\/05\/RaspberryPidk_logo-2.png\",\"contentUrl\":\"https:\/\/raspberrypi.dk\/wp-content\/uploads\/2017\/05\/RaspberryPidk_logo-2.png\",\"width\":470,\"height\":110,\"caption\":\"RaspberryPi.dk\"},\"image\":{\"@id\":\"https:\/\/raspberrypi.dk\/fi\/#\/schema\/logo\/image\/\"},\"sameAs\":[\"https:\/\/facebook.com\/RaspberryPiDanmark\",\"https:\/\/x.com\/raspberrypidk\",\"https:\/\/instagram.com\/raspberrypi.dk\"]}]}<\/script>\n<!-- \/ Yoast SEO plugin. -->","yoast_head_json":{"title":"Ehdot \u2022 RaspberryPi.dk","description":"Kaupan ehdot verkkokauppa RaspberryPi.dk.","robots":{"index":"index","follow":"follow","max-snippet":"max-snippet:-1","max-image-preview":"max-image-preview:large","max-video-preview":"max-video-preview:-1"},"canonical":"https:\/\/raspberrypi.dk\/fi\/kaupankaeynnin-ehdot\/","og_locale":"fi_FI","og_type":"article","og_title":"Ehdot \u2022 RaspberryPi.dk","og_description":"Kaupan ehdot verkkokauppa RaspberryPi.dk.","og_url":"https:\/\/raspberrypi.dk\/fi\/kaupankaeynnin-ehdot\/","og_site_name":"RaspberryPi.dk","article_publisher":"https:\/\/facebook.com\/RaspberryPiDanmark","article_modified_time":"2024-04-29T11:55:24+00:00","og_image":[{"width":300,"height":300,"url":"https:\/\/raspberrypi.dk\/wp-content\/uploads\/2017\/05\/RaspberryPidk-logo.png","type":"image\/png"}],"twitter_card":"summary_large_image","twitter_site":"@raspberrypidk","twitter_misc":{"Arvioitu lukuaika":"3 minuuttia"},"schema":{"@context":"https:\/\/schema.org","@graph":[{"@type":"WebPage","@id":"https:\/\/raspberrypi.dk\/fi\/kaupankaeynnin-ehdot\/","url":"https:\/\/raspberrypi.dk\/fi\/kaupankaeynnin-ehdot\/","name":"Ehdot \u2022 RaspberryPi.dk","isPartOf":{"@id":"https:\/\/raspberrypi.dk\/fi\/#website"},"datePublished":"2012-10-17T20:01:52+00:00","dateModified":"2024-04-29T11:55:24+00:00","description":"Kaupan ehdot verkkokauppa RaspberryPi.dk.","breadcrumb":{"@id":"https:\/\/raspberrypi.dk\/fi\/kaupankaeynnin-ehdot\/#breadcrumb"},"inLanguage":"fi","potentialAction":[{"@type":"ReadAction","target":["https:\/\/raspberrypi.dk\/fi\/kaupankaeynnin-ehdot\/"]}]},{"@type":"BreadcrumbList","@id":"https:\/\/raspberrypi.dk\/fi\/kaupankaeynnin-ehdot\/#breadcrumb","itemListElement":[{"@type":"ListItem","position":1,"name":"Hjem","item":"https:\/\/raspberrypi.dk\/fi\/raspberry-pi-verkkokauppa\/"},{"@type":"ListItem","position":2,"name":"Kaupank\u00e4ynnin ehdot"}]},{"@type":"WebSite","@id":"https:\/\/raspberrypi.dk\/fi\/#website","url":"https:\/\/raspberrypi.dk\/fi\/","name":"RaspberryPi.dk","description":"Danmarks f\u00f8rende Raspberry Pi side!","publisher":{"@id":"https:\/\/raspberrypi.dk\/fi\/#organization"},"potentialAction":[{"@type":"SearchAction","target":{"@type":"EntryPoint","urlTemplate":"https:\/\/raspberrypi.dk\/fi\/?s={search_term_string}"},"query-input":{"@type":"PropertyValueSpecification","valueRequired":true,"valueName":"search_term_string"}}],"inLanguage":"fi"},{"@type":"Organization","@id":"https:\/\/raspberrypi.dk\/fi\/#organization","name":"RaspberryPi.dk","url":"https:\/\/raspberrypi.dk\/fi\/","logo":{"@type":"ImageObject","inLanguage":"fi","@id":"https:\/\/raspberrypi.dk\/fi\/#\/schema\/logo\/image\/","url":"https:\/\/raspberrypi.dk\/wp-content\/uploads\/2017\/05\/RaspberryPidk_logo-2.png","contentUrl":"https:\/\/raspberrypi.dk\/wp-content\/uploads\/2017\/05\/RaspberryPidk_logo-2.png","width":470,"height":110,"caption":"RaspberryPi.dk"},"image":{"@id":"https:\/\/raspberrypi.dk\/fi\/#\/schema\/logo\/image\/"},"sameAs":["https:\/\/facebook.com\/RaspberryPiDanmark","https:\/\/x.com\/raspberrypidk","https:\/\/instagram.com\/raspberrypi.dk"]}]}},"_links":{"self":[{"href":"https:\/\/raspberrypi.dk\/fi\/wp-json\/wp\/v2\/pages\/224851","targetHints":{"allow":["GET"]}}],"collection":[{"href":"https:\/\/raspberrypi.dk\/fi\/wp-json\/wp\/v2\/pages"}],"about":[{"href":"https:\/\/raspberrypi.dk\/fi\/wp-json\/wp\/v2\/types\/page"}],"author":[{"embeddable":true,"href":"https:\/\/raspberrypi.dk\/fi\/wp-json\/wp\/v2\/users\/1"}],"replies":[{"embeddable":true,"href":"https:\/\/raspberrypi.dk\/fi\/wp-json\/wp\/v2\/comments?post=224851"}],"version-history":[{"count":1,"href":"https:\/\/raspberrypi.dk\/fi\/wp-json\/wp\/v2\/pages\/224851\/revisions"}],"predecessor-version":[{"id":226870,"href":"https:\/\/raspberrypi.dk\/fi\/wp-json\/wp\/v2\/pages\/224851\/revisions\/226870"}],"wp:attachment":[{"href":"https:\/\/raspberrypi.dk\/fi\/wp-json\/wp\/v2\/media?parent=224851"}],"curies":[{"name":"wp","href":"https:\/\/api.w.org\/{rel}","templated":true}]}}