{"id":224854,"date":"2017-10-06T20:10:08","date_gmt":"2017-10-06T18:10:08","guid":{"rendered":"https:\/\/raspberrypi.dk\/toimitus\/"},"modified":"2024-04-29T13:49:55","modified_gmt":"2024-04-29T11:49:55","slug":"toimitus","status":"publish","type":"page","link":"https:\/\/raspberrypi.dk\/fi\/toimitus\/","title":{"rendered":"Toimitus"},"content":{"rendered":"<p>Alta n\u00e4et odotetut toimitusajat l\u00e4hetyksest\u00e4. L\u00e4het\u00e4mme tilaukset samana viikonp\u00e4iv\u00e4n\u00e4, jos tilaus on tehty ennen klo 15. Pakkauksissamme on aina track and trace, johon l\u00e4hetet\u00e4\u00e4n linkki tilauksen l\u00e4hetyksen yhteydess\u00e4.<\/p>\n<p><strong>Finland:<\/strong><\/p>\n<p><strong>Posti \/ BudBee<\/strong><\/p>\n<table>\n<tbody>\n<tr>\n<td><strong>Palvelu<\/strong><\/td>\n<td><strong>Hinta<\/strong><\/td>\n<td><strong>Arvioitu toimitusaika<\/strong><\/td>\n<\/tr>\n<tr>\n<td>Toimitus noutopisteeseen<\/td>\n<td>7-11 EUR<\/td>\n<td>2-3 arkip\u00e4iv\u00e4\u00e4<\/td>\n<\/tr>\n<tr>\n<td>Kotiinkuljetus<\/td>\n<td>10-20 EUR<\/td>\n<td>2-3 arkip\u00e4iv\u00e4\u00e4<\/td>\n<\/tr>\n<\/tbody>\n<\/table>\n<p><strong>Denmark:<\/strong><\/p>\n<table>\n<tbody>\n<tr>\n<td><strong>Palvelu<\/strong><\/td>\n<td><strong>Hinta<\/strong><\/td>\n<td><strong>Arvioitu toimitusaika<\/strong><\/td>\n<\/tr>\n<tr>\n<td>Toimitus noutopisteeseen<\/td>\n<td>39 DKK<\/td>\n<td>1-2 arkip\u00e4iv\u00e4\u00e4<\/td>\n<\/tr>\n<tr>\n<td>Kotiinkuljetus<\/td>\n<td>59 DKK<\/td>\n<td>1-2 arkip\u00e4iv\u00e4\u00e4<\/td>\n<\/tr>\n<\/tbody>\n<\/table>\n<p><strong>Pohjoinen (Sweden, Norway):<\/strong><\/p>\n<table>\n<tbody>\n<tr>\n<td><strong>Palvelu<\/strong><\/td>\n<td><strong>Hinta<\/strong><\/td>\n<td><strong>Arvioitu toimitusaika<\/strong><\/td>\n<\/tr>\n<tr>\n<td>Paikalliset toimitusvaihtoehdot Homerunnerin kautta<\/td>\n<td>39-149 DKK<\/td>\n<td>2-3 arkip\u00e4iv\u00e4\u00e4<\/td>\n<\/tr>\n<\/tbody>\n<\/table>\n<p><strong>Muu Eurooppa:<\/strong><\/p>\n<table>\n<tbody>\n<tr>\n<td><strong>Palvelu<\/strong><\/td>\n<td><strong>Hinta<\/strong><\/td>\n<td><strong>Arvioitu toimitusaika<\/strong><\/td>\n<\/tr>\n<tr>\n<td>Paikalliset toimitusvaihtoehdot Homerunnerin kautta<\/td>\n<td>49-119 DKK<\/td>\n<td>2-5 arkip\u00e4iv\u00e4\u00e4<\/td>\n<\/tr>\n<\/tbody>\n<\/table>\n<p><strong>Ulkomailla:<\/strong><\/p>\n<table>\n<tbody>\n<tr>\n<td><strong>Palvelu<\/strong><\/td>\n<td><strong>Hinta<\/strong><\/td>\n<td><strong>Arvioitu toimitusaika<\/strong><\/td>\n<\/tr>\n<tr>\n<td>DHL Express<\/td>\n<td>199-499 DKK<\/td>\n<td>3-8 arkip\u00e4iv\u00e4\u00e4<\/td>\n<\/tr>\n<\/tbody>\n<\/table>\n<p>Huomaa, ett\u00e4 kaikki toimitusarviot ovat arvioita vastaavista tarjouksista.<br \/>\nKaikki toimitusarviot ovat l\u00e4hetyshetkest\u00e4, eiv\u00e4t myyntihetkest\u00e4.<\/p>\n<p><strong>Tulli ja ALV<\/strong><\/p>\n<p>Jos tilaat yksityisasiakkaana EU-maasta, maksetaan paikallinen arvonlis\u00e4vero, mutta ei tavaroiden vapaan liikkuvuuden s\u00e4\u00e4nt\u00f6jen mukaista tullia. RaspberryPi.dk:st\u00e4 l\u00e4hetettyj\u00e4 tuotteita ei voi l\u00e4hett\u00e4\u00e4 lahjaksi EU:n ulkopuolisiin maihin paikallisten tullien ja verojen v\u00e4ltt\u00e4miseksi. Jos tilaat EU:n ulkopuolelta, saatamme peri\u00e4 paikallisia veroja ja tulleja, joista emme ole vastuussa, mutta vastineeksi v\u00e4hennet\u00e4\u00e4n Tanskan ALV. Jos n\u00e4in on, kuljetusyhti\u00f6 ottaa sinuun yhteytt\u00e4. Huomioithan, ett\u00e4 t\u00e4m\u00e4 saattaa viiv\u00e4stytt\u00e4\u00e4 l\u00e4hetyst\u00e4 jonkin verran, koska tavarat j\u00e4\u00e4v\u00e4t tulliin. Sielt\u00e4 on sinun vastuullasi ottaa yhteytt\u00e4 kuljetusyhti\u00f6\u00f6n ja maksaa aiheutuneet lis\u00e4kustannukset.<\/p>\n","protected":false},"excerpt":{"rendered":"<p>Alta n\u00e4et odotetut toimitusajat l\u00e4hetyksest\u00e4. L\u00e4het\u00e4mme tilaukset samana viikonp\u00e4iv\u00e4n\u00e4, jos tilaus on tehty ennen klo 15. Pakkauksissamme on aina track and trace, johon l\u00e4hetet\u00e4\u00e4n linkki tilauksen l\u00e4hetyksen yhteydess\u00e4. Finland: Posti \/ BudBee Palvelu Hinta Arvioitu toimitusaika Toimitus noutopisteeseen 7-11 EUR 2-3 arkip\u00e4iv\u00e4\u00e4 Kotiinkuljetus 10-20 EUR 2-3 arkip\u00e4iv\u00e4\u00e4 Denmark: Palvelu Hinta Arvioitu toimitusaika Toimitus noutopisteeseen 39 [&hellip;]<\/p>\n","protected":false},"author":1,"featured_media":0,"parent":0,"menu_order":0,"comment_status":"closed","ping_status":"closed","template":"","meta":{"footnotes":""},"class_list":["post-224854","page","type-page","status-publish","hentry"],"yoast_head":"<!-- This site is optimized with the Yoast SEO plugin v27.1.1 - https:\/\/yoast.com\/product\/yoast-seo-wordpress\/ -->\n<title>Toimitus \u2022 RaspberryPi.dk<\/title>\n<meta name=\"robots\" content=\"index, follow, max-snippet:-1, max-image-preview:large, max-video-preview:-1\" \/>\n<link rel=\"canonical\" href=\"https:\/\/raspberrypi.dk\/fi\/toimitus\/\" \/>\n<meta property=\"og:locale\" content=\"fi_FI\" \/>\n<meta property=\"og:type\" content=\"article\" \/>\n<meta property=\"og:title\" content=\"Toimitus \u2022 RaspberryPi.dk\" \/>\n<meta property=\"og:description\" content=\"Alta n\u00e4et odotetut toimitusajat l\u00e4hetyksest\u00e4. L\u00e4het\u00e4mme tilaukset samana viikonp\u00e4iv\u00e4n\u00e4, jos tilaus on tehty ennen klo 15. Pakkauksissamme on aina track and trace, johon l\u00e4hetet\u00e4\u00e4n linkki tilauksen l\u00e4hetyksen yhteydess\u00e4. Finland: Posti \/ BudBee Palvelu Hinta Arvioitu toimitusaika Toimitus noutopisteeseen 7-11 EUR 2-3 arkip\u00e4iv\u00e4\u00e4 Kotiinkuljetus 10-20 EUR 2-3 arkip\u00e4iv\u00e4\u00e4 Denmark: Palvelu Hinta Arvioitu toimitusaika Toimitus noutopisteeseen 39 [&hellip;]\" \/>\n<meta property=\"og:url\" content=\"https:\/\/raspberrypi.dk\/fi\/toimitus\/\" \/>\n<meta property=\"og:site_name\" content=\"RaspberryPi.dk\" \/>\n<meta property=\"article:publisher\" content=\"https:\/\/facebook.com\/RaspberryPiDanmark\" \/>\n<meta property=\"article:modified_time\" content=\"2024-04-29T11:49:55+00:00\" \/>\n<meta property=\"og:image\" content=\"https:\/\/raspberrypi.dk\/wp-content\/uploads\/2017\/05\/RaspberryPidk-logo.png\" \/>\n\t<meta property=\"og:image:width\" content=\"300\" \/>\n\t<meta property=\"og:image:height\" content=\"300\" \/>\n\t<meta property=\"og:image:type\" content=\"image\/png\" \/>\n<meta name=\"twitter:card\" content=\"summary_large_image\" \/>\n<meta name=\"twitter:site\" content=\"@raspberrypidk\" \/>\n<meta name=\"twitter:label1\" content=\"Arvioitu lukuaika\" \/>\n\t<meta name=\"twitter:data1\" content=\"1 minuutti\" \/>\n<script type=\"application\/ld+json\" class=\"yoast-schema-graph\">{\"@context\":\"https:\/\/schema.org\",\"@graph\":[{\"@type\":\"WebPage\",\"@id\":\"https:\/\/raspberrypi.dk\/fi\/toimitus\/\",\"url\":\"https:\/\/raspberrypi.dk\/fi\/toimitus\/\",\"name\":\"Toimitus \u2022 RaspberryPi.dk\",\"isPartOf\":{\"@id\":\"https:\/\/raspberrypi.dk\/fi\/#website\"},\"datePublished\":\"2017-10-06T18:10:08+00:00\",\"dateModified\":\"2024-04-29T11:49:55+00:00\",\"breadcrumb\":{\"@id\":\"https:\/\/raspberrypi.dk\/fi\/toimitus\/#breadcrumb\"},\"inLanguage\":\"fi\",\"potentialAction\":[{\"@type\":\"ReadAction\",\"target\":[\"https:\/\/raspberrypi.dk\/fi\/toimitus\/\"]}]},{\"@type\":\"BreadcrumbList\",\"@id\":\"https:\/\/raspberrypi.dk\/fi\/toimitus\/#breadcrumb\",\"itemListElement\":[{\"@type\":\"ListItem\",\"position\":1,\"name\":\"Hjem\",\"item\":\"https:\/\/raspberrypi.dk\/fi\/raspberry-pi-verkkokauppa\/\"},{\"@type\":\"ListItem\",\"position\":2,\"name\":\"Toimitus\"}]},{\"@type\":\"WebSite\",\"@id\":\"https:\/\/raspberrypi.dk\/fi\/#website\",\"url\":\"https:\/\/raspberrypi.dk\/fi\/\",\"name\":\"RaspberryPi.dk\",\"description\":\"Danmarks f\u00f8rende Raspberry Pi side!\",\"publisher\":{\"@id\":\"https:\/\/raspberrypi.dk\/fi\/#organization\"},\"potentialAction\":[{\"@type\":\"SearchAction\",\"target\":{\"@type\":\"EntryPoint\",\"urlTemplate\":\"https:\/\/raspberrypi.dk\/fi\/?s={search_term_string}\"},\"query-input\":{\"@type\":\"PropertyValueSpecification\",\"valueRequired\":true,\"valueName\":\"search_term_string\"}}],\"inLanguage\":\"fi\"},{\"@type\":\"Organization\",\"@id\":\"https:\/\/raspberrypi.dk\/fi\/#organization\",\"name\":\"RaspberryPi.dk\",\"url\":\"https:\/\/raspberrypi.dk\/fi\/\",\"logo\":{\"@type\":\"ImageObject\",\"inLanguage\":\"fi\",\"@id\":\"https:\/\/raspberrypi.dk\/fi\/#\/schema\/logo\/image\/\",\"url\":\"https:\/\/raspberrypi.dk\/wp-content\/uploads\/2017\/05\/RaspberryPidk_logo-2.png\",\"contentUrl\":\"https:\/\/raspberrypi.dk\/wp-content\/uploads\/2017\/05\/RaspberryPidk_logo-2.png\",\"width\":470,\"height\":110,\"caption\":\"RaspberryPi.dk\"},\"image\":{\"@id\":\"https:\/\/raspberrypi.dk\/fi\/#\/schema\/logo\/image\/\"},\"sameAs\":[\"https:\/\/facebook.com\/RaspberryPiDanmark\",\"https:\/\/x.com\/raspberrypidk\",\"https:\/\/instagram.com\/raspberrypi.dk\"]}]}<\/script>\n<!-- \/ Yoast SEO plugin. -->","yoast_head_json":{"title":"Toimitus \u2022 RaspberryPi.dk","robots":{"index":"index","follow":"follow","max-snippet":"max-snippet:-1","max-image-preview":"max-image-preview:large","max-video-preview":"max-video-preview:-1"},"canonical":"https:\/\/raspberrypi.dk\/fi\/toimitus\/","og_locale":"fi_FI","og_type":"article","og_title":"Toimitus \u2022 RaspberryPi.dk","og_description":"Alta n\u00e4et odotetut toimitusajat l\u00e4hetyksest\u00e4. L\u00e4het\u00e4mme tilaukset samana viikonp\u00e4iv\u00e4n\u00e4, jos tilaus on tehty ennen klo 15. Pakkauksissamme on aina track and trace, johon l\u00e4hetet\u00e4\u00e4n linkki tilauksen l\u00e4hetyksen yhteydess\u00e4. Finland: Posti \/ BudBee Palvelu Hinta Arvioitu toimitusaika Toimitus noutopisteeseen 7-11 EUR 2-3 arkip\u00e4iv\u00e4\u00e4 Kotiinkuljetus 10-20 EUR 2-3 arkip\u00e4iv\u00e4\u00e4 Denmark: Palvelu Hinta Arvioitu toimitusaika Toimitus noutopisteeseen 39 [&hellip;]","og_url":"https:\/\/raspberrypi.dk\/fi\/toimitus\/","og_site_name":"RaspberryPi.dk","article_publisher":"https:\/\/facebook.com\/RaspberryPiDanmark","article_modified_time":"2024-04-29T11:49:55+00:00","og_image":[{"width":300,"height":300,"url":"https:\/\/raspberrypi.dk\/wp-content\/uploads\/2017\/05\/RaspberryPidk-logo.png","type":"image\/png"}],"twitter_card":"summary_large_image","twitter_site":"@raspberrypidk","twitter_misc":{"Arvioitu lukuaika":"1 minuutti"},"schema":{"@context":"https:\/\/schema.org","@graph":[{"@type":"WebPage","@id":"https:\/\/raspberrypi.dk\/fi\/toimitus\/","url":"https:\/\/raspberrypi.dk\/fi\/toimitus\/","name":"Toimitus \u2022 RaspberryPi.dk","isPartOf":{"@id":"https:\/\/raspberrypi.dk\/fi\/#website"},"datePublished":"2017-10-06T18:10:08+00:00","dateModified":"2024-04-29T11:49:55+00:00","breadcrumb":{"@id":"https:\/\/raspberrypi.dk\/fi\/toimitus\/#breadcrumb"},"inLanguage":"fi","potentialAction":[{"@type":"ReadAction","target":["https:\/\/raspberrypi.dk\/fi\/toimitus\/"]}]},{"@type":"BreadcrumbList","@id":"https:\/\/raspberrypi.dk\/fi\/toimitus\/#breadcrumb","itemListElement":[{"@type":"ListItem","position":1,"name":"Hjem","item":"https:\/\/raspberrypi.dk\/fi\/raspberry-pi-verkkokauppa\/"},{"@type":"ListItem","position":2,"name":"Toimitus"}]},{"@type":"WebSite","@id":"https:\/\/raspberrypi.dk\/fi\/#website","url":"https:\/\/raspberrypi.dk\/fi\/","name":"RaspberryPi.dk","description":"Danmarks f\u00f8rende Raspberry Pi side!","publisher":{"@id":"https:\/\/raspberrypi.dk\/fi\/#organization"},"potentialAction":[{"@type":"SearchAction","target":{"@type":"EntryPoint","urlTemplate":"https:\/\/raspberrypi.dk\/fi\/?s={search_term_string}"},"query-input":{"@type":"PropertyValueSpecification","valueRequired":true,"valueName":"search_term_string"}}],"inLanguage":"fi"},{"@type":"Organization","@id":"https:\/\/raspberrypi.dk\/fi\/#organization","name":"RaspberryPi.dk","url":"https:\/\/raspberrypi.dk\/fi\/","logo":{"@type":"ImageObject","inLanguage":"fi","@id":"https:\/\/raspberrypi.dk\/fi\/#\/schema\/logo\/image\/","url":"https:\/\/raspberrypi.dk\/wp-content\/uploads\/2017\/05\/RaspberryPidk_logo-2.png","contentUrl":"https:\/\/raspberrypi.dk\/wp-content\/uploads\/2017\/05\/RaspberryPidk_logo-2.png","width":470,"height":110,"caption":"RaspberryPi.dk"},"image":{"@id":"https:\/\/raspberrypi.dk\/fi\/#\/schema\/logo\/image\/"},"sameAs":["https:\/\/facebook.com\/RaspberryPiDanmark","https:\/\/x.com\/raspberrypidk","https:\/\/instagram.com\/raspberrypi.dk"]}]}},"_links":{"self":[{"href":"https:\/\/raspberrypi.dk\/fi\/wp-json\/wp\/v2\/pages\/224854","targetHints":{"allow":["GET"]}}],"collection":[{"href":"https:\/\/raspberrypi.dk\/fi\/wp-json\/wp\/v2\/pages"}],"about":[{"href":"https:\/\/raspberrypi.dk\/fi\/wp-json\/wp\/v2\/types\/page"}],"author":[{"embeddable":true,"href":"https:\/\/raspberrypi.dk\/fi\/wp-json\/wp\/v2\/users\/1"}],"replies":[{"embeddable":true,"href":"https:\/\/raspberrypi.dk\/fi\/wp-json\/wp\/v2\/comments?post=224854"}],"version-history":[{"count":1,"href":"https:\/\/raspberrypi.dk\/fi\/wp-json\/wp\/v2\/pages\/224854\/revisions"}],"predecessor-version":[{"id":226869,"href":"https:\/\/raspberrypi.dk\/fi\/wp-json\/wp\/v2\/pages\/224854\/revisions\/226869"}],"wp:attachment":[{"href":"https:\/\/raspberrypi.dk\/fi\/wp-json\/wp\/v2\/media?parent=224854"}],"curies":[{"name":"wp","href":"https:\/\/api.w.org\/{rel}","templated":true}]}}