{"id":224855,"date":"2017-05-14T21:08:34","date_gmt":"2017-05-14T19:08:34","guid":{"rendered":"https:\/\/raspberrypi.dk\/raspberry-pi-kehitys-raeaetaeloeinti-suunnittelupalvelut\/"},"modified":"2017-05-14T21:08:34","modified_gmt":"2017-05-14T19:08:34","slug":"raspberry-pi-kehitys-raeaetaeloeinti-suunnittelupalvelut","status":"publish","type":"page","link":"https:\/\/raspberrypi.dk\/fi\/raspberry-pi-kehitys-raeaetaeloeinti-suunnittelupalvelut\/","title":{"rendered":"Raspberry Pi-kehitys (r\u00e4\u00e4t\u00e4l\u00f6inti\/suunnittelupalvelut)"},"content":{"rendered":"<p>Meill\u00e4 on pieni ryhm\u00e4 Raspberry Pi -kehitt\u00e4ji\u00e4, joten voimme toteuttaa Raspberry Pi -projekteja konsultoimalla. Valmistamme Raspberry Pi:lle sek\u00e4 laitteistoja ett\u00e4 ohjelmistoja, eli kaikkea erityisist\u00e4 HATeista Raspberry Pi -sovellusten ohjelmointiin.<\/p>\n<p><strong>Ota yhteytt\u00e4 sivun alalaidasta, jos sinulla on projekti, jossa voimme auttaa. Palaamme takaisin mahdollisimman pian.<\/strong><\/p>\n<p>Alla on valikoima projekteista, joita olemme tehneet tai voimme tehd\u00e4 asiakkaillemme.<\/p>\n<ul>\n<li>IoT-yhdysk\u00e4yt\u00e4v\u00e4<\/li>\n<li>CM4 kantolevyt<\/li>\n<li>Infon\u00e4ytt\u00f6, mahdollisesti kosketusn\u00e4yt\u00f6ll\u00e4 ohjausta varten<\/li>\n<li>Laajennuskorttien (HAT) kehitt\u00e4minen sovelluksellesi<\/li>\n<li>Yhdist\u00e4 tulostimeen ja m\u00e4\u00e4rit\u00e4 tilauslomakkeiden automaattinen tulostus<\/li>\n<li>Integrointi muihin j\u00e4rjestelmiin<\/li>\n<li>Hallituksen teht\u00e4v\u00e4t<\/li>\n<\/ul>\n<p>Raspberry Pi on todella hyv\u00e4 avoimen l\u00e4hdekoodin alusta, joka tarjoaa huikeita mahdollisuuksia mm. IoT:ss\u00e4. Raspberry Pi -kehitt\u00e4j\u00e4tiimimme avulla voimme luoda mahtavia Raspberry Pi -pohjaisia \u200b\u200blaitteisto- ja ohjelmistoratkaisuja.<\/p>\n<p>Suunnittelupalvelumme tarjoavat erinomaiset mahdollisuudet kehitt\u00e4\u00e4 ja integroida r\u00e4\u00e4t\u00e4l\u00f6ity\u00e4 elektroniikkaa juuri sinun k\u00e4ytt\u00f6\u00f6si. Voimme tarjota kaiken tuen, jota tarvitset onnistuneeseen Raspberry Pi -projektiin oman sis\u00e4isen sovelluskehityksen mukautetusta konfiguroinnista t\u00e4ydellisiin, t\u00e4ysin toimiviin ratkaisuihin.<\/p>\n<p>Ota yhteytt\u00e4 projektisi yhteydess\u00e4 olevalla yhteydenottolomakkeella, niin otamme sinuun yhteytt\u00e4 mahdollisimman pian!<\/p>\n<p class=\"wpcf7-contact-form-not-found\"><strong>Virhe:<\/strong> Yhteydenottolomaketta ei l\u00f6ytynyt.<\/p>\n","protected":false},"excerpt":{"rendered":"<p>Meill\u00e4 on pieni ryhm\u00e4 Raspberry Pi -kehitt\u00e4ji\u00e4, joten voimme toteuttaa Raspberry Pi -projekteja konsultoimalla. Valmistamme Raspberry Pi:lle sek\u00e4 laitteistoja ett\u00e4 ohjelmistoja, eli kaikkea erityisist\u00e4 HATeista Raspberry Pi -sovellusten ohjelmointiin. Ota yhteytt\u00e4 sivun alalaidasta, jos sinulla on projekti, jossa voimme auttaa. Palaamme takaisin mahdollisimman pian. Alla on valikoima projekteista, joita olemme tehneet tai voimme tehd\u00e4 asiakkaillemme. [&hellip;]<\/p>\n","protected":false},"author":1,"featured_media":0,"parent":0,"menu_order":0,"comment_status":"closed","ping_status":"closed","template":"","meta":{"footnotes":""},"class_list":["post-224855","page","type-page","status-publish","hentry"],"yoast_head":"<!-- This site is optimized with the Yoast SEO plugin v27.1.1 - https:\/\/yoast.com\/product\/yoast-seo-wordpress\/ -->\n<title>Raspberry Pi -kehitys Customisation\/Design Services RaspberryPi.dk<\/title>\n<meta name=\"description\" content=\"RaspberryPi.dk:ss\u00e4 teemme Raspberry Pi -kehityst\u00e4 konsultoimalla. Meill\u00e4 on laaja kokemus Raspberry Pi -r\u00e4\u00e4t\u00e4l\u00f6imisest\u00e4 ja pienest\u00e4 suunnittelupalvelutiimist\u00e4.\" \/>\n<meta name=\"robots\" content=\"index, follow, max-snippet:-1, max-image-preview:large, max-video-preview:-1\" \/>\n<link rel=\"canonical\" href=\"https:\/\/raspberrypi.dk\/fi\/raspberry-pi-kehitys-raeaetaeloeinti-suunnittelupalvelut\/\" \/>\n<meta property=\"og:locale\" content=\"fi_FI\" \/>\n<meta property=\"og:type\" content=\"article\" \/>\n<meta property=\"og:title\" content=\"Raspberry Pi -kehitys Customisation\/Design Services RaspberryPi.dk\" \/>\n<meta property=\"og:description\" content=\"RaspberryPi.dk:ss\u00e4 teemme Raspberry Pi -kehityst\u00e4 konsultoimalla. Meill\u00e4 on laaja kokemus Raspberry Pi -r\u00e4\u00e4t\u00e4l\u00f6imisest\u00e4 ja pienest\u00e4 suunnittelupalvelutiimist\u00e4.\" \/>\n<meta property=\"og:url\" content=\"https:\/\/raspberrypi.dk\/fi\/raspberry-pi-kehitys-raeaetaeloeinti-suunnittelupalvelut\/\" \/>\n<meta property=\"og:site_name\" content=\"RaspberryPi.dk\" \/>\n<meta property=\"article:publisher\" content=\"https:\/\/facebook.com\/RaspberryPiDanmark\" \/>\n<meta property=\"og:image\" content=\"https:\/\/raspberrypi.dk\/wp-content\/uploads\/2017\/05\/RaspberryPidk-logo.png\" \/>\n\t<meta property=\"og:image:width\" content=\"300\" \/>\n\t<meta property=\"og:image:height\" content=\"300\" \/>\n\t<meta property=\"og:image:type\" content=\"image\/png\" \/>\n<meta name=\"twitter:card\" content=\"summary_large_image\" \/>\n<meta name=\"twitter:site\" content=\"@raspberrypidk\" \/>\n<meta name=\"twitter:label1\" content=\"Arvioitu lukuaika\" \/>\n\t<meta name=\"twitter:data1\" content=\"1 minuutti\" \/>\n<script type=\"application\/ld+json\" class=\"yoast-schema-graph\">{\"@context\":\"https:\/\/schema.org\",\"@graph\":[{\"@type\":\"WebPage\",\"@id\":\"https:\/\/raspberrypi.dk\/fi\/raspberry-pi-kehitys-raeaetaeloeinti-suunnittelupalvelut\/\",\"url\":\"https:\/\/raspberrypi.dk\/fi\/raspberry-pi-kehitys-raeaetaeloeinti-suunnittelupalvelut\/\",\"name\":\"Raspberry Pi -kehitys Customisation\/Design Services RaspberryPi.dk\",\"isPartOf\":{\"@id\":\"https:\/\/raspberrypi.dk\/fi\/#website\"},\"datePublished\":\"2017-05-14T19:08:34+00:00\",\"description\":\"RaspberryPi.dk:ss\u00e4 teemme Raspberry Pi -kehityst\u00e4 konsultoimalla. Meill\u00e4 on laaja kokemus Raspberry Pi -r\u00e4\u00e4t\u00e4l\u00f6imisest\u00e4 ja pienest\u00e4 suunnittelupalvelutiimist\u00e4.\",\"breadcrumb\":{\"@id\":\"https:\/\/raspberrypi.dk\/fi\/raspberry-pi-kehitys-raeaetaeloeinti-suunnittelupalvelut\/#breadcrumb\"},\"inLanguage\":\"fi\",\"potentialAction\":[{\"@type\":\"ReadAction\",\"target\":[\"https:\/\/raspberrypi.dk\/fi\/raspberry-pi-kehitys-raeaetaeloeinti-suunnittelupalvelut\/\"]}]},{\"@type\":\"BreadcrumbList\",\"@id\":\"https:\/\/raspberrypi.dk\/fi\/raspberry-pi-kehitys-raeaetaeloeinti-suunnittelupalvelut\/#breadcrumb\",\"itemListElement\":[{\"@type\":\"ListItem\",\"position\":1,\"name\":\"Hjem\",\"item\":\"https:\/\/raspberrypi.dk\/fi\/raspberry-pi-verkkokauppa\/\"},{\"@type\":\"ListItem\",\"position\":2,\"name\":\"Raspberry Pi-kehitys (r\u00e4\u00e4t\u00e4l\u00f6inti\/suunnittelupalvelut)\"}]},{\"@type\":\"WebSite\",\"@id\":\"https:\/\/raspberrypi.dk\/fi\/#website\",\"url\":\"https:\/\/raspberrypi.dk\/fi\/\",\"name\":\"RaspberryPi.dk\",\"description\":\"Danmarks f\u00f8rende Raspberry Pi side!\",\"publisher\":{\"@id\":\"https:\/\/raspberrypi.dk\/fi\/#organization\"},\"potentialAction\":[{\"@type\":\"SearchAction\",\"target\":{\"@type\":\"EntryPoint\",\"urlTemplate\":\"https:\/\/raspberrypi.dk\/fi\/?s={search_term_string}\"},\"query-input\":{\"@type\":\"PropertyValueSpecification\",\"valueRequired\":true,\"valueName\":\"search_term_string\"}}],\"inLanguage\":\"fi\"},{\"@type\":\"Organization\",\"@id\":\"https:\/\/raspberrypi.dk\/fi\/#organization\",\"name\":\"RaspberryPi.dk\",\"url\":\"https:\/\/raspberrypi.dk\/fi\/\",\"logo\":{\"@type\":\"ImageObject\",\"inLanguage\":\"fi\",\"@id\":\"https:\/\/raspberrypi.dk\/fi\/#\/schema\/logo\/image\/\",\"url\":\"https:\/\/raspberrypi.dk\/wp-content\/uploads\/2017\/05\/RaspberryPidk_logo-2.png\",\"contentUrl\":\"https:\/\/raspberrypi.dk\/wp-content\/uploads\/2017\/05\/RaspberryPidk_logo-2.png\",\"width\":470,\"height\":110,\"caption\":\"RaspberryPi.dk\"},\"image\":{\"@id\":\"https:\/\/raspberrypi.dk\/fi\/#\/schema\/logo\/image\/\"},\"sameAs\":[\"https:\/\/facebook.com\/RaspberryPiDanmark\",\"https:\/\/x.com\/raspberrypidk\",\"https:\/\/instagram.com\/raspberrypi.dk\"]}]}<\/script>\n<!-- \/ Yoast SEO plugin. -->","yoast_head_json":{"title":"Raspberry Pi -kehitys Customisation\/Design Services RaspberryPi.dk","description":"RaspberryPi.dk:ss\u00e4 teemme Raspberry Pi -kehityst\u00e4 konsultoimalla. Meill\u00e4 on laaja kokemus Raspberry Pi -r\u00e4\u00e4t\u00e4l\u00f6imisest\u00e4 ja pienest\u00e4 suunnittelupalvelutiimist\u00e4.","robots":{"index":"index","follow":"follow","max-snippet":"max-snippet:-1","max-image-preview":"max-image-preview:large","max-video-preview":"max-video-preview:-1"},"canonical":"https:\/\/raspberrypi.dk\/fi\/raspberry-pi-kehitys-raeaetaeloeinti-suunnittelupalvelut\/","og_locale":"fi_FI","og_type":"article","og_title":"Raspberry Pi -kehitys Customisation\/Design Services RaspberryPi.dk","og_description":"RaspberryPi.dk:ss\u00e4 teemme Raspberry Pi -kehityst\u00e4 konsultoimalla. Meill\u00e4 on laaja kokemus Raspberry Pi -r\u00e4\u00e4t\u00e4l\u00f6imisest\u00e4 ja pienest\u00e4 suunnittelupalvelutiimist\u00e4.","og_url":"https:\/\/raspberrypi.dk\/fi\/raspberry-pi-kehitys-raeaetaeloeinti-suunnittelupalvelut\/","og_site_name":"RaspberryPi.dk","article_publisher":"https:\/\/facebook.com\/RaspberryPiDanmark","og_image":[{"width":300,"height":300,"url":"https:\/\/raspberrypi.dk\/wp-content\/uploads\/2017\/05\/RaspberryPidk-logo.png","type":"image\/png"}],"twitter_card":"summary_large_image","twitter_site":"@raspberrypidk","twitter_misc":{"Arvioitu lukuaika":"1 minuutti"},"schema":{"@context":"https:\/\/schema.org","@graph":[{"@type":"WebPage","@id":"https:\/\/raspberrypi.dk\/fi\/raspberry-pi-kehitys-raeaetaeloeinti-suunnittelupalvelut\/","url":"https:\/\/raspberrypi.dk\/fi\/raspberry-pi-kehitys-raeaetaeloeinti-suunnittelupalvelut\/","name":"Raspberry Pi -kehitys Customisation\/Design Services RaspberryPi.dk","isPartOf":{"@id":"https:\/\/raspberrypi.dk\/fi\/#website"},"datePublished":"2017-05-14T19:08:34+00:00","description":"RaspberryPi.dk:ss\u00e4 teemme Raspberry Pi -kehityst\u00e4 konsultoimalla. Meill\u00e4 on laaja kokemus Raspberry Pi -r\u00e4\u00e4t\u00e4l\u00f6imisest\u00e4 ja pienest\u00e4 suunnittelupalvelutiimist\u00e4.","breadcrumb":{"@id":"https:\/\/raspberrypi.dk\/fi\/raspberry-pi-kehitys-raeaetaeloeinti-suunnittelupalvelut\/#breadcrumb"},"inLanguage":"fi","potentialAction":[{"@type":"ReadAction","target":["https:\/\/raspberrypi.dk\/fi\/raspberry-pi-kehitys-raeaetaeloeinti-suunnittelupalvelut\/"]}]},{"@type":"BreadcrumbList","@id":"https:\/\/raspberrypi.dk\/fi\/raspberry-pi-kehitys-raeaetaeloeinti-suunnittelupalvelut\/#breadcrumb","itemListElement":[{"@type":"ListItem","position":1,"name":"Hjem","item":"https:\/\/raspberrypi.dk\/fi\/raspberry-pi-verkkokauppa\/"},{"@type":"ListItem","position":2,"name":"Raspberry Pi-kehitys (r\u00e4\u00e4t\u00e4l\u00f6inti\/suunnittelupalvelut)"}]},{"@type":"WebSite","@id":"https:\/\/raspberrypi.dk\/fi\/#website","url":"https:\/\/raspberrypi.dk\/fi\/","name":"RaspberryPi.dk","description":"Danmarks f\u00f8rende Raspberry Pi side!","publisher":{"@id":"https:\/\/raspberrypi.dk\/fi\/#organization"},"potentialAction":[{"@type":"SearchAction","target":{"@type":"EntryPoint","urlTemplate":"https:\/\/raspberrypi.dk\/fi\/?s={search_term_string}"},"query-input":{"@type":"PropertyValueSpecification","valueRequired":true,"valueName":"search_term_string"}}],"inLanguage":"fi"},{"@type":"Organization","@id":"https:\/\/raspberrypi.dk\/fi\/#organization","name":"RaspberryPi.dk","url":"https:\/\/raspberrypi.dk\/fi\/","logo":{"@type":"ImageObject","inLanguage":"fi","@id":"https:\/\/raspberrypi.dk\/fi\/#\/schema\/logo\/image\/","url":"https:\/\/raspberrypi.dk\/wp-content\/uploads\/2017\/05\/RaspberryPidk_logo-2.png","contentUrl":"https:\/\/raspberrypi.dk\/wp-content\/uploads\/2017\/05\/RaspberryPidk_logo-2.png","width":470,"height":110,"caption":"RaspberryPi.dk"},"image":{"@id":"https:\/\/raspberrypi.dk\/fi\/#\/schema\/logo\/image\/"},"sameAs":["https:\/\/facebook.com\/RaspberryPiDanmark","https:\/\/x.com\/raspberrypidk","https:\/\/instagram.com\/raspberrypi.dk"]}]}},"_links":{"self":[{"href":"https:\/\/raspberrypi.dk\/fi\/wp-json\/wp\/v2\/pages\/224855","targetHints":{"allow":["GET"]}}],"collection":[{"href":"https:\/\/raspberrypi.dk\/fi\/wp-json\/wp\/v2\/pages"}],"about":[{"href":"https:\/\/raspberrypi.dk\/fi\/wp-json\/wp\/v2\/types\/page"}],"author":[{"embeddable":true,"href":"https:\/\/raspberrypi.dk\/fi\/wp-json\/wp\/v2\/users\/1"}],"replies":[{"embeddable":true,"href":"https:\/\/raspberrypi.dk\/fi\/wp-json\/wp\/v2\/comments?post=224855"}],"version-history":[{"count":0,"href":"https:\/\/raspberrypi.dk\/fi\/wp-json\/wp\/v2\/pages\/224855\/revisions"}],"wp:attachment":[{"href":"https:\/\/raspberrypi.dk\/fi\/wp-json\/wp\/v2\/media?parent=224855"}],"curies":[{"name":"wp","href":"https:\/\/api.w.org\/{rel}","templated":true}]}}