{"id":224862,"date":"2012-08-14T12:29:50","date_gmt":"2012-08-14T10:29:50","guid":{"rendered":"https:\/\/raspberrypi.dk\/henkiloetietopolitiikka\/"},"modified":"2024-04-29T13:56:23","modified_gmt":"2024-04-29T11:56:23","slug":"henkiloetietopolitiikka","status":"publish","type":"page","link":"https:\/\/raspberrypi.dk\/fi\/tietoa-meistae\/henkiloetietopolitiikka\/","title":{"rendered":"Henkil\u00f6tietopolitiikka"},"content":{"rendered":"<p><strong>Tietosuojak\u00e4yt\u00e4nt\u00f6<\/strong><\/p>\n<p>T\u00e4m\u00e4 tietosuojak\u00e4yt\u00e4nt\u00f6 on laadittu palvelemaan paremmin niit\u00e4, jotka ovat huolissaan siit\u00e4, miten heid\u00e4n &#8221;henkil\u00f6kohtaisia tunnistetietojaan&#8221; (PII) k\u00e4ytet\u00e4\u00e4n verkossa. Yhdysvaltain tietosuojalaissa ja tietoturvassa kuvatut henkil\u00f6tiedot ovat tietoja, joita voidaan k\u00e4ytt\u00e4\u00e4 yksin\u00e4\u00e4n tai muiden tietojen kanssa yksitt\u00e4isen henkil\u00f6n tunnistamiseen, yhteydenpitoon tai paikallistamiseen tai yksitt\u00e4isen henkil\u00f6n tunnistamiseen kontekstissa. Lue tietosuojak\u00e4yt\u00e4nt\u00f6mme huolellisesti saadaksesi selke\u00e4 k\u00e4sitys siit\u00e4, kuinka ker\u00e4\u00e4mme, k\u00e4yt\u00e4mme, suojaamme tai muuten k\u00e4sittelemme henkil\u00f6kohtaisia tunnistetietojasi verkkosivustomme mukaisesti.<\/p>\n<p><strong>Mit\u00e4 henkil\u00f6kohtaisia tietoja ker\u00e4\u00e4mme ihmisilt\u00e4, jotka vierailevat blogissamme, verkkosivustollamme tai sovelluksessamme?<\/strong><br \/>\nKun tilaat tai rekister\u00f6idyt sivustollamme, sinua saatetaan pyyt\u00e4\u00e4 antamaan nimesi, s\u00e4hk\u00f6postiosoitteesi, postiosoitteesi, puhelinnumerosi, luottokorttitietosi tai muita tietoja, jotka auttavat sinua kokemuksessasi.<\/p>\n<p><strong>Milloin ker\u00e4\u00e4mme tietoja?<\/strong><br \/>\nKer\u00e4\u00e4mme sinulta tietoja, kun rekister\u00f6idyt sivustollemme, teet tilauksen, tilaat uutiskirjeen tai sy\u00f6t\u00e4t tietoja sivustollemme.<\/p>\n<p><strong>Miten k\u00e4yt\u00e4mme tietojasi?<\/strong><br \/>\nSaatamme k\u00e4ytt\u00e4\u00e4 sinulta ker\u00e4\u00e4mi\u00e4mme tietoja, kun rekister\u00f6idyt, teet ostoksia, tilaat uutiskirjeemme, vastaat kyselyyn tai markkinointiviestint\u00e4\u00e4n, surffaat verkkosivustolla tai k\u00e4yt\u00e4t tiettyj\u00e4 muita sivuston ominaisuuksia seuraavilla tavoilla:<br \/>\n\u2022 Parantaaksemme verkkosivustoamme palvellaksemme sinua paremmin.<br \/>\n\u2022 Voit k\u00e4sitell\u00e4 tapahtumasi nopeasti.<br \/>\n\u2022 Ottaa yhteytt\u00e4 heihin kirjeenvaihdon j\u00e4lkeen (live chat, s\u00e4hk\u00f6posti tai puhelintiedustelut)<\/p>\n<p><strong>K\u00e4yt\u00e4mmek\u00f6 &#8221;ev\u00e4steit\u00e4&#8221;?<\/strong><br \/>\nJoo. Ev\u00e4steet ovat pieni\u00e4 tiedostoja, jotka sivusto tai sen palveluntarjoaja siirt\u00e4\u00e4 tietokoneesi kiintolevylle verkkoselaimesi kautta (jos sallit), joiden avulla sivuston tai palveluntarjoajan j\u00e4rjestelm\u00e4t voivat tunnistaa selaimesi ja siepata ja muistaa tietyt tiedot. K\u00e4yt\u00e4mme esimerkiksi ev\u00e4steit\u00e4 auttaaksemme meit\u00e4 muistamaan ja k\u00e4sittelem\u00e4\u00e4n ostoskorissasi olevat tuotteet. Niit\u00e4 k\u00e4ytet\u00e4\u00e4n my\u00f6s auttamaan meit\u00e4 ymm\u00e4rt\u00e4m\u00e4\u00e4n mieltymyksi\u00e4si sivuston aikaisemman tai nykyisen toiminnan perusteella, mik\u00e4 antaa meille mahdollisuuden tarjota sinulle parempia palveluita. K\u00e4yt\u00e4mme ev\u00e4steit\u00e4 my\u00f6s ker\u00e4\u00e4m\u00e4\u00e4n koottuja tietoja sivuston liikenteest\u00e4 ja sivuston vuorovaikutuksesta, jotta voimme tarjota parempia sivustokokemuksia ja ty\u00f6kaluja tulevaisuudessa.<\/p>\n<p><strong>K\u00e4yt\u00e4mme ev\u00e4steit\u00e4:<\/strong><br \/>\n\u2022 Auta muistamaan ja k\u00e4sittelem\u00e4\u00e4n ostoskorissa olevat tuotteet.<br \/>\n\u2022 Seuraa mainoksia.<br \/>\n\u2022 Ker\u00e4\u00e4 aggregoituja tietoja sivuston liikenteest\u00e4 ja sivuston vuorovaikutuksista tarjotaksesi parempia sivustokokemuksia ja ty\u00f6kaluja tulevaisuudessa. Saatamme my\u00f6s k\u00e4ytt\u00e4\u00e4 luotettavia kolmannen osapuolen palveluita, jotka seuraavat n\u00e4it\u00e4 tietoja puolestamme.<br \/>\nVoit valita, ett\u00e4 tietokoneesi varoittaa sinua aina, kun ev\u00e4ste l\u00e4hetet\u00e4\u00e4n, tai voit poistaa kaikki ev\u00e4steet k\u00e4yt\u00f6st\u00e4. Voit tehd\u00e4 t\u00e4m\u00e4n selaimesi asetuksista. Koska selain on hieman erilainen, katso selaimesi Ohje-valikkoa saadaksesi tiet\u00e4\u00e4 oikean tavan muokata ev\u00e4steit\u00e4si.<\/p>\n<p><strong>Jos k\u00e4ytt\u00e4j\u00e4t poistavat ev\u00e4steet k\u00e4yt\u00f6st\u00e4 selaimessaan:<\/strong><br \/>\nJos poistat ev\u00e4steet k\u00e4yt\u00f6st\u00e4, jotkin sivustosi k\u00e4ytt\u00f6kokemusta tehostavista ominaisuuksista eiv\u00e4t v\u00e4ltt\u00e4m\u00e4tt\u00e4 toimi kunnolla. Jotkin ominaisuudet, jotka tekev\u00e4t sivustostasi tehokkaamman, eiv\u00e4t v\u00e4ltt\u00e4m\u00e4tt\u00e4 toimi kunnolla.<\/p>\n<p><strong>Kolmannen osapuolen ilmoitus<\/strong><br \/>\nEmme myy, vaihda tai muutoin siirr\u00e4 ulkopuolisille henkil\u00f6kohtaisia tunnistetietojasi, ellemme ilmoita siit\u00e4 k\u00e4ytt\u00e4jille etuk\u00e4teen. T\u00e4m\u00e4 ei sis\u00e4ll\u00e4 verkkosivustojen is\u00e4nn\u00f6intikumppaneita ja muita osapuolia, jotka auttavat meit\u00e4 verkkosivustomme toiminnassa, liiketoiminnassamme tai k\u00e4ytt\u00e4jien palvelemisessa, kunhan n\u00e4m\u00e4 osapuolet suostuvat pit\u00e4m\u00e4\u00e4n n\u00e4m\u00e4 tiedot luottamuksellisina. Saatamme my\u00f6s luovuttaa tietoja, kun se on asianmukaista noudattaa lakia, valvoa sivustomme k\u00e4yt\u00e4nt\u00f6j\u00e4 tai suojella omia tai muiden oikeuksia, omaisuutta tai turvallisuutta.<br \/>\nEi-henkil\u00f6kohtaisia \u200b\u200bvierailijatietoja voidaan kuitenkin luovuttaa muille osapuolille markkinointia, mainontaa tai muuta k\u00e4ytt\u00f6\u00e4 varten.<\/p>\n<p><strong>Kolmannen osapuolen linkit<\/strong><\/p>\n<p>Emme sis\u00e4llyt\u00e4 tai tarjoa kolmansien osapuolien tuotteita tai palveluita verkkosivustollamme.<\/p>\n<p><strong>Google<\/strong><\/p>\n<p>Googlen mainontavaatimukset voidaan tiivist\u00e4\u00e4 Googlen mainontaperiaatteisiin. Ne on otettu k\u00e4ytt\u00f6\u00f6n tarjoamaan k\u00e4ytt\u00e4jille positiivinen k\u00e4ytt\u00f6kokemus. https:\/\/support.google.com\/adwordspolicy\/answer\/1316548?hl=fi<\/p>\n<p>K\u00e4yt\u00e4mme verkkosivustollamme Google AdSense -mainontaa.<br \/>\nGoogle kolmannen osapuolen toimittajana k\u00e4ytt\u00e4\u00e4 ev\u00e4steit\u00e4 mainosten n\u00e4ytt\u00e4miseen sivustollamme. Google k\u00e4ytt\u00e4\u00e4 DART-ev\u00e4stett\u00e4, jotta se voi n\u00e4ytt\u00e4\u00e4 mainoksia k\u00e4ytt\u00e4jillemme aiempien vierailujen perusteella sivustollamme ja muilla Internetin sivustoilla. K\u00e4ytt\u00e4j\u00e4t voivat kielt\u00e4yty\u00e4 DART-ev\u00e4steen k\u00e4yt\u00f6st\u00e4 vierailemalla Googlen mainosten ja sis\u00e4lt\u00f6verkoston tietosuojak\u00e4yt\u00e4nn\u00f6ss\u00e4.<\/p>\n<p><strong>Olemme toteuttaneet seuraavat:<\/strong><br \/>\n\u2022 Uudelleenmarkkinointi Google AdSensen avulla<br \/>\n\u2022 V\u00e4est\u00f6tietojen ja kiinnostuksen kohteiden raportointi<br \/>\nK\u00e4yt\u00e4mme yhdess\u00e4 kolmannen osapuolen toimittajien, kuten Googlen, kanssa ensimm\u00e4isen osapuolen ev\u00e4steit\u00e4 (kuten Google Analytics -ev\u00e4steit\u00e4) ja kolmannen osapuolen ev\u00e4steit\u00e4 (kuten DoubleClick-ev\u00e4steit\u00e4) tai muita kolmannen osapuolen tunnisteita yhdess\u00e4 ker\u00e4\u00e4m\u00e4\u00e4n tietoja k\u00e4ytt\u00e4jien vuorovaikutuksesta mainosten n\u00e4ytt\u00f6kerrat ja muut mainospalvelutoiminnot, jotka liittyv\u00e4t verkkosivustoomme.<\/p>\n<p><strong>Poistuminen k\u00e4yt\u00f6st\u00e4:<\/strong><br \/>\nK\u00e4ytt\u00e4j\u00e4t voivat m\u00e4\u00e4ritt\u00e4\u00e4 Googlen mainosasetukset -sivulla asetuksia, joilla Google mainostaa sinulle. Vaihtoehtoisesti voit kielt\u00e4yty\u00e4 k\u00e4yt\u00f6st\u00e4 k\u00e4ym\u00e4ll\u00e4 Network Advertising Initiative Opt Out -sivulla tai k\u00e4ytt\u00e4m\u00e4ll\u00e4 Google Analyticsin Opt Out Browser -lis\u00e4osaa.<\/p>\n<p><strong>California Online Privacy Protection Act<\/strong><br \/>\nCalOPPA on ensimm\u00e4inen osavaltiolaki maassa, joka edellytt\u00e4\u00e4, ett\u00e4 kaupalliset verkkosivustot ja verkkopalvelut julkaisevat tietosuojak\u00e4yt\u00e4nn\u00f6n. Lain ulottuvuus ulottuu paljon Kalifornian ulkopuolelle ja vaatii kaikkia Yhdysvalloissa (ja mahdollisesti koko maailmassa) olevia henkil\u00f6it\u00e4 tai yrityksi\u00e4, jotka yll\u00e4pit\u00e4v\u00e4t Kalifornian kuluttajilta henkil\u00f6kohtaisia tunnistetietoja ker\u00e4\u00e4vi\u00e4 verkkosivustoja, julkaisemaan verkkosivuillaan n\u00e4kyv\u00e4n tietosuojak\u00e4yt\u00e4nn\u00f6n, jossa kerrotaan tarkasti ker\u00e4tt\u00e4v\u00e4t tiedot ja ne tiedot. henkil\u00f6t tai yritykset, joiden kanssa se jaetaan.<\/p>\n<p><strong>CalOPPA:n mukaan hyv\u00e4ksymme seuraavat:<\/strong><br \/>\nK\u00e4ytt\u00e4j\u00e4t voivat vierailla sivustollamme anonyymisti.<br \/>\nKun t\u00e4m\u00e4 tietosuojaseloste on luotu, lis\u00e4\u00e4mme linkin siihen kotisivullemme tai v\u00e4hint\u00e4\u00e4n ensimm\u00e4iselle merkitt\u00e4v\u00e4lle sivulle verkkosivustollemme saapumisen j\u00e4lkeen.<br \/>\nTietosuojak\u00e4yt\u00e4nt\u00f6mme linkki sis\u00e4lt\u00e4\u00e4 sanan &#8221;Tietosuoja&#8221;, ja se l\u00f6ytyy helposti yll\u00e4 mainitulta sivulta.<br \/>\nSinulle ilmoitetaan kaikista tietosuojak\u00e4yt\u00e4nn\u00f6n muutoksista:<br \/>\n\u2022 Tietosuojak\u00e4yt\u00e4nt\u00f6sivullamme<br \/>\nVoi muuttaa henkil\u00f6tietojasi:<br \/>\n\u2022 L\u00e4hett\u00e4m\u00e4ll\u00e4 meille s\u00e4hk\u00f6postia<\/p>\n<p><strong>Kuinka sivustomme k\u00e4sittelee Do Not Track -signaaleja?<\/strong><br \/>\nKunnioitamme Do Not Track -signaaleja ja Do Not Track, istutamme ev\u00e4steit\u00e4 tai k\u00e4yt\u00e4mme mainoksia, kun Do Not Track (DNT) -selainmekanismi on k\u00e4yt\u00f6ss\u00e4.<br \/>\nSalliiko sivustomme kolmannen osapuolen k\u00e4ytt\u00e4ytymisen seurannan?<br \/>\nOn my\u00f6s t\u00e4rke\u00e4\u00e4 huomata, ett\u00e4 sallimme kolmannen osapuolen k\u00e4ytt\u00e4ytymisen seurannan<\/p>\n<p><strong>COPPA (Children Online Privacy Protection Act)<\/strong><br \/>\nKun on kyse henkil\u00f6tietojen ker\u00e4\u00e4misest\u00e4 alle 13-vuotiailta lapsilta, Children\u2019s Online Privacy Protection Act (COPPA) antaa vanhemmille hallinnan. Federal Trade Commission, Yhdysvaltain kuluttajansuojavirasto, panee t\u00e4yt\u00e4nt\u00f6\u00f6n COPPA-s\u00e4\u00e4nn\u00f6n, joka m\u00e4\u00e4rittelee, mit\u00e4 verkkosivustojen ja verkkopalvelujen yll\u00e4pit\u00e4jien on teht\u00e4v\u00e4 lasten yksityisyyden ja turvallisuuden suojelemiseksi verkossa.<br \/>\nEmme markkinoi erityisesti alle 13-vuotiaille lapsille.<br \/>\nAnnammeko kolmansien osapuolten, mukaan lukien mainosverkostot tai laajennukset, ker\u00e4t\u00e4 henkil\u00f6kohtaisia tunnistetietoja alle 13-vuotiailta lapsilta?<\/p>\n<p><strong>Reilut tiedotusk\u00e4yt\u00e4nn\u00f6t<\/strong><br \/>\nReilun tietok\u00e4yt\u00e4nn\u00f6n periaatteet muodostavat Yhdysvaltojen tietosuojalain selk\u00e4rangan, ja niihin sis\u00e4ltyvill\u00e4 k\u00e4sitteill\u00e4 on ollut merkitt\u00e4v\u00e4 rooli tietosuojalakien kehitt\u00e4misess\u00e4 ymp\u00e4ri maailmaa. Reilun tietok\u00e4yt\u00e4nn\u00f6n periaatteiden ymm\u00e4rt\u00e4minen ja niiden toteuttaminen on eritt\u00e4in t\u00e4rke\u00e4\u00e4 henkil\u00f6kohtaisia tietoja suojaavien erilaisten tietosuojalakien noudattamiseksi.<\/p>\n<p><strong>Reilun tiedottamisen k\u00e4yt\u00e4nt\u00f6jen noudattamiseksi ryhdymme seuraaviin toimiin, jos tietoturvaloukkaus tapahtuu:<\/strong><br \/>\nIlmoitamme sinulle s\u00e4hk\u00f6postitse<br \/>\n\u2022 7 arkip\u00e4iv\u00e4n kuluessa<br \/>\nHyv\u00e4ksymme my\u00f6s yksil\u00f6llisen oikeussuojaperiaatteen, joka edellytt\u00e4\u00e4, ett\u00e4 henkil\u00f6ill\u00e4 on oikeus vedota laillisesti t\u00e4yt\u00e4nt\u00f6\u00f6npanokelpoisiin oikeuksiin niit\u00e4 tiedonkeruijoita ja k\u00e4sittelij\u00f6it\u00e4 vastaan, jotka eiv\u00e4t noudata lakia. T\u00e4m\u00e4 periaate edellytt\u00e4\u00e4 paitsi sit\u00e4, ett\u00e4 yksil\u00f6ill\u00e4 on t\u00e4yt\u00e4nt\u00f6\u00f6npanokelpoisia oikeuksia tietojen k\u00e4ytt\u00e4ji\u00e4 vastaan, my\u00f6s sit\u00e4, ett\u00e4 henkil\u00f6t voivat turvautua tuomioistuimiin tai valtion virastoihin tutkiakseen ja\/tai nostaakseen syytteen tietojen k\u00e4sittelij\u00f6iden noudattamatta j\u00e4tt\u00e4misest\u00e4.<\/p>\n","protected":false},"excerpt":{"rendered":"<p>Tietosuojak\u00e4yt\u00e4nt\u00f6 T\u00e4m\u00e4 tietosuojak\u00e4yt\u00e4nt\u00f6 on laadittu palvelemaan paremmin niit\u00e4, jotka ovat huolissaan siit\u00e4, miten heid\u00e4n &#8221;henkil\u00f6kohtaisia tunnistetietojaan&#8221; (PII) k\u00e4ytet\u00e4\u00e4n verkossa. Yhdysvaltain tietosuojalaissa ja tietoturvassa kuvatut henkil\u00f6tiedot ovat tietoja, joita voidaan k\u00e4ytt\u00e4\u00e4 yksin\u00e4\u00e4n tai muiden tietojen kanssa yksitt\u00e4isen henkil\u00f6n tunnistamiseen, yhteydenpitoon tai paikallistamiseen tai yksitt\u00e4isen henkil\u00f6n tunnistamiseen kontekstissa. Lue tietosuojak\u00e4yt\u00e4nt\u00f6mme huolellisesti saadaksesi selke\u00e4 k\u00e4sitys siit\u00e4, kuinka ker\u00e4\u00e4mme, [&hellip;]<\/p>\n","protected":false},"author":1,"featured_media":0,"parent":224864,"menu_order":12,"comment_status":"closed","ping_status":"open","template":"","meta":{"footnotes":""},"class_list":["post-224862","page","type-page","status-publish","hentry"],"yoast_head":"<!-- This site is optimized with the Yoast SEO plugin v27.1.1 - https:\/\/yoast.com\/product\/yoast-seo-wordpress\/ -->\n<title>Henkil\u00f6tietopolitiikka \u2022 RaspberryPi.dk<\/title>\n<meta name=\"robots\" content=\"noindex, follow\" \/>\n<meta property=\"og:locale\" content=\"fi_FI\" \/>\n<meta property=\"og:type\" content=\"article\" \/>\n<meta property=\"og:title\" content=\"Henkil\u00f6tietopolitiikka \u2022 RaspberryPi.dk\" \/>\n<meta property=\"og:description\" content=\"Tietosuojak\u00e4yt\u00e4nt\u00f6 T\u00e4m\u00e4 tietosuojak\u00e4yt\u00e4nt\u00f6 on laadittu palvelemaan paremmin niit\u00e4, jotka ovat huolissaan siit\u00e4, miten heid\u00e4n &#8221;henkil\u00f6kohtaisia tunnistetietojaan&#8221; (PII) k\u00e4ytet\u00e4\u00e4n verkossa. Yhdysvaltain tietosuojalaissa ja tietoturvassa kuvatut henkil\u00f6tiedot ovat tietoja, joita voidaan k\u00e4ytt\u00e4\u00e4 yksin\u00e4\u00e4n tai muiden tietojen kanssa yksitt\u00e4isen henkil\u00f6n tunnistamiseen, yhteydenpitoon tai paikallistamiseen tai yksitt\u00e4isen henkil\u00f6n tunnistamiseen kontekstissa. Lue tietosuojak\u00e4yt\u00e4nt\u00f6mme huolellisesti saadaksesi selke\u00e4 k\u00e4sitys siit\u00e4, kuinka ker\u00e4\u00e4mme, [&hellip;]\" \/>\n<meta property=\"og:url\" content=\"https:\/\/raspberrypi.dk\/fi\/tietoa-meistae\/henkiloetietopolitiikka\/\" \/>\n<meta property=\"og:site_name\" content=\"RaspberryPi.dk\" \/>\n<meta property=\"article:publisher\" content=\"https:\/\/facebook.com\/RaspberryPiDanmark\" \/>\n<meta property=\"article:modified_time\" content=\"2024-04-29T11:56:23+00:00\" \/>\n<meta property=\"og:image\" content=\"https:\/\/raspberrypi.dk\/wp-content\/uploads\/2017\/05\/RaspberryPidk-logo.png\" \/>\n\t<meta property=\"og:image:width\" content=\"300\" \/>\n\t<meta property=\"og:image:height\" content=\"300\" \/>\n\t<meta property=\"og:image:type\" content=\"image\/png\" \/>\n<meta name=\"twitter:card\" content=\"summary_large_image\" \/>\n<meta name=\"twitter:site\" content=\"@raspberrypidk\" \/>\n<meta name=\"twitter:label1\" content=\"Arvioitu lukuaika\" \/>\n\t<meta name=\"twitter:data1\" content=\"6 minuuttia\" \/>\n<script type=\"application\/ld+json\" class=\"yoast-schema-graph\">{\"@context\":\"https:\/\/schema.org\",\"@graph\":[{\"@type\":\"WebPage\",\"@id\":\"https:\/\/raspberrypi.dk\/fi\/tietoa-meistae\/henkiloetietopolitiikka\/\",\"url\":\"https:\/\/raspberrypi.dk\/fi\/tietoa-meistae\/henkiloetietopolitiikka\/\",\"name\":\"Henkil\u00f6tietopolitiikka \u2022 RaspberryPi.dk\",\"isPartOf\":{\"@id\":\"https:\/\/raspberrypi.dk\/fi\/#website\"},\"datePublished\":\"2012-08-14T10:29:50+00:00\",\"dateModified\":\"2024-04-29T11:56:23+00:00\",\"breadcrumb\":{\"@id\":\"https:\/\/raspberrypi.dk\/fi\/tietoa-meistae\/henkiloetietopolitiikka\/#breadcrumb\"},\"inLanguage\":\"fi\",\"potentialAction\":[{\"@type\":\"ReadAction\",\"target\":[\"https:\/\/raspberrypi.dk\/fi\/tietoa-meistae\/henkiloetietopolitiikka\/\"]}]},{\"@type\":\"BreadcrumbList\",\"@id\":\"https:\/\/raspberrypi.dk\/fi\/tietoa-meistae\/henkiloetietopolitiikka\/#breadcrumb\",\"itemListElement\":[{\"@type\":\"ListItem\",\"position\":1,\"name\":\"Hjem\",\"item\":\"https:\/\/raspberrypi.dk\/fi\/raspberry-pi-verkkokauppa\/\"},{\"@type\":\"ListItem\",\"position\":2,\"name\":\"Tietoa Meist\u00e4\",\"item\":\"https:\/\/raspberrypi.dk\/fi\/tietoa-meistae\/\"},{\"@type\":\"ListItem\",\"position\":3,\"name\":\"Henkil\u00f6tietopolitiikka\"}]},{\"@type\":\"WebSite\",\"@id\":\"https:\/\/raspberrypi.dk\/fi\/#website\",\"url\":\"https:\/\/raspberrypi.dk\/fi\/\",\"name\":\"RaspberryPi.dk\",\"description\":\"Danmarks f\u00f8rende Raspberry Pi side!\",\"publisher\":{\"@id\":\"https:\/\/raspberrypi.dk\/fi\/#organization\"},\"potentialAction\":[{\"@type\":\"SearchAction\",\"target\":{\"@type\":\"EntryPoint\",\"urlTemplate\":\"https:\/\/raspberrypi.dk\/fi\/?s={search_term_string}\"},\"query-input\":{\"@type\":\"PropertyValueSpecification\",\"valueRequired\":true,\"valueName\":\"search_term_string\"}}],\"inLanguage\":\"fi\"},{\"@type\":\"Organization\",\"@id\":\"https:\/\/raspberrypi.dk\/fi\/#organization\",\"name\":\"RaspberryPi.dk\",\"url\":\"https:\/\/raspberrypi.dk\/fi\/\",\"logo\":{\"@type\":\"ImageObject\",\"inLanguage\":\"fi\",\"@id\":\"https:\/\/raspberrypi.dk\/fi\/#\/schema\/logo\/image\/\",\"url\":\"https:\/\/raspberrypi.dk\/wp-content\/uploads\/2017\/05\/RaspberryPidk_logo-2.png\",\"contentUrl\":\"https:\/\/raspberrypi.dk\/wp-content\/uploads\/2017\/05\/RaspberryPidk_logo-2.png\",\"width\":470,\"height\":110,\"caption\":\"RaspberryPi.dk\"},\"image\":{\"@id\":\"https:\/\/raspberrypi.dk\/fi\/#\/schema\/logo\/image\/\"},\"sameAs\":[\"https:\/\/facebook.com\/RaspberryPiDanmark\",\"https:\/\/x.com\/raspberrypidk\",\"https:\/\/instagram.com\/raspberrypi.dk\"]}]}<\/script>\n<!-- \/ Yoast SEO plugin. -->","yoast_head_json":{"title":"Henkil\u00f6tietopolitiikka \u2022 RaspberryPi.dk","robots":{"index":"noindex","follow":"follow"},"og_locale":"fi_FI","og_type":"article","og_title":"Henkil\u00f6tietopolitiikka \u2022 RaspberryPi.dk","og_description":"Tietosuojak\u00e4yt\u00e4nt\u00f6 T\u00e4m\u00e4 tietosuojak\u00e4yt\u00e4nt\u00f6 on laadittu palvelemaan paremmin niit\u00e4, jotka ovat huolissaan siit\u00e4, miten heid\u00e4n &#8221;henkil\u00f6kohtaisia tunnistetietojaan&#8221; (PII) k\u00e4ytet\u00e4\u00e4n verkossa. Yhdysvaltain tietosuojalaissa ja tietoturvassa kuvatut henkil\u00f6tiedot ovat tietoja, joita voidaan k\u00e4ytt\u00e4\u00e4 yksin\u00e4\u00e4n tai muiden tietojen kanssa yksitt\u00e4isen henkil\u00f6n tunnistamiseen, yhteydenpitoon tai paikallistamiseen tai yksitt\u00e4isen henkil\u00f6n tunnistamiseen kontekstissa. Lue tietosuojak\u00e4yt\u00e4nt\u00f6mme huolellisesti saadaksesi selke\u00e4 k\u00e4sitys siit\u00e4, kuinka ker\u00e4\u00e4mme, [&hellip;]","og_url":"https:\/\/raspberrypi.dk\/fi\/tietoa-meistae\/henkiloetietopolitiikka\/","og_site_name":"RaspberryPi.dk","article_publisher":"https:\/\/facebook.com\/RaspberryPiDanmark","article_modified_time":"2024-04-29T11:56:23+00:00","og_image":[{"width":300,"height":300,"url":"https:\/\/raspberrypi.dk\/wp-content\/uploads\/2017\/05\/RaspberryPidk-logo.png","type":"image\/png"}],"twitter_card":"summary_large_image","twitter_site":"@raspberrypidk","twitter_misc":{"Arvioitu lukuaika":"6 minuuttia"},"schema":{"@context":"https:\/\/schema.org","@graph":[{"@type":"WebPage","@id":"https:\/\/raspberrypi.dk\/fi\/tietoa-meistae\/henkiloetietopolitiikka\/","url":"https:\/\/raspberrypi.dk\/fi\/tietoa-meistae\/henkiloetietopolitiikka\/","name":"Henkil\u00f6tietopolitiikka \u2022 RaspberryPi.dk","isPartOf":{"@id":"https:\/\/raspberrypi.dk\/fi\/#website"},"datePublished":"2012-08-14T10:29:50+00:00","dateModified":"2024-04-29T11:56:23+00:00","breadcrumb":{"@id":"https:\/\/raspberrypi.dk\/fi\/tietoa-meistae\/henkiloetietopolitiikka\/#breadcrumb"},"inLanguage":"fi","potentialAction":[{"@type":"ReadAction","target":["https:\/\/raspberrypi.dk\/fi\/tietoa-meistae\/henkiloetietopolitiikka\/"]}]},{"@type":"BreadcrumbList","@id":"https:\/\/raspberrypi.dk\/fi\/tietoa-meistae\/henkiloetietopolitiikka\/#breadcrumb","itemListElement":[{"@type":"ListItem","position":1,"name":"Hjem","item":"https:\/\/raspberrypi.dk\/fi\/raspberry-pi-verkkokauppa\/"},{"@type":"ListItem","position":2,"name":"Tietoa Meist\u00e4","item":"https:\/\/raspberrypi.dk\/fi\/tietoa-meistae\/"},{"@type":"ListItem","position":3,"name":"Henkil\u00f6tietopolitiikka"}]},{"@type":"WebSite","@id":"https:\/\/raspberrypi.dk\/fi\/#website","url":"https:\/\/raspberrypi.dk\/fi\/","name":"RaspberryPi.dk","description":"Danmarks f\u00f8rende Raspberry Pi side!","publisher":{"@id":"https:\/\/raspberrypi.dk\/fi\/#organization"},"potentialAction":[{"@type":"SearchAction","target":{"@type":"EntryPoint","urlTemplate":"https:\/\/raspberrypi.dk\/fi\/?s={search_term_string}"},"query-input":{"@type":"PropertyValueSpecification","valueRequired":true,"valueName":"search_term_string"}}],"inLanguage":"fi"},{"@type":"Organization","@id":"https:\/\/raspberrypi.dk\/fi\/#organization","name":"RaspberryPi.dk","url":"https:\/\/raspberrypi.dk\/fi\/","logo":{"@type":"ImageObject","inLanguage":"fi","@id":"https:\/\/raspberrypi.dk\/fi\/#\/schema\/logo\/image\/","url":"https:\/\/raspberrypi.dk\/wp-content\/uploads\/2017\/05\/RaspberryPidk_logo-2.png","contentUrl":"https:\/\/raspberrypi.dk\/wp-content\/uploads\/2017\/05\/RaspberryPidk_logo-2.png","width":470,"height":110,"caption":"RaspberryPi.dk"},"image":{"@id":"https:\/\/raspberrypi.dk\/fi\/#\/schema\/logo\/image\/"},"sameAs":["https:\/\/facebook.com\/RaspberryPiDanmark","https:\/\/x.com\/raspberrypidk","https:\/\/instagram.com\/raspberrypi.dk"]}]}},"_links":{"self":[{"href":"https:\/\/raspberrypi.dk\/fi\/wp-json\/wp\/v2\/pages\/224862","targetHints":{"allow":["GET"]}}],"collection":[{"href":"https:\/\/raspberrypi.dk\/fi\/wp-json\/wp\/v2\/pages"}],"about":[{"href":"https:\/\/raspberrypi.dk\/fi\/wp-json\/wp\/v2\/types\/page"}],"author":[{"embeddable":true,"href":"https:\/\/raspberrypi.dk\/fi\/wp-json\/wp\/v2\/users\/1"}],"replies":[{"embeddable":true,"href":"https:\/\/raspberrypi.dk\/fi\/wp-json\/wp\/v2\/comments?post=224862"}],"version-history":[{"count":2,"href":"https:\/\/raspberrypi.dk\/fi\/wp-json\/wp\/v2\/pages\/224862\/revisions"}],"predecessor-version":[{"id":226871,"href":"https:\/\/raspberrypi.dk\/fi\/wp-json\/wp\/v2\/pages\/224862\/revisions\/226871"}],"up":[{"embeddable":true,"href":"https:\/\/raspberrypi.dk\/fi\/wp-json\/wp\/v2\/pages\/224864"}],"wp:attachment":[{"href":"https:\/\/raspberrypi.dk\/fi\/wp-json\/wp\/v2\/media?parent=224862"}],"curies":[{"name":"wp","href":"https:\/\/api.w.org\/{rel}","templated":true}]}}