{"id":224864,"date":"2011-11-11T18:40:58","date_gmt":"2011-11-11T17:40:58","guid":{"rendered":"https:\/\/raspberrypi.dk\/tietoa-meistae\/"},"modified":"2011-11-11T18:40:58","modified_gmt":"2011-11-11T17:40:58","slug":"tietoa-meistae","status":"publish","type":"page","link":"https:\/\/raspberrypi.dk\/fi\/tietoa-meistae\/","title":{"rendered":"Tietoa Meist\u00e4"},"content":{"rendered":"<p><strong>RaspberryPi.dk<\/strong> on Pohjoismaiden johtava Raspberry Pi -myym\u00e4l\u00e4, joka kattaa Norjan, Ruotsin, Suomen ja Tanskan. Myymme my\u00f6s Baltian maihin: Liettuaan, Latviaan ja Viroon. RaspberryPi.dk on 100-prosenttisesti yrityksen Jkollerup.dk ApS (Yritysnumero: DK43327615) omistama ja yll\u00e4pit\u00e4m\u00e4. Raspberry Pi on Raspberry Pi Foundationin tavaramerkki, eik\u00e4 RaspberryPi.dk liity Raspberry Pi Foundationiin mill\u00e4\u00e4n tavalla. Myymme koko Eurooppaan.<\/p>\n<p>Kansainv\u00e4linen toimitusaika: 2-5 ty\u00f6p\u00e4iv\u00e4\u00e4.<\/p>\n<p><strong>Kauppaa hoitaa:<\/strong><\/p>\n<p>Jkollerup.dk ApS<br \/>\nTanska<br \/>\nS\u00e4hk\u00f6posti: info@raspberrypi.dk<\/p>\n<p><strong>Voit maksaa kaupassa seuraavilla maksutavoilla:<\/strong><\/p>\n<p>VISA \/ VISA Electron<br \/>\nMasterCard<br \/>\nMobilePay<br \/>\nKlarna<\/p>\n<p><img decoding=\"async\" class=\"size-full wp-image-21757 alignleft\" src=\"https:\/\/cdn.shortpixel.ai\/spai\/q_lossy+w_150+to_webp+ret_img\/raspberrypi.dk\/wp-content\/uploads\/2011\/11\/visa-smallpng.png\" alt=\"\" width=\"75\" height=\"47\" data-spai=\"1\" data-spai-orig-obs=\"true\" data-spai-lazy-loaded=\"true\" data-spai-width=\"75\" data-spai-height=\"47\" \/><img decoding=\"async\" class=\"alignleft size-full wp-image-21763\" src=\"https:\/\/cdn.shortpixel.ai\/spai\/q_lossy+w_150+to_webp+ret_img\/raspberrypi.dk\/wp-content\/uploads\/2011\/11\/visa-electron-smallpng-1.png.webp\" alt=\"\" width=\"75\" height=\"47\" data-spai=\"1\" data-spai-orig-obs=\"true\" data-spai-lazy-loaded=\"true\" data-spai-width=\"75\" data-spai-height=\"47\" \/><img decoding=\"async\" class=\"size-full wp-image-21755 alignleft\" src=\"https:\/\/cdn.shortpixel.ai\/spai\/q_lossy+w_152+to_webp+ret_img\/raspberrypi.dk\/wp-content\/uploads\/2011\/11\/verified-by-visa-smallpng.png\" alt=\"\" width=\"76\" height=\"38\" data-spai=\"1\" data-spai-orig-obs=\"true\" data-spai-lazy-loaded=\"true\" data-spai-width=\"76\" data-spai-height=\"38\" \/><img decoding=\"async\" class=\"size-full wp-image-21759 alignleft\" src=\"https:\/\/cdn.shortpixel.ai\/spai\/q_lossy+w_126+to_webp+ret_img\/raspberrypi.dk\/wp-content\/uploads\/2011\/11\/mc_vrt_opt_pos_63_1x.png\" alt=\"\" width=\"63\" height=\"52\" data-spai=\"1\" data-spai-orig-obs=\"true\" data-spai-lazy-loaded=\"true\" data-spai-width=\"63\" data-spai-height=\"52\" \/><img decoding=\"async\" src=\"https:\/\/cdn.shortpixel.ai\/spai\/q_lossy+w_162+to_webp+ret_img\/raspberrypi.dk\/wp-content\/uploads\/2017\/10\/mobilepay.png\" \/><img decoding=\"async\" class=\"\" src=\"https:\/\/encrypted-tbn0.gstatic.com\/images?q=tbn:ANd9GcSLsnuUWmw3SQOkWVx4ogcYkGItFrubaQWv47bzeQkb_A&amp;s\" alt=\"Klarna Docs - Logos (trademarks)\" width=\"130\" height=\"29\" data-spai-target=\"src\" data-spai-orig=\"\" data-spai-exclude=\"nocdn\" \/><\/p>\n","protected":false},"excerpt":{"rendered":"<p>RaspberryPi.dk on Pohjoismaiden johtava Raspberry Pi -myym\u00e4l\u00e4, joka kattaa Norjan, Ruotsin, Suomen ja Tanskan. Myymme my\u00f6s Baltian maihin: Liettuaan, Latviaan ja Viroon. RaspberryPi.dk on 100-prosenttisesti yrityksen Jkollerup.dk ApS (Yritysnumero: DK43327615) omistama ja yll\u00e4pit\u00e4m\u00e4. Raspberry Pi on Raspberry Pi Foundationin tavaramerkki, eik\u00e4 RaspberryPi.dk liity Raspberry Pi Foundationiin mill\u00e4\u00e4n tavalla. Myymme koko Eurooppaan. Kansainv\u00e4linen toimitusaika: 2-5 ty\u00f6p\u00e4iv\u00e4\u00e4. [&hellip;]<\/p>\n","protected":false},"author":1,"featured_media":0,"parent":0,"menu_order":10,"comment_status":"closed","ping_status":"open","template":"","meta":{"footnotes":""},"class_list":["post-224864","page","type-page","status-publish","hentry"],"yoast_head":"<!-- This site is optimized with the Yoast SEO plugin v27.1.1 - https:\/\/yoast.com\/product\/yoast-seo-wordpress\/ -->\n<title>johtava Raspberry Pi -kauppa Pohjoismaissa<\/title>\n<meta name=\"description\" content=\"Kaikki Raspberry Pi!\" \/>\n<meta name=\"robots\" content=\"index, follow, max-snippet:-1, max-image-preview:large, max-video-preview:-1\" \/>\n<link rel=\"canonical\" href=\"https:\/\/raspberrypi.dk\/fi\/tietoa-meistae\/\" \/>\n<meta property=\"og:locale\" content=\"fi_FI\" \/>\n<meta property=\"og:type\" content=\"article\" \/>\n<meta property=\"og:title\" content=\"johtava Raspberry Pi -kauppa Pohjoismaissa\" \/>\n<meta property=\"og:description\" content=\"Kaikki Raspberry Pi!\" \/>\n<meta property=\"og:url\" content=\"https:\/\/raspberrypi.dk\/fi\/tietoa-meistae\/\" \/>\n<meta property=\"og:site_name\" content=\"RaspberryPi.dk\" \/>\n<meta property=\"article:publisher\" content=\"https:\/\/facebook.com\/RaspberryPiDanmark\" \/>\n<meta property=\"og:image\" content=\"https:\/\/cdn.shortpixel.ai\/spai\/q_lossy+w_150+to_webp+ret_img\/raspberrypi.dk\/wp-content\/uploads\/2011\/11\/visa-smallpng.png\" \/>\n<meta name=\"twitter:card\" content=\"summary_large_image\" \/>\n<meta name=\"twitter:site\" content=\"@raspberrypidk\" \/>\n<script type=\"application\/ld+json\" class=\"yoast-schema-graph\">{\"@context\":\"https:\/\/schema.org\",\"@graph\":[{\"@type\":\"WebPage\",\"@id\":\"https:\/\/raspberrypi.dk\/fi\/tietoa-meistae\/\",\"url\":\"https:\/\/raspberrypi.dk\/fi\/tietoa-meistae\/\",\"name\":\"johtava Raspberry Pi -kauppa Pohjoismaissa\",\"isPartOf\":{\"@id\":\"https:\/\/raspberrypi.dk\/fi\/#website\"},\"primaryImageOfPage\":{\"@id\":\"https:\/\/raspberrypi.dk\/fi\/tietoa-meistae\/#primaryimage\"},\"image\":{\"@id\":\"https:\/\/raspberrypi.dk\/fi\/tietoa-meistae\/#primaryimage\"},\"thumbnailUrl\":\"https:\/\/cdn.shortpixel.ai\/spai\/q_lossy+w_150+to_webp+ret_img\/raspberrypi.dk\/wp-content\/uploads\/2011\/11\/visa-smallpng.png\",\"datePublished\":\"2011-11-11T17:40:58+00:00\",\"description\":\"Kaikki Raspberry Pi!\",\"breadcrumb\":{\"@id\":\"https:\/\/raspberrypi.dk\/fi\/tietoa-meistae\/#breadcrumb\"},\"inLanguage\":\"fi\",\"potentialAction\":[{\"@type\":\"ReadAction\",\"target\":[\"https:\/\/raspberrypi.dk\/fi\/tietoa-meistae\/\"]}]},{\"@type\":\"ImageObject\",\"inLanguage\":\"fi\",\"@id\":\"https:\/\/raspberrypi.dk\/fi\/tietoa-meistae\/#primaryimage\",\"url\":\"https:\/\/cdn.shortpixel.ai\/spai\/q_lossy+w_150+to_webp+ret_img\/raspberrypi.dk\/wp-content\/uploads\/2011\/11\/visa-smallpng.png\",\"contentUrl\":\"https:\/\/cdn.shortpixel.ai\/spai\/q_lossy+w_150+to_webp+ret_img\/raspberrypi.dk\/wp-content\/uploads\/2011\/11\/visa-smallpng.png\"},{\"@type\":\"BreadcrumbList\",\"@id\":\"https:\/\/raspberrypi.dk\/fi\/tietoa-meistae\/#breadcrumb\",\"itemListElement\":[{\"@type\":\"ListItem\",\"position\":1,\"name\":\"Hjem\",\"item\":\"https:\/\/raspberrypi.dk\/fi\/raspberry-pi-verkkokauppa\/\"},{\"@type\":\"ListItem\",\"position\":2,\"name\":\"Tietoa Meist\u00e4\"}]},{\"@type\":\"WebSite\",\"@id\":\"https:\/\/raspberrypi.dk\/fi\/#website\",\"url\":\"https:\/\/raspberrypi.dk\/fi\/\",\"name\":\"RaspberryPi.dk\",\"description\":\"Danmarks f\u00f8rende Raspberry Pi side!\",\"publisher\":{\"@id\":\"https:\/\/raspberrypi.dk\/fi\/#organization\"},\"potentialAction\":[{\"@type\":\"SearchAction\",\"target\":{\"@type\":\"EntryPoint\",\"urlTemplate\":\"https:\/\/raspberrypi.dk\/fi\/?s={search_term_string}\"},\"query-input\":{\"@type\":\"PropertyValueSpecification\",\"valueRequired\":true,\"valueName\":\"search_term_string\"}}],\"inLanguage\":\"fi\"},{\"@type\":\"Organization\",\"@id\":\"https:\/\/raspberrypi.dk\/fi\/#organization\",\"name\":\"RaspberryPi.dk\",\"url\":\"https:\/\/raspberrypi.dk\/fi\/\",\"logo\":{\"@type\":\"ImageObject\",\"inLanguage\":\"fi\",\"@id\":\"https:\/\/raspberrypi.dk\/fi\/#\/schema\/logo\/image\/\",\"url\":\"https:\/\/raspberrypi.dk\/wp-content\/uploads\/2017\/05\/RaspberryPidk_logo-2.png\",\"contentUrl\":\"https:\/\/raspberrypi.dk\/wp-content\/uploads\/2017\/05\/RaspberryPidk_logo-2.png\",\"width\":470,\"height\":110,\"caption\":\"RaspberryPi.dk\"},\"image\":{\"@id\":\"https:\/\/raspberrypi.dk\/fi\/#\/schema\/logo\/image\/\"},\"sameAs\":[\"https:\/\/facebook.com\/RaspberryPiDanmark\",\"https:\/\/x.com\/raspberrypidk\",\"https:\/\/instagram.com\/raspberrypi.dk\"]}]}<\/script>\n<!-- \/ Yoast SEO plugin. -->","yoast_head_json":{"title":"johtava Raspberry Pi -kauppa Pohjoismaissa","description":"Kaikki Raspberry Pi!","robots":{"index":"index","follow":"follow","max-snippet":"max-snippet:-1","max-image-preview":"max-image-preview:large","max-video-preview":"max-video-preview:-1"},"canonical":"https:\/\/raspberrypi.dk\/fi\/tietoa-meistae\/","og_locale":"fi_FI","og_type":"article","og_title":"johtava Raspberry Pi -kauppa Pohjoismaissa","og_description":"Kaikki Raspberry Pi!","og_url":"https:\/\/raspberrypi.dk\/fi\/tietoa-meistae\/","og_site_name":"RaspberryPi.dk","article_publisher":"https:\/\/facebook.com\/RaspberryPiDanmark","og_image":[{"url":"https:\/\/cdn.shortpixel.ai\/spai\/q_lossy+w_150+to_webp+ret_img\/raspberrypi.dk\/wp-content\/uploads\/2011\/11\/visa-smallpng.png","type":"","width":"","height":""}],"twitter_card":"summary_large_image","twitter_site":"@raspberrypidk","schema":{"@context":"https:\/\/schema.org","@graph":[{"@type":"WebPage","@id":"https:\/\/raspberrypi.dk\/fi\/tietoa-meistae\/","url":"https:\/\/raspberrypi.dk\/fi\/tietoa-meistae\/","name":"johtava Raspberry Pi -kauppa Pohjoismaissa","isPartOf":{"@id":"https:\/\/raspberrypi.dk\/fi\/#website"},"primaryImageOfPage":{"@id":"https:\/\/raspberrypi.dk\/fi\/tietoa-meistae\/#primaryimage"},"image":{"@id":"https:\/\/raspberrypi.dk\/fi\/tietoa-meistae\/#primaryimage"},"thumbnailUrl":"https:\/\/cdn.shortpixel.ai\/spai\/q_lossy+w_150+to_webp+ret_img\/raspberrypi.dk\/wp-content\/uploads\/2011\/11\/visa-smallpng.png","datePublished":"2011-11-11T17:40:58+00:00","description":"Kaikki Raspberry Pi!","breadcrumb":{"@id":"https:\/\/raspberrypi.dk\/fi\/tietoa-meistae\/#breadcrumb"},"inLanguage":"fi","potentialAction":[{"@type":"ReadAction","target":["https:\/\/raspberrypi.dk\/fi\/tietoa-meistae\/"]}]},{"@type":"ImageObject","inLanguage":"fi","@id":"https:\/\/raspberrypi.dk\/fi\/tietoa-meistae\/#primaryimage","url":"https:\/\/cdn.shortpixel.ai\/spai\/q_lossy+w_150+to_webp+ret_img\/raspberrypi.dk\/wp-content\/uploads\/2011\/11\/visa-smallpng.png","contentUrl":"https:\/\/cdn.shortpixel.ai\/spai\/q_lossy+w_150+to_webp+ret_img\/raspberrypi.dk\/wp-content\/uploads\/2011\/11\/visa-smallpng.png"},{"@type":"BreadcrumbList","@id":"https:\/\/raspberrypi.dk\/fi\/tietoa-meistae\/#breadcrumb","itemListElement":[{"@type":"ListItem","position":1,"name":"Hjem","item":"https:\/\/raspberrypi.dk\/fi\/raspberry-pi-verkkokauppa\/"},{"@type":"ListItem","position":2,"name":"Tietoa Meist\u00e4"}]},{"@type":"WebSite","@id":"https:\/\/raspberrypi.dk\/fi\/#website","url":"https:\/\/raspberrypi.dk\/fi\/","name":"RaspberryPi.dk","description":"Danmarks f\u00f8rende Raspberry Pi side!","publisher":{"@id":"https:\/\/raspberrypi.dk\/fi\/#organization"},"potentialAction":[{"@type":"SearchAction","target":{"@type":"EntryPoint","urlTemplate":"https:\/\/raspberrypi.dk\/fi\/?s={search_term_string}"},"query-input":{"@type":"PropertyValueSpecification","valueRequired":true,"valueName":"search_term_string"}}],"inLanguage":"fi"},{"@type":"Organization","@id":"https:\/\/raspberrypi.dk\/fi\/#organization","name":"RaspberryPi.dk","url":"https:\/\/raspberrypi.dk\/fi\/","logo":{"@type":"ImageObject","inLanguage":"fi","@id":"https:\/\/raspberrypi.dk\/fi\/#\/schema\/logo\/image\/","url":"https:\/\/raspberrypi.dk\/wp-content\/uploads\/2017\/05\/RaspberryPidk_logo-2.png","contentUrl":"https:\/\/raspberrypi.dk\/wp-content\/uploads\/2017\/05\/RaspberryPidk_logo-2.png","width":470,"height":110,"caption":"RaspberryPi.dk"},"image":{"@id":"https:\/\/raspberrypi.dk\/fi\/#\/schema\/logo\/image\/"},"sameAs":["https:\/\/facebook.com\/RaspberryPiDanmark","https:\/\/x.com\/raspberrypidk","https:\/\/instagram.com\/raspberrypi.dk"]}]}},"_links":{"self":[{"href":"https:\/\/raspberrypi.dk\/fi\/wp-json\/wp\/v2\/pages\/224864","targetHints":{"allow":["GET"]}}],"collection":[{"href":"https:\/\/raspberrypi.dk\/fi\/wp-json\/wp\/v2\/pages"}],"about":[{"href":"https:\/\/raspberrypi.dk\/fi\/wp-json\/wp\/v2\/types\/page"}],"author":[{"embeddable":true,"href":"https:\/\/raspberrypi.dk\/fi\/wp-json\/wp\/v2\/users\/1"}],"replies":[{"embeddable":true,"href":"https:\/\/raspberrypi.dk\/fi\/wp-json\/wp\/v2\/comments?post=224864"}],"version-history":[{"count":0,"href":"https:\/\/raspberrypi.dk\/fi\/wp-json\/wp\/v2\/pages\/224864\/revisions"}],"wp:attachment":[{"href":"https:\/\/raspberrypi.dk\/fi\/wp-json\/wp\/v2\/media?parent=224864"}],"curies":[{"name":"wp","href":"https:\/\/api.w.org\/{rel}","templated":true}]}}