{"id":218226,"date":"2024-02-19T14:11:27","date_gmt":"2024-02-19T13:11:27","guid":{"rendered":"https:\/\/raspberrypi.dk\/?post_type=product&#038;p=218226"},"modified":"2024-07-11T12:07:25","modified_gmt":"2024-07-11T10:07:25","slug":"kksb-7-kosketusnayttokotelo-viralliselle-naytolle-ja-pi-5lle","status":"publish","type":"product","link":"https:\/\/raspberrypi.dk\/fi\/tuote\/kksb-7-kosketusnayttokotelo-viralliselle-naytolle-ja-pi-5lle\/","title":{"rendered":"KKSB 7&#8243; kosketusn\u00e4ytt\u00f6kotelo viralliselle n\u00e4yt\u00f6lle ja Pi 5:lle"},"content":{"rendered":"<div id=\"shopify-section-template--20317341122894__7b4b4c57-2931-4ee9-a230-468b5a914869\" class=\"shopify-section rich-text--section\">\n<section class=\" rich-text--container rich-text-regular \">\n<div class=\" rich-text-block rich-text-alignment-left \">\n<p><a href=\"https:\/\/kksb-cases.com\/pages\/assembly-instruction-kksb-raspberry-pi-5-7-inch-touchscreen-case\">Assembly Guide<\/a><\/p>\n<h2 class=\" rich-text-heading rich-text-heading-large \">Sturdy Build Quality<\/h2>\n<div class=\"rich-text-content rte\" data-rte=\"\">\n<p>Anodised Aluminium Frame with Powder-Coated Steel Base Crafted with precision, the case boasts an anodised black aluminium frame, ensuring robustness and a modern appearance. Laser-engraved labelled cutouts provide easy access to connectors, while the black powder-coated steel base offers a stable platform for your Raspberry Pi configuration.\u00a0Meticulously crafted, this sleek metal case seamlessly merges functionality with an elegant, minimalist design, catering to Raspberry Pi enthusiasts and professionals seeking both versatility and durability.<\/p>\n<\/div>\n<\/div>\n<\/section>\n<\/div>\n<div id=\"shopify-section-template--20317341122894__11d88236-82dc-4e00-8050-2f5e99012d4d\" class=\"shopify-section custom-liquid\">\n<div id=\"\"><\/div>\n<div class=\"section-offset\"><\/div>\n<\/div>\n<div id=\"shopify-section-template--20317341122894__7082a77d-f78d-4fa6-a04a-c141d270734a\" class=\"shopify-section text-and-image\">\n<div class=\"section-offset\">\n<div class=\"page-container\">\n<div class=\"feature-row mod-image-right\">\n<div class=\"feature-row--img mod-right\">\n<div class=\"media-box\"><img decoding=\"async\" src=\"https:\/\/kksb-cases.com\/cdn\/shop\/files\/DSC02943_main.jpg?v=1706360859\" alt=\"\" \/><\/div>\n<\/div>\n<div class=\"feature-row--content\">\n<div class=\"rte feature-row--text\">\n<h4><strong>Versatile Mounting Options<\/strong><\/h4>\n<p>VESA 75 and VESA 100 Compatibility Featuring keyholes on the base, this case supports both vertical and horizontal mounting, catering to various installation requirements. Compatibility with VESA 75 and VESA 100 standards further extends mounting possibilities, enhancing flexibility in deployment.<\/p>\n<\/div>\n<\/div>\n<\/div>\n<\/div>\n<\/div>\n<\/div>\n<div id=\"shopify-section-template--20317341122894__834ffd98-949d-4e3d-aea2-966e864b2f86\" class=\"shopify-section text-and-image\">\n<div class=\"section-offset mod-inverse\">\n<div class=\"page-container\">\n<div class=\"feature-row mod-image-left\">\n<div class=\"feature-row--img mod-left\">\n<div class=\"media-box\"><img decoding=\"async\" src=\"https:\/\/kksb-cases.com\/cdn\/shop\/files\/DSC02940.jpg?v=1706360863\" alt=\"\" \/><\/div>\n<\/div>\n<div class=\"feature-row--content\">\n<div class=\"rte feature-row--text\">\n<h4><\/h4>\n<h4><strong>Some Examples of Possible Applications<\/strong><\/h4>\n<ol start=\"1\" type=\"1\">\n<li><strong>Industrial Settings:<\/strong>\u00a0Ideal for control panels in manufacturing environments, offering seamless data monitoring and analysis for industrial automation setups.<\/li>\n<li><strong>Home Automation:<\/strong>\u00a0Perfect for integration into smart home projects utilizing the Raspberry Pi platform, catering to DIY projects with touchscreen interface requirements.<\/li>\n<li><strong>Educational Use:<\/strong>\u00a0Enhance learning experiences by incorporating touch capabilities into educational projects, and facilitating Raspberry Pi-based demonstrations and workshops.<\/li>\n<li><strong>Embedded Systems:<\/strong>\u00a0Suited for custom projects involving embedded systems necessitating a touchscreen interface, perfect for prototyping and testing in electronics development endeavours.<\/li>\n<\/ol>\n<\/div>\n<\/div>\n<\/div>\n<\/div>\n<\/div>\n<\/div>\n<div id=\"shopify-section-template--20317341122894__9f9bcc24-8852-4668-b8dd-fa1ef87eb182\" class=\"shopify-section text-and-image\">\n<div class=\"section-offset\">\n<div class=\"page-container\">\n<div class=\"feature-row mod-image-right\">\n<div class=\"feature-row--img mod-right\">\n<div class=\"media-box\"><img decoding=\"async\" src=\"https:\/\/kksb-cases.com\/cdn\/shop\/files\/DSC02946.jpg?v=1706360875\" alt=\"\" \/><\/div>\n<\/div>\n<div class=\"feature-row--content\">\n<div class=\"rte feature-row--text\">\n<h4><\/h4>\n<h4><strong>Why Should You Buy This Case?<\/strong><\/h4>\n<ul type=\"disc\">\n<li><strong>Premium Build Quality:\u00a0<\/strong>Anodised black aluminium frame and black powder-coated steel base provide durability and sleek appearance. Laser-engraved labelled cutouts ensure precise access to connectors.<\/li>\n<li><strong>Versatile Mounting Options:<\/strong>\u00a0Keyholes on the base (VESA75 and VESA 100) allow for both vertical and horizontal mounting, offering installation flexibility.<\/li>\n<li><strong>Space for Raspberry Pi Active Cooler and Additional Hardware:\u00a0<\/strong>Dedicated space for the Raspberry Pi 5 Active Cooler and room for custom components like batteries, UPS, and SSD boards (these accessories are not included). Ventilation slots on the side of the case promote optimal airflow, contributing to efficient cooling of internal components.<\/li>\n<li><strong>User-Friendly Design:<\/strong>\u00a0The integrated start button enhances user convenience for powering on or restarting the system. Rubber feet provide stability, preventing slippage on various surfaces.<\/li>\n<\/ul>\n<\/div>\n<\/div>\n<\/div>\n<\/div>\n<\/div>\n<\/div>\n<div id=\"shopify-section-template--20317341122894__f5d84159-e4c1-44ba-bda0-3ab07f60233c\" class=\"shopify-section text-and-image\">\n<div class=\"section-offset mod-inverse\">\n<div class=\"page-container\">\n<div class=\"feature-row mod-image-left\">\n<div class=\"feature-row--img mod-left\">\n<div class=\"media-box\"><img decoding=\"async\" src=\"https:\/\/kksb-cases.com\/cdn\/shop\/files\/DSC02934.jpg?v=1706360867\" alt=\"\" \/><\/div>\n<\/div>\n<div class=\"feature-row--content\">\n<div class=\"rte feature-row--text\">\n<h4><\/h4>\n<h4><strong>User-Friendly Design<\/strong><\/h4>\n<p>The integrated start button enhances user convenience, while rubber feet ensure stability across different environments. Detailed setup instructions, accessible via a QR code on the packaging, guide users through cable connections and the entire setup process seamlessly.<\/p>\n<p>The integrated start button seamlessly blends into the design along with the protective lid for the MicroSD slot.<\/p>\n<p>Applications With its clean, minimalist rectangular design and rounded corners, this Raspberry Pi 5 aluminium case for 7-inch Touchscreen blends seamlessly into both industrial and home environments.<\/p>\n<\/div>\n<\/div>\n<\/div>\n<\/div>\n<\/div>\n<\/div>\n<div id=\"shopify-section-template--20317341122894__d58a98f4-d9a7-4a6d-a9d2-d37c3917ea3c\" class=\"shopify-section text-and-image\">\n<div class=\"section-offset\">\n<div class=\"page-container\">\n<div class=\"feature-row mod-image-right\">\n<div class=\"feature-row--img mod-right\">\n<div class=\"media-box\"><img decoding=\"async\" src=\"https:\/\/kksb-cases.com\/cdn\/shop\/files\/DSC02961.jpg?v=1706360893\" alt=\"\" \/><\/div>\n<\/div>\n<div class=\"feature-row--content\">\n<div class=\"rte feature-row--text\">\n<h4><\/h4>\n<h4><strong>Space for Official Raspberry Pi Active Cooler, SSD, and Additional Hardware<\/strong><\/h4>\n<p>Engineered for practicality, the case incorporates ventilation slots on the side, promoting optimal airflow to safeguard your Raspberry Pi. Additionally, it accommodates the Raspberry Pi 5 Active Cooler (sold separately) and provides space for custom components such as batteries, UPS units, SSD boards, or other expansion boards.<\/p>\n<\/div>\n<\/div>\n<\/div>\n<\/div>\n<\/div>\n<\/div>\n<div id=\"shopify-section-template--20317341122894__54949a5f-e9b4-4570-b3e6-f22d9e0376ff\" class=\"shopify-section text-and-image\">\n<div class=\"section-offset mod-inverse\">\n<div class=\"page-container\">\n<div class=\"feature-row mod-image-left\">\n<div class=\"feature-row--img mod-left\">\n<div class=\"media-box\"><img decoding=\"async\" src=\"https:\/\/kksb-cases.com\/cdn\/shop\/files\/DSC02943.jpg?v=1706360871\" alt=\"\" \/><\/div>\n<\/div>\n<div class=\"feature-row--content\">\n<div class=\"rte feature-row--text\">\n<h4><strong>Items Included<\/strong><\/h4>\n<ul type=\"disc\">\n<li>KKSB Case<\/li>\n<li>Raspberry Pi Display Cable<\/li>\n<li>Rubber Feet<\/li>\n<li>Fasteners<\/li>\n<li>Tweezer<\/li>\n<\/ul>\n<p><strong><u><a href=\"https:\/\/raspberrypi.dk\/produkt\/raspberry-pi-5-8-gb\/\" target=\"_blank\" rel=\"noopener noreferrer\">Raspberry Pi 5 (8GB)<\/a>\u00a0\/\u00a0<a href=\"https:\/\/raspberrypi.dk\/produkt\/raspberry-pi-5-4-gb\/\">(4GB)<\/a>,\u00a0<a href=\"https:\/\/raspberrypi.dk\/produkt\/officielt-raspberry-pi-7-touchscreen-display\/\" target=\"_blank\" rel=\"noopener noreferrer\">Raspberry Pi Touchscreen<\/a>,\u00a0<a href=\"https:\/\/raspberrypi.dk\/produkt\/raspberry-pi-active-cooler\/\" target=\"_blank\" rel=\"noopener noreferrer\">Raspberry Pi Active Cooler<\/a><\/u><\/strong><strong>, SSD, UPS\/Battery, MicroSD Card, and Electronics are NOT included.<\/strong><\/p>\n<\/div>\n<\/div>\n<\/div>\n<\/div>\n<\/div>\n<\/div>\n","protected":false},"excerpt":{"rendered":"<p>KKSB Touchscreen Case on Raspberry Pi 5:lle r\u00e4\u00e4t\u00e4l\u00f6ity premium-kotelo, joka on suunniteltu sopimaan virheett\u00f6m\u00e4sti viralliselle Raspberry Pi:n 7&#8243; kosketusn\u00e4yt\u00f6lle (n\u00e4ytt\u00f6 ei sis\u00e4lly toimitukseen).<\/p>\n","protected":false},"featured_media":218220,"comment_status":"open","ping_status":"closed","template":"","meta":[],"product_brand":[],"product_cat":[728,736],"product_tag":[718],"class_list":{"0":"post-218226","1":"product","2":"type-product","3":"status-publish","4":"has-post-thumbnail","6":"product_cat-raspberry-pi-naytot","7":"product_cat-raspberry-pi-kotelo","8":"product_tag-rpi5-fi","10":"first","11":"outofstock","12":"taxable","13":"shipping-taxable","14":"purchasable","15":"product-type-simple"},"composite_virtual":false,"composite_layout":"","composite_add_to_cart_form_location":"","composite_editable_in_cart":false,"composite_sold_individually_context":"","composite_shop_price_calc":"","composite_components":[],"composite_scenarios":[],"bundled_by":[],"bundle_stock_status":"outofstock","bundle_stock_quantity":0,"bundle_virtual":false,"bundle_layout":"","bundle_add_to_cart_form_location":"","bundle_editable_in_cart":false,"bundle_sold_individually_context":"","bundle_item_grouping":"","bundle_min_size":"","bundle_max_size":"","bundle_price":[],"bundled_items":[],"bundle_sell_ids":[222042],"yoast_head":"<!-- This site is optimized with the Yoast SEO plugin v27.1.1 - https:\/\/yoast.com\/product\/yoast-seo-wordpress\/ -->\n<title>KKSB 7&quot; kosketusn\u00e4ytt\u00f6kotelo viralliselle n\u00e4yt\u00f6lle ja Pi 5:lle \u2022 RaspberryPi.dk<\/title>\n<meta name=\"robots\" content=\"index, follow, max-snippet:-1, max-image-preview:large, max-video-preview:-1\" \/>\n<link rel=\"canonical\" href=\"https:\/\/raspberrypi.dk\/fi\/tuote\/kksb-7-kosketusnayttokotelo-viralliselle-naytolle-ja-pi-5lle\/\" \/>\n<meta property=\"og:locale\" content=\"fi_FI\" \/>\n<meta property=\"og:type\" content=\"article\" \/>\n<meta property=\"og:title\" content=\"KKSB 7&quot; kosketusn\u00e4ytt\u00f6kotelo viralliselle n\u00e4yt\u00f6lle ja Pi 5:lle \u2022 RaspberryPi.dk\" \/>\n<meta property=\"og:description\" content=\"KKSB Touchscreen Case on Raspberry Pi 5:lle r\u00e4\u00e4t\u00e4l\u00f6ity premium-kotelo, joka on suunniteltu sopimaan virheett\u00f6m\u00e4sti viralliselle Raspberry Pi:n 7&quot; kosketusn\u00e4yt\u00f6lle (n\u00e4ytt\u00f6 ei sis\u00e4lly toimitukseen).\" \/>\n<meta property=\"og:url\" content=\"https:\/\/raspberrypi.dk\/fi\/tuote\/kksb-7-kosketusnayttokotelo-viralliselle-naytolle-ja-pi-5lle\/\" \/>\n<meta property=\"og:site_name\" content=\"RaspberryPi.dk\" \/>\n<meta property=\"article:publisher\" content=\"https:\/\/facebook.com\/RaspberryPiDanmark\" \/>\n<meta property=\"article:modified_time\" content=\"2024-07-11T10:07:25+00:00\" \/>\n<meta property=\"og:image\" content=\"https:\/\/raspberrypi.dk\/wp-content\/uploads\/2024\/02\/DSC02943_main_800x544.webp\" \/>\n\t<meta property=\"og:image:width\" content=\"800\" \/>\n\t<meta property=\"og:image:height\" content=\"533\" \/>\n\t<meta property=\"og:image:type\" content=\"image\/webp\" \/>\n<meta name=\"twitter:card\" content=\"summary_large_image\" \/>\n<meta name=\"twitter:site\" content=\"@raspberrypidk\" \/>\n<meta name=\"twitter:label1\" content=\"Arvioitu lukuaika\" \/>\n\t<meta name=\"twitter:data1\" content=\"5 minuuttia\" \/>\n<script type=\"application\/ld+json\" class=\"yoast-schema-graph\">{\"@context\":\"https:\/\/schema.org\",\"@graph\":[{\"@type\":\"WebPage\",\"@id\":\"https:\/\/raspberrypi.dk\/fi\/tuote\/kksb-7-kosketusnayttokotelo-viralliselle-naytolle-ja-pi-5lle\/\",\"url\":\"https:\/\/raspberrypi.dk\/fi\/tuote\/kksb-7-kosketusnayttokotelo-viralliselle-naytolle-ja-pi-5lle\/\",\"name\":\"KKSB 7\\\" kosketusn\u00e4ytt\u00f6kotelo viralliselle n\u00e4yt\u00f6lle ja Pi 5:lle \u2022 RaspberryPi.dk\",\"isPartOf\":{\"@id\":\"https:\/\/raspberrypi.dk\/fi\/#website\"},\"primaryImageOfPage\":{\"@id\":\"https:\/\/raspberrypi.dk\/fi\/tuote\/kksb-7-kosketusnayttokotelo-viralliselle-naytolle-ja-pi-5lle\/#primaryimage\"},\"image\":{\"@id\":\"https:\/\/raspberrypi.dk\/fi\/tuote\/kksb-7-kosketusnayttokotelo-viralliselle-naytolle-ja-pi-5lle\/#primaryimage\"},\"thumbnailUrl\":\"https:\/\/raspberrypi.dk\/wp-content\/uploads\/2024\/02\/DSC02943_main_800x544.webp\",\"datePublished\":\"2024-02-19T13:11:27+00:00\",\"dateModified\":\"2024-07-11T10:07:25+00:00\",\"breadcrumb\":{\"@id\":\"https:\/\/raspberrypi.dk\/fi\/tuote\/kksb-7-kosketusnayttokotelo-viralliselle-naytolle-ja-pi-5lle\/#breadcrumb\"},\"inLanguage\":\"fi\",\"potentialAction\":[{\"@type\":\"ReadAction\",\"target\":[\"https:\/\/raspberrypi.dk\/fi\/tuote\/kksb-7-kosketusnayttokotelo-viralliselle-naytolle-ja-pi-5lle\/\"]}]},{\"@type\":\"ImageObject\",\"inLanguage\":\"fi\",\"@id\":\"https:\/\/raspberrypi.dk\/fi\/tuote\/kksb-7-kosketusnayttokotelo-viralliselle-naytolle-ja-pi-5lle\/#primaryimage\",\"url\":\"https:\/\/raspberrypi.dk\/wp-content\/uploads\/2024\/02\/DSC02943_main_800x544.webp\",\"contentUrl\":\"https:\/\/raspberrypi.dk\/wp-content\/uploads\/2024\/02\/DSC02943_main_800x544.webp\",\"width\":800,\"height\":533,\"caption\":\"KKSB 7 Touchscreen Case Officiel Display og Pi 5\"},{\"@type\":\"BreadcrumbList\",\"@id\":\"https:\/\/raspberrypi.dk\/fi\/tuote\/kksb-7-kosketusnayttokotelo-viralliselle-naytolle-ja-pi-5lle\/#breadcrumb\",\"itemListElement\":[{\"@type\":\"ListItem\",\"position\":1,\"name\":\"Hjem\",\"item\":\"https:\/\/raspberrypi.dk\/fi\/raspberry-pi-verkkokauppa\/\"},{\"@type\":\"ListItem\",\"position\":2,\"name\":\"Shop\",\"item\":\"https:\/\/raspberrypi.dk\/fi\/shop-2\/\"},{\"@type\":\"ListItem\",\"position\":3,\"name\":\"KKSB 7&#8243; kosketusn\u00e4ytt\u00f6kotelo viralliselle n\u00e4yt\u00f6lle ja Pi 5:lle\"}]},{\"@type\":\"WebSite\",\"@id\":\"https:\/\/raspberrypi.dk\/fi\/#website\",\"url\":\"https:\/\/raspberrypi.dk\/fi\/\",\"name\":\"RaspberryPi.dk\",\"description\":\"Danmarks f\u00f8rende Raspberry Pi side!\",\"publisher\":{\"@id\":\"https:\/\/raspberrypi.dk\/fi\/#organization\"},\"potentialAction\":[{\"@type\":\"SearchAction\",\"target\":{\"@type\":\"EntryPoint\",\"urlTemplate\":\"https:\/\/raspberrypi.dk\/fi\/?s={search_term_string}\"},\"query-input\":{\"@type\":\"PropertyValueSpecification\",\"valueRequired\":true,\"valueName\":\"search_term_string\"}}],\"inLanguage\":\"fi\"},{\"@type\":\"Organization\",\"@id\":\"https:\/\/raspberrypi.dk\/fi\/#organization\",\"name\":\"RaspberryPi.dk\",\"url\":\"https:\/\/raspberrypi.dk\/fi\/\",\"logo\":{\"@type\":\"ImageObject\",\"inLanguage\":\"fi\",\"@id\":\"https:\/\/raspberrypi.dk\/fi\/#\/schema\/logo\/image\/\",\"url\":\"https:\/\/raspberrypi.dk\/wp-content\/uploads\/2017\/05\/RaspberryPidk_logo-2.png\",\"contentUrl\":\"https:\/\/raspberrypi.dk\/wp-content\/uploads\/2017\/05\/RaspberryPidk_logo-2.png\",\"width\":470,\"height\":110,\"caption\":\"RaspberryPi.dk\"},\"image\":{\"@id\":\"https:\/\/raspberrypi.dk\/fi\/#\/schema\/logo\/image\/\"},\"sameAs\":[\"https:\/\/facebook.com\/RaspberryPiDanmark\",\"https:\/\/x.com\/raspberrypidk\",\"https:\/\/instagram.com\/raspberrypi.dk\"]}]}<\/script>\n<!-- \/ Yoast SEO plugin. -->","yoast_head_json":{"title":"KKSB 7\" kosketusn\u00e4ytt\u00f6kotelo viralliselle n\u00e4yt\u00f6lle ja Pi 5:lle \u2022 RaspberryPi.dk","robots":{"index":"index","follow":"follow","max-snippet":"max-snippet:-1","max-image-preview":"max-image-preview:large","max-video-preview":"max-video-preview:-1"},"canonical":"https:\/\/raspberrypi.dk\/fi\/tuote\/kksb-7-kosketusnayttokotelo-viralliselle-naytolle-ja-pi-5lle\/","og_locale":"fi_FI","og_type":"article","og_title":"KKSB 7\" kosketusn\u00e4ytt\u00f6kotelo viralliselle n\u00e4yt\u00f6lle ja Pi 5:lle \u2022 RaspberryPi.dk","og_description":"KKSB Touchscreen Case on Raspberry Pi 5:lle r\u00e4\u00e4t\u00e4l\u00f6ity premium-kotelo, joka on suunniteltu sopimaan virheett\u00f6m\u00e4sti viralliselle Raspberry Pi:n 7\" kosketusn\u00e4yt\u00f6lle (n\u00e4ytt\u00f6 ei sis\u00e4lly toimitukseen).","og_url":"https:\/\/raspberrypi.dk\/fi\/tuote\/kksb-7-kosketusnayttokotelo-viralliselle-naytolle-ja-pi-5lle\/","og_site_name":"RaspberryPi.dk","article_publisher":"https:\/\/facebook.com\/RaspberryPiDanmark","article_modified_time":"2024-07-11T10:07:25+00:00","og_image":[{"width":800,"height":533,"url":"https:\/\/raspberrypi.dk\/wp-content\/uploads\/2024\/02\/DSC02943_main_800x544.webp","type":"image\/webp"}],"twitter_card":"summary_large_image","twitter_site":"@raspberrypidk","twitter_misc":{"Arvioitu lukuaika":"5 minuuttia"},"schema":{"@context":"https:\/\/schema.org","@graph":[{"@type":"WebPage","@id":"https:\/\/raspberrypi.dk\/fi\/tuote\/kksb-7-kosketusnayttokotelo-viralliselle-naytolle-ja-pi-5lle\/","url":"https:\/\/raspberrypi.dk\/fi\/tuote\/kksb-7-kosketusnayttokotelo-viralliselle-naytolle-ja-pi-5lle\/","name":"KKSB 7\" kosketusn\u00e4ytt\u00f6kotelo viralliselle n\u00e4yt\u00f6lle ja Pi 5:lle \u2022 RaspberryPi.dk","isPartOf":{"@id":"https:\/\/raspberrypi.dk\/fi\/#website"},"primaryImageOfPage":{"@id":"https:\/\/raspberrypi.dk\/fi\/tuote\/kksb-7-kosketusnayttokotelo-viralliselle-naytolle-ja-pi-5lle\/#primaryimage"},"image":{"@id":"https:\/\/raspberrypi.dk\/fi\/tuote\/kksb-7-kosketusnayttokotelo-viralliselle-naytolle-ja-pi-5lle\/#primaryimage"},"thumbnailUrl":"https:\/\/raspberrypi.dk\/wp-content\/uploads\/2024\/02\/DSC02943_main_800x544.webp","datePublished":"2024-02-19T13:11:27+00:00","dateModified":"2024-07-11T10:07:25+00:00","breadcrumb":{"@id":"https:\/\/raspberrypi.dk\/fi\/tuote\/kksb-7-kosketusnayttokotelo-viralliselle-naytolle-ja-pi-5lle\/#breadcrumb"},"inLanguage":"fi","potentialAction":[{"@type":"ReadAction","target":["https:\/\/raspberrypi.dk\/fi\/tuote\/kksb-7-kosketusnayttokotelo-viralliselle-naytolle-ja-pi-5lle\/"]}]},{"@type":"ImageObject","inLanguage":"fi","@id":"https:\/\/raspberrypi.dk\/fi\/tuote\/kksb-7-kosketusnayttokotelo-viralliselle-naytolle-ja-pi-5lle\/#primaryimage","url":"https:\/\/raspberrypi.dk\/wp-content\/uploads\/2024\/02\/DSC02943_main_800x544.webp","contentUrl":"https:\/\/raspberrypi.dk\/wp-content\/uploads\/2024\/02\/DSC02943_main_800x544.webp","width":800,"height":533,"caption":"KKSB 7 Touchscreen Case Officiel Display og Pi 5"},{"@type":"BreadcrumbList","@id":"https:\/\/raspberrypi.dk\/fi\/tuote\/kksb-7-kosketusnayttokotelo-viralliselle-naytolle-ja-pi-5lle\/#breadcrumb","itemListElement":[{"@type":"ListItem","position":1,"name":"Hjem","item":"https:\/\/raspberrypi.dk\/fi\/raspberry-pi-verkkokauppa\/"},{"@type":"ListItem","position":2,"name":"Shop","item":"https:\/\/raspberrypi.dk\/fi\/shop-2\/"},{"@type":"ListItem","position":3,"name":"KKSB 7&#8243; kosketusn\u00e4ytt\u00f6kotelo viralliselle n\u00e4yt\u00f6lle ja Pi 5:lle"}]},{"@type":"WebSite","@id":"https:\/\/raspberrypi.dk\/fi\/#website","url":"https:\/\/raspberrypi.dk\/fi\/","name":"RaspberryPi.dk","description":"Danmarks f\u00f8rende Raspberry Pi side!","publisher":{"@id":"https:\/\/raspberrypi.dk\/fi\/#organization"},"potentialAction":[{"@type":"SearchAction","target":{"@type":"EntryPoint","urlTemplate":"https:\/\/raspberrypi.dk\/fi\/?s={search_term_string}"},"query-input":{"@type":"PropertyValueSpecification","valueRequired":true,"valueName":"search_term_string"}}],"inLanguage":"fi"},{"@type":"Organization","@id":"https:\/\/raspberrypi.dk\/fi\/#organization","name":"RaspberryPi.dk","url":"https:\/\/raspberrypi.dk\/fi\/","logo":{"@type":"ImageObject","inLanguage":"fi","@id":"https:\/\/raspberrypi.dk\/fi\/#\/schema\/logo\/image\/","url":"https:\/\/raspberrypi.dk\/wp-content\/uploads\/2017\/05\/RaspberryPidk_logo-2.png","contentUrl":"https:\/\/raspberrypi.dk\/wp-content\/uploads\/2017\/05\/RaspberryPidk_logo-2.png","width":470,"height":110,"caption":"RaspberryPi.dk"},"image":{"@id":"https:\/\/raspberrypi.dk\/fi\/#\/schema\/logo\/image\/"},"sameAs":["https:\/\/facebook.com\/RaspberryPiDanmark","https:\/\/x.com\/raspberrypidk","https:\/\/instagram.com\/raspberrypi.dk"]}]}},"_links":{"self":[{"href":"https:\/\/raspberrypi.dk\/fi\/wp-json\/wp\/v2\/product\/218226","targetHints":{"allow":["GET"]}}],"collection":[{"href":"https:\/\/raspberrypi.dk\/fi\/wp-json\/wp\/v2\/product"}],"about":[{"href":"https:\/\/raspberrypi.dk\/fi\/wp-json\/wp\/v2\/types\/product"}],"replies":[{"embeddable":true,"href":"https:\/\/raspberrypi.dk\/fi\/wp-json\/wp\/v2\/comments?post=218226"}],"wp:featuredmedia":[{"embeddable":true,"href":"https:\/\/raspberrypi.dk\/fi\/wp-json\/wp\/v2\/media\/218220"}],"wp:attachment":[{"href":"https:\/\/raspberrypi.dk\/fi\/wp-json\/wp\/v2\/media?parent=218226"}],"wp:term":[{"taxonomy":"product_brand","embeddable":true,"href":"https:\/\/raspberrypi.dk\/fi\/wp-json\/wp\/v2\/product_brand?post=218226"},{"taxonomy":"product_cat","embeddable":true,"href":"https:\/\/raspberrypi.dk\/fi\/wp-json\/wp\/v2\/product_cat?post=218226"},{"taxonomy":"product_tag","embeddable":true,"href":"https:\/\/raspberrypi.dk\/fi\/wp-json\/wp\/v2\/product_tag?post=218226"}],"curies":[{"name":"wp","href":"https:\/\/api.w.org\/{rel}","templated":true}]}}