{"id":219307,"date":"2024-01-19T14:55:09","date_gmt":"2024-01-19T13:55:09","guid":{"rendered":"https:\/\/raspberrypi.dk\/produkt\/waveshare-poe-hat-f-til-raspberry-pi-5\/"},"modified":"2026-05-03T01:41:59","modified_gmt":"2026-05-02T23:41:59","slug":"waveshare-poe-hat-f-til-raspberry-pi-5","status":"publish","type":"product","link":"https:\/\/raspberrypi.dk\/fi\/tuote\/waveshare-poe-hat-f-til-raspberry-pi-5\/","title":{"rendered":"Waveshare PoE HAT (F) for Raspberry Pi 5"},"content":{"rendered":"<h2>Laatikossa<\/h2>\n<ol>\n<li>PoE-hattu (F) x1<\/li>\n<li>Metallinen j\u00e4\u00e4hdytyselementti x1<\/li>\n<li>L\u00e4mp\u00f6nauha (3 kpl) x1<\/li>\n<\/ol>\n<p><img decoding=\"async\" src=\"https:\/\/www.waveshare.com\/img\/devkit\/accBoard\/PoE-HAT-F\/PoE-HAT-F-details-pack.jpg\" \/><\/p>\n<div class=\"pdT\">\n<h2>POE HAT\u00a0Raspberry Pi 5:lle<\/h2>\n<p>Power Over Ethernet HAT Raspberry Pi 5, tukee 802.3af\/at Network Standardia<\/p>\n<p>12V ja 5V virtal\u00e4hd\u00f6t tukemaan enemm\u00e4n oheislaitteita<\/p>\n<p><img decoding=\"async\" src=\"https:\/\/www.waveshare.com\/img\/devkit\/accBoard\/PoE-HAT-F\/PoE-HAT-F-details-1.jpg\" \/><\/p>\n<\/div>\n<p>&nbsp;<\/p>\n<div><\/div>\n<h3>Ominaisuudet yhdell\u00e4 silm\u00e4yksell\u00e4<\/h3>\n<p><strong>PoE HAT<\/strong> (F) on 802.3af\/at-yhteensopiva Power Over Ethernet -lis\u00e4laite <strong>Raspberry Pi 5<\/strong>:.K\u00e4ytt\u00e4m\u00e4ll\u00e4 t\u00e4t\u00e4 pient\u00e4 HAT:ia ja joitain kunnollisia 802.3af\/at-yhteensopivia virranl\u00e4hdelaitteita on mahdollista muodostaa molemmat verkkoyhteydet. ja virtal\u00e4hde Raspberry Pi -laitteellesi vain yhdess\u00e4 Ethernet-kaapelissa.<\/p>\n<ul>\n<li>Vakio Raspberry Pi 40PIN GPIO -otsikko, tukee Raspberry Pi 5:t\u00e4<\/li>\n<li>PoE (Power Over Ethernet) -ominaisuus, IEEE 802.3af\/at-yhteensopiva<\/li>\n<li>T\u00e4ysin eristetty hakkurivirtal\u00e4hde (SMPS)<\/li>\n<li>Laitteessa nopea aktiivinen j\u00e4\u00e4hdytystuuletin, metallinen j\u00e4\u00e4hdytyselementti, parempi l\u00e4mm\u00f6npoisto<\/li>\n<\/ul>\n<div>\n<h3 class=\"richTitle\">Specifications<\/h3>\n<table class=\"tabSty-2 mgnTB alignl\">\n<tbody>\n<tr>\n<th>POE VIRTATULO<\/th>\n<td>37V ~ 57V DC in<\/td>\n<\/tr>\n<tr>\n<th>VIRTAL\u00c4HT\u00d6<\/th>\n<td>GPIO header: 5V 4.5A (MAX)<br \/>\n2P header: 12V 2A (MAX)<\/td>\n<\/tr>\n<tr>\n<th>MITAT<\/th>\n<td>56.5 \u00d7 70.0mm<\/td>\n<\/tr>\n<tr>\n<th>VERKKOSTANDARDI<\/th>\n<td>IEEE\u00a0802.3af\/at PoE<\/td>\n<\/tr>\n<\/tbody>\n<\/table>\n<\/div>\n<p>&nbsp;<\/p>\n<div>\n<h3>Sopii Raspberry Pi 5:lle<\/h3>\n<p>Tavallinen Raspberry Pi 40PIN GPIO pinottava otsikko, mahdollistaa muiden hattujen yhdist\u00e4misen<\/p>\n<p><img decoding=\"async\" src=\"https:\/\/www.waveshare.com\/img\/devkit\/accBoard\/PoE-HAT-F\/PoE-HAT-F-details-3.jpg\" \/><\/p>\n<\/div>\n<p>&nbsp;<\/p>\n<div>\n<h3>Virta Ethernetin kautta<\/h3>\n<p>Tarjoaa sek\u00e4 verkkoyhteyden ett\u00e4 virtal\u00e4hteen Raspberry Pi:lle yhdess\u00e4 kaapelissa<\/p>\n<p><img decoding=\"async\" src=\"https:\/\/www.waveshare.com\/img\/devkit\/accBoard\/PoE-HAT-F\/PoE-HAT-F-details-5.jpg\" \/><\/p>\n<div class=\"msg msg_warning\">* Vain viitteen\u00e4: Raspberry Pi 5 ja kytkin EIV\u00c4T sis\u00e4lly.<\/div>\n<\/div>\n<p>&nbsp;<\/p>\n<div>\n<h3>Sis\u00e4\u00e4nrakennetut 5V ja 12V Header-l\u00e4hd\u00f6t<\/h3>\n<p>5 V Header tarjoaa jopa 4,5 A ulostulon (MAX 25 W 12 V + 5 V kokonaisl\u00e4ht\u00f6teholle)<br \/>\nPystyt sy\u00f6tt\u00e4m\u00e4\u00e4n lis\u00e4laitteita ja tarjoamaan samalla vakaata virtaa Raspberry Pi:lle<\/p>\n<p><img decoding=\"async\" src=\"https:\/\/www.waveshare.com\/img\/devkit\/accBoard\/PoE-HAT-F\/PoE-HAT-F-details-7.jpg\" \/><\/p>\n<\/div>\n<div>\n<h3>Aktiivinen tuuletin<\/h3>\n<p>Nopeuta j\u00e4\u00e4hdytystehoa, vakaampi suorituskyky<\/p>\n<p><img decoding=\"async\" src=\"https:\/\/www.waveshare.com\/img\/devkit\/accBoard\/PoE-HAT-F\/PoE-HAT-F-details-9.jpg\" \/><\/p>\n<\/div>\n<div>\n<h3>Sis\u00e4\u00e4nrakennettu MP8759GD Buck Chip<\/h3>\n<p>Sis\u00e4lt\u00e4\u00e4 alkuper\u00e4isen Voltage Buck-chip<br \/>\nTarjoaa jopa 5 A riitt\u00e4v\u00e4n l\u00e4mm\u00f6npoiston olosuhteissa<\/p>\n<p><img decoding=\"async\" src=\"https:\/\/www.waveshare.com\/img\/devkit\/accBoard\/PoE-HAT-F\/PoE-HAT-F-details-11.jpg\" \/><\/p>\n<\/div>\n<div>\n<h3>Miten asentaa<\/h3>\n<p>Kiinnit\u00e4 ensin l\u00e4mp\u00f6teipit, asenna sitten metallij\u00e4\u00e4hdytyselementti ja kiinnit\u00e4 PoE-hattu<\/p>\n<p><img decoding=\"async\" src=\"https:\/\/www.waveshare.com\/img\/devkit\/accBoard\/PoE-HAT-F\/PoE-HAT-F-details-13.jpg\" \/><\/p>\n<p class=\"note\">* Vain viitteeksi, katso pakkauksen sis\u00e4lt\u00f6 yksityiskohtaisen osaluettelon saamiseksi<\/p>\n<\/div>\n<p>&nbsp;<\/p>\n<div>\n<h3 class=\"richTitle\">Tuoten\u00e4yttely<\/h3>\n<p><img decoding=\"async\" src=\"https:\/\/www.waveshare.com\/img\/devkit\/accBoard\/PoE-HAT-F\/PoE-HAT-F-details-15.jpg\" \/><\/p>\n<\/div>\n<div>\n<h3 class=\"richTitle\">Ulkoreunan mitat<\/h3>\n<p><img decoding=\"async\" src=\"https:\/\/www.waveshare.com\/img\/devkit\/accBoard\/PoE-HAT-F\/PoE-HAT-F-details-size.jpg\" \/><\/p>\n<\/div>\n<div><\/div>\n<div>\n<div class=\"bgGrey\">\n<h3><strong>WIKI:\u00a0<\/strong><a href=\"http:\/\/www.waveshare.com\/wiki\/PoE_HAT_(F)\" target=\"_blank\" rel=\"noopener\">www.waveshare.com\/wiki\/PoE_HAT_(F)<\/a><\/h3>\n<\/div>\n<\/div>\n","protected":false},"excerpt":{"rendered":"<p>Power Over Ethernet HAT (F) Raspberry Pi 5:lle, suuritehoinen, sis\u00e4\u00e4nrakennettu j\u00e4\u00e4hdytystuuletin, metallinen j\u00e4\u00e4hdytyselementti, tukee 802.3af\/At Network Standardia.<\/p>\n","protected":false},"featured_media":219312,"comment_status":"open","ping_status":"closed","template":"","meta":[],"product_brand":[],"product_cat":[732,731],"product_tag":[718],"class_list":{"0":"post-219307","1":"product","2":"type-product","3":"status-publish","4":"has-post-thumbnail","6":"product_cat-hats-gpio","7":"product_cat-raspberry-pi-virtalaehteet","8":"product_tag-rpi5-fi","10":"first","11":"outofstock","12":"taxable","13":"shipping-taxable","14":"purchasable","15":"product-type-simple"},"composite_virtual":false,"composite_layout":"","composite_add_to_cart_form_location":"","composite_editable_in_cart":false,"composite_sold_individually_context":"","composite_shop_price_calc":"","composite_components":[],"composite_scenarios":[],"bundled_by":[],"bundle_stock_status":"outofstock","bundle_stock_quantity":0,"bundle_virtual":false,"bundle_layout":"","bundle_add_to_cart_form_location":"","bundle_editable_in_cart":false,"bundle_sold_individually_context":"","bundle_item_grouping":"","bundle_min_size":"","bundle_max_size":"","bundle_price":[],"bundled_items":[],"bundle_sell_ids":[],"yoast_head":"<!-- This site is optimized with the Yoast SEO plugin v27.1.1 - https:\/\/yoast.com\/product\/yoast-seo-wordpress\/ -->\n<title>Waveshare PoE HAT (F) for Raspberry Pi 5 \u2022 RaspberryPi.dk<\/title>\n<meta name=\"robots\" content=\"index, follow, max-snippet:-1, max-image-preview:large, max-video-preview:-1\" \/>\n<link rel=\"canonical\" href=\"https:\/\/raspberrypi.dk\/fi\/tuote\/waveshare-poe-hat-f-til-raspberry-pi-5\/\" \/>\n<meta property=\"og:locale\" content=\"fi_FI\" \/>\n<meta property=\"og:type\" content=\"article\" \/>\n<meta property=\"og:title\" content=\"Waveshare PoE HAT (F) for Raspberry Pi 5 \u2022 RaspberryPi.dk\" \/>\n<meta property=\"og:description\" content=\"Power Over Ethernet HAT (F) Raspberry Pi 5:lle, suuritehoinen, sis\u00e4\u00e4nrakennettu j\u00e4\u00e4hdytystuuletin, metallinen j\u00e4\u00e4hdytyselementti, tukee 802.3af\/At Network Standardia.\" \/>\n<meta property=\"og:url\" content=\"https:\/\/raspberrypi.dk\/fi\/tuote\/waveshare-poe-hat-f-til-raspberry-pi-5\/\" \/>\n<meta property=\"og:site_name\" content=\"RaspberryPi.dk\" \/>\n<meta property=\"article:publisher\" content=\"https:\/\/facebook.com\/RaspberryPiDanmark\" \/>\n<meta property=\"article:modified_time\" content=\"2026-05-02T23:41:59+00:00\" \/>\n<meta property=\"og:image\" content=\"https:\/\/raspberrypi.dk\/wp-content\/uploads\/2024\/01\/2024-01-05-11-50-43-808.jpg\" \/>\n\t<meta property=\"og:image:width\" content=\"800\" \/>\n\t<meta property=\"og:image:height\" content=\"800\" \/>\n\t<meta property=\"og:image:type\" content=\"image\/jpeg\" \/>\n<meta name=\"twitter:card\" content=\"summary_large_image\" \/>\n<meta name=\"twitter:site\" content=\"@raspberrypidk\" \/>\n<meta name=\"twitter:label1\" content=\"Arvioitu lukuaika\" \/>\n\t<meta name=\"twitter:data1\" content=\"4 minuuttia\" \/>\n<script type=\"application\/ld+json\" class=\"yoast-schema-graph\">{\"@context\":\"https:\/\/schema.org\",\"@graph\":[{\"@type\":\"WebPage\",\"@id\":\"https:\/\/raspberrypi.dk\/fi\/tuote\/waveshare-poe-hat-f-til-raspberry-pi-5\/\",\"url\":\"https:\/\/raspberrypi.dk\/fi\/tuote\/waveshare-poe-hat-f-til-raspberry-pi-5\/\",\"name\":\"Waveshare PoE HAT (F) for Raspberry Pi 5 \u2022 RaspberryPi.dk\",\"isPartOf\":{\"@id\":\"https:\/\/raspberrypi.dk\/fi\/#website\"},\"primaryImageOfPage\":{\"@id\":\"https:\/\/raspberrypi.dk\/fi\/tuote\/waveshare-poe-hat-f-til-raspberry-pi-5\/#primaryimage\"},\"image\":{\"@id\":\"https:\/\/raspberrypi.dk\/fi\/tuote\/waveshare-poe-hat-f-til-raspberry-pi-5\/#primaryimage\"},\"thumbnailUrl\":\"https:\/\/raspberrypi.dk\/wp-content\/uploads\/2024\/01\/2024-01-05-11-50-43-808.jpg\",\"datePublished\":\"2024-01-19T13:55:09+00:00\",\"dateModified\":\"2026-05-02T23:41:59+00:00\",\"breadcrumb\":{\"@id\":\"https:\/\/raspberrypi.dk\/fi\/tuote\/waveshare-poe-hat-f-til-raspberry-pi-5\/#breadcrumb\"},\"inLanguage\":\"fi\",\"potentialAction\":[{\"@type\":\"ReadAction\",\"target\":[\"https:\/\/raspberrypi.dk\/fi\/tuote\/waveshare-poe-hat-f-til-raspberry-pi-5\/\"]}]},{\"@type\":\"ImageObject\",\"inLanguage\":\"fi\",\"@id\":\"https:\/\/raspberrypi.dk\/fi\/tuote\/waveshare-poe-hat-f-til-raspberry-pi-5\/#primaryimage\",\"url\":\"https:\/\/raspberrypi.dk\/wp-content\/uploads\/2024\/01\/2024-01-05-11-50-43-808.jpg\",\"contentUrl\":\"https:\/\/raspberrypi.dk\/wp-content\/uploads\/2024\/01\/2024-01-05-11-50-43-808.jpg\",\"width\":800,\"height\":800,\"caption\":\"Waveshare PoE HAT (F) Raspberry Pi 5\"},{\"@type\":\"BreadcrumbList\",\"@id\":\"https:\/\/raspberrypi.dk\/fi\/tuote\/waveshare-poe-hat-f-til-raspberry-pi-5\/#breadcrumb\",\"itemListElement\":[{\"@type\":\"ListItem\",\"position\":1,\"name\":\"Hjem\",\"item\":\"https:\/\/raspberrypi.dk\/fi\/raspberry-pi-verkkokauppa\/\"},{\"@type\":\"ListItem\",\"position\":2,\"name\":\"Shop\",\"item\":\"https:\/\/raspberrypi.dk\/fi\/shop-2\/\"},{\"@type\":\"ListItem\",\"position\":3,\"name\":\"Waveshare PoE HAT (F) for Raspberry Pi 5\"}]},{\"@type\":\"WebSite\",\"@id\":\"https:\/\/raspberrypi.dk\/fi\/#website\",\"url\":\"https:\/\/raspberrypi.dk\/fi\/\",\"name\":\"RaspberryPi.dk\",\"description\":\"Danmarks f\u00f8rende Raspberry Pi side!\",\"publisher\":{\"@id\":\"https:\/\/raspberrypi.dk\/fi\/#organization\"},\"potentialAction\":[{\"@type\":\"SearchAction\",\"target\":{\"@type\":\"EntryPoint\",\"urlTemplate\":\"https:\/\/raspberrypi.dk\/fi\/?s={search_term_string}\"},\"query-input\":{\"@type\":\"PropertyValueSpecification\",\"valueRequired\":true,\"valueName\":\"search_term_string\"}}],\"inLanguage\":\"fi\"},{\"@type\":\"Organization\",\"@id\":\"https:\/\/raspberrypi.dk\/fi\/#organization\",\"name\":\"RaspberryPi.dk\",\"url\":\"https:\/\/raspberrypi.dk\/fi\/\",\"logo\":{\"@type\":\"ImageObject\",\"inLanguage\":\"fi\",\"@id\":\"https:\/\/raspberrypi.dk\/fi\/#\/schema\/logo\/image\/\",\"url\":\"https:\/\/raspberrypi.dk\/wp-content\/uploads\/2017\/05\/RaspberryPidk_logo-2.png\",\"contentUrl\":\"https:\/\/raspberrypi.dk\/wp-content\/uploads\/2017\/05\/RaspberryPidk_logo-2.png\",\"width\":470,\"height\":110,\"caption\":\"RaspberryPi.dk\"},\"image\":{\"@id\":\"https:\/\/raspberrypi.dk\/fi\/#\/schema\/logo\/image\/\"},\"sameAs\":[\"https:\/\/facebook.com\/RaspberryPiDanmark\",\"https:\/\/x.com\/raspberrypidk\",\"https:\/\/instagram.com\/raspberrypi.dk\"]}]}<\/script>\n<!-- \/ Yoast SEO plugin. -->","yoast_head_json":{"title":"Waveshare PoE HAT (F) for Raspberry Pi 5 \u2022 RaspberryPi.dk","robots":{"index":"index","follow":"follow","max-snippet":"max-snippet:-1","max-image-preview":"max-image-preview:large","max-video-preview":"max-video-preview:-1"},"canonical":"https:\/\/raspberrypi.dk\/fi\/tuote\/waveshare-poe-hat-f-til-raspberry-pi-5\/","og_locale":"fi_FI","og_type":"article","og_title":"Waveshare PoE HAT (F) for Raspberry Pi 5 \u2022 RaspberryPi.dk","og_description":"Power Over Ethernet HAT (F) Raspberry Pi 5:lle, suuritehoinen, sis\u00e4\u00e4nrakennettu j\u00e4\u00e4hdytystuuletin, metallinen j\u00e4\u00e4hdytyselementti, tukee 802.3af\/At Network Standardia.","og_url":"https:\/\/raspberrypi.dk\/fi\/tuote\/waveshare-poe-hat-f-til-raspberry-pi-5\/","og_site_name":"RaspberryPi.dk","article_publisher":"https:\/\/facebook.com\/RaspberryPiDanmark","article_modified_time":"2026-05-02T23:41:59+00:00","og_image":[{"width":800,"height":800,"url":"https:\/\/raspberrypi.dk\/wp-content\/uploads\/2024\/01\/2024-01-05-11-50-43-808.jpg","type":"image\/jpeg"}],"twitter_card":"summary_large_image","twitter_site":"@raspberrypidk","twitter_misc":{"Arvioitu lukuaika":"4 minuuttia"},"schema":{"@context":"https:\/\/schema.org","@graph":[{"@type":"WebPage","@id":"https:\/\/raspberrypi.dk\/fi\/tuote\/waveshare-poe-hat-f-til-raspberry-pi-5\/","url":"https:\/\/raspberrypi.dk\/fi\/tuote\/waveshare-poe-hat-f-til-raspberry-pi-5\/","name":"Waveshare PoE HAT (F) for Raspberry Pi 5 \u2022 RaspberryPi.dk","isPartOf":{"@id":"https:\/\/raspberrypi.dk\/fi\/#website"},"primaryImageOfPage":{"@id":"https:\/\/raspberrypi.dk\/fi\/tuote\/waveshare-poe-hat-f-til-raspberry-pi-5\/#primaryimage"},"image":{"@id":"https:\/\/raspberrypi.dk\/fi\/tuote\/waveshare-poe-hat-f-til-raspberry-pi-5\/#primaryimage"},"thumbnailUrl":"https:\/\/raspberrypi.dk\/wp-content\/uploads\/2024\/01\/2024-01-05-11-50-43-808.jpg","datePublished":"2024-01-19T13:55:09+00:00","dateModified":"2026-05-02T23:41:59+00:00","breadcrumb":{"@id":"https:\/\/raspberrypi.dk\/fi\/tuote\/waveshare-poe-hat-f-til-raspberry-pi-5\/#breadcrumb"},"inLanguage":"fi","potentialAction":[{"@type":"ReadAction","target":["https:\/\/raspberrypi.dk\/fi\/tuote\/waveshare-poe-hat-f-til-raspberry-pi-5\/"]}]},{"@type":"ImageObject","inLanguage":"fi","@id":"https:\/\/raspberrypi.dk\/fi\/tuote\/waveshare-poe-hat-f-til-raspberry-pi-5\/#primaryimage","url":"https:\/\/raspberrypi.dk\/wp-content\/uploads\/2024\/01\/2024-01-05-11-50-43-808.jpg","contentUrl":"https:\/\/raspberrypi.dk\/wp-content\/uploads\/2024\/01\/2024-01-05-11-50-43-808.jpg","width":800,"height":800,"caption":"Waveshare PoE HAT (F) Raspberry Pi 5"},{"@type":"BreadcrumbList","@id":"https:\/\/raspberrypi.dk\/fi\/tuote\/waveshare-poe-hat-f-til-raspberry-pi-5\/#breadcrumb","itemListElement":[{"@type":"ListItem","position":1,"name":"Hjem","item":"https:\/\/raspberrypi.dk\/fi\/raspberry-pi-verkkokauppa\/"},{"@type":"ListItem","position":2,"name":"Shop","item":"https:\/\/raspberrypi.dk\/fi\/shop-2\/"},{"@type":"ListItem","position":3,"name":"Waveshare PoE HAT (F) for Raspberry Pi 5"}]},{"@type":"WebSite","@id":"https:\/\/raspberrypi.dk\/fi\/#website","url":"https:\/\/raspberrypi.dk\/fi\/","name":"RaspberryPi.dk","description":"Danmarks f\u00f8rende Raspberry Pi side!","publisher":{"@id":"https:\/\/raspberrypi.dk\/fi\/#organization"},"potentialAction":[{"@type":"SearchAction","target":{"@type":"EntryPoint","urlTemplate":"https:\/\/raspberrypi.dk\/fi\/?s={search_term_string}"},"query-input":{"@type":"PropertyValueSpecification","valueRequired":true,"valueName":"search_term_string"}}],"inLanguage":"fi"},{"@type":"Organization","@id":"https:\/\/raspberrypi.dk\/fi\/#organization","name":"RaspberryPi.dk","url":"https:\/\/raspberrypi.dk\/fi\/","logo":{"@type":"ImageObject","inLanguage":"fi","@id":"https:\/\/raspberrypi.dk\/fi\/#\/schema\/logo\/image\/","url":"https:\/\/raspberrypi.dk\/wp-content\/uploads\/2017\/05\/RaspberryPidk_logo-2.png","contentUrl":"https:\/\/raspberrypi.dk\/wp-content\/uploads\/2017\/05\/RaspberryPidk_logo-2.png","width":470,"height":110,"caption":"RaspberryPi.dk"},"image":{"@id":"https:\/\/raspberrypi.dk\/fi\/#\/schema\/logo\/image\/"},"sameAs":["https:\/\/facebook.com\/RaspberryPiDanmark","https:\/\/x.com\/raspberrypidk","https:\/\/instagram.com\/raspberrypi.dk"]}]}},"_links":{"self":[{"href":"https:\/\/raspberrypi.dk\/fi\/wp-json\/wp\/v2\/product\/219307","targetHints":{"allow":["GET"]}}],"collection":[{"href":"https:\/\/raspberrypi.dk\/fi\/wp-json\/wp\/v2\/product"}],"about":[{"href":"https:\/\/raspberrypi.dk\/fi\/wp-json\/wp\/v2\/types\/product"}],"replies":[{"embeddable":true,"href":"https:\/\/raspberrypi.dk\/fi\/wp-json\/wp\/v2\/comments?post=219307"}],"wp:featuredmedia":[{"embeddable":true,"href":"https:\/\/raspberrypi.dk\/fi\/wp-json\/wp\/v2\/media\/219312"}],"wp:attachment":[{"href":"https:\/\/raspberrypi.dk\/fi\/wp-json\/wp\/v2\/media?parent=219307"}],"wp:term":[{"taxonomy":"product_brand","embeddable":true,"href":"https:\/\/raspberrypi.dk\/fi\/wp-json\/wp\/v2\/product_brand?post=219307"},{"taxonomy":"product_cat","embeddable":true,"href":"https:\/\/raspberrypi.dk\/fi\/wp-json\/wp\/v2\/product_cat?post=219307"},{"taxonomy":"product_tag","embeddable":true,"href":"https:\/\/raspberrypi.dk\/fi\/wp-json\/wp\/v2\/product_tag?post=219307"}],"curies":[{"name":"wp","href":"https:\/\/api.w.org\/{rel}","templated":true}]}}