{"id":219313,"date":"2024-01-19T14:55:08","date_gmt":"2024-01-19T13:55:08","guid":{"rendered":"https:\/\/raspberrypi.dk\/produkt\/waveshare-pcie-til-m-2-adapter-til-raspberry-pi-5\/"},"modified":"2026-01-10T19:53:42","modified_gmt":"2026-01-10T18:53:42","slug":"waveshare-pcie-til-m-2-adapter-til-raspberry-pi-5","status":"publish","type":"product","link":"https:\/\/raspberrypi.dk\/fi\/tuote\/waveshare-pcie-til-m-2-adapter-til-raspberry-pi-5\/","title":{"rendered":"Waveshare PCIe for M.2 Adapter for Raspberry Pi 5"},"content":{"rendered":"<div class=\"pdT\">\n<h3>Laatikossa<\/h3>\n<ol>\n<li>PCIe TO M.2 HAT+ x1<\/li>\n<li>2*20 Pin header x1<\/li>\n<li>16P-kaapeli-40mm x1<\/li>\n<li>Standoff pakkaus x1<\/li>\n<\/ol>\n<h3><img decoding=\"async\" src=\"https:\/\/www.waveshare.com\/img\/devkit\/accBoard\/PCIe-TO-M.2-HAT-Plus\/PCIe-TO-M.2-HAT-Plus-details-pack.jpg\" \/><\/h3>\n<h3><\/h3>\n<h3>PCIe M.2 -sovitin Raspberry Pi 5:lle<\/h3>\n<p>Suunniteltu Raspberry Pi 5:lle<\/p>\n<p>Sovitin NVMe-protokollan M.2 Solid State Drive -asemalle, nopea luku\/kirjoitus<\/p>\n<p><img decoding=\"async\" src=\"https:\/\/www.waveshare.com\/img\/devkit\/accBoard\/PCIe-TO-M.2-HAT-Plus\/PCIe-TO-M.2-HAT-Plus-details-1.jpg\" \/><\/p>\n<\/div>\n<p>&nbsp;<\/p>\n<div>\n<h3>Yhdist\u00e4minen PI5:een 16PIN-kaapelilla<\/h3>\n<p>Perustuu Raspberry Pi 5:n 16PIN PCIe-liit\u00e4nt\u00e4\u00e4n<\/p>\n<p><img decoding=\"async\" src=\"https:\/\/www.waveshare.com\/img\/devkit\/accBoard\/PCIe-TO-M.2-HAT-Plus\/PCIe-TO-M.2-HAT-Plus-details-2.jpg\" \/><\/p>\n<p class=\"note\">* Vain viitteeksi, katso pakkauksen sis\u00e4lt\u00f6 yksityiskohtaisen osaluettelon saamiseksi<\/p>\n<\/div>\n<p>&nbsp;<\/p>\n<div>\n<h3>NVMe Drive Protocol -tuki<\/h3>\n<p>Yhteensopiva 2230\/2242-koon M.2 Solid State Drive -aseman kanssaTukee Gen2- ja Gen3-tiloja, tukee PI5-k\u00e4ynnistyst\u00e4 Solid State Drive -asemalta<\/p>\n<p><img decoding=\"async\" src=\"https:\/\/www.waveshare.com\/img\/devkit\/accBoard\/PCIe-TO-M.2-HAT-Plus\/PCIe-TO-M.2-HAT-Plus-details-3.jpg\" \/><\/p>\n<\/div>\n<p>&nbsp;<\/p>\n<div>\n<h3>Sis\u00e4\u00e4nrakennetut kaksi LED-ilmaisinta<\/h3>\n<p>Helppo seurata ty\u00f6tilaa<\/p>\n<p><img decoding=\"async\" src=\"https:\/\/www.waveshare.com\/img\/devkit\/accBoard\/PCIe-TO-M.2-HAT-Plus\/PCIe-TO-M.2-HAT-Plus-details-5.jpg\" \/><\/p>\n<\/div>\n<p>&nbsp;<\/p>\n<div>\n<h3>Sis\u00e4\u00e4nrakennettu tehonvalvontasiru ja EEPROM<\/h3>\n<p>Puolijohdeaseman tehon tilan reaaliaikainen valvonta vakaamman toiminnan takaamiseksi<\/p>\n<p><img decoding=\"async\" src=\"https:\/\/www.waveshare.com\/img\/devkit\/accBoard\/PCIe-TO-M.2-HAT-Plus\/PCIe-TO-M.2-HAT-Plus-details-7.jpg\" \/><\/p>\n<\/div>\n<p>&nbsp;<\/p>\n<div>\n<h3>Varattu tuuletusaukko j\u00e4\u00e4hdytystuulettimelle<\/h3>\n<p>Parempi j\u00e4\u00e4hdytysteho Pi5- ja Solid State Drive -asemalle<\/p>\n<p><img decoding=\"async\" src=\"https:\/\/www.waveshare.com\/img\/devkit\/accBoard\/PCIe-TO-M.2-HAT-Plus\/PCIe-TO-M.2-HAT-Plus-details-9.jpg\" \/><\/p>\n<p class=\"note\">* Vain viitteeksi, <a href=\"https:\/\/raspberrypi.dk\/fi\/tuote\/produkt\/raspberry-pi-5-4-gb-ram\/\" target=\"_blank\" rel=\"noopener\">Raspberry Pi 5<\/a>, <a href=\"https:\/\/raspberrypi.dk\/fi\/toute\/produkt\/raspberry-pi-active-cooler\/\" target=\"_blank\" rel=\"noopener\">cooling fan<\/a> ja Solid State Drive eiv\u00e4t sis\u00e4lly toimitukseen<\/p>\n<\/div>\n<p>&nbsp;<\/p>\n<div>\n<h3 class=\"richTitle\">Miten asentaa<\/h3>\n<p><img decoding=\"async\" src=\"https:\/\/www.waveshare.com\/img\/devkit\/accBoard\/PCIe-TO-M.2-HAT-Plus\/PCIe-TO-M.2-HAT-Plus-details-11.jpg\" \/><\/p>\n<p class=\"note\">* Vain viitteeksi, katso pakkauksen sis\u00e4lt\u00f6 yksityiskohtaisen osaluettelon saamiseksi<\/p>\n<\/div>\n<p>&nbsp;<\/p>\n<div>\n<h3 class=\"richTitle\">Ulkoreunan mitat<\/h3>\n<p><img decoding=\"async\" src=\"https:\/\/www.waveshare.com\/img\/devkit\/accBoard\/PCIe-TO-M.2-HAT-Plus\/PCIe-TO-M.2-HAT-Plus-details-size.jpg\" \/><\/p>\n<\/div>\n<div><\/div>\n<div>\n<div id=\"waveshare_product_content\">\n<div class=\"std\">\n<div class=\"richWrap\">\n<div>\n<h3 class=\"bgGrey\"><strong>Wiki:\u00a0<\/strong><a href=\"http:\/\/www.waveshare.com\/wiki\/PCIe_TO_M.2_HAT+\" target=\"_blank\" rel=\"noopener\">www.waveshare.com\/wiki\/PCIe_TO_M.2_HAT+<\/a><\/h3>\n<\/div>\n<\/div>\n<\/div>\n<\/div>\n<\/div>\n","protected":false},"excerpt":{"rendered":"<p>PCIe to M.2 -sovitin Raspberry Pi 5:lle, tukee NVMe Protocol M.2 Solid State Drive -asemaa, nopea luku\/kirjoitus, HAT + standardi.<\/p>\n","protected":false},"featured_media":219318,"comment_status":"open","ping_status":"closed","template":"","meta":[],"product_brand":[],"product_cat":[732,727],"product_tag":[718],"class_list":{"0":"post-219313","1":"product","2":"type-product","3":"status-publish","4":"has-post-thumbnail","6":"product_cat-hats-gpio","7":"product_cat-tallennus-usb-ssd","8":"product_tag-rpi5-fi","10":"first","11":"instock","12":"taxable","13":"shipping-taxable","14":"purchasable","15":"product-type-simple"},"composite_virtual":false,"composite_layout":"","composite_add_to_cart_form_location":"","composite_editable_in_cart":false,"composite_sold_individually_context":"","composite_shop_price_calc":"","composite_components":[],"composite_scenarios":[],"bundled_by":[],"bundle_stock_status":"instock","bundle_stock_quantity":2,"bundle_virtual":false,"bundle_layout":"","bundle_add_to_cart_form_location":"","bundle_editable_in_cart":false,"bundle_sold_individually_context":"","bundle_item_grouping":"","bundle_min_size":"","bundle_max_size":"","bundle_price":[],"bundled_items":[],"bundle_sell_ids":[],"yoast_head":"<!-- This site is optimized with the Yoast SEO plugin v27.1.1 - https:\/\/yoast.com\/product\/yoast-seo-wordpress\/ -->\n<title>Waveshare PCIe for M.2 Adapter for Raspberry Pi 5 \u2022 RaspberryPi.dk<\/title>\n<meta name=\"robots\" content=\"index, follow, max-snippet:-1, max-image-preview:large, max-video-preview:-1\" \/>\n<link rel=\"canonical\" href=\"https:\/\/raspberrypi.dk\/fi\/tuote\/waveshare-pcie-til-m-2-adapter-til-raspberry-pi-5\/\" \/>\n<meta property=\"og:locale\" content=\"fi_FI\" \/>\n<meta property=\"og:type\" content=\"article\" \/>\n<meta property=\"og:title\" content=\"Waveshare PCIe for M.2 Adapter for Raspberry Pi 5 \u2022 RaspberryPi.dk\" \/>\n<meta property=\"og:description\" content=\"PCIe to M.2 -sovitin Raspberry Pi 5:lle, tukee NVMe Protocol M.2 Solid State Drive -asemaa, nopea luku\/kirjoitus, HAT + standardi.\" \/>\n<meta property=\"og:url\" content=\"https:\/\/raspberrypi.dk\/fi\/tuote\/waveshare-pcie-til-m-2-adapter-til-raspberry-pi-5\/\" \/>\n<meta property=\"og:site_name\" content=\"RaspberryPi.dk\" \/>\n<meta property=\"article:publisher\" content=\"https:\/\/facebook.com\/RaspberryPiDanmark\" \/>\n<meta property=\"article:modified_time\" content=\"2026-01-10T18:53:42+00:00\" \/>\n<meta property=\"og:image\" content=\"https:\/\/raspberrypi.dk\/wp-content\/uploads\/2024\/01\/pcie-to-m.2-hat-plus-1.jpg\" \/>\n\t<meta property=\"og:image:width\" content=\"800\" \/>\n\t<meta property=\"og:image:height\" content=\"800\" \/>\n\t<meta property=\"og:image:type\" content=\"image\/jpeg\" \/>\n<meta name=\"twitter:card\" content=\"summary_large_image\" \/>\n<meta name=\"twitter:site\" content=\"@raspberrypidk\" \/>\n<meta name=\"twitter:label1\" content=\"Arvioitu lukuaika\" \/>\n\t<meta name=\"twitter:data1\" content=\"3 minuuttia\" \/>\n<script type=\"application\/ld+json\" class=\"yoast-schema-graph\">{\"@context\":\"https:\/\/schema.org\",\"@graph\":[{\"@type\":\"WebPage\",\"@id\":\"https:\/\/raspberrypi.dk\/fi\/tuote\/waveshare-pcie-til-m-2-adapter-til-raspberry-pi-5\/\",\"url\":\"https:\/\/raspberrypi.dk\/fi\/tuote\/waveshare-pcie-til-m-2-adapter-til-raspberry-pi-5\/\",\"name\":\"Waveshare PCIe for M.2 Adapter for Raspberry Pi 5 \u2022 RaspberryPi.dk\",\"isPartOf\":{\"@id\":\"https:\/\/raspberrypi.dk\/fi\/#website\"},\"primaryImageOfPage\":{\"@id\":\"https:\/\/raspberrypi.dk\/fi\/tuote\/waveshare-pcie-til-m-2-adapter-til-raspberry-pi-5\/#primaryimage\"},\"image\":{\"@id\":\"https:\/\/raspberrypi.dk\/fi\/tuote\/waveshare-pcie-til-m-2-adapter-til-raspberry-pi-5\/#primaryimage\"},\"thumbnailUrl\":\"https:\/\/raspberrypi.dk\/wp-content\/uploads\/2024\/01\/pcie-to-m.2-hat-plus-1.jpg\",\"datePublished\":\"2024-01-19T13:55:08+00:00\",\"dateModified\":\"2026-01-10T18:53:42+00:00\",\"breadcrumb\":{\"@id\":\"https:\/\/raspberrypi.dk\/fi\/tuote\/waveshare-pcie-til-m-2-adapter-til-raspberry-pi-5\/#breadcrumb\"},\"inLanguage\":\"fi\",\"potentialAction\":[{\"@type\":\"ReadAction\",\"target\":[\"https:\/\/raspberrypi.dk\/fi\/tuote\/waveshare-pcie-til-m-2-adapter-til-raspberry-pi-5\/\"]}]},{\"@type\":\"ImageObject\",\"inLanguage\":\"fi\",\"@id\":\"https:\/\/raspberrypi.dk\/fi\/tuote\/waveshare-pcie-til-m-2-adapter-til-raspberry-pi-5\/#primaryimage\",\"url\":\"https:\/\/raspberrypi.dk\/wp-content\/uploads\/2024\/01\/pcie-to-m.2-hat-plus-1.jpg\",\"contentUrl\":\"https:\/\/raspberrypi.dk\/wp-content\/uploads\/2024\/01\/pcie-to-m.2-hat-plus-1.jpg\",\"width\":800,\"height\":800,\"caption\":\"PCIe To M.2 Adapter Raspberry Pi 5\"},{\"@type\":\"BreadcrumbList\",\"@id\":\"https:\/\/raspberrypi.dk\/fi\/tuote\/waveshare-pcie-til-m-2-adapter-til-raspberry-pi-5\/#breadcrumb\",\"itemListElement\":[{\"@type\":\"ListItem\",\"position\":1,\"name\":\"Hjem\",\"item\":\"https:\/\/raspberrypi.dk\/fi\/raspberry-pi-verkkokauppa\/\"},{\"@type\":\"ListItem\",\"position\":2,\"name\":\"Shop\",\"item\":\"https:\/\/raspberrypi.dk\/fi\/shop-2\/\"},{\"@type\":\"ListItem\",\"position\":3,\"name\":\"Waveshare PCIe for M.2 Adapter for Raspberry Pi 5\"}]},{\"@type\":\"WebSite\",\"@id\":\"https:\/\/raspberrypi.dk\/fi\/#website\",\"url\":\"https:\/\/raspberrypi.dk\/fi\/\",\"name\":\"RaspberryPi.dk\",\"description\":\"Danmarks f\u00f8rende Raspberry Pi side!\",\"publisher\":{\"@id\":\"https:\/\/raspberrypi.dk\/fi\/#organization\"},\"potentialAction\":[{\"@type\":\"SearchAction\",\"target\":{\"@type\":\"EntryPoint\",\"urlTemplate\":\"https:\/\/raspberrypi.dk\/fi\/?s={search_term_string}\"},\"query-input\":{\"@type\":\"PropertyValueSpecification\",\"valueRequired\":true,\"valueName\":\"search_term_string\"}}],\"inLanguage\":\"fi\"},{\"@type\":\"Organization\",\"@id\":\"https:\/\/raspberrypi.dk\/fi\/#organization\",\"name\":\"RaspberryPi.dk\",\"url\":\"https:\/\/raspberrypi.dk\/fi\/\",\"logo\":{\"@type\":\"ImageObject\",\"inLanguage\":\"fi\",\"@id\":\"https:\/\/raspberrypi.dk\/fi\/#\/schema\/logo\/image\/\",\"url\":\"https:\/\/raspberrypi.dk\/wp-content\/uploads\/2017\/05\/RaspberryPidk_logo-2.png\",\"contentUrl\":\"https:\/\/raspberrypi.dk\/wp-content\/uploads\/2017\/05\/RaspberryPidk_logo-2.png\",\"width\":470,\"height\":110,\"caption\":\"RaspberryPi.dk\"},\"image\":{\"@id\":\"https:\/\/raspberrypi.dk\/fi\/#\/schema\/logo\/image\/\"},\"sameAs\":[\"https:\/\/facebook.com\/RaspberryPiDanmark\",\"https:\/\/x.com\/raspberrypidk\",\"https:\/\/instagram.com\/raspberrypi.dk\"]}]}<\/script>\n<!-- \/ Yoast SEO plugin. -->","yoast_head_json":{"title":"Waveshare PCIe for M.2 Adapter for Raspberry Pi 5 \u2022 RaspberryPi.dk","robots":{"index":"index","follow":"follow","max-snippet":"max-snippet:-1","max-image-preview":"max-image-preview:large","max-video-preview":"max-video-preview:-1"},"canonical":"https:\/\/raspberrypi.dk\/fi\/tuote\/waveshare-pcie-til-m-2-adapter-til-raspberry-pi-5\/","og_locale":"fi_FI","og_type":"article","og_title":"Waveshare PCIe for M.2 Adapter for Raspberry Pi 5 \u2022 RaspberryPi.dk","og_description":"PCIe to M.2 -sovitin Raspberry Pi 5:lle, tukee NVMe Protocol M.2 Solid State Drive -asemaa, nopea luku\/kirjoitus, HAT + standardi.","og_url":"https:\/\/raspberrypi.dk\/fi\/tuote\/waveshare-pcie-til-m-2-adapter-til-raspberry-pi-5\/","og_site_name":"RaspberryPi.dk","article_publisher":"https:\/\/facebook.com\/RaspberryPiDanmark","article_modified_time":"2026-01-10T18:53:42+00:00","og_image":[{"width":800,"height":800,"url":"https:\/\/raspberrypi.dk\/wp-content\/uploads\/2024\/01\/pcie-to-m.2-hat-plus-1.jpg","type":"image\/jpeg"}],"twitter_card":"summary_large_image","twitter_site":"@raspberrypidk","twitter_misc":{"Arvioitu lukuaika":"3 minuuttia"},"schema":{"@context":"https:\/\/schema.org","@graph":[{"@type":"WebPage","@id":"https:\/\/raspberrypi.dk\/fi\/tuote\/waveshare-pcie-til-m-2-adapter-til-raspberry-pi-5\/","url":"https:\/\/raspberrypi.dk\/fi\/tuote\/waveshare-pcie-til-m-2-adapter-til-raspberry-pi-5\/","name":"Waveshare PCIe for M.2 Adapter for Raspberry Pi 5 \u2022 RaspberryPi.dk","isPartOf":{"@id":"https:\/\/raspberrypi.dk\/fi\/#website"},"primaryImageOfPage":{"@id":"https:\/\/raspberrypi.dk\/fi\/tuote\/waveshare-pcie-til-m-2-adapter-til-raspberry-pi-5\/#primaryimage"},"image":{"@id":"https:\/\/raspberrypi.dk\/fi\/tuote\/waveshare-pcie-til-m-2-adapter-til-raspberry-pi-5\/#primaryimage"},"thumbnailUrl":"https:\/\/raspberrypi.dk\/wp-content\/uploads\/2024\/01\/pcie-to-m.2-hat-plus-1.jpg","datePublished":"2024-01-19T13:55:08+00:00","dateModified":"2026-01-10T18:53:42+00:00","breadcrumb":{"@id":"https:\/\/raspberrypi.dk\/fi\/tuote\/waveshare-pcie-til-m-2-adapter-til-raspberry-pi-5\/#breadcrumb"},"inLanguage":"fi","potentialAction":[{"@type":"ReadAction","target":["https:\/\/raspberrypi.dk\/fi\/tuote\/waveshare-pcie-til-m-2-adapter-til-raspberry-pi-5\/"]}]},{"@type":"ImageObject","inLanguage":"fi","@id":"https:\/\/raspberrypi.dk\/fi\/tuote\/waveshare-pcie-til-m-2-adapter-til-raspberry-pi-5\/#primaryimage","url":"https:\/\/raspberrypi.dk\/wp-content\/uploads\/2024\/01\/pcie-to-m.2-hat-plus-1.jpg","contentUrl":"https:\/\/raspberrypi.dk\/wp-content\/uploads\/2024\/01\/pcie-to-m.2-hat-plus-1.jpg","width":800,"height":800,"caption":"PCIe To M.2 Adapter Raspberry Pi 5"},{"@type":"BreadcrumbList","@id":"https:\/\/raspberrypi.dk\/fi\/tuote\/waveshare-pcie-til-m-2-adapter-til-raspberry-pi-5\/#breadcrumb","itemListElement":[{"@type":"ListItem","position":1,"name":"Hjem","item":"https:\/\/raspberrypi.dk\/fi\/raspberry-pi-verkkokauppa\/"},{"@type":"ListItem","position":2,"name":"Shop","item":"https:\/\/raspberrypi.dk\/fi\/shop-2\/"},{"@type":"ListItem","position":3,"name":"Waveshare PCIe for M.2 Adapter for Raspberry Pi 5"}]},{"@type":"WebSite","@id":"https:\/\/raspberrypi.dk\/fi\/#website","url":"https:\/\/raspberrypi.dk\/fi\/","name":"RaspberryPi.dk","description":"Danmarks f\u00f8rende Raspberry Pi side!","publisher":{"@id":"https:\/\/raspberrypi.dk\/fi\/#organization"},"potentialAction":[{"@type":"SearchAction","target":{"@type":"EntryPoint","urlTemplate":"https:\/\/raspberrypi.dk\/fi\/?s={search_term_string}"},"query-input":{"@type":"PropertyValueSpecification","valueRequired":true,"valueName":"search_term_string"}}],"inLanguage":"fi"},{"@type":"Organization","@id":"https:\/\/raspberrypi.dk\/fi\/#organization","name":"RaspberryPi.dk","url":"https:\/\/raspberrypi.dk\/fi\/","logo":{"@type":"ImageObject","inLanguage":"fi","@id":"https:\/\/raspberrypi.dk\/fi\/#\/schema\/logo\/image\/","url":"https:\/\/raspberrypi.dk\/wp-content\/uploads\/2017\/05\/RaspberryPidk_logo-2.png","contentUrl":"https:\/\/raspberrypi.dk\/wp-content\/uploads\/2017\/05\/RaspberryPidk_logo-2.png","width":470,"height":110,"caption":"RaspberryPi.dk"},"image":{"@id":"https:\/\/raspberrypi.dk\/fi\/#\/schema\/logo\/image\/"},"sameAs":["https:\/\/facebook.com\/RaspberryPiDanmark","https:\/\/x.com\/raspberrypidk","https:\/\/instagram.com\/raspberrypi.dk"]}]}},"_links":{"self":[{"href":"https:\/\/raspberrypi.dk\/fi\/wp-json\/wp\/v2\/product\/219313","targetHints":{"allow":["GET"]}}],"collection":[{"href":"https:\/\/raspberrypi.dk\/fi\/wp-json\/wp\/v2\/product"}],"about":[{"href":"https:\/\/raspberrypi.dk\/fi\/wp-json\/wp\/v2\/types\/product"}],"replies":[{"embeddable":true,"href":"https:\/\/raspberrypi.dk\/fi\/wp-json\/wp\/v2\/comments?post=219313"}],"wp:featuredmedia":[{"embeddable":true,"href":"https:\/\/raspberrypi.dk\/fi\/wp-json\/wp\/v2\/media\/219318"}],"wp:attachment":[{"href":"https:\/\/raspberrypi.dk\/fi\/wp-json\/wp\/v2\/media?parent=219313"}],"wp:term":[{"taxonomy":"product_brand","embeddable":true,"href":"https:\/\/raspberrypi.dk\/fi\/wp-json\/wp\/v2\/product_brand?post=219313"},{"taxonomy":"product_cat","embeddable":true,"href":"https:\/\/raspberrypi.dk\/fi\/wp-json\/wp\/v2\/product_cat?post=219313"},{"taxonomy":"product_tag","embeddable":true,"href":"https:\/\/raspberrypi.dk\/fi\/wp-json\/wp\/v2\/product_tag?post=219313"}],"curies":[{"name":"wp","href":"https:\/\/api.w.org\/{rel}","templated":true}]}}