{"id":219385,"date":"2024-01-11T09:53:09","date_gmt":"2024-01-11T08:53:09","guid":{"rendered":"https:\/\/raspberrypi.dk\/produkt\/m-2-nvme-expansion-board-til-argon-neo-5-case\/"},"modified":"2026-02-24T08:56:11","modified_gmt":"2026-02-24T07:56:11","slug":"m-2-nvme-expansion-board-til-argon-neo-5-case","status":"publish","type":"product","link":"https:\/\/raspberrypi.dk\/fi\/tuote\/m-2-nvme-expansion-board-til-argon-neo-5-case\/","title":{"rendered":"M.2 NVME Expansion Board Argon NEO 5 Case"},"content":{"rendered":"<p><a href=\"https:\/\/argon40.com\/blogs\/argon-resources\">Download manual<\/a>.<\/p>\n<ul>\n<li><strong>M.2 NVME Expansion Board\u00a0<\/strong> vie NEO 5 uudelle tasolle M.2 NVME -levynlaajennusominaisuuksilla<\/li>\n<li><strong>Boot your Raspberry Pi 5 from an NVME M.2 Drive<\/strong>.<\/li>\n<li><strong>Built-in HEATSINK\u00a0<\/strong>for your<strong>\u00a0M.2 NVME Drive<\/strong><\/li>\n<li><strong>Enjoy faster and higher storage<\/strong>\u00a0p\u00e4\u00e4sy liitt\u00e4m\u00e4ll\u00e4 M.2 NVME-asemat Raspberry Pi 5:n PCIe-paikan kautta<\/li>\n<li><strong>Versatile M.2 NVME support<\/strong>\u00a0 i yhteensopiva mink\u00e4 tahansa M.2 NVME:n kanssa M-Keyll\u00e4 aina 2280 kokoon asti<\/li>\n<li><strong>Greater thermal management<\/strong>\u00a0M.2 NVME:ss\u00e4 mukana toimitetulla M.2-asemalle ominaisella alumiinij\u00e4\u00e4hdytyselementill\u00e4, joka pit\u00e4\u00e4 sen viile\u00e4n\u00e4, tehokkaana ja pidemp\u00e4\u00e4n toiminnassa<\/li>\n<li><strong>Reliable and consistent data transfer <\/strong>mukana toimitetulla FPC-impedanssiohjatulla kaapelilla<\/li>\n<\/ul>\n","protected":false},"excerpt":{"rendered":"<p>M.2 NVME -laajennuskortti nostaa NEO 5:n uudelle tasolle M.2 NVME -asemalaajennusvaihtoehdoilla.<\/p>\n","protected":false},"featured_media":219392,"comment_status":"open","ping_status":"closed","template":"","meta":[],"product_brand":[],"product_cat":[736,727],"product_tag":[718],"class_list":{"0":"post-219385","1":"product","2":"type-product","3":"status-publish","4":"has-post-thumbnail","6":"product_cat-raspberry-pi-kotelo","7":"product_cat-tallennus-usb-ssd","8":"product_tag-rpi5-fi","10":"first","11":"instock","12":"taxable","13":"shipping-taxable","14":"purchasable","15":"product-type-simple"},"composite_virtual":false,"composite_layout":"","composite_add_to_cart_form_location":"","composite_editable_in_cart":false,"composite_sold_individually_context":"","composite_shop_price_calc":"","composite_components":[],"composite_scenarios":[],"bundled_by":[],"bundle_stock_status":"instock","bundle_stock_quantity":24,"bundle_virtual":false,"bundle_layout":"","bundle_add_to_cart_form_location":"","bundle_editable_in_cart":false,"bundle_sold_individually_context":"","bundle_item_grouping":"","bundle_min_size":"","bundle_max_size":"","bundle_price":[],"bundled_items":[],"bundle_sell_ids":[219629,219305],"yoast_head":"<!-- This site is optimized with the Yoast SEO plugin v27.1.1 - https:\/\/yoast.com\/product\/yoast-seo-wordpress\/ -->\n<title>M.2 NVME Expansion Board Argon NEO 5 Case \u2022 RaspberryPi.dk<\/title>\n<meta name=\"robots\" content=\"index, follow, max-snippet:-1, max-image-preview:large, max-video-preview:-1\" \/>\n<link rel=\"canonical\" href=\"https:\/\/raspberrypi.dk\/fi\/tuote\/m-2-nvme-expansion-board-til-argon-neo-5-case\/\" \/>\n<meta property=\"og:locale\" content=\"fi_FI\" \/>\n<meta property=\"og:type\" content=\"article\" \/>\n<meta property=\"og:title\" content=\"M.2 NVME Expansion Board Argon NEO 5 Case \u2022 RaspberryPi.dk\" \/>\n<meta property=\"og:description\" content=\"M.2 NVME -laajennuskortti nostaa NEO 5:n uudelle tasolle M.2 NVME -asemalaajennusvaihtoehdoilla.\" \/>\n<meta property=\"og:url\" content=\"https:\/\/raspberrypi.dk\/fi\/tuote\/m-2-nvme-expansion-board-til-argon-neo-5-case\/\" \/>\n<meta property=\"og:site_name\" content=\"RaspberryPi.dk\" \/>\n<meta property=\"article:publisher\" content=\"https:\/\/facebook.com\/RaspberryPiDanmark\" \/>\n<meta property=\"article:modified_time\" content=\"2026-02-24T07:56:11+00:00\" \/>\n<meta property=\"og:image\" content=\"https:\/\/raspberrypi.dk\/wp-content\/uploads\/2024\/01\/231219.1_713x.webp\" \/>\n\t<meta property=\"og:image:width\" content=\"713\" \/>\n\t<meta property=\"og:image:height\" content=\"535\" \/>\n\t<meta property=\"og:image:type\" content=\"image\/webp\" \/>\n<meta name=\"twitter:card\" content=\"summary_large_image\" \/>\n<meta name=\"twitter:site\" content=\"@raspberrypidk\" \/>\n<meta name=\"twitter:label1\" content=\"Arvioitu lukuaika\" \/>\n\t<meta name=\"twitter:data1\" content=\"1 minuutti\" \/>\n<script type=\"application\/ld+json\" class=\"yoast-schema-graph\">{\"@context\":\"https:\/\/schema.org\",\"@graph\":[{\"@type\":\"WebPage\",\"@id\":\"https:\/\/raspberrypi.dk\/fi\/tuote\/m-2-nvme-expansion-board-til-argon-neo-5-case\/\",\"url\":\"https:\/\/raspberrypi.dk\/fi\/tuote\/m-2-nvme-expansion-board-til-argon-neo-5-case\/\",\"name\":\"M.2 NVME Expansion Board Argon NEO 5 Case \u2022 RaspberryPi.dk\",\"isPartOf\":{\"@id\":\"https:\/\/raspberrypi.dk\/fi\/#website\"},\"primaryImageOfPage\":{\"@id\":\"https:\/\/raspberrypi.dk\/fi\/tuote\/m-2-nvme-expansion-board-til-argon-neo-5-case\/#primaryimage\"},\"image\":{\"@id\":\"https:\/\/raspberrypi.dk\/fi\/tuote\/m-2-nvme-expansion-board-til-argon-neo-5-case\/#primaryimage\"},\"thumbnailUrl\":\"https:\/\/raspberrypi.dk\/wp-content\/uploads\/2024\/01\/231219.1_713x.webp\",\"datePublished\":\"2024-01-11T08:53:09+00:00\",\"dateModified\":\"2026-02-24T07:56:11+00:00\",\"breadcrumb\":{\"@id\":\"https:\/\/raspberrypi.dk\/fi\/tuote\/m-2-nvme-expansion-board-til-argon-neo-5-case\/#breadcrumb\"},\"inLanguage\":\"fi\",\"potentialAction\":[{\"@type\":\"ReadAction\",\"target\":[\"https:\/\/raspberrypi.dk\/fi\/tuote\/m-2-nvme-expansion-board-til-argon-neo-5-case\/\"]}]},{\"@type\":\"ImageObject\",\"inLanguage\":\"fi\",\"@id\":\"https:\/\/raspberrypi.dk\/fi\/tuote\/m-2-nvme-expansion-board-til-argon-neo-5-case\/#primaryimage\",\"url\":\"https:\/\/raspberrypi.dk\/wp-content\/uploads\/2024\/01\/231219.1_713x.webp\",\"contentUrl\":\"https:\/\/raspberrypi.dk\/wp-content\/uploads\/2024\/01\/231219.1_713x.webp\",\"width\":713,\"height\":535,\"caption\":\"Argon NEO 5 M.2 NVME Expansion Board\"},{\"@type\":\"BreadcrumbList\",\"@id\":\"https:\/\/raspberrypi.dk\/fi\/tuote\/m-2-nvme-expansion-board-til-argon-neo-5-case\/#breadcrumb\",\"itemListElement\":[{\"@type\":\"ListItem\",\"position\":1,\"name\":\"Hjem\",\"item\":\"https:\/\/raspberrypi.dk\/fi\/raspberry-pi-verkkokauppa\/\"},{\"@type\":\"ListItem\",\"position\":2,\"name\":\"Shop\",\"item\":\"https:\/\/raspberrypi.dk\/fi\/shop-2\/\"},{\"@type\":\"ListItem\",\"position\":3,\"name\":\"M.2 NVME Expansion Board Argon NEO 5 Case\"}]},{\"@type\":\"WebSite\",\"@id\":\"https:\/\/raspberrypi.dk\/fi\/#website\",\"url\":\"https:\/\/raspberrypi.dk\/fi\/\",\"name\":\"RaspberryPi.dk\",\"description\":\"Danmarks f\u00f8rende Raspberry Pi side!\",\"publisher\":{\"@id\":\"https:\/\/raspberrypi.dk\/fi\/#organization\"},\"potentialAction\":[{\"@type\":\"SearchAction\",\"target\":{\"@type\":\"EntryPoint\",\"urlTemplate\":\"https:\/\/raspberrypi.dk\/fi\/?s={search_term_string}\"},\"query-input\":{\"@type\":\"PropertyValueSpecification\",\"valueRequired\":true,\"valueName\":\"search_term_string\"}}],\"inLanguage\":\"fi\"},{\"@type\":\"Organization\",\"@id\":\"https:\/\/raspberrypi.dk\/fi\/#organization\",\"name\":\"RaspberryPi.dk\",\"url\":\"https:\/\/raspberrypi.dk\/fi\/\",\"logo\":{\"@type\":\"ImageObject\",\"inLanguage\":\"fi\",\"@id\":\"https:\/\/raspberrypi.dk\/fi\/#\/schema\/logo\/image\/\",\"url\":\"https:\/\/raspberrypi.dk\/wp-content\/uploads\/2017\/05\/RaspberryPidk_logo-2.png\",\"contentUrl\":\"https:\/\/raspberrypi.dk\/wp-content\/uploads\/2017\/05\/RaspberryPidk_logo-2.png\",\"width\":470,\"height\":110,\"caption\":\"RaspberryPi.dk\"},\"image\":{\"@id\":\"https:\/\/raspberrypi.dk\/fi\/#\/schema\/logo\/image\/\"},\"sameAs\":[\"https:\/\/facebook.com\/RaspberryPiDanmark\",\"https:\/\/x.com\/raspberrypidk\",\"https:\/\/instagram.com\/raspberrypi.dk\"]}]}<\/script>\n<!-- \/ Yoast SEO plugin. -->","yoast_head_json":{"title":"M.2 NVME Expansion Board Argon NEO 5 Case \u2022 RaspberryPi.dk","robots":{"index":"index","follow":"follow","max-snippet":"max-snippet:-1","max-image-preview":"max-image-preview:large","max-video-preview":"max-video-preview:-1"},"canonical":"https:\/\/raspberrypi.dk\/fi\/tuote\/m-2-nvme-expansion-board-til-argon-neo-5-case\/","og_locale":"fi_FI","og_type":"article","og_title":"M.2 NVME Expansion Board Argon NEO 5 Case \u2022 RaspberryPi.dk","og_description":"M.2 NVME -laajennuskortti nostaa NEO 5:n uudelle tasolle M.2 NVME -asemalaajennusvaihtoehdoilla.","og_url":"https:\/\/raspberrypi.dk\/fi\/tuote\/m-2-nvme-expansion-board-til-argon-neo-5-case\/","og_site_name":"RaspberryPi.dk","article_publisher":"https:\/\/facebook.com\/RaspberryPiDanmark","article_modified_time":"2026-02-24T07:56:11+00:00","og_image":[{"width":713,"height":535,"url":"https:\/\/raspberrypi.dk\/wp-content\/uploads\/2024\/01\/231219.1_713x.webp","type":"image\/webp"}],"twitter_card":"summary_large_image","twitter_site":"@raspberrypidk","twitter_misc":{"Arvioitu lukuaika":"1 minuutti"},"schema":{"@context":"https:\/\/schema.org","@graph":[{"@type":"WebPage","@id":"https:\/\/raspberrypi.dk\/fi\/tuote\/m-2-nvme-expansion-board-til-argon-neo-5-case\/","url":"https:\/\/raspberrypi.dk\/fi\/tuote\/m-2-nvme-expansion-board-til-argon-neo-5-case\/","name":"M.2 NVME Expansion Board Argon NEO 5 Case \u2022 RaspberryPi.dk","isPartOf":{"@id":"https:\/\/raspberrypi.dk\/fi\/#website"},"primaryImageOfPage":{"@id":"https:\/\/raspberrypi.dk\/fi\/tuote\/m-2-nvme-expansion-board-til-argon-neo-5-case\/#primaryimage"},"image":{"@id":"https:\/\/raspberrypi.dk\/fi\/tuote\/m-2-nvme-expansion-board-til-argon-neo-5-case\/#primaryimage"},"thumbnailUrl":"https:\/\/raspberrypi.dk\/wp-content\/uploads\/2024\/01\/231219.1_713x.webp","datePublished":"2024-01-11T08:53:09+00:00","dateModified":"2026-02-24T07:56:11+00:00","breadcrumb":{"@id":"https:\/\/raspberrypi.dk\/fi\/tuote\/m-2-nvme-expansion-board-til-argon-neo-5-case\/#breadcrumb"},"inLanguage":"fi","potentialAction":[{"@type":"ReadAction","target":["https:\/\/raspberrypi.dk\/fi\/tuote\/m-2-nvme-expansion-board-til-argon-neo-5-case\/"]}]},{"@type":"ImageObject","inLanguage":"fi","@id":"https:\/\/raspberrypi.dk\/fi\/tuote\/m-2-nvme-expansion-board-til-argon-neo-5-case\/#primaryimage","url":"https:\/\/raspberrypi.dk\/wp-content\/uploads\/2024\/01\/231219.1_713x.webp","contentUrl":"https:\/\/raspberrypi.dk\/wp-content\/uploads\/2024\/01\/231219.1_713x.webp","width":713,"height":535,"caption":"Argon NEO 5 M.2 NVME Expansion Board"},{"@type":"BreadcrumbList","@id":"https:\/\/raspberrypi.dk\/fi\/tuote\/m-2-nvme-expansion-board-til-argon-neo-5-case\/#breadcrumb","itemListElement":[{"@type":"ListItem","position":1,"name":"Hjem","item":"https:\/\/raspberrypi.dk\/fi\/raspberry-pi-verkkokauppa\/"},{"@type":"ListItem","position":2,"name":"Shop","item":"https:\/\/raspberrypi.dk\/fi\/shop-2\/"},{"@type":"ListItem","position":3,"name":"M.2 NVME Expansion Board Argon NEO 5 Case"}]},{"@type":"WebSite","@id":"https:\/\/raspberrypi.dk\/fi\/#website","url":"https:\/\/raspberrypi.dk\/fi\/","name":"RaspberryPi.dk","description":"Danmarks f\u00f8rende Raspberry Pi side!","publisher":{"@id":"https:\/\/raspberrypi.dk\/fi\/#organization"},"potentialAction":[{"@type":"SearchAction","target":{"@type":"EntryPoint","urlTemplate":"https:\/\/raspberrypi.dk\/fi\/?s={search_term_string}"},"query-input":{"@type":"PropertyValueSpecification","valueRequired":true,"valueName":"search_term_string"}}],"inLanguage":"fi"},{"@type":"Organization","@id":"https:\/\/raspberrypi.dk\/fi\/#organization","name":"RaspberryPi.dk","url":"https:\/\/raspberrypi.dk\/fi\/","logo":{"@type":"ImageObject","inLanguage":"fi","@id":"https:\/\/raspberrypi.dk\/fi\/#\/schema\/logo\/image\/","url":"https:\/\/raspberrypi.dk\/wp-content\/uploads\/2017\/05\/RaspberryPidk_logo-2.png","contentUrl":"https:\/\/raspberrypi.dk\/wp-content\/uploads\/2017\/05\/RaspberryPidk_logo-2.png","width":470,"height":110,"caption":"RaspberryPi.dk"},"image":{"@id":"https:\/\/raspberrypi.dk\/fi\/#\/schema\/logo\/image\/"},"sameAs":["https:\/\/facebook.com\/RaspberryPiDanmark","https:\/\/x.com\/raspberrypidk","https:\/\/instagram.com\/raspberrypi.dk"]}]}},"_links":{"self":[{"href":"https:\/\/raspberrypi.dk\/fi\/wp-json\/wp\/v2\/product\/219385","targetHints":{"allow":["GET"]}}],"collection":[{"href":"https:\/\/raspberrypi.dk\/fi\/wp-json\/wp\/v2\/product"}],"about":[{"href":"https:\/\/raspberrypi.dk\/fi\/wp-json\/wp\/v2\/types\/product"}],"replies":[{"embeddable":true,"href":"https:\/\/raspberrypi.dk\/fi\/wp-json\/wp\/v2\/comments?post=219385"}],"wp:featuredmedia":[{"embeddable":true,"href":"https:\/\/raspberrypi.dk\/fi\/wp-json\/wp\/v2\/media\/219392"}],"wp:attachment":[{"href":"https:\/\/raspberrypi.dk\/fi\/wp-json\/wp\/v2\/media?parent=219385"}],"wp:term":[{"taxonomy":"product_brand","embeddable":true,"href":"https:\/\/raspberrypi.dk\/fi\/wp-json\/wp\/v2\/product_brand?post=219385"},{"taxonomy":"product_cat","embeddable":true,"href":"https:\/\/raspberrypi.dk\/fi\/wp-json\/wp\/v2\/product_cat?post=219385"},{"taxonomy":"product_tag","embeddable":true,"href":"https:\/\/raspberrypi.dk\/fi\/wp-json\/wp\/v2\/product_tag?post=219385"}],"curies":[{"name":"wp","href":"https:\/\/api.w.org\/{rel}","templated":true}]}}