{"id":219393,"date":"2024-01-11T09:51:50","date_gmt":"2024-01-11T08:51:50","guid":{"rendered":"https:\/\/raspberrypi.dk\/produkt\/argon-neo-5-m-2-nvme-case-til-raspberry-pi-5\/"},"modified":"2026-02-20T08:23:36","modified_gmt":"2026-02-20T07:23:36","slug":"argon-neo-5-m-2-nvme-case-til-raspberry-pi-5","status":"publish","type":"product","link":"https:\/\/raspberrypi.dk\/fi\/tuote\/argon-neo-5-m-2-nvme-case-til-raspberry-pi-5\/","title":{"rendered":"Argon NEO 5 M.2 NVME Case Raspberry Pi 5"},"content":{"rendered":"<p><a href=\"https:\/\/argon40.com\/blogs\/argon-resources\">Download manual<\/a>.<\/p>\n<ul>\n<li><strong>Argon NEO 5 M.2 NVME Case<\/strong> laajentaa Raspberry\u00a0Pi 5 -potentiaaliasi entisest\u00e4\u00e4n<strong>\u00a0M.2 NVME Expansion Board\u00a0<\/strong>support.<\/li>\n<li><strong>K\u00e4ynnist\u00e4 Raspberry Pi 5 NVME M.2 -asemasta.<\/strong><\/li>\n<li><strong>Built-in HEATSINK\u00a0<\/strong>for your<strong>\u00a0M.2 NVME Drive<\/strong><\/li>\n<li><strong>Nauti nopeammasta ja paremmasta<\/strong> tallennustilasta yhdist\u00e4m\u00e4ll\u00e4 M.2 NVME-asemat Raspberry Pi 5:n PCIe-paikan kautta<\/li>\n<li><strong>Monipuolinen M.2 NVME -tuki<\/strong>\u00a0yhteensopiva mink\u00e4 tahansa M.2 NVME:n kanssa M-Keyll\u00e4 aina 2280 kokoon asti<\/li>\n<li><strong>Parempi l\u00e4mm\u00f6nhallinta<\/strong> M.2 NVME:ss\u00e4 mukana toimitetulla M.2-asemalle ominaisella alumiinij\u00e4\u00e4hdytyselementill\u00e4, joka pit\u00e4\u00e4 sen viile\u00e4n\u00e4, tehokkaana ja toiminnassa pidemp\u00e4\u00e4n<\/li>\n<li><strong>Luotettava ja johdonmukainen tiedonsiirto<\/strong> mukana toimitetulla FPC-impedanssiohjatulla kaapelilla<\/li>\n<\/ul>\n","protected":false},"excerpt":{"rendered":"<p>Argon NEO 5 M.2 NVME -kotelo laajentaa edelleen Raspberry Pi 5 -potentiaaliasi M.2 NVME -laajennuslevyn tuella.<\/p>\n","protected":false},"featured_media":220963,"comment_status":"open","ping_status":"closed","template":"","meta":[],"product_brand":[],"product_cat":[736,727],"product_tag":[718],"class_list":{"0":"post-219393","1":"product","2":"type-product","3":"status-publish","4":"has-post-thumbnail","6":"product_cat-raspberry-pi-kotelo","7":"product_cat-tallennus-usb-ssd","8":"product_tag-rpi5-fi","10":"first","11":"instock","12":"taxable","13":"shipping-taxable","14":"purchasable","15":"product-type-simple"},"composite_virtual":false,"composite_layout":"","composite_add_to_cart_form_location":"","composite_editable_in_cart":false,"composite_sold_individually_context":"","composite_shop_price_calc":"","composite_components":[],"composite_scenarios":[],"bundled_by":[],"bundle_stock_status":"instock","bundle_stock_quantity":89,"bundle_virtual":false,"bundle_layout":"","bundle_add_to_cart_form_location":"","bundle_editable_in_cart":false,"bundle_sold_individually_context":"","bundle_item_grouping":"","bundle_min_size":"","bundle_max_size":"","bundle_price":[],"bundled_items":[],"bundle_sell_ids":[219629,219305],"yoast_head":"<!-- This site is optimized with the Yoast SEO plugin v27.1.1 - https:\/\/yoast.com\/product\/yoast-seo-wordpress\/ -->\n<title>Argon NEO 5 M.2 NVME Case Raspberry Pi 5 \u2022 RaspberryPi.dk<\/title>\n<meta name=\"robots\" content=\"index, follow, max-snippet:-1, max-image-preview:large, max-video-preview:-1\" \/>\n<link rel=\"canonical\" href=\"https:\/\/raspberrypi.dk\/fi\/tuote\/argon-neo-5-m-2-nvme-case-til-raspberry-pi-5\/\" \/>\n<meta property=\"og:locale\" content=\"fi_FI\" \/>\n<meta property=\"og:type\" content=\"article\" \/>\n<meta property=\"og:title\" content=\"Argon NEO 5 M.2 NVME Case Raspberry Pi 5 \u2022 RaspberryPi.dk\" \/>\n<meta property=\"og:description\" content=\"Argon NEO 5 M.2 NVME -kotelo laajentaa edelleen Raspberry Pi 5 -potentiaaliasi M.2 NVME -laajennuslevyn tuella.\" \/>\n<meta property=\"og:url\" content=\"https:\/\/raspberrypi.dk\/fi\/tuote\/argon-neo-5-m-2-nvme-case-til-raspberry-pi-5\/\" \/>\n<meta property=\"og:site_name\" content=\"RaspberryPi.dk\" \/>\n<meta property=\"article:publisher\" content=\"https:\/\/facebook.com\/RaspberryPiDanmark\" \/>\n<meta property=\"article:modified_time\" content=\"2026-02-20T07:23:36+00:00\" \/>\n<meta property=\"og:image\" content=\"https:\/\/raspberrypi.dk\/wp-content\/uploads\/2024\/01\/AMZ_AR-NEO-5_NVMe_20240202_01.webp\" \/>\n\t<meta property=\"og:image:width\" content=\"1800\" \/>\n\t<meta property=\"og:image:height\" content=\"1800\" \/>\n\t<meta property=\"og:image:type\" content=\"image\/webp\" \/>\n<meta name=\"twitter:card\" content=\"summary_large_image\" \/>\n<meta name=\"twitter:site\" content=\"@raspberrypidk\" \/>\n<meta name=\"twitter:label1\" content=\"Arvioitu lukuaika\" \/>\n\t<meta name=\"twitter:data1\" content=\"1 minuutti\" \/>\n<script type=\"application\/ld+json\" class=\"yoast-schema-graph\">{\"@context\":\"https:\/\/schema.org\",\"@graph\":[{\"@type\":\"WebPage\",\"@id\":\"https:\/\/raspberrypi.dk\/fi\/tuote\/argon-neo-5-m-2-nvme-case-til-raspberry-pi-5\/\",\"url\":\"https:\/\/raspberrypi.dk\/fi\/tuote\/argon-neo-5-m-2-nvme-case-til-raspberry-pi-5\/\",\"name\":\"Argon NEO 5 M.2 NVME Case Raspberry Pi 5 \u2022 RaspberryPi.dk\",\"isPartOf\":{\"@id\":\"https:\/\/raspberrypi.dk\/fi\/#website\"},\"primaryImageOfPage\":{\"@id\":\"https:\/\/raspberrypi.dk\/fi\/tuote\/argon-neo-5-m-2-nvme-case-til-raspberry-pi-5\/#primaryimage\"},\"image\":{\"@id\":\"https:\/\/raspberrypi.dk\/fi\/tuote\/argon-neo-5-m-2-nvme-case-til-raspberry-pi-5\/#primaryimage\"},\"thumbnailUrl\":\"https:\/\/raspberrypi.dk\/wp-content\/uploads\/2024\/01\/AMZ_AR-NEO-5_NVMe_20240202_01.webp\",\"datePublished\":\"2024-01-11T08:51:50+00:00\",\"dateModified\":\"2026-02-20T07:23:36+00:00\",\"breadcrumb\":{\"@id\":\"https:\/\/raspberrypi.dk\/fi\/tuote\/argon-neo-5-m-2-nvme-case-til-raspberry-pi-5\/#breadcrumb\"},\"inLanguage\":\"fi\",\"potentialAction\":[{\"@type\":\"ReadAction\",\"target\":[\"https:\/\/raspberrypi.dk\/fi\/tuote\/argon-neo-5-m-2-nvme-case-til-raspberry-pi-5\/\"]}]},{\"@type\":\"ImageObject\",\"inLanguage\":\"fi\",\"@id\":\"https:\/\/raspberrypi.dk\/fi\/tuote\/argon-neo-5-m-2-nvme-case-til-raspberry-pi-5\/#primaryimage\",\"url\":\"https:\/\/raspberrypi.dk\/wp-content\/uploads\/2024\/01\/AMZ_AR-NEO-5_NVMe_20240202_01.webp\",\"contentUrl\":\"https:\/\/raspberrypi.dk\/wp-content\/uploads\/2024\/01\/AMZ_AR-NEO-5_NVMe_20240202_01.webp\",\"width\":1800,\"height\":1800,\"caption\":\"argon neo 5 nvme pcie case pi 5\"},{\"@type\":\"BreadcrumbList\",\"@id\":\"https:\/\/raspberrypi.dk\/fi\/tuote\/argon-neo-5-m-2-nvme-case-til-raspberry-pi-5\/#breadcrumb\",\"itemListElement\":[{\"@type\":\"ListItem\",\"position\":1,\"name\":\"Hjem\",\"item\":\"https:\/\/raspberrypi.dk\/fi\/raspberry-pi-verkkokauppa\/\"},{\"@type\":\"ListItem\",\"position\":2,\"name\":\"Shop\",\"item\":\"https:\/\/raspberrypi.dk\/fi\/shop-2\/\"},{\"@type\":\"ListItem\",\"position\":3,\"name\":\"Argon NEO 5 M.2 NVME Case Raspberry Pi 5\"}]},{\"@type\":\"WebSite\",\"@id\":\"https:\/\/raspberrypi.dk\/fi\/#website\",\"url\":\"https:\/\/raspberrypi.dk\/fi\/\",\"name\":\"RaspberryPi.dk\",\"description\":\"Danmarks f\u00f8rende Raspberry Pi side!\",\"publisher\":{\"@id\":\"https:\/\/raspberrypi.dk\/fi\/#organization\"},\"potentialAction\":[{\"@type\":\"SearchAction\",\"target\":{\"@type\":\"EntryPoint\",\"urlTemplate\":\"https:\/\/raspberrypi.dk\/fi\/?s={search_term_string}\"},\"query-input\":{\"@type\":\"PropertyValueSpecification\",\"valueRequired\":true,\"valueName\":\"search_term_string\"}}],\"inLanguage\":\"fi\"},{\"@type\":\"Organization\",\"@id\":\"https:\/\/raspberrypi.dk\/fi\/#organization\",\"name\":\"RaspberryPi.dk\",\"url\":\"https:\/\/raspberrypi.dk\/fi\/\",\"logo\":{\"@type\":\"ImageObject\",\"inLanguage\":\"fi\",\"@id\":\"https:\/\/raspberrypi.dk\/fi\/#\/schema\/logo\/image\/\",\"url\":\"https:\/\/raspberrypi.dk\/wp-content\/uploads\/2017\/05\/RaspberryPidk_logo-2.png\",\"contentUrl\":\"https:\/\/raspberrypi.dk\/wp-content\/uploads\/2017\/05\/RaspberryPidk_logo-2.png\",\"width\":470,\"height\":110,\"caption\":\"RaspberryPi.dk\"},\"image\":{\"@id\":\"https:\/\/raspberrypi.dk\/fi\/#\/schema\/logo\/image\/\"},\"sameAs\":[\"https:\/\/facebook.com\/RaspberryPiDanmark\",\"https:\/\/x.com\/raspberrypidk\",\"https:\/\/instagram.com\/raspberrypi.dk\"]}]}<\/script>\n<!-- \/ Yoast SEO plugin. -->","yoast_head_json":{"title":"Argon NEO 5 M.2 NVME Case Raspberry Pi 5 \u2022 RaspberryPi.dk","robots":{"index":"index","follow":"follow","max-snippet":"max-snippet:-1","max-image-preview":"max-image-preview:large","max-video-preview":"max-video-preview:-1"},"canonical":"https:\/\/raspberrypi.dk\/fi\/tuote\/argon-neo-5-m-2-nvme-case-til-raspberry-pi-5\/","og_locale":"fi_FI","og_type":"article","og_title":"Argon NEO 5 M.2 NVME Case Raspberry Pi 5 \u2022 RaspberryPi.dk","og_description":"Argon NEO 5 M.2 NVME -kotelo laajentaa edelleen Raspberry Pi 5 -potentiaaliasi M.2 NVME -laajennuslevyn tuella.","og_url":"https:\/\/raspberrypi.dk\/fi\/tuote\/argon-neo-5-m-2-nvme-case-til-raspberry-pi-5\/","og_site_name":"RaspberryPi.dk","article_publisher":"https:\/\/facebook.com\/RaspberryPiDanmark","article_modified_time":"2026-02-20T07:23:36+00:00","og_image":[{"width":1800,"height":1800,"url":"https:\/\/raspberrypi.dk\/wp-content\/uploads\/2024\/01\/AMZ_AR-NEO-5_NVMe_20240202_01.webp","type":"image\/webp"}],"twitter_card":"summary_large_image","twitter_site":"@raspberrypidk","twitter_misc":{"Arvioitu lukuaika":"1 minuutti"},"schema":{"@context":"https:\/\/schema.org","@graph":[{"@type":"WebPage","@id":"https:\/\/raspberrypi.dk\/fi\/tuote\/argon-neo-5-m-2-nvme-case-til-raspberry-pi-5\/","url":"https:\/\/raspberrypi.dk\/fi\/tuote\/argon-neo-5-m-2-nvme-case-til-raspberry-pi-5\/","name":"Argon NEO 5 M.2 NVME Case Raspberry Pi 5 \u2022 RaspberryPi.dk","isPartOf":{"@id":"https:\/\/raspberrypi.dk\/fi\/#website"},"primaryImageOfPage":{"@id":"https:\/\/raspberrypi.dk\/fi\/tuote\/argon-neo-5-m-2-nvme-case-til-raspberry-pi-5\/#primaryimage"},"image":{"@id":"https:\/\/raspberrypi.dk\/fi\/tuote\/argon-neo-5-m-2-nvme-case-til-raspberry-pi-5\/#primaryimage"},"thumbnailUrl":"https:\/\/raspberrypi.dk\/wp-content\/uploads\/2024\/01\/AMZ_AR-NEO-5_NVMe_20240202_01.webp","datePublished":"2024-01-11T08:51:50+00:00","dateModified":"2026-02-20T07:23:36+00:00","breadcrumb":{"@id":"https:\/\/raspberrypi.dk\/fi\/tuote\/argon-neo-5-m-2-nvme-case-til-raspberry-pi-5\/#breadcrumb"},"inLanguage":"fi","potentialAction":[{"@type":"ReadAction","target":["https:\/\/raspberrypi.dk\/fi\/tuote\/argon-neo-5-m-2-nvme-case-til-raspberry-pi-5\/"]}]},{"@type":"ImageObject","inLanguage":"fi","@id":"https:\/\/raspberrypi.dk\/fi\/tuote\/argon-neo-5-m-2-nvme-case-til-raspberry-pi-5\/#primaryimage","url":"https:\/\/raspberrypi.dk\/wp-content\/uploads\/2024\/01\/AMZ_AR-NEO-5_NVMe_20240202_01.webp","contentUrl":"https:\/\/raspberrypi.dk\/wp-content\/uploads\/2024\/01\/AMZ_AR-NEO-5_NVMe_20240202_01.webp","width":1800,"height":1800,"caption":"argon neo 5 nvme pcie case pi 5"},{"@type":"BreadcrumbList","@id":"https:\/\/raspberrypi.dk\/fi\/tuote\/argon-neo-5-m-2-nvme-case-til-raspberry-pi-5\/#breadcrumb","itemListElement":[{"@type":"ListItem","position":1,"name":"Hjem","item":"https:\/\/raspberrypi.dk\/fi\/raspberry-pi-verkkokauppa\/"},{"@type":"ListItem","position":2,"name":"Shop","item":"https:\/\/raspberrypi.dk\/fi\/shop-2\/"},{"@type":"ListItem","position":3,"name":"Argon NEO 5 M.2 NVME Case Raspberry Pi 5"}]},{"@type":"WebSite","@id":"https:\/\/raspberrypi.dk\/fi\/#website","url":"https:\/\/raspberrypi.dk\/fi\/","name":"RaspberryPi.dk","description":"Danmarks f\u00f8rende Raspberry Pi side!","publisher":{"@id":"https:\/\/raspberrypi.dk\/fi\/#organization"},"potentialAction":[{"@type":"SearchAction","target":{"@type":"EntryPoint","urlTemplate":"https:\/\/raspberrypi.dk\/fi\/?s={search_term_string}"},"query-input":{"@type":"PropertyValueSpecification","valueRequired":true,"valueName":"search_term_string"}}],"inLanguage":"fi"},{"@type":"Organization","@id":"https:\/\/raspberrypi.dk\/fi\/#organization","name":"RaspberryPi.dk","url":"https:\/\/raspberrypi.dk\/fi\/","logo":{"@type":"ImageObject","inLanguage":"fi","@id":"https:\/\/raspberrypi.dk\/fi\/#\/schema\/logo\/image\/","url":"https:\/\/raspberrypi.dk\/wp-content\/uploads\/2017\/05\/RaspberryPidk_logo-2.png","contentUrl":"https:\/\/raspberrypi.dk\/wp-content\/uploads\/2017\/05\/RaspberryPidk_logo-2.png","width":470,"height":110,"caption":"RaspberryPi.dk"},"image":{"@id":"https:\/\/raspberrypi.dk\/fi\/#\/schema\/logo\/image\/"},"sameAs":["https:\/\/facebook.com\/RaspberryPiDanmark","https:\/\/x.com\/raspberrypidk","https:\/\/instagram.com\/raspberrypi.dk"]}]}},"_links":{"self":[{"href":"https:\/\/raspberrypi.dk\/fi\/wp-json\/wp\/v2\/product\/219393","targetHints":{"allow":["GET"]}}],"collection":[{"href":"https:\/\/raspberrypi.dk\/fi\/wp-json\/wp\/v2\/product"}],"about":[{"href":"https:\/\/raspberrypi.dk\/fi\/wp-json\/wp\/v2\/types\/product"}],"replies":[{"embeddable":true,"href":"https:\/\/raspberrypi.dk\/fi\/wp-json\/wp\/v2\/comments?post=219393"}],"wp:featuredmedia":[{"embeddable":true,"href":"https:\/\/raspberrypi.dk\/fi\/wp-json\/wp\/v2\/media\/220963"}],"wp:attachment":[{"href":"https:\/\/raspberrypi.dk\/fi\/wp-json\/wp\/v2\/media?parent=219393"}],"wp:term":[{"taxonomy":"product_brand","embeddable":true,"href":"https:\/\/raspberrypi.dk\/fi\/wp-json\/wp\/v2\/product_brand?post=219393"},{"taxonomy":"product_cat","embeddable":true,"href":"https:\/\/raspberrypi.dk\/fi\/wp-json\/wp\/v2\/product_cat?post=219393"},{"taxonomy":"product_tag","embeddable":true,"href":"https:\/\/raspberrypi.dk\/fi\/wp-json\/wp\/v2\/product_tag?post=219393"}],"curies":[{"name":"wp","href":"https:\/\/api.w.org\/{rel}","templated":true}]}}