{"id":219572,"date":"2024-01-11T09:48:49","date_gmt":"2024-01-11T08:48:49","guid":{"rendered":"https:\/\/raspberrypi.dk\/produkt\/argon-thrml-60mm-radiator-cooler\/"},"modified":"2025-05-16T03:31:41","modified_gmt":"2025-05-16T01:31:41","slug":"argon-thrml-60mm-radiator-cooler","status":"publish","type":"product","link":"https:\/\/raspberrypi.dk\/fi\/tuote\/argon-thrml-60mm-radiator-cooler\/","title":{"rendered":"Argon THRML 60mm Radiator Cooler"},"content":{"rendered":"<ul>\n<li><strong>Argon THRML\u00a0Radiator Cooler\u00a0<\/strong>significantly boosts thermal management on the bare Raspberry Pi 5<\/li>\n<li><strong>Superior\u00a0heat dissipation\u00a0<\/strong>away from the Raspberry Pi 5 with\u00a0<strong>copper heat pipe and tower style radiator<\/strong>\u00a0for enhanced cooling capabilities<\/li>\n<li><strong>Integrated 60mm PWM blower fan<\/strong>\u00a0helps cool down the Raspberry Pi 5 faster<\/li>\n<li><strong>Quick\u00a0snap on and push pins<\/strong>\u00a0for easy mounting on Raspberry Pi 5<\/li>\n<li>Comes in\u00a0<strong>BLACK\u00a0of\u00a0SILVER<\/strong>\u00a0finish<\/li>\n<li>Comes with t<strong>hermal compound\u00a0<\/strong>and<strong>\u00a0thermal pad<\/strong>\u00a0for\u00a0better\u00a0heat management<\/li>\n<\/ul>\n<p><strong>Specification<\/strong><\/p>\n<ul>\n<li><strong>Input voltage:\u00a0<\/strong>5V DC supplied via four-pin fan header on Raspberry Pi 5<\/li>\n<li><strong>Fan speed control:\u00a0<\/strong>Pulse width modulation control with tachometer<\/li>\n<li><strong>Maximum airflow:\u00a0<\/strong>18.13 CFM<\/li>\n<li><strong>Maximum fan speed:\u00a0<\/strong>5000 RPM +\/- 15%<\/li>\n<li><strong>Product material:\u00a0<\/strong>Aluminum<\/li>\n<\/ul>\n<p>&nbsp;<\/p>\n","protected":false},"excerpt":{"rendered":"<p><strong>Argon THRML Radiator Cooler<\/strong> parantaa merkitt\u00e4v\u00e4sti l\u00e4mm\u00f6nhallintaa paljaalla Raspberry Pi 5.<\/p>\n","protected":false},"featured_media":219583,"comment_status":"open","ping_status":"closed","template":"","meta":[],"product_brand":[],"product_cat":[736],"product_tag":[718],"class_list":{"0":"post-219572","1":"product","2":"type-product","3":"status-publish","4":"has-post-thumbnail","6":"product_cat-raspberry-pi-kotelo","7":"product_tag-rpi5-fi","9":"first","10":"instock","11":"taxable","12":"shipping-taxable","13":"purchasable","14":"product-type-variable","15":"has-default-attributes"},"composite_virtual":false,"composite_layout":"","composite_add_to_cart_form_location":"","composite_editable_in_cart":false,"composite_sold_individually_context":"","composite_shop_price_calc":"","composite_components":[],"composite_scenarios":[],"bundled_by":[],"bundle_stock_status":"instock","bundle_stock_quantity":null,"bundle_virtual":false,"bundle_layout":"","bundle_add_to_cart_form_location":"","bundle_editable_in_cart":false,"bundle_sold_individually_context":"","bundle_item_grouping":"","bundle_min_size":"","bundle_max_size":"","bundle_price":[],"bundled_items":[],"bundle_sell_ids":[],"yoast_head":"<!-- This site is optimized with the Yoast SEO plugin v27.1.1 - https:\/\/yoast.com\/product\/yoast-seo-wordpress\/ -->\n<title>Argon THRML 60mm Radiator Cooler \u2022 RaspberryPi.dk<\/title>\n<meta name=\"robots\" content=\"index, follow, max-snippet:-1, max-image-preview:large, max-video-preview:-1\" \/>\n<link rel=\"canonical\" href=\"https:\/\/raspberrypi.dk\/fi\/tuote\/argon-thrml-60mm-radiator-cooler\/\" \/>\n<meta property=\"og:locale\" content=\"fi_FI\" \/>\n<meta property=\"og:type\" content=\"article\" \/>\n<meta property=\"og:title\" content=\"Argon THRML 60mm Radiator Cooler \u2022 RaspberryPi.dk\" \/>\n<meta property=\"og:description\" content=\"Argon THRML Radiator Cooler parantaa merkitt\u00e4v\u00e4sti l\u00e4mm\u00f6nhallintaa paljaalla Raspberry Pi 5.\" \/>\n<meta property=\"og:url\" content=\"https:\/\/raspberrypi.dk\/fi\/tuote\/argon-thrml-60mm-radiator-cooler\/\" \/>\n<meta property=\"og:site_name\" content=\"RaspberryPi.dk\" \/>\n<meta property=\"article:publisher\" content=\"https:\/\/facebook.com\/RaspberryPiDanmark\" \/>\n<meta property=\"article:modified_time\" content=\"2025-05-16T01:31:41+00:00\" \/>\n<meta property=\"og:image\" content=\"https:\/\/raspberrypi.dk\/wp-content\/uploads\/2024\/01\/AR-THRML_SLVR_60mm_01_713x.webp\" \/>\n\t<meta property=\"og:image:width\" content=\"713\" \/>\n\t<meta property=\"og:image:height\" content=\"713\" \/>\n\t<meta property=\"og:image:type\" content=\"image\/webp\" \/>\n<meta name=\"twitter:card\" content=\"summary_large_image\" \/>\n<meta name=\"twitter:site\" content=\"@raspberrypidk\" \/>\n<meta name=\"twitter:label1\" content=\"Arvioitu lukuaika\" \/>\n\t<meta name=\"twitter:data1\" content=\"1 minuutti\" \/>\n<script type=\"application\/ld+json\" class=\"yoast-schema-graph\">{\"@context\":\"https:\/\/schema.org\",\"@graph\":[{\"@type\":\"WebPage\",\"@id\":\"https:\/\/raspberrypi.dk\/fi\/tuote\/argon-thrml-60mm-radiator-cooler\/\",\"url\":\"https:\/\/raspberrypi.dk\/fi\/tuote\/argon-thrml-60mm-radiator-cooler\/\",\"name\":\"Argon THRML 60mm Radiator Cooler \u2022 RaspberryPi.dk\",\"isPartOf\":{\"@id\":\"https:\/\/raspberrypi.dk\/fi\/#website\"},\"primaryImageOfPage\":{\"@id\":\"https:\/\/raspberrypi.dk\/fi\/tuote\/argon-thrml-60mm-radiator-cooler\/#primaryimage\"},\"image\":{\"@id\":\"https:\/\/raspberrypi.dk\/fi\/tuote\/argon-thrml-60mm-radiator-cooler\/#primaryimage\"},\"thumbnailUrl\":\"https:\/\/raspberrypi.dk\/wp-content\/uploads\/2024\/01\/AR-THRML_SLVR_60mm_01_713x.webp\",\"datePublished\":\"2024-01-11T08:48:49+00:00\",\"dateModified\":\"2025-05-16T01:31:41+00:00\",\"breadcrumb\":{\"@id\":\"https:\/\/raspberrypi.dk\/fi\/tuote\/argon-thrml-60mm-radiator-cooler\/#breadcrumb\"},\"inLanguage\":\"fi\",\"potentialAction\":[{\"@type\":\"ReadAction\",\"target\":[\"https:\/\/raspberrypi.dk\/fi\/tuote\/argon-thrml-60mm-radiator-cooler\/\"]}]},{\"@type\":\"ImageObject\",\"inLanguage\":\"fi\",\"@id\":\"https:\/\/raspberrypi.dk\/fi\/tuote\/argon-thrml-60mm-radiator-cooler\/#primaryimage\",\"url\":\"https:\/\/raspberrypi.dk\/wp-content\/uploads\/2024\/01\/AR-THRML_SLVR_60mm_01_713x.webp\",\"contentUrl\":\"https:\/\/raspberrypi.dk\/wp-content\/uploads\/2024\/01\/AR-THRML_SLVR_60mm_01_713x.webp\",\"width\":713,\"height\":713,\"caption\":\"Argon THRML 60mm Radiator Cooler\"},{\"@type\":\"BreadcrumbList\",\"@id\":\"https:\/\/raspberrypi.dk\/fi\/tuote\/argon-thrml-60mm-radiator-cooler\/#breadcrumb\",\"itemListElement\":[{\"@type\":\"ListItem\",\"position\":1,\"name\":\"Hjem\",\"item\":\"https:\/\/raspberrypi.dk\/fi\/raspberry-pi-verkkokauppa\/\"},{\"@type\":\"ListItem\",\"position\":2,\"name\":\"Shop\",\"item\":\"https:\/\/raspberrypi.dk\/fi\/shop-2\/\"},{\"@type\":\"ListItem\",\"position\":3,\"name\":\"Argon THRML 60mm Radiator Cooler\"}]},{\"@type\":\"WebSite\",\"@id\":\"https:\/\/raspberrypi.dk\/fi\/#website\",\"url\":\"https:\/\/raspberrypi.dk\/fi\/\",\"name\":\"RaspberryPi.dk\",\"description\":\"Danmarks f\u00f8rende Raspberry Pi side!\",\"publisher\":{\"@id\":\"https:\/\/raspberrypi.dk\/fi\/#organization\"},\"potentialAction\":[{\"@type\":\"SearchAction\",\"target\":{\"@type\":\"EntryPoint\",\"urlTemplate\":\"https:\/\/raspberrypi.dk\/fi\/?s={search_term_string}\"},\"query-input\":{\"@type\":\"PropertyValueSpecification\",\"valueRequired\":true,\"valueName\":\"search_term_string\"}}],\"inLanguage\":\"fi\"},{\"@type\":\"Organization\",\"@id\":\"https:\/\/raspberrypi.dk\/fi\/#organization\",\"name\":\"RaspberryPi.dk\",\"url\":\"https:\/\/raspberrypi.dk\/fi\/\",\"logo\":{\"@type\":\"ImageObject\",\"inLanguage\":\"fi\",\"@id\":\"https:\/\/raspberrypi.dk\/fi\/#\/schema\/logo\/image\/\",\"url\":\"https:\/\/raspberrypi.dk\/wp-content\/uploads\/2017\/05\/RaspberryPidk_logo-2.png\",\"contentUrl\":\"https:\/\/raspberrypi.dk\/wp-content\/uploads\/2017\/05\/RaspberryPidk_logo-2.png\",\"width\":470,\"height\":110,\"caption\":\"RaspberryPi.dk\"},\"image\":{\"@id\":\"https:\/\/raspberrypi.dk\/fi\/#\/schema\/logo\/image\/\"},\"sameAs\":[\"https:\/\/facebook.com\/RaspberryPiDanmark\",\"https:\/\/x.com\/raspberrypidk\",\"https:\/\/instagram.com\/raspberrypi.dk\"]}]}<\/script>\n<!-- \/ Yoast SEO plugin. -->","yoast_head_json":{"title":"Argon THRML 60mm Radiator Cooler \u2022 RaspberryPi.dk","robots":{"index":"index","follow":"follow","max-snippet":"max-snippet:-1","max-image-preview":"max-image-preview:large","max-video-preview":"max-video-preview:-1"},"canonical":"https:\/\/raspberrypi.dk\/fi\/tuote\/argon-thrml-60mm-radiator-cooler\/","og_locale":"fi_FI","og_type":"article","og_title":"Argon THRML 60mm Radiator Cooler \u2022 RaspberryPi.dk","og_description":"Argon THRML Radiator Cooler parantaa merkitt\u00e4v\u00e4sti l\u00e4mm\u00f6nhallintaa paljaalla Raspberry Pi 5.","og_url":"https:\/\/raspberrypi.dk\/fi\/tuote\/argon-thrml-60mm-radiator-cooler\/","og_site_name":"RaspberryPi.dk","article_publisher":"https:\/\/facebook.com\/RaspberryPiDanmark","article_modified_time":"2025-05-16T01:31:41+00:00","og_image":[{"width":713,"height":713,"url":"https:\/\/raspberrypi.dk\/wp-content\/uploads\/2024\/01\/AR-THRML_SLVR_60mm_01_713x.webp","type":"image\/webp"}],"twitter_card":"summary_large_image","twitter_site":"@raspberrypidk","twitter_misc":{"Arvioitu lukuaika":"1 minuutti"},"schema":{"@context":"https:\/\/schema.org","@graph":[{"@type":"WebPage","@id":"https:\/\/raspberrypi.dk\/fi\/tuote\/argon-thrml-60mm-radiator-cooler\/","url":"https:\/\/raspberrypi.dk\/fi\/tuote\/argon-thrml-60mm-radiator-cooler\/","name":"Argon THRML 60mm Radiator Cooler \u2022 RaspberryPi.dk","isPartOf":{"@id":"https:\/\/raspberrypi.dk\/fi\/#website"},"primaryImageOfPage":{"@id":"https:\/\/raspberrypi.dk\/fi\/tuote\/argon-thrml-60mm-radiator-cooler\/#primaryimage"},"image":{"@id":"https:\/\/raspberrypi.dk\/fi\/tuote\/argon-thrml-60mm-radiator-cooler\/#primaryimage"},"thumbnailUrl":"https:\/\/raspberrypi.dk\/wp-content\/uploads\/2024\/01\/AR-THRML_SLVR_60mm_01_713x.webp","datePublished":"2024-01-11T08:48:49+00:00","dateModified":"2025-05-16T01:31:41+00:00","breadcrumb":{"@id":"https:\/\/raspberrypi.dk\/fi\/tuote\/argon-thrml-60mm-radiator-cooler\/#breadcrumb"},"inLanguage":"fi","potentialAction":[{"@type":"ReadAction","target":["https:\/\/raspberrypi.dk\/fi\/tuote\/argon-thrml-60mm-radiator-cooler\/"]}]},{"@type":"ImageObject","inLanguage":"fi","@id":"https:\/\/raspberrypi.dk\/fi\/tuote\/argon-thrml-60mm-radiator-cooler\/#primaryimage","url":"https:\/\/raspberrypi.dk\/wp-content\/uploads\/2024\/01\/AR-THRML_SLVR_60mm_01_713x.webp","contentUrl":"https:\/\/raspberrypi.dk\/wp-content\/uploads\/2024\/01\/AR-THRML_SLVR_60mm_01_713x.webp","width":713,"height":713,"caption":"Argon THRML 60mm Radiator Cooler"},{"@type":"BreadcrumbList","@id":"https:\/\/raspberrypi.dk\/fi\/tuote\/argon-thrml-60mm-radiator-cooler\/#breadcrumb","itemListElement":[{"@type":"ListItem","position":1,"name":"Hjem","item":"https:\/\/raspberrypi.dk\/fi\/raspberry-pi-verkkokauppa\/"},{"@type":"ListItem","position":2,"name":"Shop","item":"https:\/\/raspberrypi.dk\/fi\/shop-2\/"},{"@type":"ListItem","position":3,"name":"Argon THRML 60mm Radiator Cooler"}]},{"@type":"WebSite","@id":"https:\/\/raspberrypi.dk\/fi\/#website","url":"https:\/\/raspberrypi.dk\/fi\/","name":"RaspberryPi.dk","description":"Danmarks f\u00f8rende Raspberry Pi side!","publisher":{"@id":"https:\/\/raspberrypi.dk\/fi\/#organization"},"potentialAction":[{"@type":"SearchAction","target":{"@type":"EntryPoint","urlTemplate":"https:\/\/raspberrypi.dk\/fi\/?s={search_term_string}"},"query-input":{"@type":"PropertyValueSpecification","valueRequired":true,"valueName":"search_term_string"}}],"inLanguage":"fi"},{"@type":"Organization","@id":"https:\/\/raspberrypi.dk\/fi\/#organization","name":"RaspberryPi.dk","url":"https:\/\/raspberrypi.dk\/fi\/","logo":{"@type":"ImageObject","inLanguage":"fi","@id":"https:\/\/raspberrypi.dk\/fi\/#\/schema\/logo\/image\/","url":"https:\/\/raspberrypi.dk\/wp-content\/uploads\/2017\/05\/RaspberryPidk_logo-2.png","contentUrl":"https:\/\/raspberrypi.dk\/wp-content\/uploads\/2017\/05\/RaspberryPidk_logo-2.png","width":470,"height":110,"caption":"RaspberryPi.dk"},"image":{"@id":"https:\/\/raspberrypi.dk\/fi\/#\/schema\/logo\/image\/"},"sameAs":["https:\/\/facebook.com\/RaspberryPiDanmark","https:\/\/x.com\/raspberrypidk","https:\/\/instagram.com\/raspberrypi.dk"]}]}},"_links":{"self":[{"href":"https:\/\/raspberrypi.dk\/fi\/wp-json\/wp\/v2\/product\/219572","targetHints":{"allow":["GET"]}}],"collection":[{"href":"https:\/\/raspberrypi.dk\/fi\/wp-json\/wp\/v2\/product"}],"about":[{"href":"https:\/\/raspberrypi.dk\/fi\/wp-json\/wp\/v2\/types\/product"}],"replies":[{"embeddable":true,"href":"https:\/\/raspberrypi.dk\/fi\/wp-json\/wp\/v2\/comments?post=219572"}],"wp:featuredmedia":[{"embeddable":true,"href":"https:\/\/raspberrypi.dk\/fi\/wp-json\/wp\/v2\/media\/219583"}],"wp:attachment":[{"href":"https:\/\/raspberrypi.dk\/fi\/wp-json\/wp\/v2\/media?parent=219572"}],"wp:term":[{"taxonomy":"product_brand","embeddable":true,"href":"https:\/\/raspberrypi.dk\/fi\/wp-json\/wp\/v2\/product_brand?post=219572"},{"taxonomy":"product_cat","embeddable":true,"href":"https:\/\/raspberrypi.dk\/fi\/wp-json\/wp\/v2\/product_cat?post=219572"},{"taxonomy":"product_tag","embeddable":true,"href":"https:\/\/raspberrypi.dk\/fi\/wp-json\/wp\/v2\/product_tag?post=219572"}],"curies":[{"name":"wp","href":"https:\/\/api.w.org\/{rel}","templated":true}]}}