{"id":219643,"date":"2023-12-12T09:30:01","date_gmt":"2023-12-12T08:30:01","guid":{"rendered":"https:\/\/raspberrypi.dk\/produkt\/kksb-raspberry-pi-5-case-aluminium-musta\/"},"modified":"2024-10-19T22:18:12","modified_gmt":"2024-10-19T20:18:12","slug":"kksb-raspberry-pi-5-case-aluminium-musta","status":"publish","type":"product","link":"https:\/\/raspberrypi.dk\/fi\/tuote\/kksb-raspberry-pi-5-case-aluminium-musta\/","title":{"rendered":"KKSB Raspberry Pi 5 Case Aluminium &#8211; Musta"},"content":{"rendered":"<div id=\"shopify-section-template--16766295113977__7b4b4c57-2931-4ee9-a230-468b5a914869\" class=\"shopify-section rich-text--section\">\n<section class=\" rich-text--container rich-text-regular \">\n<div class=\" rich-text-block rich-text-alignment-left \">\n<h2 class=\" rich-text-heading rich-text-heading-large \">Sleek and Sophisticated Case<\/h2>\n<div class=\"rich-text-content rte\" data-rte=\"\">\n<p>Elevate your Raspberry Pi 5 experience with the sleek and sophisticated KKSB Case, meticulously crafted for both functionality and style. This case, with its black sandblasted aluminium finish, is not just a protective enclosure but a statement piece for your tech setup. Whether you&#8217;re setting up a Raspberry Pi 5 in an industrial setting or adding it to your home tech collection, the KKSB Raspberry Pi 5 Case is the perfect blend of durability, functionality, and style. Upgrade your Raspberry Pi experience today!<\/p>\n<\/div>\n<\/div>\n<\/section>\n<\/div>\n<div id=\"shopify-section-template--16766295113977__11d88236-82dc-4e00-8050-2f5e99012d4d\" class=\"shopify-section custom-liquid\">\n<div id=\"\"><\/div>\n<div class=\"section-offset\"><\/div>\n<\/div>\n<div id=\"shopify-section-template--16766295113977__7082a77d-f78d-4fa6-a04a-c141d270734a\" class=\"shopify-section text-and-image\">\n<div class=\"section-offset\">\n<div class=\"page-container\">\n<div class=\"feature-row mod-image-right\">\n<div class=\"feature-row--img mod-right\">\n<div class=\"media-box\"><img decoding=\"async\" src=\"https:\/\/kksb-cases.com\/cdn\/shop\/files\/DSC02819.jpg?v=1700127462\" alt=\"\" \/><\/div>\n<\/div>\n<div class=\"feature-row--content\">\n<div class=\"rte feature-row--text\">\n<h4>Minimalist Yet Stable Design<\/h4>\n<ul>\n<li><strong><b>Minimalistic Design:<\/b>\u00a0Clean, minimalistic aesthetics that fit seamlessly in both industrial and home environments.<\/strong><\/li>\n<li><b>Stability Assured:<\/b>\u00a0Equipped with rubber feet to ensure stability and prevent slipping.<\/li>\n<li><b>Easy Access:<\/b>\u00a0Designed for easy access to the most important connectors and functions.<\/li>\n<\/ul>\n<\/div>\n<\/div>\n<\/div>\n<\/div>\n<\/div>\n<\/div>\n<div id=\"shopify-section-template--16766295113977__834ffd98-949d-4e3d-aea2-966e864b2f86\" class=\"shopify-section text-and-image\">\n<div class=\"section-offset mod-inverse\">\n<div class=\"page-container\">\n<div class=\"feature-row mod-image-left\">\n<div class=\"feature-row--img mod-left\">\n<div class=\"media-box\"><img decoding=\"async\" src=\"https:\/\/kksb-cases.com\/cdn\/shop\/files\/DSC02827.jpg?v=1700127502\" alt=\"\" \/><\/div>\n<\/div>\n<div class=\"feature-row--content\">\n<div class=\"rte feature-row--text\">\n<h4><strong>Why Should You Choose This Case?<\/strong><\/h4>\n<ul>\n<li><b><strong>Complete Compatibility<\/strong>:<\/b>\u00a0Fully compatible with the official Raspberry Pi cooler.<\/li>\n<li><b>High-Quality Material:<\/b>\u00a0Constructed from laser-cut, sandblasted aluminum, this case features laser-etched openings for precise fit and finish.<\/li>\n<li><b>Easy Wall Mounting:<\/b>\u00a0Equipped with mounting holes for a hassle-free wall installation.<\/li>\n<li><b>Simple Assembly:<\/b>\u00a0With a QR code on the product packaging, access our user-friendly assembly instructions in seconds.<\/li>\n<li><b>Clearly Labelled GPIO Pins:<\/b>\u00a0Stay organized with all GPIO pins laser-etched on the top lid, ensuring easy identification.<\/li>\n<li><b>Enhanced Ventilation:<\/b>\u00a0Ample ventilation openings on the top, designed for optimal cooling efficiency.<\/li>\n<li><b>Integrated Start Button:<\/b>\u00a0For added convenience, a start button is seamlessly integrated into the case design.<\/li>\n<\/ul>\n<\/div>\n<\/div>\n<\/div>\n<\/div>\n<\/div>\n<\/div>\n<div id=\"shopify-section-template--16766295113977__9f9bcc24-8852-4668-b8dd-fa1ef87eb182\" class=\"shopify-section text-and-image\">\n<div class=\"section-offset\">\n<div class=\"page-container\">\n<div class=\"feature-row mod-image-right\">\n<div class=\"feature-row--img mod-right\">\n<div class=\"media-box\"><img decoding=\"async\" src=\"https:\/\/kksb-cases.com\/cdn\/shop\/files\/DSC02824.jpg?v=1700127488\" alt=\"\" \/><\/div>\n<\/div>\n<div class=\"feature-row--content\">\n<div class=\"rte feature-row--text\">\n<h4><strong>Accessory Support<\/strong><\/h4>\n<p><strong>(Note: Accessories not included)<\/strong><\/p>\n<ul>\n<li>KKSB DIN Rail Clip<\/li>\n<li>KKSB Tripod Mount Bracket<\/li>\n<li>2 pcs KKSB Camera Holder<\/li>\n<\/ul>\n<\/div>\n<\/div>\n<\/div>\n<\/div>\n<\/div>\n<\/div>\n<div id=\"shopify-section-template--16766295113977__f5d84159-e4c1-44ba-bda0-3ab07f60233c\" class=\"shopify-section text-and-image\">\n<div class=\"section-offset mod-inverse\">\n<div class=\"page-container\">\n<div class=\"feature-row mod-image-left\">\n<div class=\"feature-row--img mod-left\">\n<div class=\"media-box\"><img decoding=\"async\" src=\"https:\/\/kksb-cases.com\/cdn\/shop\/files\/DSC02828.jpg?v=1700127456\" alt=\"\" \/><\/div>\n<\/div>\n<div class=\"feature-row--content\">\n<div class=\"rte feature-row--text\">\n<h4><strong>What&#8217;s Included<\/strong><\/h4>\n<ul>\n<li>The KKSB Raspberry Pi 5 Case<\/li>\n<li>All necessary fasteners<\/li>\n<li>40-pin stackable GPIO header<\/li>\n<li>Integrated start button<\/li>\n<\/ul>\n<\/div>\n<\/div>\n<\/div>\n<\/div>\n<\/div>\n<\/div>\n","protected":false},"excerpt":{"rendered":"<p>KKSB Raspberry Pi 5 Case on tyylik\u00e4s ja hienostunut kotelo, joka on suunniteltu huolellisesti sek\u00e4 toimivuutta ett\u00e4 tyyli\u00e4 varten. T\u00e4m\u00e4 kotelo mustalla hiekkapuhalletulla alumiinipinnalla on t\u00e4ydellinen Raspberry Pi 5.<\/p>\n","protected":false},"featured_media":219644,"comment_status":"open","ping_status":"closed","template":"","meta":[],"product_brand":[],"product_cat":[736],"product_tag":[718],"class_list":{"0":"post-219643","1":"product","2":"type-product","3":"status-publish","4":"has-post-thumbnail","6":"product_cat-raspberry-pi-kotelo","7":"product_tag-rpi5-fi","9":"first","10":"outofstock","11":"taxable","12":"shipping-taxable","13":"purchasable","14":"product-type-simple"},"composite_virtual":false,"composite_layout":"","composite_add_to_cart_form_location":"","composite_editable_in_cart":false,"composite_sold_individually_context":"","composite_shop_price_calc":"","composite_components":[],"composite_scenarios":[],"bundled_by":[],"bundle_stock_status":"outofstock","bundle_stock_quantity":0,"bundle_virtual":false,"bundle_layout":"","bundle_add_to_cart_form_location":"","bundle_editable_in_cart":false,"bundle_sold_individually_context":"","bundle_item_grouping":"","bundle_min_size":"","bundle_max_size":"","bundle_price":[],"bundled_items":[],"bundle_sell_ids":[219826],"yoast_head":"<!-- This site is optimized with the Yoast SEO plugin v27.1.1 - https:\/\/yoast.com\/product\/yoast-seo-wordpress\/ -->\n<title>KKSB Raspberry Pi 5 Case Aluminium - Musta \u2022 RaspberryPi.dk<\/title>\n<meta name=\"robots\" content=\"index, follow, max-snippet:-1, max-image-preview:large, max-video-preview:-1\" \/>\n<link rel=\"canonical\" href=\"https:\/\/raspberrypi.dk\/fi\/tuote\/kksb-raspberry-pi-5-case-aluminium-musta\/\" \/>\n<meta property=\"og:locale\" content=\"fi_FI\" \/>\n<meta property=\"og:type\" content=\"article\" \/>\n<meta property=\"og:title\" content=\"KKSB Raspberry Pi 5 Case Aluminium - Musta \u2022 RaspberryPi.dk\" \/>\n<meta property=\"og:description\" content=\"KKSB Raspberry Pi 5 Case on tyylik\u00e4s ja hienostunut kotelo, joka on suunniteltu huolellisesti sek\u00e4 toimivuutta ett\u00e4 tyyli\u00e4 varten. T\u00e4m\u00e4 kotelo mustalla hiekkapuhalletulla alumiinipinnalla on t\u00e4ydellinen Raspberry Pi 5.\" \/>\n<meta property=\"og:url\" content=\"https:\/\/raspberrypi.dk\/fi\/tuote\/kksb-raspberry-pi-5-case-aluminium-musta\/\" \/>\n<meta property=\"og:site_name\" content=\"RaspberryPi.dk\" \/>\n<meta property=\"article:publisher\" content=\"https:\/\/facebook.com\/RaspberryPiDanmark\" \/>\n<meta property=\"article:modified_time\" content=\"2024-10-19T20:18:12+00:00\" \/>\n<meta property=\"og:image\" content=\"https:\/\/raspberrypi.dk\/wp-content\/uploads\/2023\/12\/DSC02828_800x544.webp\" \/>\n\t<meta property=\"og:image:width\" content=\"800\" \/>\n\t<meta property=\"og:image:height\" content=\"533\" \/>\n\t<meta property=\"og:image:type\" content=\"image\/webp\" \/>\n<meta name=\"twitter:card\" content=\"summary_large_image\" \/>\n<meta name=\"twitter:site\" content=\"@raspberrypidk\" \/>\n<meta name=\"twitter:label1\" content=\"Arvioitu lukuaika\" \/>\n\t<meta name=\"twitter:data1\" content=\"3 minuuttia\" \/>\n<script type=\"application\/ld+json\" class=\"yoast-schema-graph\">{\"@context\":\"https:\/\/schema.org\",\"@graph\":[{\"@type\":\"WebPage\",\"@id\":\"https:\/\/raspberrypi.dk\/fi\/tuote\/kksb-raspberry-pi-5-case-aluminium-musta\/\",\"url\":\"https:\/\/raspberrypi.dk\/fi\/tuote\/kksb-raspberry-pi-5-case-aluminium-musta\/\",\"name\":\"KKSB Raspberry Pi 5 Case Aluminium - Musta \u2022 RaspberryPi.dk\",\"isPartOf\":{\"@id\":\"https:\/\/raspberrypi.dk\/fi\/#website\"},\"primaryImageOfPage\":{\"@id\":\"https:\/\/raspberrypi.dk\/fi\/tuote\/kksb-raspberry-pi-5-case-aluminium-musta\/#primaryimage\"},\"image\":{\"@id\":\"https:\/\/raspberrypi.dk\/fi\/tuote\/kksb-raspberry-pi-5-case-aluminium-musta\/#primaryimage\"},\"thumbnailUrl\":\"https:\/\/raspberrypi.dk\/wp-content\/uploads\/2023\/12\/DSC02828_800x544.webp\",\"datePublished\":\"2023-12-12T08:30:01+00:00\",\"dateModified\":\"2024-10-19T20:18:12+00:00\",\"breadcrumb\":{\"@id\":\"https:\/\/raspberrypi.dk\/fi\/tuote\/kksb-raspberry-pi-5-case-aluminium-musta\/#breadcrumb\"},\"inLanguage\":\"fi\",\"potentialAction\":[{\"@type\":\"ReadAction\",\"target\":[\"https:\/\/raspberrypi.dk\/fi\/tuote\/kksb-raspberry-pi-5-case-aluminium-musta\/\"]}]},{\"@type\":\"ImageObject\",\"inLanguage\":\"fi\",\"@id\":\"https:\/\/raspberrypi.dk\/fi\/tuote\/kksb-raspberry-pi-5-case-aluminium-musta\/#primaryimage\",\"url\":\"https:\/\/raspberrypi.dk\/wp-content\/uploads\/2023\/12\/DSC02828_800x544.webp\",\"contentUrl\":\"https:\/\/raspberrypi.dk\/wp-content\/uploads\/2023\/12\/DSC02828_800x544.webp\",\"width\":800,\"height\":533,\"caption\":\"KKSB Raspberry Pi 5 Case Aluminium\"},{\"@type\":\"BreadcrumbList\",\"@id\":\"https:\/\/raspberrypi.dk\/fi\/tuote\/kksb-raspberry-pi-5-case-aluminium-musta\/#breadcrumb\",\"itemListElement\":[{\"@type\":\"ListItem\",\"position\":1,\"name\":\"Hjem\",\"item\":\"https:\/\/raspberrypi.dk\/fi\/raspberry-pi-verkkokauppa\/\"},{\"@type\":\"ListItem\",\"position\":2,\"name\":\"Shop\",\"item\":\"https:\/\/raspberrypi.dk\/fi\/shop-2\/\"},{\"@type\":\"ListItem\",\"position\":3,\"name\":\"KKSB Raspberry Pi 5 Case Aluminium &#8211; Musta\"}]},{\"@type\":\"WebSite\",\"@id\":\"https:\/\/raspberrypi.dk\/fi\/#website\",\"url\":\"https:\/\/raspberrypi.dk\/fi\/\",\"name\":\"RaspberryPi.dk\",\"description\":\"Danmarks f\u00f8rende Raspberry Pi side!\",\"publisher\":{\"@id\":\"https:\/\/raspberrypi.dk\/fi\/#organization\"},\"potentialAction\":[{\"@type\":\"SearchAction\",\"target\":{\"@type\":\"EntryPoint\",\"urlTemplate\":\"https:\/\/raspberrypi.dk\/fi\/?s={search_term_string}\"},\"query-input\":{\"@type\":\"PropertyValueSpecification\",\"valueRequired\":true,\"valueName\":\"search_term_string\"}}],\"inLanguage\":\"fi\"},{\"@type\":\"Organization\",\"@id\":\"https:\/\/raspberrypi.dk\/fi\/#organization\",\"name\":\"RaspberryPi.dk\",\"url\":\"https:\/\/raspberrypi.dk\/fi\/\",\"logo\":{\"@type\":\"ImageObject\",\"inLanguage\":\"fi\",\"@id\":\"https:\/\/raspberrypi.dk\/fi\/#\/schema\/logo\/image\/\",\"url\":\"https:\/\/raspberrypi.dk\/wp-content\/uploads\/2017\/05\/RaspberryPidk_logo-2.png\",\"contentUrl\":\"https:\/\/raspberrypi.dk\/wp-content\/uploads\/2017\/05\/RaspberryPidk_logo-2.png\",\"width\":470,\"height\":110,\"caption\":\"RaspberryPi.dk\"},\"image\":{\"@id\":\"https:\/\/raspberrypi.dk\/fi\/#\/schema\/logo\/image\/\"},\"sameAs\":[\"https:\/\/facebook.com\/RaspberryPiDanmark\",\"https:\/\/x.com\/raspberrypidk\",\"https:\/\/instagram.com\/raspberrypi.dk\"]}]}<\/script>\n<!-- \/ Yoast SEO plugin. -->","yoast_head_json":{"title":"KKSB Raspberry Pi 5 Case Aluminium - Musta \u2022 RaspberryPi.dk","robots":{"index":"index","follow":"follow","max-snippet":"max-snippet:-1","max-image-preview":"max-image-preview:large","max-video-preview":"max-video-preview:-1"},"canonical":"https:\/\/raspberrypi.dk\/fi\/tuote\/kksb-raspberry-pi-5-case-aluminium-musta\/","og_locale":"fi_FI","og_type":"article","og_title":"KKSB Raspberry Pi 5 Case Aluminium - Musta \u2022 RaspberryPi.dk","og_description":"KKSB Raspberry Pi 5 Case on tyylik\u00e4s ja hienostunut kotelo, joka on suunniteltu huolellisesti sek\u00e4 toimivuutta ett\u00e4 tyyli\u00e4 varten. T\u00e4m\u00e4 kotelo mustalla hiekkapuhalletulla alumiinipinnalla on t\u00e4ydellinen Raspberry Pi 5.","og_url":"https:\/\/raspberrypi.dk\/fi\/tuote\/kksb-raspberry-pi-5-case-aluminium-musta\/","og_site_name":"RaspberryPi.dk","article_publisher":"https:\/\/facebook.com\/RaspberryPiDanmark","article_modified_time":"2024-10-19T20:18:12+00:00","og_image":[{"width":800,"height":533,"url":"https:\/\/raspberrypi.dk\/wp-content\/uploads\/2023\/12\/DSC02828_800x544.webp","type":"image\/webp"}],"twitter_card":"summary_large_image","twitter_site":"@raspberrypidk","twitter_misc":{"Arvioitu lukuaika":"3 minuuttia"},"schema":{"@context":"https:\/\/schema.org","@graph":[{"@type":"WebPage","@id":"https:\/\/raspberrypi.dk\/fi\/tuote\/kksb-raspberry-pi-5-case-aluminium-musta\/","url":"https:\/\/raspberrypi.dk\/fi\/tuote\/kksb-raspberry-pi-5-case-aluminium-musta\/","name":"KKSB Raspberry Pi 5 Case Aluminium - Musta \u2022 RaspberryPi.dk","isPartOf":{"@id":"https:\/\/raspberrypi.dk\/fi\/#website"},"primaryImageOfPage":{"@id":"https:\/\/raspberrypi.dk\/fi\/tuote\/kksb-raspberry-pi-5-case-aluminium-musta\/#primaryimage"},"image":{"@id":"https:\/\/raspberrypi.dk\/fi\/tuote\/kksb-raspberry-pi-5-case-aluminium-musta\/#primaryimage"},"thumbnailUrl":"https:\/\/raspberrypi.dk\/wp-content\/uploads\/2023\/12\/DSC02828_800x544.webp","datePublished":"2023-12-12T08:30:01+00:00","dateModified":"2024-10-19T20:18:12+00:00","breadcrumb":{"@id":"https:\/\/raspberrypi.dk\/fi\/tuote\/kksb-raspberry-pi-5-case-aluminium-musta\/#breadcrumb"},"inLanguage":"fi","potentialAction":[{"@type":"ReadAction","target":["https:\/\/raspberrypi.dk\/fi\/tuote\/kksb-raspberry-pi-5-case-aluminium-musta\/"]}]},{"@type":"ImageObject","inLanguage":"fi","@id":"https:\/\/raspberrypi.dk\/fi\/tuote\/kksb-raspberry-pi-5-case-aluminium-musta\/#primaryimage","url":"https:\/\/raspberrypi.dk\/wp-content\/uploads\/2023\/12\/DSC02828_800x544.webp","contentUrl":"https:\/\/raspberrypi.dk\/wp-content\/uploads\/2023\/12\/DSC02828_800x544.webp","width":800,"height":533,"caption":"KKSB Raspberry Pi 5 Case Aluminium"},{"@type":"BreadcrumbList","@id":"https:\/\/raspberrypi.dk\/fi\/tuote\/kksb-raspberry-pi-5-case-aluminium-musta\/#breadcrumb","itemListElement":[{"@type":"ListItem","position":1,"name":"Hjem","item":"https:\/\/raspberrypi.dk\/fi\/raspberry-pi-verkkokauppa\/"},{"@type":"ListItem","position":2,"name":"Shop","item":"https:\/\/raspberrypi.dk\/fi\/shop-2\/"},{"@type":"ListItem","position":3,"name":"KKSB Raspberry Pi 5 Case Aluminium &#8211; Musta"}]},{"@type":"WebSite","@id":"https:\/\/raspberrypi.dk\/fi\/#website","url":"https:\/\/raspberrypi.dk\/fi\/","name":"RaspberryPi.dk","description":"Danmarks f\u00f8rende Raspberry Pi side!","publisher":{"@id":"https:\/\/raspberrypi.dk\/fi\/#organization"},"potentialAction":[{"@type":"SearchAction","target":{"@type":"EntryPoint","urlTemplate":"https:\/\/raspberrypi.dk\/fi\/?s={search_term_string}"},"query-input":{"@type":"PropertyValueSpecification","valueRequired":true,"valueName":"search_term_string"}}],"inLanguage":"fi"},{"@type":"Organization","@id":"https:\/\/raspberrypi.dk\/fi\/#organization","name":"RaspberryPi.dk","url":"https:\/\/raspberrypi.dk\/fi\/","logo":{"@type":"ImageObject","inLanguage":"fi","@id":"https:\/\/raspberrypi.dk\/fi\/#\/schema\/logo\/image\/","url":"https:\/\/raspberrypi.dk\/wp-content\/uploads\/2017\/05\/RaspberryPidk_logo-2.png","contentUrl":"https:\/\/raspberrypi.dk\/wp-content\/uploads\/2017\/05\/RaspberryPidk_logo-2.png","width":470,"height":110,"caption":"RaspberryPi.dk"},"image":{"@id":"https:\/\/raspberrypi.dk\/fi\/#\/schema\/logo\/image\/"},"sameAs":["https:\/\/facebook.com\/RaspberryPiDanmark","https:\/\/x.com\/raspberrypidk","https:\/\/instagram.com\/raspberrypi.dk"]}]}},"_links":{"self":[{"href":"https:\/\/raspberrypi.dk\/fi\/wp-json\/wp\/v2\/product\/219643","targetHints":{"allow":["GET"]}}],"collection":[{"href":"https:\/\/raspberrypi.dk\/fi\/wp-json\/wp\/v2\/product"}],"about":[{"href":"https:\/\/raspberrypi.dk\/fi\/wp-json\/wp\/v2\/types\/product"}],"replies":[{"embeddable":true,"href":"https:\/\/raspberrypi.dk\/fi\/wp-json\/wp\/v2\/comments?post=219643"}],"wp:featuredmedia":[{"embeddable":true,"href":"https:\/\/raspberrypi.dk\/fi\/wp-json\/wp\/v2\/media\/219644"}],"wp:attachment":[{"href":"https:\/\/raspberrypi.dk\/fi\/wp-json\/wp\/v2\/media?parent=219643"}],"wp:term":[{"taxonomy":"product_brand","embeddable":true,"href":"https:\/\/raspberrypi.dk\/fi\/wp-json\/wp\/v2\/product_brand?post=219643"},{"taxonomy":"product_cat","embeddable":true,"href":"https:\/\/raspberrypi.dk\/fi\/wp-json\/wp\/v2\/product_cat?post=219643"},{"taxonomy":"product_tag","embeddable":true,"href":"https:\/\/raspberrypi.dk\/fi\/wp-json\/wp\/v2\/product_tag?post=219643"}],"curies":[{"name":"wp","href":"https:\/\/api.w.org\/{rel}","templated":true}]}}