{"id":219674,"date":"2023-12-01T13:55:23","date_gmt":"2023-12-01T12:55:23","guid":{"rendered":"https:\/\/raspberrypi.dk\/produkt\/argon-neo-5-bred-case-til-raspberry-pi-5\/"},"modified":"2026-04-05T14:47:01","modified_gmt":"2026-04-05T12:47:01","slug":"argon-neo-5-bred-case-til-raspberry-pi-5","status":"publish","type":"product","link":"https:\/\/raspberrypi.dk\/fi\/tuote\/argon-neo-5-bred-case-til-raspberry-pi-5\/","title":{"rendered":"Argon NEO 5 BRED Case for Raspberry Pi 5"},"content":{"rendered":"<div><strong>Optimize the power of Raspberry Pi 5<\/strong><\/div>\n<ul>\n<li>Impressive thermal dissipation\u00a0solution for both\u00a0passive and active cooling.\n<ul>\n<li>Aluminum case enclosure with passive cooling fins that act as the heatsink<\/li>\n<li>Air intake vents allow for cool air to enter\u00a0the case<\/li>\n<li>30mm PWM fan helps with the airflow and push out hot air to exhaust vents<\/li>\n<\/ul>\n<\/li>\n<\/ul>\n<div><strong>Simple and beautifully designed<\/strong><\/div>\n<ul>\n<li>Made with aluminum alloy and polished with a Black &amp; Red finish for stunning aesthetics.<\/li>\n<li>Easy assembly for the\u00a03 part case with the Raspberry Pi 5.<\/li>\n<li>Small foot print\u00a0 allows\u00a0to bring it anywhere &#8211; or easily mount to your desired station with built in mounting points.<\/li>\n<li>Complete access to all ports with the removable top cover.<\/li>\n<\/ul>\n<div><strong>Superior protection &amp; security<\/strong><\/div>\n<div>\n<ul>\n<li>Space grade aluminum\u00a0helps protect\u00a0Raspberry Pi 5 board from physical damage.<\/li>\n<li>The case has a screw on top cover to keep the ports safe when not in use.<\/li>\n<li>Optional SD card cover to protect your data even further.<\/li>\n<\/ul>\n<\/div>\n<div><strong>Native Raspberry Pi 5 board support<\/strong><\/div>\n<ul>\n<li>Integrated power button<\/li>\n<li>LED light display<\/li>\n<\/ul>\n<p><img decoding=\"async\" src=\"https:\/\/cdn.shopify.com\/s\/files\/1\/0556\/1660\/2177\/files\/NEO_EMAIL_BRED_20231018_2.png?v=1698215846\" alt=\"Argon NEO 5\" \/><\/p>\n","protected":false},"excerpt":{"rendered":"<p>Argon NEO 5 on suunniteltu vastaamaan Raspberry Pi 5:n korkeisiin vaatimuksiin. Valmistettu alumiiniseoksesta ja kiillotettu mustalla ja punaisella viimeistelyll\u00e4 upean ulkon\u00e4\u00f6n saavuttamiseksi.<\/p>\n","protected":false},"featured_media":219690,"comment_status":"open","ping_status":"closed","template":"","meta":[],"product_brand":[],"product_cat":[736],"product_tag":[718],"class_list":{"0":"post-219674","1":"product","2":"type-product","3":"status-publish","4":"has-post-thumbnail","6":"product_cat-raspberry-pi-kotelo","7":"product_tag-rpi5-fi","9":"first","10":"instock","11":"taxable","12":"shipping-taxable","13":"purchasable","14":"product-type-simple"},"composite_virtual":false,"composite_layout":"","composite_add_to_cart_form_location":"","composite_editable_in_cart":false,"composite_sold_individually_context":"","composite_shop_price_calc":"","composite_components":[],"composite_scenarios":[],"bundled_by":[],"bundle_stock_status":"instock","bundle_stock_quantity":38,"bundle_virtual":false,"bundle_layout":"","bundle_add_to_cart_form_location":"","bundle_editable_in_cart":false,"bundle_sold_individually_context":"","bundle_item_grouping":"","bundle_min_size":"","bundle_max_size":"","bundle_price":[],"bundled_items":[],"bundle_sell_ids":[],"yoast_head":"<!-- This site is optimized with the Yoast SEO plugin v27.1.1 - https:\/\/yoast.com\/product\/yoast-seo-wordpress\/ -->\n<title>Argon NEO 5 BRED Case for Raspberry Pi 5 \u2022 RaspberryPi.dk<\/title>\n<meta name=\"robots\" content=\"index, follow, max-snippet:-1, max-image-preview:large, max-video-preview:-1\" \/>\n<link rel=\"canonical\" href=\"https:\/\/raspberrypi.dk\/fi\/tuote\/argon-neo-5-bred-case-til-raspberry-pi-5\/\" \/>\n<meta property=\"og:locale\" content=\"fi_FI\" \/>\n<meta property=\"og:type\" content=\"article\" \/>\n<meta property=\"og:title\" content=\"Argon NEO 5 BRED Case for Raspberry Pi 5 \u2022 RaspberryPi.dk\" \/>\n<meta property=\"og:description\" content=\"Argon NEO 5 on suunniteltu vastaamaan Raspberry Pi 5:n korkeisiin vaatimuksiin. Valmistettu alumiiniseoksesta ja kiillotettu mustalla ja punaisella viimeistelyll\u00e4 upean ulkon\u00e4\u00f6n saavuttamiseksi.\" \/>\n<meta property=\"og:url\" content=\"https:\/\/raspberrypi.dk\/fi\/tuote\/argon-neo-5-bred-case-til-raspberry-pi-5\/\" \/>\n<meta property=\"og:site_name\" content=\"RaspberryPi.dk\" \/>\n<meta property=\"article:publisher\" content=\"https:\/\/facebook.com\/RaspberryPiDanmark\" \/>\n<meta property=\"article:modified_time\" content=\"2026-04-05T12:47:01+00:00\" \/>\n<meta property=\"og:image\" content=\"https:\/\/raspberrypi.dk\/wp-content\/uploads\/2023\/11\/AMZ_AR-NEO-5_20231122_01_713x.webp\" \/>\n\t<meta property=\"og:image:width\" content=\"713\" \/>\n\t<meta property=\"og:image:height\" content=\"713\" \/>\n\t<meta property=\"og:image:type\" content=\"image\/webp\" \/>\n<meta name=\"twitter:card\" content=\"summary_large_image\" \/>\n<meta name=\"twitter:site\" content=\"@raspberrypidk\" \/>\n<meta name=\"twitter:label1\" content=\"Arvioitu lukuaika\" \/>\n\t<meta name=\"twitter:data1\" content=\"2 minuuttia\" \/>\n<script type=\"application\/ld+json\" class=\"yoast-schema-graph\">{\"@context\":\"https:\/\/schema.org\",\"@graph\":[{\"@type\":\"WebPage\",\"@id\":\"https:\/\/raspberrypi.dk\/fi\/tuote\/argon-neo-5-bred-case-til-raspberry-pi-5\/\",\"url\":\"https:\/\/raspberrypi.dk\/fi\/tuote\/argon-neo-5-bred-case-til-raspberry-pi-5\/\",\"name\":\"Argon NEO 5 BRED Case for Raspberry Pi 5 \u2022 RaspberryPi.dk\",\"isPartOf\":{\"@id\":\"https:\/\/raspberrypi.dk\/fi\/#website\"},\"primaryImageOfPage\":{\"@id\":\"https:\/\/raspberrypi.dk\/fi\/tuote\/argon-neo-5-bred-case-til-raspberry-pi-5\/#primaryimage\"},\"image\":{\"@id\":\"https:\/\/raspberrypi.dk\/fi\/tuote\/argon-neo-5-bred-case-til-raspberry-pi-5\/#primaryimage\"},\"thumbnailUrl\":\"https:\/\/raspberrypi.dk\/wp-content\/uploads\/2023\/11\/AMZ_AR-NEO-5_20231122_01_713x.webp\",\"datePublished\":\"2023-12-01T12:55:23+00:00\",\"dateModified\":\"2026-04-05T12:47:01+00:00\",\"breadcrumb\":{\"@id\":\"https:\/\/raspberrypi.dk\/fi\/tuote\/argon-neo-5-bred-case-til-raspberry-pi-5\/#breadcrumb\"},\"inLanguage\":\"fi\",\"potentialAction\":[{\"@type\":\"ReadAction\",\"target\":[\"https:\/\/raspberrypi.dk\/fi\/tuote\/argon-neo-5-bred-case-til-raspberry-pi-5\/\"]}]},{\"@type\":\"ImageObject\",\"inLanguage\":\"fi\",\"@id\":\"https:\/\/raspberrypi.dk\/fi\/tuote\/argon-neo-5-bred-case-til-raspberry-pi-5\/#primaryimage\",\"url\":\"https:\/\/raspberrypi.dk\/wp-content\/uploads\/2023\/11\/AMZ_AR-NEO-5_20231122_01_713x.webp\",\"contentUrl\":\"https:\/\/raspberrypi.dk\/wp-content\/uploads\/2023\/11\/AMZ_AR-NEO-5_20231122_01_713x.webp\",\"width\":713,\"height\":713,\"caption\":\"Argon NEO 5 BRED Case Raspberry Pi 5\"},{\"@type\":\"BreadcrumbList\",\"@id\":\"https:\/\/raspberrypi.dk\/fi\/tuote\/argon-neo-5-bred-case-til-raspberry-pi-5\/#breadcrumb\",\"itemListElement\":[{\"@type\":\"ListItem\",\"position\":1,\"name\":\"Hjem\",\"item\":\"https:\/\/raspberrypi.dk\/fi\/raspberry-pi-verkkokauppa\/\"},{\"@type\":\"ListItem\",\"position\":2,\"name\":\"Shop\",\"item\":\"https:\/\/raspberrypi.dk\/fi\/shop-2\/\"},{\"@type\":\"ListItem\",\"position\":3,\"name\":\"Argon NEO 5 BRED Case for Raspberry Pi 5\"}]},{\"@type\":\"WebSite\",\"@id\":\"https:\/\/raspberrypi.dk\/fi\/#website\",\"url\":\"https:\/\/raspberrypi.dk\/fi\/\",\"name\":\"RaspberryPi.dk\",\"description\":\"Danmarks f\u00f8rende Raspberry Pi side!\",\"publisher\":{\"@id\":\"https:\/\/raspberrypi.dk\/fi\/#organization\"},\"potentialAction\":[{\"@type\":\"SearchAction\",\"target\":{\"@type\":\"EntryPoint\",\"urlTemplate\":\"https:\/\/raspberrypi.dk\/fi\/?s={search_term_string}\"},\"query-input\":{\"@type\":\"PropertyValueSpecification\",\"valueRequired\":true,\"valueName\":\"search_term_string\"}}],\"inLanguage\":\"fi\"},{\"@type\":\"Organization\",\"@id\":\"https:\/\/raspberrypi.dk\/fi\/#organization\",\"name\":\"RaspberryPi.dk\",\"url\":\"https:\/\/raspberrypi.dk\/fi\/\",\"logo\":{\"@type\":\"ImageObject\",\"inLanguage\":\"fi\",\"@id\":\"https:\/\/raspberrypi.dk\/fi\/#\/schema\/logo\/image\/\",\"url\":\"https:\/\/raspberrypi.dk\/wp-content\/uploads\/2017\/05\/RaspberryPidk_logo-2.png\",\"contentUrl\":\"https:\/\/raspberrypi.dk\/wp-content\/uploads\/2017\/05\/RaspberryPidk_logo-2.png\",\"width\":470,\"height\":110,\"caption\":\"RaspberryPi.dk\"},\"image\":{\"@id\":\"https:\/\/raspberrypi.dk\/fi\/#\/schema\/logo\/image\/\"},\"sameAs\":[\"https:\/\/facebook.com\/RaspberryPiDanmark\",\"https:\/\/x.com\/raspberrypidk\",\"https:\/\/instagram.com\/raspberrypi.dk\"]}]}<\/script>\n<!-- \/ Yoast SEO plugin. -->","yoast_head_json":{"title":"Argon NEO 5 BRED Case for Raspberry Pi 5 \u2022 RaspberryPi.dk","robots":{"index":"index","follow":"follow","max-snippet":"max-snippet:-1","max-image-preview":"max-image-preview:large","max-video-preview":"max-video-preview:-1"},"canonical":"https:\/\/raspberrypi.dk\/fi\/tuote\/argon-neo-5-bred-case-til-raspberry-pi-5\/","og_locale":"fi_FI","og_type":"article","og_title":"Argon NEO 5 BRED Case for Raspberry Pi 5 \u2022 RaspberryPi.dk","og_description":"Argon NEO 5 on suunniteltu vastaamaan Raspberry Pi 5:n korkeisiin vaatimuksiin. Valmistettu alumiiniseoksesta ja kiillotettu mustalla ja punaisella viimeistelyll\u00e4 upean ulkon\u00e4\u00f6n saavuttamiseksi.","og_url":"https:\/\/raspberrypi.dk\/fi\/tuote\/argon-neo-5-bred-case-til-raspberry-pi-5\/","og_site_name":"RaspberryPi.dk","article_publisher":"https:\/\/facebook.com\/RaspberryPiDanmark","article_modified_time":"2026-04-05T12:47:01+00:00","og_image":[{"width":713,"height":713,"url":"https:\/\/raspberrypi.dk\/wp-content\/uploads\/2023\/11\/AMZ_AR-NEO-5_20231122_01_713x.webp","type":"image\/webp"}],"twitter_card":"summary_large_image","twitter_site":"@raspberrypidk","twitter_misc":{"Arvioitu lukuaika":"2 minuuttia"},"schema":{"@context":"https:\/\/schema.org","@graph":[{"@type":"WebPage","@id":"https:\/\/raspberrypi.dk\/fi\/tuote\/argon-neo-5-bred-case-til-raspberry-pi-5\/","url":"https:\/\/raspberrypi.dk\/fi\/tuote\/argon-neo-5-bred-case-til-raspberry-pi-5\/","name":"Argon NEO 5 BRED Case for Raspberry Pi 5 \u2022 RaspberryPi.dk","isPartOf":{"@id":"https:\/\/raspberrypi.dk\/fi\/#website"},"primaryImageOfPage":{"@id":"https:\/\/raspberrypi.dk\/fi\/tuote\/argon-neo-5-bred-case-til-raspberry-pi-5\/#primaryimage"},"image":{"@id":"https:\/\/raspberrypi.dk\/fi\/tuote\/argon-neo-5-bred-case-til-raspberry-pi-5\/#primaryimage"},"thumbnailUrl":"https:\/\/raspberrypi.dk\/wp-content\/uploads\/2023\/11\/AMZ_AR-NEO-5_20231122_01_713x.webp","datePublished":"2023-12-01T12:55:23+00:00","dateModified":"2026-04-05T12:47:01+00:00","breadcrumb":{"@id":"https:\/\/raspberrypi.dk\/fi\/tuote\/argon-neo-5-bred-case-til-raspberry-pi-5\/#breadcrumb"},"inLanguage":"fi","potentialAction":[{"@type":"ReadAction","target":["https:\/\/raspberrypi.dk\/fi\/tuote\/argon-neo-5-bred-case-til-raspberry-pi-5\/"]}]},{"@type":"ImageObject","inLanguage":"fi","@id":"https:\/\/raspberrypi.dk\/fi\/tuote\/argon-neo-5-bred-case-til-raspberry-pi-5\/#primaryimage","url":"https:\/\/raspberrypi.dk\/wp-content\/uploads\/2023\/11\/AMZ_AR-NEO-5_20231122_01_713x.webp","contentUrl":"https:\/\/raspberrypi.dk\/wp-content\/uploads\/2023\/11\/AMZ_AR-NEO-5_20231122_01_713x.webp","width":713,"height":713,"caption":"Argon NEO 5 BRED Case Raspberry Pi 5"},{"@type":"BreadcrumbList","@id":"https:\/\/raspberrypi.dk\/fi\/tuote\/argon-neo-5-bred-case-til-raspberry-pi-5\/#breadcrumb","itemListElement":[{"@type":"ListItem","position":1,"name":"Hjem","item":"https:\/\/raspberrypi.dk\/fi\/raspberry-pi-verkkokauppa\/"},{"@type":"ListItem","position":2,"name":"Shop","item":"https:\/\/raspberrypi.dk\/fi\/shop-2\/"},{"@type":"ListItem","position":3,"name":"Argon NEO 5 BRED Case for Raspberry Pi 5"}]},{"@type":"WebSite","@id":"https:\/\/raspberrypi.dk\/fi\/#website","url":"https:\/\/raspberrypi.dk\/fi\/","name":"RaspberryPi.dk","description":"Danmarks f\u00f8rende Raspberry Pi side!","publisher":{"@id":"https:\/\/raspberrypi.dk\/fi\/#organization"},"potentialAction":[{"@type":"SearchAction","target":{"@type":"EntryPoint","urlTemplate":"https:\/\/raspberrypi.dk\/fi\/?s={search_term_string}"},"query-input":{"@type":"PropertyValueSpecification","valueRequired":true,"valueName":"search_term_string"}}],"inLanguage":"fi"},{"@type":"Organization","@id":"https:\/\/raspberrypi.dk\/fi\/#organization","name":"RaspberryPi.dk","url":"https:\/\/raspberrypi.dk\/fi\/","logo":{"@type":"ImageObject","inLanguage":"fi","@id":"https:\/\/raspberrypi.dk\/fi\/#\/schema\/logo\/image\/","url":"https:\/\/raspberrypi.dk\/wp-content\/uploads\/2017\/05\/RaspberryPidk_logo-2.png","contentUrl":"https:\/\/raspberrypi.dk\/wp-content\/uploads\/2017\/05\/RaspberryPidk_logo-2.png","width":470,"height":110,"caption":"RaspberryPi.dk"},"image":{"@id":"https:\/\/raspberrypi.dk\/fi\/#\/schema\/logo\/image\/"},"sameAs":["https:\/\/facebook.com\/RaspberryPiDanmark","https:\/\/x.com\/raspberrypidk","https:\/\/instagram.com\/raspberrypi.dk"]}]}},"_links":{"self":[{"href":"https:\/\/raspberrypi.dk\/fi\/wp-json\/wp\/v2\/product\/219674","targetHints":{"allow":["GET"]}}],"collection":[{"href":"https:\/\/raspberrypi.dk\/fi\/wp-json\/wp\/v2\/product"}],"about":[{"href":"https:\/\/raspberrypi.dk\/fi\/wp-json\/wp\/v2\/types\/product"}],"replies":[{"embeddable":true,"href":"https:\/\/raspberrypi.dk\/fi\/wp-json\/wp\/v2\/comments?post=219674"}],"wp:featuredmedia":[{"embeddable":true,"href":"https:\/\/raspberrypi.dk\/fi\/wp-json\/wp\/v2\/media\/219690"}],"wp:attachment":[{"href":"https:\/\/raspberrypi.dk\/fi\/wp-json\/wp\/v2\/media?parent=219674"}],"wp:term":[{"taxonomy":"product_brand","embeddable":true,"href":"https:\/\/raspberrypi.dk\/fi\/wp-json\/wp\/v2\/product_brand?post=219674"},{"taxonomy":"product_cat","embeddable":true,"href":"https:\/\/raspberrypi.dk\/fi\/wp-json\/wp\/v2\/product_cat?post=219674"},{"taxonomy":"product_tag","embeddable":true,"href":"https:\/\/raspberrypi.dk\/fi\/wp-json\/wp\/v2\/product_tag?post=219674"}],"curies":[{"name":"wp","href":"https:\/\/api.w.org\/{rel}","templated":true}]}}