{"id":219826,"date":"2023-09-28T08:06:02","date_gmt":"2023-09-28T06:06:02","guid":{"rendered":"https:\/\/raspberrypi.dk\/produkt\/raspberry-pi-5-active-cooler\/"},"modified":"2026-04-04T21:31:08","modified_gmt":"2026-04-04T19:31:08","slug":"raspberry-pi-5-active-cooler","status":"publish","type":"product","link":"https:\/\/raspberrypi.dk\/fi\/tuote\/raspberry-pi-5-active-cooler\/","title":{"rendered":"Raspberry Pi 5 Active Cooler"},"content":{"rendered":"<div class=\"page\" title=\"Page 5\">\n<div class=\"layoutArea\">\n<div class=\"column\">\n<p>Active Cooler tarjoaa vaihtoehtoisen j\u00e4\u00e4hdytysratkaisun k\u00e4ytt\u00e4jille, jotka haluavat k\u00e4ytt\u00e4\u00e4 Raspberry Pi 5 -laitetta jatkuvassa raskaassa kuormituksessa ilman koteloa. Se yhdist\u00e4\u00e4 suuren metallisen j\u00e4\u00e4hdytyselementin ja s\u00e4\u00e4dett\u00e4v\u00e4n nopeuden tuulettimen, joka saa virtaa ja ohjataan tuulettimen liittimen kautta, ja se kiinnittyy Raspberry Pi 5 PCB -piirilevyyn jousitappien avulla kahdessa kiinnitysrei\u00e4ss\u00e4.<\/p>\n<section class=\"c-product-slice t-product-slice\">\n<div class=\"o-container\">\n<div class=\"c-product-slice__content c-product-slice__content--text\">\n<h2 class=\"c-type-display c-product-slice__heading\">Features<\/h2>\n<div class=\"c-wysiwyg c-product-slice__content\">\n<p>Single-piece anodised aluminium heatsink<\/p>\n<p>Heatsink-mounted, temperature-controlled blower fan attached by three screws<\/p>\n<p>Spring-loaded push pins for mounting onto Raspberry Pi 5<\/p>\n<p>Pre-applied thermal pads for heat transfer<\/p>\n<\/div>\n<\/div>\n<\/div>\n<\/section>\n<section class=\"c-product-slice t-product-slice\">\n<div class=\"o-container\">\n<div class=\"c-product-slice__content c-product-slice__content--text\">\n<h2 class=\"c-type-display c-product-slice__heading\">Important notes<\/h2>\n<div class=\"c-wysiwyg c-product-slice__content\">\n<p>We recommend that the Active Cooler is not removed once it is fitted to Raspberry Pi 5. Removal of the Active Cooler will cause the push pins and thermal pads to degrade and is likely to lead to product damage. Discontinue use of the Active Cooler if the push pins are damaged or deformed, or if they do not clip securely.<\/p>\n<\/div>\n<\/div>\n<\/div>\n<\/section>\n<section class=\"c-product-slice t-product-slice\">\n<div class=\"o-container\">\n<div class=\"c-product-slice__content c-product-slice__content--text\">\n<h2 class=\"c-type-display c-product-slice__heading\">Specifications<\/h2>\n<div class=\"c-wysiwyg c-product-slice__content\">\n<p><strong>Input voltage:\u00a0<\/strong>5V DC supplied via four-pin fan header on Raspberry Pi 5<\/p>\n<p><strong>Fan speed control:\u00a0<\/strong>Pulse width modulation control with tachometer<\/p>\n<p><strong>Maximum airflow:\u00a0<\/strong>1.09 CFM<\/p>\n<p><strong>Maximum fan speed:\u00a0<\/strong>8000 RPM +\/- 15%<\/p>\n<p><strong>Product material:\u00a0<\/strong>Anodised aluminium<\/p>\n<\/div>\n<\/div>\n<\/div>\n<\/section>\n<section class=\"c-product-slice t-product-slice\">\n<div class=\"o-container\">\n<div class=\"c-product-slice__content c-product-slice__content--documents\">\n<h2 class=\"c-type-display c-product-slice__heading\">Documents<\/h2>\n<div class=\"c-wysiwyg\">\n<ul>\n<li><a href=\"https:\/\/datasheets.raspberrypi.com\/cooling\/raspberry-pi-active-cooler-product-brief.pdf\">Raspberry Pi Active Cooler product brief<\/a><\/li>\n<li><a href=\"https:\/\/datasheets.raspberrypi.com\/cooling\/raspberry-pi-active-cooler-mechanical-drawing.pdf\">Raspberry Pi Active Cooler mechanical drawing<\/a><\/li>\n<\/ul>\n<\/div>\n<\/div>\n<\/div>\n<\/section>\n<\/div>\n<\/div>\n<\/div>\n","protected":false},"excerpt":{"rendered":"<p>Raspberry Pi Active Cooler Raspberry Pi 5 on erityinen kiinnitett\u00e4v\u00e4 j\u00e4\u00e4hdytysratkaisu Raspberry Pi 5:lle.<\/p>\n","protected":false},"featured_media":219828,"comment_status":"open","ping_status":"closed","template":"","meta":[],"product_brand":[],"product_cat":[732,736],"product_tag":[718],"class_list":{"0":"post-219826","1":"product","2":"type-product","3":"status-publish","4":"has-post-thumbnail","6":"product_cat-hats-gpio","7":"product_cat-raspberry-pi-kotelo","8":"product_tag-rpi5-fi","10":"first","11":"instock","12":"taxable","13":"shipping-taxable","14":"purchasable","15":"product-type-simple"},"composite_virtual":false,"composite_layout":"","composite_add_to_cart_form_location":"","composite_editable_in_cart":false,"composite_sold_individually_context":"","composite_shop_price_calc":"","composite_components":[],"composite_scenarios":[],"bundled_by":[],"bundle_stock_status":"instock","bundle_stock_quantity":850,"bundle_virtual":false,"bundle_layout":"","bundle_add_to_cart_form_location":"","bundle_editable_in_cart":false,"bundle_sold_individually_context":"","bundle_item_grouping":"","bundle_min_size":"","bundle_max_size":"","bundle_price":[],"bundled_items":[],"bundle_sell_ids":[],"yoast_head":"<!-- This site is optimized with the Yoast SEO plugin v27.1.1 - https:\/\/yoast.com\/product\/yoast-seo-wordpress\/ -->\n<title>Raspberry Pi 5 Active Cooler \u2022 RaspberryPi.dk<\/title>\n<meta name=\"robots\" content=\"index, follow, max-snippet:-1, max-image-preview:large, max-video-preview:-1\" \/>\n<link rel=\"canonical\" href=\"https:\/\/raspberrypi.dk\/fi\/tuote\/raspberry-pi-5-active-cooler\/\" \/>\n<meta property=\"og:locale\" content=\"fi_FI\" \/>\n<meta property=\"og:type\" content=\"article\" \/>\n<meta property=\"og:title\" content=\"Raspberry Pi 5 Active Cooler \u2022 RaspberryPi.dk\" \/>\n<meta property=\"og:description\" content=\"Raspberry Pi Active Cooler Raspberry Pi 5 on erityinen kiinnitett\u00e4v\u00e4 j\u00e4\u00e4hdytysratkaisu Raspberry Pi 5:lle.\" \/>\n<meta property=\"og:url\" content=\"https:\/\/raspberrypi.dk\/fi\/tuote\/raspberry-pi-5-active-cooler\/\" \/>\n<meta property=\"og:site_name\" content=\"RaspberryPi.dk\" \/>\n<meta property=\"article:publisher\" content=\"https:\/\/facebook.com\/RaspberryPiDanmark\" \/>\n<meta property=\"article:modified_time\" content=\"2026-04-04T19:31:08+00:00\" \/>\n<meta property=\"og:image\" content=\"https:\/\/raspberrypi.dk\/wp-content\/uploads\/2023\/09\/Active-Cooler-1024x683.png\" \/>\n\t<meta property=\"og:image:width\" content=\"1024\" \/>\n\t<meta property=\"og:image:height\" content=\"683\" \/>\n\t<meta property=\"og:image:type\" content=\"image\/png\" \/>\n<meta name=\"twitter:card\" content=\"summary_large_image\" \/>\n<meta name=\"twitter:site\" content=\"@raspberrypidk\" \/>\n<meta name=\"twitter:label1\" content=\"Arvioitu lukuaika\" \/>\n\t<meta name=\"twitter:data1\" content=\"2 minuuttia\" \/>\n<script type=\"application\/ld+json\" class=\"yoast-schema-graph\">{\"@context\":\"https:\/\/schema.org\",\"@graph\":[{\"@type\":\"WebPage\",\"@id\":\"https:\/\/raspberrypi.dk\/fi\/tuote\/raspberry-pi-5-active-cooler\/\",\"url\":\"https:\/\/raspberrypi.dk\/fi\/tuote\/raspberry-pi-5-active-cooler\/\",\"name\":\"Raspberry Pi 5 Active Cooler \u2022 RaspberryPi.dk\",\"isPartOf\":{\"@id\":\"https:\/\/raspberrypi.dk\/fi\/#website\"},\"primaryImageOfPage\":{\"@id\":\"https:\/\/raspberrypi.dk\/fi\/tuote\/raspberry-pi-5-active-cooler\/#primaryimage\"},\"image\":{\"@id\":\"https:\/\/raspberrypi.dk\/fi\/tuote\/raspberry-pi-5-active-cooler\/#primaryimage\"},\"thumbnailUrl\":\"https:\/\/raspberrypi.dk\/wp-content\/uploads\/2023\/09\/Active-Cooler.png\",\"datePublished\":\"2023-09-28T06:06:02+00:00\",\"dateModified\":\"2026-04-04T19:31:08+00:00\",\"breadcrumb\":{\"@id\":\"https:\/\/raspberrypi.dk\/fi\/tuote\/raspberry-pi-5-active-cooler\/#breadcrumb\"},\"inLanguage\":\"fi\",\"potentialAction\":[{\"@type\":\"ReadAction\",\"target\":[\"https:\/\/raspberrypi.dk\/fi\/tuote\/raspberry-pi-5-active-cooler\/\"]}]},{\"@type\":\"ImageObject\",\"inLanguage\":\"fi\",\"@id\":\"https:\/\/raspberrypi.dk\/fi\/tuote\/raspberry-pi-5-active-cooler\/#primaryimage\",\"url\":\"https:\/\/raspberrypi.dk\/wp-content\/uploads\/2023\/09\/Active-Cooler.png\",\"contentUrl\":\"https:\/\/raspberrypi.dk\/wp-content\/uploads\/2023\/09\/Active-Cooler.png\",\"width\":1920,\"height\":1280,\"caption\":\"raspberry pi 5 fan and heatsink\"},{\"@type\":\"BreadcrumbList\",\"@id\":\"https:\/\/raspberrypi.dk\/fi\/tuote\/raspberry-pi-5-active-cooler\/#breadcrumb\",\"itemListElement\":[{\"@type\":\"ListItem\",\"position\":1,\"name\":\"Hjem\",\"item\":\"https:\/\/raspberrypi.dk\/fi\/raspberry-pi-verkkokauppa\/\"},{\"@type\":\"ListItem\",\"position\":2,\"name\":\"Shop\",\"item\":\"https:\/\/raspberrypi.dk\/fi\/shop-2\/\"},{\"@type\":\"ListItem\",\"position\":3,\"name\":\"Raspberry Pi 5 Active Cooler\"}]},{\"@type\":\"WebSite\",\"@id\":\"https:\/\/raspberrypi.dk\/fi\/#website\",\"url\":\"https:\/\/raspberrypi.dk\/fi\/\",\"name\":\"RaspberryPi.dk\",\"description\":\"Danmarks f\u00f8rende Raspberry Pi side!\",\"publisher\":{\"@id\":\"https:\/\/raspberrypi.dk\/fi\/#organization\"},\"potentialAction\":[{\"@type\":\"SearchAction\",\"target\":{\"@type\":\"EntryPoint\",\"urlTemplate\":\"https:\/\/raspberrypi.dk\/fi\/?s={search_term_string}\"},\"query-input\":{\"@type\":\"PropertyValueSpecification\",\"valueRequired\":true,\"valueName\":\"search_term_string\"}}],\"inLanguage\":\"fi\"},{\"@type\":\"Organization\",\"@id\":\"https:\/\/raspberrypi.dk\/fi\/#organization\",\"name\":\"RaspberryPi.dk\",\"url\":\"https:\/\/raspberrypi.dk\/fi\/\",\"logo\":{\"@type\":\"ImageObject\",\"inLanguage\":\"fi\",\"@id\":\"https:\/\/raspberrypi.dk\/fi\/#\/schema\/logo\/image\/\",\"url\":\"https:\/\/raspberrypi.dk\/wp-content\/uploads\/2017\/05\/RaspberryPidk_logo-2.png\",\"contentUrl\":\"https:\/\/raspberrypi.dk\/wp-content\/uploads\/2017\/05\/RaspberryPidk_logo-2.png\",\"width\":470,\"height\":110,\"caption\":\"RaspberryPi.dk\"},\"image\":{\"@id\":\"https:\/\/raspberrypi.dk\/fi\/#\/schema\/logo\/image\/\"},\"sameAs\":[\"https:\/\/facebook.com\/RaspberryPiDanmark\",\"https:\/\/x.com\/raspberrypidk\",\"https:\/\/instagram.com\/raspberrypi.dk\"]}]}<\/script>\n<!-- \/ Yoast SEO plugin. -->","yoast_head_json":{"title":"Raspberry Pi 5 Active Cooler \u2022 RaspberryPi.dk","robots":{"index":"index","follow":"follow","max-snippet":"max-snippet:-1","max-image-preview":"max-image-preview:large","max-video-preview":"max-video-preview:-1"},"canonical":"https:\/\/raspberrypi.dk\/fi\/tuote\/raspberry-pi-5-active-cooler\/","og_locale":"fi_FI","og_type":"article","og_title":"Raspberry Pi 5 Active Cooler \u2022 RaspberryPi.dk","og_description":"Raspberry Pi Active Cooler Raspberry Pi 5 on erityinen kiinnitett\u00e4v\u00e4 j\u00e4\u00e4hdytysratkaisu Raspberry Pi 5:lle.","og_url":"https:\/\/raspberrypi.dk\/fi\/tuote\/raspberry-pi-5-active-cooler\/","og_site_name":"RaspberryPi.dk","article_publisher":"https:\/\/facebook.com\/RaspberryPiDanmark","article_modified_time":"2026-04-04T19:31:08+00:00","og_image":[{"width":1024,"height":683,"url":"https:\/\/raspberrypi.dk\/wp-content\/uploads\/2023\/09\/Active-Cooler-1024x683.png","type":"image\/png"}],"twitter_card":"summary_large_image","twitter_site":"@raspberrypidk","twitter_misc":{"Arvioitu lukuaika":"2 minuuttia"},"schema":{"@context":"https:\/\/schema.org","@graph":[{"@type":"WebPage","@id":"https:\/\/raspberrypi.dk\/fi\/tuote\/raspberry-pi-5-active-cooler\/","url":"https:\/\/raspberrypi.dk\/fi\/tuote\/raspberry-pi-5-active-cooler\/","name":"Raspberry Pi 5 Active Cooler \u2022 RaspberryPi.dk","isPartOf":{"@id":"https:\/\/raspberrypi.dk\/fi\/#website"},"primaryImageOfPage":{"@id":"https:\/\/raspberrypi.dk\/fi\/tuote\/raspberry-pi-5-active-cooler\/#primaryimage"},"image":{"@id":"https:\/\/raspberrypi.dk\/fi\/tuote\/raspberry-pi-5-active-cooler\/#primaryimage"},"thumbnailUrl":"https:\/\/raspberrypi.dk\/wp-content\/uploads\/2023\/09\/Active-Cooler.png","datePublished":"2023-09-28T06:06:02+00:00","dateModified":"2026-04-04T19:31:08+00:00","breadcrumb":{"@id":"https:\/\/raspberrypi.dk\/fi\/tuote\/raspberry-pi-5-active-cooler\/#breadcrumb"},"inLanguage":"fi","potentialAction":[{"@type":"ReadAction","target":["https:\/\/raspberrypi.dk\/fi\/tuote\/raspberry-pi-5-active-cooler\/"]}]},{"@type":"ImageObject","inLanguage":"fi","@id":"https:\/\/raspberrypi.dk\/fi\/tuote\/raspberry-pi-5-active-cooler\/#primaryimage","url":"https:\/\/raspberrypi.dk\/wp-content\/uploads\/2023\/09\/Active-Cooler.png","contentUrl":"https:\/\/raspberrypi.dk\/wp-content\/uploads\/2023\/09\/Active-Cooler.png","width":1920,"height":1280,"caption":"raspberry pi 5 fan and heatsink"},{"@type":"BreadcrumbList","@id":"https:\/\/raspberrypi.dk\/fi\/tuote\/raspberry-pi-5-active-cooler\/#breadcrumb","itemListElement":[{"@type":"ListItem","position":1,"name":"Hjem","item":"https:\/\/raspberrypi.dk\/fi\/raspberry-pi-verkkokauppa\/"},{"@type":"ListItem","position":2,"name":"Shop","item":"https:\/\/raspberrypi.dk\/fi\/shop-2\/"},{"@type":"ListItem","position":3,"name":"Raspberry Pi 5 Active Cooler"}]},{"@type":"WebSite","@id":"https:\/\/raspberrypi.dk\/fi\/#website","url":"https:\/\/raspberrypi.dk\/fi\/","name":"RaspberryPi.dk","description":"Danmarks f\u00f8rende Raspberry Pi side!","publisher":{"@id":"https:\/\/raspberrypi.dk\/fi\/#organization"},"potentialAction":[{"@type":"SearchAction","target":{"@type":"EntryPoint","urlTemplate":"https:\/\/raspberrypi.dk\/fi\/?s={search_term_string}"},"query-input":{"@type":"PropertyValueSpecification","valueRequired":true,"valueName":"search_term_string"}}],"inLanguage":"fi"},{"@type":"Organization","@id":"https:\/\/raspberrypi.dk\/fi\/#organization","name":"RaspberryPi.dk","url":"https:\/\/raspberrypi.dk\/fi\/","logo":{"@type":"ImageObject","inLanguage":"fi","@id":"https:\/\/raspberrypi.dk\/fi\/#\/schema\/logo\/image\/","url":"https:\/\/raspberrypi.dk\/wp-content\/uploads\/2017\/05\/RaspberryPidk_logo-2.png","contentUrl":"https:\/\/raspberrypi.dk\/wp-content\/uploads\/2017\/05\/RaspberryPidk_logo-2.png","width":470,"height":110,"caption":"RaspberryPi.dk"},"image":{"@id":"https:\/\/raspberrypi.dk\/fi\/#\/schema\/logo\/image\/"},"sameAs":["https:\/\/facebook.com\/RaspberryPiDanmark","https:\/\/x.com\/raspberrypidk","https:\/\/instagram.com\/raspberrypi.dk"]}]}},"_links":{"self":[{"href":"https:\/\/raspberrypi.dk\/fi\/wp-json\/wp\/v2\/product\/219826","targetHints":{"allow":["GET"]}}],"collection":[{"href":"https:\/\/raspberrypi.dk\/fi\/wp-json\/wp\/v2\/product"}],"about":[{"href":"https:\/\/raspberrypi.dk\/fi\/wp-json\/wp\/v2\/types\/product"}],"replies":[{"embeddable":true,"href":"https:\/\/raspberrypi.dk\/fi\/wp-json\/wp\/v2\/comments?post=219826"}],"wp:featuredmedia":[{"embeddable":true,"href":"https:\/\/raspberrypi.dk\/fi\/wp-json\/wp\/v2\/media\/219828"}],"wp:attachment":[{"href":"https:\/\/raspberrypi.dk\/fi\/wp-json\/wp\/v2\/media?parent=219826"}],"wp:term":[{"taxonomy":"product_brand","embeddable":true,"href":"https:\/\/raspberrypi.dk\/fi\/wp-json\/wp\/v2\/product_brand?post=219826"},{"taxonomy":"product_cat","embeddable":true,"href":"https:\/\/raspberrypi.dk\/fi\/wp-json\/wp\/v2\/product_cat?post=219826"},{"taxonomy":"product_tag","embeddable":true,"href":"https:\/\/raspberrypi.dk\/fi\/wp-json\/wp\/v2\/product_tag?post=219826"}],"curies":[{"name":"wp","href":"https:\/\/api.w.org\/{rel}","templated":true}]}}