{"id":219941,"date":"2023-06-13T14:27:40","date_gmt":"2023-06-13T12:27:40","guid":{"rendered":"https:\/\/raspberrypi.dk\/produkt\/mini-computer-perustuu-cm4-mini-io-board-lite\/"},"modified":"2024-04-04T12:37:27","modified_gmt":"2024-04-04T10:37:27","slug":"mini-computer-perustuu-cm4-mini-io-board-lite","status":"publish","type":"product","link":"https:\/\/raspberrypi.dk\/fi\/tuote\/mini-computer-perustuu-cm4-mini-io-board-lite\/","title":{"rendered":"Mini-Computer Perustuu CM4 &#8211; Mini IO Board Lite"},"content":{"rendered":"<h3>In the box<\/h3>\n<ol>\n<li>CM4-IO-BASE-A x1<\/li>\n<li>Metal case (top and bottom) x1<\/li>\n<li>Fan-4010-PWM-5V x1<\/li>\n<li><span class=\"noteBg\">OPTIONS<\/span>\u00a05V 3A USB-C power adapter x1<\/li>\n<li>Screwdriver x1<\/li>\n<li>Screws pack x1<\/li>\n<\/ol>\n<p><img decoding=\"async\" src=\"https:\/\/www.waveshare.com\/img\/devkit\/CM4-IO-BASE-BOX\/CM4-IO-BASE-BOX-A-details-pack.jpg\" \/><\/p>\n<div>\n<h3 class=\"richTitle\"><span class=\"hilitColor\">Mini-Computer<\/span>\u00a0Based On CM4<\/h3>\n<p class=\"richDesc hilitBlock2\">Designed For Raspberry Pi Compute Module 4<\/p>\n<p class=\"richDesc\">Waveshare CM4-IO-BASE-A (Lite Ver.) Inside, Fast And Easy To Build A Mini-Computer<\/p>\n<p><img decoding=\"async\" src=\"https:\/\/www.waveshare.com\/img\/devkit\/CM4-IO-BASE-BOX\/CM4-IO-BASE-BOX-details-1.jpg\" \/><\/p>\n<\/div>\n<div>\n<h3 class=\"richTitle\">Waveshare Mini IO Board (Lite Ver.) Inside<\/h3>\n<p class=\"richDesc\">Make It Easy To Build Your Own Raspberry Pi CM4 Mini PC<\/p>\n<p><img decoding=\"async\" src=\"https:\/\/www.waveshare.com\/img\/devkit\/CM4-IO-BASE-BOX\/CM4-IO-BASE-BOX-details-3.jpg\" \/><\/p>\n<div class=\"msg msg_warning\">for reference only, CM4 and antenna are NOT included.<\/div>\n<div><\/div>\n<\/div>\n<div><\/div>\n<div>\n<h3 class=\"richTitle\">Rich Peripheral Connectors<\/h3>\n<p class=\"richDesc\">Onboard Connectors Including<br \/>\nCSI\/DSI\/FAN\/HDMI\/USB\/RJ45 Gigabit Ethernet\/Micro SD Card Slot\/M.2 Slot<\/p>\n<p><img decoding=\"async\" src=\"https:\/\/www.waveshare.com\/img\/devkit\/CM4-IO-BASE-A\/CM4-IO-BASE-A-details-5.jpg\" \/>\u00a0<img decoding=\"async\" src=\"https:\/\/www.waveshare.com\/img\/devkit\/CM4-IO-BASE-A\/CM4-IO-BASE-A-details-7.jpg\" \/><\/p>\n<\/div>\n<div>\n<h3 class=\"richTitle\">Precise Cut-Out With Clear Label<\/h3>\n<p class=\"richDesc\">Each Cut-Out Is Completely Aligned With The Connector<\/p>\n<p><img decoding=\"async\" src=\"https:\/\/www.waveshare.com\/img\/devkit\/CM4-IO-BASE-BOX\/CM4-IO-BASE-BOX-details-5.jpg\" \/><\/p>\n<\/div>\n<div>\n<h3 class=\"richTitle\">Cooling Fan Included<\/h3>\n<p class=\"richDesc\">Comes With Cooling Fan, Combined With The Airflow Vent, Better Heat Dissipation<\/p>\n<p><img decoding=\"async\" src=\"https:\/\/www.waveshare.com\/img\/devkit\/CM4-IO-BASE-BOX\/CM4-IO-BASE-BOX-details-7.jpg\" \/><\/p>\n<\/div>\n<div class=\"pdT\">\n<h3 class=\"richTitle\">Wall Mount Support<\/h3>\n<p class=\"richDesc\">Wall Mount Holes On Two Sides, Handy For Mounting<\/p>\n<p><img decoding=\"async\" src=\"https:\/\/www.waveshare.com\/img\/devkit\/CM4-IO-BASE-BOX\/CM4-IO-BASE-BOX-details-9.jpg\" \/><\/p>\n<\/div>\n<div>\n<h3><\/h3>\n<h3 class=\"richTitle\">Application Examples<\/h3>\n<p class=\"richDesc\">Binocular Vision Raspberry Pi Projects, Or Other Industrial Context<\/p>\n<p><img decoding=\"async\" src=\"https:\/\/www.waveshare.com\/img\/devkit\/CM4-IO-BASE-BOX\/CM4-IO-BASE-BOX-details-11.jpg\" \/><\/p>\n<div class=\"msg msg_warning\">for reference only, display, cameras, antennas are NOT included.<\/div>\n<\/div>\n<div>\n<div><\/div>\n<h3 class=\"richTitle\">Outline Dimensions<\/h3>\n<p><img decoding=\"async\" src=\"https:\/\/www.waveshare.com\/img\/devkit\/CM4-IO-BASE-BOX\/CM4-IO-BASE-BOX-details-size.jpg\" \/><\/p>\n<\/div>\n<div><\/div>\n<div>\n<div class=\"bgGrey\">\n<h4><strong>WIKI:\u00a0<\/strong><a href=\"http:\/\/www.waveshare.com\/wiki\/CM4-IO-BASE-A\" target=\"_blank\" rel=\"noopener\">CM4-IO-BASE-A<\/a><\/h4>\n<\/div>\n<\/div>\n","protected":false},"excerpt":{"rendered":"<div class=\"overviewSec\">Raspberry Pi Compute Module 4 perustuva minitietokone (EI mukana), Mini IO Board Lite Ver, metallikotelo tuulettimella.<\/div>\n<div><\/div>\n<div><a href=\"https:\/\/raspberrypi.dk\/fi\/myymala\/kategoria\/raspberry-pi-compute-module-4-cm4-fi\/\">Osta Raspberry Pi Compute Module 4 (CM4) t\u00e4\u00e4lt\u00e4.<\/a><\/div>\n","protected":false},"featured_media":219945,"comment_status":"open","ping_status":"closed","template":"","meta":[],"product_brand":[],"product_cat":[729],"product_tag":[783],"class_list":{"0":"post-219941","1":"product","2":"type-product","3":"status-publish","4":"has-post-thumbnail","6":"product_cat-teollinen-raspberry-pi-fi","7":"product_tag-cm4-fi","9":"first","10":"instock","11":"taxable","12":"shipping-taxable","13":"purchasable","14":"product-type-simple"},"composite_virtual":false,"composite_layout":"","composite_add_to_cart_form_location":"","composite_editable_in_cart":false,"composite_sold_individually_context":"","composite_shop_price_calc":"","composite_components":[],"composite_scenarios":[],"bundled_by":[],"bundle_stock_status":"instock","bundle_stock_quantity":5,"bundle_virtual":false,"bundle_layout":"","bundle_add_to_cart_form_location":"","bundle_editable_in_cart":false,"bundle_sold_individually_context":"","bundle_item_grouping":"","bundle_min_size":"","bundle_max_size":"","bundle_price":[],"bundled_items":[],"bundle_sell_ids":[],"yoast_head":"<!-- This site is optimized with the Yoast SEO plugin v27.1.1 - https:\/\/yoast.com\/product\/yoast-seo-wordpress\/ -->\n<title>Mini-Computer Perustuu CM4 - Mini IO Board Lite \u2022 RaspberryPi.dk<\/title>\n<meta name=\"robots\" content=\"index, follow, max-snippet:-1, max-image-preview:large, max-video-preview:-1\" \/>\n<link rel=\"canonical\" href=\"https:\/\/raspberrypi.dk\/fi\/tuote\/mini-computer-perustuu-cm4-mini-io-board-lite\/\" \/>\n<meta property=\"og:locale\" content=\"fi_FI\" \/>\n<meta property=\"og:type\" content=\"article\" \/>\n<meta property=\"og:title\" content=\"Mini-Computer Perustuu CM4 - Mini IO Board Lite \u2022 RaspberryPi.dk\" \/>\n<meta property=\"og:description\" content=\"Raspberry Pi Compute Module 4 perustuva minitietokone (EI mukana), Mini IO Board Lite Ver, metallikotelo tuulettimella.  Osta Raspberry Pi Compute Module 4 (CM4) t\u00e4\u00e4lt\u00e4.\" \/>\n<meta property=\"og:url\" content=\"https:\/\/raspberrypi.dk\/fi\/tuote\/mini-computer-perustuu-cm4-mini-io-board-lite\/\" \/>\n<meta property=\"og:site_name\" content=\"RaspberryPi.dk\" \/>\n<meta property=\"article:publisher\" content=\"https:\/\/facebook.com\/RaspberryPiDanmark\" \/>\n<meta property=\"article:modified_time\" content=\"2024-04-04T10:37:27+00:00\" \/>\n<meta property=\"og:image\" content=\"https:\/\/raspberrypi.dk\/wp-content\/uploads\/2023\/06\/cm4-io-base-box-2_3.jpg\" \/>\n\t<meta property=\"og:image:width\" content=\"800\" \/>\n\t<meta property=\"og:image:height\" content=\"800\" \/>\n\t<meta property=\"og:image:type\" content=\"image\/jpeg\" \/>\n<meta name=\"twitter:card\" content=\"summary_large_image\" \/>\n<meta name=\"twitter:site\" content=\"@raspberrypidk\" \/>\n<meta name=\"twitter:label1\" content=\"Arvioitu lukuaika\" \/>\n\t<meta name=\"twitter:data1\" content=\"4 minuuttia\" \/>\n<script type=\"application\/ld+json\" class=\"yoast-schema-graph\">{\"@context\":\"https:\/\/schema.org\",\"@graph\":[{\"@type\":\"WebPage\",\"@id\":\"https:\/\/raspberrypi.dk\/fi\/tuote\/mini-computer-perustuu-cm4-mini-io-board-lite\/\",\"url\":\"https:\/\/raspberrypi.dk\/fi\/tuote\/mini-computer-perustuu-cm4-mini-io-board-lite\/\",\"name\":\"Mini-Computer Perustuu CM4 - Mini IO Board Lite \u2022 RaspberryPi.dk\",\"isPartOf\":{\"@id\":\"https:\/\/raspberrypi.dk\/fi\/#website\"},\"primaryImageOfPage\":{\"@id\":\"https:\/\/raspberrypi.dk\/fi\/tuote\/mini-computer-perustuu-cm4-mini-io-board-lite\/#primaryimage\"},\"image\":{\"@id\":\"https:\/\/raspberrypi.dk\/fi\/tuote\/mini-computer-perustuu-cm4-mini-io-board-lite\/#primaryimage\"},\"thumbnailUrl\":\"https:\/\/raspberrypi.dk\/wp-content\/uploads\/2023\/06\/cm4-io-base-box-2_3.jpg\",\"datePublished\":\"2023-06-13T12:27:40+00:00\",\"dateModified\":\"2024-04-04T10:37:27+00:00\",\"breadcrumb\":{\"@id\":\"https:\/\/raspberrypi.dk\/fi\/tuote\/mini-computer-perustuu-cm4-mini-io-board-lite\/#breadcrumb\"},\"inLanguage\":\"fi\",\"potentialAction\":[{\"@type\":\"ReadAction\",\"target\":[\"https:\/\/raspberrypi.dk\/fi\/tuote\/mini-computer-perustuu-cm4-mini-io-board-lite\/\"]}]},{\"@type\":\"ImageObject\",\"inLanguage\":\"fi\",\"@id\":\"https:\/\/raspberrypi.dk\/fi\/tuote\/mini-computer-perustuu-cm4-mini-io-board-lite\/#primaryimage\",\"url\":\"https:\/\/raspberrypi.dk\/wp-content\/uploads\/2023\/06\/cm4-io-base-box-2_3.jpg\",\"contentUrl\":\"https:\/\/raspberrypi.dk\/wp-content\/uploads\/2023\/06\/cm4-io-base-box-2_3.jpg\",\"width\":800,\"height\":800,\"caption\":\"Mini-Computer CM4 - Mini IO Board Lite\"},{\"@type\":\"BreadcrumbList\",\"@id\":\"https:\/\/raspberrypi.dk\/fi\/tuote\/mini-computer-perustuu-cm4-mini-io-board-lite\/#breadcrumb\",\"itemListElement\":[{\"@type\":\"ListItem\",\"position\":1,\"name\":\"Hjem\",\"item\":\"https:\/\/raspberrypi.dk\/fi\/raspberry-pi-verkkokauppa\/\"},{\"@type\":\"ListItem\",\"position\":2,\"name\":\"Shop\",\"item\":\"https:\/\/raspberrypi.dk\/fi\/shop-2\/\"},{\"@type\":\"ListItem\",\"position\":3,\"name\":\"Mini-Computer Perustuu CM4 &#8211; Mini IO Board Lite\"}]},{\"@type\":\"WebSite\",\"@id\":\"https:\/\/raspberrypi.dk\/fi\/#website\",\"url\":\"https:\/\/raspberrypi.dk\/fi\/\",\"name\":\"RaspberryPi.dk\",\"description\":\"Danmarks f\u00f8rende Raspberry Pi side!\",\"publisher\":{\"@id\":\"https:\/\/raspberrypi.dk\/fi\/#organization\"},\"potentialAction\":[{\"@type\":\"SearchAction\",\"target\":{\"@type\":\"EntryPoint\",\"urlTemplate\":\"https:\/\/raspberrypi.dk\/fi\/?s={search_term_string}\"},\"query-input\":{\"@type\":\"PropertyValueSpecification\",\"valueRequired\":true,\"valueName\":\"search_term_string\"}}],\"inLanguage\":\"fi\"},{\"@type\":\"Organization\",\"@id\":\"https:\/\/raspberrypi.dk\/fi\/#organization\",\"name\":\"RaspberryPi.dk\",\"url\":\"https:\/\/raspberrypi.dk\/fi\/\",\"logo\":{\"@type\":\"ImageObject\",\"inLanguage\":\"fi\",\"@id\":\"https:\/\/raspberrypi.dk\/fi\/#\/schema\/logo\/image\/\",\"url\":\"https:\/\/raspberrypi.dk\/wp-content\/uploads\/2017\/05\/RaspberryPidk_logo-2.png\",\"contentUrl\":\"https:\/\/raspberrypi.dk\/wp-content\/uploads\/2017\/05\/RaspberryPidk_logo-2.png\",\"width\":470,\"height\":110,\"caption\":\"RaspberryPi.dk\"},\"image\":{\"@id\":\"https:\/\/raspberrypi.dk\/fi\/#\/schema\/logo\/image\/\"},\"sameAs\":[\"https:\/\/facebook.com\/RaspberryPiDanmark\",\"https:\/\/x.com\/raspberrypidk\",\"https:\/\/instagram.com\/raspberrypi.dk\"]}]}<\/script>\n<!-- \/ Yoast SEO plugin. -->","yoast_head_json":{"title":"Mini-Computer Perustuu CM4 - Mini IO Board Lite \u2022 RaspberryPi.dk","robots":{"index":"index","follow":"follow","max-snippet":"max-snippet:-1","max-image-preview":"max-image-preview:large","max-video-preview":"max-video-preview:-1"},"canonical":"https:\/\/raspberrypi.dk\/fi\/tuote\/mini-computer-perustuu-cm4-mini-io-board-lite\/","og_locale":"fi_FI","og_type":"article","og_title":"Mini-Computer Perustuu CM4 - Mini IO Board Lite \u2022 RaspberryPi.dk","og_description":"Raspberry Pi Compute Module 4 perustuva minitietokone (EI mukana), Mini IO Board Lite Ver, metallikotelo tuulettimella.  Osta Raspberry Pi Compute Module 4 (CM4) t\u00e4\u00e4lt\u00e4.","og_url":"https:\/\/raspberrypi.dk\/fi\/tuote\/mini-computer-perustuu-cm4-mini-io-board-lite\/","og_site_name":"RaspberryPi.dk","article_publisher":"https:\/\/facebook.com\/RaspberryPiDanmark","article_modified_time":"2024-04-04T10:37:27+00:00","og_image":[{"width":800,"height":800,"url":"https:\/\/raspberrypi.dk\/wp-content\/uploads\/2023\/06\/cm4-io-base-box-2_3.jpg","type":"image\/jpeg"}],"twitter_card":"summary_large_image","twitter_site":"@raspberrypidk","twitter_misc":{"Arvioitu lukuaika":"4 minuuttia"},"schema":{"@context":"https:\/\/schema.org","@graph":[{"@type":"WebPage","@id":"https:\/\/raspberrypi.dk\/fi\/tuote\/mini-computer-perustuu-cm4-mini-io-board-lite\/","url":"https:\/\/raspberrypi.dk\/fi\/tuote\/mini-computer-perustuu-cm4-mini-io-board-lite\/","name":"Mini-Computer Perustuu CM4 - Mini IO Board Lite \u2022 RaspberryPi.dk","isPartOf":{"@id":"https:\/\/raspberrypi.dk\/fi\/#website"},"primaryImageOfPage":{"@id":"https:\/\/raspberrypi.dk\/fi\/tuote\/mini-computer-perustuu-cm4-mini-io-board-lite\/#primaryimage"},"image":{"@id":"https:\/\/raspberrypi.dk\/fi\/tuote\/mini-computer-perustuu-cm4-mini-io-board-lite\/#primaryimage"},"thumbnailUrl":"https:\/\/raspberrypi.dk\/wp-content\/uploads\/2023\/06\/cm4-io-base-box-2_3.jpg","datePublished":"2023-06-13T12:27:40+00:00","dateModified":"2024-04-04T10:37:27+00:00","breadcrumb":{"@id":"https:\/\/raspberrypi.dk\/fi\/tuote\/mini-computer-perustuu-cm4-mini-io-board-lite\/#breadcrumb"},"inLanguage":"fi","potentialAction":[{"@type":"ReadAction","target":["https:\/\/raspberrypi.dk\/fi\/tuote\/mini-computer-perustuu-cm4-mini-io-board-lite\/"]}]},{"@type":"ImageObject","inLanguage":"fi","@id":"https:\/\/raspberrypi.dk\/fi\/tuote\/mini-computer-perustuu-cm4-mini-io-board-lite\/#primaryimage","url":"https:\/\/raspberrypi.dk\/wp-content\/uploads\/2023\/06\/cm4-io-base-box-2_3.jpg","contentUrl":"https:\/\/raspberrypi.dk\/wp-content\/uploads\/2023\/06\/cm4-io-base-box-2_3.jpg","width":800,"height":800,"caption":"Mini-Computer CM4 - Mini IO Board Lite"},{"@type":"BreadcrumbList","@id":"https:\/\/raspberrypi.dk\/fi\/tuote\/mini-computer-perustuu-cm4-mini-io-board-lite\/#breadcrumb","itemListElement":[{"@type":"ListItem","position":1,"name":"Hjem","item":"https:\/\/raspberrypi.dk\/fi\/raspberry-pi-verkkokauppa\/"},{"@type":"ListItem","position":2,"name":"Shop","item":"https:\/\/raspberrypi.dk\/fi\/shop-2\/"},{"@type":"ListItem","position":3,"name":"Mini-Computer Perustuu CM4 &#8211; Mini IO Board Lite"}]},{"@type":"WebSite","@id":"https:\/\/raspberrypi.dk\/fi\/#website","url":"https:\/\/raspberrypi.dk\/fi\/","name":"RaspberryPi.dk","description":"Danmarks f\u00f8rende Raspberry Pi side!","publisher":{"@id":"https:\/\/raspberrypi.dk\/fi\/#organization"},"potentialAction":[{"@type":"SearchAction","target":{"@type":"EntryPoint","urlTemplate":"https:\/\/raspberrypi.dk\/fi\/?s={search_term_string}"},"query-input":{"@type":"PropertyValueSpecification","valueRequired":true,"valueName":"search_term_string"}}],"inLanguage":"fi"},{"@type":"Organization","@id":"https:\/\/raspberrypi.dk\/fi\/#organization","name":"RaspberryPi.dk","url":"https:\/\/raspberrypi.dk\/fi\/","logo":{"@type":"ImageObject","inLanguage":"fi","@id":"https:\/\/raspberrypi.dk\/fi\/#\/schema\/logo\/image\/","url":"https:\/\/raspberrypi.dk\/wp-content\/uploads\/2017\/05\/RaspberryPidk_logo-2.png","contentUrl":"https:\/\/raspberrypi.dk\/wp-content\/uploads\/2017\/05\/RaspberryPidk_logo-2.png","width":470,"height":110,"caption":"RaspberryPi.dk"},"image":{"@id":"https:\/\/raspberrypi.dk\/fi\/#\/schema\/logo\/image\/"},"sameAs":["https:\/\/facebook.com\/RaspberryPiDanmark","https:\/\/x.com\/raspberrypidk","https:\/\/instagram.com\/raspberrypi.dk"]}]}},"_links":{"self":[{"href":"https:\/\/raspberrypi.dk\/fi\/wp-json\/wp\/v2\/product\/219941","targetHints":{"allow":["GET"]}}],"collection":[{"href":"https:\/\/raspberrypi.dk\/fi\/wp-json\/wp\/v2\/product"}],"about":[{"href":"https:\/\/raspberrypi.dk\/fi\/wp-json\/wp\/v2\/types\/product"}],"replies":[{"embeddable":true,"href":"https:\/\/raspberrypi.dk\/fi\/wp-json\/wp\/v2\/comments?post=219941"}],"wp:featuredmedia":[{"embeddable":true,"href":"https:\/\/raspberrypi.dk\/fi\/wp-json\/wp\/v2\/media\/219945"}],"wp:attachment":[{"href":"https:\/\/raspberrypi.dk\/fi\/wp-json\/wp\/v2\/media?parent=219941"}],"wp:term":[{"taxonomy":"product_brand","embeddable":true,"href":"https:\/\/raspberrypi.dk\/fi\/wp-json\/wp\/v2\/product_brand?post=219941"},{"taxonomy":"product_cat","embeddable":true,"href":"https:\/\/raspberrypi.dk\/fi\/wp-json\/wp\/v2\/product_cat?post=219941"},{"taxonomy":"product_tag","embeddable":true,"href":"https:\/\/raspberrypi.dk\/fi\/wp-json\/wp\/v2\/product_tag?post=219941"}],"curies":[{"name":"wp","href":"https:\/\/api.w.org\/{rel}","templated":true}]}}