{"id":219986,"date":"2023-05-16T12:53:10","date_gmt":"2023-05-16T10:53:10","guid":{"rendered":"https:\/\/raspberrypi.dk\/produkt\/10-1-hdmi-capacitive-touch-display-optical-bonding-toughened-glass-panel\/"},"modified":"2026-02-16T21:39:24","modified_gmt":"2026-02-16T20:39:24","slug":"10-1-hdmi-capacitive-touch-display-optical-bonding-toughened-glass-panel","status":"publish","type":"product","link":"https:\/\/raspberrypi.dk\/fi\/tuote\/10-1-hdmi-capacitive-touch-display-optical-bonding-toughened-glass-panel\/","title":{"rendered":"10.1&#8243; HDMI Capacitive Touch Display, Optical Bonding Toughened Glass Panel"},"content":{"rendered":"<div class=\"pdT\">\n<h3>In the box<\/h3>\n<ol>\n<li>10.1DP-CAPLCD \u00d71<\/li>\n<li>HDMI flat cable ~1m \u00d71<\/li>\n<li>USB-A to USB-C cable ~1m \u00d71<\/li>\n<li>Button board \u00d71<\/li>\n<li>Button board cable \u00d71<\/li>\n<li>USB to Type-C adapter (B) \u00d71<\/li>\n<li>USB to Type-C adapter (C) \u00d71<\/li>\n<li>HDMI to Micro HDMI adapter \u00d71<\/li>\n<li>HDMI adapter \u00d71<\/li>\n<li>Screwspack \u00d71<\/li>\n<\/ol>\n<h3><img decoding=\"async\" src=\"https:\/\/www.waveshare.com\/img\/devkit\/LCD\/10.1DP-CAPLCD\/10.1DP-CAPLCD-details-pack.jpg\" \/><\/h3>\n<h3><\/h3>\n<h3 class=\"richTitle\">10.1\u2033 Touch Display<\/h3>\n<p class=\"richDesc hilitBlock2 round1234\">HD Resolution\u2003|\u2003Multi-Point Touch\u2003|\u2003Full Color<\/p>\n<p><img decoding=\"async\" src=\"https:\/\/www.waveshare.com\/img\/devkit\/LCD\/10.1DP-CAPLCD\/10.1DP-CAPLCD-details-1.jpg\" \/><\/p>\n<\/div>\n<p>&nbsp;<\/p>\n<div>\n<ul>\n<li style=\"list-style-type: none\">\n<ul>\n<li><span class=\"igKey\">Size<\/span><img decoding=\"async\" src=\"https:\/\/www.waveshare.com\/img\/devkit\/LCD\/common\/250\/Dimension.png\" \/><span class=\"igValue\">10.1\u2033<\/span><\/li>\n<li><span class=\"igKey\">Resolution<\/span><img decoding=\"async\" src=\"https:\/\/www.waveshare.com\/img\/devkit\/LCD\/common\/250\/Resolution.png\" \/><span class=\"igValue\">1280\u00d7800<\/span><\/li>\n<li><span class=\"igKey\">Display Interface<\/span><img decoding=\"async\" src=\"https:\/\/www.waveshare.com\/img\/devkit\/LCD\/common\/250\/HDMI2.png\" \/><span class=\"igValue\">HDMI<\/span><\/li>\n<li><span class=\"igKey\">Display Panel<\/span><img decoding=\"async\" src=\"https:\/\/www.waveshare.com\/img\/devkit\/LCD\/common\/250\/IPS.png\" \/><span class=\"igValue\">IPS<\/span><\/li>\n<li><span class=\"igKey\">Viewing Angle<\/span><img decoding=\"async\" src=\"https:\/\/www.waveshare.com\/img\/devkit\/LCD\/common\/250\/Viewing_angle.png\" \/><span class=\"igValue\">178\u00b0<\/span><\/li>\n<\/ul>\n<\/li>\n<\/ul>\n<div class=\"sep0px\"><\/div>\n<ul>\n<li style=\"list-style-type: none\">\n<ul>\n<li><span class=\"igKey\">Touch Type<\/span><img decoding=\"async\" src=\"https:\/\/www.waveshare.com\/img\/devkit\/LCD\/common\/250\/Capacitive_touch.png\" \/><span class=\"igValue\">Capacitive<\/span><\/li>\n<li><span class=\"igKey\">Touch Points<\/span><img decoding=\"async\" src=\"https:\/\/www.waveshare.com\/img\/devkit\/LCD\/common\/250\/Ten_touch.png\" \/><span class=\"igValue\">10-Point<\/span><\/li>\n<li><span class=\"igKey\">Touch Port<\/span><img decoding=\"async\" src=\"https:\/\/www.waveshare.com\/img\/devkit\/LCD\/common\/250\/Type_C.png\" \/><span class=\"igValue\">USB Type-C<\/span><\/li>\n<li><span class=\"igKey\">Touch Panel<\/span><img decoding=\"async\" src=\"https:\/\/www.waveshare.com\/img\/devkit\/LCD\/common\/250\/Tempered_panel.png\" \/><span class=\"igValue\">Toughened Glass<\/span><\/li>\n<li><span class=\"igKey\">OSD Menu<\/span><img decoding=\"async\" src=\"https:\/\/www.waveshare.com\/img\/devkit\/LCD\/common\/250\/OSD.png\" \/><span class=\"igValue\">Brightness\/Contrast<\/span><\/li>\n<\/ul>\n<\/li>\n<\/ul>\n<div class=\"sep0px\"><\/div>\n<ul>\n<li style=\"list-style-type: none\">\n<ul>\n<li><span class=\"igKey\">Audio Output1<\/span><img decoding=\"async\" src=\"https:\/\/www.waveshare.com\/img\/devkit\/LCD\/common\/250\/3.5mm-Audio.png\" \/><span class=\"igValue\">3.5mm Jack<\/span><\/li>\n<li><span class=\"igKey\">Audio Output2<\/span><img decoding=\"async\" src=\"https:\/\/www.waveshare.com\/img\/devkit\/LCD\/common\/250\/4PIN.png\" \/><span class=\"igValue\">4PIN Header<\/span><\/li>\n<li><span class=\"igKey\">Touch Panel Tech<\/span><img decoding=\"async\" src=\"https:\/\/www.waveshare.com\/img\/devkit\/LCD\/common\/250\/Full-Fit.png\" \/><span class=\"igValue\">Optical Bonding<\/span><\/li>\n<\/ul>\n<\/li>\n<\/ul>\n<div class=\"sep0px\"><\/div>\n<\/div>\n<h3 class=\"richTitle\">Device &amp; System Support<\/h3>\n<div class=\"richGridWrap richGridWrap-img4txt6\">\n<p><img decoding=\"async\" src=\"https:\/\/www.waveshare.com\/img\/devkit\/LCD\/common\/DevSp-PI-JT-PC.jpg\" \/><\/p>\n<div>\n<div class=\"largerBlock\">Raspberry Pi<\/div>\n<div class=\"subBlock\">Supports Raspberry Pi OS, 10-point touch, driver free<br \/>\nSupports Ubuntu \/ Kali \/ WIN10 IoT, single point touch, driver free<br \/>\nSupports Retropie, driver free<\/div>\n<p class=\"noteBg\">Supports all versions of Raspberry Pi<\/p>\n<div class=\"largerBlock\">Jetson Nano<\/div>\n<div class=\"subBlock\">Supports Ubuntu, single point touch, driver free<\/div>\n<div class=\"largerBlock\">PC<\/div>\n<div class=\"subBlock\">Supports Windows 11 \/ 10 \/ 8.1 \/ 8 \/ 7, 10-point touch, driver free<\/div>\n<div><\/div>\n<\/div>\n<\/div>\n<div>\n<h3 class=\"richTitle\">Connection Examples<\/h3>\n<p class=\"richDesc\">Working With Raspberry Pi 4B<\/p>\n<p><img decoding=\"async\" src=\"https:\/\/www.waveshare.com\/img\/devkit\/LCD\/10.1DP-CAPLCD\/10.1DP-CAPLCD-details-3.jpg\" \/><\/p>\n<p class=\"richDesc\">Working With Raspberry Pi 3B+<\/p>\n<p><img decoding=\"async\" src=\"https:\/\/www.waveshare.com\/img\/devkit\/LCD\/10.1DP-CAPLCD\/10.1DP-CAPLCD-details-5.jpg\" \/><\/p>\n<p class=\"richDesc\">Working With Raspberry Pi Zero 2W<\/p>\n<p><img decoding=\"async\" src=\"https:\/\/www.waveshare.com\/img\/devkit\/LCD\/10.1DP-CAPLCD\/10.1DP-CAPLCD-details-7.jpg\" \/><\/p>\n<p class=\"note\">* additional mini HMDI adapter and USB cable are requied<\/p>\n<div><\/div>\n<p class=\"richDesc\">Working With Jetson Nano<\/p>\n<p><img decoding=\"async\" src=\"https:\/\/www.waveshare.com\/img\/devkit\/LCD\/10.1DP-CAPLCD\/10.1DP-CAPLCD-details-9.jpg\" \/><\/p>\n<p class=\"richDesc\">Working With Mini PC<\/p>\n<p><img decoding=\"async\" src=\"https:\/\/www.waveshare.com\/img\/devkit\/LCD\/10.1DP-CAPLCD\/10.1DP-CAPLCD-details-13.jpg\" \/><\/p>\n<div class=\"msg msg_warning\">for reference only, the above controller boards or host are not included.<\/div>\n<\/div>\n<p>&nbsp;<\/p>\n<div class=\"pdT\">\n<h3 class=\"richTitle\">IPS Display Panel<\/h3>\n<p class=\"richDesc\">Excellent Display Performance With 178\u00b0 Wide Viewing Angle<\/p>\n<p><img decoding=\"async\" src=\"https:\/\/www.waveshare.com\/img\/devkit\/LCD\/10.1DP-CAPLCD\/10.1DP-CAPLCD-details-15.jpg\" \/><\/p>\n<div><\/div>\n<\/div>\n<div class=\"pdT\">\n<h3 class=\"richTitle\">Capacitive 10-Point Touch<\/h3>\n<p><img decoding=\"async\" src=\"https:\/\/www.waveshare.com\/img\/devkit\/LCD\/10.1DP-CAPLCD\/10.1DP-CAPLCD-details-17.jpg\" \/><\/p>\n<div class=\"alignl bgGrey\">\n<ol class=\"alignl\">\n<li>up to 10-point touch, depending on the operating system<\/li>\n<li>up to 6H hardness toughened glass panel<\/li>\n<li>Optical Bonding, display well and dustproof<\/li>\n<\/ol>\n<\/div>\n<\/div>\n<p>&nbsp;<\/p>\n<div>\n<h3 class=\"richTitle\">Adjustable Brightness Via Software<\/h3>\n<p><img decoding=\"async\" src=\"https:\/\/www.waveshare.com\/img\/devkit\/LCD\/10.1DP-CAPLCD\/10.1DP-CAPLCD-details-19.png\" \/><\/p>\n<\/div>\n<div>\n<h3 class=\"richTitle\">Interface Introduction<\/h3>\n<p><img decoding=\"async\" src=\"https:\/\/www.waveshare.com\/img\/devkit\/LCD\/10.1DP-CAPLCD\/10.1DP-CAPLCD-details-21.jpg\" \/><\/p>\n<\/div>\n<div>\n<h3 class=\"richTitle\">Product Show<\/h3>\n<p><img decoding=\"async\" src=\"https:\/\/www.waveshare.com\/img\/devkit\/LCD\/10.1DP-CAPLCD\/10.1DP-CAPLCD-details-23.jpg\" \/>\u00a0<img decoding=\"async\" src=\"https:\/\/www.waveshare.com\/img\/devkit\/LCD\/10.1DP-CAPLCD\/10.1DP-CAPLCD-details-25.jpg\" \/><\/p>\n<\/div>\n<div>\n<h3 class=\"richTitle\">Dimensions<\/h3>\n<p><img decoding=\"async\" src=\"https:\/\/www.waveshare.com\/img\/devkit\/LCD\/10.1DP-CAPLCD\/10.1DP-CAPLCD-details-size.jpg\" \/><\/p>\n<\/div>\n<h4><strong>Wiki:\u00a0<\/strong><a href=\"http:\/\/www.waveshare.com\/wiki\/10.1DP-CAPLCD\" target=\"_blank\" rel=\"noopener\">www.waveshare.com\/wiki\/10.1DP-CAPLCD<\/a><\/h4>\n","protected":false},"excerpt":{"rendered":"<p>10,1&#8243; kapasitiivinen kosketusn\u00e4ytt\u00f6, karkaistun lasin optinen sidos, 1280\u00d7800, IPS, HDMI-interface.<\/p>\n","protected":false},"featured_media":219991,"comment_status":"open","ping_status":"closed","template":"","meta":[],"product_brand":[],"product_cat":[728],"product_tag":[719,718],"class_list":{"0":"post-219986","1":"product","2":"type-product","3":"status-publish","4":"has-post-thumbnail","6":"product_cat-raspberry-pi-naytot","7":"product_tag-rpi4-fi","8":"product_tag-rpi5-fi","10":"first","11":"instock","12":"taxable","13":"shipping-taxable","14":"purchasable","15":"product-type-simple"},"composite_virtual":false,"composite_layout":"","composite_add_to_cart_form_location":"","composite_editable_in_cart":false,"composite_sold_individually_context":"","composite_shop_price_calc":"","composite_components":[],"composite_scenarios":[],"bundled_by":[],"bundle_stock_status":"instock","bundle_stock_quantity":23,"bundle_virtual":false,"bundle_layout":"","bundle_add_to_cart_form_location":"","bundle_editable_in_cart":false,"bundle_sold_individually_context":"","bundle_item_grouping":"","bundle_min_size":"","bundle_max_size":"","bundle_price":[],"bundled_items":[],"bundle_sell_ids":[],"yoast_head":"<!-- This site is optimized with the Yoast SEO plugin v27.1.1 - https:\/\/yoast.com\/product\/yoast-seo-wordpress\/ -->\n<title>10.1&quot; HDMI Capacitive Touch Display, Optical Bonding Toughened Glass Panel \u2022 RaspberryPi.dk<\/title>\n<meta name=\"robots\" content=\"index, follow, max-snippet:-1, max-image-preview:large, max-video-preview:-1\" \/>\n<link rel=\"canonical\" href=\"https:\/\/raspberrypi.dk\/fi\/tuote\/10-1-hdmi-capacitive-touch-display-optical-bonding-toughened-glass-panel\/\" \/>\n<meta property=\"og:locale\" content=\"fi_FI\" \/>\n<meta property=\"og:type\" content=\"article\" \/>\n<meta property=\"og:title\" content=\"10.1&quot; HDMI Capacitive Touch Display, Optical Bonding Toughened Glass Panel \u2022 RaspberryPi.dk\" \/>\n<meta property=\"og:description\" content=\"10,1&quot; kapasitiivinen kosketusn\u00e4ytt\u00f6, karkaistun lasin optinen sidos, 1280\u00d7800, IPS, HDMI-interface.\" \/>\n<meta property=\"og:url\" content=\"https:\/\/raspberrypi.dk\/fi\/tuote\/10-1-hdmi-capacitive-touch-display-optical-bonding-toughened-glass-panel\/\" \/>\n<meta property=\"og:site_name\" content=\"RaspberryPi.dk\" \/>\n<meta property=\"article:publisher\" content=\"https:\/\/facebook.com\/RaspberryPiDanmark\" \/>\n<meta property=\"article:modified_time\" content=\"2026-02-16T20:39:24+00:00\" \/>\n<meta property=\"og:image\" content=\"https:\/\/raspberrypi.dk\/wp-content\/uploads\/2023\/05\/10.1dp-caplcd-1.jpg\" \/>\n\t<meta property=\"og:image:width\" content=\"800\" \/>\n\t<meta property=\"og:image:height\" content=\"800\" \/>\n\t<meta property=\"og:image:type\" content=\"image\/jpeg\" \/>\n<meta name=\"twitter:card\" content=\"summary_large_image\" \/>\n<meta name=\"twitter:site\" content=\"@raspberrypidk\" \/>\n<meta name=\"twitter:label1\" content=\"Arvioitu lukuaika\" \/>\n\t<meta name=\"twitter:data1\" content=\"8 minuuttia\" \/>\n<script type=\"application\/ld+json\" class=\"yoast-schema-graph\">{\"@context\":\"https:\/\/schema.org\",\"@graph\":[{\"@type\":\"WebPage\",\"@id\":\"https:\/\/raspberrypi.dk\/fi\/tuote\/10-1-hdmi-capacitive-touch-display-optical-bonding-toughened-glass-panel\/\",\"url\":\"https:\/\/raspberrypi.dk\/fi\/tuote\/10-1-hdmi-capacitive-touch-display-optical-bonding-toughened-glass-panel\/\",\"name\":\"10.1\\\" HDMI Capacitive Touch Display, Optical Bonding Toughened Glass Panel \u2022 RaspberryPi.dk\",\"isPartOf\":{\"@id\":\"https:\/\/raspberrypi.dk\/fi\/#website\"},\"primaryImageOfPage\":{\"@id\":\"https:\/\/raspberrypi.dk\/fi\/tuote\/10-1-hdmi-capacitive-touch-display-optical-bonding-toughened-glass-panel\/#primaryimage\"},\"image\":{\"@id\":\"https:\/\/raspberrypi.dk\/fi\/tuote\/10-1-hdmi-capacitive-touch-display-optical-bonding-toughened-glass-panel\/#primaryimage\"},\"thumbnailUrl\":\"https:\/\/raspberrypi.dk\/wp-content\/uploads\/2023\/05\/10.1dp-caplcd-1.jpg\",\"datePublished\":\"2023-05-16T10:53:10+00:00\",\"dateModified\":\"2026-02-16T20:39:24+00:00\",\"breadcrumb\":{\"@id\":\"https:\/\/raspberrypi.dk\/fi\/tuote\/10-1-hdmi-capacitive-touch-display-optical-bonding-toughened-glass-panel\/#breadcrumb\"},\"inLanguage\":\"fi\",\"potentialAction\":[{\"@type\":\"ReadAction\",\"target\":[\"https:\/\/raspberrypi.dk\/fi\/tuote\/10-1-hdmi-capacitive-touch-display-optical-bonding-toughened-glass-panel\/\"]}]},{\"@type\":\"ImageObject\",\"inLanguage\":\"fi\",\"@id\":\"https:\/\/raspberrypi.dk\/fi\/tuote\/10-1-hdmi-capacitive-touch-display-optical-bonding-toughened-glass-panel\/#primaryimage\",\"url\":\"https:\/\/raspberrypi.dk\/wp-content\/uploads\/2023\/05\/10.1dp-caplcd-1.jpg\",\"contentUrl\":\"https:\/\/raspberrypi.dk\/wp-content\/uploads\/2023\/05\/10.1dp-caplcd-1.jpg\",\"width\":800,\"height\":800,\"caption\":\"10.1\\\" Capacitive Touch Display, Optical Bonding Toughened Glass Panel\"},{\"@type\":\"BreadcrumbList\",\"@id\":\"https:\/\/raspberrypi.dk\/fi\/tuote\/10-1-hdmi-capacitive-touch-display-optical-bonding-toughened-glass-panel\/#breadcrumb\",\"itemListElement\":[{\"@type\":\"ListItem\",\"position\":1,\"name\":\"Hjem\",\"item\":\"https:\/\/raspberrypi.dk\/fi\/raspberry-pi-verkkokauppa\/\"},{\"@type\":\"ListItem\",\"position\":2,\"name\":\"Shop\",\"item\":\"https:\/\/raspberrypi.dk\/fi\/shop-2\/\"},{\"@type\":\"ListItem\",\"position\":3,\"name\":\"10.1&#8243; HDMI Capacitive Touch Display, Optical Bonding Toughened Glass Panel\"}]},{\"@type\":\"WebSite\",\"@id\":\"https:\/\/raspberrypi.dk\/fi\/#website\",\"url\":\"https:\/\/raspberrypi.dk\/fi\/\",\"name\":\"RaspberryPi.dk\",\"description\":\"Danmarks f\u00f8rende Raspberry Pi side!\",\"publisher\":{\"@id\":\"https:\/\/raspberrypi.dk\/fi\/#organization\"},\"potentialAction\":[{\"@type\":\"SearchAction\",\"target\":{\"@type\":\"EntryPoint\",\"urlTemplate\":\"https:\/\/raspberrypi.dk\/fi\/?s={search_term_string}\"},\"query-input\":{\"@type\":\"PropertyValueSpecification\",\"valueRequired\":true,\"valueName\":\"search_term_string\"}}],\"inLanguage\":\"fi\"},{\"@type\":\"Organization\",\"@id\":\"https:\/\/raspberrypi.dk\/fi\/#organization\",\"name\":\"RaspberryPi.dk\",\"url\":\"https:\/\/raspberrypi.dk\/fi\/\",\"logo\":{\"@type\":\"ImageObject\",\"inLanguage\":\"fi\",\"@id\":\"https:\/\/raspberrypi.dk\/fi\/#\/schema\/logo\/image\/\",\"url\":\"https:\/\/raspberrypi.dk\/wp-content\/uploads\/2017\/05\/RaspberryPidk_logo-2.png\",\"contentUrl\":\"https:\/\/raspberrypi.dk\/wp-content\/uploads\/2017\/05\/RaspberryPidk_logo-2.png\",\"width\":470,\"height\":110,\"caption\":\"RaspberryPi.dk\"},\"image\":{\"@id\":\"https:\/\/raspberrypi.dk\/fi\/#\/schema\/logo\/image\/\"},\"sameAs\":[\"https:\/\/facebook.com\/RaspberryPiDanmark\",\"https:\/\/x.com\/raspberrypidk\",\"https:\/\/instagram.com\/raspberrypi.dk\"]}]}<\/script>\n<!-- \/ Yoast SEO plugin. -->","yoast_head_json":{"title":"10.1\" HDMI Capacitive Touch Display, Optical Bonding Toughened Glass Panel \u2022 RaspberryPi.dk","robots":{"index":"index","follow":"follow","max-snippet":"max-snippet:-1","max-image-preview":"max-image-preview:large","max-video-preview":"max-video-preview:-1"},"canonical":"https:\/\/raspberrypi.dk\/fi\/tuote\/10-1-hdmi-capacitive-touch-display-optical-bonding-toughened-glass-panel\/","og_locale":"fi_FI","og_type":"article","og_title":"10.1\" HDMI Capacitive Touch Display, Optical Bonding Toughened Glass Panel \u2022 RaspberryPi.dk","og_description":"10,1\" kapasitiivinen kosketusn\u00e4ytt\u00f6, karkaistun lasin optinen sidos, 1280\u00d7800, IPS, HDMI-interface.","og_url":"https:\/\/raspberrypi.dk\/fi\/tuote\/10-1-hdmi-capacitive-touch-display-optical-bonding-toughened-glass-panel\/","og_site_name":"RaspberryPi.dk","article_publisher":"https:\/\/facebook.com\/RaspberryPiDanmark","article_modified_time":"2026-02-16T20:39:24+00:00","og_image":[{"width":800,"height":800,"url":"https:\/\/raspberrypi.dk\/wp-content\/uploads\/2023\/05\/10.1dp-caplcd-1.jpg","type":"image\/jpeg"}],"twitter_card":"summary_large_image","twitter_site":"@raspberrypidk","twitter_misc":{"Arvioitu lukuaika":"8 minuuttia"},"schema":{"@context":"https:\/\/schema.org","@graph":[{"@type":"WebPage","@id":"https:\/\/raspberrypi.dk\/fi\/tuote\/10-1-hdmi-capacitive-touch-display-optical-bonding-toughened-glass-panel\/","url":"https:\/\/raspberrypi.dk\/fi\/tuote\/10-1-hdmi-capacitive-touch-display-optical-bonding-toughened-glass-panel\/","name":"10.1\" HDMI Capacitive Touch Display, Optical Bonding Toughened Glass Panel \u2022 RaspberryPi.dk","isPartOf":{"@id":"https:\/\/raspberrypi.dk\/fi\/#website"},"primaryImageOfPage":{"@id":"https:\/\/raspberrypi.dk\/fi\/tuote\/10-1-hdmi-capacitive-touch-display-optical-bonding-toughened-glass-panel\/#primaryimage"},"image":{"@id":"https:\/\/raspberrypi.dk\/fi\/tuote\/10-1-hdmi-capacitive-touch-display-optical-bonding-toughened-glass-panel\/#primaryimage"},"thumbnailUrl":"https:\/\/raspberrypi.dk\/wp-content\/uploads\/2023\/05\/10.1dp-caplcd-1.jpg","datePublished":"2023-05-16T10:53:10+00:00","dateModified":"2026-02-16T20:39:24+00:00","breadcrumb":{"@id":"https:\/\/raspberrypi.dk\/fi\/tuote\/10-1-hdmi-capacitive-touch-display-optical-bonding-toughened-glass-panel\/#breadcrumb"},"inLanguage":"fi","potentialAction":[{"@type":"ReadAction","target":["https:\/\/raspberrypi.dk\/fi\/tuote\/10-1-hdmi-capacitive-touch-display-optical-bonding-toughened-glass-panel\/"]}]},{"@type":"ImageObject","inLanguage":"fi","@id":"https:\/\/raspberrypi.dk\/fi\/tuote\/10-1-hdmi-capacitive-touch-display-optical-bonding-toughened-glass-panel\/#primaryimage","url":"https:\/\/raspberrypi.dk\/wp-content\/uploads\/2023\/05\/10.1dp-caplcd-1.jpg","contentUrl":"https:\/\/raspberrypi.dk\/wp-content\/uploads\/2023\/05\/10.1dp-caplcd-1.jpg","width":800,"height":800,"caption":"10.1\" Capacitive Touch Display, Optical Bonding Toughened Glass Panel"},{"@type":"BreadcrumbList","@id":"https:\/\/raspberrypi.dk\/fi\/tuote\/10-1-hdmi-capacitive-touch-display-optical-bonding-toughened-glass-panel\/#breadcrumb","itemListElement":[{"@type":"ListItem","position":1,"name":"Hjem","item":"https:\/\/raspberrypi.dk\/fi\/raspberry-pi-verkkokauppa\/"},{"@type":"ListItem","position":2,"name":"Shop","item":"https:\/\/raspberrypi.dk\/fi\/shop-2\/"},{"@type":"ListItem","position":3,"name":"10.1&#8243; HDMI Capacitive Touch Display, Optical Bonding Toughened Glass Panel"}]},{"@type":"WebSite","@id":"https:\/\/raspberrypi.dk\/fi\/#website","url":"https:\/\/raspberrypi.dk\/fi\/","name":"RaspberryPi.dk","description":"Danmarks f\u00f8rende Raspberry Pi side!","publisher":{"@id":"https:\/\/raspberrypi.dk\/fi\/#organization"},"potentialAction":[{"@type":"SearchAction","target":{"@type":"EntryPoint","urlTemplate":"https:\/\/raspberrypi.dk\/fi\/?s={search_term_string}"},"query-input":{"@type":"PropertyValueSpecification","valueRequired":true,"valueName":"search_term_string"}}],"inLanguage":"fi"},{"@type":"Organization","@id":"https:\/\/raspberrypi.dk\/fi\/#organization","name":"RaspberryPi.dk","url":"https:\/\/raspberrypi.dk\/fi\/","logo":{"@type":"ImageObject","inLanguage":"fi","@id":"https:\/\/raspberrypi.dk\/fi\/#\/schema\/logo\/image\/","url":"https:\/\/raspberrypi.dk\/wp-content\/uploads\/2017\/05\/RaspberryPidk_logo-2.png","contentUrl":"https:\/\/raspberrypi.dk\/wp-content\/uploads\/2017\/05\/RaspberryPidk_logo-2.png","width":470,"height":110,"caption":"RaspberryPi.dk"},"image":{"@id":"https:\/\/raspberrypi.dk\/fi\/#\/schema\/logo\/image\/"},"sameAs":["https:\/\/facebook.com\/RaspberryPiDanmark","https:\/\/x.com\/raspberrypidk","https:\/\/instagram.com\/raspberrypi.dk"]}]}},"_links":{"self":[{"href":"https:\/\/raspberrypi.dk\/fi\/wp-json\/wp\/v2\/product\/219986","targetHints":{"allow":["GET"]}}],"collection":[{"href":"https:\/\/raspberrypi.dk\/fi\/wp-json\/wp\/v2\/product"}],"about":[{"href":"https:\/\/raspberrypi.dk\/fi\/wp-json\/wp\/v2\/types\/product"}],"replies":[{"embeddable":true,"href":"https:\/\/raspberrypi.dk\/fi\/wp-json\/wp\/v2\/comments?post=219986"}],"wp:featuredmedia":[{"embeddable":true,"href":"https:\/\/raspberrypi.dk\/fi\/wp-json\/wp\/v2\/media\/219991"}],"wp:attachment":[{"href":"https:\/\/raspberrypi.dk\/fi\/wp-json\/wp\/v2\/media?parent=219986"}],"wp:term":[{"taxonomy":"product_brand","embeddable":true,"href":"https:\/\/raspberrypi.dk\/fi\/wp-json\/wp\/v2\/product_brand?post=219986"},{"taxonomy":"product_cat","embeddable":true,"href":"https:\/\/raspberrypi.dk\/fi\/wp-json\/wp\/v2\/product_cat?post=219986"},{"taxonomy":"product_tag","embeddable":true,"href":"https:\/\/raspberrypi.dk\/fi\/wp-json\/wp\/v2\/product_tag?post=219986"}],"curies":[{"name":"wp","href":"https:\/\/api.w.org\/{rel}","templated":true}]}}