{"id":220033,"date":"2023-05-06T00:29:35","date_gmt":"2023-05-05T22:29:35","guid":{"rendered":"https:\/\/raspberrypi.dk\/produkt\/500gb-m-2-ssd-nvme-samsung-970-evo-plus\/"},"modified":"2024-09-11T09:50:13","modified_gmt":"2024-09-11T07:50:13","slug":"500gb-m-2-ssd-nvme-samsung-970-evo-plus","status":"publish","type":"product","link":"https:\/\/raspberrypi.dk\/fi\/tuote\/500gb-m-2-ssd-nvme-samsung-970-evo-plus\/","title":{"rendered":"500GB M.2 SSD NVMe &#8211; Samsung 970 EVO Plus"},"content":{"rendered":"<p><strong>Samsung 970 EVO Plus.<\/strong><\/p>\n<table class=\"table table-specs table-striped\">\n<tbody>\n<tr>\n<td class=\"header\">Tyyppi<\/td>\n<td class=\"value\">Solid state-drev &#8211; intern<\/td>\n<\/tr>\n<tr>\n<td class=\"header\">Kapasiteetti<\/td>\n<td class=\"value\">500 GB<\/td>\n<\/tr>\n<tr>\n<td class=\"header\">Laitteistosalaus<\/td>\n<td class=\"value\">Ja<\/td>\n<\/tr>\n<tr>\n<td class=\"header\">Salausalgoritmi<\/td>\n<td class=\"value\">256-bit AES<\/td>\n<\/tr>\n<tr>\n<td class=\"header\">NAND Flash-muistityyppi<\/td>\n<td class=\"value\">Tredobbelt-niveau celle (TLC)<\/td>\n<\/tr>\n<tr>\n<td class=\"header\">Malli<\/td>\n<td class=\"value\">M.2 2280<\/td>\n<\/tr>\n<tr>\n<td class=\"header\">K\u00e4ytt\u00f6liittym\u00e4<\/td>\n<td class=\"value\">PCIe 3.0 x4 (NVMe)<\/td>\n<\/tr>\n<tr>\n<td class=\"header\">Puskurin koko<\/td>\n<td class=\"value\">512 MB<\/td>\n<\/tr>\n<tr>\n<td class=\"header\">Ominaisuudet<\/td>\n<td class=\"value\">TRIM support, Auto Garbage Collection Algorithm, Dynamic Thermal Guard protection, TurboWrite Technology, V-NAND Technology, NVM Express (NVMe) 1.3, Samsung Phoenix Controller, S.M.A.R.T.<\/td>\n<\/tr>\n<tr>\n<td class=\"header\">Mitat (L x S x K)<\/td>\n<td class=\"value\">22.15 mm x 80.15 mm x 2.38 mm<\/td>\n<\/tr>\n<tr>\n<td class=\"header\">Paino<\/td>\n<td class=\"value\">8 g<\/td>\n<\/tr>\n<tr>\n<td class=\"header\">Valmistajan takuu<\/td>\n<td class=\"value\">5 vuoden takuu<\/td>\n<\/tr>\n<\/tbody>\n<\/table>\n","protected":false},"excerpt":{"rendered":"<p>Salamannopea M.2 NVMe SSD k\u00e4ytett\u00e4v\u00e4ksi esimerkiksi Home Assistant Yellowissa.<\/p>\n","protected":false},"featured_media":220034,"comment_status":"open","ping_status":"closed","template":"","meta":[],"product_brand":[],"product_cat":[727],"product_tag":[],"class_list":{"0":"post-220033","1":"product","2":"type-product","3":"status-publish","4":"has-post-thumbnail","6":"product_cat-tallennus-usb-ssd","8":"first","9":"outofstock","10":"taxable","11":"shipping-taxable","12":"purchasable","13":"product-type-simple"},"composite_virtual":false,"composite_layout":"","composite_add_to_cart_form_location":"","composite_editable_in_cart":false,"composite_sold_individually_context":"","composite_shop_price_calc":"","composite_components":[],"composite_scenarios":[],"bundled_by":[],"bundle_stock_status":"outofstock","bundle_stock_quantity":0,"bundle_virtual":false,"bundle_layout":"","bundle_add_to_cart_form_location":"","bundle_editable_in_cart":false,"bundle_sold_individually_context":"","bundle_item_grouping":"","bundle_min_size":"","bundle_max_size":"","bundle_price":[],"bundled_items":[],"bundle_sell_ids":[],"yoast_head":"<!-- This site is optimized with the Yoast SEO plugin v27.1.1 - https:\/\/yoast.com\/product\/yoast-seo-wordpress\/ -->\n<title>500GB M.2 SSD NVMe - Samsung 970 EVO Plus \u2022 RaspberryPi.dk<\/title>\n<meta name=\"robots\" content=\"index, follow, max-snippet:-1, max-image-preview:large, max-video-preview:-1\" \/>\n<link rel=\"canonical\" href=\"https:\/\/raspberrypi.dk\/fi\/tuote\/500gb-m-2-ssd-nvme-samsung-970-evo-plus\/\" \/>\n<meta property=\"og:locale\" content=\"fi_FI\" \/>\n<meta property=\"og:type\" content=\"article\" \/>\n<meta property=\"og:title\" content=\"500GB M.2 SSD NVMe - Samsung 970 EVO Plus \u2022 RaspberryPi.dk\" \/>\n<meta property=\"og:description\" content=\"Salamannopea M.2 NVMe SSD k\u00e4ytett\u00e4v\u00e4ksi esimerkiksi Home Assistant Yellowissa.\" \/>\n<meta property=\"og:url\" content=\"https:\/\/raspberrypi.dk\/fi\/tuote\/500gb-m-2-ssd-nvme-samsung-970-evo-plus\/\" \/>\n<meta property=\"og:site_name\" content=\"RaspberryPi.dk\" \/>\n<meta property=\"article:publisher\" content=\"https:\/\/facebook.com\/RaspberryPiDanmark\" \/>\n<meta property=\"article:modified_time\" content=\"2024-09-11T07:50:13+00:00\" \/>\n<meta property=\"og:image\" content=\"https:\/\/raspberrypi.dk\/wp-content\/uploads\/2023\/05\/500gb-nvme-ssd.jpeg\" \/>\n\t<meta property=\"og:image:width\" content=\"2400\" \/>\n\t<meta property=\"og:image:height\" content=\"1800\" \/>\n\t<meta property=\"og:image:type\" content=\"image\/jpeg\" \/>\n<meta name=\"twitter:card\" content=\"summary_large_image\" \/>\n<meta name=\"twitter:site\" content=\"@raspberrypidk\" \/>\n<meta name=\"twitter:label1\" content=\"Arvioitu lukuaika\" \/>\n\t<meta name=\"twitter:data1\" content=\"1 minuutti\" \/>\n<script type=\"application\/ld+json\" class=\"yoast-schema-graph\">{\"@context\":\"https:\/\/schema.org\",\"@graph\":[{\"@type\":\"WebPage\",\"@id\":\"https:\/\/raspberrypi.dk\/fi\/tuote\/500gb-m-2-ssd-nvme-samsung-970-evo-plus\/\",\"url\":\"https:\/\/raspberrypi.dk\/fi\/tuote\/500gb-m-2-ssd-nvme-samsung-970-evo-plus\/\",\"name\":\"500GB M.2 SSD NVMe - Samsung 970 EVO Plus \u2022 RaspberryPi.dk\",\"isPartOf\":{\"@id\":\"https:\/\/raspberrypi.dk\/fi\/#website\"},\"primaryImageOfPage\":{\"@id\":\"https:\/\/raspberrypi.dk\/fi\/tuote\/500gb-m-2-ssd-nvme-samsung-970-evo-plus\/#primaryimage\"},\"image\":{\"@id\":\"https:\/\/raspberrypi.dk\/fi\/tuote\/500gb-m-2-ssd-nvme-samsung-970-evo-plus\/#primaryimage\"},\"thumbnailUrl\":\"https:\/\/raspberrypi.dk\/wp-content\/uploads\/2023\/05\/500gb-nvme-ssd.jpeg\",\"datePublished\":\"2023-05-05T22:29:35+00:00\",\"dateModified\":\"2024-09-11T07:50:13+00:00\",\"breadcrumb\":{\"@id\":\"https:\/\/raspberrypi.dk\/fi\/tuote\/500gb-m-2-ssd-nvme-samsung-970-evo-plus\/#breadcrumb\"},\"inLanguage\":\"fi\",\"potentialAction\":[{\"@type\":\"ReadAction\",\"target\":[\"https:\/\/raspberrypi.dk\/fi\/tuote\/500gb-m-2-ssd-nvme-samsung-970-evo-plus\/\"]}]},{\"@type\":\"ImageObject\",\"inLanguage\":\"fi\",\"@id\":\"https:\/\/raspberrypi.dk\/fi\/tuote\/500gb-m-2-ssd-nvme-samsung-970-evo-plus\/#primaryimage\",\"url\":\"https:\/\/raspberrypi.dk\/wp-content\/uploads\/2023\/05\/500gb-nvme-ssd.jpeg\",\"contentUrl\":\"https:\/\/raspberrypi.dk\/wp-content\/uploads\/2023\/05\/500gb-nvme-ssd.jpeg\",\"width\":2400,\"height\":1800,\"caption\":\"500gb nvme ssd raspberry pi\"},{\"@type\":\"BreadcrumbList\",\"@id\":\"https:\/\/raspberrypi.dk\/fi\/tuote\/500gb-m-2-ssd-nvme-samsung-970-evo-plus\/#breadcrumb\",\"itemListElement\":[{\"@type\":\"ListItem\",\"position\":1,\"name\":\"Hjem\",\"item\":\"https:\/\/raspberrypi.dk\/fi\/raspberry-pi-verkkokauppa\/\"},{\"@type\":\"ListItem\",\"position\":2,\"name\":\"Shop\",\"item\":\"https:\/\/raspberrypi.dk\/fi\/shop-2\/\"},{\"@type\":\"ListItem\",\"position\":3,\"name\":\"500GB M.2 SSD NVMe &#8211; Samsung 970 EVO Plus\"}]},{\"@type\":\"WebSite\",\"@id\":\"https:\/\/raspberrypi.dk\/fi\/#website\",\"url\":\"https:\/\/raspberrypi.dk\/fi\/\",\"name\":\"RaspberryPi.dk\",\"description\":\"Danmarks f\u00f8rende Raspberry Pi side!\",\"publisher\":{\"@id\":\"https:\/\/raspberrypi.dk\/fi\/#organization\"},\"potentialAction\":[{\"@type\":\"SearchAction\",\"target\":{\"@type\":\"EntryPoint\",\"urlTemplate\":\"https:\/\/raspberrypi.dk\/fi\/?s={search_term_string}\"},\"query-input\":{\"@type\":\"PropertyValueSpecification\",\"valueRequired\":true,\"valueName\":\"search_term_string\"}}],\"inLanguage\":\"fi\"},{\"@type\":\"Organization\",\"@id\":\"https:\/\/raspberrypi.dk\/fi\/#organization\",\"name\":\"RaspberryPi.dk\",\"url\":\"https:\/\/raspberrypi.dk\/fi\/\",\"logo\":{\"@type\":\"ImageObject\",\"inLanguage\":\"fi\",\"@id\":\"https:\/\/raspberrypi.dk\/fi\/#\/schema\/logo\/image\/\",\"url\":\"https:\/\/raspberrypi.dk\/wp-content\/uploads\/2017\/05\/RaspberryPidk_logo-2.png\",\"contentUrl\":\"https:\/\/raspberrypi.dk\/wp-content\/uploads\/2017\/05\/RaspberryPidk_logo-2.png\",\"width\":470,\"height\":110,\"caption\":\"RaspberryPi.dk\"},\"image\":{\"@id\":\"https:\/\/raspberrypi.dk\/fi\/#\/schema\/logo\/image\/\"},\"sameAs\":[\"https:\/\/facebook.com\/RaspberryPiDanmark\",\"https:\/\/x.com\/raspberrypidk\",\"https:\/\/instagram.com\/raspberrypi.dk\"]}]}<\/script>\n<!-- \/ Yoast SEO plugin. -->","yoast_head_json":{"title":"500GB M.2 SSD NVMe - Samsung 970 EVO Plus \u2022 RaspberryPi.dk","robots":{"index":"index","follow":"follow","max-snippet":"max-snippet:-1","max-image-preview":"max-image-preview:large","max-video-preview":"max-video-preview:-1"},"canonical":"https:\/\/raspberrypi.dk\/fi\/tuote\/500gb-m-2-ssd-nvme-samsung-970-evo-plus\/","og_locale":"fi_FI","og_type":"article","og_title":"500GB M.2 SSD NVMe - Samsung 970 EVO Plus \u2022 RaspberryPi.dk","og_description":"Salamannopea M.2 NVMe SSD k\u00e4ytett\u00e4v\u00e4ksi esimerkiksi Home Assistant Yellowissa.","og_url":"https:\/\/raspberrypi.dk\/fi\/tuote\/500gb-m-2-ssd-nvme-samsung-970-evo-plus\/","og_site_name":"RaspberryPi.dk","article_publisher":"https:\/\/facebook.com\/RaspberryPiDanmark","article_modified_time":"2024-09-11T07:50:13+00:00","og_image":[{"width":2400,"height":1800,"url":"https:\/\/raspberrypi.dk\/wp-content\/uploads\/2023\/05\/500gb-nvme-ssd.jpeg","type":"image\/jpeg"}],"twitter_card":"summary_large_image","twitter_site":"@raspberrypidk","twitter_misc":{"Arvioitu lukuaika":"1 minuutti"},"schema":{"@context":"https:\/\/schema.org","@graph":[{"@type":"WebPage","@id":"https:\/\/raspberrypi.dk\/fi\/tuote\/500gb-m-2-ssd-nvme-samsung-970-evo-plus\/","url":"https:\/\/raspberrypi.dk\/fi\/tuote\/500gb-m-2-ssd-nvme-samsung-970-evo-plus\/","name":"500GB M.2 SSD NVMe - Samsung 970 EVO Plus \u2022 RaspberryPi.dk","isPartOf":{"@id":"https:\/\/raspberrypi.dk\/fi\/#website"},"primaryImageOfPage":{"@id":"https:\/\/raspberrypi.dk\/fi\/tuote\/500gb-m-2-ssd-nvme-samsung-970-evo-plus\/#primaryimage"},"image":{"@id":"https:\/\/raspberrypi.dk\/fi\/tuote\/500gb-m-2-ssd-nvme-samsung-970-evo-plus\/#primaryimage"},"thumbnailUrl":"https:\/\/raspberrypi.dk\/wp-content\/uploads\/2023\/05\/500gb-nvme-ssd.jpeg","datePublished":"2023-05-05T22:29:35+00:00","dateModified":"2024-09-11T07:50:13+00:00","breadcrumb":{"@id":"https:\/\/raspberrypi.dk\/fi\/tuote\/500gb-m-2-ssd-nvme-samsung-970-evo-plus\/#breadcrumb"},"inLanguage":"fi","potentialAction":[{"@type":"ReadAction","target":["https:\/\/raspberrypi.dk\/fi\/tuote\/500gb-m-2-ssd-nvme-samsung-970-evo-plus\/"]}]},{"@type":"ImageObject","inLanguage":"fi","@id":"https:\/\/raspberrypi.dk\/fi\/tuote\/500gb-m-2-ssd-nvme-samsung-970-evo-plus\/#primaryimage","url":"https:\/\/raspberrypi.dk\/wp-content\/uploads\/2023\/05\/500gb-nvme-ssd.jpeg","contentUrl":"https:\/\/raspberrypi.dk\/wp-content\/uploads\/2023\/05\/500gb-nvme-ssd.jpeg","width":2400,"height":1800,"caption":"500gb nvme ssd raspberry pi"},{"@type":"BreadcrumbList","@id":"https:\/\/raspberrypi.dk\/fi\/tuote\/500gb-m-2-ssd-nvme-samsung-970-evo-plus\/#breadcrumb","itemListElement":[{"@type":"ListItem","position":1,"name":"Hjem","item":"https:\/\/raspberrypi.dk\/fi\/raspberry-pi-verkkokauppa\/"},{"@type":"ListItem","position":2,"name":"Shop","item":"https:\/\/raspberrypi.dk\/fi\/shop-2\/"},{"@type":"ListItem","position":3,"name":"500GB M.2 SSD NVMe &#8211; Samsung 970 EVO Plus"}]},{"@type":"WebSite","@id":"https:\/\/raspberrypi.dk\/fi\/#website","url":"https:\/\/raspberrypi.dk\/fi\/","name":"RaspberryPi.dk","description":"Danmarks f\u00f8rende Raspberry Pi side!","publisher":{"@id":"https:\/\/raspberrypi.dk\/fi\/#organization"},"potentialAction":[{"@type":"SearchAction","target":{"@type":"EntryPoint","urlTemplate":"https:\/\/raspberrypi.dk\/fi\/?s={search_term_string}"},"query-input":{"@type":"PropertyValueSpecification","valueRequired":true,"valueName":"search_term_string"}}],"inLanguage":"fi"},{"@type":"Organization","@id":"https:\/\/raspberrypi.dk\/fi\/#organization","name":"RaspberryPi.dk","url":"https:\/\/raspberrypi.dk\/fi\/","logo":{"@type":"ImageObject","inLanguage":"fi","@id":"https:\/\/raspberrypi.dk\/fi\/#\/schema\/logo\/image\/","url":"https:\/\/raspberrypi.dk\/wp-content\/uploads\/2017\/05\/RaspberryPidk_logo-2.png","contentUrl":"https:\/\/raspberrypi.dk\/wp-content\/uploads\/2017\/05\/RaspberryPidk_logo-2.png","width":470,"height":110,"caption":"RaspberryPi.dk"},"image":{"@id":"https:\/\/raspberrypi.dk\/fi\/#\/schema\/logo\/image\/"},"sameAs":["https:\/\/facebook.com\/RaspberryPiDanmark","https:\/\/x.com\/raspberrypidk","https:\/\/instagram.com\/raspberrypi.dk"]}]}},"_links":{"self":[{"href":"https:\/\/raspberrypi.dk\/fi\/wp-json\/wp\/v2\/product\/220033","targetHints":{"allow":["GET"]}}],"collection":[{"href":"https:\/\/raspberrypi.dk\/fi\/wp-json\/wp\/v2\/product"}],"about":[{"href":"https:\/\/raspberrypi.dk\/fi\/wp-json\/wp\/v2\/types\/product"}],"replies":[{"embeddable":true,"href":"https:\/\/raspberrypi.dk\/fi\/wp-json\/wp\/v2\/comments?post=220033"}],"wp:featuredmedia":[{"embeddable":true,"href":"https:\/\/raspberrypi.dk\/fi\/wp-json\/wp\/v2\/media\/220034"}],"wp:attachment":[{"href":"https:\/\/raspberrypi.dk\/fi\/wp-json\/wp\/v2\/media?parent=220033"}],"wp:term":[{"taxonomy":"product_brand","embeddable":true,"href":"https:\/\/raspberrypi.dk\/fi\/wp-json\/wp\/v2\/product_brand?post=220033"},{"taxonomy":"product_cat","embeddable":true,"href":"https:\/\/raspberrypi.dk\/fi\/wp-json\/wp\/v2\/product_cat?post=220033"},{"taxonomy":"product_tag","embeddable":true,"href":"https:\/\/raspberrypi.dk\/fi\/wp-json\/wp\/v2\/product_tag?post=220033"}],"curies":[{"name":"wp","href":"https:\/\/api.w.org\/{rel}","templated":true}]}}