{"id":220055,"date":"2023-05-03T23:00:02","date_gmt":"2023-05-03T21:00:02","guid":{"rendered":"https:\/\/raspberrypi.dk\/produkt\/cm4004000-raspberry-pi-compute-module-4-4gb-ram-0gb-storage-lite\/"},"modified":"2025-12-02T19:15:11","modified_gmt":"2025-12-02T18:15:11","slug":"cm4004000-sc0683","status":"publish","type":"product","link":"https:\/\/raspberrypi.dk\/fi\/tuote\/cm4004000-sc0683\/","title":{"rendered":"CM4004000 &#8211; Raspberry Pi Compute Module 4 &#8211; 4GB RAM &#8211; 0GB Storage (Lite)"},"content":{"rendered":"<div class=\"c-product-hero__description\">\n<button data-id=\"155958\" data-post_id=\"220055\" data-form_style=\"1\" data-allow_outside_click=\"\" data-width=\"50%\" data-popup_type=\"on_button_click\" class=\"wpb-pcf-form-fire wpb-pcf-btn-large wpb-pcf-btn wpb-pcf-btn-default\">Request Quote (B2B)<\/button>\n<p>Raspberry Pi Compute Module 4 &#8211; \u00e4\u00e4rimm\u00e4inen ratkaisu niille, jotka tarvitsevat tehokkaan ja monipuolisen tietokonealustan kompaktissa ja kustannustehokkaassa muodossa.<\/p>\n<p>Neliytimisell\u00e4 Broadcom BCM2711 Cortex-A72 -prosessorilla, jonka kellotaajuudet ovat jopa 1,5 GHz, Compute Module 4 tarjoaa poikkeuksellisen suorituskyvyn monenlaisiin sovelluksiin.<\/p>\n<p>Compute Module 4 pystyy k\u00e4ytt\u00e4m\u00e4\u00e4n erilaisia \u200b\u200bk\u00e4ytt\u00f6j\u00e4rjestelmi\u00e4, kuten virallista Raspberry Pi OS:\u00e4\u00e4, Ubuntua ja paljon muuta, ja se on uskomattoman monipuolinen alusta, jota voidaan k\u00e4ytt\u00e4\u00e4 kaikkeen prototyyppien luomisesta ja testaamisesta t\u00e4ysimittaiseen kaupalliseen k\u00e4ytt\u00f6\u00f6n.<\/p>\n<p>Vaikuttavien teknisten ominaisuuksiensa lis\u00e4ksi Compute Module 4 on my\u00f6s suunniteltu helposti integroitavaksi r\u00e4\u00e4t\u00e4l\u00f6ityihin laitteistoihin pienen koon ja standardoidun muodon ansiosta. T\u00e4m\u00e4 tekee siit\u00e4 ihanteellisen valinnan kehitt\u00e4jille, harrastajille ja yrityksille, jotka haluavat luoda omia ainutlaatuisia IoT-ratkaisuja, teollisuusautomaatioj\u00e4rjestelmi\u00e4 tai muita sulautettuja sovelluksia.<\/p>\n<p>Halusitpa sitten rakentaa mukautetun mediasoittimen, \u00e4lykk\u00e4\u00e4n kodin automaatioj\u00e4rjestelm\u00e4n tai monimutkaisen teollisuuden ohjausj\u00e4rjestelm\u00e4n, Raspberry Pi Compute Module 4:ss\u00e4 on tehoa ja monipuolisuutta tarpeisiisi.<\/p>\n<p>Raspberry Pi CM4 sopii erityisen hyvin teollisiin sovelluksiin ja sopii erinomaisesti sillan rakentamiseen prototyyppien (muutama 100 kappaletta) ja t\u00e4ysin r\u00e4\u00e4t\u00e4l\u00f6ityjen mallien v\u00e4lille. Jotta voit k\u00e4ytt\u00e4\u00e4 sit\u00e4, tarvitset kantolevyn. Raspberry Pi on jo tehnyt paljon ty\u00f6t\u00e4 puolestasi standardoidun moduulin suunnittelussa \u2013 ja tarjoaa sinulle my\u00f6s Raspberry Pi -ekosysteemin, jossa on hyv\u00e4 dokumentaatio ja kokeneita yrityksi\u00e4, jotka voivat tukea sinua projektissasi.<\/p>\n<p>Se sopii projekteihin, joissa on n. 100 &#8211; 50 000 yksikk\u00f6\u00e4 myyd\u00e4\u00e4n vuodessa, jolloin Pi 4:n asennus on eri syist\u00e4 poissuljettu. eMMC Flash (useimmissa versioissa) sopii erityisen hyvin teollisuussovelluksiin ja on huomattavasti vakaampi kuin tavallinen Micro SD -kortti.<\/p>\n<p>Tarjoamme palveluita Raspberry Pi CM4:n k\u00e4ytt\u00f6\u00f6n, r\u00e4\u00e4t\u00e4l\u00f6ityjen kantolevyjen ja ohjelmistojen suunnitteluun. Keskitymme syv\u00e4\u00e4n tekniseen tuntemukseen Raspberry Pi -alustan ohjelmistoista ja laitteistoista. Ota meihin yhteytt\u00e4 ilman velvoitteita ja ilmaista alustavaa konsultaatiota selvitt\u00e4\u00e4ksemme, kuinka voimme tukea sinua.<\/p>\n<h2><strong>Tekniset tiedot CM4004000 \/ SC0683<\/strong><\/h2>\n<\/div>\n<p>&nbsp;<\/p>\n<ul>\n<li>Form factor: 55 mm x 40 mm<\/li>\n<li>Processor: Broadcom BCM2711 quad-core Cortex-A72 (ARM v8) 64-bit SoC @ 1.5GHz<\/li>\n<li>Memory: 4GB LPDDR4-3200 SDRAM<\/li>\n<li>Storage: 0GB eMMC Flash memory (Lite)<\/li>\n<li>Connectivity:\n<ul>\n<li>Onboard Gigabit Ethernet PHY supporting IEEE1588<\/li>\n<li>1 \u00d7 USB 2.0 interface<\/li>\n<li>PCIe Gen 2 x1 interface<\/li>\n<li>28 GPIO signals<\/li>\n<li>SD card interface for SD card or external eMMC (for use only with Compute Module 4 variants without eMMC)<\/li>\n<\/ul>\n<\/li>\n<li>Video:\n<ul>\n<li>Dual HDMI interface (up to 4Kp60 supported)<\/li>\n<li>2-lane MIPI DSI display interface<\/li>\n<li>2-lane MIPI CSI camera interface<\/li>\n<li>4-lane MIPI DSI display interface<\/li>\n<li>4-lane MIPI CSI camera interface<\/li>\n<\/ul>\n<\/li>\n<li>Multimedia: H.265 (4Kp60 decode); H.264 (1080p60 decode, 1080p30 encode); OpenGL ES 3.0 graphics<\/li>\n<li>Input power: 5V DC<\/li>\n<li>Operating temperature: -20 to +85\u00b0C<\/li>\n<\/ul>\n<h2><strong>Yleiskatsaus kaikista CM4-malleista<\/strong><\/h2>\n<table>\n<tbody>\n<tr>\n<td><strong>SKU<\/strong><\/td>\n<td><strong>Wireless<\/strong><\/td>\n<td><strong>RAM<\/strong><\/td>\n<td><strong>Storage<\/strong><\/td>\n<\/tr>\n<tr>\n<td><a href=\"https:\/\/raspberrypi.dk\/fi\/tuote\/cm4101000-sc0691\/\">CM4101000<\/a><\/td>\n<td>Joo<\/td>\n<td>1 GB RAM<\/td>\n<td>0 GB eMMC<\/td>\n<\/tr>\n<tr>\n<td><a href=\"https:\/\/raspberrypi.dk\/fi\/tuote\/cm4101008-sc0692\/\">CM4101008<\/a><\/td>\n<td>Joo<\/td>\n<td>1 GB RAM<\/td>\n<td>8 GB eMMC<\/td>\n<\/tr>\n<tr>\n<td><a href=\"https:\/\/raspberrypi.dk\/fi\/tuote\/cm4101016-sc0693\/\">CM4101016<\/a><\/td>\n<td>Joo<\/td>\n<td>1 GB RAM<\/td>\n<td>16 GB eMMC<\/td>\n<\/tr>\n<tr>\n<td><a href=\"https:\/\/raspberrypi.dk\/fi\/tuote\/cm4101032-sc0694\/\">CM4101032<\/a><\/td>\n<td>Joo<\/td>\n<td>1 GB RAM<\/td>\n<td>32 GB eMMC<\/td>\n<\/tr>\n<tr>\n<td><a href=\"https:\/\/raspberrypi.dk\/fi\/tuote\/cm4102000-sc0667\/\">CM4102000<\/a><\/td>\n<td>Joo<\/td>\n<td>2 GB RAM<\/td>\n<td>0 GB eMMC<\/td>\n<\/tr>\n<tr>\n<td><a href=\"https:\/\/raspberrypi.dk\/fi\/tuote\/cm4102008-sc0668\/\">CM4102008<\/a><\/td>\n<td>Joo<\/td>\n<td>2 GB RAM<\/td>\n<td>8 GB eMMC<\/td>\n<\/tr>\n<tr>\n<td><a href=\"https:\/\/raspberrypi.dk\/fi\/tuote\/cm4102016-sc0669\/\">CM4102016<\/a><\/td>\n<td>Joo<\/td>\n<td>2 GB RAM<\/td>\n<td>16 GB eMMC<\/td>\n<\/tr>\n<tr>\n<td><a href=\"https:\/\/raspberrypi.dk\/fi\/tuote\/cm4102032-sc0670\/\">CM4102032<\/a><\/td>\n<td>Joo<\/td>\n<td>2 GB RAM<\/td>\n<td>32 GB eMMC<\/td>\n<\/tr>\n<tr>\n<td><a href=\"https:\/\/raspberrypi.dk\/fi\/tuote\/cm4104000-sc0671\/\">CM4104000<\/a><\/td>\n<td>Joo<\/td>\n<td>4 GB RAM<\/td>\n<td>0 GB eMMC<\/td>\n<\/tr>\n<tr>\n<td><a href=\"https:\/\/raspberrypi.dk\/fi\/tuote\/cm4104008-sc0672\/\">CM4104008<\/a><\/td>\n<td>Joo<\/td>\n<td>4 GB RAM<\/td>\n<td>8 GB eMMC<\/td>\n<\/tr>\n<tr>\n<td><a href=\"https:\/\/raspberrypi.dk\/fi\/tuote\/cm4104016-sc0673\/\">CM4104016<\/a><\/td>\n<td>Joo<\/td>\n<td>4 GB RAM<\/td>\n<td>16 GB eMMC<\/td>\n<\/tr>\n<tr>\n<td><a href=\"https:\/\/raspberrypi.dk\/fi\/tuote\/cm4104032-sc0674\/\">CM4104032<\/a><\/td>\n<td>Joo<\/td>\n<td>4 GB RAM<\/td>\n<td>32 GB eMMC<\/td>\n<\/tr>\n<tr>\n<td><a href=\"https:\/\/raspberrypi.dk\/fi\/tuote\/cm4108000-sc0675\/\">CM4108000<\/a><\/td>\n<td>Joo<\/td>\n<td>8 GB RAM<\/td>\n<td>0 GB eMMC<\/td>\n<\/tr>\n<tr>\n<td><a href=\"https:\/\/raspberrypi.dk\/fi\/tuote\/cm4108008-sc0676\/\">CM4108008<\/a><\/td>\n<td>Joo<\/td>\n<td>8 GB RAM<\/td>\n<td>8 GB eMMC<\/td>\n<\/tr>\n<tr>\n<td><a href=\"https:\/\/raspberrypi.dk\/fi\/tuote\/cm4108016-sc0677\/\">CM4108016<\/a><\/td>\n<td>Joo<\/td>\n<td>8 GB RAM<\/td>\n<td>16 GB eMMC<\/td>\n<\/tr>\n<tr>\n<td><a href=\"https:\/\/raspberrypi.dk\/fi\/tuote\/cm4108032-sc0678\/\">CM4108032<\/a><\/td>\n<td>Joo<\/td>\n<td>8 GB RAM<\/td>\n<td>32 GB eMMC<\/td>\n<\/tr>\n<tr>\n<td><a href=\"https:\/\/raspberrypi.dk\/fi\/tuote\/cm4001000-sc0695\/\">CM4001000<\/a><\/td>\n<td>Ei<\/td>\n<td>1 GB RAM<\/td>\n<td>0 GB eMMC<\/td>\n<\/tr>\n<tr>\n<td><a href=\"https:\/\/raspberrypi.dk\/fi\/tuote\/cm4001008-sc0696\/\">CM4001008<\/a><\/td>\n<td>Ei<\/td>\n<td>1 GB RAM<\/td>\n<td>8 GB eMMC<\/td>\n<\/tr>\n<tr>\n<td><a href=\"https:\/\/raspberrypi.dk\/fi\/tuote\/cm4001016-sc0697\/\">CM4001016<\/a><\/td>\n<td>Ei<\/td>\n<td>1 GB RAM<\/td>\n<td>16 GB eMMC<\/td>\n<\/tr>\n<tr>\n<td><a href=\"https:\/\/raspberrypi.dk\/fi\/tuote\/cm4001032-sc0698\/\">CM4001032<\/a><\/td>\n<td>Ei<\/td>\n<td>1 GB RAM<\/td>\n<td>32 GB eMMC<\/td>\n<\/tr>\n<tr>\n<td><a href=\"https:\/\/raspberrypi.dk\/fi\/tuote\/cm4002000-sc0679\/\">CM4002000<\/a><\/td>\n<td>Ei<\/td>\n<td>2 GB RAM<\/td>\n<td>0 GB eMMC<\/td>\n<\/tr>\n<tr>\n<td><a href=\"https:\/\/raspberrypi.dk\/fi\/tuote\/cm4002008-sc0680\/\">CM4002008<\/a><\/td>\n<td>Ei<\/td>\n<td>2 GB RAM<\/td>\n<td>8 GB eMMC<\/td>\n<\/tr>\n<tr>\n<td><a href=\"https:\/\/raspberrypi.dk\/fi\/tuote\/cm4002016-sc0681\/\">CM4002016<\/a><\/td>\n<td>Ei<\/td>\n<td>2 GB RAM<\/td>\n<td>16 GB eMMC<\/td>\n<\/tr>\n<tr>\n<td><a href=\"https:\/\/raspberrypi.dk\/fi\/tuote\/cm4002032-sc0682\/\">CM4002032<\/a><\/td>\n<td>Ei<\/td>\n<td>2 GB RAM<\/td>\n<td>32 GB eMMC<\/td>\n<\/tr>\n<tr>\n<td><a href=\"https:\/\/raspberrypi.dk\/fi\/tuote\/cm4004000-sc0683\/\">CM4004000<\/a><\/td>\n<td>Ei<\/td>\n<td>4 GB RAM<\/td>\n<td>0 GB eMMC<\/td>\n<\/tr>\n<tr>\n<td><a href=\"https:\/\/raspberrypi.dk\/fi\/tuote\/cm4004008-sc0684\/\">CM4004008<\/a><\/td>\n<td>Ei<\/td>\n<td>4 GB RAM<\/td>\n<td>8 GB eMMC<\/td>\n<\/tr>\n<tr>\n<td><a href=\"https:\/\/raspberrypi.dk\/fi\/tuote\/cm4004016-sc0685\/\">CM4004016<\/a><\/td>\n<td>Ei<\/td>\n<td>4 GB RAM<\/td>\n<td>16 GB eMMC<\/td>\n<\/tr>\n<tr>\n<td><a href=\"https:\/\/raspberrypi.dk\/fi\/tuote\/cm4004032-sc0686\/\">CM4004032<\/a><\/td>\n<td>Ei<\/td>\n<td>4 GB RAM<\/td>\n<td>32 GB eMMC<\/td>\n<\/tr>\n<tr>\n<td><a href=\"https:\/\/raspberrypi.dk\/fi\/tuote\/cm4008000-sc0687\/\">CM4008000<\/a><\/td>\n<td>Ei<\/td>\n<td>8 GB RAM<\/td>\n<td>0 GB eMMC<\/td>\n<\/tr>\n<tr>\n<td><a href=\"https:\/\/raspberrypi.dk\/fi\/tuote\/cm4008008-sc0688\/\">CM4008008<\/a><\/td>\n<td>Ei<\/td>\n<td>8 GB RAM<\/td>\n<td>8 GB eMMC<\/td>\n<\/tr>\n<tr>\n<td><a href=\"https:\/\/raspberrypi.dk\/fi\/tuote\/cm4008016-sc0689\/\">CM4008016<\/a><\/td>\n<td>Ei<\/td>\n<td>8 GB RAM<\/td>\n<td>16 GB eMMC<\/td>\n<\/tr>\n<tr>\n<td><a href=\"https:\/\/raspberrypi.dk\/fi\/tuote\/cm4008032-sc0690\/\">CM4008032<\/a><\/td>\n<td>Ei<\/td>\n<td>8 GB RAM<\/td>\n<td>32 GB eMMC<\/td>\n<\/tr>\n<\/tbody>\n<\/table>\n<h3><strong>Asiakirjat<\/strong><\/h3>\n<p><a href=\"https:\/\/datasheets.raspberrypi.com\/cm4\/cm4-product-brief.pdf\">Raspberry Pi 4 Compute Module 4 product brief<\/a><\/p>\n<p><a href=\"http:\/\/datasheets.raspberrypi.com\/cm4\/cm4-datasheet.pdf\">Raspberry Pi Compute Module 4 datasheet<\/a><\/p>\n<p><a href=\"https:\/\/datasheets.raspberrypi.com\/cm4\/CM4-step.zip\">Compute Module 4 STEP file<\/a><\/p>\n<p><a href=\"https:\/\/datasheets.raspberrypi.com\/cm4\/CM4Lite-step.zip\">Compute Module 4 Lite (without eMMC) STEP file<\/a><\/p>\n","protected":false},"excerpt":{"rendered":"<p><strong>SC0683 \/ CM4004000<\/strong><\/p>\n<p>Tarvitseeko yrityksesi suuremman m\u00e4\u00e4r\u00e4n CM4:\u00e4\u00e4 tai apua Raspberry Pi -laitteiston\/-ohjelmiston kanssa? <a href=\"https:\/\/raspberrypi.dk\/fi\/toute\/om\/til-virksomheder-og-institutioner\/\">Ota meihin yhteytt\u00e4 t\u00e4st\u00e4.<\/a><\/p>\n","protected":false},"featured_media":220051,"comment_status":"open","ping_status":"closed","template":"","meta":[],"product_brand":[],"product_cat":[738,729,748],"product_tag":[783],"class_list":{"0":"post-220055","1":"product","2":"type-product","3":"status-publish","4":"has-post-thumbnail","6":"product_cat-raspberry-pi","7":"product_cat-teollinen-raspberry-pi-fi","8":"product_cat-raspberry-pi-compute-module-4-cm4-fi","9":"product_tag-cm4-fi","11":"first","12":"outofstock","13":"taxable","14":"shipping-taxable","15":"purchasable","16":"product-type-simple"},"composite_virtual":false,"composite_layout":"","composite_add_to_cart_form_location":"","composite_editable_in_cart":false,"composite_sold_individually_context":"","composite_shop_price_calc":"","composite_components":[],"composite_scenarios":[],"bundled_by":[],"bundle_stock_status":"outofstock","bundle_stock_quantity":0,"bundle_virtual":false,"bundle_layout":"","bundle_add_to_cart_form_location":"","bundle_editable_in_cart":false,"bundle_sold_individually_context":"","bundle_item_grouping":"","bundle_min_size":"","bundle_max_size":"","bundle_price":[],"bundled_items":[],"bundle_sell_ids":[221328,221178],"yoast_head":"<!-- This site is optimized with the Yoast SEO plugin v27.1.1 - https:\/\/yoast.com\/product\/yoast-seo-wordpress\/ -->\n<title>CM4004000 - Raspberry Pi Compute Module 4 - 4GB RAM - 0GB Storage (Lite) \u2022 RaspberryPi.dk<\/title>\n<meta name=\"robots\" content=\"index, follow, max-snippet:-1, max-image-preview:large, max-video-preview:-1\" \/>\n<link rel=\"canonical\" href=\"https:\/\/raspberrypi.dk\/fi\/tuote\/cm4004000-sc0683\/\" \/>\n<meta property=\"og:locale\" content=\"fi_FI\" \/>\n<meta property=\"og:type\" content=\"article\" \/>\n<meta property=\"og:title\" content=\"CM4004000 - Raspberry Pi Compute Module 4 - 4GB RAM - 0GB Storage (Lite) \u2022 RaspberryPi.dk\" \/>\n<meta property=\"og:description\" content=\"SC0683 \/ CM4004000  Tarvitseeko yrityksesi suuremman m\u00e4\u00e4r\u00e4n CM4:\u00e4\u00e4 tai apua Raspberry Pi -laitteiston\/-ohjelmiston kanssa? Ota meihin yhteytt\u00e4 t\u00e4st\u00e4.\" \/>\n<meta property=\"og:url\" content=\"https:\/\/raspberrypi.dk\/fi\/tuote\/cm4004000-sc0683\/\" \/>\n<meta property=\"og:site_name\" content=\"RaspberryPi.dk\" \/>\n<meta property=\"article:publisher\" content=\"https:\/\/facebook.com\/RaspberryPiDanmark\" \/>\n<meta property=\"article:modified_time\" content=\"2025-12-02T18:15:11+00:00\" \/>\n<meta property=\"og:image\" content=\"https:\/\/raspberrypi.dk\/wp-content\/uploads\/2023\/04\/raspberry-pi-compute-module-4-lite-no-wi-fi.jpeg\" \/>\n\t<meta property=\"og:image:width\" content=\"1600\" \/>\n\t<meta property=\"og:image:height\" content=\"1710\" \/>\n\t<meta property=\"og:image:type\" content=\"image\/jpeg\" \/>\n<meta name=\"twitter:card\" content=\"summary_large_image\" \/>\n<meta name=\"twitter:site\" content=\"@raspberrypidk\" \/>\n<meta name=\"twitter:label1\" content=\"Arvioitu lukuaika\" \/>\n\t<meta name=\"twitter:data1\" content=\"4 minuuttia\" \/>\n<script type=\"application\/ld+json\" class=\"yoast-schema-graph\">{\"@context\":\"https:\/\/schema.org\",\"@graph\":[{\"@type\":\"WebPage\",\"@id\":\"https:\/\/raspberrypi.dk\/fi\/tuote\/cm4004000-sc0683\/\",\"url\":\"https:\/\/raspberrypi.dk\/fi\/tuote\/cm4004000-sc0683\/\",\"name\":\"CM4004000 - Raspberry Pi Compute Module 4 - 4GB RAM - 0GB Storage (Lite) \u2022 RaspberryPi.dk\",\"isPartOf\":{\"@id\":\"https:\/\/raspberrypi.dk\/fi\/#website\"},\"primaryImageOfPage\":{\"@id\":\"https:\/\/raspberrypi.dk\/fi\/tuote\/cm4004000-sc0683\/#primaryimage\"},\"image\":{\"@id\":\"https:\/\/raspberrypi.dk\/fi\/tuote\/cm4004000-sc0683\/#primaryimage\"},\"thumbnailUrl\":\"https:\/\/raspberrypi.dk\/wp-content\/uploads\/2023\/04\/raspberry-pi-compute-module-4-lite-no-wi-fi.jpeg\",\"datePublished\":\"2023-05-03T21:00:02+00:00\",\"dateModified\":\"2025-12-02T18:15:11+00:00\",\"breadcrumb\":{\"@id\":\"https:\/\/raspberrypi.dk\/fi\/tuote\/cm4004000-sc0683\/#breadcrumb\"},\"inLanguage\":\"fi\",\"potentialAction\":[{\"@type\":\"ReadAction\",\"target\":[\"https:\/\/raspberrypi.dk\/fi\/tuote\/cm4004000-sc0683\/\"]}]},{\"@type\":\"ImageObject\",\"inLanguage\":\"fi\",\"@id\":\"https:\/\/raspberrypi.dk\/fi\/tuote\/cm4004000-sc0683\/#primaryimage\",\"url\":\"https:\/\/raspberrypi.dk\/wp-content\/uploads\/2023\/04\/raspberry-pi-compute-module-4-lite-no-wi-fi.jpeg\",\"contentUrl\":\"https:\/\/raspberrypi.dk\/wp-content\/uploads\/2023\/04\/raspberry-pi-compute-module-4-lite-no-wi-fi.jpeg\",\"width\":1600,\"height\":1710,\"caption\":\"Raspberry Pi Compute Module 4 (CM4) Lite No WiFi\"},{\"@type\":\"BreadcrumbList\",\"@id\":\"https:\/\/raspberrypi.dk\/fi\/tuote\/cm4004000-sc0683\/#breadcrumb\",\"itemListElement\":[{\"@type\":\"ListItem\",\"position\":1,\"name\":\"Hjem\",\"item\":\"https:\/\/raspberrypi.dk\/fi\/raspberry-pi-verkkokauppa\/\"},{\"@type\":\"ListItem\",\"position\":2,\"name\":\"Shop\",\"item\":\"https:\/\/raspberrypi.dk\/fi\/shop-2\/\"},{\"@type\":\"ListItem\",\"position\":3,\"name\":\"CM4004000 &#8211; Raspberry Pi Compute Module 4 &#8211; 4GB RAM &#8211; 0GB Storage (Lite)\"}]},{\"@type\":\"WebSite\",\"@id\":\"https:\/\/raspberrypi.dk\/fi\/#website\",\"url\":\"https:\/\/raspberrypi.dk\/fi\/\",\"name\":\"RaspberryPi.dk\",\"description\":\"Danmarks f\u00f8rende Raspberry Pi side!\",\"publisher\":{\"@id\":\"https:\/\/raspberrypi.dk\/fi\/#organization\"},\"potentialAction\":[{\"@type\":\"SearchAction\",\"target\":{\"@type\":\"EntryPoint\",\"urlTemplate\":\"https:\/\/raspberrypi.dk\/fi\/?s={search_term_string}\"},\"query-input\":{\"@type\":\"PropertyValueSpecification\",\"valueRequired\":true,\"valueName\":\"search_term_string\"}}],\"inLanguage\":\"fi\"},{\"@type\":\"Organization\",\"@id\":\"https:\/\/raspberrypi.dk\/fi\/#organization\",\"name\":\"RaspberryPi.dk\",\"url\":\"https:\/\/raspberrypi.dk\/fi\/\",\"logo\":{\"@type\":\"ImageObject\",\"inLanguage\":\"fi\",\"@id\":\"https:\/\/raspberrypi.dk\/fi\/#\/schema\/logo\/image\/\",\"url\":\"https:\/\/raspberrypi.dk\/wp-content\/uploads\/2017\/05\/RaspberryPidk_logo-2.png\",\"contentUrl\":\"https:\/\/raspberrypi.dk\/wp-content\/uploads\/2017\/05\/RaspberryPidk_logo-2.png\",\"width\":470,\"height\":110,\"caption\":\"RaspberryPi.dk\"},\"image\":{\"@id\":\"https:\/\/raspberrypi.dk\/fi\/#\/schema\/logo\/image\/\"},\"sameAs\":[\"https:\/\/facebook.com\/RaspberryPiDanmark\",\"https:\/\/x.com\/raspberrypidk\",\"https:\/\/instagram.com\/raspberrypi.dk\"]}]}<\/script>\n<!-- \/ Yoast SEO plugin. -->","yoast_head_json":{"title":"CM4004000 - Raspberry Pi Compute Module 4 - 4GB RAM - 0GB Storage (Lite) \u2022 RaspberryPi.dk","robots":{"index":"index","follow":"follow","max-snippet":"max-snippet:-1","max-image-preview":"max-image-preview:large","max-video-preview":"max-video-preview:-1"},"canonical":"https:\/\/raspberrypi.dk\/fi\/tuote\/cm4004000-sc0683\/","og_locale":"fi_FI","og_type":"article","og_title":"CM4004000 - Raspberry Pi Compute Module 4 - 4GB RAM - 0GB Storage (Lite) \u2022 RaspberryPi.dk","og_description":"SC0683 \/ CM4004000  Tarvitseeko yrityksesi suuremman m\u00e4\u00e4r\u00e4n CM4:\u00e4\u00e4 tai apua Raspberry Pi -laitteiston\/-ohjelmiston kanssa? Ota meihin yhteytt\u00e4 t\u00e4st\u00e4.","og_url":"https:\/\/raspberrypi.dk\/fi\/tuote\/cm4004000-sc0683\/","og_site_name":"RaspberryPi.dk","article_publisher":"https:\/\/facebook.com\/RaspberryPiDanmark","article_modified_time":"2025-12-02T18:15:11+00:00","og_image":[{"width":1600,"height":1710,"url":"https:\/\/raspberrypi.dk\/wp-content\/uploads\/2023\/04\/raspberry-pi-compute-module-4-lite-no-wi-fi.jpeg","type":"image\/jpeg"}],"twitter_card":"summary_large_image","twitter_site":"@raspberrypidk","twitter_misc":{"Arvioitu lukuaika":"4 minuuttia"},"schema":{"@context":"https:\/\/schema.org","@graph":[{"@type":"WebPage","@id":"https:\/\/raspberrypi.dk\/fi\/tuote\/cm4004000-sc0683\/","url":"https:\/\/raspberrypi.dk\/fi\/tuote\/cm4004000-sc0683\/","name":"CM4004000 - Raspberry Pi Compute Module 4 - 4GB RAM - 0GB Storage (Lite) \u2022 RaspberryPi.dk","isPartOf":{"@id":"https:\/\/raspberrypi.dk\/fi\/#website"},"primaryImageOfPage":{"@id":"https:\/\/raspberrypi.dk\/fi\/tuote\/cm4004000-sc0683\/#primaryimage"},"image":{"@id":"https:\/\/raspberrypi.dk\/fi\/tuote\/cm4004000-sc0683\/#primaryimage"},"thumbnailUrl":"https:\/\/raspberrypi.dk\/wp-content\/uploads\/2023\/04\/raspberry-pi-compute-module-4-lite-no-wi-fi.jpeg","datePublished":"2023-05-03T21:00:02+00:00","dateModified":"2025-12-02T18:15:11+00:00","breadcrumb":{"@id":"https:\/\/raspberrypi.dk\/fi\/tuote\/cm4004000-sc0683\/#breadcrumb"},"inLanguage":"fi","potentialAction":[{"@type":"ReadAction","target":["https:\/\/raspberrypi.dk\/fi\/tuote\/cm4004000-sc0683\/"]}]},{"@type":"ImageObject","inLanguage":"fi","@id":"https:\/\/raspberrypi.dk\/fi\/tuote\/cm4004000-sc0683\/#primaryimage","url":"https:\/\/raspberrypi.dk\/wp-content\/uploads\/2023\/04\/raspberry-pi-compute-module-4-lite-no-wi-fi.jpeg","contentUrl":"https:\/\/raspberrypi.dk\/wp-content\/uploads\/2023\/04\/raspberry-pi-compute-module-4-lite-no-wi-fi.jpeg","width":1600,"height":1710,"caption":"Raspberry Pi Compute Module 4 (CM4) Lite No WiFi"},{"@type":"BreadcrumbList","@id":"https:\/\/raspberrypi.dk\/fi\/tuote\/cm4004000-sc0683\/#breadcrumb","itemListElement":[{"@type":"ListItem","position":1,"name":"Hjem","item":"https:\/\/raspberrypi.dk\/fi\/raspberry-pi-verkkokauppa\/"},{"@type":"ListItem","position":2,"name":"Shop","item":"https:\/\/raspberrypi.dk\/fi\/shop-2\/"},{"@type":"ListItem","position":3,"name":"CM4004000 &#8211; Raspberry Pi Compute Module 4 &#8211; 4GB RAM &#8211; 0GB Storage (Lite)"}]},{"@type":"WebSite","@id":"https:\/\/raspberrypi.dk\/fi\/#website","url":"https:\/\/raspberrypi.dk\/fi\/","name":"RaspberryPi.dk","description":"Danmarks f\u00f8rende Raspberry Pi side!","publisher":{"@id":"https:\/\/raspberrypi.dk\/fi\/#organization"},"potentialAction":[{"@type":"SearchAction","target":{"@type":"EntryPoint","urlTemplate":"https:\/\/raspberrypi.dk\/fi\/?s={search_term_string}"},"query-input":{"@type":"PropertyValueSpecification","valueRequired":true,"valueName":"search_term_string"}}],"inLanguage":"fi"},{"@type":"Organization","@id":"https:\/\/raspberrypi.dk\/fi\/#organization","name":"RaspberryPi.dk","url":"https:\/\/raspberrypi.dk\/fi\/","logo":{"@type":"ImageObject","inLanguage":"fi","@id":"https:\/\/raspberrypi.dk\/fi\/#\/schema\/logo\/image\/","url":"https:\/\/raspberrypi.dk\/wp-content\/uploads\/2017\/05\/RaspberryPidk_logo-2.png","contentUrl":"https:\/\/raspberrypi.dk\/wp-content\/uploads\/2017\/05\/RaspberryPidk_logo-2.png","width":470,"height":110,"caption":"RaspberryPi.dk"},"image":{"@id":"https:\/\/raspberrypi.dk\/fi\/#\/schema\/logo\/image\/"},"sameAs":["https:\/\/facebook.com\/RaspberryPiDanmark","https:\/\/x.com\/raspberrypidk","https:\/\/instagram.com\/raspberrypi.dk"]}]}},"_links":{"self":[{"href":"https:\/\/raspberrypi.dk\/fi\/wp-json\/wp\/v2\/product\/220055","targetHints":{"allow":["GET"]}}],"collection":[{"href":"https:\/\/raspberrypi.dk\/fi\/wp-json\/wp\/v2\/product"}],"about":[{"href":"https:\/\/raspberrypi.dk\/fi\/wp-json\/wp\/v2\/types\/product"}],"replies":[{"embeddable":true,"href":"https:\/\/raspberrypi.dk\/fi\/wp-json\/wp\/v2\/comments?post=220055"}],"wp:featuredmedia":[{"embeddable":true,"href":"https:\/\/raspberrypi.dk\/fi\/wp-json\/wp\/v2\/media\/220051"}],"wp:attachment":[{"href":"https:\/\/raspberrypi.dk\/fi\/wp-json\/wp\/v2\/media?parent=220055"}],"wp:term":[{"taxonomy":"product_brand","embeddable":true,"href":"https:\/\/raspberrypi.dk\/fi\/wp-json\/wp\/v2\/product_brand?post=220055"},{"taxonomy":"product_cat","embeddable":true,"href":"https:\/\/raspberrypi.dk\/fi\/wp-json\/wp\/v2\/product_cat?post=220055"},{"taxonomy":"product_tag","embeddable":true,"href":"https:\/\/raspberrypi.dk\/fi\/wp-json\/wp\/v2\/product_tag?post=220055"}],"curies":[{"name":"wp","href":"https:\/\/api.w.org\/{rel}","templated":true}]}}