{"id":220082,"date":"2023-05-03T19:20:04","date_gmt":"2023-05-03T17:20:04","guid":{"rendered":"https:\/\/raspberrypi.dk\/produkt\/rs485-til-rj45-ethernet-poe-module\/"},"modified":"2026-02-13T17:22:59","modified_gmt":"2026-02-13T16:22:59","slug":"rs485-til-rj45-ethernet-poe-module","status":"publish","type":"product","link":"https:\/\/raspberrypi.dk\/fi\/tuote\/rs485-til-rj45-ethernet-poe-module\/","title":{"rendered":"RS485 til RJ45 Ethernet PoE Module"},"content":{"rendered":"<div class=\"pdT\">\n<h3 class=\"richTitle\">RS485 To RJ45 Ethernet PoE Module<\/h3>\n<p class=\"hilitBlock2 round1234\">Rail-mount RS485 serial server<\/p>\n<p><img decoding=\"async\" src=\"https:\/\/www.waveshare.com\/img\/devkit\/accBoard\/RS485-TO-POE-ETH-B\/RS485-TO-POE-ETH-B-details-1.jpg\" \/><\/p>\n<\/div>\n<div class=\"pdT\">\n<h3><\/h3>\n<h3 class=\"richTitle\">Version Option<\/h3>\n<div class=\"richGridWrap richGridWrap-2c richGridWrap-valignTop mgnTB\">\n<div>\n<p><strong>RS485 TO POE ETH (B)<\/strong><br \/>\nPoE Ethernet port + Electrical isolation<\/p>\n<p><img decoding=\"async\" class=\"round1234\" src=\"https:\/\/www.waveshare.com\/img\/devkit\/accBoard\/RS485-TO-POE-ETH-B\/RS485-TO-POE-ETH-B-details-2-2.jpg\" \/><\/p>\n<\/div>\n<\/div>\n<p class=\"alignl pdTRBL\">RS485 TO POE ETH (B) is the hardware upgrade version, support PoE Ethernet port power supply, with power and signal isolation protection, which is safer for industrial applications.<\/p>\n<p><img decoding=\"async\" class=\"round1234\" src=\"https:\/\/www.waveshare.com\/img\/devkit\/accBoard\/RS485-TO-POE-ETH-B\/RS485-TO-POE-ETH-B-details-25.jpg\" \/><\/p>\n<div><\/div>\n<\/div>\n<div>\n<h3 class=\"richTitle\">Features At A Glance<\/h3>\n<div class=\"bgGrey alignl subBlock mgnTB\">\n<p>This is an RS485 device data acquisitor \/ IoT gateway designed for the industrial environment. It combines multi functions in one, including serial server, Modbus gateway, MQTT gateway, RS485 to JSON, etc. The module features RS485 and Ethernet port(POE function is optional), uses screw terminals for power input. Rail-mount case design, small in size, easy to install. It is suitable for applications like data acquisition, IoT gateway, safety &amp; security IoT, and intelligent instrument monitoring&#8230;<\/p>\n<\/div>\n<\/div>\n<div>\n<h3 class=\"richTitle\">Specifications<\/h3>\n<table class=\"tabSty-2 mgnTB subBlock alignl\">\n<tbody>\n<tr>\n<th>PRODUCT<\/th>\n<th>RS485 TO ETH (B)<\/th>\n<th>RS485 TO POE ETH (B)<\/th>\n<\/tr>\n<tr>\n<td><strong>Product Type<\/strong><\/td>\n<td colspan=\"2\">Serial server, Modbus Gateway, MQTT Gateway<\/td>\n<\/tr>\n<tr>\n<td><strong>Basic Function<\/strong><\/td>\n<td colspan=\"2\">Bi-directional transparent data transmission between RS485 and Ethernet<\/td>\n<\/tr>\n<tr>\n<td><strong>Communication interface<\/strong><\/td>\n<td colspan=\"2\">RS485 port x 1, Ethernet port x 1<\/td>\n<\/tr>\n<tr>\n<td><strong>Power supply<\/strong><\/td>\n<td>9 ~ 24V DC screw terminal<\/td>\n<td>6 ~ 36V DC screw terminal, or PoE port<\/td>\n<\/tr>\n<tr>\n<td><strong>Isolation Protection<\/strong><\/td>\n<td>N\/C<\/td>\n<td>Power isolation, Signal isolation<\/td>\n<\/tr>\n<tr>\n<th colspan=\"3\"><strong>COMMUNICATION<\/strong><\/th>\n<\/tr>\n<tr>\n<td rowspan=\"2\"><strong>Ethernet<\/strong><\/td>\n<td>common network port<\/td>\n<td>PoE network port, support IEEE 802.3af standard<\/td>\n<\/tr>\n<tr>\n<td colspan=\"2\">10 \/ 100M auto-negotiation RJ45 connector, 2 KV surge protection<\/td>\n<\/tr>\n<tr>\n<td><strong>Serial port<\/strong><\/td>\n<td>RS485<\/td>\n<td>Isolated RS485<\/td>\n<\/tr>\n<tr>\n<th colspan=\"3\"><strong>SERIAL SPECIFICATION<\/strong><\/th>\n<\/tr>\n<tr>\n<td><strong>Baudrate<\/strong><\/td>\n<td colspan=\"2\">300 ~ 115200 bps<\/td>\n<\/tr>\n<tr>\n<td><strong>Parity bit<\/strong><\/td>\n<td colspan=\"2\">none, odd, even, mark, space<\/td>\n<\/tr>\n<tr>\n<td><strong>Data bit<\/strong><\/td>\n<td colspan=\"2\">5 ~ 9 bits<\/td>\n<\/tr>\n<tr>\n<td><strong>Flow control<\/strong><\/td>\n<td colspan=\"2\">N\/A<\/td>\n<\/tr>\n<tr>\n<th colspan=\"3\"><strong>SOFTWARE<\/strong><\/th>\n<\/tr>\n<tr>\n<td><strong>Protocol<\/strong><\/td>\n<td colspan=\"2\">ETHERNET, IP, TCP, UDP, HTTP, ARP, ICMP, DHCP, DNS<\/td>\n<\/tr>\n<tr>\n<td><strong>Configuration<\/strong><\/td>\n<td colspan=\"2\">host, web browser, device management functions library<\/td>\n<\/tr>\n<tr>\n<td><strong>Communication method<\/strong><\/td>\n<td colspan=\"2\">TCP\/IP direct communication, VCOM<\/td>\n<\/tr>\n<tr>\n<td><strong>Operating mode<\/strong><\/td>\n<td colspan=\"2\">TCP server, TCP client (coexisting with TCP server), UDP, UDP multicast<\/td>\n<\/tr>\n<tr>\n<th colspan=\"3\"><strong>ENVIRONMENT REQUIREMENT<\/strong><\/th>\n<\/tr>\n<tr>\n<td><strong>Operating temperature<\/strong><\/td>\n<td colspan=\"2\">-40\u2103 ~ 85\u2103<\/td>\n<\/tr>\n<tr>\n<td><strong>Storage temperature<\/strong><\/td>\n<td colspan=\"2\">-40\u2103 ~ 100\u2103<\/td>\n<\/tr>\n<tr>\n<td><strong>Humidity range<\/strong><\/td>\n<td colspan=\"2\">5% ~ 95% relative humidity<\/td>\n<\/tr>\n<tr>\n<td><strong>Dimensions<\/strong><\/td>\n<td colspan=\"2\">L \u00d7 W \u00d7 H: 87 \u00d7 36 \u00d7 59 mm<\/td>\n<\/tr>\n<\/tbody>\n<\/table>\n<\/div>\n<div class=\"pdT\">\n<h3 class=\"richTitle\">Primary Function<\/h3>\n<p class=\"richDesc\">Bi-Directional Transparent Data Transmission Between RS485 And Ethernet<\/p>\n<p><img decoding=\"async\" src=\"https:\/\/www.waveshare.com\/img\/devkit\/accBoard\/RS485-TO-POE-ETH-B\/RS485-TO-POE-ETH-B-details-3.jpg\" \/><\/p>\n<\/div>\n<div class=\"pdT\">\n<h3><\/h3>\n<h3 class=\"richTitle\">Rail-Mount Support<\/h3>\n<p class=\"richDesc\">Easy To Combine Multi Rail-Mounted Serial Server Together, More Freely<\/p>\n<p><img decoding=\"async\" src=\"https:\/\/www.waveshare.com\/img\/devkit\/accBoard\/RS485-TO-POE-ETH-B\/RS485-TO-POE-ETH-B-details-5.jpg\" \/><\/p>\n<\/div>\n<div class=\"pdT\">\n<h3><\/h3>\n<h3 class=\"richTitle\">Modbus Gateway Support<\/h3>\n<p class=\"richDesc\">Suitable For Modbus Gridding Upgrade, Can Be Used With 3D Configuration Software<\/p>\n<p><img decoding=\"async\" src=\"https:\/\/www.waveshare.com\/img\/devkit\/accBoard\/RS485-TO-POE-ETH-B\/RS485-TO-POE-ETH-B-details-7.jpg\" \/><\/p>\n<\/div>\n<div class=\"pdT\">\n<h3><\/h3>\n<h3 class=\"richTitle\">Multi Communication Modes<\/h3>\n<p class=\"richDesc\">Supports TCP Server \/ TCP Client \/ UDP Mode \/ UDP Multicast<\/p>\n<p><img decoding=\"async\" src=\"https:\/\/www.waveshare.com\/img\/devkit\/accBoard\/RS485-TO-ETH-B\/RS485-TO-ETH-B-details-9.jpg\" \/>\u00a0<img decoding=\"async\" src=\"https:\/\/www.waveshare.com\/img\/devkit\/accBoard\/RS485-TO-ETH-B\/RS485-TO-ETH-B-details-11.jpg\" \/><\/p>\n<\/div>\n<div>\n<h3><\/h3>\n<h3 class=\"richTitle\">MQTT\/JSON To Modbus<\/h3>\n<p class=\"richDesc\">More Flexible Conversion Between Different Protocols<\/p>\n<p><img decoding=\"async\" src=\"https:\/\/www.waveshare.com\/img\/devkit\/accBoard\/RS485-TO-ETH-B\/RS485-TO-ETH-B-details-13.jpg\" \/><\/p>\n<div class=\"alignl subBlock pdTRBL2\">\n<p>When used as MQTT gateway, the devices can upload serial data to MQTT server by MQTT protocol through transparent transmission, supported servers including Baidu Cloud MQTT, Alibaba Cloud MQTT, China Mobile OneNet, etc. The acquired Modbus RTU or non-standard serial data can be parsed into JSON format and packaged into MQTTdata packet for uploading.<\/p>\n<p>When used as JSON data acquisition gateway, the devices can be connected to data acquisition instruments through RS485 connection, then acquire data automatically, convert the data into JSON format, and finally post it to server. The acquired data supports Modbus RTU 645 instrument 97 version, 645 instrument 07 version, as well as sorts of non-standard RS485 protocols. The uploaded data format can be configured via host, and the JSON upload protocol can be MQTT protocol, HTTP POST protocol, HTTP GET protocol, and so on.<\/p>\n<\/div>\n<\/div>\n<div class=\"pdT\">\n<h3 class=\"richTitle\">Multi Hosts Roll-Polling Support<\/h3>\n<p class=\"richDesc\">Different Network Devices Will Be Identified And Responsed Respectively,<br \/>\nNo More Crosstalk Issue While Communicating With Multi Network Devices<\/p>\n<p><img decoding=\"async\" src=\"https:\/\/www.waveshare.com\/img\/devkit\/accBoard\/RS485-TO-ETH-B\/RS485-TO-ETH-B-details-15.jpg\" \/><\/p>\n<\/div>\n<div class=\"pdT\">\n<h3><\/h3>\n<h3 class=\"richTitle\">User-Defined Heartbeat\/Registration Packet<\/h3>\n<p class=\"richDesc\">Easy For Cloud Communication And Device Identification<\/p>\n<p><img decoding=\"async\" src=\"https:\/\/www.waveshare.com\/img\/devkit\/accBoard\/RS485-TO-POE-ETH-B\/RS485-TO-POE-ETH-B-details-17.jpg\" \/><\/p>\n<\/div>\n<div class=\"pdT\">\n<h3><\/h3>\n<h3 class=\"richTitle\">NTP Protocol Support<\/h3>\n<p class=\"richDesc\">Getting Network Time Info For Serial Output Or Data Upload<\/p>\n<p><img decoding=\"async\" src=\"https:\/\/www.waveshare.com\/img\/devkit\/accBoard\/RS485-TO-ETH-B\/RS485-TO-ETH-B-details-19.jpg\" \/><\/p>\n<\/div>\n<div class=\"pdT\">\n<h3><\/h3>\n<h3 class=\"richTitle\">Multi Configuration Methods<\/h3>\n<p class=\"richDesc\">Supports Web Browser Configuration, Obtaining Dynamic IP Via DHCP,<br \/>\nDNS Protocol Connected Domain Server Address<\/p>\n<p><img decoding=\"async\" src=\"https:\/\/www.waveshare.com\/img\/devkit\/accBoard\/RS485-TO-ETH-B\/RS485-TO-ETH-B-details-21.jpg\" \/><\/p>\n<\/div>\n<div>\n<h3><\/h3>\n<h3 class=\"richTitle\">Interface Introduction<\/h3>\n<p><img decoding=\"async\" src=\"https:\/\/www.waveshare.com\/img\/devkit\/accBoard\/RS485-TO-POE-ETH-B\/RS485-TO-POE-ETH-B-details-23.jpg\" \/><\/p>\n<div class=\"msg msg_warning\">* for the power supply range, please refer to the label of the corresponding version.<\/div>\n<div><\/div>\n<\/div>\n<div>\n<h3 class=\"richTitle\">Outline Dimensions<\/h3>\n<p><img decoding=\"async\" src=\"https:\/\/www.waveshare.com\/img\/devkit\/accBoard\/RS485-TO-POE-ETH-B\/RS485-TO-POE-ETH-B-details-size.jpg\" \/><\/p>\n<\/div>\n<div><\/div>\n<h3><strong>Wiki: <\/strong><a href=\"https:\/\/www.waveshare.com\/wiki\/RS485_TO_POE_ETH_(B)\" target=\"_blank\" rel=\"noopener\">www.waveshare.com\/wiki\/RS485_TO_POE_ETH_(B)<\/a><\/h3>\n","protected":false},"excerpt":{"rendered":"<p>Teollinen sarjapalvelin, RS485-RJ45 Ethernet, TCP\/IP-sarja, kiskoliitostuki, POE-toiminnolla.<\/p>\n","protected":false},"featured_media":220087,"comment_status":"open","ping_status":"closed","template":"","meta":[],"product_brand":[],"product_cat":[729],"product_tag":[],"class_list":{"0":"post-220082","1":"product","2":"type-product","3":"status-publish","4":"has-post-thumbnail","6":"product_cat-teollinen-raspberry-pi-fi","8":"first","9":"outofstock","10":"taxable","11":"shipping-taxable","12":"purchasable","13":"product-type-simple"},"composite_virtual":false,"composite_layout":"","composite_add_to_cart_form_location":"","composite_editable_in_cart":false,"composite_sold_individually_context":"","composite_shop_price_calc":"","composite_components":[],"composite_scenarios":[],"bundled_by":[],"bundle_stock_status":"outofstock","bundle_stock_quantity":0,"bundle_virtual":false,"bundle_layout":"","bundle_add_to_cart_form_location":"","bundle_editable_in_cart":false,"bundle_sold_individually_context":"","bundle_item_grouping":"","bundle_min_size":"","bundle_max_size":"","bundle_price":[],"bundled_items":[],"bundle_sell_ids":[],"yoast_head":"<!-- This site is optimized with the Yoast SEO plugin v27.1.1 - https:\/\/yoast.com\/product\/yoast-seo-wordpress\/ -->\n<title>RS485 til RJ45 Ethernet PoE Module \u2022 RaspberryPi.dk<\/title>\n<meta name=\"robots\" content=\"index, follow, max-snippet:-1, max-image-preview:large, max-video-preview:-1\" \/>\n<link rel=\"canonical\" href=\"https:\/\/raspberrypi.dk\/fi\/tuote\/rs485-til-rj45-ethernet-poe-module\/\" \/>\n<meta property=\"og:locale\" content=\"fi_FI\" \/>\n<meta property=\"og:type\" content=\"article\" \/>\n<meta property=\"og:title\" content=\"RS485 til RJ45 Ethernet PoE Module \u2022 RaspberryPi.dk\" \/>\n<meta property=\"og:description\" content=\"Teollinen sarjapalvelin, RS485-RJ45 Ethernet, TCP\/IP-sarja, kiskoliitostuki, POE-toiminnolla.\" \/>\n<meta property=\"og:url\" content=\"https:\/\/raspberrypi.dk\/fi\/tuote\/rs485-til-rj45-ethernet-poe-module\/\" \/>\n<meta property=\"og:site_name\" content=\"RaspberryPi.dk\" \/>\n<meta property=\"article:publisher\" content=\"https:\/\/facebook.com\/RaspberryPiDanmark\" \/>\n<meta property=\"article:modified_time\" content=\"2026-02-13T16:22:59+00:00\" \/>\n<meta property=\"og:image\" content=\"https:\/\/raspberrypi.dk\/wp-content\/uploads\/2023\/05\/rs485-to-poe-eth-b-1.jpg\" \/>\n\t<meta property=\"og:image:width\" content=\"800\" \/>\n\t<meta property=\"og:image:height\" content=\"800\" \/>\n\t<meta property=\"og:image:type\" content=\"image\/jpeg\" \/>\n<meta name=\"twitter:card\" content=\"summary_large_image\" \/>\n<meta name=\"twitter:site\" content=\"@raspberrypidk\" \/>\n<meta name=\"twitter:label1\" content=\"Arvioitu lukuaika\" \/>\n\t<meta name=\"twitter:data1\" content=\"7 minuuttia\" \/>\n<script type=\"application\/ld+json\" class=\"yoast-schema-graph\">{\"@context\":\"https:\/\/schema.org\",\"@graph\":[{\"@type\":\"WebPage\",\"@id\":\"https:\/\/raspberrypi.dk\/fi\/tuote\/rs485-til-rj45-ethernet-poe-module\/\",\"url\":\"https:\/\/raspberrypi.dk\/fi\/tuote\/rs485-til-rj45-ethernet-poe-module\/\",\"name\":\"RS485 til RJ45 Ethernet PoE Module \u2022 RaspberryPi.dk\",\"isPartOf\":{\"@id\":\"https:\/\/raspberrypi.dk\/fi\/#website\"},\"primaryImageOfPage\":{\"@id\":\"https:\/\/raspberrypi.dk\/fi\/tuote\/rs485-til-rj45-ethernet-poe-module\/#primaryimage\"},\"image\":{\"@id\":\"https:\/\/raspberrypi.dk\/fi\/tuote\/rs485-til-rj45-ethernet-poe-module\/#primaryimage\"},\"thumbnailUrl\":\"https:\/\/raspberrypi.dk\/wp-content\/uploads\/2023\/05\/rs485-to-poe-eth-b-1.jpg\",\"datePublished\":\"2023-05-03T17:20:04+00:00\",\"dateModified\":\"2026-02-13T16:22:59+00:00\",\"breadcrumb\":{\"@id\":\"https:\/\/raspberrypi.dk\/fi\/tuote\/rs485-til-rj45-ethernet-poe-module\/#breadcrumb\"},\"inLanguage\":\"fi\",\"potentialAction\":[{\"@type\":\"ReadAction\",\"target\":[\"https:\/\/raspberrypi.dk\/fi\/tuote\/rs485-til-rj45-ethernet-poe-module\/\"]}]},{\"@type\":\"ImageObject\",\"inLanguage\":\"fi\",\"@id\":\"https:\/\/raspberrypi.dk\/fi\/tuote\/rs485-til-rj45-ethernet-poe-module\/#primaryimage\",\"url\":\"https:\/\/raspberrypi.dk\/wp-content\/uploads\/2023\/05\/rs485-to-poe-eth-b-1.jpg\",\"contentUrl\":\"https:\/\/raspberrypi.dk\/wp-content\/uploads\/2023\/05\/rs485-to-poe-eth-b-1.jpg\",\"width\":800,\"height\":800,\"caption\":\"RS485 til RJ45 Ethernet\"},{\"@type\":\"BreadcrumbList\",\"@id\":\"https:\/\/raspberrypi.dk\/fi\/tuote\/rs485-til-rj45-ethernet-poe-module\/#breadcrumb\",\"itemListElement\":[{\"@type\":\"ListItem\",\"position\":1,\"name\":\"Hjem\",\"item\":\"https:\/\/raspberrypi.dk\/fi\/raspberry-pi-verkkokauppa\/\"},{\"@type\":\"ListItem\",\"position\":2,\"name\":\"Shop\",\"item\":\"https:\/\/raspberrypi.dk\/fi\/shop-2\/\"},{\"@type\":\"ListItem\",\"position\":3,\"name\":\"RS485 til RJ45 Ethernet PoE Module\"}]},{\"@type\":\"WebSite\",\"@id\":\"https:\/\/raspberrypi.dk\/fi\/#website\",\"url\":\"https:\/\/raspberrypi.dk\/fi\/\",\"name\":\"RaspberryPi.dk\",\"description\":\"Danmarks f\u00f8rende Raspberry Pi side!\",\"publisher\":{\"@id\":\"https:\/\/raspberrypi.dk\/fi\/#organization\"},\"potentialAction\":[{\"@type\":\"SearchAction\",\"target\":{\"@type\":\"EntryPoint\",\"urlTemplate\":\"https:\/\/raspberrypi.dk\/fi\/?s={search_term_string}\"},\"query-input\":{\"@type\":\"PropertyValueSpecification\",\"valueRequired\":true,\"valueName\":\"search_term_string\"}}],\"inLanguage\":\"fi\"},{\"@type\":\"Organization\",\"@id\":\"https:\/\/raspberrypi.dk\/fi\/#organization\",\"name\":\"RaspberryPi.dk\",\"url\":\"https:\/\/raspberrypi.dk\/fi\/\",\"logo\":{\"@type\":\"ImageObject\",\"inLanguage\":\"fi\",\"@id\":\"https:\/\/raspberrypi.dk\/fi\/#\/schema\/logo\/image\/\",\"url\":\"https:\/\/raspberrypi.dk\/wp-content\/uploads\/2017\/05\/RaspberryPidk_logo-2.png\",\"contentUrl\":\"https:\/\/raspberrypi.dk\/wp-content\/uploads\/2017\/05\/RaspberryPidk_logo-2.png\",\"width\":470,\"height\":110,\"caption\":\"RaspberryPi.dk\"},\"image\":{\"@id\":\"https:\/\/raspberrypi.dk\/fi\/#\/schema\/logo\/image\/\"},\"sameAs\":[\"https:\/\/facebook.com\/RaspberryPiDanmark\",\"https:\/\/x.com\/raspberrypidk\",\"https:\/\/instagram.com\/raspberrypi.dk\"]}]}<\/script>\n<!-- \/ Yoast SEO plugin. -->","yoast_head_json":{"title":"RS485 til RJ45 Ethernet PoE Module \u2022 RaspberryPi.dk","robots":{"index":"index","follow":"follow","max-snippet":"max-snippet:-1","max-image-preview":"max-image-preview:large","max-video-preview":"max-video-preview:-1"},"canonical":"https:\/\/raspberrypi.dk\/fi\/tuote\/rs485-til-rj45-ethernet-poe-module\/","og_locale":"fi_FI","og_type":"article","og_title":"RS485 til RJ45 Ethernet PoE Module \u2022 RaspberryPi.dk","og_description":"Teollinen sarjapalvelin, RS485-RJ45 Ethernet, TCP\/IP-sarja, kiskoliitostuki, POE-toiminnolla.","og_url":"https:\/\/raspberrypi.dk\/fi\/tuote\/rs485-til-rj45-ethernet-poe-module\/","og_site_name":"RaspberryPi.dk","article_publisher":"https:\/\/facebook.com\/RaspberryPiDanmark","article_modified_time":"2026-02-13T16:22:59+00:00","og_image":[{"width":800,"height":800,"url":"https:\/\/raspberrypi.dk\/wp-content\/uploads\/2023\/05\/rs485-to-poe-eth-b-1.jpg","type":"image\/jpeg"}],"twitter_card":"summary_large_image","twitter_site":"@raspberrypidk","twitter_misc":{"Arvioitu lukuaika":"7 minuuttia"},"schema":{"@context":"https:\/\/schema.org","@graph":[{"@type":"WebPage","@id":"https:\/\/raspberrypi.dk\/fi\/tuote\/rs485-til-rj45-ethernet-poe-module\/","url":"https:\/\/raspberrypi.dk\/fi\/tuote\/rs485-til-rj45-ethernet-poe-module\/","name":"RS485 til RJ45 Ethernet PoE Module \u2022 RaspberryPi.dk","isPartOf":{"@id":"https:\/\/raspberrypi.dk\/fi\/#website"},"primaryImageOfPage":{"@id":"https:\/\/raspberrypi.dk\/fi\/tuote\/rs485-til-rj45-ethernet-poe-module\/#primaryimage"},"image":{"@id":"https:\/\/raspberrypi.dk\/fi\/tuote\/rs485-til-rj45-ethernet-poe-module\/#primaryimage"},"thumbnailUrl":"https:\/\/raspberrypi.dk\/wp-content\/uploads\/2023\/05\/rs485-to-poe-eth-b-1.jpg","datePublished":"2023-05-03T17:20:04+00:00","dateModified":"2026-02-13T16:22:59+00:00","breadcrumb":{"@id":"https:\/\/raspberrypi.dk\/fi\/tuote\/rs485-til-rj45-ethernet-poe-module\/#breadcrumb"},"inLanguage":"fi","potentialAction":[{"@type":"ReadAction","target":["https:\/\/raspberrypi.dk\/fi\/tuote\/rs485-til-rj45-ethernet-poe-module\/"]}]},{"@type":"ImageObject","inLanguage":"fi","@id":"https:\/\/raspberrypi.dk\/fi\/tuote\/rs485-til-rj45-ethernet-poe-module\/#primaryimage","url":"https:\/\/raspberrypi.dk\/wp-content\/uploads\/2023\/05\/rs485-to-poe-eth-b-1.jpg","contentUrl":"https:\/\/raspberrypi.dk\/wp-content\/uploads\/2023\/05\/rs485-to-poe-eth-b-1.jpg","width":800,"height":800,"caption":"RS485 til RJ45 Ethernet"},{"@type":"BreadcrumbList","@id":"https:\/\/raspberrypi.dk\/fi\/tuote\/rs485-til-rj45-ethernet-poe-module\/#breadcrumb","itemListElement":[{"@type":"ListItem","position":1,"name":"Hjem","item":"https:\/\/raspberrypi.dk\/fi\/raspberry-pi-verkkokauppa\/"},{"@type":"ListItem","position":2,"name":"Shop","item":"https:\/\/raspberrypi.dk\/fi\/shop-2\/"},{"@type":"ListItem","position":3,"name":"RS485 til RJ45 Ethernet PoE Module"}]},{"@type":"WebSite","@id":"https:\/\/raspberrypi.dk\/fi\/#website","url":"https:\/\/raspberrypi.dk\/fi\/","name":"RaspberryPi.dk","description":"Danmarks f\u00f8rende Raspberry Pi side!","publisher":{"@id":"https:\/\/raspberrypi.dk\/fi\/#organization"},"potentialAction":[{"@type":"SearchAction","target":{"@type":"EntryPoint","urlTemplate":"https:\/\/raspberrypi.dk\/fi\/?s={search_term_string}"},"query-input":{"@type":"PropertyValueSpecification","valueRequired":true,"valueName":"search_term_string"}}],"inLanguage":"fi"},{"@type":"Organization","@id":"https:\/\/raspberrypi.dk\/fi\/#organization","name":"RaspberryPi.dk","url":"https:\/\/raspberrypi.dk\/fi\/","logo":{"@type":"ImageObject","inLanguage":"fi","@id":"https:\/\/raspberrypi.dk\/fi\/#\/schema\/logo\/image\/","url":"https:\/\/raspberrypi.dk\/wp-content\/uploads\/2017\/05\/RaspberryPidk_logo-2.png","contentUrl":"https:\/\/raspberrypi.dk\/wp-content\/uploads\/2017\/05\/RaspberryPidk_logo-2.png","width":470,"height":110,"caption":"RaspberryPi.dk"},"image":{"@id":"https:\/\/raspberrypi.dk\/fi\/#\/schema\/logo\/image\/"},"sameAs":["https:\/\/facebook.com\/RaspberryPiDanmark","https:\/\/x.com\/raspberrypidk","https:\/\/instagram.com\/raspberrypi.dk"]}]}},"_links":{"self":[{"href":"https:\/\/raspberrypi.dk\/fi\/wp-json\/wp\/v2\/product\/220082","targetHints":{"allow":["GET"]}}],"collection":[{"href":"https:\/\/raspberrypi.dk\/fi\/wp-json\/wp\/v2\/product"}],"about":[{"href":"https:\/\/raspberrypi.dk\/fi\/wp-json\/wp\/v2\/types\/product"}],"replies":[{"embeddable":true,"href":"https:\/\/raspberrypi.dk\/fi\/wp-json\/wp\/v2\/comments?post=220082"}],"wp:featuredmedia":[{"embeddable":true,"href":"https:\/\/raspberrypi.dk\/fi\/wp-json\/wp\/v2\/media\/220087"}],"wp:attachment":[{"href":"https:\/\/raspberrypi.dk\/fi\/wp-json\/wp\/v2\/media?parent=220082"}],"wp:term":[{"taxonomy":"product_brand","embeddable":true,"href":"https:\/\/raspberrypi.dk\/fi\/wp-json\/wp\/v2\/product_brand?post=220082"},{"taxonomy":"product_cat","embeddable":true,"href":"https:\/\/raspberrypi.dk\/fi\/wp-json\/wp\/v2\/product_cat?post=220082"},{"taxonomy":"product_tag","embeddable":true,"href":"https:\/\/raspberrypi.dk\/fi\/wp-json\/wp\/v2\/product_tag?post=220082"}],"curies":[{"name":"wp","href":"https:\/\/api.w.org\/{rel}","templated":true}]}}