{"id":220150,"date":"2023-05-03T19:02:23","date_gmt":"2023-05-03T17:02:23","guid":{"rendered":"https:\/\/raspberrypi.dk\/produkt\/2-kanal-isoleret-rs232-hat-til-raspberry-pi\/"},"modified":"2024-04-04T15:33:48","modified_gmt":"2024-04-04T13:33:48","slug":"2-kanal-isoleret-rs232-hat-til-raspberry-pi","status":"publish","type":"product","link":"https:\/\/raspberrypi.dk\/fi\/tuote\/2-kanal-isoleret-rs232-hat-til-raspberry-pi\/","title":{"rendered":"2-Kanal Isoleret RS232 HAT for Raspberry Pi"},"content":{"rendered":"<h3>In the box<\/h3>\n<ol>\n<li>2-CH RS232 HAT x1<\/li>\n<li>2x20PIN female pinheader x1<\/li>\n<li>RPi screws pack (2pcs) x1<\/li>\n<\/ol>\n<h3>2-Channel Isolated RS232 HAT\u00a0<span class=\"hilitBlock\">For Raspberry Pi<\/span><\/h3>\n<p class=\"hilitBlock2\">2-Ch RS232, SPI communication<\/p>\n<h4>Bulit-In Power Supply Isolation, ADI Magnetical Isolation, And TVS Diode, Etc.<\/h4>\n<p><img decoding=\"async\" src=\"https:\/\/www.waveshare.com\/img\/devkit\/accBoard\/2-CH-RS232-HAT\/2-CH-RS232-HAT-details-1.jpg\" \/><\/p>\n<div>\n<h3 class=\"richTitle\">Features At A Glance<\/h3>\n<div class=\"alignl bgGrey subBlock mgnTB\">\n<ul>\n<li>Standard Raspberry Pi 40PIN GPIO extension header, supports Raspberry Pi series boards<\/li>\n<li>Adopts SC16IS752+SP3232 dual chip combination, converts SPI to RS232, data rate up to 921600bps<\/li>\n<li>Onboard TVS (Transient Voltage Suppressor), effectively suppress surge voltage and transient spike voltage in the circuit, lightningproof &amp; anti-electrostatic<\/li>\n<li>Onboard LEDs for indicating the power and transceiver status<\/li>\n<li>Breakout SPI control pins, for connecting with host control boards like Arduino<\/li>\n<li>Comes with online development resources and manual (examples in C and Python)<\/li>\n<\/ul>\n<\/div>\n<\/div>\n<div>\n<h3 class=\"richTitle\">Specifications<\/h3>\n<table class=\"tabSty-2 mgnTB alignl subBlock\">\n<tbody>\n<tr>\n<th>UART EXPANSION CHIP<\/th>\n<td>SC16IS752<\/td>\n<\/tr>\n<tr>\n<th>RS232 TRANSCEIVER<\/th>\n<td>SP3232<\/td>\n<\/tr>\n<tr>\n<th>COMMUNICATION INTERFACE<\/th>\n<td>SPI<\/td>\n<\/tr>\n<tr>\n<th>DATA RATE<\/th>\n<td>300 ~ 921600 bps<\/td>\n<\/tr>\n<tr>\n<th>OPERATING VOLTAGE<\/th>\n<td>3.3V \/ 5V<\/td>\n<\/tr>\n<tr>\n<th>DIMENSIONS<\/th>\n<td>65.0 \u00d7 56.5mm<\/td>\n<\/tr>\n<tr>\n<th>MOUNTING HOLE SIZE<\/th>\n<td>3.0mm<\/td>\n<\/tr>\n<\/tbody>\n<\/table>\n<\/div>\n<p>&nbsp;<\/p>\n<div>\n<h3 class=\"richTitle\">Connect To Raspberry Pi Series Boards<\/h3>\n<p class=\"richDesc\">Standard Raspberry Pi 40PIN GPIO Header, Customized For Raspberry Pi Series Boards<\/p>\n<p><img decoding=\"async\" class=\"mgnTB\" src=\"https:\/\/www.waveshare.com\/img\/devkit\/accBoard\/2-CH-RS232-HAT\/2-CH-RS232-HAT-details-3.jpg\" \/><\/p>\n<\/div>\n<div>\n<h3 class=\"richTitle\">Industrial Grade Isolated Protection<\/h3>\n<ul class=\"alignl pdTRBL2\">\n<li>Onboard unibody power supply isolation, provides stable isolated voltage, needs no extra power supply for the isolated terminal<\/li>\n<li>Onboard unibody digital isolation, allows signal isolation, high reliability, strong anti-interference, low power consumption<\/li>\n<\/ul>\n<p><img decoding=\"async\" src=\"https:\/\/www.waveshare.com\/img\/devkit\/accBoard\/2-CH-RS232-HAT\/2-CH-RS232-HAT-details-5.jpg\" \/><\/p>\n<\/div>\n<div>\n<h3 class=\"richTitle\">Supports 2-Ch RS232<\/h3>\n<p class=\"richDesc\">Using SC16IS752 UART Expansion Chip With SP3232 Transceiver<\/p>\n<p><img decoding=\"async\" src=\"https:\/\/www.waveshare.com\/img\/devkit\/accBoard\/2-CH-RS232-HAT\/2-CH-RS232-HAT-details-7.jpg\" \/><\/p>\n<\/div>\n<div>\n<h3 class=\"richTitle\">What&#8217;s On Board<\/h3>\n<p><img decoding=\"async\" class=\"mgnTB\" src=\"https:\/\/www.waveshare.com\/img\/devkit\/accBoard\/2-CH-RS232-HAT\/2-CH-RS232-HAT-details-intro.jpg\" \/><\/p>\n<div class=\"richGridWrap richGridWrap-valignTop richGridWrap-2c alignl subBlock bgGrey\">\n<div>\n<ol>\n<li><strong>SC16IS752<\/strong><br \/>\nUART expansion chip<\/li>\n<li><strong>SP3232<\/strong><br \/>\nRS232 transceiver<\/li>\n<li><strong>ADUM1412<\/strong><br \/>\ndigital isolator<\/li>\n<li><strong>B0505LS<\/strong><br \/>\npower supply isolation module<\/li>\n<li><strong>RT9193-33<\/strong><br \/>\npower chip<\/li>\n<li><strong>Raspberry Pi GPIO header<\/strong><br \/>\nfor connecting Raspberry Pi<\/li>\n<\/ol>\n<\/div>\n<div>\n<ol start=\"7\">\n<li><strong>MCU control header<\/strong><br \/>\nfor connecting host control boards like Arduino<\/li>\n<li><strong>RS232 connector<\/strong><br \/>\n2 channels RS232 interface (RS232 9PIN male)<\/li>\n<li><strong>Transient suppress diode array<\/strong><\/li>\n<li><strong>ESD protection two-way diode<\/strong><\/li>\n<li><strong>Serial port status indicators<\/strong><br \/>\nRXD1\/TXD1: channel 1 transceiving indicator<br \/>\nRXD2\/TXD2: channel 2 transceiving indicator<\/li>\n<li><strong>Power indicator<\/strong><\/li>\n<li><strong>Interrupt pin switch<\/strong><br \/>\nThe interrupt pin IRQ is connected to P5 (BCM P24) by default, changeable via 0R resistor<\/li>\n<\/ol>\n<\/div>\n<\/div>\n<\/div>\n<p>&nbsp;<\/p>\n<div>\n<h3 class=\"richTitle\">Pin Definition<\/h3>\n<p><img decoding=\"async\" src=\"https:\/\/www.waveshare.com\/img\/devkit\/accBoard\/2-CH-RS232-HAT\/2-CH-RS232-HAT-details-inter.jpg\" \/><\/p>\n<\/div>\n<p>&nbsp;<\/p>\n<div class=\"shdwImg\">\n<h3 class=\"richTitle\">Product Show<\/h3>\n<div><\/div>\n<p><img decoding=\"async\" class=\"round1234\" src=\"https:\/\/www.waveshare.com\/img\/devkit\/accBoard\/2-CH-RS232-HAT\/2-CH-RS232-HAT-details-9.jpg\" \/><\/p>\n<div><\/div>\n<p><img decoding=\"async\" class=\"round1234\" src=\"https:\/\/www.waveshare.com\/img\/devkit\/accBoard\/2-CH-RS232-HAT\/2-CH-RS232-HAT-details-11.jpg\" \/><\/p>\n<div><\/div>\n<\/div>\n<div>\n<h3 class=\"richTitle\">Outline Dimensions<\/h3>\n<p><img decoding=\"async\" src=\"https:\/\/www.waveshare.com\/img\/devkit\/accBoard\/2-CH-RS232-HAT\/2-CH-RS232-HAT-details-size.jpg\" \/><\/p>\n<\/div>\n<div><\/div>\n<div>\n<div class=\"bgGrey\">\n<h4><strong>WIKI:\u00a0<\/strong><a href=\"http:\/\/www.waveshare.com\/wiki\/2-CH_RS232_HAT\" target=\"_blank\" rel=\"noopener\">www.waveshare.com\/wiki\/2-CH_RS232_HAT<\/a><\/h4>\n<\/div>\n<\/div>\n","protected":false},"excerpt":{"rendered":"<p>2-kanavainen eristetty RS232-laajennushattu Raspberry Pi, SC16IS752+SP3232-ratkaisulle, useilla sis\u00e4\u00e4nrakennetuilla suojapiireill\u00e4<\/p>\n","protected":false},"featured_media":220155,"comment_status":"open","ping_status":"closed","template":"","meta":[],"product_brand":[],"product_cat":[732],"product_tag":[719,718],"class_list":{"0":"post-220150","1":"product","2":"type-product","3":"status-publish","4":"has-post-thumbnail","6":"product_cat-hats-gpio","7":"product_tag-rpi4-fi","8":"product_tag-rpi5-fi","10":"first","11":"instock","12":"taxable","13":"shipping-taxable","14":"purchasable","15":"product-type-simple"},"composite_virtual":false,"composite_layout":"","composite_add_to_cart_form_location":"","composite_editable_in_cart":false,"composite_sold_individually_context":"","composite_shop_price_calc":"","composite_components":[],"composite_scenarios":[],"bundled_by":[],"bundle_stock_status":"instock","bundle_stock_quantity":3,"bundle_virtual":false,"bundle_layout":"","bundle_add_to_cart_form_location":"","bundle_editable_in_cart":false,"bundle_sold_individually_context":"","bundle_item_grouping":"","bundle_min_size":"","bundle_max_size":"","bundle_price":[],"bundled_items":[],"bundle_sell_ids":[],"yoast_head":"<!-- This site is optimized with the Yoast SEO plugin v27.1.1 - https:\/\/yoast.com\/product\/yoast-seo-wordpress\/ -->\n<title>2-Kanal Isoleret RS232 HAT for Raspberry Pi \u2022 RaspberryPi.dk<\/title>\n<meta name=\"robots\" content=\"index, follow, max-snippet:-1, max-image-preview:large, max-video-preview:-1\" \/>\n<link rel=\"canonical\" href=\"https:\/\/raspberrypi.dk\/fi\/tuote\/2-kanal-isoleret-rs232-hat-til-raspberry-pi\/\" \/>\n<meta property=\"og:locale\" content=\"fi_FI\" \/>\n<meta property=\"og:type\" content=\"article\" \/>\n<meta property=\"og:title\" content=\"2-Kanal Isoleret RS232 HAT for Raspberry Pi \u2022 RaspberryPi.dk\" \/>\n<meta property=\"og:description\" content=\"2-kanavainen eristetty RS232-laajennushattu Raspberry Pi, SC16IS752+SP3232-ratkaisulle, useilla sis\u00e4\u00e4nrakennetuilla suojapiireill\u00e4\" \/>\n<meta property=\"og:url\" content=\"https:\/\/raspberrypi.dk\/fi\/tuote\/2-kanal-isoleret-rs232-hat-til-raspberry-pi\/\" \/>\n<meta property=\"og:site_name\" content=\"RaspberryPi.dk\" \/>\n<meta property=\"article:publisher\" content=\"https:\/\/facebook.com\/RaspberryPiDanmark\" \/>\n<meta property=\"article:modified_time\" content=\"2024-04-04T13:33:48+00:00\" \/>\n<meta property=\"og:image\" content=\"https:\/\/raspberrypi.dk\/wp-content\/uploads\/2023\/05\/2-ch-rs232-hat-1_1.jpg\" \/>\n\t<meta property=\"og:image:width\" content=\"800\" \/>\n\t<meta property=\"og:image:height\" content=\"800\" \/>\n\t<meta property=\"og:image:type\" content=\"image\/jpeg\" \/>\n<meta name=\"twitter:card\" content=\"summary_large_image\" \/>\n<meta name=\"twitter:site\" content=\"@raspberrypidk\" \/>\n<meta name=\"twitter:label1\" content=\"Arvioitu lukuaika\" \/>\n\t<meta name=\"twitter:data1\" content=\"4 minuuttia\" \/>\n<script type=\"application\/ld+json\" class=\"yoast-schema-graph\">{\"@context\":\"https:\/\/schema.org\",\"@graph\":[{\"@type\":\"WebPage\",\"@id\":\"https:\/\/raspberrypi.dk\/fi\/tuote\/2-kanal-isoleret-rs232-hat-til-raspberry-pi\/\",\"url\":\"https:\/\/raspberrypi.dk\/fi\/tuote\/2-kanal-isoleret-rs232-hat-til-raspberry-pi\/\",\"name\":\"2-Kanal Isoleret RS232 HAT for Raspberry Pi \u2022 RaspberryPi.dk\",\"isPartOf\":{\"@id\":\"https:\/\/raspberrypi.dk\/fi\/#website\"},\"primaryImageOfPage\":{\"@id\":\"https:\/\/raspberrypi.dk\/fi\/tuote\/2-kanal-isoleret-rs232-hat-til-raspberry-pi\/#primaryimage\"},\"image\":{\"@id\":\"https:\/\/raspberrypi.dk\/fi\/tuote\/2-kanal-isoleret-rs232-hat-til-raspberry-pi\/#primaryimage\"},\"thumbnailUrl\":\"https:\/\/raspberrypi.dk\/wp-content\/uploads\/2023\/05\/2-ch-rs232-hat-1_1.jpg\",\"datePublished\":\"2023-05-03T17:02:23+00:00\",\"dateModified\":\"2024-04-04T13:33:48+00:00\",\"breadcrumb\":{\"@id\":\"https:\/\/raspberrypi.dk\/fi\/tuote\/2-kanal-isoleret-rs232-hat-til-raspberry-pi\/#breadcrumb\"},\"inLanguage\":\"fi\",\"potentialAction\":[{\"@type\":\"ReadAction\",\"target\":[\"https:\/\/raspberrypi.dk\/fi\/tuote\/2-kanal-isoleret-rs232-hat-til-raspberry-pi\/\"]}]},{\"@type\":\"ImageObject\",\"inLanguage\":\"fi\",\"@id\":\"https:\/\/raspberrypi.dk\/fi\/tuote\/2-kanal-isoleret-rs232-hat-til-raspberry-pi\/#primaryimage\",\"url\":\"https:\/\/raspberrypi.dk\/wp-content\/uploads\/2023\/05\/2-ch-rs232-hat-1_1.jpg\",\"contentUrl\":\"https:\/\/raspberrypi.dk\/wp-content\/uploads\/2023\/05\/2-ch-rs232-hat-1_1.jpg\",\"width\":800,\"height\":800,\"caption\":\"2-Channel Isolated RS232 Expansion HAT Raspberry Pi\"},{\"@type\":\"BreadcrumbList\",\"@id\":\"https:\/\/raspberrypi.dk\/fi\/tuote\/2-kanal-isoleret-rs232-hat-til-raspberry-pi\/#breadcrumb\",\"itemListElement\":[{\"@type\":\"ListItem\",\"position\":1,\"name\":\"Hjem\",\"item\":\"https:\/\/raspberrypi.dk\/fi\/raspberry-pi-verkkokauppa\/\"},{\"@type\":\"ListItem\",\"position\":2,\"name\":\"Shop\",\"item\":\"https:\/\/raspberrypi.dk\/fi\/shop-2\/\"},{\"@type\":\"ListItem\",\"position\":3,\"name\":\"2-Kanal Isoleret RS232 HAT for Raspberry Pi\"}]},{\"@type\":\"WebSite\",\"@id\":\"https:\/\/raspberrypi.dk\/fi\/#website\",\"url\":\"https:\/\/raspberrypi.dk\/fi\/\",\"name\":\"RaspberryPi.dk\",\"description\":\"Danmarks f\u00f8rende Raspberry Pi side!\",\"publisher\":{\"@id\":\"https:\/\/raspberrypi.dk\/fi\/#organization\"},\"potentialAction\":[{\"@type\":\"SearchAction\",\"target\":{\"@type\":\"EntryPoint\",\"urlTemplate\":\"https:\/\/raspberrypi.dk\/fi\/?s={search_term_string}\"},\"query-input\":{\"@type\":\"PropertyValueSpecification\",\"valueRequired\":true,\"valueName\":\"search_term_string\"}}],\"inLanguage\":\"fi\"},{\"@type\":\"Organization\",\"@id\":\"https:\/\/raspberrypi.dk\/fi\/#organization\",\"name\":\"RaspberryPi.dk\",\"url\":\"https:\/\/raspberrypi.dk\/fi\/\",\"logo\":{\"@type\":\"ImageObject\",\"inLanguage\":\"fi\",\"@id\":\"https:\/\/raspberrypi.dk\/fi\/#\/schema\/logo\/image\/\",\"url\":\"https:\/\/raspberrypi.dk\/wp-content\/uploads\/2017\/05\/RaspberryPidk_logo-2.png\",\"contentUrl\":\"https:\/\/raspberrypi.dk\/wp-content\/uploads\/2017\/05\/RaspberryPidk_logo-2.png\",\"width\":470,\"height\":110,\"caption\":\"RaspberryPi.dk\"},\"image\":{\"@id\":\"https:\/\/raspberrypi.dk\/fi\/#\/schema\/logo\/image\/\"},\"sameAs\":[\"https:\/\/facebook.com\/RaspberryPiDanmark\",\"https:\/\/x.com\/raspberrypidk\",\"https:\/\/instagram.com\/raspberrypi.dk\"]}]}<\/script>\n<!-- \/ Yoast SEO plugin. -->","yoast_head_json":{"title":"2-Kanal Isoleret RS232 HAT for Raspberry Pi \u2022 RaspberryPi.dk","robots":{"index":"index","follow":"follow","max-snippet":"max-snippet:-1","max-image-preview":"max-image-preview:large","max-video-preview":"max-video-preview:-1"},"canonical":"https:\/\/raspberrypi.dk\/fi\/tuote\/2-kanal-isoleret-rs232-hat-til-raspberry-pi\/","og_locale":"fi_FI","og_type":"article","og_title":"2-Kanal Isoleret RS232 HAT for Raspberry Pi \u2022 RaspberryPi.dk","og_description":"2-kanavainen eristetty RS232-laajennushattu Raspberry Pi, SC16IS752+SP3232-ratkaisulle, useilla sis\u00e4\u00e4nrakennetuilla suojapiireill\u00e4","og_url":"https:\/\/raspberrypi.dk\/fi\/tuote\/2-kanal-isoleret-rs232-hat-til-raspberry-pi\/","og_site_name":"RaspberryPi.dk","article_publisher":"https:\/\/facebook.com\/RaspberryPiDanmark","article_modified_time":"2024-04-04T13:33:48+00:00","og_image":[{"width":800,"height":800,"url":"https:\/\/raspberrypi.dk\/wp-content\/uploads\/2023\/05\/2-ch-rs232-hat-1_1.jpg","type":"image\/jpeg"}],"twitter_card":"summary_large_image","twitter_site":"@raspberrypidk","twitter_misc":{"Arvioitu lukuaika":"4 minuuttia"},"schema":{"@context":"https:\/\/schema.org","@graph":[{"@type":"WebPage","@id":"https:\/\/raspberrypi.dk\/fi\/tuote\/2-kanal-isoleret-rs232-hat-til-raspberry-pi\/","url":"https:\/\/raspberrypi.dk\/fi\/tuote\/2-kanal-isoleret-rs232-hat-til-raspberry-pi\/","name":"2-Kanal Isoleret RS232 HAT for Raspberry Pi \u2022 RaspberryPi.dk","isPartOf":{"@id":"https:\/\/raspberrypi.dk\/fi\/#website"},"primaryImageOfPage":{"@id":"https:\/\/raspberrypi.dk\/fi\/tuote\/2-kanal-isoleret-rs232-hat-til-raspberry-pi\/#primaryimage"},"image":{"@id":"https:\/\/raspberrypi.dk\/fi\/tuote\/2-kanal-isoleret-rs232-hat-til-raspberry-pi\/#primaryimage"},"thumbnailUrl":"https:\/\/raspberrypi.dk\/wp-content\/uploads\/2023\/05\/2-ch-rs232-hat-1_1.jpg","datePublished":"2023-05-03T17:02:23+00:00","dateModified":"2024-04-04T13:33:48+00:00","breadcrumb":{"@id":"https:\/\/raspberrypi.dk\/fi\/tuote\/2-kanal-isoleret-rs232-hat-til-raspberry-pi\/#breadcrumb"},"inLanguage":"fi","potentialAction":[{"@type":"ReadAction","target":["https:\/\/raspberrypi.dk\/fi\/tuote\/2-kanal-isoleret-rs232-hat-til-raspberry-pi\/"]}]},{"@type":"ImageObject","inLanguage":"fi","@id":"https:\/\/raspberrypi.dk\/fi\/tuote\/2-kanal-isoleret-rs232-hat-til-raspberry-pi\/#primaryimage","url":"https:\/\/raspberrypi.dk\/wp-content\/uploads\/2023\/05\/2-ch-rs232-hat-1_1.jpg","contentUrl":"https:\/\/raspberrypi.dk\/wp-content\/uploads\/2023\/05\/2-ch-rs232-hat-1_1.jpg","width":800,"height":800,"caption":"2-Channel Isolated RS232 Expansion HAT Raspberry Pi"},{"@type":"BreadcrumbList","@id":"https:\/\/raspberrypi.dk\/fi\/tuote\/2-kanal-isoleret-rs232-hat-til-raspberry-pi\/#breadcrumb","itemListElement":[{"@type":"ListItem","position":1,"name":"Hjem","item":"https:\/\/raspberrypi.dk\/fi\/raspberry-pi-verkkokauppa\/"},{"@type":"ListItem","position":2,"name":"Shop","item":"https:\/\/raspberrypi.dk\/fi\/shop-2\/"},{"@type":"ListItem","position":3,"name":"2-Kanal Isoleret RS232 HAT for Raspberry Pi"}]},{"@type":"WebSite","@id":"https:\/\/raspberrypi.dk\/fi\/#website","url":"https:\/\/raspberrypi.dk\/fi\/","name":"RaspberryPi.dk","description":"Danmarks f\u00f8rende Raspberry Pi side!","publisher":{"@id":"https:\/\/raspberrypi.dk\/fi\/#organization"},"potentialAction":[{"@type":"SearchAction","target":{"@type":"EntryPoint","urlTemplate":"https:\/\/raspberrypi.dk\/fi\/?s={search_term_string}"},"query-input":{"@type":"PropertyValueSpecification","valueRequired":true,"valueName":"search_term_string"}}],"inLanguage":"fi"},{"@type":"Organization","@id":"https:\/\/raspberrypi.dk\/fi\/#organization","name":"RaspberryPi.dk","url":"https:\/\/raspberrypi.dk\/fi\/","logo":{"@type":"ImageObject","inLanguage":"fi","@id":"https:\/\/raspberrypi.dk\/fi\/#\/schema\/logo\/image\/","url":"https:\/\/raspberrypi.dk\/wp-content\/uploads\/2017\/05\/RaspberryPidk_logo-2.png","contentUrl":"https:\/\/raspberrypi.dk\/wp-content\/uploads\/2017\/05\/RaspberryPidk_logo-2.png","width":470,"height":110,"caption":"RaspberryPi.dk"},"image":{"@id":"https:\/\/raspberrypi.dk\/fi\/#\/schema\/logo\/image\/"},"sameAs":["https:\/\/facebook.com\/RaspberryPiDanmark","https:\/\/x.com\/raspberrypidk","https:\/\/instagram.com\/raspberrypi.dk"]}]}},"_links":{"self":[{"href":"https:\/\/raspberrypi.dk\/fi\/wp-json\/wp\/v2\/product\/220150","targetHints":{"allow":["GET"]}}],"collection":[{"href":"https:\/\/raspberrypi.dk\/fi\/wp-json\/wp\/v2\/product"}],"about":[{"href":"https:\/\/raspberrypi.dk\/fi\/wp-json\/wp\/v2\/types\/product"}],"replies":[{"embeddable":true,"href":"https:\/\/raspberrypi.dk\/fi\/wp-json\/wp\/v2\/comments?post=220150"}],"wp:featuredmedia":[{"embeddable":true,"href":"https:\/\/raspberrypi.dk\/fi\/wp-json\/wp\/v2\/media\/220155"}],"wp:attachment":[{"href":"https:\/\/raspberrypi.dk\/fi\/wp-json\/wp\/v2\/media?parent=220150"}],"wp:term":[{"taxonomy":"product_brand","embeddable":true,"href":"https:\/\/raspberrypi.dk\/fi\/wp-json\/wp\/v2\/product_brand?post=220150"},{"taxonomy":"product_cat","embeddable":true,"href":"https:\/\/raspberrypi.dk\/fi\/wp-json\/wp\/v2\/product_cat?post=220150"},{"taxonomy":"product_tag","embeddable":true,"href":"https:\/\/raspberrypi.dk\/fi\/wp-json\/wp\/v2\/product_tag?post=220150"}],"curies":[{"name":"wp","href":"https:\/\/api.w.org\/{rel}","templated":true}]}}