{"id":220200,"date":"2023-04-13T23:48:33","date_gmt":"2023-04-13T21:48:33","guid":{"rendered":"https:\/\/raspberrypi.dk\/produkt\/512gb-m-2-ssd-sata-600\/"},"modified":"2024-04-04T15:44:38","modified_gmt":"2024-04-04T13:44:38","slug":"512gb-m-2-ssd-sata-600","status":"publish","type":"product","link":"https:\/\/raspberrypi.dk\/fi\/tuote\/512gb-m-2-ssd-sata-600\/","title":{"rendered":"512GB M.2 SSD SATA-600"},"content":{"rendered":"<table class=\"table table-specs table-specsextended table-striped\">\n<tbody>\n<tr>\n<td class=\"header\">Laitetyyppi<\/td>\n<td class=\"value\">Solid state drive &#8211; intern<\/td>\n<\/tr>\n<tr>\n<td class=\"header\">Kapasiteetti<\/td>\n<td class=\"value\">512 GB<\/td>\n<\/tr>\n<tr>\n<td class=\"header\">Malli<\/td>\n<td class=\"value\">M.2 2280<\/td>\n<\/tr>\n<tr>\n<td class=\"header\">K\u00e4ytt\u00f6liittym\u00e4<\/td>\n<td class=\"value\">SATA 6Gb\/s<\/td>\n<\/tr>\n<tr>\n<td class=\"header\">Ominaisuudet<\/td>\n<td class=\"value\">Iskunkest\u00e4v\u00e4, TRIM support, S.M.A.R.T.<\/td>\n<\/tr>\n<tr>\n<td class=\"header\">Leveys<\/td>\n<td class=\"value\">22 mm<\/td>\n<\/tr>\n<tr>\n<td class=\"header\">Syvyys<\/td>\n<td class=\"value\">80 mm<\/td>\n<\/tr>\n<tr>\n<td class=\"header\">Korkeus<\/td>\n<td class=\"value\">4 mm<\/td>\n<\/tr>\n<tr>\n<td class=\"header\">Paino<\/td>\n<td class=\"value\">50 g<\/td>\n<\/tr>\n<tr>\n<th colspan=\"2\">Esitys<\/th>\n<\/tr>\n<tr>\n<td class=\"header\">Siirtonopeus, drev<\/td>\n<td class=\"value\">600 MBps (ulkoinen)<\/td>\n<\/tr>\n<tr>\n<td class=\"header\">Sis\u00e4inen tiedonsiirtonopeus<\/td>\n<td class=\"value\">520 MBps (lukea) \/ 300 MBps (kirjoittaa)<\/td>\n<\/tr>\n<tr>\n<td class=\"header\">4KB Random Read<\/td>\n<td class=\"value\">133120 IOPS<\/td>\n<\/tr>\n<tr>\n<td class=\"header\">4KB Random Write<\/td>\n<td class=\"value\">76800 IOPS<\/td>\n<\/tr>\n<tr>\n<th colspan=\"2\">Laajennus ja liitt\u00e4minen<\/th>\n<\/tr>\n<tr>\n<td class=\"header\">Interface<\/td>\n<td class=\"value\">1 x SATA 6 Gb\/s &#8211; M.2 Card<\/td>\n<\/tr>\n<tr>\n<td class=\"header\">Yhteensopiva koppi<\/td>\n<td class=\"value\">M.2 2280<\/td>\n<\/tr>\n<tr>\n<th colspan=\"2\">Ymp\u00e4rist\u00f6parametrit<\/th>\n<\/tr>\n<tr>\n<td class=\"header\">Iskunkest\u00e4vyys (toiminnallinen)<\/td>\n<td class=\"value\">1500 g @ 0,5 ms<\/td>\n<\/tr>\n<tr>\n<td class=\"header\">\u00c4\u00e4nen levi\u00e4minen<\/td>\n<td class=\"value\">0 dB<\/td>\n<\/tr>\n<\/tbody>\n<\/table>\n","protected":false},"excerpt":{"rendered":"<p>Intenso M.2 SSD 512 GB.<\/p>\n","protected":false},"featured_media":220201,"comment_status":"open","ping_status":"closed","template":"","meta":[],"product_brand":[],"product_cat":[727],"product_tag":[],"class_list":{"0":"post-220200","1":"product","2":"type-product","3":"status-publish","4":"has-post-thumbnail","6":"product_cat-tallennus-usb-ssd","8":"first","9":"outofstock","10":"taxable","11":"shipping-taxable","12":"purchasable","13":"product-type-simple"},"composite_virtual":false,"composite_layout":"","composite_add_to_cart_form_location":"","composite_editable_in_cart":false,"composite_sold_individually_context":"","composite_shop_price_calc":"","composite_components":[],"composite_scenarios":[],"bundled_by":[],"bundle_stock_status":"outofstock","bundle_stock_quantity":0,"bundle_virtual":false,"bundle_layout":"","bundle_add_to_cart_form_location":"","bundle_editable_in_cart":false,"bundle_sold_individually_context":"","bundle_item_grouping":"","bundle_min_size":"","bundle_max_size":"","bundle_price":[],"bundled_items":[],"bundle_sell_ids":[],"yoast_head":"<!-- This site is optimized with the Yoast SEO plugin v27.1.1 - https:\/\/yoast.com\/product\/yoast-seo-wordpress\/ -->\n<title>512GB M.2 SSD SATA-600 \u2022 RaspberryPi.dk<\/title>\n<meta name=\"robots\" content=\"index, follow, max-snippet:-1, max-image-preview:large, max-video-preview:-1\" \/>\n<link rel=\"canonical\" href=\"https:\/\/raspberrypi.dk\/fi\/tuote\/512gb-m-2-ssd-sata-600\/\" \/>\n<meta property=\"og:locale\" content=\"fi_FI\" \/>\n<meta property=\"og:type\" content=\"article\" \/>\n<meta property=\"og:title\" content=\"512GB M.2 SSD SATA-600 \u2022 RaspberryPi.dk\" \/>\n<meta property=\"og:description\" content=\"Intenso M.2 SSD 512 GB.\" \/>\n<meta property=\"og:url\" content=\"https:\/\/raspberrypi.dk\/fi\/tuote\/512gb-m-2-ssd-sata-600\/\" \/>\n<meta property=\"og:site_name\" content=\"RaspberryPi.dk\" \/>\n<meta property=\"article:publisher\" content=\"https:\/\/facebook.com\/RaspberryPiDanmark\" \/>\n<meta property=\"article:modified_time\" content=\"2024-04-04T13:44:38+00:00\" \/>\n<meta property=\"og:image\" content=\"https:\/\/raspberrypi.dk\/wp-content\/uploads\/2023\/04\/intenso-512.jpeg\" \/>\n\t<meta property=\"og:image:width\" content=\"400\" \/>\n\t<meta property=\"og:image:height\" content=\"300\" \/>\n\t<meta property=\"og:image:type\" content=\"image\/jpeg\" \/>\n<meta name=\"twitter:card\" content=\"summary_large_image\" \/>\n<meta name=\"twitter:site\" content=\"@raspberrypidk\" \/>\n<meta name=\"twitter:label1\" content=\"Arvioitu lukuaika\" \/>\n\t<meta name=\"twitter:data1\" content=\"1 minuutti\" \/>\n<script type=\"application\/ld+json\" class=\"yoast-schema-graph\">{\"@context\":\"https:\/\/schema.org\",\"@graph\":[{\"@type\":\"WebPage\",\"@id\":\"https:\/\/raspberrypi.dk\/fi\/tuote\/512gb-m-2-ssd-sata-600\/\",\"url\":\"https:\/\/raspberrypi.dk\/fi\/tuote\/512gb-m-2-ssd-sata-600\/\",\"name\":\"512GB M.2 SSD SATA-600 \u2022 RaspberryPi.dk\",\"isPartOf\":{\"@id\":\"https:\/\/raspberrypi.dk\/fi\/#website\"},\"primaryImageOfPage\":{\"@id\":\"https:\/\/raspberrypi.dk\/fi\/tuote\/512gb-m-2-ssd-sata-600\/#primaryimage\"},\"image\":{\"@id\":\"https:\/\/raspberrypi.dk\/fi\/tuote\/512gb-m-2-ssd-sata-600\/#primaryimage\"},\"thumbnailUrl\":\"https:\/\/raspberrypi.dk\/wp-content\/uploads\/2023\/04\/intenso-512.jpeg\",\"datePublished\":\"2023-04-13T21:48:33+00:00\",\"dateModified\":\"2024-04-04T13:44:38+00:00\",\"breadcrumb\":{\"@id\":\"https:\/\/raspberrypi.dk\/fi\/tuote\/512gb-m-2-ssd-sata-600\/#breadcrumb\"},\"inLanguage\":\"fi\",\"potentialAction\":[{\"@type\":\"ReadAction\",\"target\":[\"https:\/\/raspberrypi.dk\/fi\/tuote\/512gb-m-2-ssd-sata-600\/\"]}]},{\"@type\":\"ImageObject\",\"inLanguage\":\"fi\",\"@id\":\"https:\/\/raspberrypi.dk\/fi\/tuote\/512gb-m-2-ssd-sata-600\/#primaryimage\",\"url\":\"https:\/\/raspberrypi.dk\/wp-content\/uploads\/2023\/04\/intenso-512.jpeg\",\"contentUrl\":\"https:\/\/raspberrypi.dk\/wp-content\/uploads\/2023\/04\/intenso-512.jpeg\",\"width\":400,\"height\":300,\"caption\":\"m2 ssd raspberrypi 512gb\"},{\"@type\":\"BreadcrumbList\",\"@id\":\"https:\/\/raspberrypi.dk\/fi\/tuote\/512gb-m-2-ssd-sata-600\/#breadcrumb\",\"itemListElement\":[{\"@type\":\"ListItem\",\"position\":1,\"name\":\"Hjem\",\"item\":\"https:\/\/raspberrypi.dk\/fi\/raspberry-pi-verkkokauppa\/\"},{\"@type\":\"ListItem\",\"position\":2,\"name\":\"Shop\",\"item\":\"https:\/\/raspberrypi.dk\/fi\/shop-2\/\"},{\"@type\":\"ListItem\",\"position\":3,\"name\":\"512GB M.2 SSD SATA-600\"}]},{\"@type\":\"WebSite\",\"@id\":\"https:\/\/raspberrypi.dk\/fi\/#website\",\"url\":\"https:\/\/raspberrypi.dk\/fi\/\",\"name\":\"RaspberryPi.dk\",\"description\":\"Danmarks f\u00f8rende Raspberry Pi side!\",\"publisher\":{\"@id\":\"https:\/\/raspberrypi.dk\/fi\/#organization\"},\"potentialAction\":[{\"@type\":\"SearchAction\",\"target\":{\"@type\":\"EntryPoint\",\"urlTemplate\":\"https:\/\/raspberrypi.dk\/fi\/?s={search_term_string}\"},\"query-input\":{\"@type\":\"PropertyValueSpecification\",\"valueRequired\":true,\"valueName\":\"search_term_string\"}}],\"inLanguage\":\"fi\"},{\"@type\":\"Organization\",\"@id\":\"https:\/\/raspberrypi.dk\/fi\/#organization\",\"name\":\"RaspberryPi.dk\",\"url\":\"https:\/\/raspberrypi.dk\/fi\/\",\"logo\":{\"@type\":\"ImageObject\",\"inLanguage\":\"fi\",\"@id\":\"https:\/\/raspberrypi.dk\/fi\/#\/schema\/logo\/image\/\",\"url\":\"https:\/\/raspberrypi.dk\/wp-content\/uploads\/2017\/05\/RaspberryPidk_logo-2.png\",\"contentUrl\":\"https:\/\/raspberrypi.dk\/wp-content\/uploads\/2017\/05\/RaspberryPidk_logo-2.png\",\"width\":470,\"height\":110,\"caption\":\"RaspberryPi.dk\"},\"image\":{\"@id\":\"https:\/\/raspberrypi.dk\/fi\/#\/schema\/logo\/image\/\"},\"sameAs\":[\"https:\/\/facebook.com\/RaspberryPiDanmark\",\"https:\/\/x.com\/raspberrypidk\",\"https:\/\/instagram.com\/raspberrypi.dk\"]}]}<\/script>\n<!-- \/ Yoast SEO plugin. -->","yoast_head_json":{"title":"512GB M.2 SSD SATA-600 \u2022 RaspberryPi.dk","robots":{"index":"index","follow":"follow","max-snippet":"max-snippet:-1","max-image-preview":"max-image-preview:large","max-video-preview":"max-video-preview:-1"},"canonical":"https:\/\/raspberrypi.dk\/fi\/tuote\/512gb-m-2-ssd-sata-600\/","og_locale":"fi_FI","og_type":"article","og_title":"512GB M.2 SSD SATA-600 \u2022 RaspberryPi.dk","og_description":"Intenso M.2 SSD 512 GB.","og_url":"https:\/\/raspberrypi.dk\/fi\/tuote\/512gb-m-2-ssd-sata-600\/","og_site_name":"RaspberryPi.dk","article_publisher":"https:\/\/facebook.com\/RaspberryPiDanmark","article_modified_time":"2024-04-04T13:44:38+00:00","og_image":[{"width":400,"height":300,"url":"https:\/\/raspberrypi.dk\/wp-content\/uploads\/2023\/04\/intenso-512.jpeg","type":"image\/jpeg"}],"twitter_card":"summary_large_image","twitter_site":"@raspberrypidk","twitter_misc":{"Arvioitu lukuaika":"1 minuutti"},"schema":{"@context":"https:\/\/schema.org","@graph":[{"@type":"WebPage","@id":"https:\/\/raspberrypi.dk\/fi\/tuote\/512gb-m-2-ssd-sata-600\/","url":"https:\/\/raspberrypi.dk\/fi\/tuote\/512gb-m-2-ssd-sata-600\/","name":"512GB M.2 SSD SATA-600 \u2022 RaspberryPi.dk","isPartOf":{"@id":"https:\/\/raspberrypi.dk\/fi\/#website"},"primaryImageOfPage":{"@id":"https:\/\/raspberrypi.dk\/fi\/tuote\/512gb-m-2-ssd-sata-600\/#primaryimage"},"image":{"@id":"https:\/\/raspberrypi.dk\/fi\/tuote\/512gb-m-2-ssd-sata-600\/#primaryimage"},"thumbnailUrl":"https:\/\/raspberrypi.dk\/wp-content\/uploads\/2023\/04\/intenso-512.jpeg","datePublished":"2023-04-13T21:48:33+00:00","dateModified":"2024-04-04T13:44:38+00:00","breadcrumb":{"@id":"https:\/\/raspberrypi.dk\/fi\/tuote\/512gb-m-2-ssd-sata-600\/#breadcrumb"},"inLanguage":"fi","potentialAction":[{"@type":"ReadAction","target":["https:\/\/raspberrypi.dk\/fi\/tuote\/512gb-m-2-ssd-sata-600\/"]}]},{"@type":"ImageObject","inLanguage":"fi","@id":"https:\/\/raspberrypi.dk\/fi\/tuote\/512gb-m-2-ssd-sata-600\/#primaryimage","url":"https:\/\/raspberrypi.dk\/wp-content\/uploads\/2023\/04\/intenso-512.jpeg","contentUrl":"https:\/\/raspberrypi.dk\/wp-content\/uploads\/2023\/04\/intenso-512.jpeg","width":400,"height":300,"caption":"m2 ssd raspberrypi 512gb"},{"@type":"BreadcrumbList","@id":"https:\/\/raspberrypi.dk\/fi\/tuote\/512gb-m-2-ssd-sata-600\/#breadcrumb","itemListElement":[{"@type":"ListItem","position":1,"name":"Hjem","item":"https:\/\/raspberrypi.dk\/fi\/raspberry-pi-verkkokauppa\/"},{"@type":"ListItem","position":2,"name":"Shop","item":"https:\/\/raspberrypi.dk\/fi\/shop-2\/"},{"@type":"ListItem","position":3,"name":"512GB M.2 SSD SATA-600"}]},{"@type":"WebSite","@id":"https:\/\/raspberrypi.dk\/fi\/#website","url":"https:\/\/raspberrypi.dk\/fi\/","name":"RaspberryPi.dk","description":"Danmarks f\u00f8rende Raspberry Pi side!","publisher":{"@id":"https:\/\/raspberrypi.dk\/fi\/#organization"},"potentialAction":[{"@type":"SearchAction","target":{"@type":"EntryPoint","urlTemplate":"https:\/\/raspberrypi.dk\/fi\/?s={search_term_string}"},"query-input":{"@type":"PropertyValueSpecification","valueRequired":true,"valueName":"search_term_string"}}],"inLanguage":"fi"},{"@type":"Organization","@id":"https:\/\/raspberrypi.dk\/fi\/#organization","name":"RaspberryPi.dk","url":"https:\/\/raspberrypi.dk\/fi\/","logo":{"@type":"ImageObject","inLanguage":"fi","@id":"https:\/\/raspberrypi.dk\/fi\/#\/schema\/logo\/image\/","url":"https:\/\/raspberrypi.dk\/wp-content\/uploads\/2017\/05\/RaspberryPidk_logo-2.png","contentUrl":"https:\/\/raspberrypi.dk\/wp-content\/uploads\/2017\/05\/RaspberryPidk_logo-2.png","width":470,"height":110,"caption":"RaspberryPi.dk"},"image":{"@id":"https:\/\/raspberrypi.dk\/fi\/#\/schema\/logo\/image\/"},"sameAs":["https:\/\/facebook.com\/RaspberryPiDanmark","https:\/\/x.com\/raspberrypidk","https:\/\/instagram.com\/raspberrypi.dk"]}]}},"_links":{"self":[{"href":"https:\/\/raspberrypi.dk\/fi\/wp-json\/wp\/v2\/product\/220200","targetHints":{"allow":["GET"]}}],"collection":[{"href":"https:\/\/raspberrypi.dk\/fi\/wp-json\/wp\/v2\/product"}],"about":[{"href":"https:\/\/raspberrypi.dk\/fi\/wp-json\/wp\/v2\/types\/product"}],"replies":[{"embeddable":true,"href":"https:\/\/raspberrypi.dk\/fi\/wp-json\/wp\/v2\/comments?post=220200"}],"wp:featuredmedia":[{"embeddable":true,"href":"https:\/\/raspberrypi.dk\/fi\/wp-json\/wp\/v2\/media\/220201"}],"wp:attachment":[{"href":"https:\/\/raspberrypi.dk\/fi\/wp-json\/wp\/v2\/media?parent=220200"}],"wp:term":[{"taxonomy":"product_brand","embeddable":true,"href":"https:\/\/raspberrypi.dk\/fi\/wp-json\/wp\/v2\/product_brand?post=220200"},{"taxonomy":"product_cat","embeddable":true,"href":"https:\/\/raspberrypi.dk\/fi\/wp-json\/wp\/v2\/product_cat?post=220200"},{"taxonomy":"product_tag","embeddable":true,"href":"https:\/\/raspberrypi.dk\/fi\/wp-json\/wp\/v2\/product_tag?post=220200"}],"curies":[{"name":"wp","href":"https:\/\/api.w.org\/{rel}","templated":true}]}}