{"id":220257,"date":"2023-03-28T11:53:08","date_gmt":"2023-03-28T09:53:08","guid":{"rendered":"https:\/\/raspberrypi.dk\/produkt\/waveshare-dual-eth-quad-rs485-base-board-b-til-raspberry-pi-cm4\/"},"modified":"2024-04-04T15:56:23","modified_gmt":"2024-04-04T13:56:23","slug":"waveshare-dual-eth-quad-rs485-base-board-b-til-raspberry-pi-cm4","status":"publish","type":"product","link":"https:\/\/raspberrypi.dk\/fi\/tuote\/waveshare-dual-eth-quad-rs485-base-board-b-til-raspberry-pi-cm4\/","title":{"rendered":"Waveshare Dual ETH Quad RS485 Base Board (B) til Raspberry Pi CM4"},"content":{"rendered":"<div>\n<h3 class=\"richTitle\">Specifications<\/h3>\n<table class=\"tabSty-2 alignl mgnTB subBlock\">\n<tbody>\n<tr>\n<th>CM4 SOCKET<\/th>\n<td>suitable for all variants of <a href=\"https:\/\/raspberrypi.dk\/fi\/myymala\/kategoria\/raspberry-pi-compute-module-4-cm4-fi\/\">Compute Module 4<\/a><\/td>\n<\/tr>\n<tr>\n<th>NETWORKING<\/th>\n<td>Gigabit Ethernet RJ45 connector, 100M Ethernet RJ45 connector<\/td>\n<\/tr>\n<tr>\n<th>CONNECTOR<\/th>\n<td>Isolated RS485 \u00d7 4, Power screw terminal \u00d7 1<\/td>\n<\/tr>\n<tr>\n<th>USB<\/th>\n<td>USB 2.0 Type A \u00d7 2<\/td>\n<\/tr>\n<tr>\n<th>CAMERA<\/th>\n<td>MIPI CSI-2 port \u00d7 2 (15pin 1.0mm FPC connector)<\/td>\n<\/tr>\n<tr>\n<th>VIDEO<\/th>\n<td>HDMI port \u00d7 1, supports 4K 30fps output<\/td>\n<\/tr>\n<tr>\n<th>RTC<\/th>\n<td>Real-time clock with battery socket and ability to wake Compute Module 4<\/td>\n<\/tr>\n<tr>\n<th>STORAGE<\/th>\n<td>MicroSD card socket for Compute Module 4 Lite (without eMMC) variants<\/td>\n<\/tr>\n<tr>\n<th>FAN HEADER<\/th>\n<td>allows speed adjustment, 5V<\/td>\n<\/tr>\n<tr>\n<th>INDICATOR<\/th>\n<td>Power indicator \u00d7 1, CM4 status indicator \u00d7 1,<br \/>\nUser LED \u00d7 2, RS485 communication indicator \u00d7 8<\/td>\n<\/tr>\n<tr>\n<th>POWER INPUT<\/th>\n<td>7-36V<\/td>\n<\/tr>\n<tr>\n<th>DIMENSIONS<\/th>\n<td>93.6 \u00d7 108.8mm<\/td>\n<\/tr>\n<\/tbody>\n<\/table>\n<\/div>\n<div class=\"pdT\">\n<h3><\/h3>\n<h3 class=\"richTitle\">Connecting With Compute Module 4<\/h3>\n<p class=\"richDesc\">Standard CM4 Socket And Suitable For All Variants Of <a href=\"https:\/\/raspberrypi.dk\/produkt\/raspberry-pi-compute-module-4\/\">Compute Module 4<\/a><\/p>\n<p><img decoding=\"async\" src=\"https:\/\/www.waveshare.com\/img\/devkit\/CM4-ETH-RS485-BASE-B\/CM4-ETH-RS485-BASE-B-details-3.jpg\" \/><\/p>\n<\/div>\n<div class=\"pdT\">\n<h3><\/h3>\n<h3 class=\"richTitle\">More Rich Interfaces<\/h3>\n<p class=\"richDesc\">Various Interfaces Including: Dual ETH \/ RS485 \/ CSI \/ FAN \/ HDMI \/ Micro SD \/ USB<\/p>\n<p><img decoding=\"async\" src=\"https:\/\/www.waveshare.com\/img\/devkit\/CM4-ETH-RS485-BASE-B\/CM4-ETH-RS485-BASE-B-details-5.jpg\" \/><\/p>\n<\/div>\n<div>\n<div><\/div>\n<h3 class=\"richTitle\">Application Examples<\/h3>\n<p class=\"richDesc\">Suitable For Raspberry Pi Applications Requiring Multi-Channel RS485 Communication Or Other Industrial Context<\/p>\n<p><img decoding=\"async\" src=\"https:\/\/www.waveshare.com\/img\/devkit\/CM4-ETH-RS485-BASE-B\/CM4-ETH-RS485-BASE-B-details-7.jpg\" \/><\/p>\n<div class=\"msg msg_warning\">for reference only, CM4, display, and cameras are NOT included.<\/div>\n<\/div>\n<div>\n<div><\/div>\n<div><\/div>\n<h3 class=\"richTitle\">What&#8217;s On Board<\/h3>\n<p><img decoding=\"async\" class=\"mgnTB\" src=\"https:\/\/www.waveshare.com\/img\/devkit\/CM4-ETH-RS485-BASE-B\/CM4-ETH-RS485-BASE-B-details-intro.jpg\" \/><\/p>\n<div class=\"richGridWrap richGridWrap-valignTop richGridWrap-2c alignl subBlock bgGrey\">\n<div>\n<ol>\n<li><strong>CM4 socket<\/strong><br \/>\nsuitable for all variants of Compute Module 4<\/li>\n<li><strong>IO-VREF<\/strong><br \/>\nSet the CM4 IO logic level as 3.3V (default) or 1.8V<\/li>\n<li><strong>RTC-12C: 12C bus selection for RTC<\/strong><br \/>\nCan choose SDA0 &amp; SCLO (default) or GPIO2 &amp; GPIO3<\/li>\n<li><strong>RTC INT: RTC interrupt pin select<\/strong><br \/>\nD16: Use GPIO16 to receive interrupt signal when RTC interruption (default)<br \/>\nGL-EN: CM4 powerdown on RTC interruption<br \/>\nPI-RUN: CM4 will reboot on RTC interruption<\/li>\n<li><strong>SYSTEM: System function configuration<\/strong><br \/>\nWP-DIS: Prevent EEPROM from being overwritten<br \/>\nBT-DIS: Disable Bluetooth function, for CM4 with antenna variant ONLY<br \/>\nWIFI-DIS: Disable WiFi function, for CM4 with antenna variant ONLY<\/li>\n<li><strong>Boot<\/strong><br \/>\nON: CM4 will be booted from USB-C interface<br \/>\nOFF: CM4 will be booted from eMMC or Micro SD card<\/li>\n<li><strong>PWR &amp; USB<\/strong><br \/>\nWhen the BOOT switch is &#8221;ON&#8221;, can be used as the USB programming or DC power supply port<br \/>\nWhen the BOOT switch is &#8221;OFF&#8221;, only used as the DC power supply port<\/li>\n<li><strong>HDMI0<\/strong><br \/>\nHDMI port, supports 4K 30fps output<\/li>\n<li><strong>USB<\/strong><br \/>\n2x USB 2.0, for connecting sorts of USB devices<\/li>\n<li><strong>ETHERNET0<\/strong><br \/>\nCM4 original Gigabit RJ45 ETH<\/li>\n<li><strong>ETHERNET1<\/strong><br \/>\nUSB extended 100M ETH<\/li>\n<li><strong>CAM0 &amp; CAM1<\/strong><br \/>\n2x MIPI CSI camera ports<\/li>\n<li><strong>Buzzer<\/strong><br \/>\nGPIO22 control<\/li>\n<\/ol>\n<\/div>\n<div>\n<ol start=\"14\">\n<li><strong>FAN<\/strong><br \/>\n4-pin FAN header, only supports 5V FAN, allows PWM speed adjustment (GPIO18 control, speed measurement is not supported)<\/li>\n<li><strong>RTC battery socket<\/strong><br \/>\nSupports CR1220 button cell<\/li>\n<li><strong>RS485 TX\/RX indicator<\/strong><br \/>\nTXn: TX indicator for channel n<br \/>\nRXn: RX indicator for channel n<\/li>\n<li><strong>User LED<\/strong><br \/>\nUSER0: GPIO20 control<br \/>\nUSER1: GPIO26 control<\/li>\n<li><strong>PWR<\/strong><br \/>\nRaspberry Pi power indicator<\/li>\n<li><strong>ACT<\/strong><br \/>\nRaspberry Pi working status indicator<\/li>\n<li><strong>DC 7~36V<\/strong><br \/>\nDC power supply interface<\/li>\n<li><strong>Power input terminal<\/strong><br \/>\nDC power supply terminal, supports 7~36V wide range power input<\/li>\n<li><strong>RS485 terminal<\/strong><br \/>\n4 x Isolated RS485 terminal with a spacing of 5.08mm<\/li>\n<li><strong>Jumper<\/strong><br \/>\n120R Balance Resistor Selection Jumper<\/li>\n<li><strong>RS485 operating mode selection<\/strong><br \/>\nFull-auto: automatic mode, easy for program operation but the load capacity is weak<br \/>\nSemi-auto: semi-automatic mode, which requires manual TX\/RX switching, with high reliability and strong load capacity<\/li>\n<li><strong>Encryption chip<\/strong><br \/>\nATSHA204 encryption chip, providing multiple encryption to ensure data security and reliability<\/li>\n<li><strong>Micro SD card slot<\/strong><br \/>\nfor connecting a Micro SD card with pre-burnt image (Lite variant ONLY)<\/li>\n<\/ol>\n<\/div>\n<\/div>\n<\/div>\n<div>\n<h3><\/h3>\n<h3 class=\"richTitle\">Outline Dimensions<\/h3>\n<p><img decoding=\"async\" src=\"https:\/\/www.waveshare.com\/img\/devkit\/CM4-ETH-RS485-BASE-B\/CM4-ETH-RS485-BASE-B-details-size.jpg\" \/><\/p>\n<\/div>\n<div><\/div>\n<div>\n<div class=\"bgGrey\">\n<h3><strong>WIKI:\u00a0<\/strong><a href=\"http:\/\/www.waveshare.com\/wiki\/CM4-ETH-RS485-BASE-B\" target=\"_blank\" rel=\"noopener\">CM4-ETH-RS485-BASE-B<\/a><\/h3>\n<\/div>\n<\/div>\n","protected":false},"excerpt":{"rendered":"<p>Dual ETH Quad RS485 Base Board (B) til Raspberry Pi Compute Module 4, Gigabit Ethernet, 4CH Isolated RS485, USB2.0<\/p>\n<p><a href=\"https:\/\/raspberrypi.dk\/fi\/myymala\/kategoria\/raspberry-pi-compute-module-4-cm4-fi\/\">Osta Raspberry Pi Compute Module 4 (CM4) t\u00e4\u00e4lt\u00e4.<\/a><\/p>\n","protected":false},"featured_media":220258,"comment_status":"open","ping_status":"closed","template":"","meta":[],"product_brand":[],"product_cat":[729],"product_tag":[783],"class_list":{"0":"post-220257","1":"product","2":"type-product","3":"status-publish","4":"has-post-thumbnail","6":"product_cat-teollinen-raspberry-pi-fi","7":"product_tag-cm4-fi","9":"first","10":"outofstock","11":"taxable","12":"shipping-taxable","13":"purchasable","14":"product-type-simple"},"composite_virtual":false,"composite_layout":"","composite_add_to_cart_form_location":"","composite_editable_in_cart":false,"composite_sold_individually_context":"","composite_shop_price_calc":"","composite_components":[],"composite_scenarios":[],"bundled_by":[],"bundle_stock_status":"outofstock","bundle_stock_quantity":0,"bundle_virtual":false,"bundle_layout":"","bundle_add_to_cart_form_location":"","bundle_editable_in_cart":false,"bundle_sold_individually_context":"","bundle_item_grouping":"","bundle_min_size":"","bundle_max_size":"","bundle_price":[],"bundled_items":[],"bundle_sell_ids":[],"yoast_head":"<!-- This site is optimized with the Yoast SEO plugin v27.1.1 - https:\/\/yoast.com\/product\/yoast-seo-wordpress\/ -->\n<title>Waveshare Dual ETH Quad RS485 Base Board (B) til Raspberry Pi CM4 \u2022 RaspberryPi.dk<\/title>\n<meta name=\"robots\" content=\"index, follow, max-snippet:-1, max-image-preview:large, max-video-preview:-1\" \/>\n<link rel=\"canonical\" href=\"https:\/\/raspberrypi.dk\/fi\/tuote\/waveshare-dual-eth-quad-rs485-base-board-b-til-raspberry-pi-cm4\/\" \/>\n<meta property=\"og:locale\" content=\"fi_FI\" \/>\n<meta property=\"og:type\" content=\"article\" \/>\n<meta property=\"og:title\" content=\"Waveshare Dual ETH Quad RS485 Base Board (B) til Raspberry Pi CM4 \u2022 RaspberryPi.dk\" \/>\n<meta property=\"og:description\" content=\"Dual ETH Quad RS485 Base Board (B) til Raspberry Pi Compute Module 4, Gigabit Ethernet, 4CH Isolated RS485, USB2.0  Osta Raspberry Pi Compute Module 4 (CM4) t\u00e4\u00e4lt\u00e4.\" \/>\n<meta property=\"og:url\" content=\"https:\/\/raspberrypi.dk\/fi\/tuote\/waveshare-dual-eth-quad-rs485-base-board-b-til-raspberry-pi-cm4\/\" \/>\n<meta property=\"og:site_name\" content=\"RaspberryPi.dk\" \/>\n<meta property=\"article:publisher\" content=\"https:\/\/facebook.com\/RaspberryPiDanmark\" \/>\n<meta property=\"article:modified_time\" content=\"2024-04-04T13:56:23+00:00\" \/>\n<meta property=\"og:image\" content=\"https:\/\/raspberrypi.dk\/wp-content\/uploads\/2023\/03\/cm4-eth-rs485-base-b-1.jpg\" \/>\n\t<meta property=\"og:image:width\" content=\"800\" \/>\n\t<meta property=\"og:image:height\" content=\"800\" \/>\n\t<meta property=\"og:image:type\" content=\"image\/jpeg\" \/>\n<meta name=\"twitter:card\" content=\"summary_large_image\" \/>\n<meta name=\"twitter:site\" content=\"@raspberrypidk\" \/>\n<meta name=\"twitter:label1\" content=\"Arvioitu lukuaika\" \/>\n\t<meta name=\"twitter:data1\" content=\"5 minuuttia\" \/>\n<script type=\"application\/ld+json\" class=\"yoast-schema-graph\">{\"@context\":\"https:\/\/schema.org\",\"@graph\":[{\"@type\":\"WebPage\",\"@id\":\"https:\/\/raspberrypi.dk\/fi\/tuote\/waveshare-dual-eth-quad-rs485-base-board-b-til-raspberry-pi-cm4\/\",\"url\":\"https:\/\/raspberrypi.dk\/fi\/tuote\/waveshare-dual-eth-quad-rs485-base-board-b-til-raspberry-pi-cm4\/\",\"name\":\"Waveshare Dual ETH Quad RS485 Base Board (B) til Raspberry Pi CM4 \u2022 RaspberryPi.dk\",\"isPartOf\":{\"@id\":\"https:\/\/raspberrypi.dk\/fi\/#website\"},\"primaryImageOfPage\":{\"@id\":\"https:\/\/raspberrypi.dk\/fi\/tuote\/waveshare-dual-eth-quad-rs485-base-board-b-til-raspberry-pi-cm4\/#primaryimage\"},\"image\":{\"@id\":\"https:\/\/raspberrypi.dk\/fi\/tuote\/waveshare-dual-eth-quad-rs485-base-board-b-til-raspberry-pi-cm4\/#primaryimage\"},\"thumbnailUrl\":\"https:\/\/raspberrypi.dk\/wp-content\/uploads\/2023\/03\/cm4-eth-rs485-base-b-1.jpg\",\"datePublished\":\"2023-03-28T09:53:08+00:00\",\"dateModified\":\"2024-04-04T13:56:23+00:00\",\"breadcrumb\":{\"@id\":\"https:\/\/raspberrypi.dk\/fi\/tuote\/waveshare-dual-eth-quad-rs485-base-board-b-til-raspberry-pi-cm4\/#breadcrumb\"},\"inLanguage\":\"fi\",\"potentialAction\":[{\"@type\":\"ReadAction\",\"target\":[\"https:\/\/raspberrypi.dk\/fi\/tuote\/waveshare-dual-eth-quad-rs485-base-board-b-til-raspberry-pi-cm4\/\"]}]},{\"@type\":\"ImageObject\",\"inLanguage\":\"fi\",\"@id\":\"https:\/\/raspberrypi.dk\/fi\/tuote\/waveshare-dual-eth-quad-rs485-base-board-b-til-raspberry-pi-cm4\/#primaryimage\",\"url\":\"https:\/\/raspberrypi.dk\/wp-content\/uploads\/2023\/03\/cm4-eth-rs485-base-b-1.jpg\",\"contentUrl\":\"https:\/\/raspberrypi.dk\/wp-content\/uploads\/2023\/03\/cm4-eth-rs485-base-b-1.jpg\",\"width\":800,\"height\":800,\"caption\":\"Waveshare Dual ETH Quad RS485 Base Board (B) Raspberry Pi CM4\"},{\"@type\":\"BreadcrumbList\",\"@id\":\"https:\/\/raspberrypi.dk\/fi\/tuote\/waveshare-dual-eth-quad-rs485-base-board-b-til-raspberry-pi-cm4\/#breadcrumb\",\"itemListElement\":[{\"@type\":\"ListItem\",\"position\":1,\"name\":\"Hjem\",\"item\":\"https:\/\/raspberrypi.dk\/fi\/raspberry-pi-verkkokauppa\/\"},{\"@type\":\"ListItem\",\"position\":2,\"name\":\"Shop\",\"item\":\"https:\/\/raspberrypi.dk\/fi\/shop-2\/\"},{\"@type\":\"ListItem\",\"position\":3,\"name\":\"Waveshare Dual ETH Quad RS485 Base Board (B) til Raspberry Pi CM4\"}]},{\"@type\":\"WebSite\",\"@id\":\"https:\/\/raspberrypi.dk\/fi\/#website\",\"url\":\"https:\/\/raspberrypi.dk\/fi\/\",\"name\":\"RaspberryPi.dk\",\"description\":\"Danmarks f\u00f8rende Raspberry Pi side!\",\"publisher\":{\"@id\":\"https:\/\/raspberrypi.dk\/fi\/#organization\"},\"potentialAction\":[{\"@type\":\"SearchAction\",\"target\":{\"@type\":\"EntryPoint\",\"urlTemplate\":\"https:\/\/raspberrypi.dk\/fi\/?s={search_term_string}\"},\"query-input\":{\"@type\":\"PropertyValueSpecification\",\"valueRequired\":true,\"valueName\":\"search_term_string\"}}],\"inLanguage\":\"fi\"},{\"@type\":\"Organization\",\"@id\":\"https:\/\/raspberrypi.dk\/fi\/#organization\",\"name\":\"RaspberryPi.dk\",\"url\":\"https:\/\/raspberrypi.dk\/fi\/\",\"logo\":{\"@type\":\"ImageObject\",\"inLanguage\":\"fi\",\"@id\":\"https:\/\/raspberrypi.dk\/fi\/#\/schema\/logo\/image\/\",\"url\":\"https:\/\/raspberrypi.dk\/wp-content\/uploads\/2017\/05\/RaspberryPidk_logo-2.png\",\"contentUrl\":\"https:\/\/raspberrypi.dk\/wp-content\/uploads\/2017\/05\/RaspberryPidk_logo-2.png\",\"width\":470,\"height\":110,\"caption\":\"RaspberryPi.dk\"},\"image\":{\"@id\":\"https:\/\/raspberrypi.dk\/fi\/#\/schema\/logo\/image\/\"},\"sameAs\":[\"https:\/\/facebook.com\/RaspberryPiDanmark\",\"https:\/\/x.com\/raspberrypidk\",\"https:\/\/instagram.com\/raspberrypi.dk\"]}]}<\/script>\n<!-- \/ Yoast SEO plugin. -->","yoast_head_json":{"title":"Waveshare Dual ETH Quad RS485 Base Board (B) til Raspberry Pi CM4 \u2022 RaspberryPi.dk","robots":{"index":"index","follow":"follow","max-snippet":"max-snippet:-1","max-image-preview":"max-image-preview:large","max-video-preview":"max-video-preview:-1"},"canonical":"https:\/\/raspberrypi.dk\/fi\/tuote\/waveshare-dual-eth-quad-rs485-base-board-b-til-raspberry-pi-cm4\/","og_locale":"fi_FI","og_type":"article","og_title":"Waveshare Dual ETH Quad RS485 Base Board (B) til Raspberry Pi CM4 \u2022 RaspberryPi.dk","og_description":"Dual ETH Quad RS485 Base Board (B) til Raspberry Pi Compute Module 4, Gigabit Ethernet, 4CH Isolated RS485, USB2.0  Osta Raspberry Pi Compute Module 4 (CM4) t\u00e4\u00e4lt\u00e4.","og_url":"https:\/\/raspberrypi.dk\/fi\/tuote\/waveshare-dual-eth-quad-rs485-base-board-b-til-raspberry-pi-cm4\/","og_site_name":"RaspberryPi.dk","article_publisher":"https:\/\/facebook.com\/RaspberryPiDanmark","article_modified_time":"2024-04-04T13:56:23+00:00","og_image":[{"width":800,"height":800,"url":"https:\/\/raspberrypi.dk\/wp-content\/uploads\/2023\/03\/cm4-eth-rs485-base-b-1.jpg","type":"image\/jpeg"}],"twitter_card":"summary_large_image","twitter_site":"@raspberrypidk","twitter_misc":{"Arvioitu lukuaika":"5 minuuttia"},"schema":{"@context":"https:\/\/schema.org","@graph":[{"@type":"WebPage","@id":"https:\/\/raspberrypi.dk\/fi\/tuote\/waveshare-dual-eth-quad-rs485-base-board-b-til-raspberry-pi-cm4\/","url":"https:\/\/raspberrypi.dk\/fi\/tuote\/waveshare-dual-eth-quad-rs485-base-board-b-til-raspberry-pi-cm4\/","name":"Waveshare Dual ETH Quad RS485 Base Board (B) til Raspberry Pi CM4 \u2022 RaspberryPi.dk","isPartOf":{"@id":"https:\/\/raspberrypi.dk\/fi\/#website"},"primaryImageOfPage":{"@id":"https:\/\/raspberrypi.dk\/fi\/tuote\/waveshare-dual-eth-quad-rs485-base-board-b-til-raspberry-pi-cm4\/#primaryimage"},"image":{"@id":"https:\/\/raspberrypi.dk\/fi\/tuote\/waveshare-dual-eth-quad-rs485-base-board-b-til-raspberry-pi-cm4\/#primaryimage"},"thumbnailUrl":"https:\/\/raspberrypi.dk\/wp-content\/uploads\/2023\/03\/cm4-eth-rs485-base-b-1.jpg","datePublished":"2023-03-28T09:53:08+00:00","dateModified":"2024-04-04T13:56:23+00:00","breadcrumb":{"@id":"https:\/\/raspberrypi.dk\/fi\/tuote\/waveshare-dual-eth-quad-rs485-base-board-b-til-raspberry-pi-cm4\/#breadcrumb"},"inLanguage":"fi","potentialAction":[{"@type":"ReadAction","target":["https:\/\/raspberrypi.dk\/fi\/tuote\/waveshare-dual-eth-quad-rs485-base-board-b-til-raspberry-pi-cm4\/"]}]},{"@type":"ImageObject","inLanguage":"fi","@id":"https:\/\/raspberrypi.dk\/fi\/tuote\/waveshare-dual-eth-quad-rs485-base-board-b-til-raspberry-pi-cm4\/#primaryimage","url":"https:\/\/raspberrypi.dk\/wp-content\/uploads\/2023\/03\/cm4-eth-rs485-base-b-1.jpg","contentUrl":"https:\/\/raspberrypi.dk\/wp-content\/uploads\/2023\/03\/cm4-eth-rs485-base-b-1.jpg","width":800,"height":800,"caption":"Waveshare Dual ETH Quad RS485 Base Board (B) Raspberry Pi CM4"},{"@type":"BreadcrumbList","@id":"https:\/\/raspberrypi.dk\/fi\/tuote\/waveshare-dual-eth-quad-rs485-base-board-b-til-raspberry-pi-cm4\/#breadcrumb","itemListElement":[{"@type":"ListItem","position":1,"name":"Hjem","item":"https:\/\/raspberrypi.dk\/fi\/raspberry-pi-verkkokauppa\/"},{"@type":"ListItem","position":2,"name":"Shop","item":"https:\/\/raspberrypi.dk\/fi\/shop-2\/"},{"@type":"ListItem","position":3,"name":"Waveshare Dual ETH Quad RS485 Base Board (B) til Raspberry Pi CM4"}]},{"@type":"WebSite","@id":"https:\/\/raspberrypi.dk\/fi\/#website","url":"https:\/\/raspberrypi.dk\/fi\/","name":"RaspberryPi.dk","description":"Danmarks f\u00f8rende Raspberry Pi side!","publisher":{"@id":"https:\/\/raspberrypi.dk\/fi\/#organization"},"potentialAction":[{"@type":"SearchAction","target":{"@type":"EntryPoint","urlTemplate":"https:\/\/raspberrypi.dk\/fi\/?s={search_term_string}"},"query-input":{"@type":"PropertyValueSpecification","valueRequired":true,"valueName":"search_term_string"}}],"inLanguage":"fi"},{"@type":"Organization","@id":"https:\/\/raspberrypi.dk\/fi\/#organization","name":"RaspberryPi.dk","url":"https:\/\/raspberrypi.dk\/fi\/","logo":{"@type":"ImageObject","inLanguage":"fi","@id":"https:\/\/raspberrypi.dk\/fi\/#\/schema\/logo\/image\/","url":"https:\/\/raspberrypi.dk\/wp-content\/uploads\/2017\/05\/RaspberryPidk_logo-2.png","contentUrl":"https:\/\/raspberrypi.dk\/wp-content\/uploads\/2017\/05\/RaspberryPidk_logo-2.png","width":470,"height":110,"caption":"RaspberryPi.dk"},"image":{"@id":"https:\/\/raspberrypi.dk\/fi\/#\/schema\/logo\/image\/"},"sameAs":["https:\/\/facebook.com\/RaspberryPiDanmark","https:\/\/x.com\/raspberrypidk","https:\/\/instagram.com\/raspberrypi.dk"]}]}},"_links":{"self":[{"href":"https:\/\/raspberrypi.dk\/fi\/wp-json\/wp\/v2\/product\/220257","targetHints":{"allow":["GET"]}}],"collection":[{"href":"https:\/\/raspberrypi.dk\/fi\/wp-json\/wp\/v2\/product"}],"about":[{"href":"https:\/\/raspberrypi.dk\/fi\/wp-json\/wp\/v2\/types\/product"}],"replies":[{"embeddable":true,"href":"https:\/\/raspberrypi.dk\/fi\/wp-json\/wp\/v2\/comments?post=220257"}],"wp:featuredmedia":[{"embeddable":true,"href":"https:\/\/raspberrypi.dk\/fi\/wp-json\/wp\/v2\/media\/220258"}],"wp:attachment":[{"href":"https:\/\/raspberrypi.dk\/fi\/wp-json\/wp\/v2\/media?parent=220257"}],"wp:term":[{"taxonomy":"product_brand","embeddable":true,"href":"https:\/\/raspberrypi.dk\/fi\/wp-json\/wp\/v2\/product_brand?post=220257"},{"taxonomy":"product_cat","embeddable":true,"href":"https:\/\/raspberrypi.dk\/fi\/wp-json\/wp\/v2\/product_cat?post=220257"},{"taxonomy":"product_tag","embeddable":true,"href":"https:\/\/raspberrypi.dk\/fi\/wp-json\/wp\/v2\/product_tag?post=220257"}],"curies":[{"name":"wp","href":"https:\/\/api.w.org\/{rel}","templated":true}]}}