{"id":220263,"date":"2023-03-28T11:52:20","date_gmt":"2023-03-28T09:52:20","guid":{"rendered":"https:\/\/raspberrypi.dk\/produkt\/waveshare-arduino-compatible-base-board-til-raspberry-pi-cm4\/"},"modified":"2024-04-04T15:57:58","modified_gmt":"2024-04-04T13:57:58","slug":"waveshare-arduino-compatible-base-board-til-raspberry-pi-cm4","status":"publish","type":"product","link":"https:\/\/raspberrypi.dk\/fi\/tuote\/waveshare-arduino-compatible-base-board-til-raspberry-pi-cm4\/","title":{"rendered":"Waveshare Arduino Compatible Base Board for Raspberry Pi CM4"},"content":{"rendered":"<div>\n<h3 class=\"richTitle\">Specifications<\/h3>\n<table class=\"tabSty-2 alignl mgnTB subBlock\">\n<tbody>\n<tr>\n<th>CM4 SOCKET<\/th>\n<td>suitable for all variants of <a href=\"https:\/\/raspberrypi.dk\/fi\/myymala\/kategoria\/raspberry-pi-compute-module-4-cm4-fi\/\">Compute Module 4<\/a><\/td>\n<\/tr>\n<tr>\n<th rowspan=\"2\">CONNECTOR<\/th>\n<td>M.2 M KEY slot, for connecting communication module or NVME SSD<\/td>\n<\/tr>\n<tr>\n<td>Arduino compatible GPIO header<\/td>\n<\/tr>\n<tr>\n<th>USB<\/th>\n<td>USB 2.0 Type A \u00d7 1<\/td>\n<\/tr>\n<tr>\n<th>CAMERA<\/th>\n<td>MIPI CSI-2 \u00d7 1 (15pin 1.0mm FPC connector)<\/td>\n<\/tr>\n<tr>\n<th>VIDEO<\/th>\n<td>HDMI \u00d7 1, supports 4K 30fps output<\/td>\n<\/tr>\n<tr>\n<th>STORAGE<\/th>\n<td>Micro SD card socket for Compute Module 4 Lite (without eMMC) variants<\/td>\n<\/tr>\n<tr>\n<th>POWER INPUT<\/th>\n<td>5V<\/td>\n<\/tr>\n<tr>\n<th>DIMENSIONS<\/th>\n<td>73.58 \u00d7 53.34mm<\/td>\n<\/tr>\n<\/tbody>\n<\/table>\n<\/div>\n<div class=\"pdT\">\n<h3 class=\"richTitle\">Connecting With Compute Module 4<\/h3>\n<p class=\"richDesc\">Standard CM4 Socket, Suitable For All Variants Of <a href=\"https:\/\/raspberrypi.dk\/fi\/toute\/produkt\/raspberry-pi-compute-module-4\/\">Compute Module 4<\/a><\/p>\n<p><img decoding=\"async\" src=\"https:\/\/www.waveshare.com\/img\/devkit\/CM4-Duino\/CM4-Duino-details-3.jpg\" \/><\/p>\n<\/div>\n<div>\n<h3><\/h3>\n<h3 class=\"richTitle\">Various Useful Interfaces<\/h3>\n<p><img decoding=\"async\" src=\"https:\/\/www.waveshare.com\/img\/devkit\/CM4-Duino\/CM4-Duino-details-5.jpg\" \/><\/p>\n<\/div>\n<div>\n<div><\/div>\n<h3 class=\"richTitle\">Pinout Definition<\/h3>\n<p><img decoding=\"async\" src=\"https:\/\/www.waveshare.com\/img\/devkit\/CM4-Duino\/CM4-Duino-details-inter.jpg\" \/><\/p>\n<p>&nbsp;<\/p>\n<\/div>\n<div>\n<h3 class=\"richTitle\">Outline Dimensions<\/h3>\n<p><img decoding=\"async\" src=\"https:\/\/www.waveshare.com\/img\/devkit\/CM4-Duino\/CM4-Duino-details-size.jpg\" \/><\/p>\n<\/div>\n<div><\/div>\n<div>\n<div class=\"bgGrey\">\n<h4><strong>WIKI:\u00a0<\/strong><a href=\"http:\/\/www.waveshare.com\/wiki\/CM4-Duino\" target=\"_blank\" rel=\"noopener\">CM4-Duino<\/a><\/h4>\n<\/div>\n<\/div>\n","protected":false},"excerpt":{"rendered":"<p>Arduino Compatible Base Board til Raspberry Pi Compute Module 4, HDMI, USB, M.2 Slot<\/p>\n<p><a href=\"https:\/\/raspberrypi.dk\/fi\/myymala\/kategoria\/raspberry-pi-compute-module-4-cm4-fi\/\">Osta Raspberry Pi Compute Module 4 (CM4) t\u00e4\u00e4lt\u00e4.<\/a><\/p>\n","protected":false},"featured_media":220268,"comment_status":"open","ping_status":"closed","template":"","meta":[],"product_brand":[],"product_cat":[729],"product_tag":[783],"class_list":{"0":"post-220263","1":"product","2":"type-product","3":"status-publish","4":"has-post-thumbnail","6":"product_cat-teollinen-raspberry-pi-fi","7":"product_tag-cm4-fi","9":"first","10":"instock","11":"taxable","12":"shipping-taxable","13":"purchasable","14":"product-type-simple"},"composite_virtual":false,"composite_layout":"","composite_add_to_cart_form_location":"","composite_editable_in_cart":false,"composite_sold_individually_context":"","composite_shop_price_calc":"","composite_components":[],"composite_scenarios":[],"bundled_by":[],"bundle_stock_status":"instock","bundle_stock_quantity":5,"bundle_virtual":false,"bundle_layout":"","bundle_add_to_cart_form_location":"","bundle_editable_in_cart":false,"bundle_sold_individually_context":"","bundle_item_grouping":"","bundle_min_size":"","bundle_max_size":"","bundle_price":[],"bundled_items":[],"bundle_sell_ids":[],"yoast_head":"<!-- This site is optimized with the Yoast SEO plugin v27.1.1 - https:\/\/yoast.com\/product\/yoast-seo-wordpress\/ -->\n<title>Waveshare Arduino Compatible Base Board for Raspberry Pi CM4 \u2022 RaspberryPi.dk<\/title>\n<meta name=\"robots\" content=\"index, follow, max-snippet:-1, max-image-preview:large, max-video-preview:-1\" \/>\n<link rel=\"canonical\" href=\"https:\/\/raspberrypi.dk\/fi\/tuote\/waveshare-arduino-compatible-base-board-til-raspberry-pi-cm4\/\" \/>\n<meta property=\"og:locale\" content=\"fi_FI\" \/>\n<meta property=\"og:type\" content=\"article\" \/>\n<meta property=\"og:title\" content=\"Waveshare Arduino Compatible Base Board for Raspberry Pi CM4 \u2022 RaspberryPi.dk\" \/>\n<meta property=\"og:description\" content=\"Arduino Compatible Base Board til Raspberry Pi Compute Module 4, HDMI, USB, M.2 Slot  Osta Raspberry Pi Compute Module 4 (CM4) t\u00e4\u00e4lt\u00e4.\" \/>\n<meta property=\"og:url\" content=\"https:\/\/raspberrypi.dk\/fi\/tuote\/waveshare-arduino-compatible-base-board-til-raspberry-pi-cm4\/\" \/>\n<meta property=\"og:site_name\" content=\"RaspberryPi.dk\" \/>\n<meta property=\"article:publisher\" content=\"https:\/\/facebook.com\/RaspberryPiDanmark\" \/>\n<meta property=\"article:modified_time\" content=\"2024-04-04T13:57:58+00:00\" \/>\n<meta property=\"og:image\" content=\"https:\/\/raspberrypi.dk\/wp-content\/uploads\/2023\/03\/cm4-duino-1.jpg\" \/>\n\t<meta property=\"og:image:width\" content=\"800\" \/>\n\t<meta property=\"og:image:height\" content=\"800\" \/>\n\t<meta property=\"og:image:type\" content=\"image\/jpeg\" \/>\n<meta name=\"twitter:card\" content=\"summary_large_image\" \/>\n<meta name=\"twitter:site\" content=\"@raspberrypidk\" \/>\n<meta name=\"twitter:label1\" content=\"Arvioitu lukuaika\" \/>\n\t<meta name=\"twitter:data1\" content=\"2 minuuttia\" \/>\n<script type=\"application\/ld+json\" class=\"yoast-schema-graph\">{\"@context\":\"https:\/\/schema.org\",\"@graph\":[{\"@type\":\"WebPage\",\"@id\":\"https:\/\/raspberrypi.dk\/fi\/tuote\/waveshare-arduino-compatible-base-board-til-raspberry-pi-cm4\/\",\"url\":\"https:\/\/raspberrypi.dk\/fi\/tuote\/waveshare-arduino-compatible-base-board-til-raspberry-pi-cm4\/\",\"name\":\"Waveshare Arduino Compatible Base Board for Raspberry Pi CM4 \u2022 RaspberryPi.dk\",\"isPartOf\":{\"@id\":\"https:\/\/raspberrypi.dk\/fi\/#website\"},\"primaryImageOfPage\":{\"@id\":\"https:\/\/raspberrypi.dk\/fi\/tuote\/waveshare-arduino-compatible-base-board-til-raspberry-pi-cm4\/#primaryimage\"},\"image\":{\"@id\":\"https:\/\/raspberrypi.dk\/fi\/tuote\/waveshare-arduino-compatible-base-board-til-raspberry-pi-cm4\/#primaryimage\"},\"thumbnailUrl\":\"https:\/\/raspberrypi.dk\/wp-content\/uploads\/2023\/03\/cm4-duino-1.jpg\",\"datePublished\":\"2023-03-28T09:52:20+00:00\",\"dateModified\":\"2024-04-04T13:57:58+00:00\",\"breadcrumb\":{\"@id\":\"https:\/\/raspberrypi.dk\/fi\/tuote\/waveshare-arduino-compatible-base-board-til-raspberry-pi-cm4\/#breadcrumb\"},\"inLanguage\":\"fi\",\"potentialAction\":[{\"@type\":\"ReadAction\",\"target\":[\"https:\/\/raspberrypi.dk\/fi\/tuote\/waveshare-arduino-compatible-base-board-til-raspberry-pi-cm4\/\"]}]},{\"@type\":\"ImageObject\",\"inLanguage\":\"fi\",\"@id\":\"https:\/\/raspberrypi.dk\/fi\/tuote\/waveshare-arduino-compatible-base-board-til-raspberry-pi-cm4\/#primaryimage\",\"url\":\"https:\/\/raspberrypi.dk\/wp-content\/uploads\/2023\/03\/cm4-duino-1.jpg\",\"contentUrl\":\"https:\/\/raspberrypi.dk\/wp-content\/uploads\/2023\/03\/cm4-duino-1.jpg\",\"width\":800,\"height\":800,\"caption\":\"Waveshare Arduino Compatible Base Board Raspberry Pi CM4\"},{\"@type\":\"BreadcrumbList\",\"@id\":\"https:\/\/raspberrypi.dk\/fi\/tuote\/waveshare-arduino-compatible-base-board-til-raspberry-pi-cm4\/#breadcrumb\",\"itemListElement\":[{\"@type\":\"ListItem\",\"position\":1,\"name\":\"Hjem\",\"item\":\"https:\/\/raspberrypi.dk\/fi\/raspberry-pi-verkkokauppa\/\"},{\"@type\":\"ListItem\",\"position\":2,\"name\":\"Shop\",\"item\":\"https:\/\/raspberrypi.dk\/fi\/shop-2\/\"},{\"@type\":\"ListItem\",\"position\":3,\"name\":\"Waveshare Arduino Compatible Base Board for Raspberry Pi CM4\"}]},{\"@type\":\"WebSite\",\"@id\":\"https:\/\/raspberrypi.dk\/fi\/#website\",\"url\":\"https:\/\/raspberrypi.dk\/fi\/\",\"name\":\"RaspberryPi.dk\",\"description\":\"Danmarks f\u00f8rende Raspberry Pi side!\",\"publisher\":{\"@id\":\"https:\/\/raspberrypi.dk\/fi\/#organization\"},\"potentialAction\":[{\"@type\":\"SearchAction\",\"target\":{\"@type\":\"EntryPoint\",\"urlTemplate\":\"https:\/\/raspberrypi.dk\/fi\/?s={search_term_string}\"},\"query-input\":{\"@type\":\"PropertyValueSpecification\",\"valueRequired\":true,\"valueName\":\"search_term_string\"}}],\"inLanguage\":\"fi\"},{\"@type\":\"Organization\",\"@id\":\"https:\/\/raspberrypi.dk\/fi\/#organization\",\"name\":\"RaspberryPi.dk\",\"url\":\"https:\/\/raspberrypi.dk\/fi\/\",\"logo\":{\"@type\":\"ImageObject\",\"inLanguage\":\"fi\",\"@id\":\"https:\/\/raspberrypi.dk\/fi\/#\/schema\/logo\/image\/\",\"url\":\"https:\/\/raspberrypi.dk\/wp-content\/uploads\/2017\/05\/RaspberryPidk_logo-2.png\",\"contentUrl\":\"https:\/\/raspberrypi.dk\/wp-content\/uploads\/2017\/05\/RaspberryPidk_logo-2.png\",\"width\":470,\"height\":110,\"caption\":\"RaspberryPi.dk\"},\"image\":{\"@id\":\"https:\/\/raspberrypi.dk\/fi\/#\/schema\/logo\/image\/\"},\"sameAs\":[\"https:\/\/facebook.com\/RaspberryPiDanmark\",\"https:\/\/x.com\/raspberrypidk\",\"https:\/\/instagram.com\/raspberrypi.dk\"]}]}<\/script>\n<!-- \/ Yoast SEO plugin. -->","yoast_head_json":{"title":"Waveshare Arduino Compatible Base Board for Raspberry Pi CM4 \u2022 RaspberryPi.dk","robots":{"index":"index","follow":"follow","max-snippet":"max-snippet:-1","max-image-preview":"max-image-preview:large","max-video-preview":"max-video-preview:-1"},"canonical":"https:\/\/raspberrypi.dk\/fi\/tuote\/waveshare-arduino-compatible-base-board-til-raspberry-pi-cm4\/","og_locale":"fi_FI","og_type":"article","og_title":"Waveshare Arduino Compatible Base Board for Raspberry Pi CM4 \u2022 RaspberryPi.dk","og_description":"Arduino Compatible Base Board til Raspberry Pi Compute Module 4, HDMI, USB, M.2 Slot  Osta Raspberry Pi Compute Module 4 (CM4) t\u00e4\u00e4lt\u00e4.","og_url":"https:\/\/raspberrypi.dk\/fi\/tuote\/waveshare-arduino-compatible-base-board-til-raspberry-pi-cm4\/","og_site_name":"RaspberryPi.dk","article_publisher":"https:\/\/facebook.com\/RaspberryPiDanmark","article_modified_time":"2024-04-04T13:57:58+00:00","og_image":[{"width":800,"height":800,"url":"https:\/\/raspberrypi.dk\/wp-content\/uploads\/2023\/03\/cm4-duino-1.jpg","type":"image\/jpeg"}],"twitter_card":"summary_large_image","twitter_site":"@raspberrypidk","twitter_misc":{"Arvioitu lukuaika":"2 minuuttia"},"schema":{"@context":"https:\/\/schema.org","@graph":[{"@type":"WebPage","@id":"https:\/\/raspberrypi.dk\/fi\/tuote\/waveshare-arduino-compatible-base-board-til-raspberry-pi-cm4\/","url":"https:\/\/raspberrypi.dk\/fi\/tuote\/waveshare-arduino-compatible-base-board-til-raspberry-pi-cm4\/","name":"Waveshare Arduino Compatible Base Board for Raspberry Pi CM4 \u2022 RaspberryPi.dk","isPartOf":{"@id":"https:\/\/raspberrypi.dk\/fi\/#website"},"primaryImageOfPage":{"@id":"https:\/\/raspberrypi.dk\/fi\/tuote\/waveshare-arduino-compatible-base-board-til-raspberry-pi-cm4\/#primaryimage"},"image":{"@id":"https:\/\/raspberrypi.dk\/fi\/tuote\/waveshare-arduino-compatible-base-board-til-raspberry-pi-cm4\/#primaryimage"},"thumbnailUrl":"https:\/\/raspberrypi.dk\/wp-content\/uploads\/2023\/03\/cm4-duino-1.jpg","datePublished":"2023-03-28T09:52:20+00:00","dateModified":"2024-04-04T13:57:58+00:00","breadcrumb":{"@id":"https:\/\/raspberrypi.dk\/fi\/tuote\/waveshare-arduino-compatible-base-board-til-raspberry-pi-cm4\/#breadcrumb"},"inLanguage":"fi","potentialAction":[{"@type":"ReadAction","target":["https:\/\/raspberrypi.dk\/fi\/tuote\/waveshare-arduino-compatible-base-board-til-raspberry-pi-cm4\/"]}]},{"@type":"ImageObject","inLanguage":"fi","@id":"https:\/\/raspberrypi.dk\/fi\/tuote\/waveshare-arduino-compatible-base-board-til-raspberry-pi-cm4\/#primaryimage","url":"https:\/\/raspberrypi.dk\/wp-content\/uploads\/2023\/03\/cm4-duino-1.jpg","contentUrl":"https:\/\/raspberrypi.dk\/wp-content\/uploads\/2023\/03\/cm4-duino-1.jpg","width":800,"height":800,"caption":"Waveshare Arduino Compatible Base Board Raspberry Pi CM4"},{"@type":"BreadcrumbList","@id":"https:\/\/raspberrypi.dk\/fi\/tuote\/waveshare-arduino-compatible-base-board-til-raspberry-pi-cm4\/#breadcrumb","itemListElement":[{"@type":"ListItem","position":1,"name":"Hjem","item":"https:\/\/raspberrypi.dk\/fi\/raspberry-pi-verkkokauppa\/"},{"@type":"ListItem","position":2,"name":"Shop","item":"https:\/\/raspberrypi.dk\/fi\/shop-2\/"},{"@type":"ListItem","position":3,"name":"Waveshare Arduino Compatible Base Board for Raspberry Pi CM4"}]},{"@type":"WebSite","@id":"https:\/\/raspberrypi.dk\/fi\/#website","url":"https:\/\/raspberrypi.dk\/fi\/","name":"RaspberryPi.dk","description":"Danmarks f\u00f8rende Raspberry Pi side!","publisher":{"@id":"https:\/\/raspberrypi.dk\/fi\/#organization"},"potentialAction":[{"@type":"SearchAction","target":{"@type":"EntryPoint","urlTemplate":"https:\/\/raspberrypi.dk\/fi\/?s={search_term_string}"},"query-input":{"@type":"PropertyValueSpecification","valueRequired":true,"valueName":"search_term_string"}}],"inLanguage":"fi"},{"@type":"Organization","@id":"https:\/\/raspberrypi.dk\/fi\/#organization","name":"RaspberryPi.dk","url":"https:\/\/raspberrypi.dk\/fi\/","logo":{"@type":"ImageObject","inLanguage":"fi","@id":"https:\/\/raspberrypi.dk\/fi\/#\/schema\/logo\/image\/","url":"https:\/\/raspberrypi.dk\/wp-content\/uploads\/2017\/05\/RaspberryPidk_logo-2.png","contentUrl":"https:\/\/raspberrypi.dk\/wp-content\/uploads\/2017\/05\/RaspberryPidk_logo-2.png","width":470,"height":110,"caption":"RaspberryPi.dk"},"image":{"@id":"https:\/\/raspberrypi.dk\/fi\/#\/schema\/logo\/image\/"},"sameAs":["https:\/\/facebook.com\/RaspberryPiDanmark","https:\/\/x.com\/raspberrypidk","https:\/\/instagram.com\/raspberrypi.dk"]}]}},"_links":{"self":[{"href":"https:\/\/raspberrypi.dk\/fi\/wp-json\/wp\/v2\/product\/220263","targetHints":{"allow":["GET"]}}],"collection":[{"href":"https:\/\/raspberrypi.dk\/fi\/wp-json\/wp\/v2\/product"}],"about":[{"href":"https:\/\/raspberrypi.dk\/fi\/wp-json\/wp\/v2\/types\/product"}],"replies":[{"embeddable":true,"href":"https:\/\/raspberrypi.dk\/fi\/wp-json\/wp\/v2\/comments?post=220263"}],"wp:featuredmedia":[{"embeddable":true,"href":"https:\/\/raspberrypi.dk\/fi\/wp-json\/wp\/v2\/media\/220268"}],"wp:attachment":[{"href":"https:\/\/raspberrypi.dk\/fi\/wp-json\/wp\/v2\/media?parent=220263"}],"wp:term":[{"taxonomy":"product_brand","embeddable":true,"href":"https:\/\/raspberrypi.dk\/fi\/wp-json\/wp\/v2\/product_brand?post=220263"},{"taxonomy":"product_cat","embeddable":true,"href":"https:\/\/raspberrypi.dk\/fi\/wp-json\/wp\/v2\/product_cat?post=220263"},{"taxonomy":"product_tag","embeddable":true,"href":"https:\/\/raspberrypi.dk\/fi\/wp-json\/wp\/v2\/product_tag?post=220263"}],"curies":[{"name":"wp","href":"https:\/\/api.w.org\/{rel}","templated":true}]}}