{"id":220269,"date":"2023-03-23T14:55:43","date_gmt":"2023-03-23T13:55:43","guid":{"rendered":"https:\/\/raspberrypi.dk\/produkt\/waveshare-5%e2%80%b3-touch-screen-expansion-til-raspberry-pi-cm4\/"},"modified":"2024-10-15T09:50:06","modified_gmt":"2024-10-15T07:50:06","slug":"waveshare-5%e2%80%b3-touch-screen-expansion-til-raspberry-pi-cm4","status":"publish","type":"product","link":"https:\/\/raspberrypi.dk\/fi\/tuote\/waveshare-5%e2%80%b3-touch-screen-expansion-til-raspberry-pi-cm4\/","title":{"rendered":"Waveshare 5\u2033 Touch Screen Expansion for Raspberry Pi CM4"},"content":{"rendered":"<div>\n<h3 class=\"richTitle\">Specifications<\/h3>\n<table class=\"tabSty-2 alignl mgnTB subBlock\">\n<tbody>\n<tr>\n<th>CM4 SOCKET<\/th>\n<td>suitable for all variants of <a href=\"https:\/\/raspberrypi.dk\/fi\/myymala\/kategoria\/raspberry-pi-compute-module-4-cm4-fi\/\">Compute Module 4<\/a><\/td>\n<\/tr>\n<tr>\n<th rowspan=\"2\">NETWORKING<\/th>\n<td>Gigabit Ethernet RJ45 connector<\/td>\n<\/tr>\n<tr>\n<td>M.2 M KEY, supports NVME SSD<\/td>\n<\/tr>\n<tr>\n<th>POE<\/th>\n<td>PoE header (additional PoE HAT is required to enable PoE feature)<\/td>\n<\/tr>\n<tr>\n<th>USB<\/th>\n<td>USB 2.0 \u00d7 4<\/td>\n<\/tr>\n<tr>\n<th>DISPLAY<\/th>\n<td>5\u2033 screen, 800 \u00d7 480 pixels, 5-point capacitive touch<\/td>\n<\/tr>\n<tr>\n<th>CAMERA<\/th>\n<td>MIPI CSI-2 port \u00d7 2 (15pin 1.0mm FPC connector)<\/td>\n<\/tr>\n<tr>\n<th>VIDEO<\/th>\n<td>HDMI, supports 4K 30fps output<\/td>\n<\/tr>\n<tr>\n<th>RTC<\/th>\n<td>Real-time clock with battery socket and ability to wake Compute Module 4<\/td>\n<\/tr>\n<tr>\n<th>STORAGE<\/th>\n<td>MicroSD card socket for Compute Module 4 Lite (without eMMC) variants<\/td>\n<\/tr>\n<tr>\n<th>FAN HEADER<\/th>\n<td>allows speed adjustment and measurement, 5V \/ 12V<\/td>\n<\/tr>\n<tr>\n<th>POWER INPUT<\/th>\n<td>5V<\/td>\n<\/tr>\n<tr>\n<th>DIMENSIONS<\/th>\n<td>127.7 \u00d7 87.45mm<\/td>\n<\/tr>\n<\/tbody>\n<\/table>\n<\/div>\n<div class=\"pdT\">\n<h4 class=\"richTitle\">5\u2033 \u00b7 HD Display<\/h4>\n<h4 class=\"richDesc\">5\u2033 800 \u00d7 480 Pixels Display, Clear Details<\/h4>\n<p><img decoding=\"async\" src=\"https:\/\/www.waveshare.com\/img\/devkit\/CM4-DISP-BASE-5A\/CM4-DISP-BASE-5A-details-19.jpg\" \/><\/p>\n<\/div>\n<div class=\"pdT\">\n<h3><\/h3>\n<h3 class=\"richTitle\">IPS \u00b7 Natural Color<\/h3>\n<p class=\"richDesc\">Wide Viewing Angle, Fast Response, Precise And Natural Color<br \/>\nNo Ripple On Touch, Better Touch Experience<\/p>\n<p><img decoding=\"async\" src=\"https:\/\/www.waveshare.com\/img\/devkit\/CM4-DISP-BASE-5A\/CM4-DISP-BASE-5A-details-5.jpg\" \/><\/p>\n<\/div>\n<div>\n<h3><\/h3>\n<h3 class=\"richTitle\">4K Output To External Display<\/h3>\n<p class=\"richDesc\">Supports 4K (3840*2160) 30fps Output Via HDMI Port<br \/>\nFully Releasing The Vision Potentiality<\/p>\n<p><img decoding=\"async\" src=\"https:\/\/www.waveshare.com\/img\/devkit\/CM4-DISP-BASE-5A\/CM4-DISP-BASE-5A-details-21.jpg\" \/><\/p>\n<\/div>\n<div class=\"pdT\">\n<h3 class=\"richTitle\">5-Point Capacitive \u300cGentle\u300d Touch<\/h3>\n<p class=\"richDesc\">Up To 5-Point* Capacitive Touch Screen<br \/>\nJust Gently Touch It Without Any Force, That Is\u00a0<em>&#8221;Capacitive&#8221;<\/em><\/p>\n<p class=\"subBlock litColor\">* the actual touch points depend on the software system<\/p>\n<p><img decoding=\"async\" src=\"https:\/\/www.waveshare.com\/img\/devkit\/CM4-DISP-BASE-5A\/CM4-DISP-BASE-5A-details-11.jpg\" \/><\/p>\n<\/div>\n<div>\n<h3><\/h3>\n<h3 class=\"richTitle\">Slide To Adjust The Brightness<\/h3>\n<p class=\"richDesc\">The Backlight Brightness Is Adjustable By Software For Different Scenarios<br \/>\nMore Power Saving For The Night Or Battery-Powered Projects<\/p>\n<p><img decoding=\"async\" src=\"https:\/\/www.waveshare.com\/img\/devkit\/CM4-DISP-BASE-5A\/CM4-DISP-BASE-5A-details-12.gif\" \/><\/p>\n<\/div>\n<div class=\"pdT\">\n<h3><\/h3>\n<h3 class=\"richTitle\">Love It, Cool It<\/h3>\n<p class=\"richDesc\">Onboard Fan Header With Speed Adjustment And Measurement Support<br \/>\nCompatible With 5V\/12V Cooling Fans<\/p>\n<p><img decoding=\"async\" src=\"https:\/\/www.waveshare.com\/img\/devkit\/CM4-DISP-BASE-5A\/CM4-DISP-BASE-5A-details-9.jpg\" \/><\/p>\n<\/div>\n<div class=\"msg msg_warning\">* for reference only, the CM4, cooling fan, and M.2 SSD are NOT included.<\/div>\n<div class=\"pdT\">\n<div><\/div>\n<h3 class=\"richTitle\">More Details<\/h3>\n<div class=\"richGridWrap richGridWrap-2c richGridWrap-valignTop mgnTB\">\n<div>\n<p><img decoding=\"async\" src=\"https:\/\/www.waveshare.com\/img\/devkit\/CM4-DISP-BASE-5A\/CM4-DISP-BASE-5A-details-23.jpg\" \/><\/p>\n<p class=\"alignl pdTRBL2\"><strong>M.2 slot<\/strong><br \/>\nsupports M.2 M-key SSD<\/p>\n<\/div>\n<div>\n<p><img decoding=\"async\" src=\"https:\/\/www.waveshare.com\/img\/devkit\/CM4-DISP-BASE-5A\/CM4-DISP-BASE-5A-details-24.jpg\" \/><\/p>\n<p class=\"alignl pdTRBL2\"><strong>4x USB 2.0<\/strong><br \/>\nadequate connectors, for more USB devices as you like<\/p>\n<\/div>\n<div>\n<p><img decoding=\"async\" src=\"https:\/\/www.waveshare.com\/img\/devkit\/CM4-DISP-BASE-5A\/CM4-DISP-BASE-5A-details-25.jpg\" \/><\/p>\n<p class=\"alignl pdTRBL2\"><strong>Gigabit Ethernet<\/strong><br \/>\nRJ45 Gigabit Ethernet connection, say goodbye to the snail<\/p>\n<\/div>\n<div>\n<p><img decoding=\"async\" src=\"https:\/\/www.waveshare.com\/img\/devkit\/CM4-DISP-BASE-5A\/CM4-DISP-BASE-5A-details-26.jpg\" \/><\/p>\n<p class=\"alignl pdTRBL2\"><strong>Dual MIPI CSI-2 ports<\/strong><br \/>\nallows connecting single camera or binocular cameras with different pixels<\/p>\n<\/div>\n<\/div>\n<\/div>\n<div>\n<h3><\/h3>\n<h3 class=\"richTitle\">Interface Introduction<\/h3>\n<p><img decoding=\"async\" src=\"https:\/\/www.waveshare.com\/img\/devkit\/CM4-DISP-BASE-5A\/CM4-DISP-BASE-5A-details-7.jpg\" \/><\/p>\n<\/div>\n<div>\n<h3><\/h3>\n<h3 class=\"richTitle\">Application Example<\/h3>\n<p class=\"richDesc\">Suitable For Raspberry Pi Applications Or Industrial Scenarios Requiring Multi-Function Peripherals<\/p>\n<p><img decoding=\"async\" src=\"https:\/\/www.waveshare.com\/img\/devkit\/CM4-DISP-BASE-5A\/CM4-DISP-BASE-5A-details-17.jpg\" \/><\/p>\n<\/div>\n<div>\n<div><\/div>\n<h3 class=\"richTitle\">Outline Dimensions<\/h3>\n<p><img decoding=\"async\" src=\"https:\/\/www.waveshare.com\/img\/devkit\/CM4-DISP-BASE-5A\/CM4-DISP-BASE-5A-details-size.jpg\" \/><\/p>\n<\/div>\n<div><\/div>\n<div>\n<div class=\"bgGrey\">\n<h4><strong>WIKI:\u00a0<\/strong><a href=\"http:\/\/www.waveshare.com\/wiki\/CM4-DISP-BASE-5A\" target=\"_blank\" rel=\"noopener\">www.waveshare.com\/wiki\/CM4-DISP-BASE-5A<\/a><\/h4>\n<\/div>\n<\/div>\n","protected":false},"excerpt":{"rendered":"<p>Laaja katselukulma, nopea vaste, tarkat ja luonnolliset v\u00e4rit. Ei aaltoilua kosketettaessa tarjoaa paremman kosketuskokemuksen.<\/p>\n<p><a href=\"https:\/\/raspberrypi.dk\/fi\/myymala\/kategoria\/raspberry-pi-compute-module-4-cm4-fi\/\">Osta Raspberry Pi Compute Module 4 (CM4) t\u00e4\u00e4lt\u00e4.<\/a><\/p>\n","protected":false},"featured_media":220274,"comment_status":"open","ping_status":"closed","template":"","meta":[],"product_brand":[],"product_cat":[729,728],"product_tag":[783],"class_list":{"0":"post-220269","1":"product","2":"type-product","3":"status-publish","4":"has-post-thumbnail","6":"product_cat-teollinen-raspberry-pi-fi","7":"product_cat-raspberry-pi-naytot","8":"product_tag-cm4-fi","10":"first","11":"outofstock","12":"taxable","13":"shipping-taxable","14":"purchasable","15":"product-type-simple"},"composite_virtual":false,"composite_layout":"","composite_add_to_cart_form_location":"","composite_editable_in_cart":false,"composite_sold_individually_context":"","composite_shop_price_calc":"","composite_components":[],"composite_scenarios":[],"bundled_by":[],"bundle_stock_status":"outofstock","bundle_stock_quantity":0,"bundle_virtual":false,"bundle_layout":"","bundle_add_to_cart_form_location":"","bundle_editable_in_cart":false,"bundle_sold_individually_context":"","bundle_item_grouping":"","bundle_min_size":"","bundle_max_size":"","bundle_price":[],"bundled_items":[],"bundle_sell_ids":[],"yoast_head":"<!-- This site is optimized with the Yoast SEO plugin v27.1.1 - https:\/\/yoast.com\/product\/yoast-seo-wordpress\/ -->\n<title>Waveshare 5\u2033 Touch Screen Expansion for Raspberry Pi CM4 \u2022 RaspberryPi.dk<\/title>\n<meta name=\"robots\" content=\"index, follow, max-snippet:-1, max-image-preview:large, max-video-preview:-1\" \/>\n<link rel=\"canonical\" href=\"https:\/\/raspberrypi.dk\/fi\/tuote\/waveshare-5%e2%80%b3-touch-screen-expansion-til-raspberry-pi-cm4\/\" \/>\n<meta property=\"og:locale\" content=\"fi_FI\" \/>\n<meta property=\"og:type\" content=\"article\" \/>\n<meta property=\"og:title\" content=\"Waveshare 5\u2033 Touch Screen Expansion for Raspberry Pi CM4 \u2022 RaspberryPi.dk\" \/>\n<meta property=\"og:description\" content=\"Laaja katselukulma, nopea vaste, tarkat ja luonnolliset v\u00e4rit. Ei aaltoilua kosketettaessa tarjoaa paremman kosketuskokemuksen.  Osta Raspberry Pi Compute Module 4 (CM4) t\u00e4\u00e4lt\u00e4.\" \/>\n<meta property=\"og:url\" content=\"https:\/\/raspberrypi.dk\/fi\/tuote\/waveshare-5%e2%80%b3-touch-screen-expansion-til-raspberry-pi-cm4\/\" \/>\n<meta property=\"og:site_name\" content=\"RaspberryPi.dk\" \/>\n<meta property=\"article:publisher\" content=\"https:\/\/facebook.com\/RaspberryPiDanmark\" \/>\n<meta property=\"article:modified_time\" content=\"2024-10-15T07:50:06+00:00\" \/>\n<meta property=\"og:image\" content=\"https:\/\/raspberrypi.dk\/wp-content\/uploads\/2023\/03\/cm4-disp-base-5a-1.jpg\" \/>\n\t<meta property=\"og:image:width\" content=\"800\" \/>\n\t<meta property=\"og:image:height\" content=\"800\" \/>\n\t<meta property=\"og:image:type\" content=\"image\/jpeg\" \/>\n<meta name=\"twitter:card\" content=\"summary_large_image\" \/>\n<meta name=\"twitter:site\" content=\"@raspberrypidk\" \/>\n<meta name=\"twitter:label1\" content=\"Arvioitu lukuaika\" \/>\n\t<meta name=\"twitter:data1\" content=\"5 minuuttia\" \/>\n<script type=\"application\/ld+json\" class=\"yoast-schema-graph\">{\"@context\":\"https:\/\/schema.org\",\"@graph\":[{\"@type\":\"WebPage\",\"@id\":\"https:\/\/raspberrypi.dk\/fi\/tuote\/waveshare-5%e2%80%b3-touch-screen-expansion-til-raspberry-pi-cm4\/\",\"url\":\"https:\/\/raspberrypi.dk\/fi\/tuote\/waveshare-5%e2%80%b3-touch-screen-expansion-til-raspberry-pi-cm4\/\",\"name\":\"Waveshare 5\u2033 Touch Screen Expansion for Raspberry Pi CM4 \u2022 RaspberryPi.dk\",\"isPartOf\":{\"@id\":\"https:\/\/raspberrypi.dk\/fi\/#website\"},\"primaryImageOfPage\":{\"@id\":\"https:\/\/raspberrypi.dk\/fi\/tuote\/waveshare-5%e2%80%b3-touch-screen-expansion-til-raspberry-pi-cm4\/#primaryimage\"},\"image\":{\"@id\":\"https:\/\/raspberrypi.dk\/fi\/tuote\/waveshare-5%e2%80%b3-touch-screen-expansion-til-raspberry-pi-cm4\/#primaryimage\"},\"thumbnailUrl\":\"https:\/\/raspberrypi.dk\/wp-content\/uploads\/2023\/03\/cm4-disp-base-5a-1.jpg\",\"datePublished\":\"2023-03-23T13:55:43+00:00\",\"dateModified\":\"2024-10-15T07:50:06+00:00\",\"breadcrumb\":{\"@id\":\"https:\/\/raspberrypi.dk\/fi\/tuote\/waveshare-5%e2%80%b3-touch-screen-expansion-til-raspberry-pi-cm4\/#breadcrumb\"},\"inLanguage\":\"fi\",\"potentialAction\":[{\"@type\":\"ReadAction\",\"target\":[\"https:\/\/raspberrypi.dk\/fi\/tuote\/waveshare-5%e2%80%b3-touch-screen-expansion-til-raspberry-pi-cm4\/\"]}]},{\"@type\":\"ImageObject\",\"inLanguage\":\"fi\",\"@id\":\"https:\/\/raspberrypi.dk\/fi\/tuote\/waveshare-5%e2%80%b3-touch-screen-expansion-til-raspberry-pi-cm4\/#primaryimage\",\"url\":\"https:\/\/raspberrypi.dk\/wp-content\/uploads\/2023\/03\/cm4-disp-base-5a-1.jpg\",\"contentUrl\":\"https:\/\/raspberrypi.dk\/wp-content\/uploads\/2023\/03\/cm4-disp-base-5a-1.jpg\",\"width\":800,\"height\":800,\"caption\":\"5\u2033 Touch Screen Expansion Raspberry Pi CM4\"},{\"@type\":\"BreadcrumbList\",\"@id\":\"https:\/\/raspberrypi.dk\/fi\/tuote\/waveshare-5%e2%80%b3-touch-screen-expansion-til-raspberry-pi-cm4\/#breadcrumb\",\"itemListElement\":[{\"@type\":\"ListItem\",\"position\":1,\"name\":\"Hjem\",\"item\":\"https:\/\/raspberrypi.dk\/fi\/raspberry-pi-verkkokauppa\/\"},{\"@type\":\"ListItem\",\"position\":2,\"name\":\"Shop\",\"item\":\"https:\/\/raspberrypi.dk\/fi\/shop-2\/\"},{\"@type\":\"ListItem\",\"position\":3,\"name\":\"Waveshare 5\u2033 Touch Screen Expansion for Raspberry Pi CM4\"}]},{\"@type\":\"WebSite\",\"@id\":\"https:\/\/raspberrypi.dk\/fi\/#website\",\"url\":\"https:\/\/raspberrypi.dk\/fi\/\",\"name\":\"RaspberryPi.dk\",\"description\":\"Danmarks f\u00f8rende Raspberry Pi side!\",\"publisher\":{\"@id\":\"https:\/\/raspberrypi.dk\/fi\/#organization\"},\"potentialAction\":[{\"@type\":\"SearchAction\",\"target\":{\"@type\":\"EntryPoint\",\"urlTemplate\":\"https:\/\/raspberrypi.dk\/fi\/?s={search_term_string}\"},\"query-input\":{\"@type\":\"PropertyValueSpecification\",\"valueRequired\":true,\"valueName\":\"search_term_string\"}}],\"inLanguage\":\"fi\"},{\"@type\":\"Organization\",\"@id\":\"https:\/\/raspberrypi.dk\/fi\/#organization\",\"name\":\"RaspberryPi.dk\",\"url\":\"https:\/\/raspberrypi.dk\/fi\/\",\"logo\":{\"@type\":\"ImageObject\",\"inLanguage\":\"fi\",\"@id\":\"https:\/\/raspberrypi.dk\/fi\/#\/schema\/logo\/image\/\",\"url\":\"https:\/\/raspberrypi.dk\/wp-content\/uploads\/2017\/05\/RaspberryPidk_logo-2.png\",\"contentUrl\":\"https:\/\/raspberrypi.dk\/wp-content\/uploads\/2017\/05\/RaspberryPidk_logo-2.png\",\"width\":470,\"height\":110,\"caption\":\"RaspberryPi.dk\"},\"image\":{\"@id\":\"https:\/\/raspberrypi.dk\/fi\/#\/schema\/logo\/image\/\"},\"sameAs\":[\"https:\/\/facebook.com\/RaspberryPiDanmark\",\"https:\/\/x.com\/raspberrypidk\",\"https:\/\/instagram.com\/raspberrypi.dk\"]}]}<\/script>\n<!-- \/ Yoast SEO plugin. -->","yoast_head_json":{"title":"Waveshare 5\u2033 Touch Screen Expansion for Raspberry Pi CM4 \u2022 RaspberryPi.dk","robots":{"index":"index","follow":"follow","max-snippet":"max-snippet:-1","max-image-preview":"max-image-preview:large","max-video-preview":"max-video-preview:-1"},"canonical":"https:\/\/raspberrypi.dk\/fi\/tuote\/waveshare-5%e2%80%b3-touch-screen-expansion-til-raspberry-pi-cm4\/","og_locale":"fi_FI","og_type":"article","og_title":"Waveshare 5\u2033 Touch Screen Expansion for Raspberry Pi CM4 \u2022 RaspberryPi.dk","og_description":"Laaja katselukulma, nopea vaste, tarkat ja luonnolliset v\u00e4rit. Ei aaltoilua kosketettaessa tarjoaa paremman kosketuskokemuksen.  Osta Raspberry Pi Compute Module 4 (CM4) t\u00e4\u00e4lt\u00e4.","og_url":"https:\/\/raspberrypi.dk\/fi\/tuote\/waveshare-5%e2%80%b3-touch-screen-expansion-til-raspberry-pi-cm4\/","og_site_name":"RaspberryPi.dk","article_publisher":"https:\/\/facebook.com\/RaspberryPiDanmark","article_modified_time":"2024-10-15T07:50:06+00:00","og_image":[{"width":800,"height":800,"url":"https:\/\/raspberrypi.dk\/wp-content\/uploads\/2023\/03\/cm4-disp-base-5a-1.jpg","type":"image\/jpeg"}],"twitter_card":"summary_large_image","twitter_site":"@raspberrypidk","twitter_misc":{"Arvioitu lukuaika":"5 minuuttia"},"schema":{"@context":"https:\/\/schema.org","@graph":[{"@type":"WebPage","@id":"https:\/\/raspberrypi.dk\/fi\/tuote\/waveshare-5%e2%80%b3-touch-screen-expansion-til-raspberry-pi-cm4\/","url":"https:\/\/raspberrypi.dk\/fi\/tuote\/waveshare-5%e2%80%b3-touch-screen-expansion-til-raspberry-pi-cm4\/","name":"Waveshare 5\u2033 Touch Screen Expansion for Raspberry Pi CM4 \u2022 RaspberryPi.dk","isPartOf":{"@id":"https:\/\/raspberrypi.dk\/fi\/#website"},"primaryImageOfPage":{"@id":"https:\/\/raspberrypi.dk\/fi\/tuote\/waveshare-5%e2%80%b3-touch-screen-expansion-til-raspberry-pi-cm4\/#primaryimage"},"image":{"@id":"https:\/\/raspberrypi.dk\/fi\/tuote\/waveshare-5%e2%80%b3-touch-screen-expansion-til-raspberry-pi-cm4\/#primaryimage"},"thumbnailUrl":"https:\/\/raspberrypi.dk\/wp-content\/uploads\/2023\/03\/cm4-disp-base-5a-1.jpg","datePublished":"2023-03-23T13:55:43+00:00","dateModified":"2024-10-15T07:50:06+00:00","breadcrumb":{"@id":"https:\/\/raspberrypi.dk\/fi\/tuote\/waveshare-5%e2%80%b3-touch-screen-expansion-til-raspberry-pi-cm4\/#breadcrumb"},"inLanguage":"fi","potentialAction":[{"@type":"ReadAction","target":["https:\/\/raspberrypi.dk\/fi\/tuote\/waveshare-5%e2%80%b3-touch-screen-expansion-til-raspberry-pi-cm4\/"]}]},{"@type":"ImageObject","inLanguage":"fi","@id":"https:\/\/raspberrypi.dk\/fi\/tuote\/waveshare-5%e2%80%b3-touch-screen-expansion-til-raspberry-pi-cm4\/#primaryimage","url":"https:\/\/raspberrypi.dk\/wp-content\/uploads\/2023\/03\/cm4-disp-base-5a-1.jpg","contentUrl":"https:\/\/raspberrypi.dk\/wp-content\/uploads\/2023\/03\/cm4-disp-base-5a-1.jpg","width":800,"height":800,"caption":"5\u2033 Touch Screen Expansion Raspberry Pi CM4"},{"@type":"BreadcrumbList","@id":"https:\/\/raspberrypi.dk\/fi\/tuote\/waveshare-5%e2%80%b3-touch-screen-expansion-til-raspberry-pi-cm4\/#breadcrumb","itemListElement":[{"@type":"ListItem","position":1,"name":"Hjem","item":"https:\/\/raspberrypi.dk\/fi\/raspberry-pi-verkkokauppa\/"},{"@type":"ListItem","position":2,"name":"Shop","item":"https:\/\/raspberrypi.dk\/fi\/shop-2\/"},{"@type":"ListItem","position":3,"name":"Waveshare 5\u2033 Touch Screen Expansion for Raspberry Pi CM4"}]},{"@type":"WebSite","@id":"https:\/\/raspberrypi.dk\/fi\/#website","url":"https:\/\/raspberrypi.dk\/fi\/","name":"RaspberryPi.dk","description":"Danmarks f\u00f8rende Raspberry Pi side!","publisher":{"@id":"https:\/\/raspberrypi.dk\/fi\/#organization"},"potentialAction":[{"@type":"SearchAction","target":{"@type":"EntryPoint","urlTemplate":"https:\/\/raspberrypi.dk\/fi\/?s={search_term_string}"},"query-input":{"@type":"PropertyValueSpecification","valueRequired":true,"valueName":"search_term_string"}}],"inLanguage":"fi"},{"@type":"Organization","@id":"https:\/\/raspberrypi.dk\/fi\/#organization","name":"RaspberryPi.dk","url":"https:\/\/raspberrypi.dk\/fi\/","logo":{"@type":"ImageObject","inLanguage":"fi","@id":"https:\/\/raspberrypi.dk\/fi\/#\/schema\/logo\/image\/","url":"https:\/\/raspberrypi.dk\/wp-content\/uploads\/2017\/05\/RaspberryPidk_logo-2.png","contentUrl":"https:\/\/raspberrypi.dk\/wp-content\/uploads\/2017\/05\/RaspberryPidk_logo-2.png","width":470,"height":110,"caption":"RaspberryPi.dk"},"image":{"@id":"https:\/\/raspberrypi.dk\/fi\/#\/schema\/logo\/image\/"},"sameAs":["https:\/\/facebook.com\/RaspberryPiDanmark","https:\/\/x.com\/raspberrypidk","https:\/\/instagram.com\/raspberrypi.dk"]}]}},"_links":{"self":[{"href":"https:\/\/raspberrypi.dk\/fi\/wp-json\/wp\/v2\/product\/220269","targetHints":{"allow":["GET"]}}],"collection":[{"href":"https:\/\/raspberrypi.dk\/fi\/wp-json\/wp\/v2\/product"}],"about":[{"href":"https:\/\/raspberrypi.dk\/fi\/wp-json\/wp\/v2\/types\/product"}],"replies":[{"embeddable":true,"href":"https:\/\/raspberrypi.dk\/fi\/wp-json\/wp\/v2\/comments?post=220269"}],"wp:featuredmedia":[{"embeddable":true,"href":"https:\/\/raspberrypi.dk\/fi\/wp-json\/wp\/v2\/media\/220274"}],"wp:attachment":[{"href":"https:\/\/raspberrypi.dk\/fi\/wp-json\/wp\/v2\/media?parent=220269"}],"wp:term":[{"taxonomy":"product_brand","embeddable":true,"href":"https:\/\/raspberrypi.dk\/fi\/wp-json\/wp\/v2\/product_brand?post=220269"},{"taxonomy":"product_cat","embeddable":true,"href":"https:\/\/raspberrypi.dk\/fi\/wp-json\/wp\/v2\/product_cat?post=220269"},{"taxonomy":"product_tag","embeddable":true,"href":"https:\/\/raspberrypi.dk\/fi\/wp-json\/wp\/v2\/product_tag?post=220269"}],"curies":[{"name":"wp","href":"https:\/\/api.w.org\/{rel}","templated":true}]}}