{"id":220276,"date":"2023-03-23T14:39:35","date_gmt":"2023-03-23T13:39:35","guid":{"rendered":"https:\/\/raspberrypi.dk\/produkt\/waveshare-2-8%e2%80%b3-touch-screen-expansion-til-raspberry-pi-compute-module-4\/"},"modified":"2024-04-04T16:04:39","modified_gmt":"2024-04-04T14:04:39","slug":"waveshare-2-8%e2%80%b3-touch-screen-expansion-til-raspberry-pi-compute-module-4","status":"publish","type":"product","link":"https:\/\/raspberrypi.dk\/fi\/tuote\/waveshare-2-8%e2%80%b3-touch-screen-expansion-til-raspberry-pi-compute-module-4\/","title":{"rendered":"Waveshare 2.8\u2033 Touch Screen Expansion for Raspberry Pi Compute Module 4"},"content":{"rendered":"<div>\n<h3>In the box<\/h3>\n<ol>\n<li>Touch screen expansion board x1<\/li>\n<li>Screws pack x1<\/li>\n<li>Interface expander x1<\/li>\n<\/ol>\n<div class=\"imgTextWrap\">\n<div>1<img decoding=\"async\" src=\"https:\/\/www.waveshare.com\/img\/devkit\/CM4-DISP-BASE-2.8A\/CM4-DISP-BASE-2.8A-2_220.jpg\" \/><\/div>\n<div>2<a href=\"https:\/\/www.waveshare.com\/img\/devkit\/CM4-DISP-BASE-2.8A\/CM4-DISP-BASE-2.8A-10.jpg\"><img decoding=\"async\" src=\"https:\/\/www.waveshare.com\/img\/devkit\/CM4-DISP-BASE-2.8A\/CM4-DISP-BASE-2.8A-10_93.jpg\" \/><\/a><\/div>\n<div>3<img decoding=\"async\" src=\"https:\/\/www.waveshare.com\/img\/devkit\/CM4-DISP-BASE-2.8A\/CM4-DISP-BASE-2.8A-5_220.jpg\" \/><\/div>\n<\/div>\n<h3><\/h3>\n<p>Total:<\/p>\n<h3><img decoding=\"async\" class=\"round1234\" src=\"https:\/\/www.waveshare.com\/img\/devkit\/CM4-DISP-BASE-2.8A\/CM4-DISP-BASE-2.8A-6_460.jpg\" \/><\/h3>\n<p class=\"alignl pdTRBL\"><strong>Touch screen expansion board + interface expander<\/strong><br \/>\nThe touch screen expansion board and an additional interface expander, with Gigabit Ethernet port, M.2 slot for connecting communication module or SSD, and more USB ports.<\/p>\n<h3 class=\"richTitle\">Optical Bonding Touch Screen<\/h3>\n<p class=\"richDesc\">2.8\u2033 Display With 5-Point Capacitive Touch Control, Better Touch Experience From The Optical Bonding Screen, Together With 6H Toughened Glass Panel, More Safe To Use<\/p>\n<p><img decoding=\"async\" src=\"https:\/\/www.waveshare.com\/img\/devkit\/CM4-DISP-BASE-2.8A\/CM4-DISP-BASE-2.8A-details-4.jpg\" \/><\/p>\n<\/div>\n<div class=\"pdT\">\n<h3><\/h3>\n<h3 class=\"richTitle\">Just Slightly Larger Than <a href=\"https:\/\/raspberrypi.dk\/produkt\/raspberry-pi-compute-module-4\/\">CM4<\/a><\/h3>\n<p><img decoding=\"async\" src=\"https:\/\/www.waveshare.com\/img\/devkit\/CM4-DISP-BASE-2.8A\/CM4-DISP-BASE-2.8A-details-3.jpg\" \/><\/p>\n<\/div>\n<div class=\"msg msg_warning\">for reference ONLY, CM4 is NOT included.<\/div>\n<div>\n<h3><\/h3>\n<h3 class=\"richTitle\">Touch Screen Expansion Board Introduction<\/h3>\n<p><img decoding=\"async\" src=\"https:\/\/www.waveshare.com\/img\/devkit\/CM4-DISP-BASE-2.8A\/CM4-DISP-BASE-2.8A-details-5.jpg\" \/><\/p>\n<table class=\"tabSty-2 alignl mgnTB subBlock\">\n<tbody>\n<tr>\n<th>CM4 SOCKET<\/th>\n<td>suitable for all variants of Compute Module 4<\/td>\n<\/tr>\n<tr>\n<th>USB<\/th>\n<td>USB 2.0 \u00d7 1<\/td>\n<\/tr>\n<tr>\n<th>CONNECTOR<\/th>\n<td>MIPI CSI 22PIN 0.5mm camera connector<\/td>\n<\/tr>\n<tr>\n<th>DISPLAY<\/th>\n<td>2.8\u2033 Optical Bonding screen, 480 \u00d7 640 pixels, 5-point capacitive touch, toughened glass panel<\/td>\n<\/tr>\n<tr>\n<th>VIDEO<\/th>\n<td>micro HDMI \u00d7 1, supports 4K 30fps output<\/td>\n<\/tr>\n<tr>\n<th>STORAGE<\/th>\n<td>MicroSD card socket for Compute Module 4 Lite (without eMMC) variants<\/td>\n<\/tr>\n<tr>\n<th>POWER INPUT<\/th>\n<td>5V<\/td>\n<\/tr>\n<\/tbody>\n<\/table>\n<\/div>\n<div>\n<h3><\/h3>\n<h3 class=\"richTitle\">Interface Expander Introduction<\/h3>\n<p><img decoding=\"async\" src=\"https:\/\/www.waveshare.com\/img\/devkit\/CM4-DISP-BASE-2.8A\/CM4-DISP-BASE-2.8A-details-7.jpg\" \/><\/p>\n<table class=\"tabSty-2 alignl mgnTB subBlock\">\n<tbody>\n<tr>\n<th rowspan=\"2\"><strong>NETWORKING<\/strong><\/th>\n<td>Gigabit Ethernet RJ45<\/td>\n<\/tr>\n<tr>\n<td>M.2 M KEY, support NVME SSD or communication module<\/td>\n<\/tr>\n<tr>\n<th><strong>USB<\/strong><\/th>\n<td>USB 2.0 \u00d7 3<\/td>\n<\/tr>\n<\/tbody>\n<\/table>\n<\/div>\n<div>\n<h3><\/h3>\n<h3 class=\"richTitle\">Application Example<\/h3>\n<p class=\"richDesc\">Suitable For Raspberry Pi Applications Or Other Industrial Occasions Requiring Multi-Function Peripherals<\/p>\n<p><img decoding=\"async\" src=\"https:\/\/www.waveshare.com\/img\/devkit\/CM4-DISP-BASE-2.8A\/CM4-DISP-BASE-2.8A-details-11.jpg\" \/><\/p>\n<\/div>\n<div>\n<h3><\/h3>\n<h3 class=\"richTitle\">Outline Dimensions<\/h3>\n<p><img decoding=\"async\" src=\"https:\/\/www.waveshare.com\/img\/devkit\/CM4-DISP-BASE-2.8A\/CM4-DISP-BASE-2.8A-details-size.jpg\" \/><\/p>\n<\/div>\n<div>\n<div class=\"richTitle\"><\/div>\n<div class=\"bgGrey\">\n<h4><strong>WIKI: <\/strong><a href=\"http:\/\/www.waveshare.com\/wiki\/CM4-DISP-BASE-2.8A\" target=\"_blank\" rel=\"noopener\">CM4-DISP-BASE-2.8A<\/a><\/h4>\n<\/div>\n<\/div>\n","protected":false},"excerpt":{"rendered":"<p>2,8&#8243; n\u00e4ytt\u00f6 5-pisteen kapasitiivisella kosketusohjauksella. Parempi kosketuskokemus optisesta liiman\u00e4yt\u00f6st\u00e4 yhdess\u00e4 6H karkaistun lasipaneelin kanssa tekev\u00e4t siit\u00e4 turvallisempaa.<\/p>\n<p><a href=\"https:\/\/raspberrypi.dk\/fi\/myymala\/kategoria\/raspberry-pi-compute-module-4-cm4-fi\/\">Osta Raspberry Pi Compute Module 4 (CM4) t\u00e4\u00e4lt\u00e4.<\/a><\/p>\n","protected":false},"featured_media":220282,"comment_status":"open","ping_status":"closed","template":"","meta":[],"product_brand":[],"product_cat":[729,728],"product_tag":[783],"class_list":{"0":"post-220276","1":"product","2":"type-product","3":"status-publish","4":"has-post-thumbnail","6":"product_cat-teollinen-raspberry-pi-fi","7":"product_cat-raspberry-pi-naytot","8":"product_tag-cm4-fi","10":"first","11":"instock","12":"taxable","13":"shipping-taxable","14":"purchasable","15":"product-type-simple"},"composite_virtual":false,"composite_layout":"","composite_add_to_cart_form_location":"","composite_editable_in_cart":false,"composite_sold_individually_context":"","composite_shop_price_calc":"","composite_components":[],"composite_scenarios":[],"bundled_by":[],"bundle_stock_status":"instock","bundle_stock_quantity":4,"bundle_virtual":false,"bundle_layout":"","bundle_add_to_cart_form_location":"","bundle_editable_in_cart":false,"bundle_sold_individually_context":"","bundle_item_grouping":"","bundle_min_size":"","bundle_max_size":"","bundle_price":[],"bundled_items":[],"bundle_sell_ids":[],"yoast_head":"<!-- This site is optimized with the Yoast SEO plugin v27.1.1 - https:\/\/yoast.com\/product\/yoast-seo-wordpress\/ -->\n<title>Waveshare 2.8\u2033 Touch Screen Expansion for Raspberry Pi Compute Module 4 \u2022 RaspberryPi.dk<\/title>\n<meta name=\"robots\" content=\"index, follow, max-snippet:-1, max-image-preview:large, max-video-preview:-1\" \/>\n<link rel=\"canonical\" href=\"https:\/\/raspberrypi.dk\/fi\/tuote\/waveshare-2-8%e2%80%b3-touch-screen-expansion-til-raspberry-pi-compute-module-4\/\" \/>\n<meta property=\"og:locale\" content=\"fi_FI\" \/>\n<meta property=\"og:type\" content=\"article\" \/>\n<meta property=\"og:title\" content=\"Waveshare 2.8\u2033 Touch Screen Expansion for Raspberry Pi Compute Module 4 \u2022 RaspberryPi.dk\" \/>\n<meta property=\"og:description\" content=\"2,8&quot; n\u00e4ytt\u00f6 5-pisteen kapasitiivisella kosketusohjauksella. Parempi kosketuskokemus optisesta liiman\u00e4yt\u00f6st\u00e4 yhdess\u00e4 6H karkaistun lasipaneelin kanssa tekev\u00e4t siit\u00e4 turvallisempaa.  Osta Raspberry Pi Compute Module 4 (CM4) t\u00e4\u00e4lt\u00e4.\" \/>\n<meta property=\"og:url\" content=\"https:\/\/raspberrypi.dk\/fi\/tuote\/waveshare-2-8%e2%80%b3-touch-screen-expansion-til-raspberry-pi-compute-module-4\/\" \/>\n<meta property=\"og:site_name\" content=\"RaspberryPi.dk\" \/>\n<meta property=\"article:publisher\" content=\"https:\/\/facebook.com\/RaspberryPiDanmark\" \/>\n<meta property=\"article:modified_time\" content=\"2024-04-04T14:04:39+00:00\" \/>\n<meta property=\"og:image\" content=\"https:\/\/raspberrypi.dk\/wp-content\/uploads\/2023\/03\/cm4-disp-base-2.8a-1.jpg\" \/>\n\t<meta property=\"og:image:width\" content=\"800\" \/>\n\t<meta property=\"og:image:height\" content=\"800\" \/>\n\t<meta property=\"og:image:type\" content=\"image\/jpeg\" \/>\n<meta name=\"twitter:card\" content=\"summary_large_image\" \/>\n<meta name=\"twitter:site\" content=\"@raspberrypidk\" \/>\n<meta name=\"twitter:label1\" content=\"Arvioitu lukuaika\" \/>\n\t<meta name=\"twitter:data1\" content=\"4 minuuttia\" \/>\n<script type=\"application\/ld+json\" class=\"yoast-schema-graph\">{\"@context\":\"https:\/\/schema.org\",\"@graph\":[{\"@type\":\"WebPage\",\"@id\":\"https:\/\/raspberrypi.dk\/fi\/tuote\/waveshare-2-8%e2%80%b3-touch-screen-expansion-til-raspberry-pi-compute-module-4\/\",\"url\":\"https:\/\/raspberrypi.dk\/fi\/tuote\/waveshare-2-8%e2%80%b3-touch-screen-expansion-til-raspberry-pi-compute-module-4\/\",\"name\":\"Waveshare 2.8\u2033 Touch Screen Expansion for Raspberry Pi Compute Module 4 \u2022 RaspberryPi.dk\",\"isPartOf\":{\"@id\":\"https:\/\/raspberrypi.dk\/fi\/#website\"},\"primaryImageOfPage\":{\"@id\":\"https:\/\/raspberrypi.dk\/fi\/tuote\/waveshare-2-8%e2%80%b3-touch-screen-expansion-til-raspberry-pi-compute-module-4\/#primaryimage\"},\"image\":{\"@id\":\"https:\/\/raspberrypi.dk\/fi\/tuote\/waveshare-2-8%e2%80%b3-touch-screen-expansion-til-raspberry-pi-compute-module-4\/#primaryimage\"},\"thumbnailUrl\":\"https:\/\/raspberrypi.dk\/wp-content\/uploads\/2023\/03\/cm4-disp-base-2.8a-1.jpg\",\"datePublished\":\"2023-03-23T13:39:35+00:00\",\"dateModified\":\"2024-04-04T14:04:39+00:00\",\"breadcrumb\":{\"@id\":\"https:\/\/raspberrypi.dk\/fi\/tuote\/waveshare-2-8%e2%80%b3-touch-screen-expansion-til-raspberry-pi-compute-module-4\/#breadcrumb\"},\"inLanguage\":\"fi\",\"potentialAction\":[{\"@type\":\"ReadAction\",\"target\":[\"https:\/\/raspberrypi.dk\/fi\/tuote\/waveshare-2-8%e2%80%b3-touch-screen-expansion-til-raspberry-pi-compute-module-4\/\"]}]},{\"@type\":\"ImageObject\",\"inLanguage\":\"fi\",\"@id\":\"https:\/\/raspberrypi.dk\/fi\/tuote\/waveshare-2-8%e2%80%b3-touch-screen-expansion-til-raspberry-pi-compute-module-4\/#primaryimage\",\"url\":\"https:\/\/raspberrypi.dk\/wp-content\/uploads\/2023\/03\/cm4-disp-base-2.8a-1.jpg\",\"contentUrl\":\"https:\/\/raspberrypi.dk\/wp-content\/uploads\/2023\/03\/cm4-disp-base-2.8a-1.jpg\",\"width\":800,\"height\":800,\"caption\":\"Waveshare 2.8\u2033 Touch Screen Expansion Raspberry Pi Compute Module 4\"},{\"@type\":\"BreadcrumbList\",\"@id\":\"https:\/\/raspberrypi.dk\/fi\/tuote\/waveshare-2-8%e2%80%b3-touch-screen-expansion-til-raspberry-pi-compute-module-4\/#breadcrumb\",\"itemListElement\":[{\"@type\":\"ListItem\",\"position\":1,\"name\":\"Hjem\",\"item\":\"https:\/\/raspberrypi.dk\/fi\/raspberry-pi-verkkokauppa\/\"},{\"@type\":\"ListItem\",\"position\":2,\"name\":\"Shop\",\"item\":\"https:\/\/raspberrypi.dk\/fi\/shop-2\/\"},{\"@type\":\"ListItem\",\"position\":3,\"name\":\"Waveshare 2.8\u2033 Touch Screen Expansion for Raspberry Pi Compute Module 4\"}]},{\"@type\":\"WebSite\",\"@id\":\"https:\/\/raspberrypi.dk\/fi\/#website\",\"url\":\"https:\/\/raspberrypi.dk\/fi\/\",\"name\":\"RaspberryPi.dk\",\"description\":\"Danmarks f\u00f8rende Raspberry Pi side!\",\"publisher\":{\"@id\":\"https:\/\/raspberrypi.dk\/fi\/#organization\"},\"potentialAction\":[{\"@type\":\"SearchAction\",\"target\":{\"@type\":\"EntryPoint\",\"urlTemplate\":\"https:\/\/raspberrypi.dk\/fi\/?s={search_term_string}\"},\"query-input\":{\"@type\":\"PropertyValueSpecification\",\"valueRequired\":true,\"valueName\":\"search_term_string\"}}],\"inLanguage\":\"fi\"},{\"@type\":\"Organization\",\"@id\":\"https:\/\/raspberrypi.dk\/fi\/#organization\",\"name\":\"RaspberryPi.dk\",\"url\":\"https:\/\/raspberrypi.dk\/fi\/\",\"logo\":{\"@type\":\"ImageObject\",\"inLanguage\":\"fi\",\"@id\":\"https:\/\/raspberrypi.dk\/fi\/#\/schema\/logo\/image\/\",\"url\":\"https:\/\/raspberrypi.dk\/wp-content\/uploads\/2017\/05\/RaspberryPidk_logo-2.png\",\"contentUrl\":\"https:\/\/raspberrypi.dk\/wp-content\/uploads\/2017\/05\/RaspberryPidk_logo-2.png\",\"width\":470,\"height\":110,\"caption\":\"RaspberryPi.dk\"},\"image\":{\"@id\":\"https:\/\/raspberrypi.dk\/fi\/#\/schema\/logo\/image\/\"},\"sameAs\":[\"https:\/\/facebook.com\/RaspberryPiDanmark\",\"https:\/\/x.com\/raspberrypidk\",\"https:\/\/instagram.com\/raspberrypi.dk\"]}]}<\/script>\n<!-- \/ Yoast SEO plugin. -->","yoast_head_json":{"title":"Waveshare 2.8\u2033 Touch Screen Expansion for Raspberry Pi Compute Module 4 \u2022 RaspberryPi.dk","robots":{"index":"index","follow":"follow","max-snippet":"max-snippet:-1","max-image-preview":"max-image-preview:large","max-video-preview":"max-video-preview:-1"},"canonical":"https:\/\/raspberrypi.dk\/fi\/tuote\/waveshare-2-8%e2%80%b3-touch-screen-expansion-til-raspberry-pi-compute-module-4\/","og_locale":"fi_FI","og_type":"article","og_title":"Waveshare 2.8\u2033 Touch Screen Expansion for Raspberry Pi Compute Module 4 \u2022 RaspberryPi.dk","og_description":"2,8\" n\u00e4ytt\u00f6 5-pisteen kapasitiivisella kosketusohjauksella. Parempi kosketuskokemus optisesta liiman\u00e4yt\u00f6st\u00e4 yhdess\u00e4 6H karkaistun lasipaneelin kanssa tekev\u00e4t siit\u00e4 turvallisempaa.  Osta Raspberry Pi Compute Module 4 (CM4) t\u00e4\u00e4lt\u00e4.","og_url":"https:\/\/raspberrypi.dk\/fi\/tuote\/waveshare-2-8%e2%80%b3-touch-screen-expansion-til-raspberry-pi-compute-module-4\/","og_site_name":"RaspberryPi.dk","article_publisher":"https:\/\/facebook.com\/RaspberryPiDanmark","article_modified_time":"2024-04-04T14:04:39+00:00","og_image":[{"width":800,"height":800,"url":"https:\/\/raspberrypi.dk\/wp-content\/uploads\/2023\/03\/cm4-disp-base-2.8a-1.jpg","type":"image\/jpeg"}],"twitter_card":"summary_large_image","twitter_site":"@raspberrypidk","twitter_misc":{"Arvioitu lukuaika":"4 minuuttia"},"schema":{"@context":"https:\/\/schema.org","@graph":[{"@type":"WebPage","@id":"https:\/\/raspberrypi.dk\/fi\/tuote\/waveshare-2-8%e2%80%b3-touch-screen-expansion-til-raspberry-pi-compute-module-4\/","url":"https:\/\/raspberrypi.dk\/fi\/tuote\/waveshare-2-8%e2%80%b3-touch-screen-expansion-til-raspberry-pi-compute-module-4\/","name":"Waveshare 2.8\u2033 Touch Screen Expansion for Raspberry Pi Compute Module 4 \u2022 RaspberryPi.dk","isPartOf":{"@id":"https:\/\/raspberrypi.dk\/fi\/#website"},"primaryImageOfPage":{"@id":"https:\/\/raspberrypi.dk\/fi\/tuote\/waveshare-2-8%e2%80%b3-touch-screen-expansion-til-raspberry-pi-compute-module-4\/#primaryimage"},"image":{"@id":"https:\/\/raspberrypi.dk\/fi\/tuote\/waveshare-2-8%e2%80%b3-touch-screen-expansion-til-raspberry-pi-compute-module-4\/#primaryimage"},"thumbnailUrl":"https:\/\/raspberrypi.dk\/wp-content\/uploads\/2023\/03\/cm4-disp-base-2.8a-1.jpg","datePublished":"2023-03-23T13:39:35+00:00","dateModified":"2024-04-04T14:04:39+00:00","breadcrumb":{"@id":"https:\/\/raspberrypi.dk\/fi\/tuote\/waveshare-2-8%e2%80%b3-touch-screen-expansion-til-raspberry-pi-compute-module-4\/#breadcrumb"},"inLanguage":"fi","potentialAction":[{"@type":"ReadAction","target":["https:\/\/raspberrypi.dk\/fi\/tuote\/waveshare-2-8%e2%80%b3-touch-screen-expansion-til-raspberry-pi-compute-module-4\/"]}]},{"@type":"ImageObject","inLanguage":"fi","@id":"https:\/\/raspberrypi.dk\/fi\/tuote\/waveshare-2-8%e2%80%b3-touch-screen-expansion-til-raspberry-pi-compute-module-4\/#primaryimage","url":"https:\/\/raspberrypi.dk\/wp-content\/uploads\/2023\/03\/cm4-disp-base-2.8a-1.jpg","contentUrl":"https:\/\/raspberrypi.dk\/wp-content\/uploads\/2023\/03\/cm4-disp-base-2.8a-1.jpg","width":800,"height":800,"caption":"Waveshare 2.8\u2033 Touch Screen Expansion Raspberry Pi Compute Module 4"},{"@type":"BreadcrumbList","@id":"https:\/\/raspberrypi.dk\/fi\/tuote\/waveshare-2-8%e2%80%b3-touch-screen-expansion-til-raspberry-pi-compute-module-4\/#breadcrumb","itemListElement":[{"@type":"ListItem","position":1,"name":"Hjem","item":"https:\/\/raspberrypi.dk\/fi\/raspberry-pi-verkkokauppa\/"},{"@type":"ListItem","position":2,"name":"Shop","item":"https:\/\/raspberrypi.dk\/fi\/shop-2\/"},{"@type":"ListItem","position":3,"name":"Waveshare 2.8\u2033 Touch Screen Expansion for Raspberry Pi Compute Module 4"}]},{"@type":"WebSite","@id":"https:\/\/raspberrypi.dk\/fi\/#website","url":"https:\/\/raspberrypi.dk\/fi\/","name":"RaspberryPi.dk","description":"Danmarks f\u00f8rende Raspberry Pi side!","publisher":{"@id":"https:\/\/raspberrypi.dk\/fi\/#organization"},"potentialAction":[{"@type":"SearchAction","target":{"@type":"EntryPoint","urlTemplate":"https:\/\/raspberrypi.dk\/fi\/?s={search_term_string}"},"query-input":{"@type":"PropertyValueSpecification","valueRequired":true,"valueName":"search_term_string"}}],"inLanguage":"fi"},{"@type":"Organization","@id":"https:\/\/raspberrypi.dk\/fi\/#organization","name":"RaspberryPi.dk","url":"https:\/\/raspberrypi.dk\/fi\/","logo":{"@type":"ImageObject","inLanguage":"fi","@id":"https:\/\/raspberrypi.dk\/fi\/#\/schema\/logo\/image\/","url":"https:\/\/raspberrypi.dk\/wp-content\/uploads\/2017\/05\/RaspberryPidk_logo-2.png","contentUrl":"https:\/\/raspberrypi.dk\/wp-content\/uploads\/2017\/05\/RaspberryPidk_logo-2.png","width":470,"height":110,"caption":"RaspberryPi.dk"},"image":{"@id":"https:\/\/raspberrypi.dk\/fi\/#\/schema\/logo\/image\/"},"sameAs":["https:\/\/facebook.com\/RaspberryPiDanmark","https:\/\/x.com\/raspberrypidk","https:\/\/instagram.com\/raspberrypi.dk"]}]}},"_links":{"self":[{"href":"https:\/\/raspberrypi.dk\/fi\/wp-json\/wp\/v2\/product\/220276","targetHints":{"allow":["GET"]}}],"collection":[{"href":"https:\/\/raspberrypi.dk\/fi\/wp-json\/wp\/v2\/product"}],"about":[{"href":"https:\/\/raspberrypi.dk\/fi\/wp-json\/wp\/v2\/types\/product"}],"replies":[{"embeddable":true,"href":"https:\/\/raspberrypi.dk\/fi\/wp-json\/wp\/v2\/comments?post=220276"}],"wp:featuredmedia":[{"embeddable":true,"href":"https:\/\/raspberrypi.dk\/fi\/wp-json\/wp\/v2\/media\/220282"}],"wp:attachment":[{"href":"https:\/\/raspberrypi.dk\/fi\/wp-json\/wp\/v2\/media?parent=220276"}],"wp:term":[{"taxonomy":"product_brand","embeddable":true,"href":"https:\/\/raspberrypi.dk\/fi\/wp-json\/wp\/v2\/product_brand?post=220276"},{"taxonomy":"product_cat","embeddable":true,"href":"https:\/\/raspberrypi.dk\/fi\/wp-json\/wp\/v2\/product_cat?post=220276"},{"taxonomy":"product_tag","embeddable":true,"href":"https:\/\/raspberrypi.dk\/fi\/wp-json\/wp\/v2\/product_tag?post=220276"}],"curies":[{"name":"wp","href":"https:\/\/api.w.org\/{rel}","templated":true}]}}