{"id":220299,"date":"2023-03-23T14:24:12","date_gmt":"2023-03-23T13:24:12","guid":{"rendered":"https:\/\/raspberrypi.dk\/produkt\/waveshare-cm4-til-raspberry-pi-4-model-b-adapter\/"},"modified":"2025-06-01T20:20:37","modified_gmt":"2025-06-01T18:20:37","slug":"waveshare-cm4-til-raspberry-pi-4-model-b-adapter","status":"publish","type":"product","link":"https:\/\/raspberrypi.dk\/fi\/tuote\/waveshare-cm4-til-raspberry-pi-4-model-b-adapter\/","title":{"rendered":"Waveshare CM4 for Raspberry Pi 4 Model B Adapter"},"content":{"rendered":"<div class=\"pdT\">\n<h3 class=\"richTitle\">Designed For You<\/h3>\n<ul class=\"alignl pdTRBL2\">\n<li>Need a <a href=\"https:\/\/raspberrypi.dk\/fi\/shop-2\/\">Pi 4 Model B<\/a> with eMMC function while the TF card is not very stable? This adapter is designed for you<\/li>\n<li>If you need 4-ch USB3.0 and dislike the slow USB2.0 interface, you can choose this adapter<\/li>\n<li>Suitable for application scenarios which require wider temperature range<\/li>\n<li>Need to find an alternative solution for your product which is designed based on the Raspberry Pi 4B<\/li>\n<\/ul>\n<\/div>\n<div>\n<h3 class=\"richTitle\">Features At A Glance<\/h3>\n<div class=\"bgGrey alignl subBlock mgnTB\">\n<ul>\n<li>Onboard standard CM4 connector, support access to CM4 Lite \/ eMMc series boards with Quad Core Cortex A72 64-bit processor, more powerful performance<\/li>\n<li>Easily compatible with the interfaces of Raspberry Pi 4B board<\/li>\n<li>Onboard 4-ch USB 3.0 ports, compatible with USB 2.0 \/ 1.1 transmission<\/li>\n<li>Onboard RJ45 Gigabit Ethernet port, 10 \/ 100 \/ 1000 M adaptive<\/li>\n<li>Onboard PoE header, for connecting PoE HATs<\/li>\n<\/ul>\n<\/div>\n<\/div>\n<p>&nbsp;<\/p>\n<div>\n<h3 class=\"richTitle\">Based On <a href=\"https:\/\/raspberrypi.dk\/fi\/myymala\/kategoria\/raspberry-pi-compute-module-4-cm4-fi\/\">Raspberry Pi CM4<\/a><\/h3>\n<p class=\"richDesc\">Use CM4 To Reproduce The Original Appearance Of The Pi 4B As Much As Possible<br \/>\nMore Cost-Effective Choice<\/p>\n<p><img decoding=\"async\" src=\"https:\/\/www.waveshare.com\/img\/devkit\/accBoard\/CM4-to-Pi4-Adapter\/CM4-to-Pi4-Adapter-details-3.jpg\" \/><\/p>\n<\/div>\n<div class=\"msg msg_warning\">* CM4 is optional<\/div>\n<div><\/div>\n<div><\/div>\n<div>\n<h3 class=\"richTitle\">Install CM4 Easily<\/h3>\n<p class=\"richDesc\">Onboard Standard CM4 Connector<br \/>\nSupport Access To Compute Module 4 Lite \/ EMMC Series Boards<\/p>\n<p><img decoding=\"async\" src=\"https:\/\/www.waveshare.com\/img\/devkit\/accBoard\/CM4-to-Pi4-Adapter\/CM4-to-Pi4-Adapter-details-5.jpg\" \/><\/p>\n<div class=\"msg msg_warning\">* CM4 is optional<\/div>\n<\/div>\n<p>&nbsp;<\/p>\n<div>\n<h3 class=\"richTitle\">Selection Guide<\/h3>\n<p class=\"richDesc\">This Adapter Board Supports All Variants Of <a href=\"https:\/\/raspberrypi.dk\/produkt\/raspberry-pi-compute-module-4\/\">Compute Module 4<\/a><\/p>\n<\/div>\n<div>\n<h3 class=\"richTitle\">Compatible With <a href=\"https:\/\/raspberrypi.dk\/?s=pi+4+model+b&amp;post_type=product\">Pi 4 Model B<\/a> Series HATs<\/h3>\n<p class=\"richDesc\">Easy Access To Pi 4B Series HATs Or Other Development Projects<\/p>\n<p><img decoding=\"async\" src=\"https:\/\/www.waveshare.com\/img\/devkit\/accBoard\/CM4-to-Pi4-Adapter\/CM4-to-Pi4-Adapter-details-9.jpg\" \/><\/p>\n<div class=\"msg msg_warning\">for reference only, RS485 CAN HAT (B) is NOT included.<\/div>\n<\/div>\n<p>&nbsp;<\/p>\n<div class=\"pdT\">\n<h3 class=\"richTitle\">Interface Introduction<\/h3>\n<p><img decoding=\"async\" src=\"https:\/\/www.waveshare.com\/img\/devkit\/accBoard\/CM4-to-Pi4-Adapter\/CM4-to-Pi4-Adapter-details-7.jpg\" \/><\/p>\n<\/div>\n<div>\n<h3><\/h3>\n<h3><\/h3>\n<h3 class=\"richTitle\">Outline Dimensions<\/h3>\n<p><img decoding=\"async\" src=\"https:\/\/www.waveshare.com\/img\/devkit\/accBoard\/CM4-to-Pi4-Adapter\/CM4-to-Pi4-Adapter-details-size.jpg\" \/><\/p>\n<h4><strong>Wiki:\u00a0<\/strong><a href=\"http:\/\/www.waveshare.com\/wiki\/CM4-to-Pi4-Adapter\" target=\"_blank\" rel=\"noopener\">www.waveshare.com\/wiki\/CM4-to-Pi4-Adapter<\/a><\/h4>\n<\/div>\n","protected":false},"excerpt":{"rendered":"<p>K\u00e4yt\u00e4 CM4:\u00e4\u00e4 toistaaksesi <a href=\"https:\/\/raspberrypi.dk\/fi\/shop-2\/\">Pi 4 Model B<\/a> alkuper\u00e4isen ulkon\u00e4\u00f6n mahdollisimman paljon. Kustannustehokkaampi valinta.<\/p>\n<p><a href=\"https:\/\/raspberrypi.dk\/fi\/myymala\/kategoria\/raspberry-pi-compute-module-4-cm4-fi\/\">Osta Raspberry Pi Compute Module 4 (CM4) t\u00e4\u00e4lt\u00e4.<\/a><\/p>\n","protected":false},"featured_media":220304,"comment_status":"open","ping_status":"closed","template":"","meta":[],"product_brand":[],"product_cat":[729],"product_tag":[783],"class_list":{"0":"post-220299","1":"product","2":"type-product","3":"status-publish","4":"has-post-thumbnail","6":"product_cat-teollinen-raspberry-pi-fi","7":"product_tag-cm4-fi","9":"first","10":"instock","11":"sale","12":"taxable","13":"shipping-taxable","14":"purchasable","15":"product-type-simple"},"composite_virtual":false,"composite_layout":"","composite_add_to_cart_form_location":"","composite_editable_in_cart":false,"composite_sold_individually_context":"","composite_shop_price_calc":"","composite_components":[],"composite_scenarios":[],"bundled_by":[],"bundle_stock_status":"instock","bundle_stock_quantity":7,"bundle_virtual":false,"bundle_layout":"","bundle_add_to_cart_form_location":"","bundle_editable_in_cart":false,"bundle_sold_individually_context":"","bundle_item_grouping":"","bundle_min_size":"","bundle_max_size":"","bundle_price":[],"bundled_items":[],"bundle_sell_ids":[],"yoast_head":"<!-- This site is optimized with the Yoast SEO plugin v27.1.1 - https:\/\/yoast.com\/product\/yoast-seo-wordpress\/ -->\n<title>Waveshare CM4 for Raspberry Pi 4 Model B Adapter \u2022 RaspberryPi.dk<\/title>\n<meta name=\"robots\" content=\"index, follow, max-snippet:-1, max-image-preview:large, max-video-preview:-1\" \/>\n<link rel=\"canonical\" href=\"https:\/\/raspberrypi.dk\/fi\/tuote\/waveshare-cm4-til-raspberry-pi-4-model-b-adapter\/\" \/>\n<meta property=\"og:locale\" content=\"fi_FI\" \/>\n<meta property=\"og:type\" content=\"article\" \/>\n<meta property=\"og:title\" content=\"Waveshare CM4 for Raspberry Pi 4 Model B Adapter \u2022 RaspberryPi.dk\" \/>\n<meta property=\"og:description\" content=\"K\u00e4yt\u00e4 CM4:\u00e4\u00e4 toistaaksesi Pi 4 Model B alkuper\u00e4isen ulkon\u00e4\u00f6n mahdollisimman paljon. Kustannustehokkaampi valinta.  Osta Raspberry Pi Compute Module 4 (CM4) t\u00e4\u00e4lt\u00e4.\" \/>\n<meta property=\"og:url\" content=\"https:\/\/raspberrypi.dk\/fi\/tuote\/waveshare-cm4-til-raspberry-pi-4-model-b-adapter\/\" \/>\n<meta property=\"og:site_name\" content=\"RaspberryPi.dk\" \/>\n<meta property=\"article:publisher\" content=\"https:\/\/facebook.com\/RaspberryPiDanmark\" \/>\n<meta property=\"article:modified_time\" content=\"2025-06-01T18:20:37+00:00\" \/>\n<meta property=\"og:image\" content=\"https:\/\/raspberrypi.dk\/wp-content\/uploads\/2023\/03\/cm4-to-pi4-adapter-1_3.jpg\" \/>\n\t<meta property=\"og:image:width\" content=\"560\" \/>\n\t<meta property=\"og:image:height\" content=\"560\" \/>\n\t<meta property=\"og:image:type\" content=\"image\/jpeg\" \/>\n<meta name=\"twitter:card\" content=\"summary_large_image\" \/>\n<meta name=\"twitter:site\" content=\"@raspberrypidk\" \/>\n<meta name=\"twitter:label1\" content=\"Arvioitu lukuaika\" \/>\n\t<meta name=\"twitter:data1\" content=\"3 minuuttia\" \/>\n<script type=\"application\/ld+json\" class=\"yoast-schema-graph\">{\"@context\":\"https:\/\/schema.org\",\"@graph\":[{\"@type\":\"WebPage\",\"@id\":\"https:\/\/raspberrypi.dk\/fi\/tuote\/waveshare-cm4-til-raspberry-pi-4-model-b-adapter\/\",\"url\":\"https:\/\/raspberrypi.dk\/fi\/tuote\/waveshare-cm4-til-raspberry-pi-4-model-b-adapter\/\",\"name\":\"Waveshare CM4 for Raspberry Pi 4 Model B Adapter \u2022 RaspberryPi.dk\",\"isPartOf\":{\"@id\":\"https:\/\/raspberrypi.dk\/fi\/#website\"},\"primaryImageOfPage\":{\"@id\":\"https:\/\/raspberrypi.dk\/fi\/tuote\/waveshare-cm4-til-raspberry-pi-4-model-b-adapter\/#primaryimage\"},\"image\":{\"@id\":\"https:\/\/raspberrypi.dk\/fi\/tuote\/waveshare-cm4-til-raspberry-pi-4-model-b-adapter\/#primaryimage\"},\"thumbnailUrl\":\"https:\/\/raspberrypi.dk\/wp-content\/uploads\/2023\/03\/cm4-to-pi4-adapter-1_3.jpg\",\"datePublished\":\"2023-03-23T13:24:12+00:00\",\"dateModified\":\"2025-06-01T18:20:37+00:00\",\"breadcrumb\":{\"@id\":\"https:\/\/raspberrypi.dk\/fi\/tuote\/waveshare-cm4-til-raspberry-pi-4-model-b-adapter\/#breadcrumb\"},\"inLanguage\":\"fi\",\"potentialAction\":[{\"@type\":\"ReadAction\",\"target\":[\"https:\/\/raspberrypi.dk\/fi\/tuote\/waveshare-cm4-til-raspberry-pi-4-model-b-adapter\/\"]}]},{\"@type\":\"ImageObject\",\"inLanguage\":\"fi\",\"@id\":\"https:\/\/raspberrypi.dk\/fi\/tuote\/waveshare-cm4-til-raspberry-pi-4-model-b-adapter\/#primaryimage\",\"url\":\"https:\/\/raspberrypi.dk\/wp-content\/uploads\/2023\/03\/cm4-to-pi4-adapter-1_3.jpg\",\"contentUrl\":\"https:\/\/raspberrypi.dk\/wp-content\/uploads\/2023\/03\/cm4-to-pi4-adapter-1_3.jpg\",\"width\":560,\"height\":560,\"caption\":\"Waveshare CM4 Raspberry Pi 4 Model B Adapter\"},{\"@type\":\"BreadcrumbList\",\"@id\":\"https:\/\/raspberrypi.dk\/fi\/tuote\/waveshare-cm4-til-raspberry-pi-4-model-b-adapter\/#breadcrumb\",\"itemListElement\":[{\"@type\":\"ListItem\",\"position\":1,\"name\":\"Hjem\",\"item\":\"https:\/\/raspberrypi.dk\/fi\/raspberry-pi-verkkokauppa\/\"},{\"@type\":\"ListItem\",\"position\":2,\"name\":\"Shop\",\"item\":\"https:\/\/raspberrypi.dk\/fi\/shop-2\/\"},{\"@type\":\"ListItem\",\"position\":3,\"name\":\"Waveshare CM4 for Raspberry Pi 4 Model B Adapter\"}]},{\"@type\":\"WebSite\",\"@id\":\"https:\/\/raspberrypi.dk\/fi\/#website\",\"url\":\"https:\/\/raspberrypi.dk\/fi\/\",\"name\":\"RaspberryPi.dk\",\"description\":\"Danmarks f\u00f8rende Raspberry Pi side!\",\"publisher\":{\"@id\":\"https:\/\/raspberrypi.dk\/fi\/#organization\"},\"potentialAction\":[{\"@type\":\"SearchAction\",\"target\":{\"@type\":\"EntryPoint\",\"urlTemplate\":\"https:\/\/raspberrypi.dk\/fi\/?s={search_term_string}\"},\"query-input\":{\"@type\":\"PropertyValueSpecification\",\"valueRequired\":true,\"valueName\":\"search_term_string\"}}],\"inLanguage\":\"fi\"},{\"@type\":\"Organization\",\"@id\":\"https:\/\/raspberrypi.dk\/fi\/#organization\",\"name\":\"RaspberryPi.dk\",\"url\":\"https:\/\/raspberrypi.dk\/fi\/\",\"logo\":{\"@type\":\"ImageObject\",\"inLanguage\":\"fi\",\"@id\":\"https:\/\/raspberrypi.dk\/fi\/#\/schema\/logo\/image\/\",\"url\":\"https:\/\/raspberrypi.dk\/wp-content\/uploads\/2017\/05\/RaspberryPidk_logo-2.png\",\"contentUrl\":\"https:\/\/raspberrypi.dk\/wp-content\/uploads\/2017\/05\/RaspberryPidk_logo-2.png\",\"width\":470,\"height\":110,\"caption\":\"RaspberryPi.dk\"},\"image\":{\"@id\":\"https:\/\/raspberrypi.dk\/fi\/#\/schema\/logo\/image\/\"},\"sameAs\":[\"https:\/\/facebook.com\/RaspberryPiDanmark\",\"https:\/\/x.com\/raspberrypidk\",\"https:\/\/instagram.com\/raspberrypi.dk\"]}]}<\/script>\n<!-- \/ Yoast SEO plugin. -->","yoast_head_json":{"title":"Waveshare CM4 for Raspberry Pi 4 Model B Adapter \u2022 RaspberryPi.dk","robots":{"index":"index","follow":"follow","max-snippet":"max-snippet:-1","max-image-preview":"max-image-preview:large","max-video-preview":"max-video-preview:-1"},"canonical":"https:\/\/raspberrypi.dk\/fi\/tuote\/waveshare-cm4-til-raspberry-pi-4-model-b-adapter\/","og_locale":"fi_FI","og_type":"article","og_title":"Waveshare CM4 for Raspberry Pi 4 Model B Adapter \u2022 RaspberryPi.dk","og_description":"K\u00e4yt\u00e4 CM4:\u00e4\u00e4 toistaaksesi Pi 4 Model B alkuper\u00e4isen ulkon\u00e4\u00f6n mahdollisimman paljon. Kustannustehokkaampi valinta.  Osta Raspberry Pi Compute Module 4 (CM4) t\u00e4\u00e4lt\u00e4.","og_url":"https:\/\/raspberrypi.dk\/fi\/tuote\/waveshare-cm4-til-raspberry-pi-4-model-b-adapter\/","og_site_name":"RaspberryPi.dk","article_publisher":"https:\/\/facebook.com\/RaspberryPiDanmark","article_modified_time":"2025-06-01T18:20:37+00:00","og_image":[{"width":560,"height":560,"url":"https:\/\/raspberrypi.dk\/wp-content\/uploads\/2023\/03\/cm4-to-pi4-adapter-1_3.jpg","type":"image\/jpeg"}],"twitter_card":"summary_large_image","twitter_site":"@raspberrypidk","twitter_misc":{"Arvioitu lukuaika":"3 minuuttia"},"schema":{"@context":"https:\/\/schema.org","@graph":[{"@type":"WebPage","@id":"https:\/\/raspberrypi.dk\/fi\/tuote\/waveshare-cm4-til-raspberry-pi-4-model-b-adapter\/","url":"https:\/\/raspberrypi.dk\/fi\/tuote\/waveshare-cm4-til-raspberry-pi-4-model-b-adapter\/","name":"Waveshare CM4 for Raspberry Pi 4 Model B Adapter \u2022 RaspberryPi.dk","isPartOf":{"@id":"https:\/\/raspberrypi.dk\/fi\/#website"},"primaryImageOfPage":{"@id":"https:\/\/raspberrypi.dk\/fi\/tuote\/waveshare-cm4-til-raspberry-pi-4-model-b-adapter\/#primaryimage"},"image":{"@id":"https:\/\/raspberrypi.dk\/fi\/tuote\/waveshare-cm4-til-raspberry-pi-4-model-b-adapter\/#primaryimage"},"thumbnailUrl":"https:\/\/raspberrypi.dk\/wp-content\/uploads\/2023\/03\/cm4-to-pi4-adapter-1_3.jpg","datePublished":"2023-03-23T13:24:12+00:00","dateModified":"2025-06-01T18:20:37+00:00","breadcrumb":{"@id":"https:\/\/raspberrypi.dk\/fi\/tuote\/waveshare-cm4-til-raspberry-pi-4-model-b-adapter\/#breadcrumb"},"inLanguage":"fi","potentialAction":[{"@type":"ReadAction","target":["https:\/\/raspberrypi.dk\/fi\/tuote\/waveshare-cm4-til-raspberry-pi-4-model-b-adapter\/"]}]},{"@type":"ImageObject","inLanguage":"fi","@id":"https:\/\/raspberrypi.dk\/fi\/tuote\/waveshare-cm4-til-raspberry-pi-4-model-b-adapter\/#primaryimage","url":"https:\/\/raspberrypi.dk\/wp-content\/uploads\/2023\/03\/cm4-to-pi4-adapter-1_3.jpg","contentUrl":"https:\/\/raspberrypi.dk\/wp-content\/uploads\/2023\/03\/cm4-to-pi4-adapter-1_3.jpg","width":560,"height":560,"caption":"Waveshare CM4 Raspberry Pi 4 Model B Adapter"},{"@type":"BreadcrumbList","@id":"https:\/\/raspberrypi.dk\/fi\/tuote\/waveshare-cm4-til-raspberry-pi-4-model-b-adapter\/#breadcrumb","itemListElement":[{"@type":"ListItem","position":1,"name":"Hjem","item":"https:\/\/raspberrypi.dk\/fi\/raspberry-pi-verkkokauppa\/"},{"@type":"ListItem","position":2,"name":"Shop","item":"https:\/\/raspberrypi.dk\/fi\/shop-2\/"},{"@type":"ListItem","position":3,"name":"Waveshare CM4 for Raspberry Pi 4 Model B Adapter"}]},{"@type":"WebSite","@id":"https:\/\/raspberrypi.dk\/fi\/#website","url":"https:\/\/raspberrypi.dk\/fi\/","name":"RaspberryPi.dk","description":"Danmarks f\u00f8rende Raspberry Pi side!","publisher":{"@id":"https:\/\/raspberrypi.dk\/fi\/#organization"},"potentialAction":[{"@type":"SearchAction","target":{"@type":"EntryPoint","urlTemplate":"https:\/\/raspberrypi.dk\/fi\/?s={search_term_string}"},"query-input":{"@type":"PropertyValueSpecification","valueRequired":true,"valueName":"search_term_string"}}],"inLanguage":"fi"},{"@type":"Organization","@id":"https:\/\/raspberrypi.dk\/fi\/#organization","name":"RaspberryPi.dk","url":"https:\/\/raspberrypi.dk\/fi\/","logo":{"@type":"ImageObject","inLanguage":"fi","@id":"https:\/\/raspberrypi.dk\/fi\/#\/schema\/logo\/image\/","url":"https:\/\/raspberrypi.dk\/wp-content\/uploads\/2017\/05\/RaspberryPidk_logo-2.png","contentUrl":"https:\/\/raspberrypi.dk\/wp-content\/uploads\/2017\/05\/RaspberryPidk_logo-2.png","width":470,"height":110,"caption":"RaspberryPi.dk"},"image":{"@id":"https:\/\/raspberrypi.dk\/fi\/#\/schema\/logo\/image\/"},"sameAs":["https:\/\/facebook.com\/RaspberryPiDanmark","https:\/\/x.com\/raspberrypidk","https:\/\/instagram.com\/raspberrypi.dk"]}]}},"_links":{"self":[{"href":"https:\/\/raspberrypi.dk\/fi\/wp-json\/wp\/v2\/product\/220299","targetHints":{"allow":["GET"]}}],"collection":[{"href":"https:\/\/raspberrypi.dk\/fi\/wp-json\/wp\/v2\/product"}],"about":[{"href":"https:\/\/raspberrypi.dk\/fi\/wp-json\/wp\/v2\/types\/product"}],"replies":[{"embeddable":true,"href":"https:\/\/raspberrypi.dk\/fi\/wp-json\/wp\/v2\/comments?post=220299"}],"wp:featuredmedia":[{"embeddable":true,"href":"https:\/\/raspberrypi.dk\/fi\/wp-json\/wp\/v2\/media\/220304"}],"wp:attachment":[{"href":"https:\/\/raspberrypi.dk\/fi\/wp-json\/wp\/v2\/media?parent=220299"}],"wp:term":[{"taxonomy":"product_brand","embeddable":true,"href":"https:\/\/raspberrypi.dk\/fi\/wp-json\/wp\/v2\/product_brand?post=220299"},{"taxonomy":"product_cat","embeddable":true,"href":"https:\/\/raspberrypi.dk\/fi\/wp-json\/wp\/v2\/product_cat?post=220299"},{"taxonomy":"product_tag","embeddable":true,"href":"https:\/\/raspberrypi.dk\/fi\/wp-json\/wp\/v2\/product_tag?post=220299"}],"curies":[{"name":"wp","href":"https:\/\/api.w.org\/{rel}","templated":true}]}}