{"id":220351,"date":"2023-02-10T09:50:11","date_gmt":"2023-02-10T08:50:11","guid":{"rendered":"https:\/\/raspberrypi.dk\/produkt\/edatec-cm4-sensing\/"},"modified":"2025-12-03T11:53:23","modified_gmt":"2025-12-03T10:53:23","slug":"edatec-cm4-sensing","status":"publish","type":"product","link":"https:\/\/raspberrypi.dk\/fi\/tuote\/edatec-cm4-sensing\/","title":{"rendered":"Edatec CM4 Sensing"},"content":{"rendered":"<p><strong>Documents<\/strong><\/p>\n<p><a href=\"https:\/\/raspberrypi.dk\/wp-content\/uploads\/2023\/02\/Datasheet-of-ED-CM4SEN-2023-01-09-ENG.pdf\">Datasheet of ED-CM4SEN-2023-01-09-ENG<\/a><\/p>\n<p><strong>CM4 Sensing<\/strong>\u00a0provides 4G\/LTE module, 4 channels RS485,1 channel RS232, 1 channel CAN, 1 channel Gigabit Ethernet port, alarm buzzer, battery-powered real-time clock.<\/p>\n<p>The DSI interface of CM4 Sensing are fully compatible with Raspberry Pi4 Model B, supports Raspberry Pi official 7&#8243; touch display. A 5V\/1.5A power output provides the power for Pi Display, the Standard HDMI interface can output 4K HD video.<\/p>\n<p>CM4 Sensing provides 2 channels USB 2.0 and 1 channel Micro USB 2.0 interfaces, and Micro USB interface is used to update the system image.<\/p>\n<p>The system supports +8V~28VDC* power input, the dimension of CM4 Sensing is\u00a0<code>103*73*32mm<\/code>, which is slightly larger than Pi4 Model B. The connectors come out from front and back end, a\u00a0<code>103*73mm*5mm<\/code>\u00a0heat sink provides excellent cooling performance for CPU, wireless module and PMU, the whole system can work reliably in a high temperature environment. Based on our real testing in the lab, CM4 Sensing can work reliably at ambient temperature of -25~60\u00b0C.<\/p>\n<p>Four M2.5 screw holes are reserved at the case bottom of the CM4 Sensing, which is convenient for users to install the CM4 Sensing on other equipment, it also supports\u00a0<strong>DIN rail mounting and wall mounting<\/strong>.<\/p>\n<h2 id=\"hardware-specification\"><a class=\"header-anchor\" href=\"https:\/\/docs.edatec.cn\/cm4sen\/introduction.html#hardware-specification\">#<\/a>Hardware Specification<\/h2>\n<h3 id=\"raspberry-pi-cm4-inside\"><a class=\"header-anchor\" href=\"https:\/\/docs.edatec.cn\/cm4sen\/introduction.html#raspberry-pi-cm4-inside\">#<\/a>Raspberry Pi CM4 Inside<\/h3>\n<ul>\n<li>Broadcom BCM2711\n<ul>\n<li>Quad-core, Cortex-A72, 1.5GHz ARM v8 64-bit CPU<\/li>\n<li>Support H.264, H.265 decoding, Support 4Kp60 video play<\/li>\n<li>Support H.264 encoding<\/li>\n<li>Support OpenGL EL 3.0<\/li>\n<\/ul>\n<\/li>\n<li>DDR\n<ul>\n<li>LPDDR4, up to 3200MT\/s<\/li>\n<li>1GB | 2GB | 4GB | 8GB<\/li>\n<\/ul>\n<\/li>\n<li>Dual Storage\n<ul>\n<li>8GB | 16GB | 32GB eMMC<\/li>\n<li>micro-SD Card for Data storage<\/li>\n<\/ul>\n<\/li>\n<\/ul>\n<h3 id=\"dual-storage\"><a class=\"header-anchor\" href=\"https:\/\/docs.edatec.cn\/cm4sen\/introduction.html#dual-storage\">#<\/a>Dual Storage<\/h3>\n<ul>\n<li>eMMC for rootfs<\/li>\n<li>1x microSD Slot (for data storage)<\/li>\n<\/ul>\n<h3 id=\"display\"><a class=\"header-anchor\" href=\"https:\/\/docs.edatec.cn\/cm4sen\/introduction.html#display\">#<\/a>Display<\/h3>\n<ul>\n<li>1x HDMI Type A<\/li>\n<li>1x DSI, Support Raspberry Pi official 7&#8243; Touch Display<\/li>\n<li>1x HDMI FPC<\/li>\n<\/ul>\n<h3 id=\"wired-interfaces\"><a class=\"header-anchor\" href=\"https:\/\/docs.edatec.cn\/cm4sen\/introduction.html#wired-interfaces\">#<\/a>Wired Interfaces<\/h3>\n<ul>\n<li>1x 10\/100M\/1000Mbps Ethernet<\/li>\n<li>2x USB 2.0 Type A<\/li>\n<li>1x Micro USB 2.0(for eMMC Flashing and some USB Device Applications)<\/li>\n<\/ul>\n<h3 id=\"wireless\"><a class=\"header-anchor\" href=\"https:\/\/docs.edatec.cn\/cm4sen\/introduction.html#wireless\">#<\/a>Wireless<\/h3>\n<ul>\n<li>1x 4G\/LTE module(optional)<\/li>\n<li>1x 2.4G\/5.8G WiFi, IEEE 802.11 b\/g\/n\/ac<\/li>\n<li>1x Bluetooth 5.0, Support BLE<\/li>\n<li>Optional certified WiFi\/BT External antenna with Raspberry Pi CM4<\/li>\n<\/ul>\n<h3 id=\"industrial-interfaces\"><a class=\"header-anchor\" href=\"https:\/\/docs.edatec.cn\/cm4sen\/introduction.html#industrial-interfaces\">#<\/a>Industrial Interfaces<\/h3>\n<ul>\n<li>4x RS485<\/li>\n<li>1x CAN<\/li>\n<li>1x RS232<\/li>\n<li>1x RTC with battery<\/li>\n<li>1x LED for Power Indicator<\/li>\n<li>1x LED for System status Indicator<\/li>\n<li>1x Buzzer<\/li>\n<\/ul>\n<h3 id=\"expansion-interfaces\"><a class=\"header-anchor\" href=\"https:\/\/docs.edatec.cn\/cm4sen\/introduction.html#expansion-interfaces\">#<\/a>Expansion Interfaces<\/h3>\n<ul>\n<li>Mini PCIe slot with 1-lane PCIe Gen2 and 1x USB 2.0 Host<\/li>\n<\/ul>\n<h3 id=\"power-in\"><a class=\"header-anchor\" href=\"https:\/\/docs.edatec.cn\/cm4sen\/introduction.html#power-in\">#<\/a>Power In<\/h3>\n<ul>\n<li>8~28V DC Power Jack\uff0cOptional Phoenix terminal for power in<\/li>\n<\/ul>\n<h3 id=\"operating-temperature\"><a class=\"header-anchor\" href=\"https:\/\/docs.edatec.cn\/cm4sen\/introduction.html#operating-temperature\">#<\/a>Operating Temperature<\/h3>\n<ul>\n<li>-25 ~ 60\u00b0C<\/li>\n<\/ul>\n<h3 id=\"dimension\"><a class=\"header-anchor\" href=\"https:\/\/docs.edatec.cn\/cm4sen\/introduction.html#dimension\">#<\/a>Dimension<\/h3>\n<ul>\n<li>103 mm(L) x 73 mm(W) x 32mm(H)<\/li>\n<\/ul>\n<h2 id=\"software\"><a class=\"header-anchor\" href=\"https:\/\/docs.edatec.cn\/cm4sen\/introduction.html#software\">#<\/a>Software<\/h2>\n<h3 id=\"raspberry-pi-ecosystem\"><a class=\"header-anchor\" href=\"https:\/\/docs.edatec.cn\/cm4sen\/introduction.html#raspberry-pi-ecosystem\">#<\/a>Raspberry Pi Ecosystem<\/h3>\n<ul>\n<li>Compatible with Origin Raspberry Pi OS, support 32-bit and 64-bit OS<\/li>\n<li>Support install and update BSP with apt-get<\/li>\n<li>Support Kernel and OS Upgrade<\/li>\n<li>Pre-installed Os in eMMC, ready-to-use<\/li>\n<\/ul>\n<h2 id=\"interface-diagram\"><a class=\"header-anchor\" href=\"https:\/\/docs.edatec.cn\/cm4sen\/introduction.html#interface-diagram\">#<\/a>Interface Diagram<\/h2>\n<h3 id=\"top\"><a class=\"header-anchor\" href=\"https:\/\/docs.edatec.cn\/cm4sen\/introduction.html#top\">#<\/a>Top<\/h3>\n<p><img decoding=\"async\" src=\"https:\/\/docs.edatec.cn\/cm4sen\/assets\/img\/cm4sen\/ed-cm4sen-interface-diagram-top.png\" \/><\/p>\n<h3 id=\"bottom\"><a class=\"header-anchor\" href=\"https:\/\/docs.edatec.cn\/cm4sen\/introduction.html#bottom\">#<\/a>Bottom<\/h3>\n<p><img decoding=\"async\" src=\"https:\/\/docs.edatec.cn\/cm4sen\/assets\/img\/cm4sen\/ed-cm4sen-interface-diagram-bottom.png\" \/><\/p>\n","protected":false},"excerpt":{"rendered":"<p>CM4 Sensing on teollinen tietokone, joka on suunniteltu IoT- ja tiedonhankintasovelluksiin, jotka perustuvat Raspberry Pi Compute Module 4 (lyhennettyn\u00e4 CM4). Se hy\u00f6dynt\u00e4\u00e4 t\u00e4ysim\u00e4\u00e4r\u00e4isesti CM4:n rakenteellista joustavuutta CPU, langattoman moduulin ja PMU:n l\u00e4mm\u00f6npoisto-ongelman ratkaisemiseksi. Ulkoinen antenni parantaa langattoman viestinn\u00e4n luotettavuutta.<\/p>\n<p><strong>CM4<\/strong> is included, installed and preflashed. Choose variant below.<\/p>\n","protected":false},"featured_media":220366,"comment_status":"open","ping_status":"closed","template":"","meta":[],"product_brand":[],"product_cat":[729],"product_tag":[783],"class_list":{"0":"post-220351","1":"product","2":"type-product","3":"status-publish","4":"has-post-thumbnail","6":"product_cat-teollinen-raspberry-pi-fi","7":"product_tag-cm4-fi","9":"first","10":"outofstock","11":"taxable","12":"shipping-taxable","13":"purchasable","14":"product-type-variable","15":"has-default-attributes"},"composite_virtual":false,"composite_layout":"","composite_add_to_cart_form_location":"","composite_editable_in_cart":false,"composite_sold_individually_context":"","composite_shop_price_calc":"","composite_components":[],"composite_scenarios":[],"bundled_by":[],"bundle_stock_status":"outofstock","bundle_stock_quantity":null,"bundle_virtual":false,"bundle_layout":"","bundle_add_to_cart_form_location":"","bundle_editable_in_cart":false,"bundle_sold_individually_context":"","bundle_item_grouping":"","bundle_min_size":"","bundle_max_size":"","bundle_price":[],"bundled_items":[],"bundle_sell_ids":[221258],"yoast_head":"<!-- This site is optimized with the Yoast SEO plugin v27.1.1 - https:\/\/yoast.com\/product\/yoast-seo-wordpress\/ -->\n<title>Edatec CM4 Sensing \u2022 RaspberryPi.dk<\/title>\n<meta name=\"robots\" content=\"index, follow, max-snippet:-1, max-image-preview:large, max-video-preview:-1\" \/>\n<link rel=\"canonical\" href=\"https:\/\/raspberrypi.dk\/fi\/tuote\/edatec-cm4-sensing\/\" \/>\n<meta property=\"og:locale\" content=\"fi_FI\" \/>\n<meta property=\"og:type\" content=\"article\" \/>\n<meta property=\"og:title\" content=\"Edatec CM4 Sensing \u2022 RaspberryPi.dk\" \/>\n<meta property=\"og:description\" content=\"CM4 Sensing on teollinen tietokone, joka on suunniteltu IoT- ja tiedonhankintasovelluksiin, jotka perustuvat Raspberry Pi Compute Module 4 (lyhennettyn\u00e4 CM4). Se hy\u00f6dynt\u00e4\u00e4 t\u00e4ysim\u00e4\u00e4r\u00e4isesti CM4:n rakenteellista joustavuutta CPU, langattoman moduulin ja PMU:n l\u00e4mm\u00f6npoisto-ongelman ratkaisemiseksi. Ulkoinen antenni parantaa langattoman viestinn\u00e4n luotettavuutta.  CM4 is included, installed and preflashed. Choose variant below.\" \/>\n<meta property=\"og:url\" content=\"https:\/\/raspberrypi.dk\/fi\/tuote\/edatec-cm4-sensing\/\" \/>\n<meta property=\"og:site_name\" content=\"RaspberryPi.dk\" \/>\n<meta property=\"article:publisher\" content=\"https:\/\/facebook.com\/RaspberryPiDanmark\" \/>\n<meta property=\"article:modified_time\" content=\"2025-12-03T10:53:23+00:00\" \/>\n<meta property=\"og:image\" content=\"https:\/\/raspberrypi.dk\/wp-content\/uploads\/2023\/02\/ED-CM4SEN6-scaled.jpg\" \/>\n\t<meta property=\"og:image:width\" content=\"2048\" \/>\n\t<meta property=\"og:image:height\" content=\"1367\" \/>\n\t<meta property=\"og:image:type\" content=\"image\/jpeg\" \/>\n<meta name=\"twitter:card\" content=\"summary_large_image\" \/>\n<meta name=\"twitter:site\" content=\"@raspberrypidk\" \/>\n<meta name=\"twitter:label1\" content=\"Arvioitu lukuaika\" \/>\n\t<meta name=\"twitter:data1\" content=\"4 minuuttia\" \/>\n<script type=\"application\/ld+json\" class=\"yoast-schema-graph\">{\"@context\":\"https:\/\/schema.org\",\"@graph\":[{\"@type\":\"WebPage\",\"@id\":\"https:\/\/raspberrypi.dk\/fi\/tuote\/edatec-cm4-sensing\/\",\"url\":\"https:\/\/raspberrypi.dk\/fi\/tuote\/edatec-cm4-sensing\/\",\"name\":\"Edatec CM4 Sensing \u2022 RaspberryPi.dk\",\"isPartOf\":{\"@id\":\"https:\/\/raspberrypi.dk\/fi\/#website\"},\"primaryImageOfPage\":{\"@id\":\"https:\/\/raspberrypi.dk\/fi\/tuote\/edatec-cm4-sensing\/#primaryimage\"},\"image\":{\"@id\":\"https:\/\/raspberrypi.dk\/fi\/tuote\/edatec-cm4-sensing\/#primaryimage\"},\"thumbnailUrl\":\"https:\/\/raspberrypi.dk\/wp-content\/uploads\/2023\/02\/ED-CM4SEN6-scaled.jpg\",\"datePublished\":\"2023-02-10T08:50:11+00:00\",\"dateModified\":\"2025-12-03T10:53:23+00:00\",\"breadcrumb\":{\"@id\":\"https:\/\/raspberrypi.dk\/fi\/tuote\/edatec-cm4-sensing\/#breadcrumb\"},\"inLanguage\":\"fi\",\"potentialAction\":[{\"@type\":\"ReadAction\",\"target\":[\"https:\/\/raspberrypi.dk\/fi\/tuote\/edatec-cm4-sensing\/\"]}]},{\"@type\":\"ImageObject\",\"inLanguage\":\"fi\",\"@id\":\"https:\/\/raspberrypi.dk\/fi\/tuote\/edatec-cm4-sensing\/#primaryimage\",\"url\":\"https:\/\/raspberrypi.dk\/wp-content\/uploads\/2023\/02\/ED-CM4SEN6-scaled.jpg\",\"contentUrl\":\"https:\/\/raspberrypi.dk\/wp-content\/uploads\/2023\/02\/ED-CM4SEN6-scaled.jpg\",\"width\":2048,\"height\":1367,\"caption\":\"ED-CM4SEN(6)\"},{\"@type\":\"BreadcrumbList\",\"@id\":\"https:\/\/raspberrypi.dk\/fi\/tuote\/edatec-cm4-sensing\/#breadcrumb\",\"itemListElement\":[{\"@type\":\"ListItem\",\"position\":1,\"name\":\"Hjem\",\"item\":\"https:\/\/raspberrypi.dk\/fi\/raspberry-pi-verkkokauppa\/\"},{\"@type\":\"ListItem\",\"position\":2,\"name\":\"Shop\",\"item\":\"https:\/\/raspberrypi.dk\/fi\/shop-2\/\"},{\"@type\":\"ListItem\",\"position\":3,\"name\":\"Edatec CM4 Sensing\"}]},{\"@type\":\"WebSite\",\"@id\":\"https:\/\/raspberrypi.dk\/fi\/#website\",\"url\":\"https:\/\/raspberrypi.dk\/fi\/\",\"name\":\"RaspberryPi.dk\",\"description\":\"Danmarks f\u00f8rende Raspberry Pi side!\",\"publisher\":{\"@id\":\"https:\/\/raspberrypi.dk\/fi\/#organization\"},\"potentialAction\":[{\"@type\":\"SearchAction\",\"target\":{\"@type\":\"EntryPoint\",\"urlTemplate\":\"https:\/\/raspberrypi.dk\/fi\/?s={search_term_string}\"},\"query-input\":{\"@type\":\"PropertyValueSpecification\",\"valueRequired\":true,\"valueName\":\"search_term_string\"}}],\"inLanguage\":\"fi\"},{\"@type\":\"Organization\",\"@id\":\"https:\/\/raspberrypi.dk\/fi\/#organization\",\"name\":\"RaspberryPi.dk\",\"url\":\"https:\/\/raspberrypi.dk\/fi\/\",\"logo\":{\"@type\":\"ImageObject\",\"inLanguage\":\"fi\",\"@id\":\"https:\/\/raspberrypi.dk\/fi\/#\/schema\/logo\/image\/\",\"url\":\"https:\/\/raspberrypi.dk\/wp-content\/uploads\/2017\/05\/RaspberryPidk_logo-2.png\",\"contentUrl\":\"https:\/\/raspberrypi.dk\/wp-content\/uploads\/2017\/05\/RaspberryPidk_logo-2.png\",\"width\":470,\"height\":110,\"caption\":\"RaspberryPi.dk\"},\"image\":{\"@id\":\"https:\/\/raspberrypi.dk\/fi\/#\/schema\/logo\/image\/\"},\"sameAs\":[\"https:\/\/facebook.com\/RaspberryPiDanmark\",\"https:\/\/x.com\/raspberrypidk\",\"https:\/\/instagram.com\/raspberrypi.dk\"]}]}<\/script>\n<!-- \/ Yoast SEO plugin. -->","yoast_head_json":{"title":"Edatec CM4 Sensing \u2022 RaspberryPi.dk","robots":{"index":"index","follow":"follow","max-snippet":"max-snippet:-1","max-image-preview":"max-image-preview:large","max-video-preview":"max-video-preview:-1"},"canonical":"https:\/\/raspberrypi.dk\/fi\/tuote\/edatec-cm4-sensing\/","og_locale":"fi_FI","og_type":"article","og_title":"Edatec CM4 Sensing \u2022 RaspberryPi.dk","og_description":"CM4 Sensing on teollinen tietokone, joka on suunniteltu IoT- ja tiedonhankintasovelluksiin, jotka perustuvat Raspberry Pi Compute Module 4 (lyhennettyn\u00e4 CM4). Se hy\u00f6dynt\u00e4\u00e4 t\u00e4ysim\u00e4\u00e4r\u00e4isesti CM4:n rakenteellista joustavuutta CPU, langattoman moduulin ja PMU:n l\u00e4mm\u00f6npoisto-ongelman ratkaisemiseksi. Ulkoinen antenni parantaa langattoman viestinn\u00e4n luotettavuutta.  CM4 is included, installed and preflashed. Choose variant below.","og_url":"https:\/\/raspberrypi.dk\/fi\/tuote\/edatec-cm4-sensing\/","og_site_name":"RaspberryPi.dk","article_publisher":"https:\/\/facebook.com\/RaspberryPiDanmark","article_modified_time":"2025-12-03T10:53:23+00:00","og_image":[{"width":2048,"height":1367,"url":"https:\/\/raspberrypi.dk\/wp-content\/uploads\/2023\/02\/ED-CM4SEN6-scaled.jpg","type":"image\/jpeg"}],"twitter_card":"summary_large_image","twitter_site":"@raspberrypidk","twitter_misc":{"Arvioitu lukuaika":"4 minuuttia"},"schema":{"@context":"https:\/\/schema.org","@graph":[{"@type":"WebPage","@id":"https:\/\/raspberrypi.dk\/fi\/tuote\/edatec-cm4-sensing\/","url":"https:\/\/raspberrypi.dk\/fi\/tuote\/edatec-cm4-sensing\/","name":"Edatec CM4 Sensing \u2022 RaspberryPi.dk","isPartOf":{"@id":"https:\/\/raspberrypi.dk\/fi\/#website"},"primaryImageOfPage":{"@id":"https:\/\/raspberrypi.dk\/fi\/tuote\/edatec-cm4-sensing\/#primaryimage"},"image":{"@id":"https:\/\/raspberrypi.dk\/fi\/tuote\/edatec-cm4-sensing\/#primaryimage"},"thumbnailUrl":"https:\/\/raspberrypi.dk\/wp-content\/uploads\/2023\/02\/ED-CM4SEN6-scaled.jpg","datePublished":"2023-02-10T08:50:11+00:00","dateModified":"2025-12-03T10:53:23+00:00","breadcrumb":{"@id":"https:\/\/raspberrypi.dk\/fi\/tuote\/edatec-cm4-sensing\/#breadcrumb"},"inLanguage":"fi","potentialAction":[{"@type":"ReadAction","target":["https:\/\/raspberrypi.dk\/fi\/tuote\/edatec-cm4-sensing\/"]}]},{"@type":"ImageObject","inLanguage":"fi","@id":"https:\/\/raspberrypi.dk\/fi\/tuote\/edatec-cm4-sensing\/#primaryimage","url":"https:\/\/raspberrypi.dk\/wp-content\/uploads\/2023\/02\/ED-CM4SEN6-scaled.jpg","contentUrl":"https:\/\/raspberrypi.dk\/wp-content\/uploads\/2023\/02\/ED-CM4SEN6-scaled.jpg","width":2048,"height":1367,"caption":"ED-CM4SEN(6)"},{"@type":"BreadcrumbList","@id":"https:\/\/raspberrypi.dk\/fi\/tuote\/edatec-cm4-sensing\/#breadcrumb","itemListElement":[{"@type":"ListItem","position":1,"name":"Hjem","item":"https:\/\/raspberrypi.dk\/fi\/raspberry-pi-verkkokauppa\/"},{"@type":"ListItem","position":2,"name":"Shop","item":"https:\/\/raspberrypi.dk\/fi\/shop-2\/"},{"@type":"ListItem","position":3,"name":"Edatec CM4 Sensing"}]},{"@type":"WebSite","@id":"https:\/\/raspberrypi.dk\/fi\/#website","url":"https:\/\/raspberrypi.dk\/fi\/","name":"RaspberryPi.dk","description":"Danmarks f\u00f8rende Raspberry Pi side!","publisher":{"@id":"https:\/\/raspberrypi.dk\/fi\/#organization"},"potentialAction":[{"@type":"SearchAction","target":{"@type":"EntryPoint","urlTemplate":"https:\/\/raspberrypi.dk\/fi\/?s={search_term_string}"},"query-input":{"@type":"PropertyValueSpecification","valueRequired":true,"valueName":"search_term_string"}}],"inLanguage":"fi"},{"@type":"Organization","@id":"https:\/\/raspberrypi.dk\/fi\/#organization","name":"RaspberryPi.dk","url":"https:\/\/raspberrypi.dk\/fi\/","logo":{"@type":"ImageObject","inLanguage":"fi","@id":"https:\/\/raspberrypi.dk\/fi\/#\/schema\/logo\/image\/","url":"https:\/\/raspberrypi.dk\/wp-content\/uploads\/2017\/05\/RaspberryPidk_logo-2.png","contentUrl":"https:\/\/raspberrypi.dk\/wp-content\/uploads\/2017\/05\/RaspberryPidk_logo-2.png","width":470,"height":110,"caption":"RaspberryPi.dk"},"image":{"@id":"https:\/\/raspberrypi.dk\/fi\/#\/schema\/logo\/image\/"},"sameAs":["https:\/\/facebook.com\/RaspberryPiDanmark","https:\/\/x.com\/raspberrypidk","https:\/\/instagram.com\/raspberrypi.dk"]}]}},"_links":{"self":[{"href":"https:\/\/raspberrypi.dk\/fi\/wp-json\/wp\/v2\/product\/220351","targetHints":{"allow":["GET"]}}],"collection":[{"href":"https:\/\/raspberrypi.dk\/fi\/wp-json\/wp\/v2\/product"}],"about":[{"href":"https:\/\/raspberrypi.dk\/fi\/wp-json\/wp\/v2\/types\/product"}],"replies":[{"embeddable":true,"href":"https:\/\/raspberrypi.dk\/fi\/wp-json\/wp\/v2\/comments?post=220351"}],"wp:featuredmedia":[{"embeddable":true,"href":"https:\/\/raspberrypi.dk\/fi\/wp-json\/wp\/v2\/media\/220366"}],"wp:attachment":[{"href":"https:\/\/raspberrypi.dk\/fi\/wp-json\/wp\/v2\/media?parent=220351"}],"wp:term":[{"taxonomy":"product_brand","embeddable":true,"href":"https:\/\/raspberrypi.dk\/fi\/wp-json\/wp\/v2\/product_brand?post=220351"},{"taxonomy":"product_cat","embeddable":true,"href":"https:\/\/raspberrypi.dk\/fi\/wp-json\/wp\/v2\/product_cat?post=220351"},{"taxonomy":"product_tag","embeddable":true,"href":"https:\/\/raspberrypi.dk\/fi\/wp-json\/wp\/v2\/product_tag?post=220351"}],"curies":[{"name":"wp","href":"https:\/\/api.w.org\/{rel}","templated":true}]}}