{"id":220449,"date":"2022-10-14T14:00:13","date_gmt":"2022-10-14T12:00:13","guid":{"rendered":"https:\/\/raspberrypi.dk\/produkt\/waveshare-dual-eth-rs485-mini-computer-perustuu-cm4aeaen\/"},"modified":"2025-05-31T21:22:20","modified_gmt":"2025-05-31T19:22:20","slug":"waveshare-dual-eth-rs485-mini-computer-perustuu-cm4aeaen","status":"publish","type":"product","link":"https:\/\/raspberrypi.dk\/fi\/tuote\/waveshare-dual-eth-rs485-mini-computer-perustuu-cm4aeaen\/","title":{"rendered":"Waveshare Dual ETH RS485 Mini-Computer perustuu CM4:\u00e4\u00e4n"},"content":{"rendered":"<p><strong>Package content:<\/strong><\/p>\n<ol>\n<li>CM4-ETH-RS485-BASE-B x1<\/li>\n<li>Metal case (top and bottom) x1<\/li>\n<li>Fan x1<\/li>\n<li>12V 2A Power Supply x1<\/li>\n<li>Screwdriver x1<\/li>\n<li>Antenna connector rubber plug x1<\/li>\n<li>Screws pack x1<\/li>\n<\/ol>\n<div class=\"pdT\">\n<div class=\"richTitle\">Dual ETH Quad RS485 Computer<br \/>\nBased On CM4<\/div>\n<p class=\"hilitBlock2\">Designed For Raspberry Pi Compute Module 4<\/p>\n<p><img decoding=\"async\" src=\"https:\/\/www.waveshare.com\/img\/devkit\/accBoard\/CM4-ETH-RS485-BOX-B\/CM4-ETH-RS485-BOX-B-details-1.jpg\" \/><\/p>\n<\/div>\n<p>&nbsp;<\/p>\n<div>\n<div class=\"richTitle\">Waveshare Dual ETH Quad RS485 Expansion Board Inside<\/div>\n<p class=\"richDesc\">Make It Easy To Build Your Own Raspberry Pi CM4 Mini PC<\/p>\n<p><img decoding=\"async\" src=\"https:\/\/www.waveshare.com\/img\/devkit\/accBoard\/CM4-ETH-RS485-BOX-B\/CM4-ETH-RS485-BOX-B-details-3.jpg\" \/><\/p>\n<div class=\"msg msg_warning\">for reference only, CM4 is NOT included.<\/div>\n<\/div>\n<div>\n<div class=\"richTitle\">Specifications<\/div>\n<table class=\"tabSty-2 alignl mgnTB subBlock\">\n<tbody>\n<tr>\n<th>CM4 SOCKET<\/th>\n<td>suitable for all variants of Compute Module 4<\/td>\n<\/tr>\n<tr>\n<th>NETWORKING<\/th>\n<td>Gigabit Ethernet RJ45 connector, 100M Ethernet RJ45 connector<\/td>\n<\/tr>\n<tr>\n<th>USB<\/th>\n<td>USB 2.0 Type A \u00d7 2<\/td>\n<\/tr>\n<tr>\n<th>CONNECTOR<\/th>\n<td>Isolated RS485 \u00d7 4, Power screw terminal \u00d7 1<\/td>\n<\/tr>\n<tr>\n<th>CAMERA<\/th>\n<td>MIPI CSI-2 port \u00d7 2 (15pin 1.0mm FPC connector)<\/td>\n<\/tr>\n<tr>\n<th>VIDEO<\/th>\n<td>HDMI port \u00d7 1, supports 4K 30fps output<\/td>\n<\/tr>\n<tr>\n<th>RTC<\/th>\n<td>Real-time clock with battery socket and ability to wake Compute Module 4<\/td>\n<\/tr>\n<tr>\n<th>STORAGE<\/th>\n<td>MicroSD card socket for Compute Module 4 Lite (without eMMC) variants<\/td>\n<\/tr>\n<tr>\n<th>FAN HEADER<\/th>\n<td>allows speed adjustment, 5V<\/td>\n<\/tr>\n<tr>\n<th>INDICATOR<\/th>\n<td>Power indicator \u00d7 1, CM4 status indicator \u00d7 1,<br \/>\nUser LED \u00d7 2, RS485 communication indicator \u00d7 8<\/td>\n<\/tr>\n<tr>\n<th>POWER INPUT<\/th>\n<td>7-36V<\/td>\n<\/tr>\n<tr>\n<th>DIMENSIONS<\/th>\n<td>123 \u00d7 98 \u00d7 32mm<\/td>\n<\/tr>\n<\/tbody>\n<\/table>\n<\/div>\n<p>&nbsp;<\/p>\n<div class=\"pdT\">\n<div class=\"richTitle\">More Rich Interfaces<\/div>\n<p><img decoding=\"async\" src=\"https:\/\/www.waveshare.com\/img\/devkit\/CM4-ETH-RS485-BASE-B\/CM4-ETH-RS485-BASE-B-details-5.jpg\" \/><\/p>\n<\/div>\n<div class=\"pdT\">\n<div class=\"richTitle\">Precise Cut-Out With Clear Label<\/div>\n<p class=\"richDesc\">Each Cut-Out Is Completely Aligned With The Connector<\/p>\n<p><img decoding=\"async\" src=\"https:\/\/www.waveshare.com\/img\/devkit\/accBoard\/CM4-ETH-RS485-BOX-B\/CM4-ETH-RS485-BOX-B-details-5.jpg\" \/><\/p>\n<\/div>\n<div>\n<div class=\"richTitle\">Cooling Fan Included<\/div>\n<p class=\"richDesc\">Comes With Cooling Fan, Combined With The Airflow Vent, Better Heat Dissipation<\/p>\n<p><img decoding=\"async\" src=\"https:\/\/www.waveshare.com\/img\/devkit\/accBoard\/CM4-ETH-RS485-BOX-B\/CM4-ETH-RS485-BOX-B-details-7.jpg\" \/><\/p>\n<\/div>\n<p>&nbsp;<\/p>\n<div class=\"pdT\">\n<div class=\"richTitle\">Wall Mount Support<\/div>\n<p class=\"richDesc\">Wall Mount Holes On Two Sides, Handy For Mounting<\/p>\n<p><img decoding=\"async\" src=\"https:\/\/www.waveshare.com\/img\/devkit\/accBoard\/CM4-ETH-RS485-BOX-B\/CM4-ETH-RS485-BOX-B-details-9.jpg\" \/><\/p>\n<\/div>\n<div>\n<div class=\"richTitle\">Application Examples<\/div>\n<p class=\"richDesc\">Suitable For Raspberry Pi Applications Requiring Multi-Channel RS485 Communication Or Other Industrial Context<\/p>\n<p><img decoding=\"async\" src=\"https:\/\/www.waveshare.com\/img\/devkit\/accBoard\/CM4-ETH-RS485-BOX-B\/CM4-ETH-RS485-BOX-B-details-11.jpg\" \/><\/p>\n<div class=\"msg msg_warning\">for reference only, display, cameras, and antenna are NOT included.<\/div>\n<\/div>\n<p>&nbsp;<\/p>\n<div>\n<div class=\"richTitle\">Outline Dimensions<\/div>\n<p><img decoding=\"async\" src=\"https:\/\/www.waveshare.com\/img\/devkit\/accBoard\/CM4-ETH-RS485-BOX-B\/CM4-ETH-RS485-BOX-B-details-size.jpg\" \/><\/p>\n<\/div>\n","protected":false},"excerpt":{"rendered":"<div class=\"overviewSec\">Dual ETH Mini-Computer For Raspberry Pi Compute Module 4(NOT Included), Gigabit Ethernet, 4CH Isolated RS485, USB2.0.<\/div>\n<div><\/div>\n<div><a href=\"https:\/\/raspberrypi.dk\/fi\/myymala\/kategoria\/raspberry-pi-compute-module-4-cm4-fi\/\">Osta Raspberry Pi Compute Module 4 (CM4) t\u00e4\u00e4lt\u00e4.<\/a><\/div>\n","protected":false},"featured_media":220450,"comment_status":"open","ping_status":"closed","template":"","meta":[],"product_brand":[],"product_cat":[729],"product_tag":[783],"class_list":{"0":"post-220449","1":"product","2":"type-product","3":"status-publish","4":"has-post-thumbnail","6":"product_cat-teollinen-raspberry-pi-fi","7":"product_tag-cm4-fi","9":"first","10":"instock","11":"taxable","12":"shipping-taxable","13":"purchasable","14":"product-type-simple"},"composite_virtual":false,"composite_layout":"","composite_add_to_cart_form_location":"","composite_editable_in_cart":false,"composite_sold_individually_context":"","composite_shop_price_calc":"","composite_components":[],"composite_scenarios":[],"bundled_by":[],"bundle_stock_status":"instock","bundle_stock_quantity":4,"bundle_virtual":false,"bundle_layout":"","bundle_add_to_cart_form_location":"","bundle_editable_in_cart":false,"bundle_sold_individually_context":"","bundle_item_grouping":"","bundle_min_size":"","bundle_max_size":"","bundle_price":[],"bundled_items":[],"bundle_sell_ids":[],"yoast_head":"<!-- This site is optimized with the Yoast SEO plugin v27.1.1 - https:\/\/yoast.com\/product\/yoast-seo-wordpress\/ -->\n<title>Waveshare Dual ETH RS485 Mini-Computer perustuu CM4:\u00e4\u00e4n \u2022 RaspberryPi.dk<\/title>\n<meta name=\"robots\" content=\"index, follow, max-snippet:-1, max-image-preview:large, max-video-preview:-1\" \/>\n<link rel=\"canonical\" href=\"https:\/\/raspberrypi.dk\/fi\/tuote\/waveshare-dual-eth-rs485-mini-computer-perustuu-cm4aeaen\/\" \/>\n<meta property=\"og:locale\" content=\"fi_FI\" \/>\n<meta property=\"og:type\" content=\"article\" \/>\n<meta property=\"og:title\" content=\"Waveshare Dual ETH RS485 Mini-Computer perustuu CM4:\u00e4\u00e4n \u2022 RaspberryPi.dk\" \/>\n<meta property=\"og:description\" content=\"Dual ETH Mini-Computer For Raspberry Pi Compute Module 4(NOT Included), Gigabit Ethernet, 4CH Isolated RS485, USB2.0.  Osta Raspberry Pi Compute Module 4 (CM4) t\u00e4\u00e4lt\u00e4.\" \/>\n<meta property=\"og:url\" content=\"https:\/\/raspberrypi.dk\/fi\/tuote\/waveshare-dual-eth-rs485-mini-computer-perustuu-cm4aeaen\/\" \/>\n<meta property=\"og:site_name\" content=\"RaspberryPi.dk\" \/>\n<meta property=\"article:publisher\" content=\"https:\/\/facebook.com\/RaspberryPiDanmark\" \/>\n<meta property=\"article:modified_time\" content=\"2025-05-31T19:22:20+00:00\" \/>\n<meta property=\"og:image\" content=\"https:\/\/raspberrypi.dk\/wp-content\/uploads\/2022\/10\/cm4-eth-rs485-box-b-1_2.jpeg\" \/>\n\t<meta property=\"og:image:width\" content=\"800\" \/>\n\t<meta property=\"og:image:height\" content=\"800\" \/>\n\t<meta property=\"og:image:type\" content=\"image\/jpeg\" \/>\n<meta name=\"twitter:card\" content=\"summary_large_image\" \/>\n<meta name=\"twitter:site\" content=\"@raspberrypidk\" \/>\n<meta name=\"twitter:label1\" content=\"Arvioitu lukuaika\" \/>\n\t<meta name=\"twitter:data1\" content=\"4 minuuttia\" \/>\n<script type=\"application\/ld+json\" class=\"yoast-schema-graph\">{\"@context\":\"https:\/\/schema.org\",\"@graph\":[{\"@type\":\"WebPage\",\"@id\":\"https:\/\/raspberrypi.dk\/fi\/tuote\/waveshare-dual-eth-rs485-mini-computer-perustuu-cm4aeaen\/\",\"url\":\"https:\/\/raspberrypi.dk\/fi\/tuote\/waveshare-dual-eth-rs485-mini-computer-perustuu-cm4aeaen\/\",\"name\":\"Waveshare Dual ETH RS485 Mini-Computer perustuu CM4:\u00e4\u00e4n \u2022 RaspberryPi.dk\",\"isPartOf\":{\"@id\":\"https:\/\/raspberrypi.dk\/fi\/#website\"},\"primaryImageOfPage\":{\"@id\":\"https:\/\/raspberrypi.dk\/fi\/tuote\/waveshare-dual-eth-rs485-mini-computer-perustuu-cm4aeaen\/#primaryimage\"},\"image\":{\"@id\":\"https:\/\/raspberrypi.dk\/fi\/tuote\/waveshare-dual-eth-rs485-mini-computer-perustuu-cm4aeaen\/#primaryimage\"},\"thumbnailUrl\":\"https:\/\/raspberrypi.dk\/wp-content\/uploads\/2022\/10\/cm4-eth-rs485-box-b-1_2.jpeg\",\"datePublished\":\"2022-10-14T12:00:13+00:00\",\"dateModified\":\"2025-05-31T19:22:20+00:00\",\"breadcrumb\":{\"@id\":\"https:\/\/raspberrypi.dk\/fi\/tuote\/waveshare-dual-eth-rs485-mini-computer-perustuu-cm4aeaen\/#breadcrumb\"},\"inLanguage\":\"fi\",\"potentialAction\":[{\"@type\":\"ReadAction\",\"target\":[\"https:\/\/raspberrypi.dk\/fi\/tuote\/waveshare-dual-eth-rs485-mini-computer-perustuu-cm4aeaen\/\"]}]},{\"@type\":\"ImageObject\",\"inLanguage\":\"fi\",\"@id\":\"https:\/\/raspberrypi.dk\/fi\/tuote\/waveshare-dual-eth-rs485-mini-computer-perustuu-cm4aeaen\/#primaryimage\",\"url\":\"https:\/\/raspberrypi.dk\/wp-content\/uploads\/2022\/10\/cm4-eth-rs485-box-b-1_2.jpeg\",\"contentUrl\":\"https:\/\/raspberrypi.dk\/wp-content\/uploads\/2022\/10\/cm4-eth-rs485-box-b-1_2.jpeg\",\"width\":800,\"height\":800,\"caption\":\"dual eth rs485 cm4 box\"},{\"@type\":\"BreadcrumbList\",\"@id\":\"https:\/\/raspberrypi.dk\/fi\/tuote\/waveshare-dual-eth-rs485-mini-computer-perustuu-cm4aeaen\/#breadcrumb\",\"itemListElement\":[{\"@type\":\"ListItem\",\"position\":1,\"name\":\"Hjem\",\"item\":\"https:\/\/raspberrypi.dk\/fi\/raspberry-pi-verkkokauppa\/\"},{\"@type\":\"ListItem\",\"position\":2,\"name\":\"Shop\",\"item\":\"https:\/\/raspberrypi.dk\/fi\/shop-2\/\"},{\"@type\":\"ListItem\",\"position\":3,\"name\":\"Waveshare Dual ETH RS485 Mini-Computer perustuu CM4:\u00e4\u00e4n\"}]},{\"@type\":\"WebSite\",\"@id\":\"https:\/\/raspberrypi.dk\/fi\/#website\",\"url\":\"https:\/\/raspberrypi.dk\/fi\/\",\"name\":\"RaspberryPi.dk\",\"description\":\"Danmarks f\u00f8rende Raspberry Pi side!\",\"publisher\":{\"@id\":\"https:\/\/raspberrypi.dk\/fi\/#organization\"},\"potentialAction\":[{\"@type\":\"SearchAction\",\"target\":{\"@type\":\"EntryPoint\",\"urlTemplate\":\"https:\/\/raspberrypi.dk\/fi\/?s={search_term_string}\"},\"query-input\":{\"@type\":\"PropertyValueSpecification\",\"valueRequired\":true,\"valueName\":\"search_term_string\"}}],\"inLanguage\":\"fi\"},{\"@type\":\"Organization\",\"@id\":\"https:\/\/raspberrypi.dk\/fi\/#organization\",\"name\":\"RaspberryPi.dk\",\"url\":\"https:\/\/raspberrypi.dk\/fi\/\",\"logo\":{\"@type\":\"ImageObject\",\"inLanguage\":\"fi\",\"@id\":\"https:\/\/raspberrypi.dk\/fi\/#\/schema\/logo\/image\/\",\"url\":\"https:\/\/raspberrypi.dk\/wp-content\/uploads\/2017\/05\/RaspberryPidk_logo-2.png\",\"contentUrl\":\"https:\/\/raspberrypi.dk\/wp-content\/uploads\/2017\/05\/RaspberryPidk_logo-2.png\",\"width\":470,\"height\":110,\"caption\":\"RaspberryPi.dk\"},\"image\":{\"@id\":\"https:\/\/raspberrypi.dk\/fi\/#\/schema\/logo\/image\/\"},\"sameAs\":[\"https:\/\/facebook.com\/RaspberryPiDanmark\",\"https:\/\/x.com\/raspberrypidk\",\"https:\/\/instagram.com\/raspberrypi.dk\"]}]}<\/script>\n<!-- \/ Yoast SEO plugin. -->","yoast_head_json":{"title":"Waveshare Dual ETH RS485 Mini-Computer perustuu CM4:\u00e4\u00e4n \u2022 RaspberryPi.dk","robots":{"index":"index","follow":"follow","max-snippet":"max-snippet:-1","max-image-preview":"max-image-preview:large","max-video-preview":"max-video-preview:-1"},"canonical":"https:\/\/raspberrypi.dk\/fi\/tuote\/waveshare-dual-eth-rs485-mini-computer-perustuu-cm4aeaen\/","og_locale":"fi_FI","og_type":"article","og_title":"Waveshare Dual ETH RS485 Mini-Computer perustuu CM4:\u00e4\u00e4n \u2022 RaspberryPi.dk","og_description":"Dual ETH Mini-Computer For Raspberry Pi Compute Module 4(NOT Included), Gigabit Ethernet, 4CH Isolated RS485, USB2.0.  Osta Raspberry Pi Compute Module 4 (CM4) t\u00e4\u00e4lt\u00e4.","og_url":"https:\/\/raspberrypi.dk\/fi\/tuote\/waveshare-dual-eth-rs485-mini-computer-perustuu-cm4aeaen\/","og_site_name":"RaspberryPi.dk","article_publisher":"https:\/\/facebook.com\/RaspberryPiDanmark","article_modified_time":"2025-05-31T19:22:20+00:00","og_image":[{"width":800,"height":800,"url":"https:\/\/raspberrypi.dk\/wp-content\/uploads\/2022\/10\/cm4-eth-rs485-box-b-1_2.jpeg","type":"image\/jpeg"}],"twitter_card":"summary_large_image","twitter_site":"@raspberrypidk","twitter_misc":{"Arvioitu lukuaika":"4 minuuttia"},"schema":{"@context":"https:\/\/schema.org","@graph":[{"@type":"WebPage","@id":"https:\/\/raspberrypi.dk\/fi\/tuote\/waveshare-dual-eth-rs485-mini-computer-perustuu-cm4aeaen\/","url":"https:\/\/raspberrypi.dk\/fi\/tuote\/waveshare-dual-eth-rs485-mini-computer-perustuu-cm4aeaen\/","name":"Waveshare Dual ETH RS485 Mini-Computer perustuu CM4:\u00e4\u00e4n \u2022 RaspberryPi.dk","isPartOf":{"@id":"https:\/\/raspberrypi.dk\/fi\/#website"},"primaryImageOfPage":{"@id":"https:\/\/raspberrypi.dk\/fi\/tuote\/waveshare-dual-eth-rs485-mini-computer-perustuu-cm4aeaen\/#primaryimage"},"image":{"@id":"https:\/\/raspberrypi.dk\/fi\/tuote\/waveshare-dual-eth-rs485-mini-computer-perustuu-cm4aeaen\/#primaryimage"},"thumbnailUrl":"https:\/\/raspberrypi.dk\/wp-content\/uploads\/2022\/10\/cm4-eth-rs485-box-b-1_2.jpeg","datePublished":"2022-10-14T12:00:13+00:00","dateModified":"2025-05-31T19:22:20+00:00","breadcrumb":{"@id":"https:\/\/raspberrypi.dk\/fi\/tuote\/waveshare-dual-eth-rs485-mini-computer-perustuu-cm4aeaen\/#breadcrumb"},"inLanguage":"fi","potentialAction":[{"@type":"ReadAction","target":["https:\/\/raspberrypi.dk\/fi\/tuote\/waveshare-dual-eth-rs485-mini-computer-perustuu-cm4aeaen\/"]}]},{"@type":"ImageObject","inLanguage":"fi","@id":"https:\/\/raspberrypi.dk\/fi\/tuote\/waveshare-dual-eth-rs485-mini-computer-perustuu-cm4aeaen\/#primaryimage","url":"https:\/\/raspberrypi.dk\/wp-content\/uploads\/2022\/10\/cm4-eth-rs485-box-b-1_2.jpeg","contentUrl":"https:\/\/raspberrypi.dk\/wp-content\/uploads\/2022\/10\/cm4-eth-rs485-box-b-1_2.jpeg","width":800,"height":800,"caption":"dual eth rs485 cm4 box"},{"@type":"BreadcrumbList","@id":"https:\/\/raspberrypi.dk\/fi\/tuote\/waveshare-dual-eth-rs485-mini-computer-perustuu-cm4aeaen\/#breadcrumb","itemListElement":[{"@type":"ListItem","position":1,"name":"Hjem","item":"https:\/\/raspberrypi.dk\/fi\/raspberry-pi-verkkokauppa\/"},{"@type":"ListItem","position":2,"name":"Shop","item":"https:\/\/raspberrypi.dk\/fi\/shop-2\/"},{"@type":"ListItem","position":3,"name":"Waveshare Dual ETH RS485 Mini-Computer perustuu CM4:\u00e4\u00e4n"}]},{"@type":"WebSite","@id":"https:\/\/raspberrypi.dk\/fi\/#website","url":"https:\/\/raspberrypi.dk\/fi\/","name":"RaspberryPi.dk","description":"Danmarks f\u00f8rende Raspberry Pi side!","publisher":{"@id":"https:\/\/raspberrypi.dk\/fi\/#organization"},"potentialAction":[{"@type":"SearchAction","target":{"@type":"EntryPoint","urlTemplate":"https:\/\/raspberrypi.dk\/fi\/?s={search_term_string}"},"query-input":{"@type":"PropertyValueSpecification","valueRequired":true,"valueName":"search_term_string"}}],"inLanguage":"fi"},{"@type":"Organization","@id":"https:\/\/raspberrypi.dk\/fi\/#organization","name":"RaspberryPi.dk","url":"https:\/\/raspberrypi.dk\/fi\/","logo":{"@type":"ImageObject","inLanguage":"fi","@id":"https:\/\/raspberrypi.dk\/fi\/#\/schema\/logo\/image\/","url":"https:\/\/raspberrypi.dk\/wp-content\/uploads\/2017\/05\/RaspberryPidk_logo-2.png","contentUrl":"https:\/\/raspberrypi.dk\/wp-content\/uploads\/2017\/05\/RaspberryPidk_logo-2.png","width":470,"height":110,"caption":"RaspberryPi.dk"},"image":{"@id":"https:\/\/raspberrypi.dk\/fi\/#\/schema\/logo\/image\/"},"sameAs":["https:\/\/facebook.com\/RaspberryPiDanmark","https:\/\/x.com\/raspberrypidk","https:\/\/instagram.com\/raspberrypi.dk"]}]}},"_links":{"self":[{"href":"https:\/\/raspberrypi.dk\/fi\/wp-json\/wp\/v2\/product\/220449","targetHints":{"allow":["GET"]}}],"collection":[{"href":"https:\/\/raspberrypi.dk\/fi\/wp-json\/wp\/v2\/product"}],"about":[{"href":"https:\/\/raspberrypi.dk\/fi\/wp-json\/wp\/v2\/types\/product"}],"replies":[{"embeddable":true,"href":"https:\/\/raspberrypi.dk\/fi\/wp-json\/wp\/v2\/comments?post=220449"}],"wp:featuredmedia":[{"embeddable":true,"href":"https:\/\/raspberrypi.dk\/fi\/wp-json\/wp\/v2\/media\/220450"}],"wp:attachment":[{"href":"https:\/\/raspberrypi.dk\/fi\/wp-json\/wp\/v2\/media?parent=220449"}],"wp:term":[{"taxonomy":"product_brand","embeddable":true,"href":"https:\/\/raspberrypi.dk\/fi\/wp-json\/wp\/v2\/product_brand?post=220449"},{"taxonomy":"product_cat","embeddable":true,"href":"https:\/\/raspberrypi.dk\/fi\/wp-json\/wp\/v2\/product_cat?post=220449"},{"taxonomy":"product_tag","embeddable":true,"href":"https:\/\/raspberrypi.dk\/fi\/wp-json\/wp\/v2\/product_tag?post=220449"}],"curies":[{"name":"wp","href":"https:\/\/api.w.org\/{rel}","templated":true}]}}