{"id":220477,"date":"2022-10-13T11:46:39","date_gmt":"2022-10-13T09:46:39","guid":{"rendered":"https:\/\/raspberrypi.dk\/produkt\/32gb-micro-sd-sandisk-high-endurance-class-10-med-home-assistant-til-pi-4\/"},"modified":"2024-04-05T09:02:28","modified_gmt":"2024-04-05T07:02:28","slug":"32gb-micro-sd-sandisk-high-endurance-class-10-med-home-assistant-til-pi-4","status":"publish","type":"product","link":"https:\/\/raspberrypi.dk\/fi\/tuote\/32gb-micro-sd-sandisk-high-endurance-class-10-med-home-assistant-til-pi-4\/","title":{"rendered":"32GB Micro SD &#8211; SanDisk High Endurance Class 10 &#8211; With Home Assistant for Pi 4"},"content":{"rendered":"<p><strong>Sandisk High Endurance<\/strong> kortit on tehty paljon kirjoittamista varten, ja saat n\u00e4ill\u00e4 korteilla pidemm\u00e4n k\u00e4ytt\u00f6i\u00e4n.<\/p>\n<p>T\u00e4ss\u00e4 kortissa Home Assistant on esiasennettu ja k\u00e4ytt\u00f6valmis.<\/p>\n","protected":false},"excerpt":{"rendered":"<p>Salamannopea 32 GB micro SD -kortti, joka on yhteensopiva Raspberry Pi kanssa ja jolla on pitk\u00e4 k\u00e4ytt\u00f6ik\u00e4. <strong>Esiasennettu Home Assistant for Pi 4:lle.<\/strong><\/p>\n","protected":false},"featured_media":218521,"comment_status":"open","ping_status":"closed","template":"","meta":[],"product_brand":[],"product_cat":[730,734],"product_tag":[719],"class_list":{"0":"post-220477","1":"product","2":"type-product","3":"status-publish","4":"has-post-thumbnail","6":"product_cat-home-assistant-fi","7":"product_cat-sd-kortit-ja-sovittimet","8":"product_tag-rpi4-fi","9":"pa_model-kotiavustaja","11":"first","12":"outofstock","13":"taxable","14":"shipping-taxable","15":"purchasable","16":"product-type-simple"},"composite_virtual":false,"composite_layout":"","composite_add_to_cart_form_location":"","composite_editable_in_cart":false,"composite_sold_individually_context":"","composite_shop_price_calc":"","composite_components":[],"composite_scenarios":[],"bundled_by":[],"bundle_stock_status":"outofstock","bundle_stock_quantity":0,"bundle_virtual":false,"bundle_layout":"","bundle_add_to_cart_form_location":"","bundle_editable_in_cart":false,"bundle_sold_individually_context":"","bundle_item_grouping":"","bundle_min_size":"","bundle_max_size":"","bundle_price":[],"bundled_items":[],"bundle_sell_ids":[],"yoast_head":"<!-- This site is optimized with the Yoast SEO plugin v27.1.1 - https:\/\/yoast.com\/product\/yoast-seo-wordpress\/ -->\n<title>32GB Micro SD - SanDisk High Endurance Class 10 - With Home Assistant for Pi 4 \u2022 RaspberryPi.dk<\/title>\n<meta name=\"robots\" content=\"index, follow, max-snippet:-1, max-image-preview:large, max-video-preview:-1\" \/>\n<link rel=\"canonical\" href=\"https:\/\/raspberrypi.dk\/fi\/tuote\/32gb-micro-sd-sandisk-high-endurance-class-10-med-home-assistant-til-pi-4\/\" \/>\n<meta property=\"og:locale\" content=\"fi_FI\" \/>\n<meta property=\"og:type\" content=\"article\" \/>\n<meta property=\"og:title\" content=\"32GB Micro SD - SanDisk High Endurance Class 10 - With Home Assistant for Pi 4 \u2022 RaspberryPi.dk\" \/>\n<meta property=\"og:description\" content=\"Salamannopea 32 GB micro SD -kortti, joka on yhteensopiva Raspberry Pi kanssa ja jolla on pitk\u00e4 k\u00e4ytt\u00f6ik\u00e4. Esiasennettu Home Assistant for Pi 4:lle.\" \/>\n<meta property=\"og:url\" content=\"https:\/\/raspberrypi.dk\/fi\/tuote\/32gb-micro-sd-sandisk-high-endurance-class-10-med-home-assistant-til-pi-4\/\" \/>\n<meta property=\"og:site_name\" content=\"RaspberryPi.dk\" \/>\n<meta property=\"article:publisher\" content=\"https:\/\/facebook.com\/RaspberryPiDanmark\" \/>\n<meta property=\"article:modified_time\" content=\"2024-04-05T07:02:28+00:00\" \/>\n<meta property=\"og:image\" content=\"https:\/\/raspberrypi.dk\/wp-content\/uploads\/2019\/06\/32gb-sd-kort-raspberry-pi-sandisk.jpg\" \/>\n\t<meta property=\"og:image:width\" content=\"800\" \/>\n\t<meta property=\"og:image:height\" content=\"800\" \/>\n\t<meta property=\"og:image:type\" content=\"image\/jpeg\" \/>\n<meta name=\"twitter:card\" content=\"summary_large_image\" \/>\n<meta name=\"twitter:site\" content=\"@raspberrypidk\" \/>\n<meta name=\"twitter:label1\" content=\"Arvioitu lukuaika\" \/>\n\t<meta name=\"twitter:data1\" content=\"1 minuutti\" \/>\n<script type=\"application\/ld+json\" class=\"yoast-schema-graph\">{\"@context\":\"https:\/\/schema.org\",\"@graph\":[{\"@type\":\"WebPage\",\"@id\":\"https:\/\/raspberrypi.dk\/fi\/tuote\/32gb-micro-sd-sandisk-high-endurance-class-10-med-home-assistant-til-pi-4\/\",\"url\":\"https:\/\/raspberrypi.dk\/fi\/tuote\/32gb-micro-sd-sandisk-high-endurance-class-10-med-home-assistant-til-pi-4\/\",\"name\":\"32GB Micro SD - SanDisk High Endurance Class 10 - With Home Assistant for Pi 4 \u2022 RaspberryPi.dk\",\"isPartOf\":{\"@id\":\"https:\/\/raspberrypi.dk\/fi\/#website\"},\"primaryImageOfPage\":{\"@id\":\"https:\/\/raspberrypi.dk\/fi\/tuote\/32gb-micro-sd-sandisk-high-endurance-class-10-med-home-assistant-til-pi-4\/#primaryimage\"},\"image\":{\"@id\":\"https:\/\/raspberrypi.dk\/fi\/tuote\/32gb-micro-sd-sandisk-high-endurance-class-10-med-home-assistant-til-pi-4\/#primaryimage\"},\"thumbnailUrl\":\"https:\/\/raspberrypi.dk\/wp-content\/uploads\/2019\/06\/32gb-sd-kort-raspberry-pi-sandisk.jpg\",\"datePublished\":\"2022-10-13T09:46:39+00:00\",\"dateModified\":\"2024-04-05T07:02:28+00:00\",\"breadcrumb\":{\"@id\":\"https:\/\/raspberrypi.dk\/fi\/tuote\/32gb-micro-sd-sandisk-high-endurance-class-10-med-home-assistant-til-pi-4\/#breadcrumb\"},\"inLanguage\":\"fi\",\"potentialAction\":[{\"@type\":\"ReadAction\",\"target\":[\"https:\/\/raspberrypi.dk\/fi\/tuote\/32gb-micro-sd-sandisk-high-endurance-class-10-med-home-assistant-til-pi-4\/\"]}]},{\"@type\":\"ImageObject\",\"inLanguage\":\"fi\",\"@id\":\"https:\/\/raspberrypi.dk\/fi\/tuote\/32gb-micro-sd-sandisk-high-endurance-class-10-med-home-assistant-til-pi-4\/#primaryimage\",\"url\":\"https:\/\/raspberrypi.dk\/wp-content\/uploads\/2019\/06\/32gb-sd-kort-raspberry-pi-sandisk.jpg\",\"contentUrl\":\"https:\/\/raspberrypi.dk\/wp-content\/uploads\/2019\/06\/32gb-sd-kort-raspberry-pi-sandisk.jpg\",\"width\":800,\"height\":800,\"caption\":\"32gb micro sd raspberry pi\"},{\"@type\":\"BreadcrumbList\",\"@id\":\"https:\/\/raspberrypi.dk\/fi\/tuote\/32gb-micro-sd-sandisk-high-endurance-class-10-med-home-assistant-til-pi-4\/#breadcrumb\",\"itemListElement\":[{\"@type\":\"ListItem\",\"position\":1,\"name\":\"Hjem\",\"item\":\"https:\/\/raspberrypi.dk\/fi\/raspberry-pi-verkkokauppa\/\"},{\"@type\":\"ListItem\",\"position\":2,\"name\":\"Shop\",\"item\":\"https:\/\/raspberrypi.dk\/fi\/shop-2\/\"},{\"@type\":\"ListItem\",\"position\":3,\"name\":\"32GB Micro SD &#8211; SanDisk High Endurance Class 10 &#8211; With Home Assistant for Pi 4\"}]},{\"@type\":\"WebSite\",\"@id\":\"https:\/\/raspberrypi.dk\/fi\/#website\",\"url\":\"https:\/\/raspberrypi.dk\/fi\/\",\"name\":\"RaspberryPi.dk\",\"description\":\"Danmarks f\u00f8rende Raspberry Pi side!\",\"publisher\":{\"@id\":\"https:\/\/raspberrypi.dk\/fi\/#organization\"},\"potentialAction\":[{\"@type\":\"SearchAction\",\"target\":{\"@type\":\"EntryPoint\",\"urlTemplate\":\"https:\/\/raspberrypi.dk\/fi\/?s={search_term_string}\"},\"query-input\":{\"@type\":\"PropertyValueSpecification\",\"valueRequired\":true,\"valueName\":\"search_term_string\"}}],\"inLanguage\":\"fi\"},{\"@type\":\"Organization\",\"@id\":\"https:\/\/raspberrypi.dk\/fi\/#organization\",\"name\":\"RaspberryPi.dk\",\"url\":\"https:\/\/raspberrypi.dk\/fi\/\",\"logo\":{\"@type\":\"ImageObject\",\"inLanguage\":\"fi\",\"@id\":\"https:\/\/raspberrypi.dk\/fi\/#\/schema\/logo\/image\/\",\"url\":\"https:\/\/raspberrypi.dk\/wp-content\/uploads\/2017\/05\/RaspberryPidk_logo-2.png\",\"contentUrl\":\"https:\/\/raspberrypi.dk\/wp-content\/uploads\/2017\/05\/RaspberryPidk_logo-2.png\",\"width\":470,\"height\":110,\"caption\":\"RaspberryPi.dk\"},\"image\":{\"@id\":\"https:\/\/raspberrypi.dk\/fi\/#\/schema\/logo\/image\/\"},\"sameAs\":[\"https:\/\/facebook.com\/RaspberryPiDanmark\",\"https:\/\/x.com\/raspberrypidk\",\"https:\/\/instagram.com\/raspberrypi.dk\"]}]}<\/script>\n<!-- \/ Yoast SEO plugin. -->","yoast_head_json":{"title":"32GB Micro SD - SanDisk High Endurance Class 10 - With Home Assistant for Pi 4 \u2022 RaspberryPi.dk","robots":{"index":"index","follow":"follow","max-snippet":"max-snippet:-1","max-image-preview":"max-image-preview:large","max-video-preview":"max-video-preview:-1"},"canonical":"https:\/\/raspberrypi.dk\/fi\/tuote\/32gb-micro-sd-sandisk-high-endurance-class-10-med-home-assistant-til-pi-4\/","og_locale":"fi_FI","og_type":"article","og_title":"32GB Micro SD - SanDisk High Endurance Class 10 - With Home Assistant for Pi 4 \u2022 RaspberryPi.dk","og_description":"Salamannopea 32 GB micro SD -kortti, joka on yhteensopiva Raspberry Pi kanssa ja jolla on pitk\u00e4 k\u00e4ytt\u00f6ik\u00e4. Esiasennettu Home Assistant for Pi 4:lle.","og_url":"https:\/\/raspberrypi.dk\/fi\/tuote\/32gb-micro-sd-sandisk-high-endurance-class-10-med-home-assistant-til-pi-4\/","og_site_name":"RaspberryPi.dk","article_publisher":"https:\/\/facebook.com\/RaspberryPiDanmark","article_modified_time":"2024-04-05T07:02:28+00:00","og_image":[{"width":800,"height":800,"url":"https:\/\/raspberrypi.dk\/wp-content\/uploads\/2019\/06\/32gb-sd-kort-raspberry-pi-sandisk.jpg","type":"image\/jpeg"}],"twitter_card":"summary_large_image","twitter_site":"@raspberrypidk","twitter_misc":{"Arvioitu lukuaika":"1 minuutti"},"schema":{"@context":"https:\/\/schema.org","@graph":[{"@type":"WebPage","@id":"https:\/\/raspberrypi.dk\/fi\/tuote\/32gb-micro-sd-sandisk-high-endurance-class-10-med-home-assistant-til-pi-4\/","url":"https:\/\/raspberrypi.dk\/fi\/tuote\/32gb-micro-sd-sandisk-high-endurance-class-10-med-home-assistant-til-pi-4\/","name":"32GB Micro SD - SanDisk High Endurance Class 10 - With Home Assistant for Pi 4 \u2022 RaspberryPi.dk","isPartOf":{"@id":"https:\/\/raspberrypi.dk\/fi\/#website"},"primaryImageOfPage":{"@id":"https:\/\/raspberrypi.dk\/fi\/tuote\/32gb-micro-sd-sandisk-high-endurance-class-10-med-home-assistant-til-pi-4\/#primaryimage"},"image":{"@id":"https:\/\/raspberrypi.dk\/fi\/tuote\/32gb-micro-sd-sandisk-high-endurance-class-10-med-home-assistant-til-pi-4\/#primaryimage"},"thumbnailUrl":"https:\/\/raspberrypi.dk\/wp-content\/uploads\/2019\/06\/32gb-sd-kort-raspberry-pi-sandisk.jpg","datePublished":"2022-10-13T09:46:39+00:00","dateModified":"2024-04-05T07:02:28+00:00","breadcrumb":{"@id":"https:\/\/raspberrypi.dk\/fi\/tuote\/32gb-micro-sd-sandisk-high-endurance-class-10-med-home-assistant-til-pi-4\/#breadcrumb"},"inLanguage":"fi","potentialAction":[{"@type":"ReadAction","target":["https:\/\/raspberrypi.dk\/fi\/tuote\/32gb-micro-sd-sandisk-high-endurance-class-10-med-home-assistant-til-pi-4\/"]}]},{"@type":"ImageObject","inLanguage":"fi","@id":"https:\/\/raspberrypi.dk\/fi\/tuote\/32gb-micro-sd-sandisk-high-endurance-class-10-med-home-assistant-til-pi-4\/#primaryimage","url":"https:\/\/raspberrypi.dk\/wp-content\/uploads\/2019\/06\/32gb-sd-kort-raspberry-pi-sandisk.jpg","contentUrl":"https:\/\/raspberrypi.dk\/wp-content\/uploads\/2019\/06\/32gb-sd-kort-raspberry-pi-sandisk.jpg","width":800,"height":800,"caption":"32gb micro sd raspberry pi"},{"@type":"BreadcrumbList","@id":"https:\/\/raspberrypi.dk\/fi\/tuote\/32gb-micro-sd-sandisk-high-endurance-class-10-med-home-assistant-til-pi-4\/#breadcrumb","itemListElement":[{"@type":"ListItem","position":1,"name":"Hjem","item":"https:\/\/raspberrypi.dk\/fi\/raspberry-pi-verkkokauppa\/"},{"@type":"ListItem","position":2,"name":"Shop","item":"https:\/\/raspberrypi.dk\/fi\/shop-2\/"},{"@type":"ListItem","position":3,"name":"32GB Micro SD &#8211; SanDisk High Endurance Class 10 &#8211; With Home Assistant for Pi 4"}]},{"@type":"WebSite","@id":"https:\/\/raspberrypi.dk\/fi\/#website","url":"https:\/\/raspberrypi.dk\/fi\/","name":"RaspberryPi.dk","description":"Danmarks f\u00f8rende Raspberry Pi side!","publisher":{"@id":"https:\/\/raspberrypi.dk\/fi\/#organization"},"potentialAction":[{"@type":"SearchAction","target":{"@type":"EntryPoint","urlTemplate":"https:\/\/raspberrypi.dk\/fi\/?s={search_term_string}"},"query-input":{"@type":"PropertyValueSpecification","valueRequired":true,"valueName":"search_term_string"}}],"inLanguage":"fi"},{"@type":"Organization","@id":"https:\/\/raspberrypi.dk\/fi\/#organization","name":"RaspberryPi.dk","url":"https:\/\/raspberrypi.dk\/fi\/","logo":{"@type":"ImageObject","inLanguage":"fi","@id":"https:\/\/raspberrypi.dk\/fi\/#\/schema\/logo\/image\/","url":"https:\/\/raspberrypi.dk\/wp-content\/uploads\/2017\/05\/RaspberryPidk_logo-2.png","contentUrl":"https:\/\/raspberrypi.dk\/wp-content\/uploads\/2017\/05\/RaspberryPidk_logo-2.png","width":470,"height":110,"caption":"RaspberryPi.dk"},"image":{"@id":"https:\/\/raspberrypi.dk\/fi\/#\/schema\/logo\/image\/"},"sameAs":["https:\/\/facebook.com\/RaspberryPiDanmark","https:\/\/x.com\/raspberrypidk","https:\/\/instagram.com\/raspberrypi.dk"]}]}},"_links":{"self":[{"href":"https:\/\/raspberrypi.dk\/fi\/wp-json\/wp\/v2\/product\/220477","targetHints":{"allow":["GET"]}}],"collection":[{"href":"https:\/\/raspberrypi.dk\/fi\/wp-json\/wp\/v2\/product"}],"about":[{"href":"https:\/\/raspberrypi.dk\/fi\/wp-json\/wp\/v2\/types\/product"}],"replies":[{"embeddable":true,"href":"https:\/\/raspberrypi.dk\/fi\/wp-json\/wp\/v2\/comments?post=220477"}],"wp:featuredmedia":[{"embeddable":true,"href":"https:\/\/raspberrypi.dk\/fi\/wp-json\/wp\/v2\/media\/218521"}],"wp:attachment":[{"href":"https:\/\/raspberrypi.dk\/fi\/wp-json\/wp\/v2\/media?parent=220477"}],"wp:term":[{"taxonomy":"product_brand","embeddable":true,"href":"https:\/\/raspberrypi.dk\/fi\/wp-json\/wp\/v2\/product_brand?post=220477"},{"taxonomy":"product_cat","embeddable":true,"href":"https:\/\/raspberrypi.dk\/fi\/wp-json\/wp\/v2\/product_cat?post=220477"},{"taxonomy":"product_tag","embeddable":true,"href":"https:\/\/raspberrypi.dk\/fi\/wp-json\/wp\/v2\/product_tag?post=220477"}],"curies":[{"name":"wp","href":"https:\/\/api.w.org\/{rel}","templated":true}]}}