{"id":220628,"date":"2022-02-17T14:57:30","date_gmt":"2022-02-17T13:57:30","guid":{"rendered":"https:\/\/raspberrypi.dk\/produkt\/dual-gigabit-ethernet-5g-4g-mini-computer-perustuu-cm4\/"},"modified":"2024-09-11T09:50:14","modified_gmt":"2024-09-11T07:50:14","slug":"dual-gigabit-ethernet-5g-4g-mini-computer-perustuu-cm4","status":"publish","type":"product","link":"https:\/\/raspberrypi.dk\/fi\/tuote\/dual-gigabit-ethernet-5g-4g-mini-computer-perustuu-cm4\/","title":{"rendered":"Dual Gigabit Ethernet 5G\/4G Mini-Computer perustuu CM4"},"content":{"rendered":"<p><strong>Contents:<\/strong><\/p>\n<ol>\n<li>CM4-DUAL-ETH-4G\/5G-BASE x1<\/li>\n<li>Metal case (top and bottom) x1<\/li>\n<li>Fan-4010-PWM-12V x1<\/li>\n<li><span class=\"noteBg\">OPTIONS<\/span>\u00a05V 3A Type-C power adapter x1<\/li>\n<li>Screwdriver x1<\/li>\n<li>Antenna connector rubber plug 4pcs x1<\/li>\n<li>Screws pack x1<\/li>\n<\/ol>\n<p><img decoding=\"async\" src=\"https:\/\/www.waveshare.com\/img\/devkit\/CM4-DUAL-ETH-4G-5G-BOX\/CM4-DUAL-ETH-4G-5G-BOX-details-pack.jpg\" \/><\/p>\n<p>&nbsp;<\/p>\n<div>\n<div class=\"richTitle\"><span class=\"hilitColor\">Dual GigE 5G\/4G Computer<\/span>\u00a0Based On CM4<\/div>\n<p class=\"richDesc hilitBlock2\">Designed For Raspberry Pi Compute Module 4<\/p>\n<p class=\"richDesc\">Waveshare\u00a0<strong>CM4-DUAL-ETH-4G\/5G-BASE<\/strong>\u00a0Inside, Fast And Easy To Build A Mini-Computer<\/p>\n<p><img decoding=\"async\" src=\"https:\/\/www.waveshare.com\/img\/devkit\/CM4-DUAL-ETH-4G-5G-BOX\/CM4-DUAL-ETH-4G-5G-BOX-details-1.jpg\" \/><\/p>\n<\/div>\n<div>\n<div class=\"richTitle\">Communication Module Compatibility<\/div>\n<p class=\"richDesc\">Compatible With Communication Modules With M.2 B KEY Interface<\/p>\n<p><img decoding=\"async\" src=\"https:\/\/www.waveshare.com\/img\/devkit\/CM4-DUAL-ETH-4G-5G-BASE\/CM4-DUAL-ETH-4G-5G-BASE-details-2.jpg\" \/><\/p>\n<div class=\"msg msg_warning\">An additional communication module is required to enable 5G\/4G\/3G\/2G cellular network function, recommended:\u00a0<a href=\"https:\/\/www.waveshare.com\/sim7600x-h-m2.htm\" target=\"_blank\" rel=\"noopener\">SIM7600G-H-M.2\u00a0<\/a>,\u00a0<a href=\"https:\/\/www.waveshare.com\/sim8202x-m2.htm\" target=\"_blank\" rel=\"noopener\">SIM8202G-M2\u00a0<\/a>,\u00a0<a href=\"https:\/\/www.waveshare.com\/sim8200-m2.htm\" target=\"_blank\" rel=\"noopener\">SIM8200EA-M2<\/a><\/div>\n<\/div>\n<div>\n<div class=\"richTitle\">Dual GigE 5G\/4G Base Inside<\/div>\n<p class=\"richDesc\">Make It Easy To Build Your Own Raspberry Pi CM4 Mini PC<\/p>\n<p><img decoding=\"async\" src=\"https:\/\/www.waveshare.com\/img\/devkit\/CM4-DUAL-ETH-4G-5G-BOX\/CM4-DUAL-ETH-4G-5G-BOX-details-3.jpg\" \/><\/p>\n<div class=\"msg msg_warning\">for reference only, CM4 and communication module are NOT included.<\/div>\n<\/div>\n<div>\n<div class=\"richTitle\">Base Board Specifications<\/div>\n<table class=\"tabSty-2 subBlock alignl mgnTB\">\n<tbody>\n<tr>\n<th>CM4 SOCKET<\/th>\n<td>suitable for all variants of Compute Module 4<\/td>\n<\/tr>\n<tr>\n<th rowspan=\"3\">NETWORKING<\/th>\n<td>Dual Gigabit Ethernet RJ45<\/td>\n<\/tr>\n<tr>\n<td>M.2 B KEY, for connecting 5G \/ 4G module<\/td>\n<\/tr>\n<tr>\n<td>Nano-SIM card slot, supports standard Nano-SIM card for 5G\/4G\/3G\/2G communication<\/td>\n<\/tr>\n<tr>\n<th>USB<\/th>\n<td>USB 3.2 Gen1 \u00d7 2<\/td>\n<\/tr>\n<tr>\n<th>PIN HEADER<\/th>\n<td>Raspberry Pi 40PIN GPIO header<\/td>\n<\/tr>\n<tr>\n<th>DISPLAY<\/th>\n<td>MIPI DSI port (15pin 1.0mm FPC connector)<\/td>\n<\/tr>\n<tr>\n<th>CAMERA<\/th>\n<td>MIPI CSI-2 port \u00d7 2 (15pin 1.0mm FPC connector)<\/td>\n<\/tr>\n<tr>\n<th>VIDEO<\/th>\n<td>HDMI \u00d7 2, supports 4K 30fps output<\/td>\n<\/tr>\n<tr>\n<th>RTC<\/th>\n<td>Real-time clock with battery socket and ability to wake Compute Module 4<\/td>\n<\/tr>\n<tr>\n<th>STORAGE<\/th>\n<td>MicroSD card socket for Compute Module 4 Lite (without eMMC) variants<\/td>\n<\/tr>\n<tr>\n<th>FAN HEADER<\/th>\n<td>5V\/12V (12V by default), allows speed adjustment and measurement<\/td>\n<\/tr>\n<tr>\n<th>POWER INPUT<\/th>\n<td>5V\/2.5A<\/td>\n<\/tr>\n<tr>\n<th>DIMENSIONS<\/th>\n<td>99.6 \u00d7 87.0mm<\/td>\n<\/tr>\n<\/tbody>\n<\/table>\n<div>\n<div class=\"richTitle\">Rich Interfaces<\/div>\n<p class=\"richDesc\">Providing Interfaces Including: ETH\/CSI\/DSI\/RTC\/HDMI\/Micro SD\/USB\/M.2 B KEY<\/p>\n<p><img decoding=\"async\" src=\"https:\/\/www.waveshare.com\/img\/devkit\/CM4-DUAL-ETH-4G-5G-BASE\/CM4-DUAL-ETH-4G-5G-BASE-details-5.jpg\" \/>\u00a0<img decoding=\"async\" src=\"https:\/\/www.waveshare.com\/img\/devkit\/CM4-DUAL-ETH-4G-5G-BASE\/CM4-DUAL-ETH-4G-5G-BASE-details-7.jpg\" \/><\/p>\n<\/div>\n<div>\n<div class=\"richTitle\">Precise Cut-Out With Clear Label<\/div>\n<p class=\"richDesc\">Each Cut-Out Is Completely Aligned With The Connector<\/p>\n<p><img decoding=\"async\" src=\"https:\/\/www.waveshare.com\/img\/devkit\/CM4-DUAL-ETH-4G-5G-BOX\/CM4-DUAL-ETH-4G-5G-BOX-details-11.jpg\" \/><\/p>\n<\/div>\n<div>\n<div class=\"richTitle\">Cooling Fan Included<\/div>\n<p class=\"richDesc\">Comes With Cooling Fan, Combined With The Airflow Vent, Better Heat Dissipation<\/p>\n<p><img decoding=\"async\" src=\"https:\/\/www.waveshare.com\/img\/devkit\/CM4-DUAL-ETH-4G-5G-BOX\/CM4-DUAL-ETH-4G-5G-BOX-details-13.jpg\" \/><\/p>\n<\/div>\n<div class=\"pdT\">\n<div class=\"richTitle\">Wall Mount Support<\/div>\n<p class=\"richDesc\">Wall Mount Holes On Two Sides, Handy For Mounting<\/p>\n<p><img decoding=\"async\" src=\"https:\/\/www.waveshare.com\/img\/devkit\/CM4-DUAL-ETH-4G-5G-BOX\/CM4-DUAL-ETH-4G-5G-BOX-details-15.jpg\" \/><\/p>\n<\/div>\n<div>\n<div class=\"richTitle\">Application Examples<\/div>\n<p class=\"richDesc\">Suitable For Raspberry Pi Telecommunication Projects, Or Other Industrial Applications<\/p>\n<p><img decoding=\"async\" src=\"https:\/\/www.waveshare.com\/img\/devkit\/CM4-DUAL-ETH-4G-5G-BOX\/CM4-DUAL-ETH-4G-5G-BOX-details-17.jpg\" \/><\/p>\n<div class=\"msg msg_warning\">for reference only, display, cameras, and antenna are NOT included.<\/div>\n<\/div>\n<div>\n<div class=\"richTitle\">Outline Dimensions<\/div>\n<p><img decoding=\"async\" src=\"https:\/\/www.waveshare.com\/img\/devkit\/CM4-DUAL-ETH-4G-5G-BOX\/CM4-DUAL-ETH-4G-5G-BOX-details-size.jpg\" \/><\/p>\n<\/div>\n<div>\n<div class=\"richTitle\">Resources &amp; Services<\/div>\n<p><img decoding=\"async\" src=\"https:\/\/www.waveshare.com\/img\/devkit\/LCD\/common\/res_banner.png\" \/><\/p>\n<div class=\"bgGrey\">\n<p><img decoding=\"async\" src=\"https:\/\/www.waveshare.com\/img\/devkit\/LCD\/common\/res_content.png\" \/><\/p>\n<hr \/>\n<div><strong>WIKI:\u00a0<\/strong><a href=\"http:\/\/www.waveshare.com\/wiki\/CM4-DUAL-ETH-4G\/5G-BASE\" target=\"_blank\" rel=\"noopener\">CM4-DUAL-ETH-4G\/5G-BASE<\/a><\/div>\n<\/div>\n<\/div>\n<\/div>\n","protected":false},"excerpt":{"rendered":"<div class=\"overviewSec\">Dual Gigabit Ethernet 5G\/4G Mini-Computer Based On Raspberry Pi Compute Module 4 (NOT Included), Metal Case, With Cooling Fan.<\/div>\n<div><\/div>\n<div><a href=\"https:\/\/raspberrypi.dk\/fi\/myymala\/kategoria\/raspberry-pi-compute-module-4-cm4-fi\/\">Osta Raspberry Pi Compute Module 4 (CM4) t\u00e4\u00e4lt\u00e4.<\/a><\/div>\n","protected":false},"featured_media":220634,"comment_status":"open","ping_status":"closed","template":"","meta":[],"product_brand":[],"product_cat":[729],"product_tag":[783],"class_list":{"0":"post-220628","1":"product","2":"type-product","3":"status-publish","4":"has-post-thumbnail","6":"product_cat-teollinen-raspberry-pi-fi","7":"product_tag-cm4-fi","9":"first","10":"instock","11":"sale","12":"taxable","13":"shipping-taxable","14":"purchasable","15":"product-type-simple"},"composite_virtual":false,"composite_layout":"","composite_add_to_cart_form_location":"","composite_editable_in_cart":false,"composite_sold_individually_context":"","composite_shop_price_calc":"","composite_components":[],"composite_scenarios":[],"bundled_by":[],"bundle_stock_status":"instock","bundle_stock_quantity":79,"bundle_virtual":false,"bundle_layout":"","bundle_add_to_cart_form_location":"","bundle_editable_in_cart":false,"bundle_sold_individually_context":"","bundle_item_grouping":"","bundle_min_size":"","bundle_max_size":"","bundle_price":[],"bundled_items":[],"bundle_sell_ids":[],"yoast_head":"<!-- This site is optimized with the Yoast SEO plugin v27.1.1 - https:\/\/yoast.com\/product\/yoast-seo-wordpress\/ -->\n<title>Dual Gigabit Ethernet 5G\/4G Mini-Computer perustuu CM4 \u2022 RaspberryPi.dk<\/title>\n<meta name=\"robots\" content=\"index, follow, max-snippet:-1, max-image-preview:large, max-video-preview:-1\" \/>\n<link rel=\"canonical\" href=\"https:\/\/raspberrypi.dk\/fi\/tuote\/dual-gigabit-ethernet-5g-4g-mini-computer-perustuu-cm4\/\" \/>\n<meta property=\"og:locale\" content=\"fi_FI\" \/>\n<meta property=\"og:type\" content=\"article\" \/>\n<meta property=\"og:title\" content=\"Dual Gigabit Ethernet 5G\/4G Mini-Computer perustuu CM4 \u2022 RaspberryPi.dk\" \/>\n<meta property=\"og:description\" content=\"Dual Gigabit Ethernet 5G\/4G Mini-Computer Based On Raspberry Pi Compute Module 4 (NOT Included), Metal Case, With Cooling Fan.  Osta Raspberry Pi Compute Module 4 (CM4) t\u00e4\u00e4lt\u00e4.\" \/>\n<meta property=\"og:url\" content=\"https:\/\/raspberrypi.dk\/fi\/tuote\/dual-gigabit-ethernet-5g-4g-mini-computer-perustuu-cm4\/\" \/>\n<meta property=\"og:site_name\" content=\"RaspberryPi.dk\" \/>\n<meta property=\"article:publisher\" content=\"https:\/\/facebook.com\/RaspberryPiDanmark\" \/>\n<meta property=\"article:modified_time\" content=\"2024-09-11T07:50:14+00:00\" \/>\n<meta property=\"og:image\" content=\"https:\/\/raspberrypi.dk\/wp-content\/uploads\/2022\/02\/waveshare-dual-ethernet-mini-computer.jpg\" \/>\n\t<meta property=\"og:image:width\" content=\"755\" \/>\n\t<meta property=\"og:image:height\" content=\"675\" \/>\n\t<meta property=\"og:image:type\" content=\"image\/jpeg\" \/>\n<meta name=\"twitter:card\" content=\"summary_large_image\" \/>\n<meta name=\"twitter:site\" content=\"@raspberrypidk\" \/>\n<meta name=\"twitter:label1\" content=\"Arvioitu lukuaika\" \/>\n\t<meta name=\"twitter:data1\" content=\"5 minuuttia\" \/>\n<script type=\"application\/ld+json\" class=\"yoast-schema-graph\">{\"@context\":\"https:\/\/schema.org\",\"@graph\":[{\"@type\":\"WebPage\",\"@id\":\"https:\/\/raspberrypi.dk\/fi\/tuote\/dual-gigabit-ethernet-5g-4g-mini-computer-perustuu-cm4\/\",\"url\":\"https:\/\/raspberrypi.dk\/fi\/tuote\/dual-gigabit-ethernet-5g-4g-mini-computer-perustuu-cm4\/\",\"name\":\"Dual Gigabit Ethernet 5G\/4G Mini-Computer perustuu CM4 \u2022 RaspberryPi.dk\",\"isPartOf\":{\"@id\":\"https:\/\/raspberrypi.dk\/fi\/#website\"},\"primaryImageOfPage\":{\"@id\":\"https:\/\/raspberrypi.dk\/fi\/tuote\/dual-gigabit-ethernet-5g-4g-mini-computer-perustuu-cm4\/#primaryimage\"},\"image\":{\"@id\":\"https:\/\/raspberrypi.dk\/fi\/tuote\/dual-gigabit-ethernet-5g-4g-mini-computer-perustuu-cm4\/#primaryimage\"},\"thumbnailUrl\":\"https:\/\/raspberrypi.dk\/wp-content\/uploads\/2022\/02\/waveshare-dual-ethernet-mini-computer.jpg\",\"datePublished\":\"2022-02-17T13:57:30+00:00\",\"dateModified\":\"2024-09-11T07:50:14+00:00\",\"breadcrumb\":{\"@id\":\"https:\/\/raspberrypi.dk\/fi\/tuote\/dual-gigabit-ethernet-5g-4g-mini-computer-perustuu-cm4\/#breadcrumb\"},\"inLanguage\":\"fi\",\"potentialAction\":[{\"@type\":\"ReadAction\",\"target\":[\"https:\/\/raspberrypi.dk\/fi\/tuote\/dual-gigabit-ethernet-5g-4g-mini-computer-perustuu-cm4\/\"]}]},{\"@type\":\"ImageObject\",\"inLanguage\":\"fi\",\"@id\":\"https:\/\/raspberrypi.dk\/fi\/tuote\/dual-gigabit-ethernet-5g-4g-mini-computer-perustuu-cm4\/#primaryimage\",\"url\":\"https:\/\/raspberrypi.dk\/wp-content\/uploads\/2022\/02\/waveshare-dual-ethernet-mini-computer.jpg\",\"contentUrl\":\"https:\/\/raspberrypi.dk\/wp-content\/uploads\/2022\/02\/waveshare-dual-ethernet-mini-computer.jpg\",\"width\":755,\"height\":675,\"caption\":\"waveshare dual ethernet mini computer\"},{\"@type\":\"BreadcrumbList\",\"@id\":\"https:\/\/raspberrypi.dk\/fi\/tuote\/dual-gigabit-ethernet-5g-4g-mini-computer-perustuu-cm4\/#breadcrumb\",\"itemListElement\":[{\"@type\":\"ListItem\",\"position\":1,\"name\":\"Hjem\",\"item\":\"https:\/\/raspberrypi.dk\/fi\/raspberry-pi-verkkokauppa\/\"},{\"@type\":\"ListItem\",\"position\":2,\"name\":\"Shop\",\"item\":\"https:\/\/raspberrypi.dk\/fi\/shop-2\/\"},{\"@type\":\"ListItem\",\"position\":3,\"name\":\"Dual Gigabit Ethernet 5G\/4G Mini-Computer perustuu CM4\"}]},{\"@type\":\"WebSite\",\"@id\":\"https:\/\/raspberrypi.dk\/fi\/#website\",\"url\":\"https:\/\/raspberrypi.dk\/fi\/\",\"name\":\"RaspberryPi.dk\",\"description\":\"Danmarks f\u00f8rende Raspberry Pi side!\",\"publisher\":{\"@id\":\"https:\/\/raspberrypi.dk\/fi\/#organization\"},\"potentialAction\":[{\"@type\":\"SearchAction\",\"target\":{\"@type\":\"EntryPoint\",\"urlTemplate\":\"https:\/\/raspberrypi.dk\/fi\/?s={search_term_string}\"},\"query-input\":{\"@type\":\"PropertyValueSpecification\",\"valueRequired\":true,\"valueName\":\"search_term_string\"}}],\"inLanguage\":\"fi\"},{\"@type\":\"Organization\",\"@id\":\"https:\/\/raspberrypi.dk\/fi\/#organization\",\"name\":\"RaspberryPi.dk\",\"url\":\"https:\/\/raspberrypi.dk\/fi\/\",\"logo\":{\"@type\":\"ImageObject\",\"inLanguage\":\"fi\",\"@id\":\"https:\/\/raspberrypi.dk\/fi\/#\/schema\/logo\/image\/\",\"url\":\"https:\/\/raspberrypi.dk\/wp-content\/uploads\/2017\/05\/RaspberryPidk_logo-2.png\",\"contentUrl\":\"https:\/\/raspberrypi.dk\/wp-content\/uploads\/2017\/05\/RaspberryPidk_logo-2.png\",\"width\":470,\"height\":110,\"caption\":\"RaspberryPi.dk\"},\"image\":{\"@id\":\"https:\/\/raspberrypi.dk\/fi\/#\/schema\/logo\/image\/\"},\"sameAs\":[\"https:\/\/facebook.com\/RaspberryPiDanmark\",\"https:\/\/x.com\/raspberrypidk\",\"https:\/\/instagram.com\/raspberrypi.dk\"]}]}<\/script>\n<!-- \/ Yoast SEO plugin. -->","yoast_head_json":{"title":"Dual Gigabit Ethernet 5G\/4G Mini-Computer perustuu CM4 \u2022 RaspberryPi.dk","robots":{"index":"index","follow":"follow","max-snippet":"max-snippet:-1","max-image-preview":"max-image-preview:large","max-video-preview":"max-video-preview:-1"},"canonical":"https:\/\/raspberrypi.dk\/fi\/tuote\/dual-gigabit-ethernet-5g-4g-mini-computer-perustuu-cm4\/","og_locale":"fi_FI","og_type":"article","og_title":"Dual Gigabit Ethernet 5G\/4G Mini-Computer perustuu CM4 \u2022 RaspberryPi.dk","og_description":"Dual Gigabit Ethernet 5G\/4G Mini-Computer Based On Raspberry Pi Compute Module 4 (NOT Included), Metal Case, With Cooling Fan.  Osta Raspberry Pi Compute Module 4 (CM4) t\u00e4\u00e4lt\u00e4.","og_url":"https:\/\/raspberrypi.dk\/fi\/tuote\/dual-gigabit-ethernet-5g-4g-mini-computer-perustuu-cm4\/","og_site_name":"RaspberryPi.dk","article_publisher":"https:\/\/facebook.com\/RaspberryPiDanmark","article_modified_time":"2024-09-11T07:50:14+00:00","og_image":[{"width":755,"height":675,"url":"https:\/\/raspberrypi.dk\/wp-content\/uploads\/2022\/02\/waveshare-dual-ethernet-mini-computer.jpg","type":"image\/jpeg"}],"twitter_card":"summary_large_image","twitter_site":"@raspberrypidk","twitter_misc":{"Arvioitu lukuaika":"5 minuuttia"},"schema":{"@context":"https:\/\/schema.org","@graph":[{"@type":"WebPage","@id":"https:\/\/raspberrypi.dk\/fi\/tuote\/dual-gigabit-ethernet-5g-4g-mini-computer-perustuu-cm4\/","url":"https:\/\/raspberrypi.dk\/fi\/tuote\/dual-gigabit-ethernet-5g-4g-mini-computer-perustuu-cm4\/","name":"Dual Gigabit Ethernet 5G\/4G Mini-Computer perustuu CM4 \u2022 RaspberryPi.dk","isPartOf":{"@id":"https:\/\/raspberrypi.dk\/fi\/#website"},"primaryImageOfPage":{"@id":"https:\/\/raspberrypi.dk\/fi\/tuote\/dual-gigabit-ethernet-5g-4g-mini-computer-perustuu-cm4\/#primaryimage"},"image":{"@id":"https:\/\/raspberrypi.dk\/fi\/tuote\/dual-gigabit-ethernet-5g-4g-mini-computer-perustuu-cm4\/#primaryimage"},"thumbnailUrl":"https:\/\/raspberrypi.dk\/wp-content\/uploads\/2022\/02\/waveshare-dual-ethernet-mini-computer.jpg","datePublished":"2022-02-17T13:57:30+00:00","dateModified":"2024-09-11T07:50:14+00:00","breadcrumb":{"@id":"https:\/\/raspberrypi.dk\/fi\/tuote\/dual-gigabit-ethernet-5g-4g-mini-computer-perustuu-cm4\/#breadcrumb"},"inLanguage":"fi","potentialAction":[{"@type":"ReadAction","target":["https:\/\/raspberrypi.dk\/fi\/tuote\/dual-gigabit-ethernet-5g-4g-mini-computer-perustuu-cm4\/"]}]},{"@type":"ImageObject","inLanguage":"fi","@id":"https:\/\/raspberrypi.dk\/fi\/tuote\/dual-gigabit-ethernet-5g-4g-mini-computer-perustuu-cm4\/#primaryimage","url":"https:\/\/raspberrypi.dk\/wp-content\/uploads\/2022\/02\/waveshare-dual-ethernet-mini-computer.jpg","contentUrl":"https:\/\/raspberrypi.dk\/wp-content\/uploads\/2022\/02\/waveshare-dual-ethernet-mini-computer.jpg","width":755,"height":675,"caption":"waveshare dual ethernet mini computer"},{"@type":"BreadcrumbList","@id":"https:\/\/raspberrypi.dk\/fi\/tuote\/dual-gigabit-ethernet-5g-4g-mini-computer-perustuu-cm4\/#breadcrumb","itemListElement":[{"@type":"ListItem","position":1,"name":"Hjem","item":"https:\/\/raspberrypi.dk\/fi\/raspberry-pi-verkkokauppa\/"},{"@type":"ListItem","position":2,"name":"Shop","item":"https:\/\/raspberrypi.dk\/fi\/shop-2\/"},{"@type":"ListItem","position":3,"name":"Dual Gigabit Ethernet 5G\/4G Mini-Computer perustuu CM4"}]},{"@type":"WebSite","@id":"https:\/\/raspberrypi.dk\/fi\/#website","url":"https:\/\/raspberrypi.dk\/fi\/","name":"RaspberryPi.dk","description":"Danmarks f\u00f8rende Raspberry Pi side!","publisher":{"@id":"https:\/\/raspberrypi.dk\/fi\/#organization"},"potentialAction":[{"@type":"SearchAction","target":{"@type":"EntryPoint","urlTemplate":"https:\/\/raspberrypi.dk\/fi\/?s={search_term_string}"},"query-input":{"@type":"PropertyValueSpecification","valueRequired":true,"valueName":"search_term_string"}}],"inLanguage":"fi"},{"@type":"Organization","@id":"https:\/\/raspberrypi.dk\/fi\/#organization","name":"RaspberryPi.dk","url":"https:\/\/raspberrypi.dk\/fi\/","logo":{"@type":"ImageObject","inLanguage":"fi","@id":"https:\/\/raspberrypi.dk\/fi\/#\/schema\/logo\/image\/","url":"https:\/\/raspberrypi.dk\/wp-content\/uploads\/2017\/05\/RaspberryPidk_logo-2.png","contentUrl":"https:\/\/raspberrypi.dk\/wp-content\/uploads\/2017\/05\/RaspberryPidk_logo-2.png","width":470,"height":110,"caption":"RaspberryPi.dk"},"image":{"@id":"https:\/\/raspberrypi.dk\/fi\/#\/schema\/logo\/image\/"},"sameAs":["https:\/\/facebook.com\/RaspberryPiDanmark","https:\/\/x.com\/raspberrypidk","https:\/\/instagram.com\/raspberrypi.dk"]}]}},"_links":{"self":[{"href":"https:\/\/raspberrypi.dk\/fi\/wp-json\/wp\/v2\/product\/220628","targetHints":{"allow":["GET"]}}],"collection":[{"href":"https:\/\/raspberrypi.dk\/fi\/wp-json\/wp\/v2\/product"}],"about":[{"href":"https:\/\/raspberrypi.dk\/fi\/wp-json\/wp\/v2\/types\/product"}],"replies":[{"embeddable":true,"href":"https:\/\/raspberrypi.dk\/fi\/wp-json\/wp\/v2\/comments?post=220628"}],"wp:featuredmedia":[{"embeddable":true,"href":"https:\/\/raspberrypi.dk\/fi\/wp-json\/wp\/v2\/media\/220634"}],"wp:attachment":[{"href":"https:\/\/raspberrypi.dk\/fi\/wp-json\/wp\/v2\/media?parent=220628"}],"wp:term":[{"taxonomy":"product_brand","embeddable":true,"href":"https:\/\/raspberrypi.dk\/fi\/wp-json\/wp\/v2\/product_brand?post=220628"},{"taxonomy":"product_cat","embeddable":true,"href":"https:\/\/raspberrypi.dk\/fi\/wp-json\/wp\/v2\/product_cat?post=220628"},{"taxonomy":"product_tag","embeddable":true,"href":"https:\/\/raspberrypi.dk\/fi\/wp-json\/wp\/v2\/product_tag?post=220628"}],"curies":[{"name":"wp","href":"https:\/\/api.w.org\/{rel}","templated":true}]}}