{"id":220636,"date":"2022-02-17T14:50:20","date_gmt":"2022-02-17T13:50:20","guid":{"rendered":"https:\/\/raspberrypi.dk\/produkt\/waveshare-industrial-iot-wireless-expansion-module-til-cm4\/"},"modified":"2025-06-01T10:40:14","modified_gmt":"2025-06-01T08:40:14","slug":"waveshare-industrial-iot-wireless-expansion-module-til-cm4","status":"publish","type":"product","link":"https:\/\/raspberrypi.dk\/fi\/tuote\/waveshare-industrial-iot-wireless-expansion-module-til-cm4\/","title":{"rendered":"Waveshare Industrial IoT Wireless Expansion Module CM4 asti"},"content":{"rendered":"<p><strong>Contents:<\/strong><\/p>\n<ol>\n<li>CM4-IO-WIRELESS-BASE x1<\/li>\n<li>PCIe to 4G\/LoRa adapter x1<\/li>\n<li>Screwdriver x1<\/li>\n<li>Screws pack x1<\/li>\n<\/ol>\n<p><img decoding=\"async\" src=\"https:\/\/www.waveshare.com\/img\/devkit\/CM4-IO-WIRELESS-BASE\/CM4-IO-WIRELESS-BASE-details-pack.jpg\" \/><\/p>\n<div>\n<div class=\"richTitle\"><span class=\"hilitColor\">Industrial IoT Module<\/span>\u00a0Based On CM4<\/div>\n<p class=\"richDesc\">Suitable For IoT Applications Like IoT Getaway, Wireless Router, Intelligent Data Acquisition&#8230;<\/p>\n<p class=\"hilitBlock2\">4G\/5G\/LoRa Support, Multi Interfaces<\/p>\n<p><img decoding=\"async\" src=\"https:\/\/www.waveshare.com\/img\/devkit\/CM4-IO-WIRELESS-BASE\/CM4-IO-WIRELESS-BASE-details-1.jpg\" \/><\/p>\n<div class=\"alignl subBlock pdTRBL2\">\n<p>This is an industrial expansion module based on Raspberry Pi CM4, which features common interfaces such as Gigabit Ethernet, HDMI, USB, and GPIO, allows additional 4G \/ 5G \/ LoRa wireless communication modules to be connected via the M.2 or Mini-PCIe socket. There are also industrial interfaces\/resources including RS485, CAN, and RTC.<\/p>\n<p>Combined with the industrial rail-mount protection case, the module is an ideal choice for building IoT gateway, 4G\/5G router, IoT data acquisition, or even the PLC device in industrial automatic control system, and more.<\/p>\n<\/div>\n<\/div>\n<div>\n<div class=\"richTitle\">Part List Comparison<\/div>\n<table class=\"tabSty-2 alignl mgnTB subBlock\">\n<tbody>\n<tr>\n<th><\/th>\n<th>BASIC KIT<\/th>\n<th>BASIC KIT + 4G MODULE<\/th>\n<\/tr>\n<tr>\n<td>CM4 wireless base board<\/td>\n<td>\u221a<\/td>\n<td>\u221a<\/td>\n<\/tr>\n<tr>\n<td>Black ABS case<\/td>\n<td>\u221a<\/td>\n<td>\u221a<\/td>\n<\/tr>\n<tr>\n<td>PCIe to 4G\/LoRa adapter<\/td>\n<td>\u221a<\/td>\n<td>\u221a<\/td>\n<\/tr>\n<tr>\n<td>SIM7600G-H-PCIE 4G module<\/td>\n<td><\/td>\n<td>\u221a<\/td>\n<\/tr>\n<tr>\n<td>PCB antenna<\/td>\n<td><\/td>\n<td>\u221a<\/td>\n<\/tr>\n<\/tbody>\n<\/table>\n<p class=\"alignl subBlock litColor\">* please refer to Package Content for exact part list info.<\/p>\n<\/div>\n<div>\n<div class=\"richTitle\">Specifications<\/div>\n<table class=\"tabSty-2 subBlock alignl mgnTB\">\n<tbody>\n<tr>\n<th>CM4 SOCKET<\/th>\n<td>suitable for all variants of Compute Module 4<\/td>\n<\/tr>\n<tr>\n<th rowspan=\"3\">NETWORKING<\/th>\n<td>Gigabit Ethernet RJ45<\/td>\n<\/tr>\n<tr>\n<td>M.2 B KEY \/ Mini-PCIe (via adapter), for connecting 5G \/ 4G \/ LoRa wireless module<\/td>\n<\/tr>\n<tr>\n<td>Nano-SIM card slot, supports standard Nano-SIM card for 5G\/4G\/3G\/2G communication<\/td>\n<\/tr>\n<tr>\n<th>USB<\/th>\n<td>USB 2.0 \u00d7 3<\/td>\n<\/tr>\n<tr>\n<th>PIN HEADER<\/th>\n<td>Non-isolated RS485 \u00d7 2, Non-isolated CAN \u00d7 1, Partial GPIO pins<\/td>\n<\/tr>\n<tr>\n<th>CAMERA<\/th>\n<td>MIPI CSI-2 \u00d7 1 (15pin 1.0mm FPC connector)<\/td>\n<\/tr>\n<tr>\n<th>VIDEO<\/th>\n<td>HDMI \u00d7 1, supports 4K 30fps output<\/td>\n<\/tr>\n<tr>\n<th>RTC<\/th>\n<td>Real-time clock with battery socket and ability to wake Compute Module 4<\/td>\n<\/tr>\n<tr>\n<th>STORAGE<\/th>\n<td>MicroSD card socket for Compute Module 4 Lite (without eMMC) variants<\/td>\n<\/tr>\n<tr>\n<th>FAN HEADER<\/th>\n<td>5V\/12V, allows speed adjustment and measurement<\/td>\n<\/tr>\n<tr>\n<th>POWER INPUT<\/th>\n<td>5V or 7~36V<\/td>\n<\/tr>\n<tr>\n<th>DIMENSIONS<\/th>\n<td>145 \u00d7 90 \u00d7 40mm<\/td>\n<\/tr>\n<\/tbody>\n<\/table>\n<\/div>\n<div>\n<div class=\"richTitle\">Connecting With Compute Module 4<\/div>\n<p class=\"richDesc\">Standard CM4 Socket And Partial Raspberry Pi GPIO Header<br \/>\nSuitable For Compute Module 4 Lite\/EMMC Series Module<\/p>\n<p><img decoding=\"async\" src=\"https:\/\/www.waveshare.com\/img\/devkit\/CM4-IO-WIRELESS-BASE\/CM4-IO-WIRELESS-BASE-details-7.jpg\" \/><\/p>\n<\/div>\n<div>\n<div class=\"richTitle\">4G\/5G\/LoRa Wireless Modules Support<\/div>\n<p class=\"richDesc\">Onboard M.2 Slot, Comes With Mini-PCIe Adapter As Well,<br \/>\nCompatible With 4G\/5G\/LoRa Wireless Modules With M.2 Or Mini-PCIe Interface<\/p>\n<p><img decoding=\"async\" src=\"https:\/\/www.waveshare.com\/img\/devkit\/CM4-IO-WIRELESS-BASE\/CM4-IO-WIRELESS-BASE-details-5.jpg\" \/><\/p>\n<div class=\"msg msg_warning\">An additional communication module is required to enable 5G\/4G\/3G\/2G cellular network or LoRa gateway function, recommended:\u00a0<a href=\"https:\/\/www.waveshare.com\/SIM7600x-H-M2.htm\" target=\"_blank\" rel=\"noopener\">SIM7600G-H-M.2<\/a>,\u00a0<a href=\"https:\/\/www.waveshare.com\/SIM8202x-M2.htm\" target=\"_blank\" rel=\"noopener\">SIM8202G-M2<\/a>,\u00a0<a href=\"https:\/\/www.waveshare.com\/SIM8200-M2.htm\" target=\"_blank\" rel=\"noopener\">SIM8200EA-M2<\/a>,\u00a0<a href=\"https:\/\/www.waveshare.com\/SIM7600x-H-PCIE.htm\" target=\"_blank\" rel=\"noopener\">SIM7600G-H-PCIE<\/a>,\u00a0<a href=\"https:\/\/www.waveshare.com\/SX1302-868M-LoRaWAN-Gateway.htm\" target=\"_blank\" rel=\"noopener\">SX1302 868M LoRaWAN Gateway<\/a><\/div>\n<\/div>\n<div>\n<div class=\"richTitle\">SIM7600G-H-PCIE 4G Module\u00a0<span class=\"hilitBlock\">Optional<\/span><\/div>\n<p><img decoding=\"async\" src=\"https:\/\/www.waveshare.com\/img\/devkit\/accBoard\/SIMCOM-Series\/SIM7600G-H-PCIE-details-3.png\" \/><\/p>\n<div class=\"alignl subBlock\">\n<div>\n<ul>\n<li>4G\/3G\/2G communication, GNSS positioning, global coverage<\/li>\n<li>Standard Mini-PCIe interface, high compatibility<\/li>\n<li>Multi-constellation high accuracy positioning GNSS receiver support<\/li>\n<li>Suitable for LTE, UMTS, and GSM network with global coverage<\/li>\n<li>Abundant\u00a0software functions: OTA, LBS, TLS, VoLTE<\/li>\n<li>Up to 150Mbps (Max) downlink data rate and 50Mbps (Max) uplink data rate<\/li>\n<li>Supports popular OS driver: Windows, Linux, Android etc.<\/li>\n<li>AT commands of the SIM7600G-H-PCIE series are compatible with the SIM7500\/SIM7600 series modules<\/li>\n<\/ul>\n<\/div>\n<\/div>\n<div class=\"msg msg_info\">\n<ul>\n<li>Please refer to\u00a0<a href=\"https:\/\/www.waveshare.com\/SIM7600G-H-PCIE.htm\" target=\"_blank\" rel=\"noopener\">SIM7600G-H-PCIE<\/a>\u00a0product page for details<\/li>\n<li>For quantity of 20pcs or more, other M.2 or Mini-PCIe modules are customizable (SIM7600CE-T \/ E-H \/ A-H, etc.), feel free to contact us<\/li>\n<\/ul>\n<\/div>\n<\/div>\n<div>\n<div class=\"richTitle\">Rich Interfaces<\/div>\n<p class=\"richDesc\">Providing Interfaces Including: CSI \/ HDMI \/ USB \/ ETH \/ CAN \/ RS485 \/ M.2 B KEY<\/p>\n<p><img decoding=\"async\" src=\"https:\/\/www.waveshare.com\/img\/devkit\/CM4-IO-WIRELESS-BASE\/CM4-IO-WIRELESS-BASE-details-9.jpg\" \/><\/p>\n<\/div>\n<div>\n<div class=\"richTitle\">Reserved Space For Heat Dissipation<\/div>\n<p><img decoding=\"async\" src=\"https:\/\/www.waveshare.com\/img\/devkit\/CM4-IO-WIRELESS-BASE\/CM4-IO-WIRELESS-BASE-details-11.jpg\" \/><\/p>\n<div class=\"msg msg_warning\">for reference ONLY, heatsink and cooling fan are NOT included.<\/div>\n<\/div>\n<div>\n<div class=\"richTitle\">Rail-Mount Support<\/div>\n<p class=\"richDesc\">Rail-Mount ABS Protection Case, Easy To Install, More Safe Operation<\/p>\n<p><img decoding=\"async\" src=\"https:\/\/www.waveshare.com\/img\/devkit\/CM4-IO-WIRELESS-BASE\/CM4-IO-WIRELESS-BASE-details-12.jpg\" \/><\/p>\n<\/div>\n<div>\n<div class=\"richTitle\">Application Example<\/div>\n<p class=\"richDesc\">Suitable For IoT Gateway, 4G\/5G Router, IoT Data Acquisition And Monitoring, Industrial PLC, Or Other Industrial Applications<\/p>\n<p><img decoding=\"async\" src=\"https:\/\/www.waveshare.com\/img\/devkit\/CM4-IO-WIRELESS-BASE\/CM4-IO-WIRELESS-BASE-details-13.jpg\" \/><\/p>\n<div class=\"msg msg_warning\">for reference only, CM4, display are NOT included.<\/div>\n<\/div>\n<div>\n<div class=\"richTitle\">What&#8217;s On Board<\/div>\n<p><img decoding=\"async\" class=\"mgnTB\" src=\"https:\/\/www.waveshare.com\/img\/devkit\/CM4-IO-WIRELESS-BASE\/CM4-IO-WIRELESS-BASE-details-intro.jpg\" \/><\/p>\n<div class=\"richGridWrap richGridWrap-valignTop richGridWrap-2c alignl subBlock bgGrey\">\n<div>\n<ol>\n<li><strong>CM4 socket<\/strong><br \/>\nsuitable for all variants of Compute Module 4<\/li>\n<li><strong>HDMI connector<\/strong><br \/>\nsupports 4K 30fps output<\/li>\n<li><strong>USB 2.0 ports<\/strong><br \/>\n3x USB 2.0, for connecting sorts of USB devices<\/li>\n<li><strong>RJ45 Gigabit Ethernet<\/strong><br \/>\n10\/100\/1000M compatible<\/li>\n<li><strong>DC power supply<\/strong><br \/>\n7 ~ 36V DC input<\/li>\n<li><strong>CM4 status indicator<\/strong><br \/>\nPWR: Raspberry Pi power indicator<br \/>\nACT: Raspberry Pi operating status indicator<\/li>\n<li><strong>4G\/5G module status indicator<\/strong><br \/>\nM.2 PWR: module enable indicator<br \/>\nM.2 NET: module operating status indicator<\/li>\n<li><strong>PWR &amp; USB<\/strong><br \/>\n5V DC power supply or USB programming port<\/li>\n<li><strong>M.2 B KEY<\/strong><br \/>\nsupports 4G\/5G modules, or other communication modules using USB channel<\/li>\n<li><strong>Nano-SIM card slot<\/strong><br \/>\nsupports standard Nano-SIM card for 5G\/4G\/3G\/2G communication<\/li>\n<li><strong>BOOT selection<\/strong><br \/>\nON: CM4 will be booted from USB-C interface<br \/>\nOFF: CM4 will be booted from eMMC or Micro SD card<\/li>\n<li><strong>DC power supply<\/strong><br \/>\n7 ~ 36V DC input<\/li>\n<li><strong>Dual non-isolated RS485<\/strong><br \/>\n2x RS485, with 600W lightningproof, anti-surge, and 15KV ESD protection (reserved 120R optional balancing resistor jumper)<\/li>\n<\/ol>\n<\/div>\n<div>\n<ol start=\"14\">\n<li><strong>Non-isolated CAN<\/strong><br \/>\nESD protection and transient spike voltage protection (reserved 120R optional balancing resistor jumper)<\/li>\n<li><strong>Micro SD card slot<\/strong><br \/>\nfor connecting a Micro SD card with pre-burnt image (Lite variant ONLY)<\/li>\n<li><strong>FAN header<\/strong><br \/>\nfor connecting cooling fan, allows speed adjustment and measurement<\/li>\n<li><strong>CAM<\/strong><br \/>\nMIPI CSI camera port, 15Pin 1mm pitch<\/li>\n<li><strong>RTC battery holder<\/strong><br \/>\nsupports CR1220 button cell<\/li>\n<li><strong>M.2 VCC selection<\/strong><br \/>\nselect 3.3V or 4.2V power supply<\/li>\n<li><strong>RTC interruption configuration<\/strong><br \/>\nPI-RUN: CM4 will reboot on RTC interruption<br \/>\nGL-EN: CM4 powerdown on RTC interruption<br \/>\nD17: D17 pin is triggered on RTC interruption (default)<\/li>\n<li><strong>IO-VREF selection<\/strong><br \/>\nset the CM4 IO logic level as 3.3V (default) or 1.8V<\/li>\n<li><strong>FAN power supply selection<\/strong><br \/>\nselect 12V (default) or 5V power to drive the fan<\/li>\n<li><strong>System function configuration<\/strong><br \/>\nBT_DIS: Bluetooth disabled, for CM4 with antenna variant ONLY<br \/>\nWiFi_DIS: WiFi disabled, for CM4 with antenna variant ONLY<br \/>\nWP_DIS: boot mode switch, ONLY be used when NOT booted from eMMC or SD card<\/li>\n<li><strong>RTC\/FAN I2C bus selection<\/strong><br \/>\nSDA0\/SCL0: I2C-10 is shared with CSI\/DSI (default)<br \/>\nGPIO3\/2: I2C-1 is shared with GPIO header<\/li>\n<li><strong>Partial GPIO header<\/strong><br \/>\nincluding 1x I2C, 2x GPIO pins, and power supply<\/li>\n<\/ol>\n<\/div>\n<\/div>\n<\/div>\n<div>\n<div class=\"richTitle\">Outline Dimensions<\/div>\n<p><img decoding=\"async\" src=\"https:\/\/www.waveshare.com\/img\/devkit\/CM4-IO-WIRELESS-BASE\/CM4-IO-WIRELESS-BASE-details-size.jpg\" \/><\/p>\n<\/div>\n<div>\n<div class=\"richTitle\">Resources &amp; Services<\/div>\n<p><img decoding=\"async\" src=\"https:\/\/www.waveshare.com\/img\/devkit\/LCD\/common\/res_banner.png\" \/><\/p>\n<div class=\"bgGrey\">\n<p><img decoding=\"async\" src=\"https:\/\/www.waveshare.com\/img\/devkit\/LCD\/common\/res_content.png\" \/><\/p>\n<hr \/>\n<div><strong>WIKI:\u00a0<\/strong><a href=\"http:\/\/www.waveshare.com\/wiki\/CM4-IO-WIRELESS-BASE\" target=\"_blank\" rel=\"noopener\">CM4-IO-WIRELESS-BASE<\/a><\/div>\n<\/div>\n<\/div>\n<p>&nbsp;<\/p>\n","protected":false},"excerpt":{"rendered":"<div class=\"overviewSec\">Industrial IoT Wireless Expansion Module Designed For Raspberry Pi Compute Module 4. 4G Module NOT included.<\/div>\n<div><\/div>\n<div><a href=\"https:\/\/raspberrypi.dk\/fi\/myymala\/kategoria\/raspberry-pi-compute-module-4-cm4-fi\/\">Osta Raspberry Pi Compute Module 4 (CM4) t\u00e4\u00e4lt\u00e4.<\/a><\/div>\n","protected":false},"featured_media":220642,"comment_status":"open","ping_status":"closed","template":"","meta":[],"product_brand":[],"product_cat":[729],"product_tag":[783],"class_list":{"0":"post-220636","1":"product","2":"type-product","3":"status-publish","4":"has-post-thumbnail","6":"product_cat-teollinen-raspberry-pi-fi","7":"product_tag-cm4-fi","9":"first","10":"instock","11":"taxable","12":"shipping-taxable","13":"purchasable","14":"product-type-simple"},"composite_virtual":false,"composite_layout":"","composite_add_to_cart_form_location":"","composite_editable_in_cart":false,"composite_sold_individually_context":"","composite_shop_price_calc":"","composite_components":[],"composite_scenarios":[],"bundled_by":[],"bundle_stock_status":"instock","bundle_stock_quantity":3,"bundle_virtual":false,"bundle_layout":"","bundle_add_to_cart_form_location":"","bundle_editable_in_cart":false,"bundle_sold_individually_context":"","bundle_item_grouping":"","bundle_min_size":"","bundle_max_size":"","bundle_price":[],"bundled_items":[],"bundle_sell_ids":[],"yoast_head":"<!-- This site is optimized with the Yoast SEO plugin v27.1.1 - https:\/\/yoast.com\/product\/yoast-seo-wordpress\/ -->\n<title>Waveshare Industrial IoT Wireless Expansion Module CM4 asti \u2022 RaspberryPi.dk<\/title>\n<meta name=\"robots\" content=\"index, follow, max-snippet:-1, max-image-preview:large, max-video-preview:-1\" \/>\n<link rel=\"canonical\" href=\"https:\/\/raspberrypi.dk\/fi\/tuote\/waveshare-industrial-iot-wireless-expansion-module-til-cm4\/\" \/>\n<meta property=\"og:locale\" content=\"fi_FI\" \/>\n<meta property=\"og:type\" content=\"article\" \/>\n<meta property=\"og:title\" content=\"Waveshare Industrial IoT Wireless Expansion Module CM4 asti \u2022 RaspberryPi.dk\" \/>\n<meta property=\"og:description\" content=\"Industrial IoT Wireless Expansion Module Designed For Raspberry Pi Compute Module 4. 4G Module NOT included.  Osta Raspberry Pi Compute Module 4 (CM4) t\u00e4\u00e4lt\u00e4.\" \/>\n<meta property=\"og:url\" content=\"https:\/\/raspberrypi.dk\/fi\/tuote\/waveshare-industrial-iot-wireless-expansion-module-til-cm4\/\" \/>\n<meta property=\"og:site_name\" content=\"RaspberryPi.dk\" \/>\n<meta property=\"article:publisher\" content=\"https:\/\/facebook.com\/RaspberryPiDanmark\" \/>\n<meta property=\"article:modified_time\" content=\"2025-06-01T08:40:14+00:00\" \/>\n<meta property=\"og:image\" content=\"https:\/\/raspberrypi.dk\/wp-content\/uploads\/2022\/02\/wireless-cm4-io-base-waveshare.jpg\" \/>\n\t<meta property=\"og:image:width\" content=\"758\" \/>\n\t<meta property=\"og:image:height\" content=\"639\" \/>\n\t<meta property=\"og:image:type\" content=\"image\/jpeg\" \/>\n<meta name=\"twitter:card\" content=\"summary_large_image\" \/>\n<meta name=\"twitter:site\" content=\"@raspberrypidk\" \/>\n<meta name=\"twitter:label1\" content=\"Arvioitu lukuaika\" \/>\n\t<meta name=\"twitter:data1\" content=\"8 minuuttia\" \/>\n<script type=\"application\/ld+json\" class=\"yoast-schema-graph\">{\"@context\":\"https:\/\/schema.org\",\"@graph\":[{\"@type\":\"WebPage\",\"@id\":\"https:\/\/raspberrypi.dk\/fi\/tuote\/waveshare-industrial-iot-wireless-expansion-module-til-cm4\/\",\"url\":\"https:\/\/raspberrypi.dk\/fi\/tuote\/waveshare-industrial-iot-wireless-expansion-module-til-cm4\/\",\"name\":\"Waveshare Industrial IoT Wireless Expansion Module CM4 asti \u2022 RaspberryPi.dk\",\"isPartOf\":{\"@id\":\"https:\/\/raspberrypi.dk\/fi\/#website\"},\"primaryImageOfPage\":{\"@id\":\"https:\/\/raspberrypi.dk\/fi\/tuote\/waveshare-industrial-iot-wireless-expansion-module-til-cm4\/#primaryimage\"},\"image\":{\"@id\":\"https:\/\/raspberrypi.dk\/fi\/tuote\/waveshare-industrial-iot-wireless-expansion-module-til-cm4\/#primaryimage\"},\"thumbnailUrl\":\"https:\/\/raspberrypi.dk\/wp-content\/uploads\/2022\/02\/wireless-cm4-io-base-waveshare.jpg\",\"datePublished\":\"2022-02-17T13:50:20+00:00\",\"dateModified\":\"2025-06-01T08:40:14+00:00\",\"breadcrumb\":{\"@id\":\"https:\/\/raspberrypi.dk\/fi\/tuote\/waveshare-industrial-iot-wireless-expansion-module-til-cm4\/#breadcrumb\"},\"inLanguage\":\"fi\",\"potentialAction\":[{\"@type\":\"ReadAction\",\"target\":[\"https:\/\/raspberrypi.dk\/fi\/tuote\/waveshare-industrial-iot-wireless-expansion-module-til-cm4\/\"]}]},{\"@type\":\"ImageObject\",\"inLanguage\":\"fi\",\"@id\":\"https:\/\/raspberrypi.dk\/fi\/tuote\/waveshare-industrial-iot-wireless-expansion-module-til-cm4\/#primaryimage\",\"url\":\"https:\/\/raspberrypi.dk\/wp-content\/uploads\/2022\/02\/wireless-cm4-io-base-waveshare.jpg\",\"contentUrl\":\"https:\/\/raspberrypi.dk\/wp-content\/uploads\/2022\/02\/wireless-cm4-io-base-waveshare.jpg\",\"width\":758,\"height\":639,\"caption\":\"waveshare wireless cm4 io board\"},{\"@type\":\"BreadcrumbList\",\"@id\":\"https:\/\/raspberrypi.dk\/fi\/tuote\/waveshare-industrial-iot-wireless-expansion-module-til-cm4\/#breadcrumb\",\"itemListElement\":[{\"@type\":\"ListItem\",\"position\":1,\"name\":\"Hjem\",\"item\":\"https:\/\/raspberrypi.dk\/fi\/raspberry-pi-verkkokauppa\/\"},{\"@type\":\"ListItem\",\"position\":2,\"name\":\"Shop\",\"item\":\"https:\/\/raspberrypi.dk\/fi\/shop-2\/\"},{\"@type\":\"ListItem\",\"position\":3,\"name\":\"Waveshare Industrial IoT Wireless Expansion Module CM4 asti\"}]},{\"@type\":\"WebSite\",\"@id\":\"https:\/\/raspberrypi.dk\/fi\/#website\",\"url\":\"https:\/\/raspberrypi.dk\/fi\/\",\"name\":\"RaspberryPi.dk\",\"description\":\"Danmarks f\u00f8rende Raspberry Pi side!\",\"publisher\":{\"@id\":\"https:\/\/raspberrypi.dk\/fi\/#organization\"},\"potentialAction\":[{\"@type\":\"SearchAction\",\"target\":{\"@type\":\"EntryPoint\",\"urlTemplate\":\"https:\/\/raspberrypi.dk\/fi\/?s={search_term_string}\"},\"query-input\":{\"@type\":\"PropertyValueSpecification\",\"valueRequired\":true,\"valueName\":\"search_term_string\"}}],\"inLanguage\":\"fi\"},{\"@type\":\"Organization\",\"@id\":\"https:\/\/raspberrypi.dk\/fi\/#organization\",\"name\":\"RaspberryPi.dk\",\"url\":\"https:\/\/raspberrypi.dk\/fi\/\",\"logo\":{\"@type\":\"ImageObject\",\"inLanguage\":\"fi\",\"@id\":\"https:\/\/raspberrypi.dk\/fi\/#\/schema\/logo\/image\/\",\"url\":\"https:\/\/raspberrypi.dk\/wp-content\/uploads\/2017\/05\/RaspberryPidk_logo-2.png\",\"contentUrl\":\"https:\/\/raspberrypi.dk\/wp-content\/uploads\/2017\/05\/RaspberryPidk_logo-2.png\",\"width\":470,\"height\":110,\"caption\":\"RaspberryPi.dk\"},\"image\":{\"@id\":\"https:\/\/raspberrypi.dk\/fi\/#\/schema\/logo\/image\/\"},\"sameAs\":[\"https:\/\/facebook.com\/RaspberryPiDanmark\",\"https:\/\/x.com\/raspberrypidk\",\"https:\/\/instagram.com\/raspberrypi.dk\"]}]}<\/script>\n<!-- \/ Yoast SEO plugin. -->","yoast_head_json":{"title":"Waveshare Industrial IoT Wireless Expansion Module CM4 asti \u2022 RaspberryPi.dk","robots":{"index":"index","follow":"follow","max-snippet":"max-snippet:-1","max-image-preview":"max-image-preview:large","max-video-preview":"max-video-preview:-1"},"canonical":"https:\/\/raspberrypi.dk\/fi\/tuote\/waveshare-industrial-iot-wireless-expansion-module-til-cm4\/","og_locale":"fi_FI","og_type":"article","og_title":"Waveshare Industrial IoT Wireless Expansion Module CM4 asti \u2022 RaspberryPi.dk","og_description":"Industrial IoT Wireless Expansion Module Designed For Raspberry Pi Compute Module 4. 4G Module NOT included.  Osta Raspberry Pi Compute Module 4 (CM4) t\u00e4\u00e4lt\u00e4.","og_url":"https:\/\/raspberrypi.dk\/fi\/tuote\/waveshare-industrial-iot-wireless-expansion-module-til-cm4\/","og_site_name":"RaspberryPi.dk","article_publisher":"https:\/\/facebook.com\/RaspberryPiDanmark","article_modified_time":"2025-06-01T08:40:14+00:00","og_image":[{"width":758,"height":639,"url":"https:\/\/raspberrypi.dk\/wp-content\/uploads\/2022\/02\/wireless-cm4-io-base-waveshare.jpg","type":"image\/jpeg"}],"twitter_card":"summary_large_image","twitter_site":"@raspberrypidk","twitter_misc":{"Arvioitu lukuaika":"8 minuuttia"},"schema":{"@context":"https:\/\/schema.org","@graph":[{"@type":"WebPage","@id":"https:\/\/raspberrypi.dk\/fi\/tuote\/waveshare-industrial-iot-wireless-expansion-module-til-cm4\/","url":"https:\/\/raspberrypi.dk\/fi\/tuote\/waveshare-industrial-iot-wireless-expansion-module-til-cm4\/","name":"Waveshare Industrial IoT Wireless Expansion Module CM4 asti \u2022 RaspberryPi.dk","isPartOf":{"@id":"https:\/\/raspberrypi.dk\/fi\/#website"},"primaryImageOfPage":{"@id":"https:\/\/raspberrypi.dk\/fi\/tuote\/waveshare-industrial-iot-wireless-expansion-module-til-cm4\/#primaryimage"},"image":{"@id":"https:\/\/raspberrypi.dk\/fi\/tuote\/waveshare-industrial-iot-wireless-expansion-module-til-cm4\/#primaryimage"},"thumbnailUrl":"https:\/\/raspberrypi.dk\/wp-content\/uploads\/2022\/02\/wireless-cm4-io-base-waveshare.jpg","datePublished":"2022-02-17T13:50:20+00:00","dateModified":"2025-06-01T08:40:14+00:00","breadcrumb":{"@id":"https:\/\/raspberrypi.dk\/fi\/tuote\/waveshare-industrial-iot-wireless-expansion-module-til-cm4\/#breadcrumb"},"inLanguage":"fi","potentialAction":[{"@type":"ReadAction","target":["https:\/\/raspberrypi.dk\/fi\/tuote\/waveshare-industrial-iot-wireless-expansion-module-til-cm4\/"]}]},{"@type":"ImageObject","inLanguage":"fi","@id":"https:\/\/raspberrypi.dk\/fi\/tuote\/waveshare-industrial-iot-wireless-expansion-module-til-cm4\/#primaryimage","url":"https:\/\/raspberrypi.dk\/wp-content\/uploads\/2022\/02\/wireless-cm4-io-base-waveshare.jpg","contentUrl":"https:\/\/raspberrypi.dk\/wp-content\/uploads\/2022\/02\/wireless-cm4-io-base-waveshare.jpg","width":758,"height":639,"caption":"waveshare wireless cm4 io board"},{"@type":"BreadcrumbList","@id":"https:\/\/raspberrypi.dk\/fi\/tuote\/waveshare-industrial-iot-wireless-expansion-module-til-cm4\/#breadcrumb","itemListElement":[{"@type":"ListItem","position":1,"name":"Hjem","item":"https:\/\/raspberrypi.dk\/fi\/raspberry-pi-verkkokauppa\/"},{"@type":"ListItem","position":2,"name":"Shop","item":"https:\/\/raspberrypi.dk\/fi\/shop-2\/"},{"@type":"ListItem","position":3,"name":"Waveshare Industrial IoT Wireless Expansion Module CM4 asti"}]},{"@type":"WebSite","@id":"https:\/\/raspberrypi.dk\/fi\/#website","url":"https:\/\/raspberrypi.dk\/fi\/","name":"RaspberryPi.dk","description":"Danmarks f\u00f8rende Raspberry Pi side!","publisher":{"@id":"https:\/\/raspberrypi.dk\/fi\/#organization"},"potentialAction":[{"@type":"SearchAction","target":{"@type":"EntryPoint","urlTemplate":"https:\/\/raspberrypi.dk\/fi\/?s={search_term_string}"},"query-input":{"@type":"PropertyValueSpecification","valueRequired":true,"valueName":"search_term_string"}}],"inLanguage":"fi"},{"@type":"Organization","@id":"https:\/\/raspberrypi.dk\/fi\/#organization","name":"RaspberryPi.dk","url":"https:\/\/raspberrypi.dk\/fi\/","logo":{"@type":"ImageObject","inLanguage":"fi","@id":"https:\/\/raspberrypi.dk\/fi\/#\/schema\/logo\/image\/","url":"https:\/\/raspberrypi.dk\/wp-content\/uploads\/2017\/05\/RaspberryPidk_logo-2.png","contentUrl":"https:\/\/raspberrypi.dk\/wp-content\/uploads\/2017\/05\/RaspberryPidk_logo-2.png","width":470,"height":110,"caption":"RaspberryPi.dk"},"image":{"@id":"https:\/\/raspberrypi.dk\/fi\/#\/schema\/logo\/image\/"},"sameAs":["https:\/\/facebook.com\/RaspberryPiDanmark","https:\/\/x.com\/raspberrypidk","https:\/\/instagram.com\/raspberrypi.dk"]}]}},"_links":{"self":[{"href":"https:\/\/raspberrypi.dk\/fi\/wp-json\/wp\/v2\/product\/220636","targetHints":{"allow":["GET"]}}],"collection":[{"href":"https:\/\/raspberrypi.dk\/fi\/wp-json\/wp\/v2\/product"}],"about":[{"href":"https:\/\/raspberrypi.dk\/fi\/wp-json\/wp\/v2\/types\/product"}],"replies":[{"embeddable":true,"href":"https:\/\/raspberrypi.dk\/fi\/wp-json\/wp\/v2\/comments?post=220636"}],"wp:featuredmedia":[{"embeddable":true,"href":"https:\/\/raspberrypi.dk\/fi\/wp-json\/wp\/v2\/media\/220642"}],"wp:attachment":[{"href":"https:\/\/raspberrypi.dk\/fi\/wp-json\/wp\/v2\/media?parent=220636"}],"wp:term":[{"taxonomy":"product_brand","embeddable":true,"href":"https:\/\/raspberrypi.dk\/fi\/wp-json\/wp\/v2\/product_brand?post=220636"},{"taxonomy":"product_cat","embeddable":true,"href":"https:\/\/raspberrypi.dk\/fi\/wp-json\/wp\/v2\/product_cat?post=220636"},{"taxonomy":"product_tag","embeddable":true,"href":"https:\/\/raspberrypi.dk\/fi\/wp-json\/wp\/v2\/product_tag?post=220636"}],"curies":[{"name":"wp","href":"https:\/\/api.w.org\/{rel}","templated":true}]}}