{"id":220707,"date":"2021-10-20T14:14:17","date_gmt":"2021-10-20T12:14:17","guid":{"rendered":"https:\/\/raspberrypi.dk\/produkt\/101%e2%80%b3-hdmi-qled-touchscreen-display-til-raspberry-pi\/"},"modified":"2025-06-02T03:56:58","modified_gmt":"2025-06-02T01:56:58","slug":"101%e2%80%b3-hdmi-qled-touchscreen-display-til-raspberry-pi","status":"publish","type":"product","link":"https:\/\/raspberrypi.dk\/fi\/tuote\/101%e2%80%b3-hdmi-qled-touchscreen-display-til-raspberry-pi\/","title":{"rendered":"10,1\u2033 HDMI QLED Touchscreen Display for Raspberry Pi"},"content":{"rendered":"<div>\n<p>Content:<\/p>\n<ol>\n<li>10.1HP-CAPQLED x1<\/li>\n<li><span class=\"noteBg\">OPTIONS<\/span>\u00a05V 3A power adapter x1<\/li>\n<li>HDMI cable x1<\/li>\n<li>HDMI to Micro HDMI Adapter x1<\/li>\n<li>USB-A to Micro-B cable x1<\/li>\n<li>Triangular stand x1<\/li>\n<li>Button board cable x1<\/li>\n<li>Button board x1<\/li>\n<\/ol>\n<div class=\"imgTextWrap\">\n<div>1<img decoding=\"async\" src=\"https:\/\/www.waveshare.com\/img\/devkit\/LCD\/10.1HP-CAPQLED\/TOP_565.jpg\" \/><\/div>\n<div>2<img decoding=\"async\" src=\"https:\/\/www.waveshare.com\/img\/devkit\/accessories\/PSU-icon_93.jpg\" \/><\/div>\n<div>3<a href=\"https:\/\/www.waveshare.com\/img\/devkit\/accessories\/HDMI-cable.jpg\"><img decoding=\"async\" src=\"https:\/\/www.waveshare.com\/img\/devkit\/accessories\/HDMI-cable_93.jpg\" \/><\/a><\/div>\n<div>4<a href=\"https:\/\/www.waveshare.com\/img\/devkit\/accessories\/HDMI-to-Micro-HDMI-Adapter-1.jpg\"><img decoding=\"async\" src=\"https:\/\/www.waveshare.com\/img\/devkit\/accessories\/HDMI-to-Micro-HDMI-Adapter-1_93.jpg\" \/><\/a><\/div>\n<div>5<a href=\"https:\/\/www.waveshare.com\/img\/devkit\/accessories\/USB-micro-35cm.jpg\"><img decoding=\"async\" src=\"https:\/\/www.waveshare.com\/img\/devkit\/accessories\/USB-micro-35cm_93.jpg\" \/><\/a><\/div>\n<div>6<img decoding=\"async\" src=\"https:\/\/www.waveshare.com\/img\/devkit\/accessories\/triangle-stand_93.jpg\" \/><\/div>\n<div>7<img decoding=\"async\" src=\"https:\/\/www.waveshare.com\/img\/devkit\/LCD\/13.3HP\/button-board-cable_93.jpg\" \/><\/div>\n<div>8<img decoding=\"async\" src=\"https:\/\/www.waveshare.com\/img\/devkit\/LCD\/13.3HP\/button-board_93.jpg\" \/><\/div>\n<div>&#8212;&#8212;&#8212;&#8212;&#8212;&#8212;&#8212;&#8212;&#8212;-<\/div>\n<\/div>\n<ul id=\"IconGrid\">\n<li><span class=\"igKey\">Size<\/span><img decoding=\"async\" src=\"https:\/\/www.waveshare.com\/img\/devkit\/LCD\/common\/250\/Dimension.png\" \/><span class=\"igValue\">10.1&#8243;<\/span><\/li>\n<li><span class=\"igKey\">Resolution<\/span><img decoding=\"async\" src=\"https:\/\/www.waveshare.com\/img\/devkit\/LCD\/common\/250\/Resolution.png\" \/><span class=\"igValue\">1280\u00d7720<\/span><\/li>\n<li><span class=\"igKey\">Display Port<\/span><img decoding=\"async\" src=\"https:\/\/www.waveshare.com\/img\/devkit\/LCD\/common\/250\/HDMI.png\" \/><span class=\"igValue\">HDMI<\/span><\/li>\n<li><span class=\"igKey\">Display Panel<\/span><img decoding=\"async\" src=\"https:\/\/www.waveshare.com\/img\/devkit\/LCD\/common\/250\/IPS.png\" \/><span class=\"igValue\">IPS<\/span><\/li>\n<li><span class=\"igKey\">Viewing Angle<\/span><img decoding=\"async\" src=\"https:\/\/www.waveshare.com\/img\/devkit\/LCD\/common\/250\/Viewing_angle.png\" \/><span class=\"igValue\">170\u00b0<\/span><\/li>\n<li><span class=\"igKey\">Backlight<\/span><img decoding=\"async\" src=\"https:\/\/www.waveshare.com\/img\/devkit\/LCD\/common\/250\/QLED.png\" \/><span class=\"igValue\">QLED Quantum Dot<\/span><\/li>\n<li><span class=\"igKey\">Brightness<\/span><img decoding=\"async\" src=\"https:\/\/www.waveshare.com\/img\/devkit\/LCD\/common\/250\/Sun.png\" \/><span class=\"igValue\">500cd\/\u33a1<\/span><\/li>\n<li><span class=\"igKey\">Touch Type<\/span><img decoding=\"async\" src=\"https:\/\/www.waveshare.com\/img\/devkit\/LCD\/common\/250\/Capacitive_touch.png\" \/><span class=\"igValue\">Capacitive<\/span><\/li>\n<li><span class=\"igKey\">Touch Points<\/span><img decoding=\"async\" src=\"https:\/\/www.waveshare.com\/img\/devkit\/LCD\/common\/250\/Ten_touch.png\" \/><span class=\"igValue\">10-Points<\/span><\/li>\n<li><span class=\"igKey\">Touch Port<\/span><img decoding=\"async\" src=\"https:\/\/www.waveshare.com\/img\/devkit\/LCD\/common\/250\/Micro_USB.png\" \/><span class=\"igValue\">USB<\/span><\/li>\n<li><span class=\"igKey\">Touch Panel<\/span><img decoding=\"async\" src=\"https:\/\/www.waveshare.com\/img\/devkit\/LCD\/common\/250\/Tempered_panel.png\" \/><span class=\"igValue\">G+G Toughened Glass<\/span><\/li>\n<li><span class=\"igKey\">OSD Menu<\/span><img decoding=\"async\" src=\"https:\/\/www.waveshare.com\/img\/devkit\/LCD\/common\/250\/OSD.png\" \/><span class=\"igValue\">Brightness\/Contrast<\/span><\/li>\n<li><span class=\"igKey\">Audio Output1<\/span><img decoding=\"async\" src=\"https:\/\/www.waveshare.com\/img\/devkit\/LCD\/common\/250\/3.5mm-Audio.png\" \/><span class=\"igValue\">3.5mm Jack<\/span><\/li>\n<li><span class=\"igKey\">Audio Output2<\/span><img decoding=\"async\" src=\"https:\/\/www.waveshare.com\/img\/devkit\/LCD\/common\/250\/4PIN.png\" \/><span class=\"igValue\">4PIN Header<\/span><\/li>\n<li><span class=\"igKey\">Gaming<\/span><img decoding=\"async\" src=\"https:\/\/www.waveshare.com\/img\/devkit\/LCD\/common\/250\/Game_host.png\" \/><span class=\"igValue\">Xbox360\/PS4\/Switch<\/span><\/li>\n<\/ul>\n<div class=\"sep0px\"><\/div>\n<\/div>\n<div class=\"richTitle\">Device &amp; System Support<\/div>\n<p>&nbsp;<\/p>\n<div class=\"richGridWrap richGridWrap-img4txt6\">\n<p><img decoding=\"async\" src=\"https:\/\/www.waveshare.com\/img\/devkit\/LCD\/common\/DevSp-PI-JT-PC-GM.jpg\" \/><\/p>\n<div>\n<div class=\"largerBlock\">Raspberry Pi<\/div>\n<div class=\"subBlock\">Supports Raspbian, 10-points touch, driver free<br \/>\nSupports Ubuntu \/ Kali \/ WIN10 IoT, single point touch, driver free<br \/>\nSupports Retropie, driver free<\/div>\n<p class=\"noteBg\">Supports all versions of Raspberry Pi<\/p>\n<div class=\"largerBlock\">Jetson Nano<\/div>\n<div class=\"subBlock\">Supports Ubuntu, single point touch, driver free<\/div>\n<div class=\"largerBlock\">PC<\/div>\n<div class=\"subBlock\">Supports Windows 11 \/ 10 \/ 8.1 \/ 8 \/ 7, 10-points touch, driver free<\/div>\n<div class=\"largerBlock\">Game Console<\/div>\n<div class=\"subBlock\">Xbox360, PS4, Switch&#8230;<\/div>\n<\/div>\n<\/div>\n<div class=\"mgnTB_p\">\n<div class=\"richTitle\">Connection Examples<\/div>\n<p class=\"richDesc\">Working With Raspberry Pi 4<\/p>\n<p><img decoding=\"async\" src=\"https:\/\/www.waveshare.com\/img\/devkit\/LCD\/10.1HP-CAPQLED\/Pi-4B.jpg\" \/><\/p>\n<p class=\"richDesc\">Working With Raspberry Pi 3B+<\/p>\n<p><img decoding=\"async\" src=\"https:\/\/www.waveshare.com\/img\/devkit\/LCD\/10.1HP-CAPQLED\/Pi-3B+.jpg\" \/><\/p>\n<p class=\"richDesc\">Working With Raspberry Pi Zero W<\/p>\n<p><img decoding=\"async\" src=\"https:\/\/www.waveshare.com\/img\/devkit\/LCD\/10.1HP-CAPQLED\/Pi-Zero.jpg\" \/><\/p>\n<p class=\"richDesc\">Working With AI Computer Jetson Nano<\/p>\n<p><img decoding=\"async\" src=\"https:\/\/www.waveshare.com\/img\/devkit\/LCD\/10.1HP-CAPQLED\/Jetson-Nano.jpg\" \/><\/p>\n<p class=\"richDesc\">Working With Mini PC<\/p>\n<p><img decoding=\"async\" src=\"https:\/\/www.waveshare.com\/img\/devkit\/LCD\/10.1HP-CAPQLED\/mini-PC.jpg\" \/><\/p>\n<\/div>\n<div>\n<div class=\"richTitle\">Display<\/div>\n<p class=\"richDesc\">QLED Panel<\/p>\n<p><img decoding=\"async\" src=\"https:\/\/www.waveshare.com\/img\/devkit\/LCD\/10.1HP-CAPQLED\/Display.jpg\" \/><\/p>\n<\/div>\n<div>\n<div class=\"richTitle\">QLED Quantum Dot Technology<\/div>\n<p class=\"richDesc\">Wider Color Gamut<\/p>\n<p class=\"richDesc subBlock\">Color Gamut Of This QLED Display Is Up To: NTSC 96%, SRGB 100%<\/p>\n<p><img decoding=\"async\" src=\"https:\/\/www.waveshare.com\/img\/devkit\/LCD\/7HP-CAPQLED\/QLED1.jpg\" \/><\/p>\n<p class=\"richDesc\">More Pure Chroma<\/p>\n<p class=\"richDesc subBlock\">Chroma Of QLED Increases 58.3%, Makes The Color More Pure, More Vivid<\/p>\n<p><img decoding=\"async\" src=\"https:\/\/www.waveshare.com\/img\/devkit\/LCD\/7HP-CAPQLED\/QLED2.jpg\" \/><\/p>\n<p class=\"richDesc\">Longer Lifetime<\/p>\n<p class=\"richDesc subBlock\">Due To Its Inorganic Characteristic, The Color Life Of QLED Could Be Up To 60000 Hours Without Color Degradation<\/p>\n<p><img decoding=\"async\" src=\"https:\/\/www.waveshare.com\/img\/devkit\/LCD\/7HP-CAPQLED\/QLED3.jpg\" \/><\/p>\n<\/div>\n<div>\n<div class=\"richTitle\">Touch Control<\/div>\n<p><img decoding=\"async\" src=\"https:\/\/www.waveshare.com\/img\/devkit\/LCD\/common\/Touch-Screen-Top-C10T.jpg\" \/>\u00a0<img decoding=\"async\" src=\"https:\/\/www.waveshare.com\/img\/devkit\/LCD\/10.1HP-CAPQLED\/Touch-Screen.jpg\" \/><\/p>\n<p class=\"alignl subBlock\">1) up to 10-points touch, depending on the operating system. 2) up to 6H hardness G-G toughened glass panel.<\/p>\n<\/div>\n<div>\n<div class=\"richTitle\">Enjoy Gaming<\/div>\n<p><img decoding=\"async\" src=\"https:\/\/www.waveshare.com\/img\/devkit\/LCD\/common\/Game-Player-Top1.jpg\" \/>\u00a0<img decoding=\"async\" src=\"https:\/\/www.waveshare.com\/img\/devkit\/LCD\/10.1HP-CAPQLED\/Game-Player.jpg\" \/><\/p>\n<p class=\"alignl subBlock\">* audio output via earphone\/speaker port.<\/p>\n<\/div>\n<div>\n<div class=\"richTitle\">Appearance And Dimensions<\/div>\n<p><img decoding=\"async\" src=\"https:\/\/www.waveshare.com\/img\/devkit\/LCD\/10.1HP-CAPQLED\/Exterior-Size.jpg\" \/><\/p>\n<\/div>\n<div>\n<div class=\"richTitle\">Resources &amp; Services<\/div>\n<p><img decoding=\"async\" src=\"https:\/\/www.waveshare.com\/img\/devkit\/LCD\/common\/res_banner.png\" \/><\/p>\n<div class=\"bgGrey\"><strong>Wiki:\u00a0<\/strong><a href=\"http:\/\/www.waveshare.com\/wiki\/10.1HP-CAPQLED\" target=\"_blank\" rel=\"noopener\">10.1HP-CAPQLED<\/a><\/div>\n<\/div>\n<div class=\"shdwImg\">\n<div class=\"richTitle\">Product Certification<\/div>\n<p class=\"richDesc\">HDMI Certified<\/p>\n<p><img decoding=\"async\" src=\"https:\/\/www.waveshare.com\/img\/devkit\/LCD\/common\/HDMI-Adopter_940.jpg\" \/><\/p>\n<p class=\"alignl subBlock\">* We are an official authorized HDMI Adopter.<\/p>\n<\/div>\n","protected":false},"excerpt":{"rendered":"<p>10,1 tuuman QLED Quantum Dot Display, kapasitiivinen kosketusn\u00e4ytt\u00f6, 1280 \u00d7 720, G+G-karkaistu lasipaneeli, erilaisia \u200b\u200blaitteita ja j\u00e4rjestelm\u00e4tuki.<\/p>\n","protected":false},"featured_media":220713,"comment_status":"open","ping_status":"closed","template":"","meta":[],"product_brand":[],"product_cat":[728],"product_tag":[719,718],"class_list":{"0":"post-220707","1":"product","2":"type-product","3":"status-publish","4":"has-post-thumbnail","6":"product_cat-raspberry-pi-naytot","7":"product_tag-rpi4-fi","8":"product_tag-rpi5-fi","10":"first","11":"instock","12":"taxable","13":"shipping-taxable","14":"purchasable","15":"product-type-simple"},"composite_virtual":false,"composite_layout":"","composite_add_to_cart_form_location":"","composite_editable_in_cart":false,"composite_sold_individually_context":"","composite_shop_price_calc":"","composite_components":[],"composite_scenarios":[],"bundled_by":[],"bundle_stock_status":"instock","bundle_stock_quantity":7,"bundle_virtual":false,"bundle_layout":"","bundle_add_to_cart_form_location":"","bundle_editable_in_cart":false,"bundle_sold_individually_context":"","bundle_item_grouping":"","bundle_min_size":"","bundle_max_size":"","bundle_price":[],"bundled_items":[],"bundle_sell_ids":[],"yoast_head":"<!-- This site is optimized with the Yoast SEO plugin v27.1.1 - https:\/\/yoast.com\/product\/yoast-seo-wordpress\/ -->\n<title>10,1\u2033 HDMI QLED Touchscreen Display for Raspberry Pi \u2022 RaspberryPi.dk<\/title>\n<meta name=\"robots\" content=\"index, follow, max-snippet:-1, max-image-preview:large, max-video-preview:-1\" \/>\n<link rel=\"canonical\" href=\"https:\/\/raspberrypi.dk\/fi\/tuote\/101%e2%80%b3-hdmi-qled-touchscreen-display-til-raspberry-pi\/\" \/>\n<meta property=\"og:locale\" content=\"fi_FI\" \/>\n<meta property=\"og:type\" content=\"article\" \/>\n<meta property=\"og:title\" content=\"10,1\u2033 HDMI QLED Touchscreen Display for Raspberry Pi \u2022 RaspberryPi.dk\" \/>\n<meta property=\"og:description\" content=\"10,1 tuuman QLED Quantum Dot Display, kapasitiivinen kosketusn\u00e4ytt\u00f6, 1280 \u00d7 720, G+G-karkaistu lasipaneeli, erilaisia \u200b\u200blaitteita ja j\u00e4rjestelm\u00e4tuki.\" \/>\n<meta property=\"og:url\" content=\"https:\/\/raspberrypi.dk\/fi\/tuote\/101%e2%80%b3-hdmi-qled-touchscreen-display-til-raspberry-pi\/\" \/>\n<meta property=\"og:site_name\" content=\"RaspberryPi.dk\" \/>\n<meta property=\"article:publisher\" content=\"https:\/\/facebook.com\/RaspberryPiDanmark\" \/>\n<meta property=\"article:modified_time\" content=\"2025-06-02T01:56:58+00:00\" \/>\n<meta property=\"og:image\" content=\"https:\/\/raspberrypi.dk\/wp-content\/uploads\/2021\/10\/10inch-qled-toughened-glass-raspberry-pi-3.jpg\" \/>\n\t<meta property=\"og:image:width\" content=\"769\" \/>\n\t<meta property=\"og:image:height\" content=\"634\" \/>\n\t<meta property=\"og:image:type\" content=\"image\/jpeg\" \/>\n<meta name=\"twitter:card\" content=\"summary_large_image\" \/>\n<meta name=\"twitter:site\" content=\"@raspberrypidk\" \/>\n<meta name=\"twitter:label1\" content=\"Arvioitu lukuaika\" \/>\n\t<meta name=\"twitter:data1\" content=\"10 minuuttia\" \/>\n<script type=\"application\/ld+json\" class=\"yoast-schema-graph\">{\"@context\":\"https:\/\/schema.org\",\"@graph\":[{\"@type\":\"WebPage\",\"@id\":\"https:\/\/raspberrypi.dk\/fi\/tuote\/101%e2%80%b3-hdmi-qled-touchscreen-display-til-raspberry-pi\/\",\"url\":\"https:\/\/raspberrypi.dk\/fi\/tuote\/101%e2%80%b3-hdmi-qled-touchscreen-display-til-raspberry-pi\/\",\"name\":\"10,1\u2033 HDMI QLED Touchscreen Display for Raspberry Pi \u2022 RaspberryPi.dk\",\"isPartOf\":{\"@id\":\"https:\/\/raspberrypi.dk\/fi\/#website\"},\"primaryImageOfPage\":{\"@id\":\"https:\/\/raspberrypi.dk\/fi\/tuote\/101%e2%80%b3-hdmi-qled-touchscreen-display-til-raspberry-pi\/#primaryimage\"},\"image\":{\"@id\":\"https:\/\/raspberrypi.dk\/fi\/tuote\/101%e2%80%b3-hdmi-qled-touchscreen-display-til-raspberry-pi\/#primaryimage\"},\"thumbnailUrl\":\"https:\/\/raspberrypi.dk\/wp-content\/uploads\/2021\/10\/10inch-qled-toughened-glass-raspberry-pi-3.jpg\",\"datePublished\":\"2021-10-20T12:14:17+00:00\",\"dateModified\":\"2025-06-02T01:56:58+00:00\",\"breadcrumb\":{\"@id\":\"https:\/\/raspberrypi.dk\/fi\/tuote\/101%e2%80%b3-hdmi-qled-touchscreen-display-til-raspberry-pi\/#breadcrumb\"},\"inLanguage\":\"fi\",\"potentialAction\":[{\"@type\":\"ReadAction\",\"target\":[\"https:\/\/raspberrypi.dk\/fi\/tuote\/101%e2%80%b3-hdmi-qled-touchscreen-display-til-raspberry-pi\/\"]}]},{\"@type\":\"ImageObject\",\"inLanguage\":\"fi\",\"@id\":\"https:\/\/raspberrypi.dk\/fi\/tuote\/101%e2%80%b3-hdmi-qled-touchscreen-display-til-raspberry-pi\/#primaryimage\",\"url\":\"https:\/\/raspberrypi.dk\/wp-content\/uploads\/2021\/10\/10inch-qled-toughened-glass-raspberry-pi-3.jpg\",\"contentUrl\":\"https:\/\/raspberrypi.dk\/wp-content\/uploads\/2021\/10\/10inch-qled-toughened-glass-raspberry-pi-3.jpg\",\"width\":769,\"height\":634,\"caption\":\"10.1 inch display qled raspberry pi\"},{\"@type\":\"BreadcrumbList\",\"@id\":\"https:\/\/raspberrypi.dk\/fi\/tuote\/101%e2%80%b3-hdmi-qled-touchscreen-display-til-raspberry-pi\/#breadcrumb\",\"itemListElement\":[{\"@type\":\"ListItem\",\"position\":1,\"name\":\"Hjem\",\"item\":\"https:\/\/raspberrypi.dk\/fi\/raspberry-pi-verkkokauppa\/\"},{\"@type\":\"ListItem\",\"position\":2,\"name\":\"Shop\",\"item\":\"https:\/\/raspberrypi.dk\/fi\/shop-2\/\"},{\"@type\":\"ListItem\",\"position\":3,\"name\":\"10,1\u2033 HDMI QLED Touchscreen Display for Raspberry Pi\"}]},{\"@type\":\"WebSite\",\"@id\":\"https:\/\/raspberrypi.dk\/fi\/#website\",\"url\":\"https:\/\/raspberrypi.dk\/fi\/\",\"name\":\"RaspberryPi.dk\",\"description\":\"Danmarks f\u00f8rende Raspberry Pi side!\",\"publisher\":{\"@id\":\"https:\/\/raspberrypi.dk\/fi\/#organization\"},\"potentialAction\":[{\"@type\":\"SearchAction\",\"target\":{\"@type\":\"EntryPoint\",\"urlTemplate\":\"https:\/\/raspberrypi.dk\/fi\/?s={search_term_string}\"},\"query-input\":{\"@type\":\"PropertyValueSpecification\",\"valueRequired\":true,\"valueName\":\"search_term_string\"}}],\"inLanguage\":\"fi\"},{\"@type\":\"Organization\",\"@id\":\"https:\/\/raspberrypi.dk\/fi\/#organization\",\"name\":\"RaspberryPi.dk\",\"url\":\"https:\/\/raspberrypi.dk\/fi\/\",\"logo\":{\"@type\":\"ImageObject\",\"inLanguage\":\"fi\",\"@id\":\"https:\/\/raspberrypi.dk\/fi\/#\/schema\/logo\/image\/\",\"url\":\"https:\/\/raspberrypi.dk\/wp-content\/uploads\/2017\/05\/RaspberryPidk_logo-2.png\",\"contentUrl\":\"https:\/\/raspberrypi.dk\/wp-content\/uploads\/2017\/05\/RaspberryPidk_logo-2.png\",\"width\":470,\"height\":110,\"caption\":\"RaspberryPi.dk\"},\"image\":{\"@id\":\"https:\/\/raspberrypi.dk\/fi\/#\/schema\/logo\/image\/\"},\"sameAs\":[\"https:\/\/facebook.com\/RaspberryPiDanmark\",\"https:\/\/x.com\/raspberrypidk\",\"https:\/\/instagram.com\/raspberrypi.dk\"]}]}<\/script>\n<!-- \/ Yoast SEO plugin. -->","yoast_head_json":{"title":"10,1\u2033 HDMI QLED Touchscreen Display for Raspberry Pi \u2022 RaspberryPi.dk","robots":{"index":"index","follow":"follow","max-snippet":"max-snippet:-1","max-image-preview":"max-image-preview:large","max-video-preview":"max-video-preview:-1"},"canonical":"https:\/\/raspberrypi.dk\/fi\/tuote\/101%e2%80%b3-hdmi-qled-touchscreen-display-til-raspberry-pi\/","og_locale":"fi_FI","og_type":"article","og_title":"10,1\u2033 HDMI QLED Touchscreen Display for Raspberry Pi \u2022 RaspberryPi.dk","og_description":"10,1 tuuman QLED Quantum Dot Display, kapasitiivinen kosketusn\u00e4ytt\u00f6, 1280 \u00d7 720, G+G-karkaistu lasipaneeli, erilaisia \u200b\u200blaitteita ja j\u00e4rjestelm\u00e4tuki.","og_url":"https:\/\/raspberrypi.dk\/fi\/tuote\/101%e2%80%b3-hdmi-qled-touchscreen-display-til-raspberry-pi\/","og_site_name":"RaspberryPi.dk","article_publisher":"https:\/\/facebook.com\/RaspberryPiDanmark","article_modified_time":"2025-06-02T01:56:58+00:00","og_image":[{"width":769,"height":634,"url":"https:\/\/raspberrypi.dk\/wp-content\/uploads\/2021\/10\/10inch-qled-toughened-glass-raspberry-pi-3.jpg","type":"image\/jpeg"}],"twitter_card":"summary_large_image","twitter_site":"@raspberrypidk","twitter_misc":{"Arvioitu lukuaika":"10 minuuttia"},"schema":{"@context":"https:\/\/schema.org","@graph":[{"@type":"WebPage","@id":"https:\/\/raspberrypi.dk\/fi\/tuote\/101%e2%80%b3-hdmi-qled-touchscreen-display-til-raspberry-pi\/","url":"https:\/\/raspberrypi.dk\/fi\/tuote\/101%e2%80%b3-hdmi-qled-touchscreen-display-til-raspberry-pi\/","name":"10,1\u2033 HDMI QLED Touchscreen Display for Raspberry Pi \u2022 RaspberryPi.dk","isPartOf":{"@id":"https:\/\/raspberrypi.dk\/fi\/#website"},"primaryImageOfPage":{"@id":"https:\/\/raspberrypi.dk\/fi\/tuote\/101%e2%80%b3-hdmi-qled-touchscreen-display-til-raspberry-pi\/#primaryimage"},"image":{"@id":"https:\/\/raspberrypi.dk\/fi\/tuote\/101%e2%80%b3-hdmi-qled-touchscreen-display-til-raspberry-pi\/#primaryimage"},"thumbnailUrl":"https:\/\/raspberrypi.dk\/wp-content\/uploads\/2021\/10\/10inch-qled-toughened-glass-raspberry-pi-3.jpg","datePublished":"2021-10-20T12:14:17+00:00","dateModified":"2025-06-02T01:56:58+00:00","breadcrumb":{"@id":"https:\/\/raspberrypi.dk\/fi\/tuote\/101%e2%80%b3-hdmi-qled-touchscreen-display-til-raspberry-pi\/#breadcrumb"},"inLanguage":"fi","potentialAction":[{"@type":"ReadAction","target":["https:\/\/raspberrypi.dk\/fi\/tuote\/101%e2%80%b3-hdmi-qled-touchscreen-display-til-raspberry-pi\/"]}]},{"@type":"ImageObject","inLanguage":"fi","@id":"https:\/\/raspberrypi.dk\/fi\/tuote\/101%e2%80%b3-hdmi-qled-touchscreen-display-til-raspberry-pi\/#primaryimage","url":"https:\/\/raspberrypi.dk\/wp-content\/uploads\/2021\/10\/10inch-qled-toughened-glass-raspberry-pi-3.jpg","contentUrl":"https:\/\/raspberrypi.dk\/wp-content\/uploads\/2021\/10\/10inch-qled-toughened-glass-raspberry-pi-3.jpg","width":769,"height":634,"caption":"10.1 inch display qled raspberry pi"},{"@type":"BreadcrumbList","@id":"https:\/\/raspberrypi.dk\/fi\/tuote\/101%e2%80%b3-hdmi-qled-touchscreen-display-til-raspberry-pi\/#breadcrumb","itemListElement":[{"@type":"ListItem","position":1,"name":"Hjem","item":"https:\/\/raspberrypi.dk\/fi\/raspberry-pi-verkkokauppa\/"},{"@type":"ListItem","position":2,"name":"Shop","item":"https:\/\/raspberrypi.dk\/fi\/shop-2\/"},{"@type":"ListItem","position":3,"name":"10,1\u2033 HDMI QLED Touchscreen Display for Raspberry Pi"}]},{"@type":"WebSite","@id":"https:\/\/raspberrypi.dk\/fi\/#website","url":"https:\/\/raspberrypi.dk\/fi\/","name":"RaspberryPi.dk","description":"Danmarks f\u00f8rende Raspberry Pi side!","publisher":{"@id":"https:\/\/raspberrypi.dk\/fi\/#organization"},"potentialAction":[{"@type":"SearchAction","target":{"@type":"EntryPoint","urlTemplate":"https:\/\/raspberrypi.dk\/fi\/?s={search_term_string}"},"query-input":{"@type":"PropertyValueSpecification","valueRequired":true,"valueName":"search_term_string"}}],"inLanguage":"fi"},{"@type":"Organization","@id":"https:\/\/raspberrypi.dk\/fi\/#organization","name":"RaspberryPi.dk","url":"https:\/\/raspberrypi.dk\/fi\/","logo":{"@type":"ImageObject","inLanguage":"fi","@id":"https:\/\/raspberrypi.dk\/fi\/#\/schema\/logo\/image\/","url":"https:\/\/raspberrypi.dk\/wp-content\/uploads\/2017\/05\/RaspberryPidk_logo-2.png","contentUrl":"https:\/\/raspberrypi.dk\/wp-content\/uploads\/2017\/05\/RaspberryPidk_logo-2.png","width":470,"height":110,"caption":"RaspberryPi.dk"},"image":{"@id":"https:\/\/raspberrypi.dk\/fi\/#\/schema\/logo\/image\/"},"sameAs":["https:\/\/facebook.com\/RaspberryPiDanmark","https:\/\/x.com\/raspberrypidk","https:\/\/instagram.com\/raspberrypi.dk"]}]}},"_links":{"self":[{"href":"https:\/\/raspberrypi.dk\/fi\/wp-json\/wp\/v2\/product\/220707","targetHints":{"allow":["GET"]}}],"collection":[{"href":"https:\/\/raspberrypi.dk\/fi\/wp-json\/wp\/v2\/product"}],"about":[{"href":"https:\/\/raspberrypi.dk\/fi\/wp-json\/wp\/v2\/types\/product"}],"replies":[{"embeddable":true,"href":"https:\/\/raspberrypi.dk\/fi\/wp-json\/wp\/v2\/comments?post=220707"}],"wp:featuredmedia":[{"embeddable":true,"href":"https:\/\/raspberrypi.dk\/fi\/wp-json\/wp\/v2\/media\/220713"}],"wp:attachment":[{"href":"https:\/\/raspberrypi.dk\/fi\/wp-json\/wp\/v2\/media?parent=220707"}],"wp:term":[{"taxonomy":"product_brand","embeddable":true,"href":"https:\/\/raspberrypi.dk\/fi\/wp-json\/wp\/v2\/product_brand?post=220707"},{"taxonomy":"product_cat","embeddable":true,"href":"https:\/\/raspberrypi.dk\/fi\/wp-json\/wp\/v2\/product_cat?post=220707"},{"taxonomy":"product_tag","embeddable":true,"href":"https:\/\/raspberrypi.dk\/fi\/wp-json\/wp\/v2\/product_tag?post=220707"}],"curies":[{"name":"wp","href":"https:\/\/api.w.org\/{rel}","templated":true}]}}