{"id":220716,"date":"2021-10-19T09:00:04","date_gmt":"2021-10-19T07:00:04","guid":{"rendered":"https:\/\/raspberrypi.dk\/produkt\/raspberry-pi-build-hat-kaeytettaevaeksi-lego-kanssa\/"},"modified":"2026-01-23T15:02:03","modified_gmt":"2026-01-23T14:02:03","slug":"raspberry-pi-build-hat-kaeytettaevaeksi-lego-kanssa","status":"publish","type":"product","link":"https:\/\/raspberrypi.dk\/fi\/tuote\/raspberry-pi-build-hat-kaeytettaevaeksi-lego-kanssa\/","title":{"rendered":"Raspberry Pi Build HAT k\u00e4ytett\u00e4v\u00e4ksi LEGO\u00ae kanssa"},"content":{"rendered":"<section>\n<div class=\"max-w-screen-xl mx-auto py-32 lg:py-40 px-10 md:px-28 flex flex-col\">\n<div class=\"flex flex-col md:flex-row items-center\">\n<div class=\"flex-1 mb-10 md:mb-0 md:mr-10 lg:mr-44 rounded-3xl overflow-hidden transform\">\n<div class=\"gatsby-image-wrapper gatsby-image-wrapper-constrained\" data-gatsby-image-wrapper=\"\">\n<div><img role=\"presentation\" alt=\"\" aria-hidden=\"true\" \/><\/div>\n<div aria-hidden=\"true\" data-placeholder-image=\"\"><\/div>\n<\/div>\n<\/div>\n<div class=\"flex-1\">\n<h2 class=\"font-sans font-bold leading-snug text-5xl mb-5\">Projects that make sense<\/h2>\n<p class=\"font-sans font-normal leading-normal text-3xl\">The LEGO Education SPIKE Portfolio features a wide variety of sensors and motors that you can control with the Build HAT Python library on your Raspberry Pi. Explore the world around you with sensors to detect distance, force, and colour, and choose from a variety of motor sizes to suit any build. The Build HAT also supports motors and sensors from the LEGO\u00ae MINDSTORMS\u00ae Robot Inventor kit, as well as most other LEGO devices that use an LPF2 connector.<\/p>\n<p><a class=\"inline-block rounded-full py-4 px-8 bg-rpi-blue no-underline hover:underline hover:bg-rpi-dark-blue text-white font-bold focus:ring ring-rpi-light-blue outline-none mt-8 px-16 text-center w-full md:w-auto\" href=\"https:\/\/buildhat.readthedocs.io\/\" rel=\"noopener\">Explore the Build HAT Python library<\/a><\/p>\n<\/div>\n<\/div>\n<div class=\"flex flex-col md:flex-row-reverse items-center mt-32 lg:mt-40\">\n<div class=\"flex-1 mb-10 md:mb-0 md:ml-10 lg:ml-44 rounded-3xl overflow-hidden transform\">\n<div class=\"gatsby-image-wrapper gatsby-image-wrapper-constrained\" data-gatsby-image-wrapper=\"\">\n<div><img role=\"presentation\" alt=\"\" aria-hidden=\"true\" \/><\/div>\n<div aria-hidden=\"true\" data-placeholder-image=\"\"><\/div>\n<\/div>\n<\/div>\n<div class=\"flex-1\">\n<h2 class=\"font-sans font-bold leading-snug text-5xl mb-5\">The power of the Build HAT<\/h2>\n<p class=\"font-sans font-normal leading-normal text-3xl\">With the Raspberry Pi Build HAT Power Supply, available separately, the Build HAT can power your Raspberry Pi (except Raspberry Pi 400) and all connected devices.<\/p>\n<p><a class=\"inline-block rounded-full py-4 px-8 bg-rpi-blue no-underline hover:underline hover:bg-rpi-dark-blue text-white font-bold focus:ring ring-rpi-light-blue outline-none mt-8 px-16 text-center w-full md:w-auto\" href=\"https:\/\/raspberrypi.dk\/fi\/tuote\/officiel-raspberry-pi-build-hat-virtalaehde-8v-6a-eu\/\">View Build HAT Power Supply<\/a><\/p>\n<\/div>\n<\/div>\n<div class=\"flex flex-col md:flex-row items-center mt-32 lg:mt-40\">\n<div class=\"flex-1 mb-10 md:mb-0 md:mr-10 lg:mr-44 rounded-3xl overflow-hidden transform\">\n<div class=\"gatsby-image-wrapper gatsby-image-wrapper-constrained\" data-gatsby-image-wrapper=\"\">\n<div><img role=\"presentation\" alt=\"\" aria-hidden=\"true\" \/><\/div>\n<div aria-hidden=\"true\" data-placeholder-image=\"\"><\/div>\n<\/div>\n<\/div>\n<div class=\"flex-1\">\n<h2 class=\"font-sans font-bold leading-snug text-5xl mb-5\">Build with Raspberry Pi and the LEGO\u00ae bricks you love<\/h2>\n<p class=\"font-sans font-normal leading-normal text-3xl\">The new, specially designed LEGO Maker Plate is the first LEGO element ever designed to connect to something that isn\u2019t another piece of LEGO. It allows you to attach your Raspberry Pi to your LEGO creations, and it&#8217;s available with the SPIKE Prime Expansion Set (45681).<\/p>\n<\/div>\n<\/div>\n<div class=\"flex flex-col md:flex-row-reverse items-center mt-32 lg:mt-40\">\n<div class=\"flex-1 mb-10 md:mb-0 md:ml-10 lg:ml-44 rounded-3xl overflow-hidden transform\">\n<div class=\"gatsby-image-wrapper gatsby-image-wrapper-constrained\" data-gatsby-image-wrapper=\"\">\n<div><img role=\"presentation\" alt=\"\" aria-hidden=\"true\" \/><\/div>\n<div aria-hidden=\"true\" data-placeholder-image=\"\"><\/div>\n<\/div>\n<\/div>\n<div class=\"flex-1\">\n<h2 class=\"font-sans font-bold leading-snug text-5xl mb-5\">In the classroom<\/h2>\n<p class=\"font-sans font-normal leading-normal text-3xl\">Easily integrate LEGO Education SPIKE Prime with Raspberry Pi computers. Supported by guided projects from the Raspberry Pi Foundation designed for secondary school students, the Raspberry Pi Build HAT delivers a unique hands-on learning experience that&#8217;s accessible, engaging, and confidence-building for all students.<\/p>\n<p><a class=\"inline-block rounded-full py-4 px-8 bg-rpi-blue no-underline hover:underline hover:bg-rpi-dark-blue text-white font-bold focus:ring ring-rpi-light-blue outline-none mt-8 px-16 text-center w-full md:w-auto\" href=\"https:\/\/projects.raspberrypi.org\/en\/pathways\/lego-intro\" rel=\"noopener\">View Build HAT projects<\/a><\/p>\n<\/div>\n<\/div>\n<\/div>\n<\/section>\n<section id=\"specs\" class=\"bg-rpi-grey-900 text-white\">\n<div class=\"max-w-screen-xl mx-auto py-32 px-10 md:px-28\">\n<div class=\"grid md:gap-20 md:grid-cols-3\">\n<h2 class=\"font-sans font-bold leading-snug text-5xl mb-4 \">Specification<\/h2>\n<div class=\"col-span-2 md:pt-4 SpecsPanel-module--rich-text--458UK\">\n<p>Supports motors and sensors included in the LEGO\u00ae Education SPIKE<strong>\u2122<\/strong>\u00a0Portfolio, along with those from the LEGO\u00ae MINDSTORMS\u00ae Robot Inventor kit and most other LEGO devices that use an LPF2 connector<\/p>\n<p>Fits any Raspberry Pi computer with a 40-pin GPIO header (including, with the addition of a ribbon cable or other extension device, Raspberry Pi 400)<\/p>\n<p>Specially developed\u00a0Python library<strong>\u00a0<\/strong>supports students and makers to create and learn<\/p>\n<p>DC power connector: 2.1mm barrel jack, centre positive<\/p>\n<p>Powers your Raspberry Pi computer (except Raspberry Pi 400) and connected LEGO Technic devices when used with an external 8V \u00b110% DC power source, such as the Raspberry Pi Build HAT Power Supply, or a 7.5V battery pack<\/p>\n<p>Onboard Raspberry Pi RP2040 microcontroller manages low-level control of LEGO Technic devices<\/p>\n<\/div>\n<h2 class=\"font-sans font-bold leading-snug text-5xl mb-4 mt-12 md:my-0\">Documents<\/h2>\n<div class=\"col-span-2 md:pt-4\">\n<ul>\n<li><a class=\"font-bold text-blue-300 hover:text-blue-100 hover:underline\" href=\"https:\/\/raspberrypi.com\/documentation\/accessories\/build-hat.html\">Getting started guide<\/a><\/li>\n<li><a class=\"font-bold text-blue-300 hover:text-blue-100 hover:underline\" href=\"https:\/\/datasheets.raspberrypi.com\/build-hat\/raspberry-pi-build-hat-product-brief.pdf\">Product brief<\/a><\/li>\n<\/ul>\n<\/div>\n<h2 class=\"font-sans font-bold leading-snug text-5xl mb-4 mt-12 md:my-0\">Compliance<\/h2>\n<div class=\"col-span-2 md:pt-4 SpecsPanel-module--rich-text--458UK\">\n<p>The Raspberry Pi Build HAT has undergone extensive compliance testing and meets a number of regional and international standards.<\/p>\n<p>View and download\u00a0<a href=\"https:\/\/pip.raspberrypi.com\/\">relevant certificates and conformity documents<\/a><strong>.<\/strong><\/p>\n<p>If you require any further information regarding compliance, please contact us at\u00a0<a href=\"mailto:compliance@raspberrypi.com\">compliance@raspberrypi.com<\/a><\/p>\n<\/div>\n<h2 class=\"font-sans font-bold leading-snug text-5xl mb-4 mt-12 md:my-0\">Obsolescence<\/h2>\n<div class=\"col-span-2 md:pt-4\">Raspberry Pi Build HAT\u00a0will remain in production until at least\u00a0January 2028<\/div>\n<\/div>\n<\/div>\n<\/section>\n","protected":false},"excerpt":{"rendered":"<p>Raspberry Pi Build HAT yhdist\u00e4\u00e4 Raspberry Pi -laskennan tehon LEGO\u00ae k\u00e4yt\u00e4nn\u00f6n oppimiseen, mik\u00e4 mahdollistaa hauskan ja luovan oppimiskokemuksen oppilaille, opettajille ja p\u00e4\u00e4t\u00f6ksentekij\u00f6ille.<\/p>\n","protected":false},"featured_media":220717,"comment_status":"open","ping_status":"closed","template":"","meta":[],"product_brand":[],"product_cat":[732],"product_tag":[719,718],"class_list":{"0":"post-220716","1":"product","2":"type-product","3":"status-publish","4":"has-post-thumbnail","6":"product_cat-hats-gpio","7":"product_tag-rpi4-fi","8":"product_tag-rpi5-fi","10":"first","11":"instock","12":"sale","13":"taxable","14":"shipping-taxable","15":"purchasable","16":"product-type-simple"},"composite_virtual":false,"composite_layout":"","composite_add_to_cart_form_location":"","composite_editable_in_cart":false,"composite_sold_individually_context":"","composite_shop_price_calc":"","composite_components":[],"composite_scenarios":[],"bundled_by":[],"bundle_stock_status":"instock","bundle_stock_quantity":9,"bundle_virtual":false,"bundle_layout":"","bundle_add_to_cart_form_location":"","bundle_editable_in_cart":false,"bundle_sold_individually_context":"","bundle_item_grouping":"","bundle_min_size":"","bundle_max_size":"","bundle_price":[],"bundled_items":[],"bundle_sell_ids":[220714],"yoast_head":"<!-- This site is optimized with the Yoast SEO plugin v27.1.1 - https:\/\/yoast.com\/product\/yoast-seo-wordpress\/ -->\n<title>Raspberry Pi Build HAT k\u00e4ytett\u00e4v\u00e4ksi LEGO\u00ae kanssa \u2022 RaspberryPi.dk<\/title>\n<meta name=\"robots\" content=\"index, follow, max-snippet:-1, max-image-preview:large, max-video-preview:-1\" \/>\n<link rel=\"canonical\" href=\"https:\/\/raspberrypi.dk\/fi\/tuote\/raspberry-pi-build-hat-kaeytettaevaeksi-lego-kanssa\/\" \/>\n<meta property=\"og:locale\" content=\"fi_FI\" \/>\n<meta property=\"og:type\" content=\"article\" \/>\n<meta property=\"og:title\" content=\"Raspberry Pi Build HAT k\u00e4ytett\u00e4v\u00e4ksi LEGO\u00ae kanssa \u2022 RaspberryPi.dk\" \/>\n<meta property=\"og:description\" content=\"Raspberry Pi Build HAT yhdist\u00e4\u00e4 Raspberry Pi -laskennan tehon LEGO\u00ae k\u00e4yt\u00e4nn\u00f6n oppimiseen, mik\u00e4 mahdollistaa hauskan ja luovan oppimiskokemuksen oppilaille, opettajille ja p\u00e4\u00e4t\u00f6ksentekij\u00f6ille.\" \/>\n<meta property=\"og:url\" content=\"https:\/\/raspberrypi.dk\/fi\/tuote\/raspberry-pi-build-hat-kaeytettaevaeksi-lego-kanssa\/\" \/>\n<meta property=\"og:site_name\" content=\"RaspberryPi.dk\" \/>\n<meta property=\"article:publisher\" content=\"https:\/\/facebook.com\/RaspberryPiDanmark\" \/>\n<meta property=\"article:modified_time\" content=\"2026-01-23T14:02:03+00:00\" \/>\n<meta property=\"og:image\" content=\"https:\/\/raspberrypi.dk\/wp-content\/uploads\/2021\/10\/Build-HAT-plain.jpg\" \/>\n\t<meta property=\"og:image:width\" content=\"1920\" \/>\n\t<meta property=\"og:image:height\" content=\"1298\" \/>\n\t<meta property=\"og:image:type\" content=\"image\/jpeg\" \/>\n<meta name=\"twitter:card\" content=\"summary_large_image\" \/>\n<meta name=\"twitter:site\" content=\"@raspberrypidk\" \/>\n<meta name=\"twitter:label1\" content=\"Arvioitu lukuaika\" \/>\n\t<meta name=\"twitter:data1\" content=\"4 minuuttia\" \/>\n<script type=\"application\/ld+json\" class=\"yoast-schema-graph\">{\"@context\":\"https:\/\/schema.org\",\"@graph\":[{\"@type\":\"WebPage\",\"@id\":\"https:\/\/raspberrypi.dk\/fi\/tuote\/raspberry-pi-build-hat-kaeytettaevaeksi-lego-kanssa\/\",\"url\":\"https:\/\/raspberrypi.dk\/fi\/tuote\/raspberry-pi-build-hat-kaeytettaevaeksi-lego-kanssa\/\",\"name\":\"Raspberry Pi Build HAT k\u00e4ytett\u00e4v\u00e4ksi LEGO\u00ae kanssa \u2022 RaspberryPi.dk\",\"isPartOf\":{\"@id\":\"https:\/\/raspberrypi.dk\/fi\/#website\"},\"primaryImageOfPage\":{\"@id\":\"https:\/\/raspberrypi.dk\/fi\/tuote\/raspberry-pi-build-hat-kaeytettaevaeksi-lego-kanssa\/#primaryimage\"},\"image\":{\"@id\":\"https:\/\/raspberrypi.dk\/fi\/tuote\/raspberry-pi-build-hat-kaeytettaevaeksi-lego-kanssa\/#primaryimage\"},\"thumbnailUrl\":\"https:\/\/raspberrypi.dk\/wp-content\/uploads\/2021\/10\/Build-HAT-plain.jpg\",\"datePublished\":\"2021-10-19T07:00:04+00:00\",\"dateModified\":\"2026-01-23T14:02:03+00:00\",\"breadcrumb\":{\"@id\":\"https:\/\/raspberrypi.dk\/fi\/tuote\/raspberry-pi-build-hat-kaeytettaevaeksi-lego-kanssa\/#breadcrumb\"},\"inLanguage\":\"fi\",\"potentialAction\":[{\"@type\":\"ReadAction\",\"target\":[\"https:\/\/raspberrypi.dk\/fi\/tuote\/raspberry-pi-build-hat-kaeytettaevaeksi-lego-kanssa\/\"]}]},{\"@type\":\"ImageObject\",\"inLanguage\":\"fi\",\"@id\":\"https:\/\/raspberrypi.dk\/fi\/tuote\/raspberry-pi-build-hat-kaeytettaevaeksi-lego-kanssa\/#primaryimage\",\"url\":\"https:\/\/raspberrypi.dk\/wp-content\/uploads\/2021\/10\/Build-HAT-plain.jpg\",\"contentUrl\":\"https:\/\/raspberrypi.dk\/wp-content\/uploads\/2021\/10\/Build-HAT-plain.jpg\",\"width\":1920,\"height\":1298,\"caption\":\"Raspberry Pi Build HAT til brug med LEGO\u00ae\"},{\"@type\":\"BreadcrumbList\",\"@id\":\"https:\/\/raspberrypi.dk\/fi\/tuote\/raspberry-pi-build-hat-kaeytettaevaeksi-lego-kanssa\/#breadcrumb\",\"itemListElement\":[{\"@type\":\"ListItem\",\"position\":1,\"name\":\"Hjem\",\"item\":\"https:\/\/raspberrypi.dk\/fi\/raspberry-pi-verkkokauppa\/\"},{\"@type\":\"ListItem\",\"position\":2,\"name\":\"Shop\",\"item\":\"https:\/\/raspberrypi.dk\/fi\/shop-2\/\"},{\"@type\":\"ListItem\",\"position\":3,\"name\":\"Raspberry Pi Build HAT k\u00e4ytett\u00e4v\u00e4ksi LEGO\u00ae kanssa\"}]},{\"@type\":\"WebSite\",\"@id\":\"https:\/\/raspberrypi.dk\/fi\/#website\",\"url\":\"https:\/\/raspberrypi.dk\/fi\/\",\"name\":\"RaspberryPi.dk\",\"description\":\"Danmarks f\u00f8rende Raspberry Pi side!\",\"publisher\":{\"@id\":\"https:\/\/raspberrypi.dk\/fi\/#organization\"},\"potentialAction\":[{\"@type\":\"SearchAction\",\"target\":{\"@type\":\"EntryPoint\",\"urlTemplate\":\"https:\/\/raspberrypi.dk\/fi\/?s={search_term_string}\"},\"query-input\":{\"@type\":\"PropertyValueSpecification\",\"valueRequired\":true,\"valueName\":\"search_term_string\"}}],\"inLanguage\":\"fi\"},{\"@type\":\"Organization\",\"@id\":\"https:\/\/raspberrypi.dk\/fi\/#organization\",\"name\":\"RaspberryPi.dk\",\"url\":\"https:\/\/raspberrypi.dk\/fi\/\",\"logo\":{\"@type\":\"ImageObject\",\"inLanguage\":\"fi\",\"@id\":\"https:\/\/raspberrypi.dk\/fi\/#\/schema\/logo\/image\/\",\"url\":\"https:\/\/raspberrypi.dk\/wp-content\/uploads\/2017\/05\/RaspberryPidk_logo-2.png\",\"contentUrl\":\"https:\/\/raspberrypi.dk\/wp-content\/uploads\/2017\/05\/RaspberryPidk_logo-2.png\",\"width\":470,\"height\":110,\"caption\":\"RaspberryPi.dk\"},\"image\":{\"@id\":\"https:\/\/raspberrypi.dk\/fi\/#\/schema\/logo\/image\/\"},\"sameAs\":[\"https:\/\/facebook.com\/RaspberryPiDanmark\",\"https:\/\/x.com\/raspberrypidk\",\"https:\/\/instagram.com\/raspberrypi.dk\"]}]}<\/script>\n<!-- \/ Yoast SEO plugin. -->","yoast_head_json":{"title":"Raspberry Pi Build HAT k\u00e4ytett\u00e4v\u00e4ksi LEGO\u00ae kanssa \u2022 RaspberryPi.dk","robots":{"index":"index","follow":"follow","max-snippet":"max-snippet:-1","max-image-preview":"max-image-preview:large","max-video-preview":"max-video-preview:-1"},"canonical":"https:\/\/raspberrypi.dk\/fi\/tuote\/raspberry-pi-build-hat-kaeytettaevaeksi-lego-kanssa\/","og_locale":"fi_FI","og_type":"article","og_title":"Raspberry Pi Build HAT k\u00e4ytett\u00e4v\u00e4ksi LEGO\u00ae kanssa \u2022 RaspberryPi.dk","og_description":"Raspberry Pi Build HAT yhdist\u00e4\u00e4 Raspberry Pi -laskennan tehon LEGO\u00ae k\u00e4yt\u00e4nn\u00f6n oppimiseen, mik\u00e4 mahdollistaa hauskan ja luovan oppimiskokemuksen oppilaille, opettajille ja p\u00e4\u00e4t\u00f6ksentekij\u00f6ille.","og_url":"https:\/\/raspberrypi.dk\/fi\/tuote\/raspberry-pi-build-hat-kaeytettaevaeksi-lego-kanssa\/","og_site_name":"RaspberryPi.dk","article_publisher":"https:\/\/facebook.com\/RaspberryPiDanmark","article_modified_time":"2026-01-23T14:02:03+00:00","og_image":[{"width":1920,"height":1298,"url":"https:\/\/raspberrypi.dk\/wp-content\/uploads\/2021\/10\/Build-HAT-plain.jpg","type":"image\/jpeg"}],"twitter_card":"summary_large_image","twitter_site":"@raspberrypidk","twitter_misc":{"Arvioitu lukuaika":"4 minuuttia"},"schema":{"@context":"https:\/\/schema.org","@graph":[{"@type":"WebPage","@id":"https:\/\/raspberrypi.dk\/fi\/tuote\/raspberry-pi-build-hat-kaeytettaevaeksi-lego-kanssa\/","url":"https:\/\/raspberrypi.dk\/fi\/tuote\/raspberry-pi-build-hat-kaeytettaevaeksi-lego-kanssa\/","name":"Raspberry Pi Build HAT k\u00e4ytett\u00e4v\u00e4ksi LEGO\u00ae kanssa \u2022 RaspberryPi.dk","isPartOf":{"@id":"https:\/\/raspberrypi.dk\/fi\/#website"},"primaryImageOfPage":{"@id":"https:\/\/raspberrypi.dk\/fi\/tuote\/raspberry-pi-build-hat-kaeytettaevaeksi-lego-kanssa\/#primaryimage"},"image":{"@id":"https:\/\/raspberrypi.dk\/fi\/tuote\/raspberry-pi-build-hat-kaeytettaevaeksi-lego-kanssa\/#primaryimage"},"thumbnailUrl":"https:\/\/raspberrypi.dk\/wp-content\/uploads\/2021\/10\/Build-HAT-plain.jpg","datePublished":"2021-10-19T07:00:04+00:00","dateModified":"2026-01-23T14:02:03+00:00","breadcrumb":{"@id":"https:\/\/raspberrypi.dk\/fi\/tuote\/raspberry-pi-build-hat-kaeytettaevaeksi-lego-kanssa\/#breadcrumb"},"inLanguage":"fi","potentialAction":[{"@type":"ReadAction","target":["https:\/\/raspberrypi.dk\/fi\/tuote\/raspberry-pi-build-hat-kaeytettaevaeksi-lego-kanssa\/"]}]},{"@type":"ImageObject","inLanguage":"fi","@id":"https:\/\/raspberrypi.dk\/fi\/tuote\/raspberry-pi-build-hat-kaeytettaevaeksi-lego-kanssa\/#primaryimage","url":"https:\/\/raspberrypi.dk\/wp-content\/uploads\/2021\/10\/Build-HAT-plain.jpg","contentUrl":"https:\/\/raspberrypi.dk\/wp-content\/uploads\/2021\/10\/Build-HAT-plain.jpg","width":1920,"height":1298,"caption":"Raspberry Pi Build HAT til brug med LEGO\u00ae"},{"@type":"BreadcrumbList","@id":"https:\/\/raspberrypi.dk\/fi\/tuote\/raspberry-pi-build-hat-kaeytettaevaeksi-lego-kanssa\/#breadcrumb","itemListElement":[{"@type":"ListItem","position":1,"name":"Hjem","item":"https:\/\/raspberrypi.dk\/fi\/raspberry-pi-verkkokauppa\/"},{"@type":"ListItem","position":2,"name":"Shop","item":"https:\/\/raspberrypi.dk\/fi\/shop-2\/"},{"@type":"ListItem","position":3,"name":"Raspberry Pi Build HAT k\u00e4ytett\u00e4v\u00e4ksi LEGO\u00ae kanssa"}]},{"@type":"WebSite","@id":"https:\/\/raspberrypi.dk\/fi\/#website","url":"https:\/\/raspberrypi.dk\/fi\/","name":"RaspberryPi.dk","description":"Danmarks f\u00f8rende Raspberry Pi side!","publisher":{"@id":"https:\/\/raspberrypi.dk\/fi\/#organization"},"potentialAction":[{"@type":"SearchAction","target":{"@type":"EntryPoint","urlTemplate":"https:\/\/raspberrypi.dk\/fi\/?s={search_term_string}"},"query-input":{"@type":"PropertyValueSpecification","valueRequired":true,"valueName":"search_term_string"}}],"inLanguage":"fi"},{"@type":"Organization","@id":"https:\/\/raspberrypi.dk\/fi\/#organization","name":"RaspberryPi.dk","url":"https:\/\/raspberrypi.dk\/fi\/","logo":{"@type":"ImageObject","inLanguage":"fi","@id":"https:\/\/raspberrypi.dk\/fi\/#\/schema\/logo\/image\/","url":"https:\/\/raspberrypi.dk\/wp-content\/uploads\/2017\/05\/RaspberryPidk_logo-2.png","contentUrl":"https:\/\/raspberrypi.dk\/wp-content\/uploads\/2017\/05\/RaspberryPidk_logo-2.png","width":470,"height":110,"caption":"RaspberryPi.dk"},"image":{"@id":"https:\/\/raspberrypi.dk\/fi\/#\/schema\/logo\/image\/"},"sameAs":["https:\/\/facebook.com\/RaspberryPiDanmark","https:\/\/x.com\/raspberrypidk","https:\/\/instagram.com\/raspberrypi.dk"]}]}},"_links":{"self":[{"href":"https:\/\/raspberrypi.dk\/fi\/wp-json\/wp\/v2\/product\/220716","targetHints":{"allow":["GET"]}}],"collection":[{"href":"https:\/\/raspberrypi.dk\/fi\/wp-json\/wp\/v2\/product"}],"about":[{"href":"https:\/\/raspberrypi.dk\/fi\/wp-json\/wp\/v2\/types\/product"}],"replies":[{"embeddable":true,"href":"https:\/\/raspberrypi.dk\/fi\/wp-json\/wp\/v2\/comments?post=220716"}],"wp:featuredmedia":[{"embeddable":true,"href":"https:\/\/raspberrypi.dk\/fi\/wp-json\/wp\/v2\/media\/220717"}],"wp:attachment":[{"href":"https:\/\/raspberrypi.dk\/fi\/wp-json\/wp\/v2\/media?parent=220716"}],"wp:term":[{"taxonomy":"product_brand","embeddable":true,"href":"https:\/\/raspberrypi.dk\/fi\/wp-json\/wp\/v2\/product_brand?post=220716"},{"taxonomy":"product_cat","embeddable":true,"href":"https:\/\/raspberrypi.dk\/fi\/wp-json\/wp\/v2\/product_cat?post=220716"},{"taxonomy":"product_tag","embeddable":true,"href":"https:\/\/raspberrypi.dk\/fi\/wp-json\/wp\/v2\/product_tag?post=220716"}],"curies":[{"name":"wp","href":"https:\/\/api.w.org\/{rel}","templated":true}]}}