{"id":220807,"date":"2021-09-19T20:26:02","date_gmt":"2021-09-19T18:26:02","guid":{"rendered":"https:\/\/raspberrypi.dk\/produkt\/waveshare-poe-mini-computer-tyyppi-b-perustuu-cm4aeaen\/"},"modified":"2024-04-05T13:08:34","modified_gmt":"2024-04-05T11:08:34","slug":"waveshare-poe-mini-computer-tyyppi-b-perustuu-cm4aeaen","status":"publish","type":"product","link":"https:\/\/raspberrypi.dk\/fi\/tuote\/waveshare-poe-mini-computer-tyyppi-b-perustuu-cm4aeaen\/","title":{"rendered":"Waveshare PoE Mini-Computer (Tyyppi B) perustuu CM4:\u00e4\u00e4n"},"content":{"rendered":"<div>\n<div class=\"richTitle\"><span class=\"hilitColor\">PoE Mini-Computer<\/span>\u00a0Based On CM4<\/div>\n<p class=\"richDesc hilitBlock2\">Designed For Raspberry Pi Compute Module 4<\/p>\n<p class=\"richDesc\">Waveshare CM4 PoE IO Board (B) Inside, Fast And Easy To Build A Mini-Computer<\/p>\n<p><img decoding=\"async\" src=\"https:\/\/www.waveshare.com\/img\/devkit\/CM4-IO-POE-BOX-B\/CM4-IO-POE-BOX-B-details-1.jpg\" \/><\/p>\n<\/div>\n<div>\n<div class=\"richTitle\">Waveshare CM4 PoE IO Board (B) Inside<\/div>\n<p class=\"richDesc\">Make It Easy To Build Your Own Raspberry Pi CM4 Mini PC<\/p>\n<p><img decoding=\"async\" src=\"https:\/\/www.waveshare.com\/img\/devkit\/CM4-IO-POE-BOX-B\/CM4-IO-POE-BOX-B-details-3.jpg\" \/><\/p>\n<div class=\"msg msg_warning\">for reference only, CM4 and antenna are NOT included.<\/div>\n<\/div>\n<div><\/div>\n<div class=\"pdT\">\n<div><\/div>\n<div class=\"richTitle\">Rich Peripheral Connectors<\/div>\n<p class=\"richDesc\">Onboard Connectors Including CSI\/DSI\/HDMI\/USB\/ETH\/PCIe\/RS232\/RS485<\/p>\n<p><img decoding=\"async\" src=\"https:\/\/www.waveshare.com\/img\/devkit\/Compute-Module-4-PoE-Board-B\/Compute-Module-4-PoE-Board-B-details-5.jpg\" \/><\/p>\n<\/div>\n<div>\n<div class=\"richTitle\">Precise Cut-Out With Clear Label<\/div>\n<p class=\"richDesc\">Each Cut-Out Is Completely Aligned With The Connector<\/p>\n<p><img decoding=\"async\" src=\"https:\/\/www.waveshare.com\/img\/devkit\/CM4-IO-POE-BOX-B\/CM4-IO-POE-BOX-B-details-5.jpg\" \/><\/p>\n<\/div>\n<div>\n<div class=\"richTitle\">Cooling Fan Included<\/div>\n<p class=\"richDesc\">Comes With Cooling Fan, Combined With The Airflow Vent, Better Heat Dissipation<\/p>\n<p><img decoding=\"async\" src=\"https:\/\/www.waveshare.com\/img\/devkit\/CM4-IO-POE-BOX-B\/CM4-IO-POE-BOX-B-details-7.jpg\" \/><\/p>\n<\/div>\n<div>\n<div class=\"richTitle alignl\">Wall Mount Support<\/div>\n<p class=\"richDesc alignl\">Wall Mount Holes On Two Sides, Handy For Mounting<\/p>\n<p><img decoding=\"async\" src=\"https:\/\/www.waveshare.com\/img\/devkit\/CM4-IO-POE-BOX-B\/CM4-IO-POE-BOX-B-details-9.jpg\" \/><\/p>\n<\/div>\n<div>\n<div class=\"richTitle\">Application Examples<\/div>\n<p class=\"richDesc\">Binocular Vision, PoE Powered Raspberry Pi Projects, Or Other Industrial Context<\/p>\n<p><img decoding=\"async\" src=\"https:\/\/www.waveshare.com\/img\/devkit\/CM4-IO-POE-BOX-B\/CM4-IO-POE-BOX-B-details-11.jpg\" \/><\/p>\n<div class=\"msg msg_warning\">for reference only, display and cameras are NOT included.<\/div>\n<\/div>\n<div>\n<div class=\"richTitle\">Outline Dimensions<\/div>\n<p><img decoding=\"async\" src=\"https:\/\/www.waveshare.com\/img\/devkit\/CM4-IO-POE-BOX-B\/CM4-IO-POE-BOX-B-details-size.jpg\" \/><\/p>\n<\/div>\n<div>\n<div class=\"richTitle\">Resources &amp; Services<\/div>\n<p><img decoding=\"async\" src=\"https:\/\/www.waveshare.com\/img\/devkit\/LCD\/common\/res_banner.png\" \/><\/p>\n<div class=\"bgGrey\">\n<p><img decoding=\"async\" src=\"https:\/\/www.waveshare.com\/img\/devkit\/LCD\/common\/res_content.png\" \/><\/p>\n<hr \/>\n<div><strong>WIKI:\u00a0<\/strong><a href=\"http:\/\/www.waveshare.com\/wiki\/Compute_Module_4_PoE_Board_(B)\" target=\"_blank\" rel=\"noopener\">Compute_Module_4_PoE_Board_(B)<\/a><\/div>\n<\/div>\n<p class=\"subBlock alignl\">* Resources for different product may vary, please check the wiki page to confirm the actually provided resources.<\/p>\n<\/div>\n","protected":false},"excerpt":{"rendered":"<div class=\"overviewSec\">PoE Mini-Computer (Tyyppi B) perustuu Raspberry Pi Compute Module 4 (EI sis\u00e4lly), metallikotelo, tuulettimella.<\/div>\n<div><\/div>\n<div><a href=\"https:\/\/raspberrypi.dk\/fi\/tuote\/waveshare-cm4-io-board-med-poe-feature-type-b\/\">Variantti ilman koteloa l\u00f6ytyy t\u00e4\u00e4lt\u00e4.<\/a><\/div>\n<div><\/div>\n<div><a href=\"https:\/\/raspberrypi.dk\/fi\/myymala\/kategoria\/raspberry-pi-compute-module-4-cm4-fi\/\">Osta Raspberry Pi Compute Module 4 (CM4) t\u00e4\u00e4lt\u00e4.<\/a><\/div>\n","protected":false},"featured_media":220808,"comment_status":"open","ping_status":"closed","template":"","meta":[],"product_brand":[],"product_cat":[729],"product_tag":[783],"class_list":{"0":"post-220807","1":"product","2":"type-product","3":"status-publish","4":"has-post-thumbnail","6":"product_cat-teollinen-raspberry-pi-fi","7":"product_tag-cm4-fi","9":"first","10":"outofstock","11":"taxable","12":"shipping-taxable","13":"purchasable","14":"product-type-simple"},"composite_virtual":false,"composite_layout":"","composite_add_to_cart_form_location":"","composite_editable_in_cart":false,"composite_sold_individually_context":"","composite_shop_price_calc":"","composite_components":[],"composite_scenarios":[],"bundled_by":[],"bundle_stock_status":"outofstock","bundle_stock_quantity":0,"bundle_virtual":false,"bundle_layout":"","bundle_add_to_cart_form_location":"","bundle_editable_in_cart":false,"bundle_sold_individually_context":"","bundle_item_grouping":"","bundle_min_size":"","bundle_max_size":"","bundle_price":[],"bundled_items":[],"bundle_sell_ids":[],"yoast_head":"<!-- This site is optimized with the Yoast SEO plugin v27.1.1 - https:\/\/yoast.com\/product\/yoast-seo-wordpress\/ -->\n<title>Waveshare PoE Mini-Computer (Tyyppi B) perustuu CM4:\u00e4\u00e4n \u2022 RaspberryPi.dk<\/title>\n<meta name=\"robots\" content=\"index, follow, max-snippet:-1, max-image-preview:large, max-video-preview:-1\" \/>\n<link rel=\"canonical\" href=\"https:\/\/raspberrypi.dk\/fi\/tuote\/waveshare-poe-mini-computer-tyyppi-b-perustuu-cm4aeaen\/\" \/>\n<meta property=\"og:locale\" content=\"fi_FI\" \/>\n<meta property=\"og:type\" content=\"article\" \/>\n<meta property=\"og:title\" content=\"Waveshare PoE Mini-Computer (Tyyppi B) perustuu CM4:\u00e4\u00e4n \u2022 RaspberryPi.dk\" \/>\n<meta property=\"og:description\" content=\"PoE Mini-Computer (Tyyppi B) perustuu Raspberry Pi Compute Module 4 (EI sis\u00e4lly), metallikotelo, tuulettimella.  Variantti ilman koteloa l\u00f6ytyy t\u00e4\u00e4lt\u00e4.  Osta Raspberry Pi Compute Module 4 (CM4) t\u00e4\u00e4lt\u00e4.\" \/>\n<meta property=\"og:url\" content=\"https:\/\/raspberrypi.dk\/fi\/tuote\/waveshare-poe-mini-computer-tyyppi-b-perustuu-cm4aeaen\/\" \/>\n<meta property=\"og:site_name\" content=\"RaspberryPi.dk\" \/>\n<meta property=\"article:publisher\" content=\"https:\/\/facebook.com\/RaspberryPiDanmark\" \/>\n<meta property=\"article:modified_time\" content=\"2024-04-05T11:08:34+00:00\" \/>\n<meta property=\"og:image\" content=\"https:\/\/raspberrypi.dk\/wp-content\/uploads\/2021\/09\/poe-mini-computer-b.jpg\" \/>\n\t<meta property=\"og:image:width\" content=\"719\" \/>\n\t<meta property=\"og:image:height\" content=\"586\" \/>\n\t<meta property=\"og:image:type\" content=\"image\/jpeg\" \/>\n<meta name=\"twitter:card\" content=\"summary_large_image\" \/>\n<meta name=\"twitter:site\" content=\"@raspberrypidk\" \/>\n<meta name=\"twitter:label1\" content=\"Arvioitu lukuaika\" \/>\n\t<meta name=\"twitter:data1\" content=\"4 minuuttia\" \/>\n<script type=\"application\/ld+json\" class=\"yoast-schema-graph\">{\"@context\":\"https:\/\/schema.org\",\"@graph\":[{\"@type\":\"WebPage\",\"@id\":\"https:\/\/raspberrypi.dk\/fi\/tuote\/waveshare-poe-mini-computer-tyyppi-b-perustuu-cm4aeaen\/\",\"url\":\"https:\/\/raspberrypi.dk\/fi\/tuote\/waveshare-poe-mini-computer-tyyppi-b-perustuu-cm4aeaen\/\",\"name\":\"Waveshare PoE Mini-Computer (Tyyppi B) perustuu CM4:\u00e4\u00e4n \u2022 RaspberryPi.dk\",\"isPartOf\":{\"@id\":\"https:\/\/raspberrypi.dk\/fi\/#website\"},\"primaryImageOfPage\":{\"@id\":\"https:\/\/raspberrypi.dk\/fi\/tuote\/waveshare-poe-mini-computer-tyyppi-b-perustuu-cm4aeaen\/#primaryimage\"},\"image\":{\"@id\":\"https:\/\/raspberrypi.dk\/fi\/tuote\/waveshare-poe-mini-computer-tyyppi-b-perustuu-cm4aeaen\/#primaryimage\"},\"thumbnailUrl\":\"https:\/\/raspberrypi.dk\/wp-content\/uploads\/2021\/09\/poe-mini-computer-b.jpg\",\"datePublished\":\"2021-09-19T18:26:02+00:00\",\"dateModified\":\"2024-04-05T11:08:34+00:00\",\"breadcrumb\":{\"@id\":\"https:\/\/raspberrypi.dk\/fi\/tuote\/waveshare-poe-mini-computer-tyyppi-b-perustuu-cm4aeaen\/#breadcrumb\"},\"inLanguage\":\"fi\",\"potentialAction\":[{\"@type\":\"ReadAction\",\"target\":[\"https:\/\/raspberrypi.dk\/fi\/tuote\/waveshare-poe-mini-computer-tyyppi-b-perustuu-cm4aeaen\/\"]}]},{\"@type\":\"ImageObject\",\"inLanguage\":\"fi\",\"@id\":\"https:\/\/raspberrypi.dk\/fi\/tuote\/waveshare-poe-mini-computer-tyyppi-b-perustuu-cm4aeaen\/#primaryimage\",\"url\":\"https:\/\/raspberrypi.dk\/wp-content\/uploads\/2021\/09\/poe-mini-computer-b.jpg\",\"contentUrl\":\"https:\/\/raspberrypi.dk\/wp-content\/uploads\/2021\/09\/poe-mini-computer-b.jpg\",\"width\":719,\"height\":586,\"caption\":\"poe mini computer b\"},{\"@type\":\"BreadcrumbList\",\"@id\":\"https:\/\/raspberrypi.dk\/fi\/tuote\/waveshare-poe-mini-computer-tyyppi-b-perustuu-cm4aeaen\/#breadcrumb\",\"itemListElement\":[{\"@type\":\"ListItem\",\"position\":1,\"name\":\"Hjem\",\"item\":\"https:\/\/raspberrypi.dk\/fi\/raspberry-pi-verkkokauppa\/\"},{\"@type\":\"ListItem\",\"position\":2,\"name\":\"Shop\",\"item\":\"https:\/\/raspberrypi.dk\/fi\/shop-2\/\"},{\"@type\":\"ListItem\",\"position\":3,\"name\":\"Waveshare PoE Mini-Computer (Tyyppi B) perustuu CM4:\u00e4\u00e4n\"}]},{\"@type\":\"WebSite\",\"@id\":\"https:\/\/raspberrypi.dk\/fi\/#website\",\"url\":\"https:\/\/raspberrypi.dk\/fi\/\",\"name\":\"RaspberryPi.dk\",\"description\":\"Danmarks f\u00f8rende Raspberry Pi side!\",\"publisher\":{\"@id\":\"https:\/\/raspberrypi.dk\/fi\/#organization\"},\"potentialAction\":[{\"@type\":\"SearchAction\",\"target\":{\"@type\":\"EntryPoint\",\"urlTemplate\":\"https:\/\/raspberrypi.dk\/fi\/?s={search_term_string}\"},\"query-input\":{\"@type\":\"PropertyValueSpecification\",\"valueRequired\":true,\"valueName\":\"search_term_string\"}}],\"inLanguage\":\"fi\"},{\"@type\":\"Organization\",\"@id\":\"https:\/\/raspberrypi.dk\/fi\/#organization\",\"name\":\"RaspberryPi.dk\",\"url\":\"https:\/\/raspberrypi.dk\/fi\/\",\"logo\":{\"@type\":\"ImageObject\",\"inLanguage\":\"fi\",\"@id\":\"https:\/\/raspberrypi.dk\/fi\/#\/schema\/logo\/image\/\",\"url\":\"https:\/\/raspberrypi.dk\/wp-content\/uploads\/2017\/05\/RaspberryPidk_logo-2.png\",\"contentUrl\":\"https:\/\/raspberrypi.dk\/wp-content\/uploads\/2017\/05\/RaspberryPidk_logo-2.png\",\"width\":470,\"height\":110,\"caption\":\"RaspberryPi.dk\"},\"image\":{\"@id\":\"https:\/\/raspberrypi.dk\/fi\/#\/schema\/logo\/image\/\"},\"sameAs\":[\"https:\/\/facebook.com\/RaspberryPiDanmark\",\"https:\/\/x.com\/raspberrypidk\",\"https:\/\/instagram.com\/raspberrypi.dk\"]}]}<\/script>\n<!-- \/ Yoast SEO plugin. -->","yoast_head_json":{"title":"Waveshare PoE Mini-Computer (Tyyppi B) perustuu CM4:\u00e4\u00e4n \u2022 RaspberryPi.dk","robots":{"index":"index","follow":"follow","max-snippet":"max-snippet:-1","max-image-preview":"max-image-preview:large","max-video-preview":"max-video-preview:-1"},"canonical":"https:\/\/raspberrypi.dk\/fi\/tuote\/waveshare-poe-mini-computer-tyyppi-b-perustuu-cm4aeaen\/","og_locale":"fi_FI","og_type":"article","og_title":"Waveshare PoE Mini-Computer (Tyyppi B) perustuu CM4:\u00e4\u00e4n \u2022 RaspberryPi.dk","og_description":"PoE Mini-Computer (Tyyppi B) perustuu Raspberry Pi Compute Module 4 (EI sis\u00e4lly), metallikotelo, tuulettimella.  Variantti ilman koteloa l\u00f6ytyy t\u00e4\u00e4lt\u00e4.  Osta Raspberry Pi Compute Module 4 (CM4) t\u00e4\u00e4lt\u00e4.","og_url":"https:\/\/raspberrypi.dk\/fi\/tuote\/waveshare-poe-mini-computer-tyyppi-b-perustuu-cm4aeaen\/","og_site_name":"RaspberryPi.dk","article_publisher":"https:\/\/facebook.com\/RaspberryPiDanmark","article_modified_time":"2024-04-05T11:08:34+00:00","og_image":[{"width":719,"height":586,"url":"https:\/\/raspberrypi.dk\/wp-content\/uploads\/2021\/09\/poe-mini-computer-b.jpg","type":"image\/jpeg"}],"twitter_card":"summary_large_image","twitter_site":"@raspberrypidk","twitter_misc":{"Arvioitu lukuaika":"4 minuuttia"},"schema":{"@context":"https:\/\/schema.org","@graph":[{"@type":"WebPage","@id":"https:\/\/raspberrypi.dk\/fi\/tuote\/waveshare-poe-mini-computer-tyyppi-b-perustuu-cm4aeaen\/","url":"https:\/\/raspberrypi.dk\/fi\/tuote\/waveshare-poe-mini-computer-tyyppi-b-perustuu-cm4aeaen\/","name":"Waveshare PoE Mini-Computer (Tyyppi B) perustuu CM4:\u00e4\u00e4n \u2022 RaspberryPi.dk","isPartOf":{"@id":"https:\/\/raspberrypi.dk\/fi\/#website"},"primaryImageOfPage":{"@id":"https:\/\/raspberrypi.dk\/fi\/tuote\/waveshare-poe-mini-computer-tyyppi-b-perustuu-cm4aeaen\/#primaryimage"},"image":{"@id":"https:\/\/raspberrypi.dk\/fi\/tuote\/waveshare-poe-mini-computer-tyyppi-b-perustuu-cm4aeaen\/#primaryimage"},"thumbnailUrl":"https:\/\/raspberrypi.dk\/wp-content\/uploads\/2021\/09\/poe-mini-computer-b.jpg","datePublished":"2021-09-19T18:26:02+00:00","dateModified":"2024-04-05T11:08:34+00:00","breadcrumb":{"@id":"https:\/\/raspberrypi.dk\/fi\/tuote\/waveshare-poe-mini-computer-tyyppi-b-perustuu-cm4aeaen\/#breadcrumb"},"inLanguage":"fi","potentialAction":[{"@type":"ReadAction","target":["https:\/\/raspberrypi.dk\/fi\/tuote\/waveshare-poe-mini-computer-tyyppi-b-perustuu-cm4aeaen\/"]}]},{"@type":"ImageObject","inLanguage":"fi","@id":"https:\/\/raspberrypi.dk\/fi\/tuote\/waveshare-poe-mini-computer-tyyppi-b-perustuu-cm4aeaen\/#primaryimage","url":"https:\/\/raspberrypi.dk\/wp-content\/uploads\/2021\/09\/poe-mini-computer-b.jpg","contentUrl":"https:\/\/raspberrypi.dk\/wp-content\/uploads\/2021\/09\/poe-mini-computer-b.jpg","width":719,"height":586,"caption":"poe mini computer b"},{"@type":"BreadcrumbList","@id":"https:\/\/raspberrypi.dk\/fi\/tuote\/waveshare-poe-mini-computer-tyyppi-b-perustuu-cm4aeaen\/#breadcrumb","itemListElement":[{"@type":"ListItem","position":1,"name":"Hjem","item":"https:\/\/raspberrypi.dk\/fi\/raspberry-pi-verkkokauppa\/"},{"@type":"ListItem","position":2,"name":"Shop","item":"https:\/\/raspberrypi.dk\/fi\/shop-2\/"},{"@type":"ListItem","position":3,"name":"Waveshare PoE Mini-Computer (Tyyppi B) perustuu CM4:\u00e4\u00e4n"}]},{"@type":"WebSite","@id":"https:\/\/raspberrypi.dk\/fi\/#website","url":"https:\/\/raspberrypi.dk\/fi\/","name":"RaspberryPi.dk","description":"Danmarks f\u00f8rende Raspberry Pi side!","publisher":{"@id":"https:\/\/raspberrypi.dk\/fi\/#organization"},"potentialAction":[{"@type":"SearchAction","target":{"@type":"EntryPoint","urlTemplate":"https:\/\/raspberrypi.dk\/fi\/?s={search_term_string}"},"query-input":{"@type":"PropertyValueSpecification","valueRequired":true,"valueName":"search_term_string"}}],"inLanguage":"fi"},{"@type":"Organization","@id":"https:\/\/raspberrypi.dk\/fi\/#organization","name":"RaspberryPi.dk","url":"https:\/\/raspberrypi.dk\/fi\/","logo":{"@type":"ImageObject","inLanguage":"fi","@id":"https:\/\/raspberrypi.dk\/fi\/#\/schema\/logo\/image\/","url":"https:\/\/raspberrypi.dk\/wp-content\/uploads\/2017\/05\/RaspberryPidk_logo-2.png","contentUrl":"https:\/\/raspberrypi.dk\/wp-content\/uploads\/2017\/05\/RaspberryPidk_logo-2.png","width":470,"height":110,"caption":"RaspberryPi.dk"},"image":{"@id":"https:\/\/raspberrypi.dk\/fi\/#\/schema\/logo\/image\/"},"sameAs":["https:\/\/facebook.com\/RaspberryPiDanmark","https:\/\/x.com\/raspberrypidk","https:\/\/instagram.com\/raspberrypi.dk"]}]}},"_links":{"self":[{"href":"https:\/\/raspberrypi.dk\/fi\/wp-json\/wp\/v2\/product\/220807","targetHints":{"allow":["GET"]}}],"collection":[{"href":"https:\/\/raspberrypi.dk\/fi\/wp-json\/wp\/v2\/product"}],"about":[{"href":"https:\/\/raspberrypi.dk\/fi\/wp-json\/wp\/v2\/types\/product"}],"replies":[{"embeddable":true,"href":"https:\/\/raspberrypi.dk\/fi\/wp-json\/wp\/v2\/comments?post=220807"}],"wp:featuredmedia":[{"embeddable":true,"href":"https:\/\/raspberrypi.dk\/fi\/wp-json\/wp\/v2\/media\/220808"}],"wp:attachment":[{"href":"https:\/\/raspberrypi.dk\/fi\/wp-json\/wp\/v2\/media?parent=220807"}],"wp:term":[{"taxonomy":"product_brand","embeddable":true,"href":"https:\/\/raspberrypi.dk\/fi\/wp-json\/wp\/v2\/product_brand?post=220807"},{"taxonomy":"product_cat","embeddable":true,"href":"https:\/\/raspberrypi.dk\/fi\/wp-json\/wp\/v2\/product_cat?post=220807"},{"taxonomy":"product_tag","embeddable":true,"href":"https:\/\/raspberrypi.dk\/fi\/wp-json\/wp\/v2\/product_tag?post=220807"}],"curies":[{"name":"wp","href":"https:\/\/api.w.org\/{rel}","templated":true}]}}