{"id":220882,"date":"2021-08-11T19:32:07","date_gmt":"2021-08-11T17:32:07","guid":{"rendered":"https:\/\/raspberrypi.dk\/produkt\/iot-router-cm4-carrier-board-mini\/"},"modified":"2025-06-07T02:05:11","modified_gmt":"2025-06-07T00:05:11","slug":"iot-router-cm4-carrier-board-mini","status":"publish","type":"product","link":"https:\/\/raspberrypi.dk\/fi\/tuote\/iot-router-cm4-carrier-board-mini\/","title":{"rendered":"IoT Router CM4 Carrier Board Mini"},"content":{"rendered":"<div class=\"desCon\">\n<p>When connecting with a gigabit network card via PCle, it brings Raspberry Pi CM4 two full-speed gigabit network ports and offers better performance, lower CPU usage, and higher stability for a long time work compared with a USB network card. Besides, with a mini size of 55 x62mm, the board still retains the characteristic GPIO pin header of Raspberry Pi, which makes it applicable for connecting other actuators, sensors, and smart cooling fan. Furthermore, there is also a USB2.0 interface that can be connected to mobile hard drives, printers, WIFI modules, LTF modules, etc.<\/p>\n<p>Compute Module 4 IoT Router Carrier Board Mini now provides OpenWRT open-source router system. After a simple setup, it can be used as a router. It is also compatible with Raspberry OS, Ubuntu Server and other\u00a0<a href=\"https:\/\/www.dfrobot.com\/topic-272.html\" target=\"_blank\" rel=\"noopener\">Raspberry Pi<\/a>\u00a0systems.<\/p>\n<p>The powerful performance of BCM2711 4 core 1.5GHz Cortex-A72 and the rich software support in the Raspberry Pi community make this board a solid foundation for building high-performance gateways, smart routers, and home IoT platforms. It can also be connected to peripherals and used as a mini-NAS, wireless network bridge, or LTE Internet terminal.<\/p>\n<p>Supporting case will be released soon.<\/p>\n<p>The board-socket of CM4 is fragile, please align the direction and then press it down. It is recommended not to repeatedly plug and unplug the CM4 module.<\/p>\n<p>Make sure the CM4 installation direction is correct before powering up.<\/p>\n<p><b><img decoding=\"async\" title=\"Raspberry Pi Compute Module 4 IoT Router Carrier Board Mini\" src=\"https:\/\/image.dfrobot.com\/image\/data\/DFR0767\/210427Update\/DFR0767-EN-UPDATE.jpg\" alt=\"Raspberry Pi Compute Module 4 IoT Router Carrier Board Mini\" \/><\/b><\/p>\n<p><b>Connect Diagram<\/b><\/p>\n<p><b><img decoding=\"async\" title=\"Compute Module 4 IoT Router Carrier Board Mini\" src=\"https:\/\/image.dfrobot.com\/image\/data\/DFR0767\/[DFR0767]V1.0_Dimension.jpg\" alt=\"Compute Module 4 IoT Router Carrier Board Mini\" \/><\/b><\/p>\n<p><b>Dimension<\/b><\/p>\n<p><b><span style=\"color: #ff0000\">Note:<\/span><\/b><\/p>\n<p><b><span style=\"color: #ff0000\">The CM4 Compute Module is not included.<\/span><\/b><\/p>\n<\/div>\n<h4>SPECIFICATION<\/h4>\n<div class=\"desCon\">\n<ul>\n<li>Compatible Module: Raspberry Pi Compute Module 4 series<\/li>\n<li>Ethernet:\u00a0 \u00a0 \u00a0 \u00a0 ETH1: Compute Module 4 Built-InETH2: PCI Express 1000BASE-T NIC<\/li>\n<li>USB:\u00a0 \u00a0 \u00a0 \u00a0 1x USB-C: Power only1x USB-C: USB 2.0 High Speed<\/li>\n<li>Storage Card: microSD slot (Only modules without eMMC supported)<\/li>\n<li>GPIO: 26Pin GPIO compatible with Raspberry Pi<\/li>\n<li>Power Supply: USB-C 5V\/3A<\/li>\n<li>Operating Temperature: 0\u2103~80\u2103<\/li>\n<li>Dimension: 55x62mm\/2.17&#215;2.44\u201d<\/li>\n<\/ul>\n<\/div>\n<h4>DOCUMENTS<\/h4>\n<div class=\"desCon\">\n<ul>\n<li><a href=\"https:\/\/wiki.dfrobot.com\/Compute_Module_4_IoT_Router_Board_Mini_SKU_DFR0767\" target=\"_blank\" rel=\"noopener\">Product wiki<\/a><\/li>\n<li><a href=\"https:\/\/github.com\/May-DFRobot\/DFRobot\/raw\/master\/%5BDFR0767%5D%20V1.0%20Dimension.pdf\" target=\"_blank\" rel=\"noopener\">Dimension Figure<\/a><\/li>\n<li><a href=\"https:\/\/github.com\/May-DFRobot\/DFRobot\/raw\/master\/%5BDFR0767%5D%20V1.0%20model%20(include%20case).zip\" target=\"_blank\" rel=\"noopener\">V1.0 model (include case)<\/a><\/li>\n<\/ul>\n<\/div>\n<h4>SHIPPING LIST<\/h4>\n<div class=\"desCon\">\n<ul>\n<li>Compute Module 4 IoT Router Carrier Board Mini x1<\/li>\n<\/ul>\n<\/div>\n","protected":false},"excerpt":{"rendered":"<p>Compute Module 4 IoT Router Carrier Board Mini on Raspberry Pi Compute Module 4 perustuva Internet-laajennuskortti.<\/p>\n<p><a href=\"https:\/\/raspberrypi.dk\/fi\/myymala\/kategoria\/raspberry-pi-compute-module-4-cm4-fi\/\">Osta Raspberry Pi Compute Module 4 (CM4) t\u00e4\u00e4lt\u00e4.<\/a><\/p>\n","protected":false},"featured_media":220883,"comment_status":"open","ping_status":"closed","template":"","meta":[],"product_brand":[],"product_cat":[729],"product_tag":[783],"class_list":{"0":"post-220882","1":"product","2":"type-product","3":"status-publish","4":"has-post-thumbnail","6":"product_cat-teollinen-raspberry-pi-fi","7":"product_tag-cm4-fi","9":"first","10":"outofstock","11":"taxable","12":"shipping-taxable","13":"purchasable","14":"product-type-simple"},"composite_virtual":false,"composite_layout":"","composite_add_to_cart_form_location":"","composite_editable_in_cart":false,"composite_sold_individually_context":"","composite_shop_price_calc":"","composite_components":[],"composite_scenarios":[],"bundled_by":[],"bundle_stock_status":"outofstock","bundle_stock_quantity":0,"bundle_virtual":false,"bundle_layout":"","bundle_add_to_cart_form_location":"","bundle_editable_in_cart":false,"bundle_sold_individually_context":"","bundle_item_grouping":"","bundle_min_size":"","bundle_max_size":"","bundle_price":[],"bundled_items":[],"bundle_sell_ids":[],"yoast_head":"<!-- This site is optimized with the Yoast SEO plugin v27.1.1 - https:\/\/yoast.com\/product\/yoast-seo-wordpress\/ -->\n<title>IoT Router CM4 Carrier Board Mini \u2022 RaspberryPi.dk<\/title>\n<meta name=\"robots\" content=\"index, follow, max-snippet:-1, max-image-preview:large, max-video-preview:-1\" \/>\n<link rel=\"canonical\" href=\"https:\/\/raspberrypi.dk\/fi\/tuote\/iot-router-cm4-carrier-board-mini\/\" \/>\n<meta property=\"og:locale\" content=\"fi_FI\" \/>\n<meta property=\"og:type\" content=\"article\" \/>\n<meta property=\"og:title\" content=\"IoT Router CM4 Carrier Board Mini \u2022 RaspberryPi.dk\" \/>\n<meta property=\"og:description\" content=\"Compute Module 4 IoT Router Carrier Board Mini on Raspberry Pi Compute Module 4 perustuva Internet-laajennuskortti.  Osta Raspberry Pi Compute Module 4 (CM4) t\u00e4\u00e4lt\u00e4.\" \/>\n<meta property=\"og:url\" content=\"https:\/\/raspberrypi.dk\/fi\/tuote\/iot-router-cm4-carrier-board-mini\/\" \/>\n<meta property=\"og:site_name\" content=\"RaspberryPi.dk\" \/>\n<meta property=\"article:publisher\" content=\"https:\/\/facebook.com\/RaspberryPiDanmark\" \/>\n<meta property=\"article:modified_time\" content=\"2025-06-07T00:05:11+00:00\" \/>\n<meta property=\"og:image\" content=\"https:\/\/raspberrypi.dk\/wp-content\/uploads\/2021\/08\/DFR0767.jpg\" \/>\n\t<meta property=\"og:image:width\" content=\"900\" \/>\n\t<meta property=\"og:image:height\" content=\"600\" \/>\n\t<meta property=\"og:image:type\" content=\"image\/jpeg\" \/>\n<meta name=\"twitter:card\" content=\"summary_large_image\" \/>\n<meta name=\"twitter:site\" content=\"@raspberrypidk\" \/>\n<meta name=\"twitter:label1\" content=\"Arvioitu lukuaika\" \/>\n\t<meta name=\"twitter:data1\" content=\"3 minuuttia\" \/>\n<script type=\"application\/ld+json\" class=\"yoast-schema-graph\">{\"@context\":\"https:\/\/schema.org\",\"@graph\":[{\"@type\":\"WebPage\",\"@id\":\"https:\/\/raspberrypi.dk\/fi\/tuote\/iot-router-cm4-carrier-board-mini\/\",\"url\":\"https:\/\/raspberrypi.dk\/fi\/tuote\/iot-router-cm4-carrier-board-mini\/\",\"name\":\"IoT Router CM4 Carrier Board Mini \u2022 RaspberryPi.dk\",\"isPartOf\":{\"@id\":\"https:\/\/raspberrypi.dk\/fi\/#website\"},\"primaryImageOfPage\":{\"@id\":\"https:\/\/raspberrypi.dk\/fi\/tuote\/iot-router-cm4-carrier-board-mini\/#primaryimage\"},\"image\":{\"@id\":\"https:\/\/raspberrypi.dk\/fi\/tuote\/iot-router-cm4-carrier-board-mini\/#primaryimage\"},\"thumbnailUrl\":\"https:\/\/raspberrypi.dk\/wp-content\/uploads\/2021\/08\/DFR0767.jpg\",\"datePublished\":\"2021-08-11T17:32:07+00:00\",\"dateModified\":\"2025-06-07T00:05:11+00:00\",\"breadcrumb\":{\"@id\":\"https:\/\/raspberrypi.dk\/fi\/tuote\/iot-router-cm4-carrier-board-mini\/#breadcrumb\"},\"inLanguage\":\"fi\",\"potentialAction\":[{\"@type\":\"ReadAction\",\"target\":[\"https:\/\/raspberrypi.dk\/fi\/tuote\/iot-router-cm4-carrier-board-mini\/\"]}]},{\"@type\":\"ImageObject\",\"inLanguage\":\"fi\",\"@id\":\"https:\/\/raspberrypi.dk\/fi\/tuote\/iot-router-cm4-carrier-board-mini\/#primaryimage\",\"url\":\"https:\/\/raspberrypi.dk\/wp-content\/uploads\/2021\/08\/DFR0767.jpg\",\"contentUrl\":\"https:\/\/raspberrypi.dk\/wp-content\/uploads\/2021\/08\/DFR0767.jpg\",\"width\":900,\"height\":600,\"caption\":\"cm4 mini router iot carrier board\"},{\"@type\":\"BreadcrumbList\",\"@id\":\"https:\/\/raspberrypi.dk\/fi\/tuote\/iot-router-cm4-carrier-board-mini\/#breadcrumb\",\"itemListElement\":[{\"@type\":\"ListItem\",\"position\":1,\"name\":\"Hjem\",\"item\":\"https:\/\/raspberrypi.dk\/fi\/raspberry-pi-verkkokauppa\/\"},{\"@type\":\"ListItem\",\"position\":2,\"name\":\"Shop\",\"item\":\"https:\/\/raspberrypi.dk\/fi\/shop-2\/\"},{\"@type\":\"ListItem\",\"position\":3,\"name\":\"IoT Router CM4 Carrier Board Mini\"}]},{\"@type\":\"WebSite\",\"@id\":\"https:\/\/raspberrypi.dk\/fi\/#website\",\"url\":\"https:\/\/raspberrypi.dk\/fi\/\",\"name\":\"RaspberryPi.dk\",\"description\":\"Danmarks f\u00f8rende Raspberry Pi side!\",\"publisher\":{\"@id\":\"https:\/\/raspberrypi.dk\/fi\/#organization\"},\"potentialAction\":[{\"@type\":\"SearchAction\",\"target\":{\"@type\":\"EntryPoint\",\"urlTemplate\":\"https:\/\/raspberrypi.dk\/fi\/?s={search_term_string}\"},\"query-input\":{\"@type\":\"PropertyValueSpecification\",\"valueRequired\":true,\"valueName\":\"search_term_string\"}}],\"inLanguage\":\"fi\"},{\"@type\":\"Organization\",\"@id\":\"https:\/\/raspberrypi.dk\/fi\/#organization\",\"name\":\"RaspberryPi.dk\",\"url\":\"https:\/\/raspberrypi.dk\/fi\/\",\"logo\":{\"@type\":\"ImageObject\",\"inLanguage\":\"fi\",\"@id\":\"https:\/\/raspberrypi.dk\/fi\/#\/schema\/logo\/image\/\",\"url\":\"https:\/\/raspberrypi.dk\/wp-content\/uploads\/2017\/05\/RaspberryPidk_logo-2.png\",\"contentUrl\":\"https:\/\/raspberrypi.dk\/wp-content\/uploads\/2017\/05\/RaspberryPidk_logo-2.png\",\"width\":470,\"height\":110,\"caption\":\"RaspberryPi.dk\"},\"image\":{\"@id\":\"https:\/\/raspberrypi.dk\/fi\/#\/schema\/logo\/image\/\"},\"sameAs\":[\"https:\/\/facebook.com\/RaspberryPiDanmark\",\"https:\/\/x.com\/raspberrypidk\",\"https:\/\/instagram.com\/raspberrypi.dk\"]}]}<\/script>\n<!-- \/ Yoast SEO plugin. -->","yoast_head_json":{"title":"IoT Router CM4 Carrier Board Mini \u2022 RaspberryPi.dk","robots":{"index":"index","follow":"follow","max-snippet":"max-snippet:-1","max-image-preview":"max-image-preview:large","max-video-preview":"max-video-preview:-1"},"canonical":"https:\/\/raspberrypi.dk\/fi\/tuote\/iot-router-cm4-carrier-board-mini\/","og_locale":"fi_FI","og_type":"article","og_title":"IoT Router CM4 Carrier Board Mini \u2022 RaspberryPi.dk","og_description":"Compute Module 4 IoT Router Carrier Board Mini on Raspberry Pi Compute Module 4 perustuva Internet-laajennuskortti.  Osta Raspberry Pi Compute Module 4 (CM4) t\u00e4\u00e4lt\u00e4.","og_url":"https:\/\/raspberrypi.dk\/fi\/tuote\/iot-router-cm4-carrier-board-mini\/","og_site_name":"RaspberryPi.dk","article_publisher":"https:\/\/facebook.com\/RaspberryPiDanmark","article_modified_time":"2025-06-07T00:05:11+00:00","og_image":[{"width":900,"height":600,"url":"https:\/\/raspberrypi.dk\/wp-content\/uploads\/2021\/08\/DFR0767.jpg","type":"image\/jpeg"}],"twitter_card":"summary_large_image","twitter_site":"@raspberrypidk","twitter_misc":{"Arvioitu lukuaika":"3 minuuttia"},"schema":{"@context":"https:\/\/schema.org","@graph":[{"@type":"WebPage","@id":"https:\/\/raspberrypi.dk\/fi\/tuote\/iot-router-cm4-carrier-board-mini\/","url":"https:\/\/raspberrypi.dk\/fi\/tuote\/iot-router-cm4-carrier-board-mini\/","name":"IoT Router CM4 Carrier Board Mini \u2022 RaspberryPi.dk","isPartOf":{"@id":"https:\/\/raspberrypi.dk\/fi\/#website"},"primaryImageOfPage":{"@id":"https:\/\/raspberrypi.dk\/fi\/tuote\/iot-router-cm4-carrier-board-mini\/#primaryimage"},"image":{"@id":"https:\/\/raspberrypi.dk\/fi\/tuote\/iot-router-cm4-carrier-board-mini\/#primaryimage"},"thumbnailUrl":"https:\/\/raspberrypi.dk\/wp-content\/uploads\/2021\/08\/DFR0767.jpg","datePublished":"2021-08-11T17:32:07+00:00","dateModified":"2025-06-07T00:05:11+00:00","breadcrumb":{"@id":"https:\/\/raspberrypi.dk\/fi\/tuote\/iot-router-cm4-carrier-board-mini\/#breadcrumb"},"inLanguage":"fi","potentialAction":[{"@type":"ReadAction","target":["https:\/\/raspberrypi.dk\/fi\/tuote\/iot-router-cm4-carrier-board-mini\/"]}]},{"@type":"ImageObject","inLanguage":"fi","@id":"https:\/\/raspberrypi.dk\/fi\/tuote\/iot-router-cm4-carrier-board-mini\/#primaryimage","url":"https:\/\/raspberrypi.dk\/wp-content\/uploads\/2021\/08\/DFR0767.jpg","contentUrl":"https:\/\/raspberrypi.dk\/wp-content\/uploads\/2021\/08\/DFR0767.jpg","width":900,"height":600,"caption":"cm4 mini router iot carrier board"},{"@type":"BreadcrumbList","@id":"https:\/\/raspberrypi.dk\/fi\/tuote\/iot-router-cm4-carrier-board-mini\/#breadcrumb","itemListElement":[{"@type":"ListItem","position":1,"name":"Hjem","item":"https:\/\/raspberrypi.dk\/fi\/raspberry-pi-verkkokauppa\/"},{"@type":"ListItem","position":2,"name":"Shop","item":"https:\/\/raspberrypi.dk\/fi\/shop-2\/"},{"@type":"ListItem","position":3,"name":"IoT Router CM4 Carrier Board Mini"}]},{"@type":"WebSite","@id":"https:\/\/raspberrypi.dk\/fi\/#website","url":"https:\/\/raspberrypi.dk\/fi\/","name":"RaspberryPi.dk","description":"Danmarks f\u00f8rende Raspberry Pi side!","publisher":{"@id":"https:\/\/raspberrypi.dk\/fi\/#organization"},"potentialAction":[{"@type":"SearchAction","target":{"@type":"EntryPoint","urlTemplate":"https:\/\/raspberrypi.dk\/fi\/?s={search_term_string}"},"query-input":{"@type":"PropertyValueSpecification","valueRequired":true,"valueName":"search_term_string"}}],"inLanguage":"fi"},{"@type":"Organization","@id":"https:\/\/raspberrypi.dk\/fi\/#organization","name":"RaspberryPi.dk","url":"https:\/\/raspberrypi.dk\/fi\/","logo":{"@type":"ImageObject","inLanguage":"fi","@id":"https:\/\/raspberrypi.dk\/fi\/#\/schema\/logo\/image\/","url":"https:\/\/raspberrypi.dk\/wp-content\/uploads\/2017\/05\/RaspberryPidk_logo-2.png","contentUrl":"https:\/\/raspberrypi.dk\/wp-content\/uploads\/2017\/05\/RaspberryPidk_logo-2.png","width":470,"height":110,"caption":"RaspberryPi.dk"},"image":{"@id":"https:\/\/raspberrypi.dk\/fi\/#\/schema\/logo\/image\/"},"sameAs":["https:\/\/facebook.com\/RaspberryPiDanmark","https:\/\/x.com\/raspberrypidk","https:\/\/instagram.com\/raspberrypi.dk"]}]}},"_links":{"self":[{"href":"https:\/\/raspberrypi.dk\/fi\/wp-json\/wp\/v2\/product\/220882","targetHints":{"allow":["GET"]}}],"collection":[{"href":"https:\/\/raspberrypi.dk\/fi\/wp-json\/wp\/v2\/product"}],"about":[{"href":"https:\/\/raspberrypi.dk\/fi\/wp-json\/wp\/v2\/types\/product"}],"replies":[{"embeddable":true,"href":"https:\/\/raspberrypi.dk\/fi\/wp-json\/wp\/v2\/comments?post=220882"}],"wp:featuredmedia":[{"embeddable":true,"href":"https:\/\/raspberrypi.dk\/fi\/wp-json\/wp\/v2\/media\/220883"}],"wp:attachment":[{"href":"https:\/\/raspberrypi.dk\/fi\/wp-json\/wp\/v2\/media?parent=220882"}],"wp:term":[{"taxonomy":"product_brand","embeddable":true,"href":"https:\/\/raspberrypi.dk\/fi\/wp-json\/wp\/v2\/product_brand?post=220882"},{"taxonomy":"product_cat","embeddable":true,"href":"https:\/\/raspberrypi.dk\/fi\/wp-json\/wp\/v2\/product_cat?post=220882"},{"taxonomy":"product_tag","embeddable":true,"href":"https:\/\/raspberrypi.dk\/fi\/wp-json\/wp\/v2\/product_tag?post=220882"}],"curies":[{"name":"wp","href":"https:\/\/api.w.org\/{rel}","templated":true}]}}