{"id":220900,"date":"2021-06-09T10:24:16","date_gmt":"2021-06-09T08:24:16","guid":{"rendered":"https:\/\/raspberrypi.dk\/produkt\/iqaudio-dac-pro-aeaenikortti\/"},"modified":"2025-09-02T22:46:51","modified_gmt":"2025-09-02T20:46:51","slug":"iqaudio-dac-pro-aeaenikortti","status":"publish","type":"product","link":"https:\/\/raspberrypi.dk\/fi\/tuote\/iqaudio-dac-pro-aeaenikortti\/","title":{"rendered":"Raspberry Pi DAC Pro \u00c4\u00e4nikortti"},"content":{"rendered":"<p>IQaudio DAC Pro k\u00e4ytt\u00e4\u00e4 Texas Instruments PCM5242 DAC:ta poikkeuksellisen signaali-kohina-suorituskyvyn tuottamiseen Raspberry Pi 1 Model B+, 2, 3 ja 4 ja tukee balansoitua \/ differentiaalil\u00e4ht\u00f6\u00e4 rinnakkain phono \/ RCA-linjal\u00e4hd\u00f6n kanssa. Sis\u00e4lt\u00e4\u00e4 my\u00f6s erillisen kuulokevahvistimen.<\/p>\n<h2>Dokumenter<\/h2>\n<p><a href=\"https:\/\/raspberrypi.dk\/fi\/toute\/wp-content\/uploads\/2021\/06\/iqaudio-product-brief.pdf\">IQaudio Product Guide<\/a><\/p>\n<h2>Features<\/h2>\n<ul>\n<li>Standard 40-pin header (compatible with any 40-pin Raspberry Pi)<\/li>\n<li>PCM5242 DAC<\/li>\n<li>24-bit depth 192kHz (Full HD) audio<\/li>\n<li>Dedicated headphone amplifier<\/li>\n<li>Phono RCA output<\/li>\n<li>Balanced\/differential out in parallel to Phono \/ RCA line-level output<\/li>\n<li>Powered by the Raspberry Pi PSU<\/li>\n<li>Power LED<\/li>\n<li>Onboard EEPROM for auto-configuration<\/li>\n<li>No soldering required<\/li>\n<li>Standoffs included<\/li>\n<li>Compatible with Volumio, Rune, Max2Play, MoodeAudio<\/li>\n<\/ul>\n<h2>Board Features<\/h2>\n<p><img decoding=\"async\" src=\"https:\/\/cdn.shopify.com\/s\/files\/1\/0176\/3274\/files\/DAC-Pro-features_480x480.png?v=1608203560\" alt=\"IQaudIO DAC Pro Features\" \/><\/p>\n<ul>\n<li>P1: Analogue out (0..2VRMS), carries GPIO27, MUTE signal (headphone detect), Left and Right Audio and Left and Right Ground.<\/li>\n<li>P6: Headphone socket signals (pin1: LEFT, 2:GROUND, 3: RIGHT, 4:GROUND, 5:DETECT)<\/li>\n<li>P7\/9: Differential (0..4VRMS) output (P7:LEFT, P9: RIGHT)<\/li>\n<li>P10: Alternative 5v input, powering the Raspberry Pi in parallel<\/li>\n<\/ul>\n","protected":false},"excerpt":{"rendered":"<p>Raspberry Pi DAC Pro er HAT-\u00e4\u00e4nikortti korkeimmalla laadulla.<\/p>\n","protected":false},"featured_media":220901,"comment_status":"open","ping_status":"closed","template":"","meta":[],"product_brand":[],"product_cat":[732],"product_tag":[719,718],"class_list":{"0":"post-220900","1":"product","2":"type-product","3":"status-publish","4":"has-post-thumbnail","6":"product_cat-hats-gpio","7":"product_tag-rpi4-fi","8":"product_tag-rpi5-fi","10":"first","11":"outofstock","12":"taxable","13":"shipping-taxable","14":"purchasable","15":"product-type-simple"},"composite_virtual":false,"composite_layout":"","composite_add_to_cart_form_location":"","composite_editable_in_cart":false,"composite_sold_individually_context":"","composite_shop_price_calc":"","composite_components":[],"composite_scenarios":[],"bundled_by":[],"bundle_stock_status":"outofstock","bundle_stock_quantity":0,"bundle_virtual":false,"bundle_layout":"","bundle_add_to_cart_form_location":"","bundle_editable_in_cart":false,"bundle_sold_individually_context":"","bundle_item_grouping":"","bundle_min_size":"","bundle_max_size":"","bundle_price":[],"bundled_items":[],"bundle_sell_ids":[224639],"yoast_head":"<!-- This site is optimized with the Yoast SEO plugin v27.1.1 - https:\/\/yoast.com\/product\/yoast-seo-wordpress\/ -->\n<title>Raspberry Pi DAC Pro \u00c4\u00e4nikortti \u2022 RaspberryPi.dk<\/title>\n<meta name=\"robots\" content=\"index, follow, max-snippet:-1, max-image-preview:large, max-video-preview:-1\" \/>\n<link rel=\"canonical\" href=\"https:\/\/raspberrypi.dk\/fi\/tuote\/iqaudio-dac-pro-aeaenikortti\/\" \/>\n<meta property=\"og:locale\" content=\"fi_FI\" \/>\n<meta property=\"og:type\" content=\"article\" \/>\n<meta property=\"og:title\" content=\"Raspberry Pi DAC Pro \u00c4\u00e4nikortti \u2022 RaspberryPi.dk\" \/>\n<meta property=\"og:description\" content=\"Raspberry Pi DAC Pro er HAT-\u00e4\u00e4nikortti korkeimmalla laadulla.\" \/>\n<meta property=\"og:url\" content=\"https:\/\/raspberrypi.dk\/fi\/tuote\/iqaudio-dac-pro-aeaenikortti\/\" \/>\n<meta property=\"og:site_name\" content=\"RaspberryPi.dk\" \/>\n<meta property=\"article:publisher\" content=\"https:\/\/facebook.com\/RaspberryPiDanmark\" \/>\n<meta property=\"article:modified_time\" content=\"2025-09-02T20:46:51+00:00\" \/>\n<meta property=\"og:image\" content=\"https:\/\/raspberrypi.dk\/wp-content\/uploads\/2021\/06\/Pi-DAC-Pro.jpg\" \/>\n\t<meta property=\"og:image:width\" content=\"1900\" \/>\n\t<meta property=\"og:image:height\" content=\"1424\" \/>\n\t<meta property=\"og:image:type\" content=\"image\/jpeg\" \/>\n<meta name=\"twitter:card\" content=\"summary_large_image\" \/>\n<meta name=\"twitter:site\" content=\"@raspberrypidk\" \/>\n<meta name=\"twitter:label1\" content=\"Arvioitu lukuaika\" \/>\n\t<meta name=\"twitter:data1\" content=\"2 minuuttia\" \/>\n<script type=\"application\/ld+json\" class=\"yoast-schema-graph\">{\"@context\":\"https:\/\/schema.org\",\"@graph\":[{\"@type\":\"WebPage\",\"@id\":\"https:\/\/raspberrypi.dk\/fi\/tuote\/iqaudio-dac-pro-aeaenikortti\/\",\"url\":\"https:\/\/raspberrypi.dk\/fi\/tuote\/iqaudio-dac-pro-aeaenikortti\/\",\"name\":\"Raspberry Pi DAC Pro \u00c4\u00e4nikortti \u2022 RaspberryPi.dk\",\"isPartOf\":{\"@id\":\"https:\/\/raspberrypi.dk\/fi\/#website\"},\"primaryImageOfPage\":{\"@id\":\"https:\/\/raspberrypi.dk\/fi\/tuote\/iqaudio-dac-pro-aeaenikortti\/#primaryimage\"},\"image\":{\"@id\":\"https:\/\/raspberrypi.dk\/fi\/tuote\/iqaudio-dac-pro-aeaenikortti\/#primaryimage\"},\"thumbnailUrl\":\"https:\/\/raspberrypi.dk\/wp-content\/uploads\/2021\/06\/Pi-DAC-Pro.jpg\",\"datePublished\":\"2021-06-09T08:24:16+00:00\",\"dateModified\":\"2025-09-02T20:46:51+00:00\",\"breadcrumb\":{\"@id\":\"https:\/\/raspberrypi.dk\/fi\/tuote\/iqaudio-dac-pro-aeaenikortti\/#breadcrumb\"},\"inLanguage\":\"fi\",\"potentialAction\":[{\"@type\":\"ReadAction\",\"target\":[\"https:\/\/raspberrypi.dk\/fi\/tuote\/iqaudio-dac-pro-aeaenikortti\/\"]}]},{\"@type\":\"ImageObject\",\"inLanguage\":\"fi\",\"@id\":\"https:\/\/raspberrypi.dk\/fi\/tuote\/iqaudio-dac-pro-aeaenikortti\/#primaryimage\",\"url\":\"https:\/\/raspberrypi.dk\/wp-content\/uploads\/2021\/06\/Pi-DAC-Pro.jpg\",\"contentUrl\":\"https:\/\/raspberrypi.dk\/wp-content\/uploads\/2021\/06\/Pi-DAC-Pro.jpg\",\"width\":1900,\"height\":1424,\"caption\":\"IQaudio dac pro\"},{\"@type\":\"BreadcrumbList\",\"@id\":\"https:\/\/raspberrypi.dk\/fi\/tuote\/iqaudio-dac-pro-aeaenikortti\/#breadcrumb\",\"itemListElement\":[{\"@type\":\"ListItem\",\"position\":1,\"name\":\"Hjem\",\"item\":\"https:\/\/raspberrypi.dk\/fi\/raspberry-pi-verkkokauppa\/\"},{\"@type\":\"ListItem\",\"position\":2,\"name\":\"Shop\",\"item\":\"https:\/\/raspberrypi.dk\/fi\/shop-2\/\"},{\"@type\":\"ListItem\",\"position\":3,\"name\":\"Raspberry Pi DAC Pro \u00c4\u00e4nikortti\"}]},{\"@type\":\"WebSite\",\"@id\":\"https:\/\/raspberrypi.dk\/fi\/#website\",\"url\":\"https:\/\/raspberrypi.dk\/fi\/\",\"name\":\"RaspberryPi.dk\",\"description\":\"Danmarks f\u00f8rende Raspberry Pi side!\",\"publisher\":{\"@id\":\"https:\/\/raspberrypi.dk\/fi\/#organization\"},\"potentialAction\":[{\"@type\":\"SearchAction\",\"target\":{\"@type\":\"EntryPoint\",\"urlTemplate\":\"https:\/\/raspberrypi.dk\/fi\/?s={search_term_string}\"},\"query-input\":{\"@type\":\"PropertyValueSpecification\",\"valueRequired\":true,\"valueName\":\"search_term_string\"}}],\"inLanguage\":\"fi\"},{\"@type\":\"Organization\",\"@id\":\"https:\/\/raspberrypi.dk\/fi\/#organization\",\"name\":\"RaspberryPi.dk\",\"url\":\"https:\/\/raspberrypi.dk\/fi\/\",\"logo\":{\"@type\":\"ImageObject\",\"inLanguage\":\"fi\",\"@id\":\"https:\/\/raspberrypi.dk\/fi\/#\/schema\/logo\/image\/\",\"url\":\"https:\/\/raspberrypi.dk\/wp-content\/uploads\/2017\/05\/RaspberryPidk_logo-2.png\",\"contentUrl\":\"https:\/\/raspberrypi.dk\/wp-content\/uploads\/2017\/05\/RaspberryPidk_logo-2.png\",\"width\":470,\"height\":110,\"caption\":\"RaspberryPi.dk\"},\"image\":{\"@id\":\"https:\/\/raspberrypi.dk\/fi\/#\/schema\/logo\/image\/\"},\"sameAs\":[\"https:\/\/facebook.com\/RaspberryPiDanmark\",\"https:\/\/x.com\/raspberrypidk\",\"https:\/\/instagram.com\/raspberrypi.dk\"]}]}<\/script>\n<!-- \/ Yoast SEO plugin. -->","yoast_head_json":{"title":"Raspberry Pi DAC Pro \u00c4\u00e4nikortti \u2022 RaspberryPi.dk","robots":{"index":"index","follow":"follow","max-snippet":"max-snippet:-1","max-image-preview":"max-image-preview:large","max-video-preview":"max-video-preview:-1"},"canonical":"https:\/\/raspberrypi.dk\/fi\/tuote\/iqaudio-dac-pro-aeaenikortti\/","og_locale":"fi_FI","og_type":"article","og_title":"Raspberry Pi DAC Pro \u00c4\u00e4nikortti \u2022 RaspberryPi.dk","og_description":"Raspberry Pi DAC Pro er HAT-\u00e4\u00e4nikortti korkeimmalla laadulla.","og_url":"https:\/\/raspberrypi.dk\/fi\/tuote\/iqaudio-dac-pro-aeaenikortti\/","og_site_name":"RaspberryPi.dk","article_publisher":"https:\/\/facebook.com\/RaspberryPiDanmark","article_modified_time":"2025-09-02T20:46:51+00:00","og_image":[{"width":1900,"height":1424,"url":"https:\/\/raspberrypi.dk\/wp-content\/uploads\/2021\/06\/Pi-DAC-Pro.jpg","type":"image\/jpeg"}],"twitter_card":"summary_large_image","twitter_site":"@raspberrypidk","twitter_misc":{"Arvioitu lukuaika":"2 minuuttia"},"schema":{"@context":"https:\/\/schema.org","@graph":[{"@type":"WebPage","@id":"https:\/\/raspberrypi.dk\/fi\/tuote\/iqaudio-dac-pro-aeaenikortti\/","url":"https:\/\/raspberrypi.dk\/fi\/tuote\/iqaudio-dac-pro-aeaenikortti\/","name":"Raspberry Pi DAC Pro \u00c4\u00e4nikortti \u2022 RaspberryPi.dk","isPartOf":{"@id":"https:\/\/raspberrypi.dk\/fi\/#website"},"primaryImageOfPage":{"@id":"https:\/\/raspberrypi.dk\/fi\/tuote\/iqaudio-dac-pro-aeaenikortti\/#primaryimage"},"image":{"@id":"https:\/\/raspberrypi.dk\/fi\/tuote\/iqaudio-dac-pro-aeaenikortti\/#primaryimage"},"thumbnailUrl":"https:\/\/raspberrypi.dk\/wp-content\/uploads\/2021\/06\/Pi-DAC-Pro.jpg","datePublished":"2021-06-09T08:24:16+00:00","dateModified":"2025-09-02T20:46:51+00:00","breadcrumb":{"@id":"https:\/\/raspberrypi.dk\/fi\/tuote\/iqaudio-dac-pro-aeaenikortti\/#breadcrumb"},"inLanguage":"fi","potentialAction":[{"@type":"ReadAction","target":["https:\/\/raspberrypi.dk\/fi\/tuote\/iqaudio-dac-pro-aeaenikortti\/"]}]},{"@type":"ImageObject","inLanguage":"fi","@id":"https:\/\/raspberrypi.dk\/fi\/tuote\/iqaudio-dac-pro-aeaenikortti\/#primaryimage","url":"https:\/\/raspberrypi.dk\/wp-content\/uploads\/2021\/06\/Pi-DAC-Pro.jpg","contentUrl":"https:\/\/raspberrypi.dk\/wp-content\/uploads\/2021\/06\/Pi-DAC-Pro.jpg","width":1900,"height":1424,"caption":"IQaudio dac pro"},{"@type":"BreadcrumbList","@id":"https:\/\/raspberrypi.dk\/fi\/tuote\/iqaudio-dac-pro-aeaenikortti\/#breadcrumb","itemListElement":[{"@type":"ListItem","position":1,"name":"Hjem","item":"https:\/\/raspberrypi.dk\/fi\/raspberry-pi-verkkokauppa\/"},{"@type":"ListItem","position":2,"name":"Shop","item":"https:\/\/raspberrypi.dk\/fi\/shop-2\/"},{"@type":"ListItem","position":3,"name":"Raspberry Pi DAC Pro \u00c4\u00e4nikortti"}]},{"@type":"WebSite","@id":"https:\/\/raspberrypi.dk\/fi\/#website","url":"https:\/\/raspberrypi.dk\/fi\/","name":"RaspberryPi.dk","description":"Danmarks f\u00f8rende Raspberry Pi side!","publisher":{"@id":"https:\/\/raspberrypi.dk\/fi\/#organization"},"potentialAction":[{"@type":"SearchAction","target":{"@type":"EntryPoint","urlTemplate":"https:\/\/raspberrypi.dk\/fi\/?s={search_term_string}"},"query-input":{"@type":"PropertyValueSpecification","valueRequired":true,"valueName":"search_term_string"}}],"inLanguage":"fi"},{"@type":"Organization","@id":"https:\/\/raspberrypi.dk\/fi\/#organization","name":"RaspberryPi.dk","url":"https:\/\/raspberrypi.dk\/fi\/","logo":{"@type":"ImageObject","inLanguage":"fi","@id":"https:\/\/raspberrypi.dk\/fi\/#\/schema\/logo\/image\/","url":"https:\/\/raspberrypi.dk\/wp-content\/uploads\/2017\/05\/RaspberryPidk_logo-2.png","contentUrl":"https:\/\/raspberrypi.dk\/wp-content\/uploads\/2017\/05\/RaspberryPidk_logo-2.png","width":470,"height":110,"caption":"RaspberryPi.dk"},"image":{"@id":"https:\/\/raspberrypi.dk\/fi\/#\/schema\/logo\/image\/"},"sameAs":["https:\/\/facebook.com\/RaspberryPiDanmark","https:\/\/x.com\/raspberrypidk","https:\/\/instagram.com\/raspberrypi.dk"]}]}},"_links":{"self":[{"href":"https:\/\/raspberrypi.dk\/fi\/wp-json\/wp\/v2\/product\/220900","targetHints":{"allow":["GET"]}}],"collection":[{"href":"https:\/\/raspberrypi.dk\/fi\/wp-json\/wp\/v2\/product"}],"about":[{"href":"https:\/\/raspberrypi.dk\/fi\/wp-json\/wp\/v2\/types\/product"}],"replies":[{"embeddable":true,"href":"https:\/\/raspberrypi.dk\/fi\/wp-json\/wp\/v2\/comments?post=220900"}],"wp:featuredmedia":[{"embeddable":true,"href":"https:\/\/raspberrypi.dk\/fi\/wp-json\/wp\/v2\/media\/220901"}],"wp:attachment":[{"href":"https:\/\/raspberrypi.dk\/fi\/wp-json\/wp\/v2\/media?parent=220900"}],"wp:term":[{"taxonomy":"product_brand","embeddable":true,"href":"https:\/\/raspberrypi.dk\/fi\/wp-json\/wp\/v2\/product_brand?post=220900"},{"taxonomy":"product_cat","embeddable":true,"href":"https:\/\/raspberrypi.dk\/fi\/wp-json\/wp\/v2\/product_cat?post=220900"},{"taxonomy":"product_tag","embeddable":true,"href":"https:\/\/raspberrypi.dk\/fi\/wp-json\/wp\/v2\/product_tag?post=220900"}],"curies":[{"name":"wp","href":"https:\/\/api.w.org\/{rel}","templated":true}]}}