{"id":221055,"date":"2021-05-17T14:48:19","date_gmt":"2021-05-17T12:48:19","guid":{"rendered":"https:\/\/raspberrypi.dk\/produkt\/43-dsi-lcd-display-casen-kanssa\/"},"modified":"2026-01-20T18:38:23","modified_gmt":"2026-01-20T17:38:23","slug":"43-dsi-lcd-display-casen-kanssa","status":"publish","type":"product","link":"https:\/\/raspberrypi.dk\/fi\/tuote\/43-dsi-lcd-display-casen-kanssa\/","title":{"rendered":"4,3&#8243; DSI LCD Display Casen kanssa"},"content":{"rendered":"<div>\n<div class=\"richTitle\">\n<div>\n<p class=\"alignl subBlock\"><strong>In the box:<\/strong><\/p>\n<\/div>\n<ol>\n<li>4.3inch DSI LCD x1<\/li>\n<li>3D-Printed Case x1<\/li>\n<li>Cooling Fan x1<\/li>\n<li>Screws pack x1<\/li>\n<li>Screwdriver x1<\/li>\n<\/ol>\n<\/div>\n<\/div>\n<div>\n<div class=\"richTitle\">4.3&#8243; Touch Display<\/div>\n<p><img decoding=\"async\" src=\"https:\/\/www.waveshare.com\/img\/devkit\/LCD\/4.3inch-DSI-LCD-with-Holder\/TOP.jpg\" \/><\/p>\n<ul id=\"IconGrid\" class=\"iconGridAlignc\">\n<li><span class=\"igKey\">Size<\/span><img decoding=\"async\" src=\"https:\/\/www.waveshare.com\/img\/devkit\/LCD\/common\/250\/Dimension.png\" \/><span class=\"igValue\">4.3&#8243;<\/span><\/li>\n<li><span class=\"igKey\">Resolution<\/span><img decoding=\"async\" src=\"https:\/\/www.waveshare.com\/img\/devkit\/LCD\/common\/250\/Resolution.png\" \/><span class=\"igValue\">800\u00d7480<\/span><\/li>\n<li><span class=\"igKey\">Display Port<\/span><img decoding=\"async\" src=\"https:\/\/www.waveshare.com\/img\/devkit\/LCD\/common\/250\/mipi.png\" \/><span class=\"igValue\">DSI<\/span><\/li>\n<li><span class=\"igKey\">Display Panel<\/span><img decoding=\"async\" src=\"https:\/\/www.waveshare.com\/img\/devkit\/LCD\/common\/250\/IPS.png\" \/><span class=\"igValue\">IPS<\/span><\/li>\n<li><span class=\"igKey\">Viewing Angle<\/span><img decoding=\"async\" src=\"https:\/\/www.waveshare.com\/img\/devkit\/LCD\/common\/250\/Viewing_angle.png\" \/><span class=\"igValue\">160\u00b0<\/span><\/li>\n<li><span class=\"igKey\">Touch Type<\/span><img decoding=\"async\" src=\"https:\/\/www.waveshare.com\/img\/devkit\/LCD\/common\/250\/Capacitive_touch.png\" \/><span class=\"igValue\">Capacitive<\/span><\/li>\n<li><span class=\"igKey\">Touch Points<\/span><img decoding=\"async\" src=\"https:\/\/www.waveshare.com\/img\/devkit\/LCD\/common\/250\/Five_touch.png\" \/><span class=\"igValue\">5-Points<\/span><\/li>\n<li><span class=\"igKey\">Touch Port<\/span><img decoding=\"async\" src=\"https:\/\/www.waveshare.com\/img\/devkit\/LCD\/common\/250\/I2C.png\" \/><span class=\"igValue\">I2C<\/span><\/li>\n<li><span class=\"igKey\">Touch Panel<\/span><img decoding=\"async\" src=\"https:\/\/www.waveshare.com\/img\/devkit\/LCD\/common\/250\/Tempered_panel.png\" \/><span class=\"igValue\">Toughened Glass<\/span><\/li>\n<li><span class=\"igKey\">Power Consumption<\/span><img decoding=\"async\" src=\"https:\/\/www.waveshare.com\/img\/devkit\/LCD\/common\/250\/Low_power.png\" \/><span class=\"igValue\">Low Power<\/span><\/li>\n<\/ul>\n<div class=\"sep0px\"><\/div>\n<\/div>\n<div class=\"richTitle\">Device &amp; System Support<\/div>\n<p>&nbsp;<\/p>\n<div class=\"richGridWrap richGridWrap-img4txt6\">\n<p><img decoding=\"async\" src=\"https:\/\/www.waveshare.com\/img\/devkit\/LCD\/common\/DevSp-PI4.jpg\" \/><\/p>\n<div>\n<div class=\"largerBlock\">Raspberry Pi<\/div>\n<div class=\"subBlock\">Supports Raspbian, 5-points touch, driver free<br \/>\nSupports Ubuntu \/ Kali \/ WIN10 IoT, single point touch, driver free<br \/>\nSupports Retropie, driver free<\/div>\n<p class=\"noteBg\">Supports Pi 4B<\/p>\n<\/div>\n<\/div>\n<div class=\"mgnTB_p\">\n<div class=\"richTitle\">Connection Examples<\/div>\n<p class=\"richDesc\">Working With Raspberry Pi 4<\/p>\n<p><img decoding=\"async\" src=\"https:\/\/www.waveshare.com\/img\/devkit\/LCD\/4.3inch-DSI-LCD-with-Holder\/Pi-4B.jpg\" \/>\u00a0<img decoding=\"async\" src=\"https:\/\/www.waveshare.com\/img\/devkit\/LCD\/4.3inch-DSI-LCD-with-Holder\/Install.jpg\" \/><\/p>\n<div class=\"msg msg_warning\">Raspberry Pi is NOT included.<\/div>\n<\/div>\n<div>\n<div class=\"richTitle\">Display<\/div>\n<p class=\"richDesc\">IPS Panel<\/p>\n<p><img decoding=\"async\" src=\"https:\/\/www.waveshare.com\/img\/devkit\/LCD\/4.3inch-DSI-LCD-with-Holder\/Display.jpg\" \/><\/p>\n<\/div>\n<div>\n<div class=\"richTitle\">Touch Control<\/div>\n<p><img decoding=\"async\" src=\"https:\/\/www.waveshare.com\/img\/devkit\/LCD\/common\/Touch-Screen-Top-C5.jpg\" \/>\u00a0<img decoding=\"async\" src=\"https:\/\/www.waveshare.com\/img\/devkit\/LCD\/4.3inch-DSI-LCD-with-Holder\/Touch-Screen.jpg\" \/><\/p>\n<p class=\"alignl subBlock\">1) up to 5-points touch, depending on the operating system.<\/p>\n<\/div>\n<div>\n<div class=\"richTitle\">Appearance And Dimensions<\/div>\n<p><img decoding=\"async\" src=\"https:\/\/www.waveshare.com\/img\/devkit\/LCD\/4.3inch-DSI-LCD-with-Holder\/Exterior-Size.jpg\" \/>\u00a0<img decoding=\"async\" src=\"https:\/\/www.waveshare.com\/img\/devkit\/LCD\/4.3inch-DSI-LCD-with-Holder\/Exterior-Size2.jpg\" \/><\/p>\n<\/div>\n<div>\n<div class=\"richTitle\">Resources &amp; Services<\/div>\n<p><img decoding=\"async\" src=\"https:\/\/www.waveshare.com\/img\/devkit\/LCD\/common\/res_banner.png\" \/><\/p>\n<div class=\"bgGrey\"><strong>Wiki:\u00a0<\/strong><a href=\"http:\/\/www.waveshare.com\/wiki\/4.3inch_DSI_LCD\" target=\"_blank\" rel=\"noopener\">4.3inch_DSI_LCD<\/a><\/div>\n<\/div>\n","protected":false},"excerpt":{"rendered":"<p>4,3&#8243; kapasitiivinen kosketusn\u00e4ytt\u00f6 Raspberry Pi, suojakotelolla, 800 \u00d7 480, IPS-laajakulma, MIPI DSI-interface.<\/p>\n<p>Vaatii <a href=\"https:\/\/raspberrypi.dk\/fi\/tuote\/raspberry-pi-display-kabel\/\">t\u00e4m\u00e4n kaapelin<\/a>, kun sit\u00e4 k\u00e4ytet\u00e4\u00e4n Raspberry Pi 5 kanssa.<\/p>\n","protected":false},"featured_media":221061,"comment_status":"open","ping_status":"closed","template":"","meta":[],"product_brand":[],"product_cat":[728],"product_tag":[719,718],"class_list":{"0":"post-221055","1":"product","2":"type-product","3":"status-publish","4":"has-post-thumbnail","6":"product_cat-raspberry-pi-naytot","7":"product_tag-rpi4-fi","8":"product_tag-rpi5-fi","10":"first","11":"outofstock","12":"taxable","13":"shipping-taxable","14":"purchasable","15":"product-type-simple"},"composite_virtual":false,"composite_layout":"","composite_add_to_cart_form_location":"","composite_editable_in_cart":false,"composite_sold_individually_context":"","composite_shop_price_calc":"","composite_components":[],"composite_scenarios":[],"bundled_by":[],"bundle_stock_status":"outofstock","bundle_stock_quantity":0,"bundle_virtual":false,"bundle_layout":"","bundle_add_to_cart_form_location":"","bundle_editable_in_cart":false,"bundle_sold_individually_context":"","bundle_item_grouping":"","bundle_min_size":"","bundle_max_size":"","bundle_price":[],"bundled_items":[],"bundle_sell_ids":[],"yoast_head":"<!-- This site is optimized with the Yoast SEO plugin v27.1.1 - https:\/\/yoast.com\/product\/yoast-seo-wordpress\/ -->\n<title>4,3&quot; DSI LCD Display Casen kanssa \u2022 RaspberryPi.dk<\/title>\n<meta name=\"robots\" content=\"index, follow, max-snippet:-1, max-image-preview:large, max-video-preview:-1\" \/>\n<link rel=\"canonical\" href=\"https:\/\/raspberrypi.dk\/fi\/tuote\/43-dsi-lcd-display-casen-kanssa\/\" \/>\n<meta property=\"og:locale\" content=\"fi_FI\" \/>\n<meta property=\"og:type\" content=\"article\" \/>\n<meta property=\"og:title\" content=\"4,3&quot; DSI LCD Display Casen kanssa \u2022 RaspberryPi.dk\" \/>\n<meta property=\"og:description\" content=\"4,3&quot; kapasitiivinen kosketusn\u00e4ytt\u00f6 Raspberry Pi, suojakotelolla, 800 \u00d7 480, IPS-laajakulma, MIPI DSI-interface.  Vaatii t\u00e4m\u00e4n kaapelin, kun sit\u00e4 k\u00e4ytet\u00e4\u00e4n Raspberry Pi 5 kanssa.\" \/>\n<meta property=\"og:url\" content=\"https:\/\/raspberrypi.dk\/fi\/tuote\/43-dsi-lcd-display-casen-kanssa\/\" \/>\n<meta property=\"og:site_name\" content=\"RaspberryPi.dk\" \/>\n<meta property=\"article:publisher\" content=\"https:\/\/facebook.com\/RaspberryPiDanmark\" \/>\n<meta property=\"article:modified_time\" content=\"2026-01-20T17:38:23+00:00\" \/>\n<meta property=\"og:image\" content=\"https:\/\/raspberrypi.dk\/wp-content\/uploads\/2021\/05\/waveshare-4inch-display-dsi-case-2.jpg\" \/>\n\t<meta property=\"og:image:width\" content=\"696\" \/>\n\t<meta property=\"og:image:height\" content=\"551\" \/>\n\t<meta property=\"og:image:type\" content=\"image\/jpeg\" \/>\n<meta name=\"twitter:card\" content=\"summary_large_image\" \/>\n<meta name=\"twitter:site\" content=\"@raspberrypidk\" \/>\n<meta name=\"twitter:label1\" content=\"Arvioitu lukuaika\" \/>\n\t<meta name=\"twitter:data1\" content=\"5 minuuttia\" \/>\n<script type=\"application\/ld+json\" class=\"yoast-schema-graph\">{\"@context\":\"https:\/\/schema.org\",\"@graph\":[{\"@type\":\"WebPage\",\"@id\":\"https:\/\/raspberrypi.dk\/fi\/tuote\/43-dsi-lcd-display-casen-kanssa\/\",\"url\":\"https:\/\/raspberrypi.dk\/fi\/tuote\/43-dsi-lcd-display-casen-kanssa\/\",\"name\":\"4,3\\\" DSI LCD Display Casen kanssa \u2022 RaspberryPi.dk\",\"isPartOf\":{\"@id\":\"https:\/\/raspberrypi.dk\/fi\/#website\"},\"primaryImageOfPage\":{\"@id\":\"https:\/\/raspberrypi.dk\/fi\/tuote\/43-dsi-lcd-display-casen-kanssa\/#primaryimage\"},\"image\":{\"@id\":\"https:\/\/raspberrypi.dk\/fi\/tuote\/43-dsi-lcd-display-casen-kanssa\/#primaryimage\"},\"thumbnailUrl\":\"https:\/\/raspberrypi.dk\/wp-content\/uploads\/2021\/05\/waveshare-4inch-display-dsi-case-2.jpg\",\"datePublished\":\"2021-05-17T12:48:19+00:00\",\"dateModified\":\"2026-01-20T17:38:23+00:00\",\"breadcrumb\":{\"@id\":\"https:\/\/raspberrypi.dk\/fi\/tuote\/43-dsi-lcd-display-casen-kanssa\/#breadcrumb\"},\"inLanguage\":\"fi\",\"potentialAction\":[{\"@type\":\"ReadAction\",\"target\":[\"https:\/\/raspberrypi.dk\/fi\/tuote\/43-dsi-lcd-display-casen-kanssa\/\"]}]},{\"@type\":\"ImageObject\",\"inLanguage\":\"fi\",\"@id\":\"https:\/\/raspberrypi.dk\/fi\/tuote\/43-dsi-lcd-display-casen-kanssa\/#primaryimage\",\"url\":\"https:\/\/raspberrypi.dk\/wp-content\/uploads\/2021\/05\/waveshare-4inch-display-dsi-case-2.jpg\",\"contentUrl\":\"https:\/\/raspberrypi.dk\/wp-content\/uploads\/2021\/05\/waveshare-4inch-display-dsi-case-2.jpg\",\"width\":696,\"height\":551},{\"@type\":\"BreadcrumbList\",\"@id\":\"https:\/\/raspberrypi.dk\/fi\/tuote\/43-dsi-lcd-display-casen-kanssa\/#breadcrumb\",\"itemListElement\":[{\"@type\":\"ListItem\",\"position\":1,\"name\":\"Hjem\",\"item\":\"https:\/\/raspberrypi.dk\/fi\/raspberry-pi-verkkokauppa\/\"},{\"@type\":\"ListItem\",\"position\":2,\"name\":\"Shop\",\"item\":\"https:\/\/raspberrypi.dk\/fi\/shop-2\/\"},{\"@type\":\"ListItem\",\"position\":3,\"name\":\"4,3&#8243; DSI LCD Display Casen kanssa\"}]},{\"@type\":\"WebSite\",\"@id\":\"https:\/\/raspberrypi.dk\/fi\/#website\",\"url\":\"https:\/\/raspberrypi.dk\/fi\/\",\"name\":\"RaspberryPi.dk\",\"description\":\"Danmarks f\u00f8rende Raspberry Pi side!\",\"publisher\":{\"@id\":\"https:\/\/raspberrypi.dk\/fi\/#organization\"},\"potentialAction\":[{\"@type\":\"SearchAction\",\"target\":{\"@type\":\"EntryPoint\",\"urlTemplate\":\"https:\/\/raspberrypi.dk\/fi\/?s={search_term_string}\"},\"query-input\":{\"@type\":\"PropertyValueSpecification\",\"valueRequired\":true,\"valueName\":\"search_term_string\"}}],\"inLanguage\":\"fi\"},{\"@type\":\"Organization\",\"@id\":\"https:\/\/raspberrypi.dk\/fi\/#organization\",\"name\":\"RaspberryPi.dk\",\"url\":\"https:\/\/raspberrypi.dk\/fi\/\",\"logo\":{\"@type\":\"ImageObject\",\"inLanguage\":\"fi\",\"@id\":\"https:\/\/raspberrypi.dk\/fi\/#\/schema\/logo\/image\/\",\"url\":\"https:\/\/raspberrypi.dk\/wp-content\/uploads\/2017\/05\/RaspberryPidk_logo-2.png\",\"contentUrl\":\"https:\/\/raspberrypi.dk\/wp-content\/uploads\/2017\/05\/RaspberryPidk_logo-2.png\",\"width\":470,\"height\":110,\"caption\":\"RaspberryPi.dk\"},\"image\":{\"@id\":\"https:\/\/raspberrypi.dk\/fi\/#\/schema\/logo\/image\/\"},\"sameAs\":[\"https:\/\/facebook.com\/RaspberryPiDanmark\",\"https:\/\/x.com\/raspberrypidk\",\"https:\/\/instagram.com\/raspberrypi.dk\"]}]}<\/script>\n<!-- \/ Yoast SEO plugin. -->","yoast_head_json":{"title":"4,3\" DSI LCD Display Casen kanssa \u2022 RaspberryPi.dk","robots":{"index":"index","follow":"follow","max-snippet":"max-snippet:-1","max-image-preview":"max-image-preview:large","max-video-preview":"max-video-preview:-1"},"canonical":"https:\/\/raspberrypi.dk\/fi\/tuote\/43-dsi-lcd-display-casen-kanssa\/","og_locale":"fi_FI","og_type":"article","og_title":"4,3\" DSI LCD Display Casen kanssa \u2022 RaspberryPi.dk","og_description":"4,3\" kapasitiivinen kosketusn\u00e4ytt\u00f6 Raspberry Pi, suojakotelolla, 800 \u00d7 480, IPS-laajakulma, MIPI DSI-interface.  Vaatii t\u00e4m\u00e4n kaapelin, kun sit\u00e4 k\u00e4ytet\u00e4\u00e4n Raspberry Pi 5 kanssa.","og_url":"https:\/\/raspberrypi.dk\/fi\/tuote\/43-dsi-lcd-display-casen-kanssa\/","og_site_name":"RaspberryPi.dk","article_publisher":"https:\/\/facebook.com\/RaspberryPiDanmark","article_modified_time":"2026-01-20T17:38:23+00:00","og_image":[{"width":696,"height":551,"url":"https:\/\/raspberrypi.dk\/wp-content\/uploads\/2021\/05\/waveshare-4inch-display-dsi-case-2.jpg","type":"image\/jpeg"}],"twitter_card":"summary_large_image","twitter_site":"@raspberrypidk","twitter_misc":{"Arvioitu lukuaika":"5 minuuttia"},"schema":{"@context":"https:\/\/schema.org","@graph":[{"@type":"WebPage","@id":"https:\/\/raspberrypi.dk\/fi\/tuote\/43-dsi-lcd-display-casen-kanssa\/","url":"https:\/\/raspberrypi.dk\/fi\/tuote\/43-dsi-lcd-display-casen-kanssa\/","name":"4,3\" DSI LCD Display Casen kanssa \u2022 RaspberryPi.dk","isPartOf":{"@id":"https:\/\/raspberrypi.dk\/fi\/#website"},"primaryImageOfPage":{"@id":"https:\/\/raspberrypi.dk\/fi\/tuote\/43-dsi-lcd-display-casen-kanssa\/#primaryimage"},"image":{"@id":"https:\/\/raspberrypi.dk\/fi\/tuote\/43-dsi-lcd-display-casen-kanssa\/#primaryimage"},"thumbnailUrl":"https:\/\/raspberrypi.dk\/wp-content\/uploads\/2021\/05\/waveshare-4inch-display-dsi-case-2.jpg","datePublished":"2021-05-17T12:48:19+00:00","dateModified":"2026-01-20T17:38:23+00:00","breadcrumb":{"@id":"https:\/\/raspberrypi.dk\/fi\/tuote\/43-dsi-lcd-display-casen-kanssa\/#breadcrumb"},"inLanguage":"fi","potentialAction":[{"@type":"ReadAction","target":["https:\/\/raspberrypi.dk\/fi\/tuote\/43-dsi-lcd-display-casen-kanssa\/"]}]},{"@type":"ImageObject","inLanguage":"fi","@id":"https:\/\/raspberrypi.dk\/fi\/tuote\/43-dsi-lcd-display-casen-kanssa\/#primaryimage","url":"https:\/\/raspberrypi.dk\/wp-content\/uploads\/2021\/05\/waveshare-4inch-display-dsi-case-2.jpg","contentUrl":"https:\/\/raspberrypi.dk\/wp-content\/uploads\/2021\/05\/waveshare-4inch-display-dsi-case-2.jpg","width":696,"height":551},{"@type":"BreadcrumbList","@id":"https:\/\/raspberrypi.dk\/fi\/tuote\/43-dsi-lcd-display-casen-kanssa\/#breadcrumb","itemListElement":[{"@type":"ListItem","position":1,"name":"Hjem","item":"https:\/\/raspberrypi.dk\/fi\/raspberry-pi-verkkokauppa\/"},{"@type":"ListItem","position":2,"name":"Shop","item":"https:\/\/raspberrypi.dk\/fi\/shop-2\/"},{"@type":"ListItem","position":3,"name":"4,3&#8243; DSI LCD Display Casen kanssa"}]},{"@type":"WebSite","@id":"https:\/\/raspberrypi.dk\/fi\/#website","url":"https:\/\/raspberrypi.dk\/fi\/","name":"RaspberryPi.dk","description":"Danmarks f\u00f8rende Raspberry Pi side!","publisher":{"@id":"https:\/\/raspberrypi.dk\/fi\/#organization"},"potentialAction":[{"@type":"SearchAction","target":{"@type":"EntryPoint","urlTemplate":"https:\/\/raspberrypi.dk\/fi\/?s={search_term_string}"},"query-input":{"@type":"PropertyValueSpecification","valueRequired":true,"valueName":"search_term_string"}}],"inLanguage":"fi"},{"@type":"Organization","@id":"https:\/\/raspberrypi.dk\/fi\/#organization","name":"RaspberryPi.dk","url":"https:\/\/raspberrypi.dk\/fi\/","logo":{"@type":"ImageObject","inLanguage":"fi","@id":"https:\/\/raspberrypi.dk\/fi\/#\/schema\/logo\/image\/","url":"https:\/\/raspberrypi.dk\/wp-content\/uploads\/2017\/05\/RaspberryPidk_logo-2.png","contentUrl":"https:\/\/raspberrypi.dk\/wp-content\/uploads\/2017\/05\/RaspberryPidk_logo-2.png","width":470,"height":110,"caption":"RaspberryPi.dk"},"image":{"@id":"https:\/\/raspberrypi.dk\/fi\/#\/schema\/logo\/image\/"},"sameAs":["https:\/\/facebook.com\/RaspberryPiDanmark","https:\/\/x.com\/raspberrypidk","https:\/\/instagram.com\/raspberrypi.dk"]}]}},"_links":{"self":[{"href":"https:\/\/raspberrypi.dk\/fi\/wp-json\/wp\/v2\/product\/221055","targetHints":{"allow":["GET"]}}],"collection":[{"href":"https:\/\/raspberrypi.dk\/fi\/wp-json\/wp\/v2\/product"}],"about":[{"href":"https:\/\/raspberrypi.dk\/fi\/wp-json\/wp\/v2\/types\/product"}],"replies":[{"embeddable":true,"href":"https:\/\/raspberrypi.dk\/fi\/wp-json\/wp\/v2\/comments?post=221055"}],"wp:featuredmedia":[{"embeddable":true,"href":"https:\/\/raspberrypi.dk\/fi\/wp-json\/wp\/v2\/media\/221061"}],"wp:attachment":[{"href":"https:\/\/raspberrypi.dk\/fi\/wp-json\/wp\/v2\/media?parent=221055"}],"wp:term":[{"taxonomy":"product_brand","embeddable":true,"href":"https:\/\/raspberrypi.dk\/fi\/wp-json\/wp\/v2\/product_brand?post=221055"},{"taxonomy":"product_cat","embeddable":true,"href":"https:\/\/raspberrypi.dk\/fi\/wp-json\/wp\/v2\/product_cat?post=221055"},{"taxonomy":"product_tag","embeddable":true,"href":"https:\/\/raspberrypi.dk\/fi\/wp-json\/wp\/v2\/product_tag?post=221055"}],"curies":[{"name":"wp","href":"https:\/\/api.w.org\/{rel}","templated":true}]}}