{"id":221094,"date":"2021-05-11T11:45:19","date_gmt":"2021-05-11T09:45:19","guid":{"rendered":"https:\/\/raspberrypi.dk\/produkt\/ups-hat-raspberry-pille-ilman-akkua\/"},"modified":"2025-02-23T20:16:08","modified_gmt":"2025-02-23T19:16:08","slug":"ups-hat-raspberry-pille-ilman-akkua","status":"publish","type":"product","link":"https:\/\/raspberrypi.dk\/fi\/tuote\/ups-hat-raspberry-pille-ilman-akkua\/","title":{"rendered":"UPS HAT Raspberry Pi:lle (ilman akkua)"},"content":{"rendered":"<div class=\"desCon\">\n<p>DFRobot Raspberry Pi UPS HAT is an uninterruptable power supply shield for\u00a0Raspberry Pi. It can provide steady power source to Raspberry Pi for an extended period of time when the system is powered-off, by which to avoid system damage and assure safe shut down. In addition, the product could be used to supply stable power for some applications requiring mobility such as\u00a0Raspberry Pi camera, tablet PC, field data collection system.<\/p>\n<p>A MAX17043 fuel gauge is adopted in this product for accurate power detection. Besides, we also employ an on-board microcontroller (MCU) for data processing. In this way, the Raspberry Pi board is able to get information of power capacity and battery voltage directly via I2C communication. 5 on-board LEDs for the shield could show the status of the battery capacity visually without programming.<\/p>\n<p>We adopted an excellent power management solution in this Raspberry Pi UPS HAT. Over 90% power conversion efficiency and non-dioded design make the shield able to keep the low heating temperature even under continuous high load operation of Raspberry Pi.<\/p>\n<p><b><span style=\"color: #ff0000;\">Notes<\/span><\/b><\/p>\n<p>1. 3.7V Lithium Battery is not included in the package due to transportation constraints<\/p>\n<p>2. Please use 3.7V Lithium Battery that meets the standard specification<\/p>\n<p>3. Please note that there would be a certain degree of heating in the power source area of the product during operation, you can never be too careful in use.<\/p>\n<p>4. This product is not compatible with Raspberry Pi 5<\/p>\n<\/div>\n<h4>FEATURES<\/h4>\n<div class=\"desCon\">\n<p>&nbsp;<\/p>\n<ul>\n<li>Standard Raspberry Pi extension interface, compatible with other expansion boards<\/li>\n<li>Support 2A maximum current output, suitable for more Raspberry Pi applications<\/li>\n<li>Auto switching of charge\/recharge path, designed to against power-down<\/li>\n<li>On-board 5 LEDs for showing the batteries\u2019 status<\/li>\n<li>On-board Maxim fuel gauge IC<\/li>\n<li>Support reading battery information via I2C communication<\/li>\n<li>Lithium battery charge\/discharge protection and over-heating protection<\/li>\n<li>Anti-backflow mainboard power source<\/li>\n<\/ul>\n<p>&nbsp;<\/p>\n<\/div>\n<h4>SPECIFICATION<\/h4>\n<div class=\"desCon\">\n<ul>\n<li>Supply Voltage: 4.5~5.5V<\/li>\n<li>Supply Current:\u00a0 (recommend using adapter with power of 2A and above)<\/li>\n<li>Power Supply Interface: Micro-USB<\/li>\n<li>Maximum Charge Current: 1.6A<\/li>\n<li>Battery Interface: PH2.0-2P or solderable contact<\/li>\n<li>Battery: 3.7 Lithium Battery<\/li>\n<li>Output Voltage: 5V<\/li>\n<li>Maximum Output Current: 2A<\/li>\n<li>Communication Interface: I2C<\/li>\n<li>Dimension: 65mmx56mm\/2.56\u201dx2.20\u201d<\/li>\n<li>Mounting Hole Size: 58mmx49mm\/2.28\u201dx1.93\u201d<\/li>\n<li>Operating Temperature: -40\u2103~85\u2103<\/li>\n<\/ul>\n<\/div>\n<h4>DOCUMENTS<\/h4>\n<div class=\"desCon\">\n<ul>\n<li><a href=\"https:\/\/wiki.dfrobot.com\/Raspberry_Pi_UPS_HAT_SKU_DFR0494\" target=\"_blank\" rel=\"noopener\">Product wiki<\/a><\/li>\n<\/ul>\n<\/div>\n<h4>SHIPPING LIST<\/h4>\n<div class=\"desCon\">\n<ul>\n<li>Raspberry Pi UPS HAT x1<\/li>\n<li>Copper Columns and Screws x4 sets<\/li>\n<\/ul>\n<\/div>\n","protected":false},"excerpt":{"rendered":"<p>UPS HAT Raspberry Pi:lle. Pid\u00e4 Pi k\u00e4ynniss\u00e4 s\u00e4hk\u00f6katkojen aikana, sammuta se sulavasti ilman virtaa jne.<\/p>\n<p>HUOMIO! Akku on ostettava erikseen.<\/p>\n","protected":false},"featured_media":226401,"comment_status":"open","ping_status":"closed","template":"","meta":[],"product_brand":[],"product_cat":[732,731],"product_tag":[719],"class_list":{"0":"post-221094","1":"product","2":"type-product","3":"status-publish","4":"has-post-thumbnail","6":"product_cat-hats-gpio","7":"product_cat-raspberry-pi-virtalaehteet","8":"product_tag-rpi4-fi","10":"first","11":"outofstock","12":"taxable","13":"shipping-taxable","14":"purchasable","15":"product-type-simple"},"composite_virtual":false,"composite_layout":"","composite_add_to_cart_form_location":"","composite_editable_in_cart":false,"composite_sold_individually_context":"","composite_shop_price_calc":"","composite_components":[],"composite_scenarios":[],"bundled_by":[],"bundle_stock_status":"outofstock","bundle_stock_quantity":0,"bundle_virtual":false,"bundle_layout":"","bundle_add_to_cart_form_location":"","bundle_editable_in_cart":false,"bundle_sold_individually_context":"","bundle_item_grouping":"","bundle_min_size":"","bundle_max_size":"","bundle_price":[],"bundled_items":[],"bundle_sell_ids":[221092],"yoast_head":"<!-- This site is optimized with the Yoast SEO plugin v27.1.1 - https:\/\/yoast.com\/product\/yoast-seo-wordpress\/ -->\n<title>UPS HAT Raspberry Pi:lle (ilman akkua) \u2022 RaspberryPi.dk<\/title>\n<meta name=\"robots\" content=\"index, follow, max-snippet:-1, max-image-preview:large, max-video-preview:-1\" \/>\n<link rel=\"canonical\" href=\"https:\/\/raspberrypi.dk\/fi\/tuote\/ups-hat-raspberry-pille-ilman-akkua\/\" \/>\n<meta property=\"og:locale\" content=\"fi_FI\" \/>\n<meta property=\"og:type\" content=\"article\" \/>\n<meta property=\"og:title\" content=\"UPS HAT Raspberry Pi:lle (ilman akkua) \u2022 RaspberryPi.dk\" \/>\n<meta property=\"og:description\" content=\"UPS HAT Raspberry Pi:lle. Pid\u00e4 Pi k\u00e4ynniss\u00e4 s\u00e4hk\u00f6katkojen aikana, sammuta se sulavasti ilman virtaa jne.  HUOMIO! Akku on ostettava erikseen.\" \/>\n<meta property=\"og:url\" content=\"https:\/\/raspberrypi.dk\/fi\/tuote\/ups-hat-raspberry-pille-ilman-akkua\/\" \/>\n<meta property=\"og:site_name\" content=\"RaspberryPi.dk\" \/>\n<meta property=\"article:publisher\" content=\"https:\/\/facebook.com\/RaspberryPiDanmark\" \/>\n<meta property=\"article:modified_time\" content=\"2025-02-23T19:16:08+00:00\" \/>\n<meta property=\"og:image\" content=\"https:\/\/raspberrypi.dk\/wp-content\/uploads\/2021\/05\/DFR0494.jpg\" \/>\n\t<meta property=\"og:image:width\" content=\"900\" \/>\n\t<meta property=\"og:image:height\" content=\"600\" \/>\n\t<meta property=\"og:image:type\" content=\"image\/jpeg\" \/>\n<meta name=\"twitter:card\" content=\"summary_large_image\" \/>\n<meta name=\"twitter:site\" content=\"@raspberrypidk\" \/>\n<meta name=\"twitter:label1\" content=\"Arvioitu lukuaika\" \/>\n\t<meta name=\"twitter:data1\" content=\"2 minuuttia\" \/>\n<script type=\"application\/ld+json\" class=\"yoast-schema-graph\">{\"@context\":\"https:\/\/schema.org\",\"@graph\":[{\"@type\":\"WebPage\",\"@id\":\"https:\/\/raspberrypi.dk\/fi\/tuote\/ups-hat-raspberry-pille-ilman-akkua\/\",\"url\":\"https:\/\/raspberrypi.dk\/fi\/tuote\/ups-hat-raspberry-pille-ilman-akkua\/\",\"name\":\"UPS HAT Raspberry Pi:lle (ilman akkua) \u2022 RaspberryPi.dk\",\"isPartOf\":{\"@id\":\"https:\/\/raspberrypi.dk\/fi\/#website\"},\"primaryImageOfPage\":{\"@id\":\"https:\/\/raspberrypi.dk\/fi\/tuote\/ups-hat-raspberry-pille-ilman-akkua\/#primaryimage\"},\"image\":{\"@id\":\"https:\/\/raspberrypi.dk\/fi\/tuote\/ups-hat-raspberry-pille-ilman-akkua\/#primaryimage\"},\"thumbnailUrl\":\"https:\/\/raspberrypi.dk\/wp-content\/uploads\/2021\/05\/DFR0494.jpg\",\"datePublished\":\"2021-05-11T09:45:19+00:00\",\"dateModified\":\"2025-02-23T19:16:08+00:00\",\"breadcrumb\":{\"@id\":\"https:\/\/raspberrypi.dk\/fi\/tuote\/ups-hat-raspberry-pille-ilman-akkua\/#breadcrumb\"},\"inLanguage\":\"fi\",\"potentialAction\":[{\"@type\":\"ReadAction\",\"target\":[\"https:\/\/raspberrypi.dk\/fi\/tuote\/ups-hat-raspberry-pille-ilman-akkua\/\"]}]},{\"@type\":\"ImageObject\",\"inLanguage\":\"fi\",\"@id\":\"https:\/\/raspberrypi.dk\/fi\/tuote\/ups-hat-raspberry-pille-ilman-akkua\/#primaryimage\",\"url\":\"https:\/\/raspberrypi.dk\/wp-content\/uploads\/2021\/05\/DFR0494.jpg\",\"contentUrl\":\"https:\/\/raspberrypi.dk\/wp-content\/uploads\/2021\/05\/DFR0494.jpg\",\"width\":900,\"height\":600,\"caption\":\"ups hat pi 4\"},{\"@type\":\"BreadcrumbList\",\"@id\":\"https:\/\/raspberrypi.dk\/fi\/tuote\/ups-hat-raspberry-pille-ilman-akkua\/#breadcrumb\",\"itemListElement\":[{\"@type\":\"ListItem\",\"position\":1,\"name\":\"Hjem\",\"item\":\"https:\/\/raspberrypi.dk\/fi\/raspberry-pi-verkkokauppa\/\"},{\"@type\":\"ListItem\",\"position\":2,\"name\":\"Shop\",\"item\":\"https:\/\/raspberrypi.dk\/fi\/shop-2\/\"},{\"@type\":\"ListItem\",\"position\":3,\"name\":\"UPS HAT Raspberry Pi:lle (ilman akkua)\"}]},{\"@type\":\"WebSite\",\"@id\":\"https:\/\/raspberrypi.dk\/fi\/#website\",\"url\":\"https:\/\/raspberrypi.dk\/fi\/\",\"name\":\"RaspberryPi.dk\",\"description\":\"Danmarks f\u00f8rende Raspberry Pi side!\",\"publisher\":{\"@id\":\"https:\/\/raspberrypi.dk\/fi\/#organization\"},\"potentialAction\":[{\"@type\":\"SearchAction\",\"target\":{\"@type\":\"EntryPoint\",\"urlTemplate\":\"https:\/\/raspberrypi.dk\/fi\/?s={search_term_string}\"},\"query-input\":{\"@type\":\"PropertyValueSpecification\",\"valueRequired\":true,\"valueName\":\"search_term_string\"}}],\"inLanguage\":\"fi\"},{\"@type\":\"Organization\",\"@id\":\"https:\/\/raspberrypi.dk\/fi\/#organization\",\"name\":\"RaspberryPi.dk\",\"url\":\"https:\/\/raspberrypi.dk\/fi\/\",\"logo\":{\"@type\":\"ImageObject\",\"inLanguage\":\"fi\",\"@id\":\"https:\/\/raspberrypi.dk\/fi\/#\/schema\/logo\/image\/\",\"url\":\"https:\/\/raspberrypi.dk\/wp-content\/uploads\/2017\/05\/RaspberryPidk_logo-2.png\",\"contentUrl\":\"https:\/\/raspberrypi.dk\/wp-content\/uploads\/2017\/05\/RaspberryPidk_logo-2.png\",\"width\":470,\"height\":110,\"caption\":\"RaspberryPi.dk\"},\"image\":{\"@id\":\"https:\/\/raspberrypi.dk\/fi\/#\/schema\/logo\/image\/\"},\"sameAs\":[\"https:\/\/facebook.com\/RaspberryPiDanmark\",\"https:\/\/x.com\/raspberrypidk\",\"https:\/\/instagram.com\/raspberrypi.dk\"]}]}<\/script>\n<!-- \/ Yoast SEO plugin. -->","yoast_head_json":{"title":"UPS HAT Raspberry Pi:lle (ilman akkua) \u2022 RaspberryPi.dk","robots":{"index":"index","follow":"follow","max-snippet":"max-snippet:-1","max-image-preview":"max-image-preview:large","max-video-preview":"max-video-preview:-1"},"canonical":"https:\/\/raspberrypi.dk\/fi\/tuote\/ups-hat-raspberry-pille-ilman-akkua\/","og_locale":"fi_FI","og_type":"article","og_title":"UPS HAT Raspberry Pi:lle (ilman akkua) \u2022 RaspberryPi.dk","og_description":"UPS HAT Raspberry Pi:lle. Pid\u00e4 Pi k\u00e4ynniss\u00e4 s\u00e4hk\u00f6katkojen aikana, sammuta se sulavasti ilman virtaa jne.  HUOMIO! Akku on ostettava erikseen.","og_url":"https:\/\/raspberrypi.dk\/fi\/tuote\/ups-hat-raspberry-pille-ilman-akkua\/","og_site_name":"RaspberryPi.dk","article_publisher":"https:\/\/facebook.com\/RaspberryPiDanmark","article_modified_time":"2025-02-23T19:16:08+00:00","og_image":[{"width":900,"height":600,"url":"https:\/\/raspberrypi.dk\/wp-content\/uploads\/2021\/05\/DFR0494.jpg","type":"image\/jpeg"}],"twitter_card":"summary_large_image","twitter_site":"@raspberrypidk","twitter_misc":{"Arvioitu lukuaika":"2 minuuttia"},"schema":{"@context":"https:\/\/schema.org","@graph":[{"@type":"WebPage","@id":"https:\/\/raspberrypi.dk\/fi\/tuote\/ups-hat-raspberry-pille-ilman-akkua\/","url":"https:\/\/raspberrypi.dk\/fi\/tuote\/ups-hat-raspberry-pille-ilman-akkua\/","name":"UPS HAT Raspberry Pi:lle (ilman akkua) \u2022 RaspberryPi.dk","isPartOf":{"@id":"https:\/\/raspberrypi.dk\/fi\/#website"},"primaryImageOfPage":{"@id":"https:\/\/raspberrypi.dk\/fi\/tuote\/ups-hat-raspberry-pille-ilman-akkua\/#primaryimage"},"image":{"@id":"https:\/\/raspberrypi.dk\/fi\/tuote\/ups-hat-raspberry-pille-ilman-akkua\/#primaryimage"},"thumbnailUrl":"https:\/\/raspberrypi.dk\/wp-content\/uploads\/2021\/05\/DFR0494.jpg","datePublished":"2021-05-11T09:45:19+00:00","dateModified":"2025-02-23T19:16:08+00:00","breadcrumb":{"@id":"https:\/\/raspberrypi.dk\/fi\/tuote\/ups-hat-raspberry-pille-ilman-akkua\/#breadcrumb"},"inLanguage":"fi","potentialAction":[{"@type":"ReadAction","target":["https:\/\/raspberrypi.dk\/fi\/tuote\/ups-hat-raspberry-pille-ilman-akkua\/"]}]},{"@type":"ImageObject","inLanguage":"fi","@id":"https:\/\/raspberrypi.dk\/fi\/tuote\/ups-hat-raspberry-pille-ilman-akkua\/#primaryimage","url":"https:\/\/raspberrypi.dk\/wp-content\/uploads\/2021\/05\/DFR0494.jpg","contentUrl":"https:\/\/raspberrypi.dk\/wp-content\/uploads\/2021\/05\/DFR0494.jpg","width":900,"height":600,"caption":"ups hat pi 4"},{"@type":"BreadcrumbList","@id":"https:\/\/raspberrypi.dk\/fi\/tuote\/ups-hat-raspberry-pille-ilman-akkua\/#breadcrumb","itemListElement":[{"@type":"ListItem","position":1,"name":"Hjem","item":"https:\/\/raspberrypi.dk\/fi\/raspberry-pi-verkkokauppa\/"},{"@type":"ListItem","position":2,"name":"Shop","item":"https:\/\/raspberrypi.dk\/fi\/shop-2\/"},{"@type":"ListItem","position":3,"name":"UPS HAT Raspberry Pi:lle (ilman akkua)"}]},{"@type":"WebSite","@id":"https:\/\/raspberrypi.dk\/fi\/#website","url":"https:\/\/raspberrypi.dk\/fi\/","name":"RaspberryPi.dk","description":"Danmarks f\u00f8rende Raspberry Pi side!","publisher":{"@id":"https:\/\/raspberrypi.dk\/fi\/#organization"},"potentialAction":[{"@type":"SearchAction","target":{"@type":"EntryPoint","urlTemplate":"https:\/\/raspberrypi.dk\/fi\/?s={search_term_string}"},"query-input":{"@type":"PropertyValueSpecification","valueRequired":true,"valueName":"search_term_string"}}],"inLanguage":"fi"},{"@type":"Organization","@id":"https:\/\/raspberrypi.dk\/fi\/#organization","name":"RaspberryPi.dk","url":"https:\/\/raspberrypi.dk\/fi\/","logo":{"@type":"ImageObject","inLanguage":"fi","@id":"https:\/\/raspberrypi.dk\/fi\/#\/schema\/logo\/image\/","url":"https:\/\/raspberrypi.dk\/wp-content\/uploads\/2017\/05\/RaspberryPidk_logo-2.png","contentUrl":"https:\/\/raspberrypi.dk\/wp-content\/uploads\/2017\/05\/RaspberryPidk_logo-2.png","width":470,"height":110,"caption":"RaspberryPi.dk"},"image":{"@id":"https:\/\/raspberrypi.dk\/fi\/#\/schema\/logo\/image\/"},"sameAs":["https:\/\/facebook.com\/RaspberryPiDanmark","https:\/\/x.com\/raspberrypidk","https:\/\/instagram.com\/raspberrypi.dk"]}]}},"_links":{"self":[{"href":"https:\/\/raspberrypi.dk\/fi\/wp-json\/wp\/v2\/product\/221094","targetHints":{"allow":["GET"]}}],"collection":[{"href":"https:\/\/raspberrypi.dk\/fi\/wp-json\/wp\/v2\/product"}],"about":[{"href":"https:\/\/raspberrypi.dk\/fi\/wp-json\/wp\/v2\/types\/product"}],"replies":[{"embeddable":true,"href":"https:\/\/raspberrypi.dk\/fi\/wp-json\/wp\/v2\/comments?post=221094"}],"wp:featuredmedia":[{"embeddable":true,"href":"https:\/\/raspberrypi.dk\/fi\/wp-json\/wp\/v2\/media\/226401"}],"wp:attachment":[{"href":"https:\/\/raspberrypi.dk\/fi\/wp-json\/wp\/v2\/media?parent=221094"}],"wp:term":[{"taxonomy":"product_brand","embeddable":true,"href":"https:\/\/raspberrypi.dk\/fi\/wp-json\/wp\/v2\/product_brand?post=221094"},{"taxonomy":"product_cat","embeddable":true,"href":"https:\/\/raspberrypi.dk\/fi\/wp-json\/wp\/v2\/product_cat?post=221094"},{"taxonomy":"product_tag","embeddable":true,"href":"https:\/\/raspberrypi.dk\/fi\/wp-json\/wp\/v2\/product_tag?post=221094"}],"curies":[{"name":"wp","href":"https:\/\/api.w.org\/{rel}","templated":true}]}}