{"id":221101,"date":"2021-05-11T11:21:34","date_gmt":"2021-05-11T09:21:34","guid":{"rendered":"https:\/\/raspberrypi.dk\/produkt\/akku-hat-raspberry-pille\/"},"modified":"2024-11-01T08:50:08","modified_gmt":"2024-11-01T07:50:08","slug":"akku-hat-raspberry-pille","status":"publish","type":"product","link":"https:\/\/raspberrypi.dk\/fi\/tuote\/akku-hat-raspberry-pille\/","title":{"rendered":"Akku HAT Raspberry Pi:lle"},"content":{"rendered":"<p>Li-polymeeriakku HAT integroi SW6106-virtapankin hallintasirun, mahdollistaa 5 V:n s\u00e4\u00e4detyn virtal\u00e4hteen Raspberry Pi tai muille 5 V laitteille suuren kapasiteetin Li-polymeeriakusta. Se my\u00f6s lataa akun, tukee kaksisuuntaista pikalatausta.<\/p>\n<p>Verrattuna Li-ion-akkuun HAT, t\u00e4m\u00e4 HAT k\u00e4ytt\u00e4\u00e4 Li-polymeeriakkua, jonka kapasiteetti on suurempi, mik\u00e4 tarkoittaa pidemp\u00e4\u00e4 akun k\u00e4ytt\u00f6ik\u00e4\u00e4 ja mahdollistaa suuremman kuormituksen. HAT-koko sopii paremmin Raspberry Pi B \/ A + \/ B + \/ 2B \/ 3B \/ 3B + \/ 4B: lle.<\/p>\n<p><strong>T\u00e4m\u00e4 ei ole UPS. Huomaa, ett\u00e4 Raspberry Pi k\u00e4ynnistyy uudelleen, kun yhdist\u00e4t sen Pi:hen.<\/strong><\/p>\n<div><\/div>\n<h2>Features<\/h2>\n<ul>\n<li>Sis\u00e4\u00e4nrakennettu SW6106-siru, tukee kaksisuuntaista nopeaa latausta, tukee moninopeita latausprotokollia, kuten PD \/ QC \/ FCP \/ PE \/ SFCP<\/li>\n<li>Litiumakun suojapiiri tarjoaa k\u00e4\u00e4nteissuojan, ylilataussuojan ja oikosulkusuojan<\/li>\n<li>Sis\u00e4\u00e4nrakennetut ilmaisimet: nopea lataus, tehokapasiteetti<\/li>\n<li>PH 2.0 akkuliitin 3.7V 3000mA Li-polymeeriakun liitt\u00e4miseen suurella kapasiteetilla (MSDS-sertifioitu)<\/li>\n<\/ul>\n<p><span style=\"font-size: 2em\">Specifications<\/span><\/p>\n<ul>\n<li>Output voltage: 5V<\/li>\n<li>Charge voltage: 5V<\/li>\n<li>Applicable battery: 3.7V Li-polymer battery (4.2V when full charged)<\/li>\n<li>Dimensioner: 65.0mm \u00d7 56.5mm<\/li>\n<li>Mounting hole size: 3.0mm<\/li>\n<\/ul>\n<h2>What&#8217;s in Box<\/h2>\n<p class=\"note\">Note: the Raspberry Pi is NOT included.<\/p>\n<ol>\n<li>Li-polymer Battery HAT x1<\/li>\n<li>3.7V 3000mAh Li-polymer battery x1<\/li>\n<li>RPi screws pack (2pcs) x1<\/li>\n<\/ol>\n<div class=\"imgTextWrap\">\n<div>1<a href=\"https:\/\/www.waveshare.com\/img\/devkit\/accBoard\/Li-polymer-Battery-HAT\/Li-polymer-Battery-HAT-1.jpg\"><img decoding=\"async\" src=\"https:\/\/www.waveshare.com\/img\/devkit\/accBoard\/Li-polymer-Battery-HAT\/Li-polymer-Battery-HAT-1_93.jpg\" \/><\/a><\/div>\n<div>2<a href=\"https:\/\/www.waveshare.com\/img\/devkit\/accessories\/3.7V-3000mAh-Li-polymer-battery.jpg\"><img decoding=\"async\" src=\"https:\/\/www.waveshare.com\/img\/devkit\/accessories\/3.7V-3000mAh-Li-polymer-battery_93.jpg\" \/><\/a><\/div>\n<div>3<a href=\"https:\/\/www.waveshare.com\/img\/devkit\/general\/RPi-screws-pack-11-x2-hexa_L.jpg\"><img decoding=\"async\" src=\"https:\/\/www.waveshare.com\/img\/devkit\/general\/RPi-screws-pack-11-x2-hexa.jpg\" \/><\/a><\/div>\n<\/div>\n<h2>What&#8217;s on Board<\/h2>\n<p><img decoding=\"async\" src=\"https:\/\/www.waveshare.com\/img\/devkit\/accBoard\/Li-polymer-Battery-HAT\/Li-polymer-Battery-HAT-intro.jpg\" alt=\"Li-polymer Battery HAT on board resource\" \/><\/p>\n<ol>\n<li><strong>Raspberry Pi GPIO connector:<\/strong>\u00a0for connecting Raspberry Pi<\/li>\n<li><strong>PH 2.0 battery connector:<\/strong>\u00a0for 3.7V Li-polymer battery<\/li>\n<li><strong>USB Type-C connector:<\/strong>\u00a05V battery charge\/power output, supports quick charge<\/li>\n<li><strong>USB Type-A connector:<\/strong>\u00a05V power output<\/li>\n<li><strong>Micro USB connector:<\/strong>\u00a05V battery charge<\/li>\n<li><strong>SW6106 power management chip<\/strong><\/li>\n<li><strong>Power output control switch<\/strong><br \/>\nClick: operating mode, provides 5V output<br \/>\nDouble click: standby mode, no output<\/li>\n<li><strong>Battery power capacity indicator:<\/strong>\u00a05x LEDs to indicate the power capacity and charging status<\/li>\n<li><strong>Quick charge indicator:<\/strong>\u00a0on when quick charging<\/li>\n<li><strong>Li-polymer battery:<\/strong>\u00a03.7V 3000mAh, MSDS certified<\/li>\n<\/ol>\n<h2>Example<\/h2>\n<p><img decoding=\"async\" src=\"https:\/\/www.waveshare.com\/img\/devkit\/accBoard\/Li-polymer-Battery-HAT\/Li-polymer-Battery-HAT-6_800.jpg\" \/><\/p>\n<h2>Dimension<\/h2>\n<p><img decoding=\"async\" src=\"https:\/\/www.waveshare.com\/img\/devkit\/accBoard\/Li-polymer-Battery-HAT\/Li-polymer-Battery-HAT-size.jpg\" \/><\/p>\n<h2>Development Resources<\/h2>\n<p><strong>Wiki :\u00a0<\/strong><a href=\"http:\/\/www.waveshare.com\/wiki\/Li-polymer_Battery_HAT\" target=\"_blank\" rel=\"noopener\">www.waveshare.com\/wiki\/Li-polymer_Battery_HAT<\/a><\/p>\n","protected":false},"excerpt":{"rendered":"<p>Li-Polymer Battery HAT Raspberry Pi, SW6106 power bank -ratkaisulle, sis\u00e4\u00e4nrakennettu suojapiiri.<\/p>\n","protected":false},"featured_media":221102,"comment_status":"open","ping_status":"closed","template":"","meta":[],"product_brand":[],"product_cat":[732,731],"product_tag":[719,718],"class_list":{"0":"post-221101","1":"product","2":"type-product","3":"status-publish","4":"has-post-thumbnail","6":"product_cat-hats-gpio","7":"product_cat-raspberry-pi-virtalaehteet","8":"product_tag-rpi4-fi","9":"product_tag-rpi5-fi","11":"first","12":"outofstock","13":"taxable","14":"shipping-taxable","15":"purchasable","16":"product-type-simple"},"composite_virtual":false,"composite_layout":"","composite_add_to_cart_form_location":"","composite_editable_in_cart":false,"composite_sold_individually_context":"","composite_shop_price_calc":"","composite_components":[],"composite_scenarios":[],"bundled_by":[],"bundle_stock_status":"outofstock","bundle_stock_quantity":0,"bundle_virtual":false,"bundle_layout":"","bundle_add_to_cart_form_location":"","bundle_editable_in_cart":false,"bundle_sold_individually_context":"","bundle_item_grouping":"","bundle_min_size":"","bundle_max_size":"","bundle_price":[],"bundled_items":[],"bundle_sell_ids":[],"yoast_head":"<!-- This site is optimized with the Yoast SEO plugin v27.1.1 - https:\/\/yoast.com\/product\/yoast-seo-wordpress\/ -->\n<title>Akku HAT Raspberry Pi:lle \u2022 RaspberryPi.dk<\/title>\n<meta name=\"robots\" content=\"index, follow, max-snippet:-1, max-image-preview:large, max-video-preview:-1\" \/>\n<link rel=\"canonical\" href=\"https:\/\/raspberrypi.dk\/fi\/tuote\/akku-hat-raspberry-pille\/\" \/>\n<meta property=\"og:locale\" content=\"fi_FI\" \/>\n<meta property=\"og:type\" content=\"article\" \/>\n<meta property=\"og:title\" content=\"Akku HAT Raspberry Pi:lle \u2022 RaspberryPi.dk\" \/>\n<meta property=\"og:description\" content=\"Li-Polymer Battery HAT Raspberry Pi, SW6106 power bank -ratkaisulle, sis\u00e4\u00e4nrakennettu suojapiiri.\" \/>\n<meta property=\"og:url\" content=\"https:\/\/raspberrypi.dk\/fi\/tuote\/akku-hat-raspberry-pille\/\" \/>\n<meta property=\"og:site_name\" content=\"RaspberryPi.dk\" \/>\n<meta property=\"article:publisher\" content=\"https:\/\/facebook.com\/RaspberryPiDanmark\" \/>\n<meta property=\"article:modified_time\" content=\"2024-11-01T07:50:08+00:00\" \/>\n<meta property=\"og:image\" content=\"https:\/\/raspberrypi.dk\/wp-content\/uploads\/2021\/05\/waveshare-17076-li-polymer-battery-hat.jpg\" \/>\n\t<meta property=\"og:image:width\" content=\"800\" \/>\n\t<meta property=\"og:image:height\" content=\"800\" \/>\n\t<meta property=\"og:image:type\" content=\"image\/jpeg\" \/>\n<meta name=\"twitter:card\" content=\"summary_large_image\" \/>\n<meta name=\"twitter:site\" content=\"@raspberrypidk\" \/>\n<meta name=\"twitter:label1\" content=\"Arvioitu lukuaika\" \/>\n\t<meta name=\"twitter:data1\" content=\"3 minuuttia\" \/>\n<script type=\"application\/ld+json\" class=\"yoast-schema-graph\">{\"@context\":\"https:\/\/schema.org\",\"@graph\":[{\"@type\":\"WebPage\",\"@id\":\"https:\/\/raspberrypi.dk\/fi\/tuote\/akku-hat-raspberry-pille\/\",\"url\":\"https:\/\/raspberrypi.dk\/fi\/tuote\/akku-hat-raspberry-pille\/\",\"name\":\"Akku HAT Raspberry Pi:lle \u2022 RaspberryPi.dk\",\"isPartOf\":{\"@id\":\"https:\/\/raspberrypi.dk\/fi\/#website\"},\"primaryImageOfPage\":{\"@id\":\"https:\/\/raspberrypi.dk\/fi\/tuote\/akku-hat-raspberry-pille\/#primaryimage\"},\"image\":{\"@id\":\"https:\/\/raspberrypi.dk\/fi\/tuote\/akku-hat-raspberry-pille\/#primaryimage\"},\"thumbnailUrl\":\"https:\/\/raspberrypi.dk\/wp-content\/uploads\/2021\/05\/waveshare-17076-li-polymer-battery-hat.jpg\",\"datePublished\":\"2021-05-11T09:21:34+00:00\",\"dateModified\":\"2024-11-01T07:50:08+00:00\",\"breadcrumb\":{\"@id\":\"https:\/\/raspberrypi.dk\/fi\/tuote\/akku-hat-raspberry-pille\/#breadcrumb\"},\"inLanguage\":\"fi\",\"potentialAction\":[{\"@type\":\"ReadAction\",\"target\":[\"https:\/\/raspberrypi.dk\/fi\/tuote\/akku-hat-raspberry-pille\/\"]}]},{\"@type\":\"ImageObject\",\"inLanguage\":\"fi\",\"@id\":\"https:\/\/raspberrypi.dk\/fi\/tuote\/akku-hat-raspberry-pille\/#primaryimage\",\"url\":\"https:\/\/raspberrypi.dk\/wp-content\/uploads\/2021\/05\/waveshare-17076-li-polymer-battery-hat.jpg\",\"contentUrl\":\"https:\/\/raspberrypi.dk\/wp-content\/uploads\/2021\/05\/waveshare-17076-li-polymer-battery-hat.jpg\",\"width\":800,\"height\":800,\"caption\":\"waveshare batteri hat raspberry pi\"},{\"@type\":\"BreadcrumbList\",\"@id\":\"https:\/\/raspberrypi.dk\/fi\/tuote\/akku-hat-raspberry-pille\/#breadcrumb\",\"itemListElement\":[{\"@type\":\"ListItem\",\"position\":1,\"name\":\"Hjem\",\"item\":\"https:\/\/raspberrypi.dk\/fi\/raspberry-pi-verkkokauppa\/\"},{\"@type\":\"ListItem\",\"position\":2,\"name\":\"Shop\",\"item\":\"https:\/\/raspberrypi.dk\/fi\/shop-2\/\"},{\"@type\":\"ListItem\",\"position\":3,\"name\":\"Akku HAT Raspberry Pi:lle\"}]},{\"@type\":\"WebSite\",\"@id\":\"https:\/\/raspberrypi.dk\/fi\/#website\",\"url\":\"https:\/\/raspberrypi.dk\/fi\/\",\"name\":\"RaspberryPi.dk\",\"description\":\"Danmarks f\u00f8rende Raspberry Pi side!\",\"publisher\":{\"@id\":\"https:\/\/raspberrypi.dk\/fi\/#organization\"},\"potentialAction\":[{\"@type\":\"SearchAction\",\"target\":{\"@type\":\"EntryPoint\",\"urlTemplate\":\"https:\/\/raspberrypi.dk\/fi\/?s={search_term_string}\"},\"query-input\":{\"@type\":\"PropertyValueSpecification\",\"valueRequired\":true,\"valueName\":\"search_term_string\"}}],\"inLanguage\":\"fi\"},{\"@type\":\"Organization\",\"@id\":\"https:\/\/raspberrypi.dk\/fi\/#organization\",\"name\":\"RaspberryPi.dk\",\"url\":\"https:\/\/raspberrypi.dk\/fi\/\",\"logo\":{\"@type\":\"ImageObject\",\"inLanguage\":\"fi\",\"@id\":\"https:\/\/raspberrypi.dk\/fi\/#\/schema\/logo\/image\/\",\"url\":\"https:\/\/raspberrypi.dk\/wp-content\/uploads\/2017\/05\/RaspberryPidk_logo-2.png\",\"contentUrl\":\"https:\/\/raspberrypi.dk\/wp-content\/uploads\/2017\/05\/RaspberryPidk_logo-2.png\",\"width\":470,\"height\":110,\"caption\":\"RaspberryPi.dk\"},\"image\":{\"@id\":\"https:\/\/raspberrypi.dk\/fi\/#\/schema\/logo\/image\/\"},\"sameAs\":[\"https:\/\/facebook.com\/RaspberryPiDanmark\",\"https:\/\/x.com\/raspberrypidk\",\"https:\/\/instagram.com\/raspberrypi.dk\"]}]}<\/script>\n<!-- \/ Yoast SEO plugin. -->","yoast_head_json":{"title":"Akku HAT Raspberry Pi:lle \u2022 RaspberryPi.dk","robots":{"index":"index","follow":"follow","max-snippet":"max-snippet:-1","max-image-preview":"max-image-preview:large","max-video-preview":"max-video-preview:-1"},"canonical":"https:\/\/raspberrypi.dk\/fi\/tuote\/akku-hat-raspberry-pille\/","og_locale":"fi_FI","og_type":"article","og_title":"Akku HAT Raspberry Pi:lle \u2022 RaspberryPi.dk","og_description":"Li-Polymer Battery HAT Raspberry Pi, SW6106 power bank -ratkaisulle, sis\u00e4\u00e4nrakennettu suojapiiri.","og_url":"https:\/\/raspberrypi.dk\/fi\/tuote\/akku-hat-raspberry-pille\/","og_site_name":"RaspberryPi.dk","article_publisher":"https:\/\/facebook.com\/RaspberryPiDanmark","article_modified_time":"2024-11-01T07:50:08+00:00","og_image":[{"width":800,"height":800,"url":"https:\/\/raspberrypi.dk\/wp-content\/uploads\/2021\/05\/waveshare-17076-li-polymer-battery-hat.jpg","type":"image\/jpeg"}],"twitter_card":"summary_large_image","twitter_site":"@raspberrypidk","twitter_misc":{"Arvioitu lukuaika":"3 minuuttia"},"schema":{"@context":"https:\/\/schema.org","@graph":[{"@type":"WebPage","@id":"https:\/\/raspberrypi.dk\/fi\/tuote\/akku-hat-raspberry-pille\/","url":"https:\/\/raspberrypi.dk\/fi\/tuote\/akku-hat-raspberry-pille\/","name":"Akku HAT Raspberry Pi:lle \u2022 RaspberryPi.dk","isPartOf":{"@id":"https:\/\/raspberrypi.dk\/fi\/#website"},"primaryImageOfPage":{"@id":"https:\/\/raspberrypi.dk\/fi\/tuote\/akku-hat-raspberry-pille\/#primaryimage"},"image":{"@id":"https:\/\/raspberrypi.dk\/fi\/tuote\/akku-hat-raspberry-pille\/#primaryimage"},"thumbnailUrl":"https:\/\/raspberrypi.dk\/wp-content\/uploads\/2021\/05\/waveshare-17076-li-polymer-battery-hat.jpg","datePublished":"2021-05-11T09:21:34+00:00","dateModified":"2024-11-01T07:50:08+00:00","breadcrumb":{"@id":"https:\/\/raspberrypi.dk\/fi\/tuote\/akku-hat-raspberry-pille\/#breadcrumb"},"inLanguage":"fi","potentialAction":[{"@type":"ReadAction","target":["https:\/\/raspberrypi.dk\/fi\/tuote\/akku-hat-raspberry-pille\/"]}]},{"@type":"ImageObject","inLanguage":"fi","@id":"https:\/\/raspberrypi.dk\/fi\/tuote\/akku-hat-raspberry-pille\/#primaryimage","url":"https:\/\/raspberrypi.dk\/wp-content\/uploads\/2021\/05\/waveshare-17076-li-polymer-battery-hat.jpg","contentUrl":"https:\/\/raspberrypi.dk\/wp-content\/uploads\/2021\/05\/waveshare-17076-li-polymer-battery-hat.jpg","width":800,"height":800,"caption":"waveshare batteri hat raspberry pi"},{"@type":"BreadcrumbList","@id":"https:\/\/raspberrypi.dk\/fi\/tuote\/akku-hat-raspberry-pille\/#breadcrumb","itemListElement":[{"@type":"ListItem","position":1,"name":"Hjem","item":"https:\/\/raspberrypi.dk\/fi\/raspberry-pi-verkkokauppa\/"},{"@type":"ListItem","position":2,"name":"Shop","item":"https:\/\/raspberrypi.dk\/fi\/shop-2\/"},{"@type":"ListItem","position":3,"name":"Akku HAT Raspberry Pi:lle"}]},{"@type":"WebSite","@id":"https:\/\/raspberrypi.dk\/fi\/#website","url":"https:\/\/raspberrypi.dk\/fi\/","name":"RaspberryPi.dk","description":"Danmarks f\u00f8rende Raspberry Pi side!","publisher":{"@id":"https:\/\/raspberrypi.dk\/fi\/#organization"},"potentialAction":[{"@type":"SearchAction","target":{"@type":"EntryPoint","urlTemplate":"https:\/\/raspberrypi.dk\/fi\/?s={search_term_string}"},"query-input":{"@type":"PropertyValueSpecification","valueRequired":true,"valueName":"search_term_string"}}],"inLanguage":"fi"},{"@type":"Organization","@id":"https:\/\/raspberrypi.dk\/fi\/#organization","name":"RaspberryPi.dk","url":"https:\/\/raspberrypi.dk\/fi\/","logo":{"@type":"ImageObject","inLanguage":"fi","@id":"https:\/\/raspberrypi.dk\/fi\/#\/schema\/logo\/image\/","url":"https:\/\/raspberrypi.dk\/wp-content\/uploads\/2017\/05\/RaspberryPidk_logo-2.png","contentUrl":"https:\/\/raspberrypi.dk\/wp-content\/uploads\/2017\/05\/RaspberryPidk_logo-2.png","width":470,"height":110,"caption":"RaspberryPi.dk"},"image":{"@id":"https:\/\/raspberrypi.dk\/fi\/#\/schema\/logo\/image\/"},"sameAs":["https:\/\/facebook.com\/RaspberryPiDanmark","https:\/\/x.com\/raspberrypidk","https:\/\/instagram.com\/raspberrypi.dk"]}]}},"_links":{"self":[{"href":"https:\/\/raspberrypi.dk\/fi\/wp-json\/wp\/v2\/product\/221101","targetHints":{"allow":["GET"]}}],"collection":[{"href":"https:\/\/raspberrypi.dk\/fi\/wp-json\/wp\/v2\/product"}],"about":[{"href":"https:\/\/raspberrypi.dk\/fi\/wp-json\/wp\/v2\/types\/product"}],"replies":[{"embeddable":true,"href":"https:\/\/raspberrypi.dk\/fi\/wp-json\/wp\/v2\/comments?post=221101"}],"wp:featuredmedia":[{"embeddable":true,"href":"https:\/\/raspberrypi.dk\/fi\/wp-json\/wp\/v2\/media\/221102"}],"wp:attachment":[{"href":"https:\/\/raspberrypi.dk\/fi\/wp-json\/wp\/v2\/media?parent=221101"}],"wp:term":[{"taxonomy":"product_brand","embeddable":true,"href":"https:\/\/raspberrypi.dk\/fi\/wp-json\/wp\/v2\/product_brand?post=221101"},{"taxonomy":"product_cat","embeddable":true,"href":"https:\/\/raspberrypi.dk\/fi\/wp-json\/wp\/v2\/product_cat?post=221101"},{"taxonomy":"product_tag","embeddable":true,"href":"https:\/\/raspberrypi.dk\/fi\/wp-json\/wp\/v2\/product_tag?post=221101"}],"curies":[{"name":"wp","href":"https:\/\/api.w.org\/{rel}","templated":true}]}}