{"id":221119,"date":"2021-03-08T13:16:22","date_gmt":"2021-03-08T12:16:22","guid":{"rendered":"https:\/\/raspberrypi.dk\/produkt\/pico-audio-pack-line-out-and-headphone-amp\/"},"modified":"2024-04-07T13:54:51","modified_gmt":"2024-04-07T11:54:51","slug":"pico-audio-pack-line-out-and-headphone-amp","status":"publish","type":"product","link":"https:\/\/raspberrypi.dk\/fi\/tuote\/pico-audio-pack-line-out-and-headphone-amp\/","title":{"rendered":"Pico Audio Pack (Line-Out and Headphone Amp)"},"content":{"rendered":"<p>Pico Audio Pack k\u00e4ytt\u00e4\u00e4 PCM5100A DAC:ta jopa 32-bit, 384 kHz:n stereo\u00e4\u00e4nen tuottamiseen 3,5 mm:n linjal\u00e4ht\u00f6liittimest\u00e4, joka on valmis liitett\u00e4v\u00e4ksi ulkoiseen vahvistimeen tai virtal\u00e4hteisiin kaiuttimiin. Jos etsit jotain hieman \u00e4\u00e4nekk\u00e4\u00e4mp\u00e4\u00e4 korvillesi, se voi my\u00f6s l\u00e4hett\u00e4\u00e4 vahvistetun stereo\u00e4\u00e4nen 3,5 mm:n kuulokeliit\u00e4nn\u00e4st\u00e4.<\/p>\n<p>Voit luoda mielenkiintoisia \u00e4\u00e4ni\u00e4 Picon koodilla lo-fi-synttikoille tai liitt\u00e4\u00e4 Picon toiseen laitteeseen ja k\u00e4ytt\u00e4\u00e4 sit\u00e4 mukautettuna USB-\u00e4\u00e4nikorttina.<\/p>\n<p><strong>Huomaa, ett\u00e4 Pico Audio Pack toimii t\u00e4ll\u00e4 hetkell\u00e4 vain C\/C++ Pico SDK:n kanssa! Micro Python -tuki on suunnitteilla, mutta ei viel\u00e4 saatavilla.<\/strong><\/p>\n<h2>Funktioner<\/h2>\n<ul>\n<li>PCM5100A stereo DAC (<a href=\"https:\/\/cdn.shopify.com\/s\/files\/1\/0174\/1800\/files\/pcm5100a_617130f1-79f1-45ac-96bc-a3752b4afa59.pdf?v=1611151321\" target=\"_blank\" rel=\"noopener\">datasheet<\/a>)<\/li>\n<li>PAM8908JER stereo headphone amp (<a href=\"https:\/\/cdn.shopify.com\/s\/files\/1\/0174\/1800\/files\/PAM8901_8.pdf?v=1611151682\" target=\"_blank\" rel=\"noopener\">datasheet<\/a>)<\/li>\n<li>3.5mm stereo headphone jack connector<\/li>\n<li>3.5mm stereo line out jack connector<\/li>\n<li>Switch to adjust headphone amp gain (low \/ high)<\/li>\n<li>Pre-soldered female headers for attaching to Pico<\/li>\n<li>Compatible with Raspberry Pi Pico<\/li>\n<li>Fully assembled<\/li>\n<li>No soldering required (as long as your Pico has header pins attached).<\/li>\n<li>Dimensions: approx 53mm x 29mm x 11mm (L x W x H, including headers and audio jacks)<\/li>\n<li><a href=\"https:\/\/github.com\/pimoroni\/pimoroni-pico\" target=\"_blank\" rel=\"noopener\">Programmable with C\/C++<\/a><\/li>\n<\/ul>\n<p>The labels on the underside of Pico Audio will show you which way round to plug it into your Pico &#8211; just match up the USB port with the markings on the board.<\/p>\n<h2>Pinout<\/h2>\n<p>Pico Audio Pack provides a high quality stereo DAC which uses\u00a0<strong>I2S_DATA<\/strong>,\u00a0<strong>I2S_BCK<\/strong>, and\u00a0<strong>I2S_LRCK<\/strong>\u00a0to recieve audio data.<\/p>\n<p>We also offer a\u00a0<strong>MUTE<\/strong>\u00a0pin which can be used to silence the output.<\/p>\n<p>You can use Pico Audio Pack with the I2S audio examples provided by Raspberry Pi in their\u00a0<a href=\"https:\/\/github.com\/raspberrypi\/pico-playground\" target=\"_blank\" rel=\"noopener\">experimental examples<\/a>\u00a0(usb_sound_card and sine_wave_i2s). You&#8217;ll need to\u00a0<strong>#define\u00a0PICO_AUDIO_I2S_DATA_PIN<\/strong>\u00a0and\u00a0<strong>PICO_AUDIO_I2S_CLOCK_PIN_BASE<\/strong>\u00a0to 9 and\u00a010 respectively to tell the examples which pins are being used for the audio data.<\/p>\n<p><img decoding=\"async\" src=\"https:\/\/cdn.shopify.com\/s\/files\/1\/0174\/1800\/files\/pico-audio-pinout_600x600.png?v=1611503787\" alt=\"\" \/><\/p>\n","protected":false},"excerpt":{"rendered":"<p>Luo melua t\u00e4ll\u00e4 korkealaatuisella stereo-I2S-\u00e4\u00e4nenlaajennuskortilla Raspberry Pi Pico -laitteellesi vahvistetuilla kuulokkeilla JA vahvistamattomilla linjatason l\u00e4hd\u00f6ill\u00e4!<\/p>\n","protected":false},"featured_media":221120,"comment_status":"open","ping_status":"closed","template":"","meta":[],"product_brand":[],"product_cat":[749,732],"product_tag":[],"class_list":{"0":"post-221119","1":"product","2":"type-product","3":"status-publish","4":"has-post-thumbnail","6":"product_cat-raspberry-pi-pico-ja-tarvikkeet","7":"product_cat-hats-gpio","9":"first","10":"outofstock","11":"taxable","12":"shipping-taxable","13":"purchasable","14":"product-type-simple"},"composite_virtual":false,"composite_layout":"","composite_add_to_cart_form_location":"","composite_editable_in_cart":false,"composite_sold_individually_context":"","composite_shop_price_calc":"","composite_components":[],"composite_scenarios":[],"bundled_by":[],"bundle_stock_status":"outofstock","bundle_stock_quantity":0,"bundle_virtual":false,"bundle_layout":"","bundle_add_to_cart_form_location":"","bundle_editable_in_cart":false,"bundle_sold_individually_context":"","bundle_item_grouping":"","bundle_min_size":"","bundle_max_size":"","bundle_price":[],"bundled_items":[],"bundle_sell_ids":[],"yoast_head":"<!-- This site is optimized with the Yoast SEO plugin v27.1.1 - https:\/\/yoast.com\/product\/yoast-seo-wordpress\/ -->\n<title>Pico Audio Pack (Line-Out and Headphone Amp) \u2022 RaspberryPi.dk<\/title>\n<meta name=\"robots\" content=\"index, follow, max-snippet:-1, max-image-preview:large, max-video-preview:-1\" \/>\n<link rel=\"canonical\" href=\"https:\/\/raspberrypi.dk\/fi\/tuote\/pico-audio-pack-line-out-and-headphone-amp\/\" \/>\n<meta property=\"og:locale\" content=\"fi_FI\" \/>\n<meta property=\"og:type\" content=\"article\" \/>\n<meta property=\"og:title\" content=\"Pico Audio Pack (Line-Out and Headphone Amp) \u2022 RaspberryPi.dk\" \/>\n<meta property=\"og:description\" content=\"Luo melua t\u00e4ll\u00e4 korkealaatuisella stereo-I2S-\u00e4\u00e4nenlaajennuskortilla Raspberry Pi Pico -laitteellesi vahvistetuilla kuulokkeilla JA vahvistamattomilla linjatason l\u00e4hd\u00f6ill\u00e4!\" \/>\n<meta property=\"og:url\" content=\"https:\/\/raspberrypi.dk\/fi\/tuote\/pico-audio-pack-line-out-and-headphone-amp\/\" \/>\n<meta property=\"og:site_name\" content=\"RaspberryPi.dk\" \/>\n<meta property=\"article:publisher\" content=\"https:\/\/facebook.com\/RaspberryPiDanmark\" \/>\n<meta property=\"article:modified_time\" content=\"2024-04-07T11:54:51+00:00\" \/>\n<meta property=\"og:image\" content=\"https:\/\/raspberrypi.dk\/wp-content\/uploads\/2021\/03\/pico-audio-pack.jpg\" \/>\n\t<meta property=\"og:image:width\" content=\"1024\" \/>\n\t<meta property=\"og:image:height\" content=\"1024\" \/>\n\t<meta property=\"og:image:type\" content=\"image\/jpeg\" \/>\n<meta name=\"twitter:card\" content=\"summary_large_image\" \/>\n<meta name=\"twitter:site\" content=\"@raspberrypidk\" \/>\n<meta name=\"twitter:label1\" content=\"Arvioitu lukuaika\" \/>\n\t<meta name=\"twitter:data1\" content=\"2 minuuttia\" \/>\n<script type=\"application\/ld+json\" class=\"yoast-schema-graph\">{\"@context\":\"https:\/\/schema.org\",\"@graph\":[{\"@type\":\"WebPage\",\"@id\":\"https:\/\/raspberrypi.dk\/fi\/tuote\/pico-audio-pack-line-out-and-headphone-amp\/\",\"url\":\"https:\/\/raspberrypi.dk\/fi\/tuote\/pico-audio-pack-line-out-and-headphone-amp\/\",\"name\":\"Pico Audio Pack (Line-Out and Headphone Amp) \u2022 RaspberryPi.dk\",\"isPartOf\":{\"@id\":\"https:\/\/raspberrypi.dk\/fi\/#website\"},\"primaryImageOfPage\":{\"@id\":\"https:\/\/raspberrypi.dk\/fi\/tuote\/pico-audio-pack-line-out-and-headphone-amp\/#primaryimage\"},\"image\":{\"@id\":\"https:\/\/raspberrypi.dk\/fi\/tuote\/pico-audio-pack-line-out-and-headphone-amp\/#primaryimage\"},\"thumbnailUrl\":\"https:\/\/raspberrypi.dk\/wp-content\/uploads\/2021\/03\/pico-audio-pack.jpg\",\"datePublished\":\"2021-03-08T12:16:22+00:00\",\"dateModified\":\"2024-04-07T11:54:51+00:00\",\"breadcrumb\":{\"@id\":\"https:\/\/raspberrypi.dk\/fi\/tuote\/pico-audio-pack-line-out-and-headphone-amp\/#breadcrumb\"},\"inLanguage\":\"fi\",\"potentialAction\":[{\"@type\":\"ReadAction\",\"target\":[\"https:\/\/raspberrypi.dk\/fi\/tuote\/pico-audio-pack-line-out-and-headphone-amp\/\"]}]},{\"@type\":\"ImageObject\",\"inLanguage\":\"fi\",\"@id\":\"https:\/\/raspberrypi.dk\/fi\/tuote\/pico-audio-pack-line-out-and-headphone-amp\/#primaryimage\",\"url\":\"https:\/\/raspberrypi.dk\/wp-content\/uploads\/2021\/03\/pico-audio-pack.jpg\",\"contentUrl\":\"https:\/\/raspberrypi.dk\/wp-content\/uploads\/2021\/03\/pico-audio-pack.jpg\",\"width\":1024,\"height\":1024,\"caption\":\"pico audio pack\"},{\"@type\":\"BreadcrumbList\",\"@id\":\"https:\/\/raspberrypi.dk\/fi\/tuote\/pico-audio-pack-line-out-and-headphone-amp\/#breadcrumb\",\"itemListElement\":[{\"@type\":\"ListItem\",\"position\":1,\"name\":\"Hjem\",\"item\":\"https:\/\/raspberrypi.dk\/fi\/raspberry-pi-verkkokauppa\/\"},{\"@type\":\"ListItem\",\"position\":2,\"name\":\"Shop\",\"item\":\"https:\/\/raspberrypi.dk\/fi\/shop-2\/\"},{\"@type\":\"ListItem\",\"position\":3,\"name\":\"Pico Audio Pack (Line-Out and Headphone Amp)\"}]},{\"@type\":\"WebSite\",\"@id\":\"https:\/\/raspberrypi.dk\/fi\/#website\",\"url\":\"https:\/\/raspberrypi.dk\/fi\/\",\"name\":\"RaspberryPi.dk\",\"description\":\"Danmarks f\u00f8rende Raspberry Pi side!\",\"publisher\":{\"@id\":\"https:\/\/raspberrypi.dk\/fi\/#organization\"},\"potentialAction\":[{\"@type\":\"SearchAction\",\"target\":{\"@type\":\"EntryPoint\",\"urlTemplate\":\"https:\/\/raspberrypi.dk\/fi\/?s={search_term_string}\"},\"query-input\":{\"@type\":\"PropertyValueSpecification\",\"valueRequired\":true,\"valueName\":\"search_term_string\"}}],\"inLanguage\":\"fi\"},{\"@type\":\"Organization\",\"@id\":\"https:\/\/raspberrypi.dk\/fi\/#organization\",\"name\":\"RaspberryPi.dk\",\"url\":\"https:\/\/raspberrypi.dk\/fi\/\",\"logo\":{\"@type\":\"ImageObject\",\"inLanguage\":\"fi\",\"@id\":\"https:\/\/raspberrypi.dk\/fi\/#\/schema\/logo\/image\/\",\"url\":\"https:\/\/raspberrypi.dk\/wp-content\/uploads\/2017\/05\/RaspberryPidk_logo-2.png\",\"contentUrl\":\"https:\/\/raspberrypi.dk\/wp-content\/uploads\/2017\/05\/RaspberryPidk_logo-2.png\",\"width\":470,\"height\":110,\"caption\":\"RaspberryPi.dk\"},\"image\":{\"@id\":\"https:\/\/raspberrypi.dk\/fi\/#\/schema\/logo\/image\/\"},\"sameAs\":[\"https:\/\/facebook.com\/RaspberryPiDanmark\",\"https:\/\/x.com\/raspberrypidk\",\"https:\/\/instagram.com\/raspberrypi.dk\"]}]}<\/script>\n<!-- \/ Yoast SEO plugin. -->","yoast_head_json":{"title":"Pico Audio Pack (Line-Out and Headphone Amp) \u2022 RaspberryPi.dk","robots":{"index":"index","follow":"follow","max-snippet":"max-snippet:-1","max-image-preview":"max-image-preview:large","max-video-preview":"max-video-preview:-1"},"canonical":"https:\/\/raspberrypi.dk\/fi\/tuote\/pico-audio-pack-line-out-and-headphone-amp\/","og_locale":"fi_FI","og_type":"article","og_title":"Pico Audio Pack (Line-Out and Headphone Amp) \u2022 RaspberryPi.dk","og_description":"Luo melua t\u00e4ll\u00e4 korkealaatuisella stereo-I2S-\u00e4\u00e4nenlaajennuskortilla Raspberry Pi Pico -laitteellesi vahvistetuilla kuulokkeilla JA vahvistamattomilla linjatason l\u00e4hd\u00f6ill\u00e4!","og_url":"https:\/\/raspberrypi.dk\/fi\/tuote\/pico-audio-pack-line-out-and-headphone-amp\/","og_site_name":"RaspberryPi.dk","article_publisher":"https:\/\/facebook.com\/RaspberryPiDanmark","article_modified_time":"2024-04-07T11:54:51+00:00","og_image":[{"width":1024,"height":1024,"url":"https:\/\/raspberrypi.dk\/wp-content\/uploads\/2021\/03\/pico-audio-pack.jpg","type":"image\/jpeg"}],"twitter_card":"summary_large_image","twitter_site":"@raspberrypidk","twitter_misc":{"Arvioitu lukuaika":"2 minuuttia"},"schema":{"@context":"https:\/\/schema.org","@graph":[{"@type":"WebPage","@id":"https:\/\/raspberrypi.dk\/fi\/tuote\/pico-audio-pack-line-out-and-headphone-amp\/","url":"https:\/\/raspberrypi.dk\/fi\/tuote\/pico-audio-pack-line-out-and-headphone-amp\/","name":"Pico Audio Pack (Line-Out and Headphone Amp) \u2022 RaspberryPi.dk","isPartOf":{"@id":"https:\/\/raspberrypi.dk\/fi\/#website"},"primaryImageOfPage":{"@id":"https:\/\/raspberrypi.dk\/fi\/tuote\/pico-audio-pack-line-out-and-headphone-amp\/#primaryimage"},"image":{"@id":"https:\/\/raspberrypi.dk\/fi\/tuote\/pico-audio-pack-line-out-and-headphone-amp\/#primaryimage"},"thumbnailUrl":"https:\/\/raspberrypi.dk\/wp-content\/uploads\/2021\/03\/pico-audio-pack.jpg","datePublished":"2021-03-08T12:16:22+00:00","dateModified":"2024-04-07T11:54:51+00:00","breadcrumb":{"@id":"https:\/\/raspberrypi.dk\/fi\/tuote\/pico-audio-pack-line-out-and-headphone-amp\/#breadcrumb"},"inLanguage":"fi","potentialAction":[{"@type":"ReadAction","target":["https:\/\/raspberrypi.dk\/fi\/tuote\/pico-audio-pack-line-out-and-headphone-amp\/"]}]},{"@type":"ImageObject","inLanguage":"fi","@id":"https:\/\/raspberrypi.dk\/fi\/tuote\/pico-audio-pack-line-out-and-headphone-amp\/#primaryimage","url":"https:\/\/raspberrypi.dk\/wp-content\/uploads\/2021\/03\/pico-audio-pack.jpg","contentUrl":"https:\/\/raspberrypi.dk\/wp-content\/uploads\/2021\/03\/pico-audio-pack.jpg","width":1024,"height":1024,"caption":"pico audio pack"},{"@type":"BreadcrumbList","@id":"https:\/\/raspberrypi.dk\/fi\/tuote\/pico-audio-pack-line-out-and-headphone-amp\/#breadcrumb","itemListElement":[{"@type":"ListItem","position":1,"name":"Hjem","item":"https:\/\/raspberrypi.dk\/fi\/raspberry-pi-verkkokauppa\/"},{"@type":"ListItem","position":2,"name":"Shop","item":"https:\/\/raspberrypi.dk\/fi\/shop-2\/"},{"@type":"ListItem","position":3,"name":"Pico Audio Pack (Line-Out and Headphone Amp)"}]},{"@type":"WebSite","@id":"https:\/\/raspberrypi.dk\/fi\/#website","url":"https:\/\/raspberrypi.dk\/fi\/","name":"RaspberryPi.dk","description":"Danmarks f\u00f8rende Raspberry Pi side!","publisher":{"@id":"https:\/\/raspberrypi.dk\/fi\/#organization"},"potentialAction":[{"@type":"SearchAction","target":{"@type":"EntryPoint","urlTemplate":"https:\/\/raspberrypi.dk\/fi\/?s={search_term_string}"},"query-input":{"@type":"PropertyValueSpecification","valueRequired":true,"valueName":"search_term_string"}}],"inLanguage":"fi"},{"@type":"Organization","@id":"https:\/\/raspberrypi.dk\/fi\/#organization","name":"RaspberryPi.dk","url":"https:\/\/raspberrypi.dk\/fi\/","logo":{"@type":"ImageObject","inLanguage":"fi","@id":"https:\/\/raspberrypi.dk\/fi\/#\/schema\/logo\/image\/","url":"https:\/\/raspberrypi.dk\/wp-content\/uploads\/2017\/05\/RaspberryPidk_logo-2.png","contentUrl":"https:\/\/raspberrypi.dk\/wp-content\/uploads\/2017\/05\/RaspberryPidk_logo-2.png","width":470,"height":110,"caption":"RaspberryPi.dk"},"image":{"@id":"https:\/\/raspberrypi.dk\/fi\/#\/schema\/logo\/image\/"},"sameAs":["https:\/\/facebook.com\/RaspberryPiDanmark","https:\/\/x.com\/raspberrypidk","https:\/\/instagram.com\/raspberrypi.dk"]}]}},"_links":{"self":[{"href":"https:\/\/raspberrypi.dk\/fi\/wp-json\/wp\/v2\/product\/221119","targetHints":{"allow":["GET"]}}],"collection":[{"href":"https:\/\/raspberrypi.dk\/fi\/wp-json\/wp\/v2\/product"}],"about":[{"href":"https:\/\/raspberrypi.dk\/fi\/wp-json\/wp\/v2\/types\/product"}],"replies":[{"embeddable":true,"href":"https:\/\/raspberrypi.dk\/fi\/wp-json\/wp\/v2\/comments?post=221119"}],"wp:featuredmedia":[{"embeddable":true,"href":"https:\/\/raspberrypi.dk\/fi\/wp-json\/wp\/v2\/media\/221120"}],"wp:attachment":[{"href":"https:\/\/raspberrypi.dk\/fi\/wp-json\/wp\/v2\/media?parent=221119"}],"wp:term":[{"taxonomy":"product_brand","embeddable":true,"href":"https:\/\/raspberrypi.dk\/fi\/wp-json\/wp\/v2\/product_brand?post=221119"},{"taxonomy":"product_cat","embeddable":true,"href":"https:\/\/raspberrypi.dk\/fi\/wp-json\/wp\/v2\/product_cat?post=221119"},{"taxonomy":"product_tag","embeddable":true,"href":"https:\/\/raspberrypi.dk\/fi\/wp-json\/wp\/v2\/product_tag?post=221119"}],"curies":[{"name":"wp","href":"https:\/\/api.w.org\/{rel}","templated":true}]}}