{"id":221121,"date":"2021-03-08T12:04:28","date_gmt":"2021-03-08T11:04:28","guid":{"rendered":"https:\/\/raspberrypi.dk\/produkt\/pico-omnibus-dual-expander\/"},"modified":"2024-04-07T13:56:37","modified_gmt":"2024-04-07T11:56:37","slug":"pico-omnibus-dual-expander","status":"publish","type":"product","link":"https:\/\/raspberrypi.dk\/fi\/tuote\/pico-omnibus-dual-expander\/","title":{"rendered":"Pico Omnibus (Dual Expander)"},"content":{"rendered":"<p>Onko sinulla vaikeuksia valita, mink\u00e4 Pico-lis\u00e4osan valitset? Pico Omnibusin avulla voit liitt\u00e4\u00e4 kaksi Pico-pakettia tai -tukiasemaa kerralla * tai voit k\u00e4ytt\u00e4\u00e4 ylim\u00e4\u00e4r\u00e4ist\u00e4 GPIO-nastasarjaa muiden laitteiden, hyppyjohtimien tai piirien yhdist\u00e4miseen &#8211; eritt\u00e4in hy\u00f6dyllinen prototyyppien luomiseen. Olemme lis\u00e4nneet kaikkiin kolmeen liitinsarjaan hy\u00f6dyllisi\u00e4 tarroja, jotta voit olla varma, ett\u00e4 kaikki nuo ihanat johdot menev\u00e4t oikeisiin paikkoihin. Olemme my\u00f6s heitt\u00e4neet sis\u00e4\u00e4n pieni\u00e4 jalkoja pit\u00e4\u00e4ksemme kaiken vakaana.<\/p>\n<p><strong>Toiminnot<\/strong><\/p>\n<ul>\n<li>Laskeutumisalue merkkituilla naarasotsikoilla Pico-laitteeseesi kiinnitt\u00e4mist\u00e4 varten.<\/li>\n<li>Kaksi laskeutumisaluetta, joissa on merkitty (peilattu) maaliotsikko lis\u00e4osien kiinnitt\u00e4mist\u00e4 varten.<\/li>\n<li>4x kumiset jalat<\/li>\n<li>Yhteensopiva Raspberry Pi Picon kanssa.<\/li>\n<li>99 % kokonaisuutena &#8211; t\u00e4ytyy vain pysy\u00e4 jaloillaan!<br \/>\nT\u00e4ysin koottu.<\/li>\n<li>Ei vaadi juottamista.<\/li>\n<li>Mitat: n. 94 mm x 52 mm x 12 mm (P x L x K, mukaan lukien otsikot)<\/li>\n<\/ul>\n<p><strong>Huomautukset<\/strong><\/p>\n<ul>\n<li>* Sinun on tarkistettava pinout-ristiriidat, kun k\u00e4yt\u00e4t useita Pico-lis\u00e4osia \u2013 suosittelemme k\u00e4ytt\u00e4m\u00e4\u00e4n <a href=\"http:\/\/pinout.xyz\/\">pinout.xyz<\/a>-tiedostoa tai tarkistamaan lis\u00e4osan kauppasivulta!<\/li>\n<li>* Jos ty\u00f6skentelet Pico-tukikohdassa Pico Omnibusissa, se tulisi luultavasti tehd\u00e4 uros-naaraspuskurin kautta, jotta kaikki pysyy hallittavissa ja estet\u00e4\u00e4n asiat muuttumasta liian h\u00e4mment\u00e4v\u00e4ksi!<\/li>\n<li>Kuvassa n\u00e4kyv\u00e4t pico-paketit eiv\u00e4t sis\u00e4lly hintaan.<\/li>\n<\/ul>\n","protected":false},"excerpt":{"rendered":"<p>Hanki kaksinkertainen m\u00e4\u00e4r\u00e4 GPIO-nastaja ja liit\u00e4 kaksi lis\u00e4osaa yhteen Raspberry Pi Pico laajalla Pico Omnibusillamme!<\/p>\n","protected":false},"featured_media":221122,"comment_status":"open","ping_status":"closed","template":"","meta":[],"product_brand":[],"product_cat":[749,732],"product_tag":[],"class_list":{"0":"post-221121","1":"product","2":"type-product","3":"status-publish","4":"has-post-thumbnail","6":"product_cat-raspberry-pi-pico-ja-tarvikkeet","7":"product_cat-hats-gpio","9":"first","10":"instock","11":"taxable","12":"shipping-taxable","13":"purchasable","14":"product-type-simple"},"composite_virtual":false,"composite_layout":"","composite_add_to_cart_form_location":"","composite_editable_in_cart":false,"composite_sold_individually_context":"","composite_shop_price_calc":"","composite_components":[],"composite_scenarios":[],"bundled_by":[],"bundle_stock_status":"instock","bundle_stock_quantity":10,"bundle_virtual":false,"bundle_layout":"","bundle_add_to_cart_form_location":"","bundle_editable_in_cart":false,"bundle_sold_individually_context":"","bundle_item_grouping":"","bundle_min_size":"","bundle_max_size":"","bundle_price":[],"bundled_items":[],"bundle_sell_ids":[],"yoast_head":"<!-- This site is optimized with the Yoast SEO plugin v27.1.1 - https:\/\/yoast.com\/product\/yoast-seo-wordpress\/ -->\n<title>Pico Omnibus (Dual Expander) \u2022 RaspberryPi.dk<\/title>\n<meta name=\"robots\" content=\"index, follow, max-snippet:-1, max-image-preview:large, max-video-preview:-1\" \/>\n<link rel=\"canonical\" href=\"https:\/\/raspberrypi.dk\/fi\/tuote\/pico-omnibus-dual-expander\/\" \/>\n<meta property=\"og:locale\" content=\"fi_FI\" \/>\n<meta property=\"og:type\" content=\"article\" \/>\n<meta property=\"og:title\" content=\"Pico Omnibus (Dual Expander) \u2022 RaspberryPi.dk\" \/>\n<meta property=\"og:description\" content=\"Hanki kaksinkertainen m\u00e4\u00e4r\u00e4 GPIO-nastaja ja liit\u00e4 kaksi lis\u00e4osaa yhteen Raspberry Pi Pico laajalla Pico Omnibusillamme!\" \/>\n<meta property=\"og:url\" content=\"https:\/\/raspberrypi.dk\/fi\/tuote\/pico-omnibus-dual-expander\/\" \/>\n<meta property=\"og:site_name\" content=\"RaspberryPi.dk\" \/>\n<meta property=\"article:publisher\" content=\"https:\/\/facebook.com\/RaspberryPiDanmark\" \/>\n<meta property=\"article:modified_time\" content=\"2024-04-07T11:56:37+00:00\" \/>\n<meta property=\"og:image\" content=\"https:\/\/raspberrypi.dk\/wp-content\/uploads\/2021\/03\/pico-omnibus-dual-expander.jpg\" \/>\n\t<meta property=\"og:image:width\" content=\"1024\" \/>\n\t<meta property=\"og:image:height\" content=\"1024\" \/>\n\t<meta property=\"og:image:type\" content=\"image\/jpeg\" \/>\n<meta name=\"twitter:card\" content=\"summary_large_image\" \/>\n<meta name=\"twitter:site\" content=\"@raspberrypidk\" \/>\n<meta name=\"twitter:label1\" content=\"Arvioitu lukuaika\" \/>\n\t<meta name=\"twitter:data1\" content=\"2 minuuttia\" \/>\n<script type=\"application\/ld+json\" class=\"yoast-schema-graph\">{\"@context\":\"https:\/\/schema.org\",\"@graph\":[{\"@type\":\"WebPage\",\"@id\":\"https:\/\/raspberrypi.dk\/fi\/tuote\/pico-omnibus-dual-expander\/\",\"url\":\"https:\/\/raspberrypi.dk\/fi\/tuote\/pico-omnibus-dual-expander\/\",\"name\":\"Pico Omnibus (Dual Expander) \u2022 RaspberryPi.dk\",\"isPartOf\":{\"@id\":\"https:\/\/raspberrypi.dk\/fi\/#website\"},\"primaryImageOfPage\":{\"@id\":\"https:\/\/raspberrypi.dk\/fi\/tuote\/pico-omnibus-dual-expander\/#primaryimage\"},\"image\":{\"@id\":\"https:\/\/raspberrypi.dk\/fi\/tuote\/pico-omnibus-dual-expander\/#primaryimage\"},\"thumbnailUrl\":\"https:\/\/raspberrypi.dk\/wp-content\/uploads\/2021\/03\/pico-omnibus-dual-expander.jpg\",\"datePublished\":\"2021-03-08T11:04:28+00:00\",\"dateModified\":\"2024-04-07T11:56:37+00:00\",\"breadcrumb\":{\"@id\":\"https:\/\/raspberrypi.dk\/fi\/tuote\/pico-omnibus-dual-expander\/#breadcrumb\"},\"inLanguage\":\"fi\",\"potentialAction\":[{\"@type\":\"ReadAction\",\"target\":[\"https:\/\/raspberrypi.dk\/fi\/tuote\/pico-omnibus-dual-expander\/\"]}]},{\"@type\":\"ImageObject\",\"inLanguage\":\"fi\",\"@id\":\"https:\/\/raspberrypi.dk\/fi\/tuote\/pico-omnibus-dual-expander\/#primaryimage\",\"url\":\"https:\/\/raspberrypi.dk\/wp-content\/uploads\/2021\/03\/pico-omnibus-dual-expander.jpg\",\"contentUrl\":\"https:\/\/raspberrypi.dk\/wp-content\/uploads\/2021\/03\/pico-omnibus-dual-expander.jpg\",\"width\":1024,\"height\":1024,\"caption\":\"pico omnibus dual expander\"},{\"@type\":\"BreadcrumbList\",\"@id\":\"https:\/\/raspberrypi.dk\/fi\/tuote\/pico-omnibus-dual-expander\/#breadcrumb\",\"itemListElement\":[{\"@type\":\"ListItem\",\"position\":1,\"name\":\"Hjem\",\"item\":\"https:\/\/raspberrypi.dk\/fi\/raspberry-pi-verkkokauppa\/\"},{\"@type\":\"ListItem\",\"position\":2,\"name\":\"Shop\",\"item\":\"https:\/\/raspberrypi.dk\/fi\/shop-2\/\"},{\"@type\":\"ListItem\",\"position\":3,\"name\":\"Pico Omnibus (Dual Expander)\"}]},{\"@type\":\"WebSite\",\"@id\":\"https:\/\/raspberrypi.dk\/fi\/#website\",\"url\":\"https:\/\/raspberrypi.dk\/fi\/\",\"name\":\"RaspberryPi.dk\",\"description\":\"Danmarks f\u00f8rende Raspberry Pi side!\",\"publisher\":{\"@id\":\"https:\/\/raspberrypi.dk\/fi\/#organization\"},\"potentialAction\":[{\"@type\":\"SearchAction\",\"target\":{\"@type\":\"EntryPoint\",\"urlTemplate\":\"https:\/\/raspberrypi.dk\/fi\/?s={search_term_string}\"},\"query-input\":{\"@type\":\"PropertyValueSpecification\",\"valueRequired\":true,\"valueName\":\"search_term_string\"}}],\"inLanguage\":\"fi\"},{\"@type\":\"Organization\",\"@id\":\"https:\/\/raspberrypi.dk\/fi\/#organization\",\"name\":\"RaspberryPi.dk\",\"url\":\"https:\/\/raspberrypi.dk\/fi\/\",\"logo\":{\"@type\":\"ImageObject\",\"inLanguage\":\"fi\",\"@id\":\"https:\/\/raspberrypi.dk\/fi\/#\/schema\/logo\/image\/\",\"url\":\"https:\/\/raspberrypi.dk\/wp-content\/uploads\/2017\/05\/RaspberryPidk_logo-2.png\",\"contentUrl\":\"https:\/\/raspberrypi.dk\/wp-content\/uploads\/2017\/05\/RaspberryPidk_logo-2.png\",\"width\":470,\"height\":110,\"caption\":\"RaspberryPi.dk\"},\"image\":{\"@id\":\"https:\/\/raspberrypi.dk\/fi\/#\/schema\/logo\/image\/\"},\"sameAs\":[\"https:\/\/facebook.com\/RaspberryPiDanmark\",\"https:\/\/x.com\/raspberrypidk\",\"https:\/\/instagram.com\/raspberrypi.dk\"]}]}<\/script>\n<!-- \/ Yoast SEO plugin. -->","yoast_head_json":{"title":"Pico Omnibus (Dual Expander) \u2022 RaspberryPi.dk","robots":{"index":"index","follow":"follow","max-snippet":"max-snippet:-1","max-image-preview":"max-image-preview:large","max-video-preview":"max-video-preview:-1"},"canonical":"https:\/\/raspberrypi.dk\/fi\/tuote\/pico-omnibus-dual-expander\/","og_locale":"fi_FI","og_type":"article","og_title":"Pico Omnibus (Dual Expander) \u2022 RaspberryPi.dk","og_description":"Hanki kaksinkertainen m\u00e4\u00e4r\u00e4 GPIO-nastaja ja liit\u00e4 kaksi lis\u00e4osaa yhteen Raspberry Pi Pico laajalla Pico Omnibusillamme!","og_url":"https:\/\/raspberrypi.dk\/fi\/tuote\/pico-omnibus-dual-expander\/","og_site_name":"RaspberryPi.dk","article_publisher":"https:\/\/facebook.com\/RaspberryPiDanmark","article_modified_time":"2024-04-07T11:56:37+00:00","og_image":[{"width":1024,"height":1024,"url":"https:\/\/raspberrypi.dk\/wp-content\/uploads\/2021\/03\/pico-omnibus-dual-expander.jpg","type":"image\/jpeg"}],"twitter_card":"summary_large_image","twitter_site":"@raspberrypidk","twitter_misc":{"Arvioitu lukuaika":"2 minuuttia"},"schema":{"@context":"https:\/\/schema.org","@graph":[{"@type":"WebPage","@id":"https:\/\/raspberrypi.dk\/fi\/tuote\/pico-omnibus-dual-expander\/","url":"https:\/\/raspberrypi.dk\/fi\/tuote\/pico-omnibus-dual-expander\/","name":"Pico Omnibus (Dual Expander) \u2022 RaspberryPi.dk","isPartOf":{"@id":"https:\/\/raspberrypi.dk\/fi\/#website"},"primaryImageOfPage":{"@id":"https:\/\/raspberrypi.dk\/fi\/tuote\/pico-omnibus-dual-expander\/#primaryimage"},"image":{"@id":"https:\/\/raspberrypi.dk\/fi\/tuote\/pico-omnibus-dual-expander\/#primaryimage"},"thumbnailUrl":"https:\/\/raspberrypi.dk\/wp-content\/uploads\/2021\/03\/pico-omnibus-dual-expander.jpg","datePublished":"2021-03-08T11:04:28+00:00","dateModified":"2024-04-07T11:56:37+00:00","breadcrumb":{"@id":"https:\/\/raspberrypi.dk\/fi\/tuote\/pico-omnibus-dual-expander\/#breadcrumb"},"inLanguage":"fi","potentialAction":[{"@type":"ReadAction","target":["https:\/\/raspberrypi.dk\/fi\/tuote\/pico-omnibus-dual-expander\/"]}]},{"@type":"ImageObject","inLanguage":"fi","@id":"https:\/\/raspberrypi.dk\/fi\/tuote\/pico-omnibus-dual-expander\/#primaryimage","url":"https:\/\/raspberrypi.dk\/wp-content\/uploads\/2021\/03\/pico-omnibus-dual-expander.jpg","contentUrl":"https:\/\/raspberrypi.dk\/wp-content\/uploads\/2021\/03\/pico-omnibus-dual-expander.jpg","width":1024,"height":1024,"caption":"pico omnibus dual expander"},{"@type":"BreadcrumbList","@id":"https:\/\/raspberrypi.dk\/fi\/tuote\/pico-omnibus-dual-expander\/#breadcrumb","itemListElement":[{"@type":"ListItem","position":1,"name":"Hjem","item":"https:\/\/raspberrypi.dk\/fi\/raspberry-pi-verkkokauppa\/"},{"@type":"ListItem","position":2,"name":"Shop","item":"https:\/\/raspberrypi.dk\/fi\/shop-2\/"},{"@type":"ListItem","position":3,"name":"Pico Omnibus (Dual Expander)"}]},{"@type":"WebSite","@id":"https:\/\/raspberrypi.dk\/fi\/#website","url":"https:\/\/raspberrypi.dk\/fi\/","name":"RaspberryPi.dk","description":"Danmarks f\u00f8rende Raspberry Pi side!","publisher":{"@id":"https:\/\/raspberrypi.dk\/fi\/#organization"},"potentialAction":[{"@type":"SearchAction","target":{"@type":"EntryPoint","urlTemplate":"https:\/\/raspberrypi.dk\/fi\/?s={search_term_string}"},"query-input":{"@type":"PropertyValueSpecification","valueRequired":true,"valueName":"search_term_string"}}],"inLanguage":"fi"},{"@type":"Organization","@id":"https:\/\/raspberrypi.dk\/fi\/#organization","name":"RaspberryPi.dk","url":"https:\/\/raspberrypi.dk\/fi\/","logo":{"@type":"ImageObject","inLanguage":"fi","@id":"https:\/\/raspberrypi.dk\/fi\/#\/schema\/logo\/image\/","url":"https:\/\/raspberrypi.dk\/wp-content\/uploads\/2017\/05\/RaspberryPidk_logo-2.png","contentUrl":"https:\/\/raspberrypi.dk\/wp-content\/uploads\/2017\/05\/RaspberryPidk_logo-2.png","width":470,"height":110,"caption":"RaspberryPi.dk"},"image":{"@id":"https:\/\/raspberrypi.dk\/fi\/#\/schema\/logo\/image\/"},"sameAs":["https:\/\/facebook.com\/RaspberryPiDanmark","https:\/\/x.com\/raspberrypidk","https:\/\/instagram.com\/raspberrypi.dk"]}]}},"_links":{"self":[{"href":"https:\/\/raspberrypi.dk\/fi\/wp-json\/wp\/v2\/product\/221121","targetHints":{"allow":["GET"]}}],"collection":[{"href":"https:\/\/raspberrypi.dk\/fi\/wp-json\/wp\/v2\/product"}],"about":[{"href":"https:\/\/raspberrypi.dk\/fi\/wp-json\/wp\/v2\/types\/product"}],"replies":[{"embeddable":true,"href":"https:\/\/raspberrypi.dk\/fi\/wp-json\/wp\/v2\/comments?post=221121"}],"wp:featuredmedia":[{"embeddable":true,"href":"https:\/\/raspberrypi.dk\/fi\/wp-json\/wp\/v2\/media\/221122"}],"wp:attachment":[{"href":"https:\/\/raspberrypi.dk\/fi\/wp-json\/wp\/v2\/media?parent=221121"}],"wp:term":[{"taxonomy":"product_brand","embeddable":true,"href":"https:\/\/raspberrypi.dk\/fi\/wp-json\/wp\/v2\/product_brand?post=221121"},{"taxonomy":"product_cat","embeddable":true,"href":"https:\/\/raspberrypi.dk\/fi\/wp-json\/wp\/v2\/product_cat?post=221121"},{"taxonomy":"product_tag","embeddable":true,"href":"https:\/\/raspberrypi.dk\/fi\/wp-json\/wp\/v2\/product_tag?post=221121"}],"curies":[{"name":"wp","href":"https:\/\/api.w.org\/{rel}","templated":true}]}}