{"id":221189,"date":"2021-01-22T14:52:02","date_gmt":"2021-01-22T13:52:02","guid":{"rendered":"https:\/\/raspberrypi.dk\/produkt\/kotelo-raspberry-pi-compute-module-4-io-levylle\/"},"modified":"2025-06-06T20:18:07","modified_gmt":"2025-06-06T18:18:07","slug":"kotelo-raspberry-pi-compute-module-4-io-levylle","status":"publish","type":"product","link":"https:\/\/raspberrypi.dk\/fi\/tuote\/kotelo-raspberry-pi-compute-module-4-io-levylle\/","title":{"rendered":"Kotelo Raspberry Pi Compute Module 4 IO -levylle"},"content":{"rendered":"<p><strong>Features<\/strong><\/p>\n<ul>\n<li>Specially design for Compute Module 4 IO Board<\/li>\n<li>Make Compute Module 4 IO Board an off the shelf Industrial Computer<\/li>\n<li>One click switch to control system On\/Off<\/li>\n<li>Hardware protection, reliably fix CM4 on the IO board<\/li>\n<li>12V\/60mA low noise fan to reduce temperature of CM4<\/li>\n<li>Official certified 2.4G\/5G WiFi \/Bluetooth antenna installed<\/li>\n<li>Philips CR2032 battery to support RTC<\/li>\n<li>Dimension: 171.5(L) x 109.5(W) x 28.5(H) mm<\/li>\n<li>Weight: 450g<\/li>\n<\/ul>\n<p><strong>Dokumenter<\/strong><\/p>\n<p><a href=\"https:\/\/raspberrypi.dk\/fi\/toute\/wp-content\/uploads\/2021\/01\/Product-Brief-of-CM4-IO-Case-2021-1-4-1.pdf\">Product Brief of CM4 IO Case 2021-1-4<\/a><\/p>\n<p><a href=\"https:\/\/raspberrypi.dk\/fi\/toute\/wp-content\/uploads\/2021\/01\/Assembly-Guide-of-CM4-IO-Case-2021-1-15.pdf\">Assembly Guide of CM4 IO Case 2021-1-15<\/a><\/p>\n<p><a href=\"https:\/\/raspberrypi.dk\/fi\/toute\/wp-content\/uploads\/2021\/01\/Software-Installation-guide-of-CM4-IO-Case-2020-1-6.pdf\">Software Installation guide of CM4 IO Case 2020-1-6<\/a><\/p>\n<p><a href=\"https:\/\/drive.google.com\/drive\/folders\/1Kt--84dLds90yvgvwYcwrOI5lMvByvA2\">Software files<\/a><\/p>\n","protected":false},"excerpt":{"rendered":"<p>Metallikotelo Raspberry Pi CM4IO:lle. Sis\u00e4lt\u00e4\u00e4 on\/off-painikkeen, tuulettimen ja antennin.<\/p>\n","protected":false},"featured_media":221193,"comment_status":"open","ping_status":"closed","template":"","meta":[],"product_brand":[],"product_cat":[729,736],"product_tag":[783],"class_list":{"0":"post-221189","1":"product","2":"type-product","3":"status-publish","4":"has-post-thumbnail","6":"product_cat-teollinen-raspberry-pi-fi","7":"product_cat-raspberry-pi-kotelo","8":"product_tag-cm4-fi","10":"first","11":"outofstock","12":"sale","13":"taxable","14":"shipping-taxable","15":"purchasable","16":"product-type-simple"},"composite_virtual":false,"composite_layout":"","composite_add_to_cart_form_location":"","composite_editable_in_cart":false,"composite_sold_individually_context":"","composite_shop_price_calc":"","composite_components":[],"composite_scenarios":[],"bundled_by":[],"bundle_stock_status":"outofstock","bundle_stock_quantity":0,"bundle_virtual":false,"bundle_layout":"","bundle_add_to_cart_form_location":"","bundle_editable_in_cart":false,"bundle_sold_individually_context":"","bundle_item_grouping":"","bundle_min_size":"","bundle_max_size":"","bundle_price":[],"bundled_items":[],"bundle_sell_ids":[],"yoast_head":"<!-- This site is optimized with the Yoast SEO plugin v27.1.1 - https:\/\/yoast.com\/product\/yoast-seo-wordpress\/ -->\n<title>Kotelo Raspberry Pi Compute Module 4 IO -levylle \u2022 RaspberryPi.dk<\/title>\n<meta name=\"robots\" content=\"index, follow, max-snippet:-1, max-image-preview:large, max-video-preview:-1\" \/>\n<link rel=\"canonical\" href=\"https:\/\/raspberrypi.dk\/fi\/tuote\/kotelo-raspberry-pi-compute-module-4-io-levylle\/\" \/>\n<meta property=\"og:locale\" content=\"fi_FI\" \/>\n<meta property=\"og:type\" content=\"article\" \/>\n<meta property=\"og:title\" content=\"Kotelo Raspberry Pi Compute Module 4 IO -levylle \u2022 RaspberryPi.dk\" \/>\n<meta property=\"og:description\" content=\"Metallikotelo Raspberry Pi CM4IO:lle. Sis\u00e4lt\u00e4\u00e4 on\/off-painikkeen, tuulettimen ja antennin.\" \/>\n<meta property=\"og:url\" content=\"https:\/\/raspberrypi.dk\/fi\/tuote\/kotelo-raspberry-pi-compute-module-4-io-levylle\/\" \/>\n<meta property=\"og:site_name\" content=\"RaspberryPi.dk\" \/>\n<meta property=\"article:publisher\" content=\"https:\/\/facebook.com\/RaspberryPiDanmark\" \/>\n<meta property=\"article:modified_time\" content=\"2025-06-06T18:18:07+00:00\" \/>\n<meta property=\"og:image\" content=\"https:\/\/raspberrypi.dk\/wp-content\/uploads\/2021\/01\/raspberry-pi-compute-module-4-io-board-case.jpg\" \/>\n\t<meta property=\"og:image:width\" content=\"1143\" \/>\n\t<meta property=\"og:image:height\" content=\"881\" \/>\n\t<meta property=\"og:image:type\" content=\"image\/jpeg\" \/>\n<meta name=\"twitter:card\" content=\"summary_large_image\" \/>\n<meta name=\"twitter:site\" content=\"@raspberrypidk\" \/>\n<meta name=\"twitter:label1\" content=\"Arvioitu lukuaika\" \/>\n\t<meta name=\"twitter:data1\" content=\"1 minuutti\" \/>\n<script type=\"application\/ld+json\" class=\"yoast-schema-graph\">{\"@context\":\"https:\/\/schema.org\",\"@graph\":[{\"@type\":\"WebPage\",\"@id\":\"https:\/\/raspberrypi.dk\/fi\/tuote\/kotelo-raspberry-pi-compute-module-4-io-levylle\/\",\"url\":\"https:\/\/raspberrypi.dk\/fi\/tuote\/kotelo-raspberry-pi-compute-module-4-io-levylle\/\",\"name\":\"Kotelo Raspberry Pi Compute Module 4 IO -levylle \u2022 RaspberryPi.dk\",\"isPartOf\":{\"@id\":\"https:\/\/raspberrypi.dk\/fi\/#website\"},\"primaryImageOfPage\":{\"@id\":\"https:\/\/raspberrypi.dk\/fi\/tuote\/kotelo-raspberry-pi-compute-module-4-io-levylle\/#primaryimage\"},\"image\":{\"@id\":\"https:\/\/raspberrypi.dk\/fi\/tuote\/kotelo-raspberry-pi-compute-module-4-io-levylle\/#primaryimage\"},\"thumbnailUrl\":\"https:\/\/raspberrypi.dk\/wp-content\/uploads\/2021\/01\/raspberry-pi-compute-module-4-io-board-case.jpg\",\"datePublished\":\"2021-01-22T13:52:02+00:00\",\"dateModified\":\"2025-06-06T18:18:07+00:00\",\"breadcrumb\":{\"@id\":\"https:\/\/raspberrypi.dk\/fi\/tuote\/kotelo-raspberry-pi-compute-module-4-io-levylle\/#breadcrumb\"},\"inLanguage\":\"fi\",\"potentialAction\":[{\"@type\":\"ReadAction\",\"target\":[\"https:\/\/raspberrypi.dk\/fi\/tuote\/kotelo-raspberry-pi-compute-module-4-io-levylle\/\"]}]},{\"@type\":\"ImageObject\",\"inLanguage\":\"fi\",\"@id\":\"https:\/\/raspberrypi.dk\/fi\/tuote\/kotelo-raspberry-pi-compute-module-4-io-levylle\/#primaryimage\",\"url\":\"https:\/\/raspberrypi.dk\/wp-content\/uploads\/2021\/01\/raspberry-pi-compute-module-4-io-board-case.jpg\",\"contentUrl\":\"https:\/\/raspberrypi.dk\/wp-content\/uploads\/2021\/01\/raspberry-pi-compute-module-4-io-board-case.jpg\",\"width\":1143,\"height\":881,\"caption\":\"raspberry pi compute module 4 io board case - cm4io case\"},{\"@type\":\"BreadcrumbList\",\"@id\":\"https:\/\/raspberrypi.dk\/fi\/tuote\/kotelo-raspberry-pi-compute-module-4-io-levylle\/#breadcrumb\",\"itemListElement\":[{\"@type\":\"ListItem\",\"position\":1,\"name\":\"Hjem\",\"item\":\"https:\/\/raspberrypi.dk\/fi\/raspberry-pi-verkkokauppa\/\"},{\"@type\":\"ListItem\",\"position\":2,\"name\":\"Shop\",\"item\":\"https:\/\/raspberrypi.dk\/fi\/shop-2\/\"},{\"@type\":\"ListItem\",\"position\":3,\"name\":\"Kotelo Raspberry Pi Compute Module 4 IO -levylle\"}]},{\"@type\":\"WebSite\",\"@id\":\"https:\/\/raspberrypi.dk\/fi\/#website\",\"url\":\"https:\/\/raspberrypi.dk\/fi\/\",\"name\":\"RaspberryPi.dk\",\"description\":\"Danmarks f\u00f8rende Raspberry Pi side!\",\"publisher\":{\"@id\":\"https:\/\/raspberrypi.dk\/fi\/#organization\"},\"potentialAction\":[{\"@type\":\"SearchAction\",\"target\":{\"@type\":\"EntryPoint\",\"urlTemplate\":\"https:\/\/raspberrypi.dk\/fi\/?s={search_term_string}\"},\"query-input\":{\"@type\":\"PropertyValueSpecification\",\"valueRequired\":true,\"valueName\":\"search_term_string\"}}],\"inLanguage\":\"fi\"},{\"@type\":\"Organization\",\"@id\":\"https:\/\/raspberrypi.dk\/fi\/#organization\",\"name\":\"RaspberryPi.dk\",\"url\":\"https:\/\/raspberrypi.dk\/fi\/\",\"logo\":{\"@type\":\"ImageObject\",\"inLanguage\":\"fi\",\"@id\":\"https:\/\/raspberrypi.dk\/fi\/#\/schema\/logo\/image\/\",\"url\":\"https:\/\/raspberrypi.dk\/wp-content\/uploads\/2017\/05\/RaspberryPidk_logo-2.png\",\"contentUrl\":\"https:\/\/raspberrypi.dk\/wp-content\/uploads\/2017\/05\/RaspberryPidk_logo-2.png\",\"width\":470,\"height\":110,\"caption\":\"RaspberryPi.dk\"},\"image\":{\"@id\":\"https:\/\/raspberrypi.dk\/fi\/#\/schema\/logo\/image\/\"},\"sameAs\":[\"https:\/\/facebook.com\/RaspberryPiDanmark\",\"https:\/\/x.com\/raspberrypidk\",\"https:\/\/instagram.com\/raspberrypi.dk\"]}]}<\/script>\n<!-- \/ Yoast SEO plugin. -->","yoast_head_json":{"title":"Kotelo Raspberry Pi Compute Module 4 IO -levylle \u2022 RaspberryPi.dk","robots":{"index":"index","follow":"follow","max-snippet":"max-snippet:-1","max-image-preview":"max-image-preview:large","max-video-preview":"max-video-preview:-1"},"canonical":"https:\/\/raspberrypi.dk\/fi\/tuote\/kotelo-raspberry-pi-compute-module-4-io-levylle\/","og_locale":"fi_FI","og_type":"article","og_title":"Kotelo Raspberry Pi Compute Module 4 IO -levylle \u2022 RaspberryPi.dk","og_description":"Metallikotelo Raspberry Pi CM4IO:lle. Sis\u00e4lt\u00e4\u00e4 on\/off-painikkeen, tuulettimen ja antennin.","og_url":"https:\/\/raspberrypi.dk\/fi\/tuote\/kotelo-raspberry-pi-compute-module-4-io-levylle\/","og_site_name":"RaspberryPi.dk","article_publisher":"https:\/\/facebook.com\/RaspberryPiDanmark","article_modified_time":"2025-06-06T18:18:07+00:00","og_image":[{"width":1143,"height":881,"url":"https:\/\/raspberrypi.dk\/wp-content\/uploads\/2021\/01\/raspberry-pi-compute-module-4-io-board-case.jpg","type":"image\/jpeg"}],"twitter_card":"summary_large_image","twitter_site":"@raspberrypidk","twitter_misc":{"Arvioitu lukuaika":"1 minuutti"},"schema":{"@context":"https:\/\/schema.org","@graph":[{"@type":"WebPage","@id":"https:\/\/raspberrypi.dk\/fi\/tuote\/kotelo-raspberry-pi-compute-module-4-io-levylle\/","url":"https:\/\/raspberrypi.dk\/fi\/tuote\/kotelo-raspberry-pi-compute-module-4-io-levylle\/","name":"Kotelo Raspberry Pi Compute Module 4 IO -levylle \u2022 RaspberryPi.dk","isPartOf":{"@id":"https:\/\/raspberrypi.dk\/fi\/#website"},"primaryImageOfPage":{"@id":"https:\/\/raspberrypi.dk\/fi\/tuote\/kotelo-raspberry-pi-compute-module-4-io-levylle\/#primaryimage"},"image":{"@id":"https:\/\/raspberrypi.dk\/fi\/tuote\/kotelo-raspberry-pi-compute-module-4-io-levylle\/#primaryimage"},"thumbnailUrl":"https:\/\/raspberrypi.dk\/wp-content\/uploads\/2021\/01\/raspberry-pi-compute-module-4-io-board-case.jpg","datePublished":"2021-01-22T13:52:02+00:00","dateModified":"2025-06-06T18:18:07+00:00","breadcrumb":{"@id":"https:\/\/raspberrypi.dk\/fi\/tuote\/kotelo-raspberry-pi-compute-module-4-io-levylle\/#breadcrumb"},"inLanguage":"fi","potentialAction":[{"@type":"ReadAction","target":["https:\/\/raspberrypi.dk\/fi\/tuote\/kotelo-raspberry-pi-compute-module-4-io-levylle\/"]}]},{"@type":"ImageObject","inLanguage":"fi","@id":"https:\/\/raspberrypi.dk\/fi\/tuote\/kotelo-raspberry-pi-compute-module-4-io-levylle\/#primaryimage","url":"https:\/\/raspberrypi.dk\/wp-content\/uploads\/2021\/01\/raspberry-pi-compute-module-4-io-board-case.jpg","contentUrl":"https:\/\/raspberrypi.dk\/wp-content\/uploads\/2021\/01\/raspberry-pi-compute-module-4-io-board-case.jpg","width":1143,"height":881,"caption":"raspberry pi compute module 4 io board case - cm4io case"},{"@type":"BreadcrumbList","@id":"https:\/\/raspberrypi.dk\/fi\/tuote\/kotelo-raspberry-pi-compute-module-4-io-levylle\/#breadcrumb","itemListElement":[{"@type":"ListItem","position":1,"name":"Hjem","item":"https:\/\/raspberrypi.dk\/fi\/raspberry-pi-verkkokauppa\/"},{"@type":"ListItem","position":2,"name":"Shop","item":"https:\/\/raspberrypi.dk\/fi\/shop-2\/"},{"@type":"ListItem","position":3,"name":"Kotelo Raspberry Pi Compute Module 4 IO -levylle"}]},{"@type":"WebSite","@id":"https:\/\/raspberrypi.dk\/fi\/#website","url":"https:\/\/raspberrypi.dk\/fi\/","name":"RaspberryPi.dk","description":"Danmarks f\u00f8rende Raspberry Pi side!","publisher":{"@id":"https:\/\/raspberrypi.dk\/fi\/#organization"},"potentialAction":[{"@type":"SearchAction","target":{"@type":"EntryPoint","urlTemplate":"https:\/\/raspberrypi.dk\/fi\/?s={search_term_string}"},"query-input":{"@type":"PropertyValueSpecification","valueRequired":true,"valueName":"search_term_string"}}],"inLanguage":"fi"},{"@type":"Organization","@id":"https:\/\/raspberrypi.dk\/fi\/#organization","name":"RaspberryPi.dk","url":"https:\/\/raspberrypi.dk\/fi\/","logo":{"@type":"ImageObject","inLanguage":"fi","@id":"https:\/\/raspberrypi.dk\/fi\/#\/schema\/logo\/image\/","url":"https:\/\/raspberrypi.dk\/wp-content\/uploads\/2017\/05\/RaspberryPidk_logo-2.png","contentUrl":"https:\/\/raspberrypi.dk\/wp-content\/uploads\/2017\/05\/RaspberryPidk_logo-2.png","width":470,"height":110,"caption":"RaspberryPi.dk"},"image":{"@id":"https:\/\/raspberrypi.dk\/fi\/#\/schema\/logo\/image\/"},"sameAs":["https:\/\/facebook.com\/RaspberryPiDanmark","https:\/\/x.com\/raspberrypidk","https:\/\/instagram.com\/raspberrypi.dk"]}]}},"_links":{"self":[{"href":"https:\/\/raspberrypi.dk\/fi\/wp-json\/wp\/v2\/product\/221189","targetHints":{"allow":["GET"]}}],"collection":[{"href":"https:\/\/raspberrypi.dk\/fi\/wp-json\/wp\/v2\/product"}],"about":[{"href":"https:\/\/raspberrypi.dk\/fi\/wp-json\/wp\/v2\/types\/product"}],"replies":[{"embeddable":true,"href":"https:\/\/raspberrypi.dk\/fi\/wp-json\/wp\/v2\/comments?post=221189"}],"wp:featuredmedia":[{"embeddable":true,"href":"https:\/\/raspberrypi.dk\/fi\/wp-json\/wp\/v2\/media\/221193"}],"wp:attachment":[{"href":"https:\/\/raspberrypi.dk\/fi\/wp-json\/wp\/v2\/media?parent=221189"}],"wp:term":[{"taxonomy":"product_brand","embeddable":true,"href":"https:\/\/raspberrypi.dk\/fi\/wp-json\/wp\/v2\/product_brand?post=221189"},{"taxonomy":"product_cat","embeddable":true,"href":"https:\/\/raspberrypi.dk\/fi\/wp-json\/wp\/v2\/product_cat?post=221189"},{"taxonomy":"product_tag","embeddable":true,"href":"https:\/\/raspberrypi.dk\/fi\/wp-json\/wp\/v2\/product_tag?post=221189"}],"curies":[{"name":"wp","href":"https:\/\/api.w.org\/{rel}","templated":true}]}}