{"id":221212,"date":"2021-01-18T13:40:36","date_gmt":"2021-01-18T12:40:36","guid":{"rendered":"https:\/\/raspberrypi.dk\/produkt\/elektronik-basis-kit-komponenttien-kanssa\/"},"modified":"2025-11-13T17:41:40","modified_gmt":"2025-11-13T16:41:40","slug":"elektronik-basis-kit-komponenttien-kanssa","status":"publish","type":"product","link":"https:\/\/raspberrypi.dk\/fi\/tuote\/elektronik-basis-kit-komponenttien-kanssa\/","title":{"rendered":"Elektroniikan perussarja komponenttien kanssa"},"content":{"rendered":"<p><strong>Power Supply Module:<\/strong><\/p>\n<p>Brand new &amp; high quality<br \/>\nBreadboard power supply module, compatible with 5 V, 3.3 V<br \/>\nApply to MB102 breadboard<br \/>\nInput voltage: 6.5-12 V (DC) or USB power supply<br \/>\nOutput voltage: 3.3V\/5V can switch over<br \/>\nMaximum output current: &lt;700 ma<br \/>\nFluctuation two road independent control, can switch over to 0 V, 3.3 V, 5 V<br \/>\nOn-board two groups of 3.3V, 5V DC output plug pin, convenient external lead use.<br \/>\nSize: 5.3*3.2*2.5cm<br \/>\nWeight: 12g<\/p>\n<p><strong>Sis\u00e4lt\u00e4\u00e4<\/strong>:<\/p>\n<p>1 x Power Supply Module<br \/>\n1 x 400 Holes Breadboard<br \/>\n1 x Small Resistor Card<br \/>\n1 x 90 Degrees 40 Pin Header<br \/>\n1 x 40 Pin Header<br \/>\n1 x 9V Battery Connection<br \/>\n1 x 65 Jumper Wire<br \/>\n1 x Active Buzzer<br \/>\n1 x Passive Buzzer<br \/>\n1 x Relay<br \/>\n3 x 10k Adjustable Potentiometer<br \/>\n3 x 10k Potentiometer<br \/>\n1 x 10k Adjustable Potentiometer<br \/>\n5 x 100uf Electrolytic Capacitor<br \/>\n5 x 100nf Metal Capacitor<br \/>\n5 x 100pf Ceramic Capacitor<br \/>\n5 x 47uf Electrolytic Capacitor<br \/>\n5 x 22uf Electrolytic Capacitor<br \/>\n5 x 330up Electrolytic Capacitor<br \/>\n5 x 100pf Monolithic Capacitor<br \/>\n10 x 1N4007 Diode<br \/>\n10 x Resistor(100\u03a9)<br \/>\n10 x Resistor(220\u03a9)<br \/>\n10 x Resistor(330\u03a9)<br \/>\n10 x Resistor(560\u03a9)<br \/>\n10 x Resistor(1k)<br \/>\n10 x Resistor(2k)<br \/>\n10 x Resistor(4.7k)<br \/>\n10 x Resistor(10k)<br \/>\n10 x Resistor(20k)<br \/>\n10 x Resistor(51k)<br \/>\n10 x Resistor(1M)<br \/>\n10 x Resistor(10M)<br \/>\n5 x Photosensitive resistor<br \/>\n5 x PNP Transistor (8550)<br \/>\n5 x NPN Transistor (8050)<br \/>\n2 x IRF520<br \/>\n2 x RGB LED<br \/>\n8 x Big Key<br \/>\n2 x Read Header Cap<br \/>\n2 x Blue Header Cap<br \/>\n2 x Green Header Cap<br \/>\n2 x Black Header Cap<br \/>\n10 x White LED<br \/>\n10 x Red LED<br \/>\n10 x Green LED<br \/>\n10 x Orange LED<br \/>\n10 x Blue LED<br \/>\n1 x 20pin Female-to-male Dupont Wire<br \/>\n1 x Project Box<\/p>\n","protected":false},"excerpt":{"rendered":"<p>DIY elektronik basis starter kit breadboard, jumpperikaapelit, vastukset, summeri ja paljon muuta.<\/p>\n","protected":false},"featured_media":221216,"comment_status":"open","ping_status":"closed","template":"","meta":[],"product_brand":[],"product_cat":[735,749,732,739],"product_tag":[719,718],"class_list":{"0":"post-221212","1":"product","2":"type-product","3":"status-publish","4":"has-post-thumbnail","6":"product_cat-aloituspaketit-ja-sarjat","7":"product_cat-raspberry-pi-pico-ja-tarvikkeet","8":"product_cat-hats-gpio","9":"product_cat-kaapelit-ja-sovittimet","10":"product_tag-rpi4-fi","11":"product_tag-rpi5-fi","13":"first","14":"outofstock","15":"taxable","16":"shipping-taxable","17":"purchasable","18":"product-type-simple"},"composite_virtual":false,"composite_layout":"","composite_add_to_cart_form_location":"","composite_editable_in_cart":false,"composite_sold_individually_context":"","composite_shop_price_calc":"","composite_components":[],"composite_scenarios":[],"bundled_by":[],"bundle_stock_status":"outofstock","bundle_stock_quantity":0,"bundle_virtual":false,"bundle_layout":"","bundle_add_to_cart_form_location":"","bundle_editable_in_cart":false,"bundle_sold_individually_context":"","bundle_item_grouping":"","bundle_min_size":"","bundle_max_size":"","bundle_price":[],"bundled_items":[],"bundle_sell_ids":[],"yoast_head":"<!-- This site is optimized with the Yoast SEO plugin v27.1.1 - https:\/\/yoast.com\/product\/yoast-seo-wordpress\/ -->\n<title>Elektroniikan perussarja komponenttien kanssa \u2022 RaspberryPi.dk<\/title>\n<meta name=\"robots\" content=\"index, follow, max-snippet:-1, max-image-preview:large, max-video-preview:-1\" \/>\n<link rel=\"canonical\" href=\"https:\/\/raspberrypi.dk\/fi\/tuote\/elektronik-basis-kit-komponenttien-kanssa\/\" \/>\n<meta property=\"og:locale\" content=\"fi_FI\" \/>\n<meta property=\"og:type\" content=\"article\" \/>\n<meta property=\"og:title\" content=\"Elektroniikan perussarja komponenttien kanssa \u2022 RaspberryPi.dk\" \/>\n<meta property=\"og:description\" content=\"DIY elektronik basis starter kit breadboard, jumpperikaapelit, vastukset, summeri ja paljon muuta.\" \/>\n<meta property=\"og:url\" content=\"https:\/\/raspberrypi.dk\/fi\/tuote\/elektronik-basis-kit-komponenttien-kanssa\/\" \/>\n<meta property=\"og:site_name\" content=\"RaspberryPi.dk\" \/>\n<meta property=\"article:publisher\" content=\"https:\/\/facebook.com\/RaspberryPiDanmark\" \/>\n<meta property=\"article:modified_time\" content=\"2025-11-13T16:41:40+00:00\" \/>\n<meta property=\"og:image\" content=\"https:\/\/raspberrypi.dk\/wp-content\/uploads\/2021\/01\/elektronik-start-kit-komponenter.png\" \/>\n\t<meta property=\"og:image:width\" content=\"726\" \/>\n\t<meta property=\"og:image:height\" content=\"706\" \/>\n\t<meta property=\"og:image:type\" content=\"image\/png\" \/>\n<meta name=\"twitter:card\" content=\"summary_large_image\" \/>\n<meta name=\"twitter:site\" content=\"@raspberrypidk\" \/>\n<meta name=\"twitter:label1\" content=\"Arvioitu lukuaika\" \/>\n\t<meta name=\"twitter:data1\" content=\"2 minuuttia\" \/>\n<script type=\"application\/ld+json\" class=\"yoast-schema-graph\">{\"@context\":\"https:\/\/schema.org\",\"@graph\":[{\"@type\":\"WebPage\",\"@id\":\"https:\/\/raspberrypi.dk\/fi\/tuote\/elektronik-basis-kit-komponenttien-kanssa\/\",\"url\":\"https:\/\/raspberrypi.dk\/fi\/tuote\/elektronik-basis-kit-komponenttien-kanssa\/\",\"name\":\"Elektroniikan perussarja komponenttien kanssa \u2022 RaspberryPi.dk\",\"isPartOf\":{\"@id\":\"https:\/\/raspberrypi.dk\/fi\/#website\"},\"primaryImageOfPage\":{\"@id\":\"https:\/\/raspberrypi.dk\/fi\/tuote\/elektronik-basis-kit-komponenttien-kanssa\/#primaryimage\"},\"image\":{\"@id\":\"https:\/\/raspberrypi.dk\/fi\/tuote\/elektronik-basis-kit-komponenttien-kanssa\/#primaryimage\"},\"thumbnailUrl\":\"https:\/\/raspberrypi.dk\/wp-content\/uploads\/2021\/01\/elektronik-start-kit-komponenter.png\",\"datePublished\":\"2021-01-18T12:40:36+00:00\",\"dateModified\":\"2025-11-13T16:41:40+00:00\",\"breadcrumb\":{\"@id\":\"https:\/\/raspberrypi.dk\/fi\/tuote\/elektronik-basis-kit-komponenttien-kanssa\/#breadcrumb\"},\"inLanguage\":\"fi\",\"potentialAction\":[{\"@type\":\"ReadAction\",\"target\":[\"https:\/\/raspberrypi.dk\/fi\/tuote\/elektronik-basis-kit-komponenttien-kanssa\/\"]}]},{\"@type\":\"ImageObject\",\"inLanguage\":\"fi\",\"@id\":\"https:\/\/raspberrypi.dk\/fi\/tuote\/elektronik-basis-kit-komponenttien-kanssa\/#primaryimage\",\"url\":\"https:\/\/raspberrypi.dk\/wp-content\/uploads\/2021\/01\/elektronik-start-kit-komponenter.png\",\"contentUrl\":\"https:\/\/raspberrypi.dk\/wp-content\/uploads\/2021\/01\/elektronik-start-kit-komponenter.png\",\"width\":726,\"height\":706,\"caption\":\"raspberry pi elektronik komponenter kit\"},{\"@type\":\"BreadcrumbList\",\"@id\":\"https:\/\/raspberrypi.dk\/fi\/tuote\/elektronik-basis-kit-komponenttien-kanssa\/#breadcrumb\",\"itemListElement\":[{\"@type\":\"ListItem\",\"position\":1,\"name\":\"Hjem\",\"item\":\"https:\/\/raspberrypi.dk\/fi\/raspberry-pi-verkkokauppa\/\"},{\"@type\":\"ListItem\",\"position\":2,\"name\":\"Shop\",\"item\":\"https:\/\/raspberrypi.dk\/fi\/shop-2\/\"},{\"@type\":\"ListItem\",\"position\":3,\"name\":\"Elektroniikan perussarja komponenttien kanssa\"}]},{\"@type\":\"WebSite\",\"@id\":\"https:\/\/raspberrypi.dk\/fi\/#website\",\"url\":\"https:\/\/raspberrypi.dk\/fi\/\",\"name\":\"RaspberryPi.dk\",\"description\":\"Danmarks f\u00f8rende Raspberry Pi side!\",\"publisher\":{\"@id\":\"https:\/\/raspberrypi.dk\/fi\/#organization\"},\"potentialAction\":[{\"@type\":\"SearchAction\",\"target\":{\"@type\":\"EntryPoint\",\"urlTemplate\":\"https:\/\/raspberrypi.dk\/fi\/?s={search_term_string}\"},\"query-input\":{\"@type\":\"PropertyValueSpecification\",\"valueRequired\":true,\"valueName\":\"search_term_string\"}}],\"inLanguage\":\"fi\"},{\"@type\":\"Organization\",\"@id\":\"https:\/\/raspberrypi.dk\/fi\/#organization\",\"name\":\"RaspberryPi.dk\",\"url\":\"https:\/\/raspberrypi.dk\/fi\/\",\"logo\":{\"@type\":\"ImageObject\",\"inLanguage\":\"fi\",\"@id\":\"https:\/\/raspberrypi.dk\/fi\/#\/schema\/logo\/image\/\",\"url\":\"https:\/\/raspberrypi.dk\/wp-content\/uploads\/2017\/05\/RaspberryPidk_logo-2.png\",\"contentUrl\":\"https:\/\/raspberrypi.dk\/wp-content\/uploads\/2017\/05\/RaspberryPidk_logo-2.png\",\"width\":470,\"height\":110,\"caption\":\"RaspberryPi.dk\"},\"image\":{\"@id\":\"https:\/\/raspberrypi.dk\/fi\/#\/schema\/logo\/image\/\"},\"sameAs\":[\"https:\/\/facebook.com\/RaspberryPiDanmark\",\"https:\/\/x.com\/raspberrypidk\",\"https:\/\/instagram.com\/raspberrypi.dk\"]}]}<\/script>\n<!-- \/ Yoast SEO plugin. -->","yoast_head_json":{"title":"Elektroniikan perussarja komponenttien kanssa \u2022 RaspberryPi.dk","robots":{"index":"index","follow":"follow","max-snippet":"max-snippet:-1","max-image-preview":"max-image-preview:large","max-video-preview":"max-video-preview:-1"},"canonical":"https:\/\/raspberrypi.dk\/fi\/tuote\/elektronik-basis-kit-komponenttien-kanssa\/","og_locale":"fi_FI","og_type":"article","og_title":"Elektroniikan perussarja komponenttien kanssa \u2022 RaspberryPi.dk","og_description":"DIY elektronik basis starter kit breadboard, jumpperikaapelit, vastukset, summeri ja paljon muuta.","og_url":"https:\/\/raspberrypi.dk\/fi\/tuote\/elektronik-basis-kit-komponenttien-kanssa\/","og_site_name":"RaspberryPi.dk","article_publisher":"https:\/\/facebook.com\/RaspberryPiDanmark","article_modified_time":"2025-11-13T16:41:40+00:00","og_image":[{"width":726,"height":706,"url":"https:\/\/raspberrypi.dk\/wp-content\/uploads\/2021\/01\/elektronik-start-kit-komponenter.png","type":"image\/png"}],"twitter_card":"summary_large_image","twitter_site":"@raspberrypidk","twitter_misc":{"Arvioitu lukuaika":"2 minuuttia"},"schema":{"@context":"https:\/\/schema.org","@graph":[{"@type":"WebPage","@id":"https:\/\/raspberrypi.dk\/fi\/tuote\/elektronik-basis-kit-komponenttien-kanssa\/","url":"https:\/\/raspberrypi.dk\/fi\/tuote\/elektronik-basis-kit-komponenttien-kanssa\/","name":"Elektroniikan perussarja komponenttien kanssa \u2022 RaspberryPi.dk","isPartOf":{"@id":"https:\/\/raspberrypi.dk\/fi\/#website"},"primaryImageOfPage":{"@id":"https:\/\/raspberrypi.dk\/fi\/tuote\/elektronik-basis-kit-komponenttien-kanssa\/#primaryimage"},"image":{"@id":"https:\/\/raspberrypi.dk\/fi\/tuote\/elektronik-basis-kit-komponenttien-kanssa\/#primaryimage"},"thumbnailUrl":"https:\/\/raspberrypi.dk\/wp-content\/uploads\/2021\/01\/elektronik-start-kit-komponenter.png","datePublished":"2021-01-18T12:40:36+00:00","dateModified":"2025-11-13T16:41:40+00:00","breadcrumb":{"@id":"https:\/\/raspberrypi.dk\/fi\/tuote\/elektronik-basis-kit-komponenttien-kanssa\/#breadcrumb"},"inLanguage":"fi","potentialAction":[{"@type":"ReadAction","target":["https:\/\/raspberrypi.dk\/fi\/tuote\/elektronik-basis-kit-komponenttien-kanssa\/"]}]},{"@type":"ImageObject","inLanguage":"fi","@id":"https:\/\/raspberrypi.dk\/fi\/tuote\/elektronik-basis-kit-komponenttien-kanssa\/#primaryimage","url":"https:\/\/raspberrypi.dk\/wp-content\/uploads\/2021\/01\/elektronik-start-kit-komponenter.png","contentUrl":"https:\/\/raspberrypi.dk\/wp-content\/uploads\/2021\/01\/elektronik-start-kit-komponenter.png","width":726,"height":706,"caption":"raspberry pi elektronik komponenter kit"},{"@type":"BreadcrumbList","@id":"https:\/\/raspberrypi.dk\/fi\/tuote\/elektronik-basis-kit-komponenttien-kanssa\/#breadcrumb","itemListElement":[{"@type":"ListItem","position":1,"name":"Hjem","item":"https:\/\/raspberrypi.dk\/fi\/raspberry-pi-verkkokauppa\/"},{"@type":"ListItem","position":2,"name":"Shop","item":"https:\/\/raspberrypi.dk\/fi\/shop-2\/"},{"@type":"ListItem","position":3,"name":"Elektroniikan perussarja komponenttien kanssa"}]},{"@type":"WebSite","@id":"https:\/\/raspberrypi.dk\/fi\/#website","url":"https:\/\/raspberrypi.dk\/fi\/","name":"RaspberryPi.dk","description":"Danmarks f\u00f8rende Raspberry Pi side!","publisher":{"@id":"https:\/\/raspberrypi.dk\/fi\/#organization"},"potentialAction":[{"@type":"SearchAction","target":{"@type":"EntryPoint","urlTemplate":"https:\/\/raspberrypi.dk\/fi\/?s={search_term_string}"},"query-input":{"@type":"PropertyValueSpecification","valueRequired":true,"valueName":"search_term_string"}}],"inLanguage":"fi"},{"@type":"Organization","@id":"https:\/\/raspberrypi.dk\/fi\/#organization","name":"RaspberryPi.dk","url":"https:\/\/raspberrypi.dk\/fi\/","logo":{"@type":"ImageObject","inLanguage":"fi","@id":"https:\/\/raspberrypi.dk\/fi\/#\/schema\/logo\/image\/","url":"https:\/\/raspberrypi.dk\/wp-content\/uploads\/2017\/05\/RaspberryPidk_logo-2.png","contentUrl":"https:\/\/raspberrypi.dk\/wp-content\/uploads\/2017\/05\/RaspberryPidk_logo-2.png","width":470,"height":110,"caption":"RaspberryPi.dk"},"image":{"@id":"https:\/\/raspberrypi.dk\/fi\/#\/schema\/logo\/image\/"},"sameAs":["https:\/\/facebook.com\/RaspberryPiDanmark","https:\/\/x.com\/raspberrypidk","https:\/\/instagram.com\/raspberrypi.dk"]}]}},"_links":{"self":[{"href":"https:\/\/raspberrypi.dk\/fi\/wp-json\/wp\/v2\/product\/221212","targetHints":{"allow":["GET"]}}],"collection":[{"href":"https:\/\/raspberrypi.dk\/fi\/wp-json\/wp\/v2\/product"}],"about":[{"href":"https:\/\/raspberrypi.dk\/fi\/wp-json\/wp\/v2\/types\/product"}],"replies":[{"embeddable":true,"href":"https:\/\/raspberrypi.dk\/fi\/wp-json\/wp\/v2\/comments?post=221212"}],"wp:featuredmedia":[{"embeddable":true,"href":"https:\/\/raspberrypi.dk\/fi\/wp-json\/wp\/v2\/media\/221216"}],"wp:attachment":[{"href":"https:\/\/raspberrypi.dk\/fi\/wp-json\/wp\/v2\/media?parent=221212"}],"wp:term":[{"taxonomy":"product_brand","embeddable":true,"href":"https:\/\/raspberrypi.dk\/fi\/wp-json\/wp\/v2\/product_brand?post=221212"},{"taxonomy":"product_cat","embeddable":true,"href":"https:\/\/raspberrypi.dk\/fi\/wp-json\/wp\/v2\/product_cat?post=221212"},{"taxonomy":"product_tag","embeddable":true,"href":"https:\/\/raspberrypi.dk\/fi\/wp-json\/wp\/v2\/product_tag?post=221212"}],"curies":[{"name":"wp","href":"https:\/\/api.w.org\/{rel}","templated":true}]}}