{"id":221274,"date":"2020-10-28T14:14:23","date_gmt":"2020-10-28T13:14:23","guid":{"rendered":"https:\/\/raspberrypi.dk\/produkt\/automation-hat-mini\/"},"modified":"2026-01-26T17:12:26","modified_gmt":"2026-01-26T16:12:26","slug":"automation-hat-mini","status":"publish","type":"product","link":"https:\/\/raspberrypi.dk\/fi\/tuote\/automation-hat-mini\/","title":{"rendered":"Automation HAT Mini"},"content":{"rendered":"<p>\u00c4l\u00e4 anna sen koon pett\u00e4\u00e4. Automation HAT Mini sis\u00e4lt\u00e4\u00e4 paljon toimintoja. Siin\u00e4 on rele, kolme puskuroitua tuloa, kolme l\u00e4ht\u00f6\u00e4 ja kolme analogista tuloa, jotka kaikki kest\u00e4v\u00e4t 24 V. Viimeisen\u00e4 mutta ei v\u00e4h\u00e4isimp\u00e4n\u00e4, siin\u00e4 on kaunis 0,96 tuuman IPS LCD-n\u00e4ytt\u00f6, joka n\u00e4ytt\u00e4\u00e4 j\u00e4rjestelmien tilan.<\/p>\n<p>Automaatio HAT Mini on t\u00e4ydellinen kodin automaatioprojekteihin, ja se tarjoaa kasvihuoneisiisi \u00e4lykk\u00e4\u00e4t sprinklerit, kalan ruokinnan ajoitukseen tai pienj\u00e4nnitevalaistusj\u00e4rjestelmien ohjaamiseen.<\/p>\n<p><strong>Toiminnot<\/strong><\/p>\n<ul>\n<li>0,96&#8243; v\u00e4rillinen LCD (160&#215;80)<\/li>\n<li>1 x 24V @ 2A rele (NC- ja NO-liittimet)<\/li>\n<li>3 x 12-bittinen ADC @ 0-24V (ADS1015) (\u00b1 2 % tarkkuus)<\/li>\n<li>3 x 24V tolerantti puskurituloa<\/li>\n<li>3 x 24V siet\u00e4v\u00e4 uppoamisl\u00e4ht\u00f6<\/li>\n<li>3,5 mm ruuviliittimet<\/li>\n<li>Pimoroni Breakout -yhteensopiva nastan otsikko<\/li>\n<li>Mini HAT-muotoinen p\u00f6yt\u00e4<\/li>\n<li>T\u00e4ysin koottu (ei vaadi juottamista)<\/li>\n<li>Yhteensopiva kaikkien 40-nastaisten Raspberry Pi -mallien kanssa<\/li>\n<li><a href=\"https:\/\/github.com\/pimoroni\/automation-hat\">Python-bibliotek<\/a><\/li>\n<li>Mitat:\u00a065x30x16,8mm<\/li>\n<\/ul>\n<p><strong>Automatisoi maailmasi!<\/strong><br \/>\nKaikki Automation HAT Mini tulot ja l\u00e4hd\u00f6t sek\u00e4 rele ovat 24 V:n kest\u00e4vi\u00e4, ja monet kodinkoneiden (ja my\u00f6s autojen) pienj\u00e4nnitej\u00e4rjestelm\u00e4t toimivat joko 12 V:lla tai 24 V:lla. Automation HAT Mini on loistava tapa valvoa ja ohjata niit\u00e4.<\/p>\n<p>K\u00e4yt\u00e4 puskuroituja tuloja laitteidesi on\/off-tilan havaitsemiseen tai tarkenna analogisia tuloja, jotka mittaavat tuloj\u00e4nnitett\u00e4 12-bitin tarkkuudella. Uppoavat ulostulot voivat upottaa yhteens\u00e4 500 mA kolmen kanavan yli. Suuremmille virtakuormituksille voit k\u00e4ytt\u00e4\u00e4 relett\u00e4, joka kest\u00e4\u00e4 jopa 2A 24 V j\u00e4nnitteell\u00e4 ja hy\u00f6dynt\u00e4\u00e4 normaalisti auki olevia tai normaalisti suljettuja puolia oikean vikasietotilan aikaansaamiseksi.<\/p>\n<p>Laudan alapuolelle on lis\u00e4tty naaraspuolinen otsikko oikealla nastalla Pimoroni Breakout -sarjalle. T\u00e4m\u00e4 avaa joukon upeita mahdollisuuksia! Lis\u00e4\u00e4 I2C Breakout Extender otsikkoon, niin p\u00e4\u00e4set helposti johonkin Breakout Extenderiin. Ei vaadi juottamista! K\u00e4yt\u00e4 LTR-559 valo- ja l\u00e4heisyysanturia kytke\u00e4ksesi laitteen p\u00e4\u00e4lle automaattisesti, kun tulee valoa tai pime\u00e4\u00e4, tai BME280 l\u00e4mp\u00f6tila-, paine- ja kosteusanturia aktivoimaan tietyn l\u00e4mp\u00f6tilan tai kosteuden kynnysarvon.<\/p>\n<p>Ohjelmisto<br \/>\nKuten tavallista, eritt\u00e4in yksinkertainen <a href=\"https:\/\/github.com\/pimoroni\/automation-hat\">Python-kirjasto<\/a> on luotu hy\u00f6dynt\u00e4m\u00e4\u00e4n kaikkia Automation HAT Minin ominaisuuksia ja esimerkkej\u00e4, joiden avulla p\u00e4\u00e4set alkuun.<\/p>\n<p>Lis\u00e4tty tuki 0,96 tuuman LCD-n\u00e4yt\u00f6lle <a href=\"https:\/\/github.com\/pimoroni\/automation-hat\">Automation HAT -kirjastoon,<\/a> joten kun suoritat asennusohjelman, kaikki tarvitsemasi on m\u00e4\u00e4ritetty ja asennettu.<\/p>\n<p>Esimerkit osoittavat, kuinka voit k\u00e4ytt\u00e4\u00e4 kaikkia Automation HAT Minin eri toimintoja ja kuinka n\u00e4ytt\u00e4\u00e4 niiden tila LCD-n\u00e4yt\u00f6ss\u00e4. <a href=\"https:\/\/learn.pimoroni.com\/tutorial\/sandyj\/getting-started-with-automation-hat-and-phat\">Katso lis\u00e4tietoja aloitusoppaasta!<\/a><\/p>\n<p><strong>Bem\u00e6rkninger<\/strong><\/p>\n<ul>\n<li>L\u00e4ht\u00f6jen kuormitukset on kytkett\u00e4v\u00e4 maan puolelle, ts. 12 \/ 24 V (sy\u00f6t\u00f6st\u00e4) -&gt; kuorma -&gt; l\u00e4ht\u00f6liitin -&gt; maadoitus (sy\u00f6t\u00f6st\u00e4)<\/li>\n<li>Rele kest\u00e4\u00e4 jopa 2A kukin ja se on kytkett\u00e4v\u00e4 p\u00e4\u00e4lle yl\u00e4puolelta<\/li>\n<li>Uppoavat ulostulot voivat upottaa yhteens\u00e4 enint\u00e4\u00e4n 500 mA kolmen l\u00e4hd\u00f6n kautta, joten jos k\u00e4yt\u00e4t yht\u00e4 kanavaa, voit upottaa sen yli 500 mA.<\/li>\n<li>ADC:n tarkkuus on \u00b1 2 %.<\/li>\n<li>\u00c4l\u00e4 k\u00e4yt\u00e4 verkkoj\u00e4nnitteen vaihtamiseen!<\/li>\n<\/ul>\n","protected":false},"excerpt":{"rendered":"<p>Automatisoi maailmasi Automation HAT Minill\u00e4! Tarkkaile ja ohjaa jopa 24 V j\u00e4rjestelmi\u00e4 ja n\u00e4e niiden tila kauniilla v\u00e4rin\u00e4yt\u00f6ll\u00e4.<\/p>\n","protected":false},"featured_media":221278,"comment_status":"open","ping_status":"closed","template":"","meta":[],"product_brand":[],"product_cat":[750,732],"product_tag":[719,718],"class_list":{"0":"post-221274","1":"product","2":"type-product","3":"status-publish","4":"has-post-thumbnail","6":"product_cat-raspberry-pi-zero-ja-tarvikkeet","7":"product_cat-hats-gpio","8":"product_tag-rpi4-fi","9":"product_tag-rpi5-fi","11":"first","12":"instock","13":"taxable","14":"shipping-taxable","15":"purchasable","16":"product-type-simple"},"composite_virtual":false,"composite_layout":"","composite_add_to_cart_form_location":"","composite_editable_in_cart":false,"composite_sold_individually_context":"","composite_shop_price_calc":"","composite_components":[],"composite_scenarios":[],"bundled_by":[],"bundle_stock_status":"instock","bundle_stock_quantity":5,"bundle_virtual":false,"bundle_layout":"","bundle_add_to_cart_form_location":"","bundle_editable_in_cart":false,"bundle_sold_individually_context":"","bundle_item_grouping":"","bundle_min_size":"","bundle_max_size":"","bundle_price":[],"bundled_items":[],"bundle_sell_ids":[],"yoast_head":"<!-- This site is optimized with the Yoast SEO plugin v27.1.1 - https:\/\/yoast.com\/product\/yoast-seo-wordpress\/ -->\n<title>Automation HAT Mini \u2022 RaspberryPi.dk<\/title>\n<meta name=\"robots\" content=\"index, follow, max-snippet:-1, max-image-preview:large, max-video-preview:-1\" \/>\n<link rel=\"canonical\" href=\"https:\/\/raspberrypi.dk\/fi\/tuote\/automation-hat-mini\/\" \/>\n<meta property=\"og:locale\" content=\"fi_FI\" \/>\n<meta property=\"og:type\" content=\"article\" \/>\n<meta property=\"og:title\" content=\"Automation HAT Mini \u2022 RaspberryPi.dk\" \/>\n<meta property=\"og:description\" content=\"Automatisoi maailmasi Automation HAT Minill\u00e4! Tarkkaile ja ohjaa jopa 24 V j\u00e4rjestelmi\u00e4 ja n\u00e4e niiden tila kauniilla v\u00e4rin\u00e4yt\u00f6ll\u00e4.\" \/>\n<meta property=\"og:url\" content=\"https:\/\/raspberrypi.dk\/fi\/tuote\/automation-hat-mini\/\" \/>\n<meta property=\"og:site_name\" content=\"RaspberryPi.dk\" \/>\n<meta property=\"article:publisher\" content=\"https:\/\/facebook.com\/RaspberryPiDanmark\" \/>\n<meta property=\"article:modified_time\" content=\"2026-01-26T16:12:26+00:00\" \/>\n<meta property=\"og:image\" content=\"https:\/\/raspberrypi.dk\/wp-content\/uploads\/2020\/10\/automation-hat-mini-3_1024x1024.jpg\" \/>\n\t<meta property=\"og:image:width\" content=\"1024\" \/>\n\t<meta property=\"og:image:height\" content=\"1024\" \/>\n\t<meta property=\"og:image:type\" content=\"image\/jpeg\" \/>\n<meta name=\"twitter:card\" content=\"summary_large_image\" \/>\n<meta name=\"twitter:site\" content=\"@raspberrypidk\" \/>\n<meta name=\"twitter:label1\" content=\"Arvioitu lukuaika\" \/>\n\t<meta name=\"twitter:data1\" content=\"3 minuuttia\" \/>\n<script type=\"application\/ld+json\" class=\"yoast-schema-graph\">{\"@context\":\"https:\/\/schema.org\",\"@graph\":[{\"@type\":\"WebPage\",\"@id\":\"https:\/\/raspberrypi.dk\/fi\/tuote\/automation-hat-mini\/\",\"url\":\"https:\/\/raspberrypi.dk\/fi\/tuote\/automation-hat-mini\/\",\"name\":\"Automation HAT Mini \u2022 RaspberryPi.dk\",\"isPartOf\":{\"@id\":\"https:\/\/raspberrypi.dk\/fi\/#website\"},\"primaryImageOfPage\":{\"@id\":\"https:\/\/raspberrypi.dk\/fi\/tuote\/automation-hat-mini\/#primaryimage\"},\"image\":{\"@id\":\"https:\/\/raspberrypi.dk\/fi\/tuote\/automation-hat-mini\/#primaryimage\"},\"thumbnailUrl\":\"https:\/\/raspberrypi.dk\/wp-content\/uploads\/2020\/10\/automation-hat-mini-3_1024x1024.jpg\",\"datePublished\":\"2020-10-28T13:14:23+00:00\",\"dateModified\":\"2026-01-26T16:12:26+00:00\",\"breadcrumb\":{\"@id\":\"https:\/\/raspberrypi.dk\/fi\/tuote\/automation-hat-mini\/#breadcrumb\"},\"inLanguage\":\"fi\",\"potentialAction\":[{\"@type\":\"ReadAction\",\"target\":[\"https:\/\/raspberrypi.dk\/fi\/tuote\/automation-hat-mini\/\"]}]},{\"@type\":\"ImageObject\",\"inLanguage\":\"fi\",\"@id\":\"https:\/\/raspberrypi.dk\/fi\/tuote\/automation-hat-mini\/#primaryimage\",\"url\":\"https:\/\/raspberrypi.dk\/wp-content\/uploads\/2020\/10\/automation-hat-mini-3_1024x1024.jpg\",\"contentUrl\":\"https:\/\/raspberrypi.dk\/wp-content\/uploads\/2020\/10\/automation-hat-mini-3_1024x1024.jpg\",\"width\":1024,\"height\":1024,\"caption\":\"automation hat mini raspberry pi\"},{\"@type\":\"BreadcrumbList\",\"@id\":\"https:\/\/raspberrypi.dk\/fi\/tuote\/automation-hat-mini\/#breadcrumb\",\"itemListElement\":[{\"@type\":\"ListItem\",\"position\":1,\"name\":\"Hjem\",\"item\":\"https:\/\/raspberrypi.dk\/fi\/raspberry-pi-verkkokauppa\/\"},{\"@type\":\"ListItem\",\"position\":2,\"name\":\"Shop\",\"item\":\"https:\/\/raspberrypi.dk\/fi\/shop-2\/\"},{\"@type\":\"ListItem\",\"position\":3,\"name\":\"Automation HAT Mini\"}]},{\"@type\":\"WebSite\",\"@id\":\"https:\/\/raspberrypi.dk\/fi\/#website\",\"url\":\"https:\/\/raspberrypi.dk\/fi\/\",\"name\":\"RaspberryPi.dk\",\"description\":\"Danmarks f\u00f8rende Raspberry Pi side!\",\"publisher\":{\"@id\":\"https:\/\/raspberrypi.dk\/fi\/#organization\"},\"potentialAction\":[{\"@type\":\"SearchAction\",\"target\":{\"@type\":\"EntryPoint\",\"urlTemplate\":\"https:\/\/raspberrypi.dk\/fi\/?s={search_term_string}\"},\"query-input\":{\"@type\":\"PropertyValueSpecification\",\"valueRequired\":true,\"valueName\":\"search_term_string\"}}],\"inLanguage\":\"fi\"},{\"@type\":\"Organization\",\"@id\":\"https:\/\/raspberrypi.dk\/fi\/#organization\",\"name\":\"RaspberryPi.dk\",\"url\":\"https:\/\/raspberrypi.dk\/fi\/\",\"logo\":{\"@type\":\"ImageObject\",\"inLanguage\":\"fi\",\"@id\":\"https:\/\/raspberrypi.dk\/fi\/#\/schema\/logo\/image\/\",\"url\":\"https:\/\/raspberrypi.dk\/wp-content\/uploads\/2017\/05\/RaspberryPidk_logo-2.png\",\"contentUrl\":\"https:\/\/raspberrypi.dk\/wp-content\/uploads\/2017\/05\/RaspberryPidk_logo-2.png\",\"width\":470,\"height\":110,\"caption\":\"RaspberryPi.dk\"},\"image\":{\"@id\":\"https:\/\/raspberrypi.dk\/fi\/#\/schema\/logo\/image\/\"},\"sameAs\":[\"https:\/\/facebook.com\/RaspberryPiDanmark\",\"https:\/\/x.com\/raspberrypidk\",\"https:\/\/instagram.com\/raspberrypi.dk\"]}]}<\/script>\n<!-- \/ Yoast SEO plugin. -->","yoast_head_json":{"title":"Automation HAT Mini \u2022 RaspberryPi.dk","robots":{"index":"index","follow":"follow","max-snippet":"max-snippet:-1","max-image-preview":"max-image-preview:large","max-video-preview":"max-video-preview:-1"},"canonical":"https:\/\/raspberrypi.dk\/fi\/tuote\/automation-hat-mini\/","og_locale":"fi_FI","og_type":"article","og_title":"Automation HAT Mini \u2022 RaspberryPi.dk","og_description":"Automatisoi maailmasi Automation HAT Minill\u00e4! Tarkkaile ja ohjaa jopa 24 V j\u00e4rjestelmi\u00e4 ja n\u00e4e niiden tila kauniilla v\u00e4rin\u00e4yt\u00f6ll\u00e4.","og_url":"https:\/\/raspberrypi.dk\/fi\/tuote\/automation-hat-mini\/","og_site_name":"RaspberryPi.dk","article_publisher":"https:\/\/facebook.com\/RaspberryPiDanmark","article_modified_time":"2026-01-26T16:12:26+00:00","og_image":[{"width":1024,"height":1024,"url":"https:\/\/raspberrypi.dk\/wp-content\/uploads\/2020\/10\/automation-hat-mini-3_1024x1024.jpg","type":"image\/jpeg"}],"twitter_card":"summary_large_image","twitter_site":"@raspberrypidk","twitter_misc":{"Arvioitu lukuaika":"3 minuuttia"},"schema":{"@context":"https:\/\/schema.org","@graph":[{"@type":"WebPage","@id":"https:\/\/raspberrypi.dk\/fi\/tuote\/automation-hat-mini\/","url":"https:\/\/raspberrypi.dk\/fi\/tuote\/automation-hat-mini\/","name":"Automation HAT Mini \u2022 RaspberryPi.dk","isPartOf":{"@id":"https:\/\/raspberrypi.dk\/fi\/#website"},"primaryImageOfPage":{"@id":"https:\/\/raspberrypi.dk\/fi\/tuote\/automation-hat-mini\/#primaryimage"},"image":{"@id":"https:\/\/raspberrypi.dk\/fi\/tuote\/automation-hat-mini\/#primaryimage"},"thumbnailUrl":"https:\/\/raspberrypi.dk\/wp-content\/uploads\/2020\/10\/automation-hat-mini-3_1024x1024.jpg","datePublished":"2020-10-28T13:14:23+00:00","dateModified":"2026-01-26T16:12:26+00:00","breadcrumb":{"@id":"https:\/\/raspberrypi.dk\/fi\/tuote\/automation-hat-mini\/#breadcrumb"},"inLanguage":"fi","potentialAction":[{"@type":"ReadAction","target":["https:\/\/raspberrypi.dk\/fi\/tuote\/automation-hat-mini\/"]}]},{"@type":"ImageObject","inLanguage":"fi","@id":"https:\/\/raspberrypi.dk\/fi\/tuote\/automation-hat-mini\/#primaryimage","url":"https:\/\/raspberrypi.dk\/wp-content\/uploads\/2020\/10\/automation-hat-mini-3_1024x1024.jpg","contentUrl":"https:\/\/raspberrypi.dk\/wp-content\/uploads\/2020\/10\/automation-hat-mini-3_1024x1024.jpg","width":1024,"height":1024,"caption":"automation hat mini raspberry pi"},{"@type":"BreadcrumbList","@id":"https:\/\/raspberrypi.dk\/fi\/tuote\/automation-hat-mini\/#breadcrumb","itemListElement":[{"@type":"ListItem","position":1,"name":"Hjem","item":"https:\/\/raspberrypi.dk\/fi\/raspberry-pi-verkkokauppa\/"},{"@type":"ListItem","position":2,"name":"Shop","item":"https:\/\/raspberrypi.dk\/fi\/shop-2\/"},{"@type":"ListItem","position":3,"name":"Automation HAT Mini"}]},{"@type":"WebSite","@id":"https:\/\/raspberrypi.dk\/fi\/#website","url":"https:\/\/raspberrypi.dk\/fi\/","name":"RaspberryPi.dk","description":"Danmarks f\u00f8rende Raspberry Pi side!","publisher":{"@id":"https:\/\/raspberrypi.dk\/fi\/#organization"},"potentialAction":[{"@type":"SearchAction","target":{"@type":"EntryPoint","urlTemplate":"https:\/\/raspberrypi.dk\/fi\/?s={search_term_string}"},"query-input":{"@type":"PropertyValueSpecification","valueRequired":true,"valueName":"search_term_string"}}],"inLanguage":"fi"},{"@type":"Organization","@id":"https:\/\/raspberrypi.dk\/fi\/#organization","name":"RaspberryPi.dk","url":"https:\/\/raspberrypi.dk\/fi\/","logo":{"@type":"ImageObject","inLanguage":"fi","@id":"https:\/\/raspberrypi.dk\/fi\/#\/schema\/logo\/image\/","url":"https:\/\/raspberrypi.dk\/wp-content\/uploads\/2017\/05\/RaspberryPidk_logo-2.png","contentUrl":"https:\/\/raspberrypi.dk\/wp-content\/uploads\/2017\/05\/RaspberryPidk_logo-2.png","width":470,"height":110,"caption":"RaspberryPi.dk"},"image":{"@id":"https:\/\/raspberrypi.dk\/fi\/#\/schema\/logo\/image\/"},"sameAs":["https:\/\/facebook.com\/RaspberryPiDanmark","https:\/\/x.com\/raspberrypidk","https:\/\/instagram.com\/raspberrypi.dk"]}]}},"_links":{"self":[{"href":"https:\/\/raspberrypi.dk\/fi\/wp-json\/wp\/v2\/product\/221274","targetHints":{"allow":["GET"]}}],"collection":[{"href":"https:\/\/raspberrypi.dk\/fi\/wp-json\/wp\/v2\/product"}],"about":[{"href":"https:\/\/raspberrypi.dk\/fi\/wp-json\/wp\/v2\/types\/product"}],"replies":[{"embeddable":true,"href":"https:\/\/raspberrypi.dk\/fi\/wp-json\/wp\/v2\/comments?post=221274"}],"wp:featuredmedia":[{"embeddable":true,"href":"https:\/\/raspberrypi.dk\/fi\/wp-json\/wp\/v2\/media\/221278"}],"wp:attachment":[{"href":"https:\/\/raspberrypi.dk\/fi\/wp-json\/wp\/v2\/media?parent=221274"}],"wp:term":[{"taxonomy":"product_brand","embeddable":true,"href":"https:\/\/raspberrypi.dk\/fi\/wp-json\/wp\/v2\/product_brand?post=221274"},{"taxonomy":"product_cat","embeddable":true,"href":"https:\/\/raspberrypi.dk\/fi\/wp-json\/wp\/v2\/product_cat?post=221274"},{"taxonomy":"product_tag","embeddable":true,"href":"https:\/\/raspberrypi.dk\/fi\/wp-json\/wp\/v2\/product_tag?post=221274"}],"curies":[{"name":"wp","href":"https:\/\/api.w.org\/{rel}","templated":true}]}}