{"id":221284,"date":"2020-10-20T13:01:31","date_gmt":"2020-10-20T11:01:31","guid":{"rendered":"https:\/\/raspberrypi.dk\/produkt\/argon-one-m-2-kotelo-raspberry-pi-4lle\/"},"modified":"2026-04-13T06:41:25","modified_gmt":"2026-04-13T04:41:25","slug":"argon-one-m-2-kotelo-raspberry-pi-4lle","status":"publish","type":"product","link":"https:\/\/raspberrypi.dk\/fi\/tuote\/argon-one-m-2-kotelo-raspberry-pi-4lle\/","title":{"rendered":"Argon ONE M.2 -kotelo Raspberry Pi 4:lle"},"content":{"rendered":"<p><a href=\"https:\/\/argon40.com\/blogs\/argon-resources\">MANUAALINEN<\/a><\/p>\n<p><strong>Funktioner<\/strong><\/p>\n<ul>\n<li><strong>M.2 SATA SSD<\/strong> -yhteensopivuus | Hyv\u00e4ksyy mink\u00e4 tahansa koon M.2 SATA SSD Key-B:ll\u00e4 tai Key-B&amp;M:ll\u00e4<\/li>\n<li><strong>UASP-tuki Raspberry Pi 4:lle<\/strong> | Maksimoi nopeat tiedonsiirrot Raspberry Pi 4:lle<\/li>\n<li><strong>Kaksi t\u00e4ysikokoista HDMI<\/strong> | Parantaa kahden n\u00e4yt\u00f6n tukea Raspberry Pi 4:lle<\/li>\n<li><strong>Virranhallintatilat<\/strong> | Tarjoaa 2 virranhallintavaihtoehtoa automaattisella k\u00e4ynnistyksell\u00e4 tai &#8221;Always ON Mode&#8221;<\/li>\n<li><strong>Sis\u00e4\u00e4nrakennettu IR-tuki<\/strong> | Ohjelmoitava IR-tuki Raspberry Pi:lle virtaviivaistetuilla ominaisuuksilla. Toimii esimerkiksi Argon ONE Remote -kaukos\u00e4\u00e4timen kanssa.<\/li>\n<li><strong>Aktiivinen j\u00e4\u00e4hdytys<\/strong> | Ohjelmistoohjelmoitava 30 mm PUHALLIN Argon ONE -ohjelmiston kautta<\/li>\n<li><strong>Passiivinen j\u00e4\u00e4hdytys<\/strong> | Alumiiniseoksesta valmistettu yl\u00e4kotelo toimii j\u00e4ttim\u00e4isen\u00e4 j\u00e4\u00e4hdytyselementtin\u00e4, joka on kytketty Raspberry Pi 4:n prosessoriin<\/li>\n<li><strong>Kaapelinhallinta<\/strong> | Kaikki Raspberry Pi 4:n takana olevat portit on sijoitettu uudelleen korostaakseen sen tyylik\u00e4st\u00e4 ja modernia muotoilua<\/li>\n<\/ul>\n","protected":false},"excerpt":{"rendered":"<p>Argon ONE M.2 Case sis\u00e4lt\u00e4\u00e4 integroidun M.2 SATA SSD -tuen, virranhallintatilat, IR-tuen ja kaksi t\u00e4ysikokoista HDMI-porttia.<\/p>\n","protected":false},"featured_media":221285,"comment_status":"open","ping_status":"closed","template":"","meta":[],"product_brand":[],"product_cat":[736,727],"product_tag":[719],"class_list":{"0":"post-221284","1":"product","2":"type-product","3":"status-publish","4":"has-post-thumbnail","6":"product_cat-raspberry-pi-kotelo","7":"product_cat-tallennus-usb-ssd","8":"product_tag-rpi4-fi","10":"first","11":"outofstock","12":"taxable","13":"shipping-taxable","14":"purchasable","15":"product-type-simple"},"composite_virtual":false,"composite_layout":"","composite_add_to_cart_form_location":"","composite_editable_in_cart":false,"composite_sold_individually_context":"","composite_shop_price_calc":"","composite_components":[],"composite_scenarios":[],"bundled_by":[],"bundle_stock_status":"outofstock","bundle_stock_quantity":0,"bundle_virtual":false,"bundle_layout":"","bundle_add_to_cart_form_location":"","bundle_editable_in_cart":false,"bundle_sold_individually_context":"","bundle_item_grouping":"","bundle_min_size":"","bundle_max_size":"","bundle_price":[],"bundled_items":[],"bundle_sell_ids":[220200,220035,221206],"yoast_head":"<!-- This site is optimized with the Yoast SEO plugin v27.1.1 - https:\/\/yoast.com\/product\/yoast-seo-wordpress\/ -->\n<title>Argon ONE M.2 -kotelo Raspberry Pi 4:lle \u2022 RaspberryPi.dk<\/title>\n<meta name=\"robots\" content=\"index, follow, max-snippet:-1, max-image-preview:large, max-video-preview:-1\" \/>\n<link rel=\"canonical\" href=\"https:\/\/raspberrypi.dk\/fi\/tuote\/argon-one-m-2-kotelo-raspberry-pi-4lle\/\" \/>\n<meta property=\"og:locale\" content=\"fi_FI\" \/>\n<meta property=\"og:type\" content=\"article\" \/>\n<meta property=\"og:title\" content=\"Argon ONE M.2 -kotelo Raspberry Pi 4:lle \u2022 RaspberryPi.dk\" \/>\n<meta property=\"og:description\" content=\"Argon ONE M.2 Case sis\u00e4lt\u00e4\u00e4 integroidun M.2 SATA SSD -tuen, virranhallintatilat, IR-tuen ja kaksi t\u00e4ysikokoista HDMI-porttia.\" \/>\n<meta property=\"og:url\" content=\"https:\/\/raspberrypi.dk\/fi\/tuote\/argon-one-m-2-kotelo-raspberry-pi-4lle\/\" \/>\n<meta property=\"og:site_name\" content=\"RaspberryPi.dk\" \/>\n<meta property=\"article:publisher\" content=\"https:\/\/facebook.com\/RaspberryPiDanmark\" \/>\n<meta property=\"article:modified_time\" content=\"2026-04-13T04:41:25+00:00\" \/>\n<meta property=\"og:image\" content=\"https:\/\/raspberrypi.dk\/wp-content\/uploads\/2020\/10\/ar1_m.2_08.jpg\" \/>\n\t<meta property=\"og:image:width\" content=\"1200\" \/>\n\t<meta property=\"og:image:height\" content=\"1200\" \/>\n\t<meta property=\"og:image:type\" content=\"image\/jpeg\" \/>\n<meta name=\"twitter:card\" content=\"summary_large_image\" \/>\n<meta name=\"twitter:site\" content=\"@raspberrypidk\" \/>\n<meta name=\"twitter:label1\" content=\"Arvioitu lukuaika\" \/>\n\t<meta name=\"twitter:data1\" content=\"1 minuutti\" \/>\n<script type=\"application\/ld+json\" class=\"yoast-schema-graph\">{\"@context\":\"https:\/\/schema.org\",\"@graph\":[{\"@type\":\"WebPage\",\"@id\":\"https:\/\/raspberrypi.dk\/fi\/tuote\/argon-one-m-2-kotelo-raspberry-pi-4lle\/\",\"url\":\"https:\/\/raspberrypi.dk\/fi\/tuote\/argon-one-m-2-kotelo-raspberry-pi-4lle\/\",\"name\":\"Argon ONE M.2 -kotelo Raspberry Pi 4:lle \u2022 RaspberryPi.dk\",\"isPartOf\":{\"@id\":\"https:\/\/raspberrypi.dk\/fi\/#website\"},\"primaryImageOfPage\":{\"@id\":\"https:\/\/raspberrypi.dk\/fi\/tuote\/argon-one-m-2-kotelo-raspberry-pi-4lle\/#primaryimage\"},\"image\":{\"@id\":\"https:\/\/raspberrypi.dk\/fi\/tuote\/argon-one-m-2-kotelo-raspberry-pi-4lle\/#primaryimage\"},\"thumbnailUrl\":\"https:\/\/raspberrypi.dk\/wp-content\/uploads\/2020\/10\/ar1_m.2_08.jpg\",\"datePublished\":\"2020-10-20T11:01:31+00:00\",\"dateModified\":\"2026-04-13T04:41:25+00:00\",\"breadcrumb\":{\"@id\":\"https:\/\/raspberrypi.dk\/fi\/tuote\/argon-one-m-2-kotelo-raspberry-pi-4lle\/#breadcrumb\"},\"inLanguage\":\"fi\",\"potentialAction\":[{\"@type\":\"ReadAction\",\"target\":[\"https:\/\/raspberrypi.dk\/fi\/tuote\/argon-one-m-2-kotelo-raspberry-pi-4lle\/\"]}]},{\"@type\":\"ImageObject\",\"inLanguage\":\"fi\",\"@id\":\"https:\/\/raspberrypi.dk\/fi\/tuote\/argon-one-m-2-kotelo-raspberry-pi-4lle\/#primaryimage\",\"url\":\"https:\/\/raspberrypi.dk\/wp-content\/uploads\/2020\/10\/ar1_m.2_08.jpg\",\"contentUrl\":\"https:\/\/raspberrypi.dk\/wp-content\/uploads\/2020\/10\/ar1_m.2_08.jpg\",\"width\":1200,\"height\":1200},{\"@type\":\"BreadcrumbList\",\"@id\":\"https:\/\/raspberrypi.dk\/fi\/tuote\/argon-one-m-2-kotelo-raspberry-pi-4lle\/#breadcrumb\",\"itemListElement\":[{\"@type\":\"ListItem\",\"position\":1,\"name\":\"Hjem\",\"item\":\"https:\/\/raspberrypi.dk\/fi\/raspberry-pi-verkkokauppa\/\"},{\"@type\":\"ListItem\",\"position\":2,\"name\":\"Shop\",\"item\":\"https:\/\/raspberrypi.dk\/fi\/shop-2\/\"},{\"@type\":\"ListItem\",\"position\":3,\"name\":\"Argon ONE M.2 -kotelo Raspberry Pi 4:lle\"}]},{\"@type\":\"WebSite\",\"@id\":\"https:\/\/raspberrypi.dk\/fi\/#website\",\"url\":\"https:\/\/raspberrypi.dk\/fi\/\",\"name\":\"RaspberryPi.dk\",\"description\":\"Danmarks f\u00f8rende Raspberry Pi side!\",\"publisher\":{\"@id\":\"https:\/\/raspberrypi.dk\/fi\/#organization\"},\"potentialAction\":[{\"@type\":\"SearchAction\",\"target\":{\"@type\":\"EntryPoint\",\"urlTemplate\":\"https:\/\/raspberrypi.dk\/fi\/?s={search_term_string}\"},\"query-input\":{\"@type\":\"PropertyValueSpecification\",\"valueRequired\":true,\"valueName\":\"search_term_string\"}}],\"inLanguage\":\"fi\"},{\"@type\":\"Organization\",\"@id\":\"https:\/\/raspberrypi.dk\/fi\/#organization\",\"name\":\"RaspberryPi.dk\",\"url\":\"https:\/\/raspberrypi.dk\/fi\/\",\"logo\":{\"@type\":\"ImageObject\",\"inLanguage\":\"fi\",\"@id\":\"https:\/\/raspberrypi.dk\/fi\/#\/schema\/logo\/image\/\",\"url\":\"https:\/\/raspberrypi.dk\/wp-content\/uploads\/2017\/05\/RaspberryPidk_logo-2.png\",\"contentUrl\":\"https:\/\/raspberrypi.dk\/wp-content\/uploads\/2017\/05\/RaspberryPidk_logo-2.png\",\"width\":470,\"height\":110,\"caption\":\"RaspberryPi.dk\"},\"image\":{\"@id\":\"https:\/\/raspberrypi.dk\/fi\/#\/schema\/logo\/image\/\"},\"sameAs\":[\"https:\/\/facebook.com\/RaspberryPiDanmark\",\"https:\/\/x.com\/raspberrypidk\",\"https:\/\/instagram.com\/raspberrypi.dk\"]}]}<\/script>\n<!-- \/ Yoast SEO plugin. -->","yoast_head_json":{"title":"Argon ONE M.2 -kotelo Raspberry Pi 4:lle \u2022 RaspberryPi.dk","robots":{"index":"index","follow":"follow","max-snippet":"max-snippet:-1","max-image-preview":"max-image-preview:large","max-video-preview":"max-video-preview:-1"},"canonical":"https:\/\/raspberrypi.dk\/fi\/tuote\/argon-one-m-2-kotelo-raspberry-pi-4lle\/","og_locale":"fi_FI","og_type":"article","og_title":"Argon ONE M.2 -kotelo Raspberry Pi 4:lle \u2022 RaspberryPi.dk","og_description":"Argon ONE M.2 Case sis\u00e4lt\u00e4\u00e4 integroidun M.2 SATA SSD -tuen, virranhallintatilat, IR-tuen ja kaksi t\u00e4ysikokoista HDMI-porttia.","og_url":"https:\/\/raspberrypi.dk\/fi\/tuote\/argon-one-m-2-kotelo-raspberry-pi-4lle\/","og_site_name":"RaspberryPi.dk","article_publisher":"https:\/\/facebook.com\/RaspberryPiDanmark","article_modified_time":"2026-04-13T04:41:25+00:00","og_image":[{"width":1200,"height":1200,"url":"https:\/\/raspberrypi.dk\/wp-content\/uploads\/2020\/10\/ar1_m.2_08.jpg","type":"image\/jpeg"}],"twitter_card":"summary_large_image","twitter_site":"@raspberrypidk","twitter_misc":{"Arvioitu lukuaika":"1 minuutti"},"schema":{"@context":"https:\/\/schema.org","@graph":[{"@type":"WebPage","@id":"https:\/\/raspberrypi.dk\/fi\/tuote\/argon-one-m-2-kotelo-raspberry-pi-4lle\/","url":"https:\/\/raspberrypi.dk\/fi\/tuote\/argon-one-m-2-kotelo-raspberry-pi-4lle\/","name":"Argon ONE M.2 -kotelo Raspberry Pi 4:lle \u2022 RaspberryPi.dk","isPartOf":{"@id":"https:\/\/raspberrypi.dk\/fi\/#website"},"primaryImageOfPage":{"@id":"https:\/\/raspberrypi.dk\/fi\/tuote\/argon-one-m-2-kotelo-raspberry-pi-4lle\/#primaryimage"},"image":{"@id":"https:\/\/raspberrypi.dk\/fi\/tuote\/argon-one-m-2-kotelo-raspberry-pi-4lle\/#primaryimage"},"thumbnailUrl":"https:\/\/raspberrypi.dk\/wp-content\/uploads\/2020\/10\/ar1_m.2_08.jpg","datePublished":"2020-10-20T11:01:31+00:00","dateModified":"2026-04-13T04:41:25+00:00","breadcrumb":{"@id":"https:\/\/raspberrypi.dk\/fi\/tuote\/argon-one-m-2-kotelo-raspberry-pi-4lle\/#breadcrumb"},"inLanguage":"fi","potentialAction":[{"@type":"ReadAction","target":["https:\/\/raspberrypi.dk\/fi\/tuote\/argon-one-m-2-kotelo-raspberry-pi-4lle\/"]}]},{"@type":"ImageObject","inLanguage":"fi","@id":"https:\/\/raspberrypi.dk\/fi\/tuote\/argon-one-m-2-kotelo-raspberry-pi-4lle\/#primaryimage","url":"https:\/\/raspberrypi.dk\/wp-content\/uploads\/2020\/10\/ar1_m.2_08.jpg","contentUrl":"https:\/\/raspberrypi.dk\/wp-content\/uploads\/2020\/10\/ar1_m.2_08.jpg","width":1200,"height":1200},{"@type":"BreadcrumbList","@id":"https:\/\/raspberrypi.dk\/fi\/tuote\/argon-one-m-2-kotelo-raspberry-pi-4lle\/#breadcrumb","itemListElement":[{"@type":"ListItem","position":1,"name":"Hjem","item":"https:\/\/raspberrypi.dk\/fi\/raspberry-pi-verkkokauppa\/"},{"@type":"ListItem","position":2,"name":"Shop","item":"https:\/\/raspberrypi.dk\/fi\/shop-2\/"},{"@type":"ListItem","position":3,"name":"Argon ONE M.2 -kotelo Raspberry Pi 4:lle"}]},{"@type":"WebSite","@id":"https:\/\/raspberrypi.dk\/fi\/#website","url":"https:\/\/raspberrypi.dk\/fi\/","name":"RaspberryPi.dk","description":"Danmarks f\u00f8rende Raspberry Pi side!","publisher":{"@id":"https:\/\/raspberrypi.dk\/fi\/#organization"},"potentialAction":[{"@type":"SearchAction","target":{"@type":"EntryPoint","urlTemplate":"https:\/\/raspberrypi.dk\/fi\/?s={search_term_string}"},"query-input":{"@type":"PropertyValueSpecification","valueRequired":true,"valueName":"search_term_string"}}],"inLanguage":"fi"},{"@type":"Organization","@id":"https:\/\/raspberrypi.dk\/fi\/#organization","name":"RaspberryPi.dk","url":"https:\/\/raspberrypi.dk\/fi\/","logo":{"@type":"ImageObject","inLanguage":"fi","@id":"https:\/\/raspberrypi.dk\/fi\/#\/schema\/logo\/image\/","url":"https:\/\/raspberrypi.dk\/wp-content\/uploads\/2017\/05\/RaspberryPidk_logo-2.png","contentUrl":"https:\/\/raspberrypi.dk\/wp-content\/uploads\/2017\/05\/RaspberryPidk_logo-2.png","width":470,"height":110,"caption":"RaspberryPi.dk"},"image":{"@id":"https:\/\/raspberrypi.dk\/fi\/#\/schema\/logo\/image\/"},"sameAs":["https:\/\/facebook.com\/RaspberryPiDanmark","https:\/\/x.com\/raspberrypidk","https:\/\/instagram.com\/raspberrypi.dk"]}]}},"_links":{"self":[{"href":"https:\/\/raspberrypi.dk\/fi\/wp-json\/wp\/v2\/product\/221284","targetHints":{"allow":["GET"]}}],"collection":[{"href":"https:\/\/raspberrypi.dk\/fi\/wp-json\/wp\/v2\/product"}],"about":[{"href":"https:\/\/raspberrypi.dk\/fi\/wp-json\/wp\/v2\/types\/product"}],"replies":[{"embeddable":true,"href":"https:\/\/raspberrypi.dk\/fi\/wp-json\/wp\/v2\/comments?post=221284"}],"wp:featuredmedia":[{"embeddable":true,"href":"https:\/\/raspberrypi.dk\/fi\/wp-json\/wp\/v2\/media\/221285"}],"wp:attachment":[{"href":"https:\/\/raspberrypi.dk\/fi\/wp-json\/wp\/v2\/media?parent=221284"}],"wp:term":[{"taxonomy":"product_brand","embeddable":true,"href":"https:\/\/raspberrypi.dk\/fi\/wp-json\/wp\/v2\/product_brand?post=221284"},{"taxonomy":"product_cat","embeddable":true,"href":"https:\/\/raspberrypi.dk\/fi\/wp-json\/wp\/v2\/product_cat?post=221284"},{"taxonomy":"product_tag","embeddable":true,"href":"https:\/\/raspberrypi.dk\/fi\/wp-json\/wp\/v2\/product_tag?post=221284"}],"curies":[{"name":"wp","href":"https:\/\/api.w.org\/{rel}","templated":true}]}}