{"id":221292,"date":"2020-11-02T09:00:00","date_gmt":"2020-11-02T08:00:00","guid":{"rendered":"https:\/\/raspberrypi.dk\/produkt\/officiel-raspberry-pi-400-kit\/"},"modified":"2025-09-28T18:07:37","modified_gmt":"2025-09-28T16:07:37","slug":"officiel-raspberry-pi-400-kit","status":"publish","type":"product","link":"https:\/\/raspberrypi.dk\/fi\/tuote\/officiel-raspberry-pi-400-kit\/","title":{"rendered":"Official Raspberry Pi 400 Kit"},"content":{"rendered":"<p>Raspberry Pi 400 -sarja on t\u00e4ydellinen henkil\u00f6kohtainen tietokone, joka on rakennettu kompaktiin n\u00e4pp\u00e4imist\u00f6\u00f6n, jossa on kaikki mit\u00e4 tarvitset (ilman n\u00e4ytt\u00f6\u00e4 tai televisiota)!<\/p>\n<p><strong>Raspberry Pi 400<\/strong> on ihanteellinen verkon surffaamiseen, asiakirjojen luomiseen ja muokkaamiseen, videoiden katseluun ja ohjelmoinnin oppimiseen Raspberry Pi OS -ty\u00f6p\u00f6yt\u00e4ymp\u00e4rist\u00f6n avulla.<\/p>\n<p>Raspberry Pi 400 perustuu Raspberry Pi 4:\u00e4\u00e4n, joka on &#8221;uudelleenrakennettu&#8221; sopimaan n\u00e4pp\u00e4imist\u00f6\u00f6n. Saat siis samat tekniset tiedot kuin Raspberry Pi 4:ss\u00e4 \u2013 vain ylikellotetulla prosessorilla (mahdollista sis\u00e4\u00e4nrakennetun j\u00e4\u00e4hdytyslevyn ansiosta). Lis\u00e4ksi n\u00e4pp\u00e4imist\u00f6ss\u00e4 on nyt on\/off-painike (Fn + F10).<\/p>\n<p>Tutut 40-nastaiset GPIO-nastat l\u00f6ytyv\u00e4t n\u00e4pp\u00e4imist\u00f6n takaosasta elektroniikkaprojektien yhdist\u00e4miseen, sek\u00e4 kaksi USB 3.0 -porttia ja yksi USB 2.0 -portti.<\/p>\n<p><strong>Raspberry Pi 400:n tekniset tiedot<\/strong><\/p>\n<ul>\n<li>Processor: Broadcom BCM2711 quad-core Cortex-A72 (ARM v8) 64-bit SoC @ 1.8GHz<\/li>\n<li>RAM: 4GB LPDDR4-3200<\/li>\n<li>Connectivity:\n<ul>\n<li>Dual-band (2.4GHz and 5.0GHz) IEEE 802.11b\/g\/n\/ac<\/li>\n<li>wireless LAN, Bluetooth 5.0, BLE<\/li>\n<li>Gigabit Ethernet<\/li>\n<li>2 \u00d7 USB 3.0 and 1 \u00d7 USB 2.0 ports<\/li>\n<\/ul>\n<\/li>\n<li>GPIO: Horizontal 40-pin GPIO header<\/li>\n<li>Video &amp; sound: 2 \u00d7 micro HDMI ports (supports up to 4Kp60)<\/li>\n<li>Multimedia:\n<ul>\n<li>H.265 (4Kp60 decode)<\/li>\n<li>H.264 (1080p60 decode, 1080p30 encode)<\/li>\n<li>OpenGL ES 3.0 graphics<\/li>\n<\/ul>\n<\/li>\n<li>SD card support: MicroSD card slot for operating system and data storage<\/li>\n<li>Keyboard: 78- or 79-key compact keyboard (depending on regional variant)<\/li>\n<li>Power: 5V DC via USB connector<\/li>\n<li>Operating temperature: 0\u00b0C to +50\u00b0C<\/li>\n<li>Dimensions: 286\u2009mm\u2009\u00d7\u2009122\u2009mm \u00d7 23\u2009mm (maximum)<\/li>\n<\/ul>\n<p><strong>T\u00e4m\u00e4n setin sis\u00e4lt\u00f6:<\/strong><\/p>\n<ul>\n<li><a href=\"https:\/\/raspberrypi.dk\/fi\/tuote\/raspberry-pi-400\/\">Raspberry Pi 400<\/a> (valitut kielet)<\/li>\n<li><a href=\"https:\/\/raspberrypi.dk\/fi\/tuote\/officiel-raspberry-pi-mennae\/\">Officiel Raspberry Pi USB-C\u00a0 Virtal\u00e4hde<\/a><\/li>\n<li><a href=\"https:\/\/raspberrypi.dk\/fi\/tuote\/officiel-raspberry-pi-mennae\/\">Officiel Raspberry Pi Hiiri &#8211; punainen\/valkoinen<\/a><\/li>\n<li><a href=\"https:\/\/raspberrypi.dk\/fi\/tuote\/officiel-raspberry-pi-micro-hdmi-kabel-1m-valkoinen\/\">Officiel Raspberry Pi Micro HDMI Kabel \u2013 1m \u2013<\/a> Valkoinen<\/li>\n<li><a href=\"https:\/\/raspberrypi.dk\/fi\/tuote\/16gb-micro-sd-class-a1-med-raspberry-pi-os\/\">16GB Micro SD \u2013 Class A1 \u2013 Raspberry Pi OS<\/a><\/li>\n<li><a href=\"https:\/\/raspberrypi.dk\/fi\/tuote\/raspberry-pi-alkaa-guide-v4\/\">Raspberry Pi Aloittelijan opas v4 (valitut kielet)<\/a><\/li>\n<\/ul>\n<p><img decoding=\"async\" class=\"aligncenter size-full wp-image-127577\" src=\"https:\/\/raspberrypi.dk\/wp-content\/uploads\/2020\/11\/neat-lg-30ca40811ecee7f931167680e6b0412b.jpg\" alt=\"\" width=\"1300\" height=\"900\" srcset=\"https:\/\/raspberrypi.dk\/wp-content\/uploads\/2020\/11\/neat-lg-30ca40811ecee7f931167680e6b0412b.jpg 1300w, https:\/\/raspberrypi.dk\/wp-content\/uploads\/2020\/11\/neat-lg-30ca40811ecee7f931167680e6b0412b-500x346.jpg 500w, https:\/\/raspberrypi.dk\/wp-content\/uploads\/2020\/11\/neat-lg-30ca40811ecee7f931167680e6b0412b-1024x709.jpg 1024w, https:\/\/raspberrypi.dk\/wp-content\/uploads\/2020\/11\/neat-lg-30ca40811ecee7f931167680e6b0412b-768x532.jpg 768w, https:\/\/raspberrypi.dk\/wp-content\/uploads\/2020\/11\/neat-lg-30ca40811ecee7f931167680e6b0412b-24x17.jpg 24w, https:\/\/raspberrypi.dk\/wp-content\/uploads\/2020\/11\/neat-lg-30ca40811ecee7f931167680e6b0412b-36x25.jpg 36w, https:\/\/raspberrypi.dk\/wp-content\/uploads\/2020\/11\/neat-lg-30ca40811ecee7f931167680e6b0412b-48x33.jpg 48w, https:\/\/raspberrypi.dk\/wp-content\/uploads\/2020\/11\/neat-lg-30ca40811ecee7f931167680e6b0412b-457x316.jpg 457w\" sizes=\"(max-width: 1300px) 100vw, 1300px\" \/><\/p>\n<p><strong>Opettajille. Opiskelijoille.<\/strong><br \/>\nRaspberry Pi 400 on t\u00e4ydellinen opetusty\u00f6kalu kaiken ik\u00e4isille opiskelijoille. Edullinen ja kannettava &#8211; se on ihanteellinen kotiopiskeluun ja tietokonek\u00e4sitteiden, kuten ohjelmoinnin, fyysisen tietojenk\u00e4sittelyn ja verkkotoiminnan, opettamiseen.<\/p>\n<p><a href=\"https:\/\/www.raspberrypi.org\/teach\/\">Lue lis\u00e4\u00e4 Raspberry Pi:st\u00e4 opetusk\u00e4ytt\u00f6\u00f6n<\/a><\/p>\n","protected":false},"excerpt":{"rendered":"<p>T\u00e4m\u00e4 <strong>Raspberry Pi 400 Kit<\/strong> sis\u00e4lt\u00e4\u00e4 kaiken, mit\u00e4 tarvitset aloittamiseen (paitsi n\u00e4ytt\u00f6\u00e4\/televisiota). Raspberry Pi 400 n\u00e4pp\u00e4imist\u00f6ll\u00e4 (valitulla kielell\u00e4), virtal\u00e4hteell\u00e4, hiirell\u00e4, micro hdmi -kaapelilla, sd-kortilla ja aloitusoppaalla (valitulla kielell\u00e4). Valitse kieli alta.<\/p>\n","protected":false},"featured_media":221293,"comment_status":"open","ping_status":"closed","template":"","meta":[],"product_brand":[],"product_cat":[738,735],"product_tag":[],"class_list":{"0":"post-221292","1":"product","2":"type-product","3":"status-publish","4":"has-post-thumbnail","6":"product_cat-raspberry-pi","7":"product_cat-aloituspaketit-ja-sarjat","9":"first","10":"instock","11":"taxable","12":"shipping-taxable","13":"purchasable","14":"product-type-variable","15":"has-default-attributes"},"composite_virtual":false,"composite_layout":"","composite_add_to_cart_form_location":"","composite_editable_in_cart":false,"composite_sold_individually_context":"","composite_shop_price_calc":"","composite_components":[],"composite_scenarios":[],"bundled_by":[],"bundle_stock_status":"instock","bundle_stock_quantity":null,"bundle_virtual":false,"bundle_layout":"","bundle_add_to_cart_form_location":"","bundle_editable_in_cart":false,"bundle_sold_individually_context":"","bundle_item_grouping":"","bundle_min_size":"","bundle_max_size":"","bundle_price":[],"bundled_items":[],"bundle_sell_ids":[221149,221143],"yoast_head":"<!-- This site is optimized with the Yoast SEO plugin v27.1.1 - https:\/\/yoast.com\/product\/yoast-seo-wordpress\/ -->\n<title>Official Raspberry Pi 400 Kit \u2022 RaspberryPi.dk<\/title>\n<meta name=\"robots\" content=\"index, follow, max-snippet:-1, max-image-preview:large, max-video-preview:-1\" \/>\n<link rel=\"canonical\" href=\"https:\/\/raspberrypi.dk\/fi\/tuote\/officiel-raspberry-pi-400-kit\/\" \/>\n<meta property=\"og:locale\" content=\"fi_FI\" \/>\n<meta property=\"og:type\" content=\"article\" \/>\n<meta property=\"og:title\" content=\"Official Raspberry Pi 400 Kit \u2022 RaspberryPi.dk\" \/>\n<meta property=\"og:description\" content=\"T\u00e4m\u00e4 Raspberry Pi 400 Kit sis\u00e4lt\u00e4\u00e4 kaiken, mit\u00e4 tarvitset aloittamiseen (paitsi n\u00e4ytt\u00f6\u00e4\/televisiota). Raspberry Pi 400 n\u00e4pp\u00e4imist\u00f6ll\u00e4 (valitulla kielell\u00e4), virtal\u00e4hteell\u00e4, hiirell\u00e4, micro hdmi -kaapelilla, sd-kortilla ja aloitusoppaalla (valitulla kielell\u00e4). Valitse kieli alta.\" \/>\n<meta property=\"og:url\" content=\"https:\/\/raspberrypi.dk\/fi\/tuote\/officiel-raspberry-pi-400-kit\/\" \/>\n<meta property=\"og:site_name\" content=\"RaspberryPi.dk\" \/>\n<meta property=\"article:publisher\" content=\"https:\/\/facebook.com\/RaspberryPiDanmark\" \/>\n<meta property=\"article:modified_time\" content=\"2025-09-28T16:07:37+00:00\" \/>\n<meta property=\"og:image\" content=\"https:\/\/raspberrypi.dk\/wp-content\/uploads\/2020\/11\/raspberry-pi-400-kit-2.jpg\" \/>\n\t<meta property=\"og:image:width\" content=\"1900\" \/>\n\t<meta property=\"og:image:height\" content=\"1520\" \/>\n\t<meta property=\"og:image:type\" content=\"image\/jpeg\" \/>\n<meta name=\"twitter:card\" content=\"summary_large_image\" \/>\n<meta name=\"twitter:site\" content=\"@raspberrypidk\" \/>\n<meta name=\"twitter:label1\" content=\"Arvioitu lukuaika\" \/>\n\t<meta name=\"twitter:data1\" content=\"3 minuuttia\" \/>\n<script type=\"application\/ld+json\" class=\"yoast-schema-graph\">{\"@context\":\"https:\/\/schema.org\",\"@graph\":[{\"@type\":\"WebPage\",\"@id\":\"https:\/\/raspberrypi.dk\/fi\/tuote\/officiel-raspberry-pi-400-kit\/\",\"url\":\"https:\/\/raspberrypi.dk\/fi\/tuote\/officiel-raspberry-pi-400-kit\/\",\"name\":\"Official Raspberry Pi 400 Kit \u2022 RaspberryPi.dk\",\"isPartOf\":{\"@id\":\"https:\/\/raspberrypi.dk\/fi\/#website\"},\"primaryImageOfPage\":{\"@id\":\"https:\/\/raspberrypi.dk\/fi\/tuote\/officiel-raspberry-pi-400-kit\/#primaryimage\"},\"image\":{\"@id\":\"https:\/\/raspberrypi.dk\/fi\/tuote\/officiel-raspberry-pi-400-kit\/#primaryimage\"},\"thumbnailUrl\":\"https:\/\/raspberrypi.dk\/wp-content\/uploads\/2020\/11\/raspberry-pi-400-kit-2.jpg\",\"datePublished\":\"2020-11-02T08:00:00+00:00\",\"dateModified\":\"2025-09-28T16:07:37+00:00\",\"breadcrumb\":{\"@id\":\"https:\/\/raspberrypi.dk\/fi\/tuote\/officiel-raspberry-pi-400-kit\/#breadcrumb\"},\"inLanguage\":\"fi\",\"potentialAction\":[{\"@type\":\"ReadAction\",\"target\":[\"https:\/\/raspberrypi.dk\/fi\/tuote\/officiel-raspberry-pi-400-kit\/\"]}]},{\"@type\":\"ImageObject\",\"inLanguage\":\"fi\",\"@id\":\"https:\/\/raspberrypi.dk\/fi\/tuote\/officiel-raspberry-pi-400-kit\/#primaryimage\",\"url\":\"https:\/\/raspberrypi.dk\/wp-content\/uploads\/2020\/11\/raspberry-pi-400-kit-2.jpg\",\"contentUrl\":\"https:\/\/raspberrypi.dk\/wp-content\/uploads\/2020\/11\/raspberry-pi-400-kit-2.jpg\",\"width\":1900,\"height\":1520},{\"@type\":\"BreadcrumbList\",\"@id\":\"https:\/\/raspberrypi.dk\/fi\/tuote\/officiel-raspberry-pi-400-kit\/#breadcrumb\",\"itemListElement\":[{\"@type\":\"ListItem\",\"position\":1,\"name\":\"Hjem\",\"item\":\"https:\/\/raspberrypi.dk\/fi\/raspberry-pi-verkkokauppa\/\"},{\"@type\":\"ListItem\",\"position\":2,\"name\":\"Shop\",\"item\":\"https:\/\/raspberrypi.dk\/fi\/shop-2\/\"},{\"@type\":\"ListItem\",\"position\":3,\"name\":\"Official Raspberry Pi 400 Kit\"}]},{\"@type\":\"WebSite\",\"@id\":\"https:\/\/raspberrypi.dk\/fi\/#website\",\"url\":\"https:\/\/raspberrypi.dk\/fi\/\",\"name\":\"RaspberryPi.dk\",\"description\":\"Danmarks f\u00f8rende Raspberry Pi side!\",\"publisher\":{\"@id\":\"https:\/\/raspberrypi.dk\/fi\/#organization\"},\"potentialAction\":[{\"@type\":\"SearchAction\",\"target\":{\"@type\":\"EntryPoint\",\"urlTemplate\":\"https:\/\/raspberrypi.dk\/fi\/?s={search_term_string}\"},\"query-input\":{\"@type\":\"PropertyValueSpecification\",\"valueRequired\":true,\"valueName\":\"search_term_string\"}}],\"inLanguage\":\"fi\"},{\"@type\":\"Organization\",\"@id\":\"https:\/\/raspberrypi.dk\/fi\/#organization\",\"name\":\"RaspberryPi.dk\",\"url\":\"https:\/\/raspberrypi.dk\/fi\/\",\"logo\":{\"@type\":\"ImageObject\",\"inLanguage\":\"fi\",\"@id\":\"https:\/\/raspberrypi.dk\/fi\/#\/schema\/logo\/image\/\",\"url\":\"https:\/\/raspberrypi.dk\/wp-content\/uploads\/2017\/05\/RaspberryPidk_logo-2.png\",\"contentUrl\":\"https:\/\/raspberrypi.dk\/wp-content\/uploads\/2017\/05\/RaspberryPidk_logo-2.png\",\"width\":470,\"height\":110,\"caption\":\"RaspberryPi.dk\"},\"image\":{\"@id\":\"https:\/\/raspberrypi.dk\/fi\/#\/schema\/logo\/image\/\"},\"sameAs\":[\"https:\/\/facebook.com\/RaspberryPiDanmark\",\"https:\/\/x.com\/raspberrypidk\",\"https:\/\/instagram.com\/raspberrypi.dk\"]}]}<\/script>\n<!-- \/ Yoast SEO plugin. -->","yoast_head_json":{"title":"Official Raspberry Pi 400 Kit \u2022 RaspberryPi.dk","robots":{"index":"index","follow":"follow","max-snippet":"max-snippet:-1","max-image-preview":"max-image-preview:large","max-video-preview":"max-video-preview:-1"},"canonical":"https:\/\/raspberrypi.dk\/fi\/tuote\/officiel-raspberry-pi-400-kit\/","og_locale":"fi_FI","og_type":"article","og_title":"Official Raspberry Pi 400 Kit \u2022 RaspberryPi.dk","og_description":"T\u00e4m\u00e4 Raspberry Pi 400 Kit sis\u00e4lt\u00e4\u00e4 kaiken, mit\u00e4 tarvitset aloittamiseen (paitsi n\u00e4ytt\u00f6\u00e4\/televisiota). Raspberry Pi 400 n\u00e4pp\u00e4imist\u00f6ll\u00e4 (valitulla kielell\u00e4), virtal\u00e4hteell\u00e4, hiirell\u00e4, micro hdmi -kaapelilla, sd-kortilla ja aloitusoppaalla (valitulla kielell\u00e4). Valitse kieli alta.","og_url":"https:\/\/raspberrypi.dk\/fi\/tuote\/officiel-raspberry-pi-400-kit\/","og_site_name":"RaspberryPi.dk","article_publisher":"https:\/\/facebook.com\/RaspberryPiDanmark","article_modified_time":"2025-09-28T16:07:37+00:00","og_image":[{"width":1900,"height":1520,"url":"https:\/\/raspberrypi.dk\/wp-content\/uploads\/2020\/11\/raspberry-pi-400-kit-2.jpg","type":"image\/jpeg"}],"twitter_card":"summary_large_image","twitter_site":"@raspberrypidk","twitter_misc":{"Arvioitu lukuaika":"3 minuuttia"},"schema":{"@context":"https:\/\/schema.org","@graph":[{"@type":"WebPage","@id":"https:\/\/raspberrypi.dk\/fi\/tuote\/officiel-raspberry-pi-400-kit\/","url":"https:\/\/raspberrypi.dk\/fi\/tuote\/officiel-raspberry-pi-400-kit\/","name":"Official Raspberry Pi 400 Kit \u2022 RaspberryPi.dk","isPartOf":{"@id":"https:\/\/raspberrypi.dk\/fi\/#website"},"primaryImageOfPage":{"@id":"https:\/\/raspberrypi.dk\/fi\/tuote\/officiel-raspberry-pi-400-kit\/#primaryimage"},"image":{"@id":"https:\/\/raspberrypi.dk\/fi\/tuote\/officiel-raspberry-pi-400-kit\/#primaryimage"},"thumbnailUrl":"https:\/\/raspberrypi.dk\/wp-content\/uploads\/2020\/11\/raspberry-pi-400-kit-2.jpg","datePublished":"2020-11-02T08:00:00+00:00","dateModified":"2025-09-28T16:07:37+00:00","breadcrumb":{"@id":"https:\/\/raspberrypi.dk\/fi\/tuote\/officiel-raspberry-pi-400-kit\/#breadcrumb"},"inLanguage":"fi","potentialAction":[{"@type":"ReadAction","target":["https:\/\/raspberrypi.dk\/fi\/tuote\/officiel-raspberry-pi-400-kit\/"]}]},{"@type":"ImageObject","inLanguage":"fi","@id":"https:\/\/raspberrypi.dk\/fi\/tuote\/officiel-raspberry-pi-400-kit\/#primaryimage","url":"https:\/\/raspberrypi.dk\/wp-content\/uploads\/2020\/11\/raspberry-pi-400-kit-2.jpg","contentUrl":"https:\/\/raspberrypi.dk\/wp-content\/uploads\/2020\/11\/raspberry-pi-400-kit-2.jpg","width":1900,"height":1520},{"@type":"BreadcrumbList","@id":"https:\/\/raspberrypi.dk\/fi\/tuote\/officiel-raspberry-pi-400-kit\/#breadcrumb","itemListElement":[{"@type":"ListItem","position":1,"name":"Hjem","item":"https:\/\/raspberrypi.dk\/fi\/raspberry-pi-verkkokauppa\/"},{"@type":"ListItem","position":2,"name":"Shop","item":"https:\/\/raspberrypi.dk\/fi\/shop-2\/"},{"@type":"ListItem","position":3,"name":"Official Raspberry Pi 400 Kit"}]},{"@type":"WebSite","@id":"https:\/\/raspberrypi.dk\/fi\/#website","url":"https:\/\/raspberrypi.dk\/fi\/","name":"RaspberryPi.dk","description":"Danmarks f\u00f8rende Raspberry Pi side!","publisher":{"@id":"https:\/\/raspberrypi.dk\/fi\/#organization"},"potentialAction":[{"@type":"SearchAction","target":{"@type":"EntryPoint","urlTemplate":"https:\/\/raspberrypi.dk\/fi\/?s={search_term_string}"},"query-input":{"@type":"PropertyValueSpecification","valueRequired":true,"valueName":"search_term_string"}}],"inLanguage":"fi"},{"@type":"Organization","@id":"https:\/\/raspberrypi.dk\/fi\/#organization","name":"RaspberryPi.dk","url":"https:\/\/raspberrypi.dk\/fi\/","logo":{"@type":"ImageObject","inLanguage":"fi","@id":"https:\/\/raspberrypi.dk\/fi\/#\/schema\/logo\/image\/","url":"https:\/\/raspberrypi.dk\/wp-content\/uploads\/2017\/05\/RaspberryPidk_logo-2.png","contentUrl":"https:\/\/raspberrypi.dk\/wp-content\/uploads\/2017\/05\/RaspberryPidk_logo-2.png","width":470,"height":110,"caption":"RaspberryPi.dk"},"image":{"@id":"https:\/\/raspberrypi.dk\/fi\/#\/schema\/logo\/image\/"},"sameAs":["https:\/\/facebook.com\/RaspberryPiDanmark","https:\/\/x.com\/raspberrypidk","https:\/\/instagram.com\/raspberrypi.dk"]}]}},"_links":{"self":[{"href":"https:\/\/raspberrypi.dk\/fi\/wp-json\/wp\/v2\/product\/221292","targetHints":{"allow":["GET"]}}],"collection":[{"href":"https:\/\/raspberrypi.dk\/fi\/wp-json\/wp\/v2\/product"}],"about":[{"href":"https:\/\/raspberrypi.dk\/fi\/wp-json\/wp\/v2\/types\/product"}],"replies":[{"embeddable":true,"href":"https:\/\/raspberrypi.dk\/fi\/wp-json\/wp\/v2\/comments?post=221292"}],"wp:featuredmedia":[{"embeddable":true,"href":"https:\/\/raspberrypi.dk\/fi\/wp-json\/wp\/v2\/media\/221293"}],"wp:attachment":[{"href":"https:\/\/raspberrypi.dk\/fi\/wp-json\/wp\/v2\/media?parent=221292"}],"wp:term":[{"taxonomy":"product_brand","embeddable":true,"href":"https:\/\/raspberrypi.dk\/fi\/wp-json\/wp\/v2\/product_brand?post=221292"},{"taxonomy":"product_cat","embeddable":true,"href":"https:\/\/raspberrypi.dk\/fi\/wp-json\/wp\/v2\/product_cat?post=221292"},{"taxonomy":"product_tag","embeddable":true,"href":"https:\/\/raspberrypi.dk\/fi\/wp-json\/wp\/v2\/product_tag?post=221292"}],"curies":[{"name":"wp","href":"https:\/\/api.w.org\/{rel}","templated":true}]}}