{"id":221410,"date":"2020-07-07T14:19:28","date_gmt":"2020-07-07T12:19:28","guid":{"rendered":"https:\/\/raspberrypi.dk\/produkt\/officiel-raspberry-pi-mennae\/"},"modified":"2026-04-05T14:47:02","modified_gmt":"2026-04-05T12:47:02","slug":"officiel-raspberry-pi-mennae","status":"publish","type":"product","link":"https:\/\/raspberrypi.dk\/fi\/tuote\/officiel-raspberry-pi-mennae\/","title":{"rendered":"Official Raspberry Pi Menn\u00e4"},"content":{"rendered":"<p><strong>Tekniset tiedot<\/strong><\/p>\n<p>Virallinen Raspberry Pi -hiiri on kolmipainikkeinen optinen hiiri, joka liitet\u00e4\u00e4n A-tyypin USB-liittimen kautta joko johonkin n\u00e4pp\u00e4imist\u00f6n USB-porteista tai suoraan yhteensopivaan tietokoneeseen.<\/p>\n<ul>\n<li>Kolmen painikkeen optinen hiiri<\/li>\n<li>Rullapy\u00f6r\u00e4t<\/li>\n<li>USB-tyypin A liitin<\/li>\n<li>Ergonominen muotoilu mukavaan k\u00e4ytt\u00f6\u00f6n<\/li>\n<li>Kaapelin pituus: 1050 mm<\/li>\n<li>Yhteensopiva kaikkien Raspberry Pi -tuotteiden kanssa<\/li>\n<\/ul>\n<p><strong>Getting started<\/strong><\/p>\n<p>Virallisessa hiiress\u00e4 on kolme painiketta, jotka ohjaavat korkealaatuisia mikrokytkimi\u00e4. Rulla on tarkoitettu nopeaan vieritykseen asiakirjoja ja verkkosivuja selatessasi.<\/p>\n<p>Aseta hiiri aina tasaiselle, vakaalle alustalle, kun k\u00e4yt\u00e4t sit\u00e4. Hiiri havaitsee optisen liikkeen pinnalla, jolle se asetetaan. Vertaansa vailla olevilla pinnoilla, esim. PVC- tai akryylip\u00f6yt\u00e4levyt, hiiri ei havaitse liikett\u00e4. Kun ty\u00f6skentelet t\u00e4llaisella pinnalla, aseta hiiri hiirimatolle.<\/p>\n<p><img decoding=\"async\" class=\"aligncenter size-full wp-image-114880\" src=\"https:\/\/raspberrypi.dk\/wp-content\/uploads\/2020\/07\/Getting-started-Image-3-500x377-1.jpg\" alt=\"\" width=\"500\" height=\"377\" srcset=\"https:\/\/raspberrypi.dk\/wp-content\/uploads\/2020\/07\/Getting-started-Image-3-500x377-1.jpg 500w, https:\/\/raspberrypi.dk\/wp-content\/uploads\/2020\/07\/Getting-started-Image-3-500x377-1-24x18.jpg 24w, https:\/\/raspberrypi.dk\/wp-content\/uploads\/2020\/07\/Getting-started-Image-3-500x377-1-36x27.jpg 36w, https:\/\/raspberrypi.dk\/wp-content\/uploads\/2020\/07\/Getting-started-Image-3-500x377-1-48x36.jpg 48w, https:\/\/raspberrypi.dk\/wp-content\/uploads\/2020\/07\/Getting-started-Image-3-500x377-1-457x345.jpg 457w\" sizes=\"(max-width: 500px) 100vw, 500px\" \/><\/p>\n<p>T\u00e4m\u00e4 on kokoonpano, jota suosittelemme Raspberry Pi:n, virallisen n\u00e4pp\u00e4imist\u00f6n ja keskittimen sek\u00e4 virallisen hiiren k\u00e4ytt\u00e4miseen yhdess\u00e4. N\u00e4pp\u00e4imist\u00f6 varmistaa helpon p\u00e4\u00e4syn USB-asemiin, ja hiiren kaapeli on selke\u00e4, vaikka se on tarpeeksi pitk\u00e4, jotta voit k\u00e4ytt\u00e4\u00e4 hiirt\u00e4 vasen- tai oikeak\u00e4tisesti.<\/p>\n<p>Huomautus: On t\u00e4rke\u00e4\u00e4, ett\u00e4 virtal\u00e4hde on kytketty Raspberry Pi -laitteeseen ja n\u00e4pp\u00e4imist\u00f6 on kytketty Raspberry Pi -laitteeseen. Jos virtal\u00e4hde on kytketty n\u00e4pp\u00e4imist\u00f6\u00f6n ja Raspberry Pi saa virtansa n\u00e4pp\u00e4imist\u00f6n kautta, n\u00e4pp\u00e4imist\u00f6 ei toimi kunnolla.<\/p>\n<p><img decoding=\"async\" class=\"aligncenter size-medium wp-image-114882\" src=\"https:\/\/raspberrypi.dk\/wp-content\/uploads\/2020\/07\/Getting-started-Image-4-500x591-2-423x500.jpg\" alt=\"\" width=\"423\" height=\"500\" srcset=\"https:\/\/raspberrypi.dk\/wp-content\/uploads\/2020\/07\/Getting-started-Image-4-500x591-2-423x500.jpg 423w, https:\/\/raspberrypi.dk\/wp-content\/uploads\/2020\/07\/Getting-started-Image-4-500x591-2-20x24.jpg 20w, https:\/\/raspberrypi.dk\/wp-content\/uploads\/2020\/07\/Getting-started-Image-4-500x591-2-30x36.jpg 30w, https:\/\/raspberrypi.dk\/wp-content\/uploads\/2020\/07\/Getting-started-Image-4-500x591-2-41x48.jpg 41w, https:\/\/raspberrypi.dk\/wp-content\/uploads\/2020\/07\/Getting-started-Image-4-500x591-2-457x540.jpg 457w, https:\/\/raspberrypi.dk\/wp-content\/uploads\/2020\/07\/Getting-started-Image-4-500x591-2.jpg 500w\" sizes=\"(max-width: 423px) 100vw, 423px\" \/><\/p>\n<p><strong>Dokumenter<\/strong><\/p>\n<ul>\n<li><a href=\"https:\/\/www.raspberrypi.org\/app\/uploads\/2019\/04\/Getting-started-with-the-Raspberry-Pi-Keyboard-and-Mouse.pdf\">Download our guide to using the Raspberry Pi mouse<\/a><\/li>\n<li><a href=\"https:\/\/www.raspberrypi.org\/app\/uploads\/2019\/04\/Product-Brief-Raspberry-Pi-Keyboard-and-Mouse.pdf\">Raspberry Pi keyboard and mouse \u2013\u00a0product brief<\/a><\/li>\n<li><a href=\"https:\/\/www.raspberrypi.org\/documentation\/hardware\/keyboard_mouse\/mechanical\/rpi_MECH_keyboard_mouse.pdf\">Raspberry Pi keyboard and mouse \u2013\u00a0mechanical drawing<\/a><\/li>\n<\/ul>\n","protected":false},"excerpt":{"rendered":"<p>Virallinen Raspberry Pi -hiiri. Saatavana punaisena\/valkoisena tai mustana\/harmaana.<\/p>\n","protected":false},"featured_media":221411,"comment_status":"open","ping_status":"closed","template":"","meta":[],"product_brand":[],"product_cat":[751],"product_tag":[719,718],"class_list":{"0":"post-221410","1":"product","2":"type-product","3":"status-publish","4":"has-post-thumbnail","6":"product_cat-usb-tarvikkeet","7":"product_tag-rpi4-fi","8":"product_tag-rpi5-fi","10":"first","11":"instock","12":"taxable","13":"shipping-taxable","14":"purchasable","15":"product-type-variable","16":"has-default-attributes"},"composite_virtual":false,"composite_layout":"","composite_add_to_cart_form_location":"","composite_editable_in_cart":false,"composite_sold_individually_context":"","composite_shop_price_calc":"","composite_components":[],"composite_scenarios":[],"bundled_by":[],"bundle_stock_status":"instock","bundle_stock_quantity":null,"bundle_virtual":false,"bundle_layout":"","bundle_add_to_cart_form_location":"","bundle_editable_in_cart":false,"bundle_sold_individually_context":"","bundle_item_grouping":"","bundle_min_size":"","bundle_max_size":"","bundle_price":[],"bundled_items":[],"bundle_sell_ids":[],"yoast_head":"<!-- This site is optimized with the Yoast SEO plugin v27.1.1 - https:\/\/yoast.com\/product\/yoast-seo-wordpress\/ -->\n<title>Official Raspberry Pi Menn\u00e4 \u2022 RaspberryPi.dk<\/title>\n<meta name=\"robots\" content=\"index, follow, max-snippet:-1, max-image-preview:large, max-video-preview:-1\" \/>\n<link rel=\"canonical\" href=\"https:\/\/raspberrypi.dk\/fi\/tuote\/officiel-raspberry-pi-mennae\/\" \/>\n<meta property=\"og:locale\" content=\"fi_FI\" \/>\n<meta property=\"og:type\" content=\"article\" \/>\n<meta property=\"og:title\" content=\"Official Raspberry Pi Menn\u00e4 \u2022 RaspberryPi.dk\" \/>\n<meta property=\"og:description\" content=\"Virallinen Raspberry Pi -hiiri. Saatavana punaisena\/valkoisena tai mustana\/harmaana.\" \/>\n<meta property=\"og:url\" content=\"https:\/\/raspberrypi.dk\/fi\/tuote\/officiel-raspberry-pi-mennae\/\" \/>\n<meta property=\"og:site_name\" content=\"RaspberryPi.dk\" \/>\n<meta property=\"article:publisher\" content=\"https:\/\/facebook.com\/RaspberryPiDanmark\" \/>\n<meta property=\"article:modified_time\" content=\"2026-04-05T12:47:02+00:00\" \/>\n<meta property=\"og:image\" content=\"https:\/\/raspberrypi.dk\/wp-content\/uploads\/2020\/07\/raspberry-pi-mouse.jpg\" \/>\n\t<meta property=\"og:image:width\" content=\"500\" \/>\n\t<meta property=\"og:image:height\" content=\"500\" \/>\n\t<meta property=\"og:image:type\" content=\"image\/jpeg\" \/>\n<meta name=\"twitter:card\" content=\"summary_large_image\" \/>\n<meta name=\"twitter:site\" content=\"@raspberrypidk\" \/>\n<meta name=\"twitter:label1\" content=\"Arvioitu lukuaika\" \/>\n\t<meta name=\"twitter:data1\" content=\"2 minuuttia\" \/>\n<script type=\"application\/ld+json\" class=\"yoast-schema-graph\">{\"@context\":\"https:\/\/schema.org\",\"@graph\":[{\"@type\":\"WebPage\",\"@id\":\"https:\/\/raspberrypi.dk\/fi\/tuote\/officiel-raspberry-pi-mennae\/\",\"url\":\"https:\/\/raspberrypi.dk\/fi\/tuote\/officiel-raspberry-pi-mennae\/\",\"name\":\"Official Raspberry Pi Menn\u00e4 \u2022 RaspberryPi.dk\",\"isPartOf\":{\"@id\":\"https:\/\/raspberrypi.dk\/fi\/#website\"},\"primaryImageOfPage\":{\"@id\":\"https:\/\/raspberrypi.dk\/fi\/tuote\/officiel-raspberry-pi-mennae\/#primaryimage\"},\"image\":{\"@id\":\"https:\/\/raspberrypi.dk\/fi\/tuote\/officiel-raspberry-pi-mennae\/#primaryimage\"},\"thumbnailUrl\":\"https:\/\/raspberrypi.dk\/wp-content\/uploads\/2020\/07\/raspberry-pi-mouse.jpg\",\"datePublished\":\"2020-07-07T12:19:28+00:00\",\"dateModified\":\"2026-04-05T12:47:02+00:00\",\"breadcrumb\":{\"@id\":\"https:\/\/raspberrypi.dk\/fi\/tuote\/officiel-raspberry-pi-mennae\/#breadcrumb\"},\"inLanguage\":\"fi\",\"potentialAction\":[{\"@type\":\"ReadAction\",\"target\":[\"https:\/\/raspberrypi.dk\/fi\/tuote\/officiel-raspberry-pi-mennae\/\"]}]},{\"@type\":\"ImageObject\",\"inLanguage\":\"fi\",\"@id\":\"https:\/\/raspberrypi.dk\/fi\/tuote\/officiel-raspberry-pi-mennae\/#primaryimage\",\"url\":\"https:\/\/raspberrypi.dk\/wp-content\/uploads\/2020\/07\/raspberry-pi-mouse.jpg\",\"contentUrl\":\"https:\/\/raspberrypi.dk\/wp-content\/uploads\/2020\/07\/raspberry-pi-mouse.jpg\",\"width\":500,\"height\":500,\"caption\":\"raspberry pi usb mouse\"},{\"@type\":\"BreadcrumbList\",\"@id\":\"https:\/\/raspberrypi.dk\/fi\/tuote\/officiel-raspberry-pi-mennae\/#breadcrumb\",\"itemListElement\":[{\"@type\":\"ListItem\",\"position\":1,\"name\":\"Hjem\",\"item\":\"https:\/\/raspberrypi.dk\/fi\/raspberry-pi-verkkokauppa\/\"},{\"@type\":\"ListItem\",\"position\":2,\"name\":\"Shop\",\"item\":\"https:\/\/raspberrypi.dk\/fi\/shop-2\/\"},{\"@type\":\"ListItem\",\"position\":3,\"name\":\"Official Raspberry Pi Menn\u00e4\"}]},{\"@type\":\"WebSite\",\"@id\":\"https:\/\/raspberrypi.dk\/fi\/#website\",\"url\":\"https:\/\/raspberrypi.dk\/fi\/\",\"name\":\"RaspberryPi.dk\",\"description\":\"Danmarks f\u00f8rende Raspberry Pi side!\",\"publisher\":{\"@id\":\"https:\/\/raspberrypi.dk\/fi\/#organization\"},\"potentialAction\":[{\"@type\":\"SearchAction\",\"target\":{\"@type\":\"EntryPoint\",\"urlTemplate\":\"https:\/\/raspberrypi.dk\/fi\/?s={search_term_string}\"},\"query-input\":{\"@type\":\"PropertyValueSpecification\",\"valueRequired\":true,\"valueName\":\"search_term_string\"}}],\"inLanguage\":\"fi\"},{\"@type\":\"Organization\",\"@id\":\"https:\/\/raspberrypi.dk\/fi\/#organization\",\"name\":\"RaspberryPi.dk\",\"url\":\"https:\/\/raspberrypi.dk\/fi\/\",\"logo\":{\"@type\":\"ImageObject\",\"inLanguage\":\"fi\",\"@id\":\"https:\/\/raspberrypi.dk\/fi\/#\/schema\/logo\/image\/\",\"url\":\"https:\/\/raspberrypi.dk\/wp-content\/uploads\/2017\/05\/RaspberryPidk_logo-2.png\",\"contentUrl\":\"https:\/\/raspberrypi.dk\/wp-content\/uploads\/2017\/05\/RaspberryPidk_logo-2.png\",\"width\":470,\"height\":110,\"caption\":\"RaspberryPi.dk\"},\"image\":{\"@id\":\"https:\/\/raspberrypi.dk\/fi\/#\/schema\/logo\/image\/\"},\"sameAs\":[\"https:\/\/facebook.com\/RaspberryPiDanmark\",\"https:\/\/x.com\/raspberrypidk\",\"https:\/\/instagram.com\/raspberrypi.dk\"]}]}<\/script>\n<!-- \/ Yoast SEO plugin. -->","yoast_head_json":{"title":"Official Raspberry Pi Menn\u00e4 \u2022 RaspberryPi.dk","robots":{"index":"index","follow":"follow","max-snippet":"max-snippet:-1","max-image-preview":"max-image-preview:large","max-video-preview":"max-video-preview:-1"},"canonical":"https:\/\/raspberrypi.dk\/fi\/tuote\/officiel-raspberry-pi-mennae\/","og_locale":"fi_FI","og_type":"article","og_title":"Official Raspberry Pi Menn\u00e4 \u2022 RaspberryPi.dk","og_description":"Virallinen Raspberry Pi -hiiri. Saatavana punaisena\/valkoisena tai mustana\/harmaana.","og_url":"https:\/\/raspberrypi.dk\/fi\/tuote\/officiel-raspberry-pi-mennae\/","og_site_name":"RaspberryPi.dk","article_publisher":"https:\/\/facebook.com\/RaspberryPiDanmark","article_modified_time":"2026-04-05T12:47:02+00:00","og_image":[{"width":500,"height":500,"url":"https:\/\/raspberrypi.dk\/wp-content\/uploads\/2020\/07\/raspberry-pi-mouse.jpg","type":"image\/jpeg"}],"twitter_card":"summary_large_image","twitter_site":"@raspberrypidk","twitter_misc":{"Arvioitu lukuaika":"2 minuuttia"},"schema":{"@context":"https:\/\/schema.org","@graph":[{"@type":"WebPage","@id":"https:\/\/raspberrypi.dk\/fi\/tuote\/officiel-raspberry-pi-mennae\/","url":"https:\/\/raspberrypi.dk\/fi\/tuote\/officiel-raspberry-pi-mennae\/","name":"Official Raspberry Pi Menn\u00e4 \u2022 RaspberryPi.dk","isPartOf":{"@id":"https:\/\/raspberrypi.dk\/fi\/#website"},"primaryImageOfPage":{"@id":"https:\/\/raspberrypi.dk\/fi\/tuote\/officiel-raspberry-pi-mennae\/#primaryimage"},"image":{"@id":"https:\/\/raspberrypi.dk\/fi\/tuote\/officiel-raspberry-pi-mennae\/#primaryimage"},"thumbnailUrl":"https:\/\/raspberrypi.dk\/wp-content\/uploads\/2020\/07\/raspberry-pi-mouse.jpg","datePublished":"2020-07-07T12:19:28+00:00","dateModified":"2026-04-05T12:47:02+00:00","breadcrumb":{"@id":"https:\/\/raspberrypi.dk\/fi\/tuote\/officiel-raspberry-pi-mennae\/#breadcrumb"},"inLanguage":"fi","potentialAction":[{"@type":"ReadAction","target":["https:\/\/raspberrypi.dk\/fi\/tuote\/officiel-raspberry-pi-mennae\/"]}]},{"@type":"ImageObject","inLanguage":"fi","@id":"https:\/\/raspberrypi.dk\/fi\/tuote\/officiel-raspberry-pi-mennae\/#primaryimage","url":"https:\/\/raspberrypi.dk\/wp-content\/uploads\/2020\/07\/raspberry-pi-mouse.jpg","contentUrl":"https:\/\/raspberrypi.dk\/wp-content\/uploads\/2020\/07\/raspberry-pi-mouse.jpg","width":500,"height":500,"caption":"raspberry pi usb mouse"},{"@type":"BreadcrumbList","@id":"https:\/\/raspberrypi.dk\/fi\/tuote\/officiel-raspberry-pi-mennae\/#breadcrumb","itemListElement":[{"@type":"ListItem","position":1,"name":"Hjem","item":"https:\/\/raspberrypi.dk\/fi\/raspberry-pi-verkkokauppa\/"},{"@type":"ListItem","position":2,"name":"Shop","item":"https:\/\/raspberrypi.dk\/fi\/shop-2\/"},{"@type":"ListItem","position":3,"name":"Official Raspberry Pi Menn\u00e4"}]},{"@type":"WebSite","@id":"https:\/\/raspberrypi.dk\/fi\/#website","url":"https:\/\/raspberrypi.dk\/fi\/","name":"RaspberryPi.dk","description":"Danmarks f\u00f8rende Raspberry Pi side!","publisher":{"@id":"https:\/\/raspberrypi.dk\/fi\/#organization"},"potentialAction":[{"@type":"SearchAction","target":{"@type":"EntryPoint","urlTemplate":"https:\/\/raspberrypi.dk\/fi\/?s={search_term_string}"},"query-input":{"@type":"PropertyValueSpecification","valueRequired":true,"valueName":"search_term_string"}}],"inLanguage":"fi"},{"@type":"Organization","@id":"https:\/\/raspberrypi.dk\/fi\/#organization","name":"RaspberryPi.dk","url":"https:\/\/raspberrypi.dk\/fi\/","logo":{"@type":"ImageObject","inLanguage":"fi","@id":"https:\/\/raspberrypi.dk\/fi\/#\/schema\/logo\/image\/","url":"https:\/\/raspberrypi.dk\/wp-content\/uploads\/2017\/05\/RaspberryPidk_logo-2.png","contentUrl":"https:\/\/raspberrypi.dk\/wp-content\/uploads\/2017\/05\/RaspberryPidk_logo-2.png","width":470,"height":110,"caption":"RaspberryPi.dk"},"image":{"@id":"https:\/\/raspberrypi.dk\/fi\/#\/schema\/logo\/image\/"},"sameAs":["https:\/\/facebook.com\/RaspberryPiDanmark","https:\/\/x.com\/raspberrypidk","https:\/\/instagram.com\/raspberrypi.dk"]}]}},"_links":{"self":[{"href":"https:\/\/raspberrypi.dk\/fi\/wp-json\/wp\/v2\/product\/221410","targetHints":{"allow":["GET"]}}],"collection":[{"href":"https:\/\/raspberrypi.dk\/fi\/wp-json\/wp\/v2\/product"}],"about":[{"href":"https:\/\/raspberrypi.dk\/fi\/wp-json\/wp\/v2\/types\/product"}],"replies":[{"embeddable":true,"href":"https:\/\/raspberrypi.dk\/fi\/wp-json\/wp\/v2\/comments?post=221410"}],"wp:featuredmedia":[{"embeddable":true,"href":"https:\/\/raspberrypi.dk\/fi\/wp-json\/wp\/v2\/media\/221411"}],"wp:attachment":[{"href":"https:\/\/raspberrypi.dk\/fi\/wp-json\/wp\/v2\/media?parent=221410"}],"wp:term":[{"taxonomy":"product_brand","embeddable":true,"href":"https:\/\/raspberrypi.dk\/fi\/wp-json\/wp\/v2\/product_brand?post=221410"},{"taxonomy":"product_cat","embeddable":true,"href":"https:\/\/raspberrypi.dk\/fi\/wp-json\/wp\/v2\/product_cat?post=221410"},{"taxonomy":"product_tag","embeddable":true,"href":"https:\/\/raspberrypi.dk\/fi\/wp-json\/wp\/v2\/product_tag?post=221410"}],"curies":[{"name":"wp","href":"https:\/\/api.w.org\/{rel}","templated":true}]}}