{"id":221418,"date":"2020-07-01T14:07:01","date_gmt":"2020-07-01T12:07:01","guid":{"rendered":"https:\/\/raspberrypi.dk\/produkt\/google-coral-usb-accelerator\/"},"modified":"2026-03-03T18:33:39","modified_gmt":"2026-03-03T17:33:39","slug":"google-coral-usb-accelerator","status":"publish","type":"product","link":"https:\/\/raspberrypi.dk\/fi\/tuote\/google-coral-usb-accelerator\/","title":{"rendered":"Google Coral USB Accelerator"},"content":{"rendered":"<div class=\"product-long-description secondary-headline color-battleship-grey\">\n<section class=\"module show\" data-module-type=\"text\">\n<div class=\"grid-container\">\n<div class=\"row\">\n<div class=\"col-mobile-14 col-mobile-offset-1 col-tablet-30 col-small-desktop-28 col-desktop-28 col-tablet-offset-1 col-small-desktop-offset-2 col-desktop-offset-2 text-align-left module-text-copy\">\n<div class=\"markdown-container\">\n<p class=\" body-copy mk-paragraph\">The Coral USB Accelerator adds an Edge TPU coprocessor to your system, enabling high-speed machine learning inferencing on a wide range of systems, simply by connecting it to a USB port.<\/p>\n<h3 id=\"performs-high-speed-ml-inferencing\" class=\" small-headline mk-heading\">Performs high-speed ML inferencing<i class=\"material-icons icon-link\"><\/i><\/h3>\n<p class=\" body-copy mk-paragraph\">The on-board Edge TPU coprocessor is capable of performing 4 trillion operations (tera-operations) per second (TOPS), using 0.5 watts for each TOPS (2 TOPS per watt). For example, it can execute state-of-the-art mobile vision models such as MobileNet v2 at 400 FPS, in a power efficient manner.\u00a0<a class=\"mk-link\" href=\"https:\/\/coral.ai\/docs\/edgetpu\/benchmarks\/\">See more performance benchmarks<\/a>.<\/p>\n<h3 id=\"supports-all-major-platforms\" class=\" small-headline mk-heading\">Supports all major platforms<i class=\"material-icons icon-link\"><\/i><\/h3>\n<p class=\" body-copy mk-paragraph\">Connects via USB to any system running Debian Linux (including Raspberry Pi), macOS, or Windows 10.<\/p>\n<h3 id=\"supports-tensorflow-lite\" class=\" small-headline mk-heading\">Supports TensorFlow Lite<i class=\"material-icons icon-link\"><\/i><\/h3>\n<p class=\" body-copy mk-paragraph\">No need to build models from the ground up.\u00a0<a class=\"mk-link\" href=\"https:\/\/www.tensorflow.org\/lite\" target=\"_blank\" rel=\"noopener noreferrer\">TensorFlow Lite<\/a>\u00a0models can be compiled to run on the Edge TPU.<\/p>\n<h3 id=\"supports-automl-vision-edge\" class=\" small-headline mk-heading\">Supports AutoML Vision Edge<i class=\"material-icons icon-link\"><\/i><\/h3>\n<p class=\" body-copy mk-paragraph\">Easily build and deploy fast, high-accuracy custom image classification models to your device with\u00a0<a class=\"mk-link\" href=\"https:\/\/cloud.google.com\/vision\/automl\/docs\/edge-quickstart\" target=\"_blank\" rel=\"noopener noreferrer\">AutoML Vision Edge<\/a>.<\/p>\n<h2 id=\"tech-specs\" class=\" section-headline mk-heading\">Tech specs<i class=\"material-icons icon-link\"><\/i><\/h2>\n<table class=\"table-group-table\">\n<tbody>\n<tr>\n<td class=\"bold col-mobile-6 col-tablet-8 col-small-desktop-7 col-desktop-8\">ML accelerator<\/td>\n<td>Google Edge TPU coprocessor<\/td>\n<\/tr>\n<tr>\n<td class=\"bold col-mobile-6 col-tablet-8 col-small-desktop-7 col-desktop-8\">Connector<\/td>\n<td>USB 3.0 Type-C* (data\/power)<\/td>\n<\/tr>\n<tr>\n<td class=\"bold col-mobile-6 col-tablet-8 col-small-desktop-7 col-desktop-8\">Dimensions<\/td>\n<td>65 mm x 30 mm<\/td>\n<\/tr>\n<\/tbody>\n<\/table>\n<p class=\" body-copy mk-paragraph\">* Compatible with USB 2.0 but inferencing speed is much slower.<\/p>\n<\/div>\n<\/div>\n<\/div>\n<\/div>\n<\/section>\n<section class=\"module show\" data-module-type=\"text-group\">\n<div class=\"grid-container\">\n<div class=\"row\">\n<div class=\"col-mobile-14 col-mobile-offset-1 col-tablet-30 col-small-desktop-28 col-desktop-28 col-tablet-offset-1 col-small-desktop-offset-2 col-desktop-offset-2 text-align-left module-text-group-copy\">\n<div class=\"markdown-container\">\n<h2 id=\"documentation\" class=\" section-headline mk-heading\">Dokumentation<i class=\"material-icons icon-link\"><\/i><\/h2>\n<hr class=\"separator\" \/>\n<h3 id=\"datasheet\" class=\" small-headline mk-heading\">Datasheet<i class=\"material-icons icon-link\"><\/i><\/h3>\n<ul class=\" mk-list\">\n<li class=\" mk-list-item body-copy\"><a class=\"mk-link\" href=\"https:\/\/coral.ai\/docs\/accelerator\/datasheet\/\">USB Accelerator datasheet<\/a><\/li>\n<\/ul>\n<h3 id=\"application-notes\" class=\" small-headline mk-heading\">Application notes<i class=\"material-icons icon-link\"><\/i><\/h3>\n<ul class=\" mk-list\">\n<li class=\" mk-list-item body-copy\"><a class=\"mk-link\" href=\"https:\/\/coral.ai\/docs\/accelerator\/get-started\/\">Get started with the USB Accelerator<\/a><\/li>\n<\/ul>\n<\/div>\n<\/div>\n<\/div>\n<div class=\"module-text-group-modules\">\n<section class=\"module show\" data-module-type=\"text\">\n<div class=\"grid-container\">\n<div class=\"row\">\n<div class=\"col-mobile-14 col-mobile-offset-1 col-tablet-30 col-small-desktop-28 col-desktop-28 col-tablet-offset-1 col-small-desktop-offset-2 col-desktop-offset-2 text-align-left module-text-copy\">\n<div class=\"markdown-container\">\n<h3 id=\"software-guides\" class=\" small-headline mk-heading\">Software guides<i class=\"material-icons icon-link\"><\/i><\/h3>\n<ul class=\" mk-list\">\n<li class=\" mk-list-item body-copy\"><a class=\"mk-link\" href=\"https:\/\/coral.ai\/docs\/edgetpu\/models-intro\">Model compatibility on the Edge TPU<\/a><\/li>\n<li class=\" mk-list-item body-copy\"><a class=\"mk-link\" href=\"https:\/\/coral.ai\/docs\/edgetpu\/inference\/\">Edge TPU inferencing overview<\/a><\/li>\n<li class=\" mk-list-item body-copy\"><a class=\"mk-link\" href=\"https:\/\/coral.ai\/docs\/edgetpu\/multiple-edgetpu\/\">Run multiple models with multiple Edge TPUs<\/a><\/li>\n<li class=\" mk-list-item body-copy\"><a class=\"mk-link\" href=\"https:\/\/coral.ai\/docs\/edgetpu\/pipeline\/\">Pipeline a model with multiple Edge TPUs<\/a><\/li>\n<\/ul>\n<h3 id=\"downloads\" class=\" small-headline mk-heading\">Downloads<i class=\"material-icons icon-link\"><\/i><\/h3>\n<ul class=\" mk-list\">\n<li class=\" mk-list-item body-copy\"><a class=\"mk-link\" href=\"https:\/\/coral.ai\/docs\/edgetpu\/compiler\">Edge TPU compiler<\/a><\/li>\n<li class=\" mk-list-item body-copy\"><a class=\"mk-link\" href=\"https:\/\/coral.ai\/models\/\">Pre-compiled models<\/a><\/li>\n<li class=\" mk-list-item body-copy\"><a class=\"mk-link\" href=\"https:\/\/coral.ai\/software\">All software downloads<\/a><\/li>\n<\/ul>\n<\/div>\n<\/div>\n<\/div>\n<\/div>\n<\/section>\n<\/div>\n<\/div>\n<\/section>\n<section class=\"module show\" data-module-type=\"text\">\n<div class=\"grid-container\">\n<div class=\"row\">\n<div class=\"col-mobile-14 col-mobile-offset-1 col-tablet-30 col-small-desktop-28 col-desktop-28 col-tablet-offset-1 col-small-desktop-offset-2 col-desktop-offset-2 text-align-left module-text-copy\"><\/div>\n<\/div>\n<\/div>\n<\/section>\n<\/div>\n","protected":false},"excerpt":{"rendered":"<p>USB-laite, joka tuo koneoppimisp\u00e4\u00e4telm\u00e4n olemassa oleviin j\u00e4rjestelmiin. Toimii Linux-, Mac- ja Windows-j\u00e4rjestelmien kanssa.<\/p>\n","protected":false},"featured_media":221419,"comment_status":"open","ping_status":"closed","template":"","meta":[],"product_brand":[],"product_cat":[751],"product_tag":[719,718],"class_list":{"0":"post-221418","1":"product","2":"type-product","3":"status-publish","4":"has-post-thumbnail","6":"product_cat-usb-tarvikkeet","7":"product_tag-rpi4-fi","8":"product_tag-rpi5-fi","10":"first","11":"outofstock","12":"taxable","13":"shipping-taxable","14":"purchasable","15":"product-type-simple"},"composite_virtual":false,"composite_layout":"","composite_add_to_cart_form_location":"","composite_editable_in_cart":false,"composite_sold_individually_context":"","composite_shop_price_calc":"","composite_components":[],"composite_scenarios":[],"bundled_by":[],"bundle_stock_status":"outofstock","bundle_stock_quantity":0,"bundle_virtual":false,"bundle_layout":"","bundle_add_to_cart_form_location":"","bundle_editable_in_cart":false,"bundle_sold_individually_context":"","bundle_item_grouping":"","bundle_min_size":"","bundle_max_size":"","bundle_price":[],"bundled_items":[],"bundle_sell_ids":[],"yoast_head":"<!-- This site is optimized with the Yoast SEO plugin v27.1.1 - https:\/\/yoast.com\/product\/yoast-seo-wordpress\/ -->\n<title>Google Coral USB Accelerator \u2022 RaspberryPi.dk<\/title>\n<meta name=\"robots\" content=\"index, follow, max-snippet:-1, max-image-preview:large, max-video-preview:-1\" \/>\n<link rel=\"canonical\" href=\"https:\/\/raspberrypi.dk\/fi\/tuote\/google-coral-usb-accelerator\/\" \/>\n<meta property=\"og:locale\" content=\"fi_FI\" \/>\n<meta property=\"og:type\" content=\"article\" \/>\n<meta property=\"og:title\" content=\"Google Coral USB Accelerator \u2022 RaspberryPi.dk\" \/>\n<meta property=\"og:description\" content=\"USB-laite, joka tuo koneoppimisp\u00e4\u00e4telm\u00e4n olemassa oleviin j\u00e4rjestelmiin. Toimii Linux-, Mac- ja Windows-j\u00e4rjestelmien kanssa.\" \/>\n<meta property=\"og:url\" content=\"https:\/\/raspberrypi.dk\/fi\/tuote\/google-coral-usb-accelerator\/\" \/>\n<meta property=\"og:site_name\" content=\"RaspberryPi.dk\" \/>\n<meta property=\"article:publisher\" content=\"https:\/\/facebook.com\/RaspberryPiDanmark\" \/>\n<meta property=\"article:modified_time\" content=\"2026-03-03T17:33:39+00:00\" \/>\n<meta property=\"og:image\" content=\"https:\/\/raspberrypi.dk\/wp-content\/uploads\/2020\/07\/google-coral-usb-accelerator.jpg\" \/>\n\t<meta property=\"og:image:width\" content=\"800\" \/>\n\t<meta property=\"og:image:height\" content=\"800\" \/>\n\t<meta property=\"og:image:type\" content=\"image\/jpeg\" \/>\n<meta name=\"twitter:card\" content=\"summary_large_image\" \/>\n<meta name=\"twitter:site\" content=\"@raspberrypidk\" \/>\n<meta name=\"twitter:label1\" content=\"Arvioitu lukuaika\" \/>\n\t<meta name=\"twitter:data1\" content=\"2 minuuttia\" \/>\n<script type=\"application\/ld+json\" class=\"yoast-schema-graph\">{\"@context\":\"https:\/\/schema.org\",\"@graph\":[{\"@type\":\"WebPage\",\"@id\":\"https:\/\/raspberrypi.dk\/fi\/tuote\/google-coral-usb-accelerator\/\",\"url\":\"https:\/\/raspberrypi.dk\/fi\/tuote\/google-coral-usb-accelerator\/\",\"name\":\"Google Coral USB Accelerator \u2022 RaspberryPi.dk\",\"isPartOf\":{\"@id\":\"https:\/\/raspberrypi.dk\/fi\/#website\"},\"primaryImageOfPage\":{\"@id\":\"https:\/\/raspberrypi.dk\/fi\/tuote\/google-coral-usb-accelerator\/#primaryimage\"},\"image\":{\"@id\":\"https:\/\/raspberrypi.dk\/fi\/tuote\/google-coral-usb-accelerator\/#primaryimage\"},\"thumbnailUrl\":\"https:\/\/raspberrypi.dk\/wp-content\/uploads\/2020\/07\/google-coral-usb-accelerator.jpg\",\"datePublished\":\"2020-07-01T12:07:01+00:00\",\"dateModified\":\"2026-03-03T17:33:39+00:00\",\"breadcrumb\":{\"@id\":\"https:\/\/raspberrypi.dk\/fi\/tuote\/google-coral-usb-accelerator\/#breadcrumb\"},\"inLanguage\":\"fi\",\"potentialAction\":[{\"@type\":\"ReadAction\",\"target\":[\"https:\/\/raspberrypi.dk\/fi\/tuote\/google-coral-usb-accelerator\/\"]}]},{\"@type\":\"ImageObject\",\"inLanguage\":\"fi\",\"@id\":\"https:\/\/raspberrypi.dk\/fi\/tuote\/google-coral-usb-accelerator\/#primaryimage\",\"url\":\"https:\/\/raspberrypi.dk\/wp-content\/uploads\/2020\/07\/google-coral-usb-accelerator.jpg\",\"contentUrl\":\"https:\/\/raspberrypi.dk\/wp-content\/uploads\/2020\/07\/google-coral-usb-accelerator.jpg\",\"width\":800,\"height\":800,\"caption\":\"google coral usb accelerator\"},{\"@type\":\"BreadcrumbList\",\"@id\":\"https:\/\/raspberrypi.dk\/fi\/tuote\/google-coral-usb-accelerator\/#breadcrumb\",\"itemListElement\":[{\"@type\":\"ListItem\",\"position\":1,\"name\":\"Hjem\",\"item\":\"https:\/\/raspberrypi.dk\/fi\/raspberry-pi-verkkokauppa\/\"},{\"@type\":\"ListItem\",\"position\":2,\"name\":\"Shop\",\"item\":\"https:\/\/raspberrypi.dk\/fi\/shop-2\/\"},{\"@type\":\"ListItem\",\"position\":3,\"name\":\"Google Coral USB Accelerator\"}]},{\"@type\":\"WebSite\",\"@id\":\"https:\/\/raspberrypi.dk\/fi\/#website\",\"url\":\"https:\/\/raspberrypi.dk\/fi\/\",\"name\":\"RaspberryPi.dk\",\"description\":\"Danmarks f\u00f8rende Raspberry Pi side!\",\"publisher\":{\"@id\":\"https:\/\/raspberrypi.dk\/fi\/#organization\"},\"potentialAction\":[{\"@type\":\"SearchAction\",\"target\":{\"@type\":\"EntryPoint\",\"urlTemplate\":\"https:\/\/raspberrypi.dk\/fi\/?s={search_term_string}\"},\"query-input\":{\"@type\":\"PropertyValueSpecification\",\"valueRequired\":true,\"valueName\":\"search_term_string\"}}],\"inLanguage\":\"fi\"},{\"@type\":\"Organization\",\"@id\":\"https:\/\/raspberrypi.dk\/fi\/#organization\",\"name\":\"RaspberryPi.dk\",\"url\":\"https:\/\/raspberrypi.dk\/fi\/\",\"logo\":{\"@type\":\"ImageObject\",\"inLanguage\":\"fi\",\"@id\":\"https:\/\/raspberrypi.dk\/fi\/#\/schema\/logo\/image\/\",\"url\":\"https:\/\/raspberrypi.dk\/wp-content\/uploads\/2017\/05\/RaspberryPidk_logo-2.png\",\"contentUrl\":\"https:\/\/raspberrypi.dk\/wp-content\/uploads\/2017\/05\/RaspberryPidk_logo-2.png\",\"width\":470,\"height\":110,\"caption\":\"RaspberryPi.dk\"},\"image\":{\"@id\":\"https:\/\/raspberrypi.dk\/fi\/#\/schema\/logo\/image\/\"},\"sameAs\":[\"https:\/\/facebook.com\/RaspberryPiDanmark\",\"https:\/\/x.com\/raspberrypidk\",\"https:\/\/instagram.com\/raspberrypi.dk\"]}]}<\/script>\n<!-- \/ Yoast SEO plugin. -->","yoast_head_json":{"title":"Google Coral USB Accelerator \u2022 RaspberryPi.dk","robots":{"index":"index","follow":"follow","max-snippet":"max-snippet:-1","max-image-preview":"max-image-preview:large","max-video-preview":"max-video-preview:-1"},"canonical":"https:\/\/raspberrypi.dk\/fi\/tuote\/google-coral-usb-accelerator\/","og_locale":"fi_FI","og_type":"article","og_title":"Google Coral USB Accelerator \u2022 RaspberryPi.dk","og_description":"USB-laite, joka tuo koneoppimisp\u00e4\u00e4telm\u00e4n olemassa oleviin j\u00e4rjestelmiin. Toimii Linux-, Mac- ja Windows-j\u00e4rjestelmien kanssa.","og_url":"https:\/\/raspberrypi.dk\/fi\/tuote\/google-coral-usb-accelerator\/","og_site_name":"RaspberryPi.dk","article_publisher":"https:\/\/facebook.com\/RaspberryPiDanmark","article_modified_time":"2026-03-03T17:33:39+00:00","og_image":[{"width":800,"height":800,"url":"https:\/\/raspberrypi.dk\/wp-content\/uploads\/2020\/07\/google-coral-usb-accelerator.jpg","type":"image\/jpeg"}],"twitter_card":"summary_large_image","twitter_site":"@raspberrypidk","twitter_misc":{"Arvioitu lukuaika":"2 minuuttia"},"schema":{"@context":"https:\/\/schema.org","@graph":[{"@type":"WebPage","@id":"https:\/\/raspberrypi.dk\/fi\/tuote\/google-coral-usb-accelerator\/","url":"https:\/\/raspberrypi.dk\/fi\/tuote\/google-coral-usb-accelerator\/","name":"Google Coral USB Accelerator \u2022 RaspberryPi.dk","isPartOf":{"@id":"https:\/\/raspberrypi.dk\/fi\/#website"},"primaryImageOfPage":{"@id":"https:\/\/raspberrypi.dk\/fi\/tuote\/google-coral-usb-accelerator\/#primaryimage"},"image":{"@id":"https:\/\/raspberrypi.dk\/fi\/tuote\/google-coral-usb-accelerator\/#primaryimage"},"thumbnailUrl":"https:\/\/raspberrypi.dk\/wp-content\/uploads\/2020\/07\/google-coral-usb-accelerator.jpg","datePublished":"2020-07-01T12:07:01+00:00","dateModified":"2026-03-03T17:33:39+00:00","breadcrumb":{"@id":"https:\/\/raspberrypi.dk\/fi\/tuote\/google-coral-usb-accelerator\/#breadcrumb"},"inLanguage":"fi","potentialAction":[{"@type":"ReadAction","target":["https:\/\/raspberrypi.dk\/fi\/tuote\/google-coral-usb-accelerator\/"]}]},{"@type":"ImageObject","inLanguage":"fi","@id":"https:\/\/raspberrypi.dk\/fi\/tuote\/google-coral-usb-accelerator\/#primaryimage","url":"https:\/\/raspberrypi.dk\/wp-content\/uploads\/2020\/07\/google-coral-usb-accelerator.jpg","contentUrl":"https:\/\/raspberrypi.dk\/wp-content\/uploads\/2020\/07\/google-coral-usb-accelerator.jpg","width":800,"height":800,"caption":"google coral usb accelerator"},{"@type":"BreadcrumbList","@id":"https:\/\/raspberrypi.dk\/fi\/tuote\/google-coral-usb-accelerator\/#breadcrumb","itemListElement":[{"@type":"ListItem","position":1,"name":"Hjem","item":"https:\/\/raspberrypi.dk\/fi\/raspberry-pi-verkkokauppa\/"},{"@type":"ListItem","position":2,"name":"Shop","item":"https:\/\/raspberrypi.dk\/fi\/shop-2\/"},{"@type":"ListItem","position":3,"name":"Google Coral USB Accelerator"}]},{"@type":"WebSite","@id":"https:\/\/raspberrypi.dk\/fi\/#website","url":"https:\/\/raspberrypi.dk\/fi\/","name":"RaspberryPi.dk","description":"Danmarks f\u00f8rende Raspberry Pi side!","publisher":{"@id":"https:\/\/raspberrypi.dk\/fi\/#organization"},"potentialAction":[{"@type":"SearchAction","target":{"@type":"EntryPoint","urlTemplate":"https:\/\/raspberrypi.dk\/fi\/?s={search_term_string}"},"query-input":{"@type":"PropertyValueSpecification","valueRequired":true,"valueName":"search_term_string"}}],"inLanguage":"fi"},{"@type":"Organization","@id":"https:\/\/raspberrypi.dk\/fi\/#organization","name":"RaspberryPi.dk","url":"https:\/\/raspberrypi.dk\/fi\/","logo":{"@type":"ImageObject","inLanguage":"fi","@id":"https:\/\/raspberrypi.dk\/fi\/#\/schema\/logo\/image\/","url":"https:\/\/raspberrypi.dk\/wp-content\/uploads\/2017\/05\/RaspberryPidk_logo-2.png","contentUrl":"https:\/\/raspberrypi.dk\/wp-content\/uploads\/2017\/05\/RaspberryPidk_logo-2.png","width":470,"height":110,"caption":"RaspberryPi.dk"},"image":{"@id":"https:\/\/raspberrypi.dk\/fi\/#\/schema\/logo\/image\/"},"sameAs":["https:\/\/facebook.com\/RaspberryPiDanmark","https:\/\/x.com\/raspberrypidk","https:\/\/instagram.com\/raspberrypi.dk"]}]}},"_links":{"self":[{"href":"https:\/\/raspberrypi.dk\/fi\/wp-json\/wp\/v2\/product\/221418","targetHints":{"allow":["GET"]}}],"collection":[{"href":"https:\/\/raspberrypi.dk\/fi\/wp-json\/wp\/v2\/product"}],"about":[{"href":"https:\/\/raspberrypi.dk\/fi\/wp-json\/wp\/v2\/types\/product"}],"replies":[{"embeddable":true,"href":"https:\/\/raspberrypi.dk\/fi\/wp-json\/wp\/v2\/comments?post=221418"}],"wp:featuredmedia":[{"embeddable":true,"href":"https:\/\/raspberrypi.dk\/fi\/wp-json\/wp\/v2\/media\/221419"}],"wp:attachment":[{"href":"https:\/\/raspberrypi.dk\/fi\/wp-json\/wp\/v2\/media?parent=221418"}],"wp:term":[{"taxonomy":"product_brand","embeddable":true,"href":"https:\/\/raspberrypi.dk\/fi\/wp-json\/wp\/v2\/product_brand?post=221418"},{"taxonomy":"product_cat","embeddable":true,"href":"https:\/\/raspberrypi.dk\/fi\/wp-json\/wp\/v2\/product_cat?post=221418"},{"taxonomy":"product_tag","embeddable":true,"href":"https:\/\/raspberrypi.dk\/fi\/wp-json\/wp\/v2\/product_tag?post=221418"}],"curies":[{"name":"wp","href":"https:\/\/api.w.org\/{rel}","templated":true}]}}